{"id":43443,"date":"2024-03-26T08:17:17","date_gmt":"2024-03-26T07:17:17","guid":{"rendered":""},"modified":"2025-10-17T10:00:22","modified_gmt":"2025-10-17T10:00:22","slug":"tondeuse-a-gazon-40-v-kg753","status":"publish","type":"product","link":"https:\/\/www.kress.com\/fr-ca\/tondeuse-a-gazon-40-v-kg753\/","title":{"rendered":"tondeuse \u00e0 gazon 40 V"},"content":{"rendered":"<p>Le KG753 d\u00e9livre une puissance de 1,2 kW sans balais \u00e0 travers un g\u00e9n\u00e9reux carter de coupe de 21&#8243;, avec une plage de hauteur de 1,5&#8243; \u00e0 4,0&#8243; pour une coupe adapt\u00e9e et pr\u00e9cise. La construction l\u00e9g\u00e8re en polym\u00e8re \u00e9quilibre la durabilit\u00e9 et la maniabilit\u00e9, tandis que la fonctionnalit\u00e9 3 en 1 &#8211; broyage, ensachage ou \u00e9jection arri\u00e8re &#8211; s&#8217;adapte \u00e0 votre style de tonte. Couvre jusqu&#8217;\u00e0 \u00bc d&#8217;acre en toute confiance.<\/p>\n","protected":false},"excerpt":{"rendered":"<p>Le KG753 d\u00e9livre une puissance de 1,2 kW sans balais \u00e0 travers un g\u00e9n\u00e9reux carter de coupe de 21&#8243;, avec une plage de hauteur de 1,5&#8243; \u00e0 4,0&#8243; pour une coupe adapt\u00e9e et pr\u00e9cise. La construction l\u00e9g\u00e8re en polym\u00e8re \u00e9quilibre la durabilit\u00e9 et la maniabilit\u00e9, tandis que la fonctionnalit\u00e9 3 en 1 &#8211; broyage, ensachage [&hellip;]<\/p>\n","protected":false},"featured_media":414040,"template":"","meta":{"_acf_changed":false},"product_brand":[],"product_cat":[],"product_tag":[],"class_list":{"0":"post-43443","1":"product","2":"type-product","3":"status-publish","4":"has-post-thumbnail","7":"first","8":"instock","9":"shipping-taxable","10":"purchasable","11":"product-type-simple"},"acf":[],"yoast_head":"<!-- This site is optimized with the Yoast SEO Premium plugin v26.5 (Yoast SEO v27.0) - https:\/\/yoast.com\/product\/yoast-seo-premium-wordpress\/ -->\n<title>tondeuse \u00e0 gazon 40 V | Kress<\/title>\n<meta name=\"robots\" content=\"index, follow, max-snippet:-1, max-image-preview:large, max-video-preview:-1\" \/>\n<meta property=\"og:locale\" content=\"fr_CA\" \/>\n<meta property=\"og:type\" content=\"article\" \/>\n<meta property=\"og:title\" content=\"tondeuse \u00e0 gazon 40 V\" \/>\n<meta property=\"og:description\" content=\"Le KG753 d\u00e9livre une puissance de 1,2 kW sans balais \u00e0 travers un g\u00e9n\u00e9reux carter de coupe de 21&#8243;, avec une plage de hauteur de 1,5&#8243; \u00e0 4,0&#8243; pour une coupe adapt\u00e9e et pr\u00e9cise. La construction l\u00e9g\u00e8re en polym\u00e8re \u00e9quilibre la durabilit\u00e9 et la maniabilit\u00e9, tandis que la fonctionnalit\u00e9 3 en 1 &#8211; broyage, ensachage [&hellip;]\" \/>\n<meta property=\"og:url\" content=\"https:\/\/www.kress.com\/fr-ca\/tondeuse-a-gazon-40-v-kg753\/\" \/>\n<meta property=\"og:site_name\" content=\"Kress\" \/>\n<meta property=\"article:modified_time\" content=\"2025-10-17T10:00:22+00:00\" \/>\n<meta property=\"og:image\" content=\"https:\/\/www.kress.com\/wp-content\/uploads\/onpage\/op_image_d568f2709d2dda20aaa77a36084ec7998c7d5080.1980x.webp\" \/>\n\t<meta property=\"og:image:width\" content=\"1980\" \/>\n\t<meta property=\"og:image:height\" content=\"1980\" \/>\n\t<meta property=\"og:image:type\" content=\"image\/webp\" \/>\n<meta name=\"twitter:card\" content=\"summary_large_image\" \/>\n<script type=\"application\/ld+json\" class=\"yoast-schema-graph\">{\"@context\":\"https:\/\/schema.org\",\"@graph\":[{\"@type\":\"WebPage\",\"@id\":\"https:\/\/www.kress.com\/fr-ca\/tondeuse-a-gazon-40-v-kg753\/\",\"url\":\"https:\/\/www.kress.com\/fr-ca\/tondeuse-a-gazon-40-v-kg753\/\",\"name\":\"tondeuse \u00e0 gazon 40 V | Kress\",\"isPartOf\":{\"@id\":\"https:\/\/www.kress.com\/de-de\/#website\"},\"primaryImageOfPage\":{\"@id\":\"https:\/\/www.kress.com\/fr-ca\/tondeuse-a-gazon-40-v-kg753\/#primaryimage\"},\"image\":{\"@id\":\"https:\/\/www.kress.com\/fr-ca\/tondeuse-a-gazon-40-v-kg753\/#primaryimage\"},\"thumbnailUrl\":\"https:\/\/www.kress.com\/wp-content\/uploads\/onpage\/op_image_d568f2709d2dda20aaa77a36084ec7998c7d5080.1980x.webp\",\"datePublished\":\"2024-03-26T07:17:17+00:00\",\"dateModified\":\"2025-10-17T10:00:22+00:00\",\"breadcrumb\":{\"@id\":\"https:\/\/www.kress.com\/fr-ca\/tondeuse-a-gazon-40-v-kg753\/#breadcrumb\"},\"inLanguage\":\"fr-CA\",\"potentialAction\":[{\"@type\":\"ReadAction\",\"target\":[\"https:\/\/www.kress.com\/fr-ca\/tondeuse-a-gazon-40-v-kg753\/\"]}]},{\"@type\":\"ImageObject\",\"inLanguage\":\"fr-CA\",\"@id\":\"https:\/\/www.kress.com\/fr-ca\/tondeuse-a-gazon-40-v-kg753\/#primaryimage\",\"url\":\"https:\/\/www.kress.com\/wp-content\/uploads\/onpage\/op_image_d568f2709d2dda20aaa77a36084ec7998c7d5080.1980x.webp\",\"contentUrl\":\"https:\/\/www.kress.com\/wp-content\/uploads\/onpage\/op_image_d568f2709d2dda20aaa77a36084ec7998c7d5080.1980x.webp\",\"width\":1980,\"height\":1980},{\"@type\":\"BreadcrumbList\",\"@id\":\"https:\/\/www.kress.com\/fr-ca\/tondeuse-a-gazon-40-v-kg753\/#breadcrumb\",\"itemListElement\":[{\"@type\":\"ListItem\",\"position\":1,\"name\":\"Home\",\"item\":\"https:\/\/www.kress.com\/fr-ca\/\"},{\"@type\":\"ListItem\",\"position\":2,\"name\":\"Produits\",\"item\":\"https:\/\/www.kress.com\/fr-fr\/shop\/\"},{\"@type\":\"ListItem\",\"position\":3,\"name\":\"tondeuse \u00e0 gazon 40 V\"}]},{\"@type\":\"WebSite\",\"@id\":\"https:\/\/www.kress.com\/de-de\/#website\",\"url\":\"https:\/\/www.kress.com\/de-de\/\",\"name\":\"Kress\",\"description\":\"\",\"publisher\":{\"@id\":\"https:\/\/www.kress.com\/de-de\/#organization\"},\"potentialAction\":[{\"@type\":\"SearchAction\",\"target\":{\"@type\":\"EntryPoint\",\"urlTemplate\":\"https:\/\/www.kress.com\/de-de\/?s={search_term_string}\"},\"query-input\":{\"@type\":\"PropertyValueSpecification\",\"valueRequired\":true,\"valueName\":\"search_term_string\"}}],\"inLanguage\":\"fr-CA\"},{\"@type\":\"Organization\",\"@id\":\"https:\/\/www.kress.com\/de-de\/#organization\",\"name\":\"Kress\",\"url\":\"https:\/\/www.kress.com\/de-de\/\",\"logo\":{\"@type\":\"ImageObject\",\"inLanguage\":\"fr-CA\",\"@id\":\"https:\/\/www.kress.com\/de-de\/#\/schema\/logo\/image\/\",\"url\":\"https:\/\/www.kress.com\/wp-content\/uploads\/2024\/02\/logo.png\",\"contentUrl\":\"https:\/\/www.kress.com\/wp-content\/uploads\/2024\/02\/logo.png\",\"width\":696,\"height\":696,\"caption\":\"Kress\"},\"image\":{\"@id\":\"https:\/\/www.kress.com\/de-de\/#\/schema\/logo\/image\/\"}}]}<\/script>\n<!-- \/ Yoast SEO Premium plugin. -->","yoast_head_json":{"title":"tondeuse \u00e0 gazon 40 V | Kress","robots":{"index":"index","follow":"follow","max-snippet":"max-snippet:-1","max-image-preview":"max-image-preview:large","max-video-preview":"max-video-preview:-1"},"og_locale":"fr_CA","og_type":"article","og_title":"tondeuse \u00e0 gazon 40 V","og_description":"Le KG753 d\u00e9livre une puissance de 1,2 kW sans balais \u00e0 travers un g\u00e9n\u00e9reux carter de coupe de 21&#8243;, avec une plage de hauteur de 1,5&#8243; \u00e0 4,0&#8243; pour une coupe adapt\u00e9e et pr\u00e9cise. La construction l\u00e9g\u00e8re en polym\u00e8re \u00e9quilibre la durabilit\u00e9 et la maniabilit\u00e9, tandis que la fonctionnalit\u00e9 3 en 1 &#8211; broyage, ensachage [&hellip;]","og_url":"https:\/\/www.kress.com\/fr-ca\/tondeuse-a-gazon-40-v-kg753\/","og_site_name":"Kress","article_modified_time":"2025-10-17T10:00:22+00:00","og_image":[{"width":1980,"height":1980,"url":"https:\/\/www.kress.com\/wp-content\/uploads\/onpage\/op_image_d568f2709d2dda20aaa77a36084ec7998c7d5080.1980x.webp","type":"image\/webp"}],"twitter_card":"summary_large_image","schema":{"@context":"https:\/\/schema.org","@graph":[{"@type":"WebPage","@id":"https:\/\/www.kress.com\/fr-ca\/tondeuse-a-gazon-40-v-kg753\/","url":"https:\/\/www.kress.com\/fr-ca\/tondeuse-a-gazon-40-v-kg753\/","name":"tondeuse \u00e0 gazon 40 V | Kress","isPartOf":{"@id":"https:\/\/www.kress.com\/de-de\/#website"},"primaryImageOfPage":{"@id":"https:\/\/www.kress.com\/fr-ca\/tondeuse-a-gazon-40-v-kg753\/#primaryimage"},"image":{"@id":"https:\/\/www.kress.com\/fr-ca\/tondeuse-a-gazon-40-v-kg753\/#primaryimage"},"thumbnailUrl":"https:\/\/www.kress.com\/wp-content\/uploads\/onpage\/op_image_d568f2709d2dda20aaa77a36084ec7998c7d5080.1980x.webp","datePublished":"2024-03-26T07:17:17+00:00","dateModified":"2025-10-17T10:00:22+00:00","breadcrumb":{"@id":"https:\/\/www.kress.com\/fr-ca\/tondeuse-a-gazon-40-v-kg753\/#breadcrumb"},"inLanguage":"fr-CA","potentialAction":[{"@type":"ReadAction","target":["https:\/\/www.kress.com\/fr-ca\/tondeuse-a-gazon-40-v-kg753\/"]}]},{"@type":"ImageObject","inLanguage":"fr-CA","@id":"https:\/\/www.kress.com\/fr-ca\/tondeuse-a-gazon-40-v-kg753\/#primaryimage","url":"https:\/\/www.kress.com\/wp-content\/uploads\/onpage\/op_image_d568f2709d2dda20aaa77a36084ec7998c7d5080.1980x.webp","contentUrl":"https:\/\/www.kress.com\/wp-content\/uploads\/onpage\/op_image_d568f2709d2dda20aaa77a36084ec7998c7d5080.1980x.webp","width":1980,"height":1980},{"@type":"BreadcrumbList","@id":"https:\/\/www.kress.com\/fr-ca\/tondeuse-a-gazon-40-v-kg753\/#breadcrumb","itemListElement":[{"@type":"ListItem","position":1,"name":"Home","item":"https:\/\/www.kress.com\/fr-ca\/"},{"@type":"ListItem","position":2,"name":"Produits","item":"https:\/\/www.kress.com\/fr-fr\/shop\/"},{"@type":"ListItem","position":3,"name":"tondeuse \u00e0 gazon 40 V"}]},{"@type":"WebSite","@id":"https:\/\/www.kress.com\/de-de\/#website","url":"https:\/\/www.kress.com\/de-de\/","name":"Kress","description":"","publisher":{"@id":"https:\/\/www.kress.com\/de-de\/#organization"},"potentialAction":[{"@type":"SearchAction","target":{"@type":"EntryPoint","urlTemplate":"https:\/\/www.kress.com\/de-de\/?s={search_term_string}"},"query-input":{"@type":"PropertyValueSpecification","valueRequired":true,"valueName":"search_term_string"}}],"inLanguage":"fr-CA"},{"@type":"Organization","@id":"https:\/\/www.kress.com\/de-de\/#organization","name":"Kress","url":"https:\/\/www.kress.com\/de-de\/","logo":{"@type":"ImageObject","inLanguage":"fr-CA","@id":"https:\/\/www.kress.com\/de-de\/#\/schema\/logo\/image\/","url":"https:\/\/www.kress.com\/wp-content\/uploads\/2024\/02\/logo.png","contentUrl":"https:\/\/www.kress.com\/wp-content\/uploads\/2024\/02\/logo.png","width":696,"height":696,"caption":"Kress"},"image":{"@id":"https:\/\/www.kress.com\/de-de\/#\/schema\/logo\/image\/"}}]}},"_links":{"self":[{"href":"https:\/\/www.kress.com\/fr-ca\/wp-json\/wp\/v2\/product\/43443","targetHints":{"allow":["GET"]}}],"collection":[{"href":"https:\/\/www.kress.com\/fr-ca\/wp-json\/wp\/v2\/product"}],"about":[{"href":"https:\/\/www.kress.com\/fr-ca\/wp-json\/wp\/v2\/types\/product"}],"wp:featuredmedia":[{"embeddable":true,"href":"https:\/\/www.kress.com\/fr-ca\/wp-json\/wp\/v2\/media\/414040"}],"wp:attachment":[{"href":"https:\/\/www.kress.com\/fr-ca\/wp-json\/wp\/v2\/media?parent=43443"}],"wp:term":[{"taxonomy":"product_brand","embeddable":true,"href":"https:\/\/www.kress.com\/fr-ca\/wp-json\/wp\/v2\/product_brand?post=43443"},{"taxonomy":"product_cat","embeddable":true,"href":"https:\/\/www.kress.com\/fr-ca\/wp-json\/wp\/v2\/product_cat?post=43443"},{"taxonomy":"product_tag","embeddable":true,"href":"https:\/\/www.kress.com\/fr-ca\/wp-json\/wp\/v2\/product_tag?post=43443"}],"curies":[{"name":"wp","href":"https:\/\/api.w.org\/{rel}","templated":true}]}}