{"id":43387,"date":"2024-03-26T08:17:17","date_gmt":"2024-03-26T07:17:17","guid":{"rendered":""},"modified":"2025-10-17T10:00:22","modified_gmt":"2025-10-17T10:00:22","slug":"coupe-herbe-multi-attaches-60-v-de-qualite-professionnelle-kg164","status":"publish","type":"product","link":"https:\/\/www.kress.com\/fr-ca\/coupe-herbe-multi-attaches-60-v-de-qualite-professionnelle-kg164\/","title":{"rendered":"Coupe-herbe multi-attaches 60 V de qualit\u00e9 professionnelle"},"content":{"rendered":"<p>Le coupe-bordures haute performance Kress 60 V 16&#8243; est con\u00e7u pour l&#8217;entretien fr\u00e9quent du jardin par des professionnels. Ce coupe-bordures est \u00e9quip\u00e9 d&#8217;un puissant moteur sans balai de 1200 W qui offre la puissance des coupe-bordures \u00e0 essence sans les \u00e9missions et les inconv\u00e9nients des moteurs \u00e0 essence. Le fil de 0,095&#8243; d&#8217;\u00e9paisseur coupe en douceur l&#8217;herbe dense, tandis que la t\u00eate de coupe \u00e0 chargement rapide permet de rembobiner le fil sans effort et en quelques secondes. Cet outil est compatible avec plusieurs accessoires pour diff\u00e9rentes utilisations.<\/p>\n","protected":false},"excerpt":{"rendered":"<p>Le coupe-bordures haute performance Kress 60 V 16&#8243; est con\u00e7u pour l&#8217;entretien fr\u00e9quent du jardin par des professionnels. Ce coupe-bordures est \u00e9quip\u00e9 d&#8217;un puissant moteur sans balai de 1200 W qui offre la puissance des coupe-bordures \u00e0 essence sans les \u00e9missions et les inconv\u00e9nients des moteurs \u00e0 essence. Le fil de 0,095&#8243; d&#8217;\u00e9paisseur coupe en [&hellip;]<\/p>\n","protected":false},"featured_media":414016,"template":"","meta":{"_acf_changed":false},"product_brand":[],"product_cat":[],"product_tag":[],"class_list":{"0":"post-43387","1":"product","2":"type-product","3":"status-publish","4":"has-post-thumbnail","7":"first","8":"instock","9":"shipping-taxable","10":"purchasable","11":"product-type-simple"},"acf":[],"yoast_head":"<!-- This site is optimized with the Yoast SEO Premium plugin v26.5 (Yoast SEO v27.0) - https:\/\/yoast.com\/product\/yoast-seo-premium-wordpress\/ -->\n<title>Coupe-herbe multi-attaches 60 V de qualit\u00e9 professionnelle | Kress<\/title>\n<meta name=\"robots\" content=\"index, follow, max-snippet:-1, max-image-preview:large, max-video-preview:-1\" \/>\n<meta property=\"og:locale\" content=\"fr_CA\" \/>\n<meta property=\"og:type\" content=\"article\" \/>\n<meta property=\"og:title\" content=\"Coupe-herbe multi-attaches 60 V de qualit\u00e9 professionnelle\" \/>\n<meta property=\"og:description\" content=\"Le coupe-bordures haute performance Kress 60 V 16&#8243; est con\u00e7u pour l&#8217;entretien fr\u00e9quent du jardin par des professionnels. Ce coupe-bordures est \u00e9quip\u00e9 d&#8217;un puissant moteur sans balai de 1200 W qui offre la puissance des coupe-bordures \u00e0 essence sans les \u00e9missions et les inconv\u00e9nients des moteurs \u00e0 essence. Le fil de 0,095&#8243; d&#8217;\u00e9paisseur coupe en [&hellip;]\" \/>\n<meta property=\"og:url\" content=\"https:\/\/www.kress.com\/fr-ca\/coupe-herbe-multi-attaches-60-v-de-qualite-professionnelle-kg164\/\" \/>\n<meta property=\"og:site_name\" content=\"Kress\" \/>\n<meta property=\"article:modified_time\" content=\"2025-10-17T10:00:22+00:00\" \/>\n<meta property=\"og:image\" content=\"https:\/\/www.kress.com\/wp-content\/uploads\/onpage\/op_image_f668381d9b295f0ce98dcefd9be279faa204ffb9.1980x.webp\" \/>\n\t<meta property=\"og:image:width\" content=\"1980\" \/>\n\t<meta property=\"og:image:height\" content=\"1980\" \/>\n\t<meta property=\"og:image:type\" content=\"image\/webp\" \/>\n<meta name=\"twitter:card\" content=\"summary_large_image\" \/>\n<script type=\"application\/ld+json\" class=\"yoast-schema-graph\">{\"@context\":\"https:\/\/schema.org\",\"@graph\":[{\"@type\":\"WebPage\",\"@id\":\"https:\/\/www.kress.com\/fr-ca\/coupe-herbe-multi-attaches-60-v-de-qualite-professionnelle-kg164\/\",\"url\":\"https:\/\/www.kress.com\/fr-ca\/coupe-herbe-multi-attaches-60-v-de-qualite-professionnelle-kg164\/\",\"name\":\"Coupe-herbe multi-attaches 60 V de qualit\u00e9 professionnelle | Kress\",\"isPartOf\":{\"@id\":\"https:\/\/www.kress.com\/de-de\/#website\"},\"primaryImageOfPage\":{\"@id\":\"https:\/\/www.kress.com\/fr-ca\/coupe-herbe-multi-attaches-60-v-de-qualite-professionnelle-kg164\/#primaryimage\"},\"image\":{\"@id\":\"https:\/\/www.kress.com\/fr-ca\/coupe-herbe-multi-attaches-60-v-de-qualite-professionnelle-kg164\/#primaryimage\"},\"thumbnailUrl\":\"https:\/\/www.kress.com\/wp-content\/uploads\/onpage\/op_image_f668381d9b295f0ce98dcefd9be279faa204ffb9.1980x.webp\",\"datePublished\":\"2024-03-26T07:17:17+00:00\",\"dateModified\":\"2025-10-17T10:00:22+00:00\",\"breadcrumb\":{\"@id\":\"https:\/\/www.kress.com\/fr-ca\/coupe-herbe-multi-attaches-60-v-de-qualite-professionnelle-kg164\/#breadcrumb\"},\"inLanguage\":\"fr-CA\",\"potentialAction\":[{\"@type\":\"ReadAction\",\"target\":[\"https:\/\/www.kress.com\/fr-ca\/coupe-herbe-multi-attaches-60-v-de-qualite-professionnelle-kg164\/\"]}]},{\"@type\":\"ImageObject\",\"inLanguage\":\"fr-CA\",\"@id\":\"https:\/\/www.kress.com\/fr-ca\/coupe-herbe-multi-attaches-60-v-de-qualite-professionnelle-kg164\/#primaryimage\",\"url\":\"https:\/\/www.kress.com\/wp-content\/uploads\/onpage\/op_image_f668381d9b295f0ce98dcefd9be279faa204ffb9.1980x.webp\",\"contentUrl\":\"https:\/\/www.kress.com\/wp-content\/uploads\/onpage\/op_image_f668381d9b295f0ce98dcefd9be279faa204ffb9.1980x.webp\",\"width\":1980,\"height\":1980},{\"@type\":\"BreadcrumbList\",\"@id\":\"https:\/\/www.kress.com\/fr-ca\/coupe-herbe-multi-attaches-60-v-de-qualite-professionnelle-kg164\/#breadcrumb\",\"itemListElement\":[{\"@type\":\"ListItem\",\"position\":1,\"name\":\"Home\",\"item\":\"https:\/\/www.kress.com\/fr-ca\/\"},{\"@type\":\"ListItem\",\"position\":2,\"name\":\"Produits\",\"item\":\"https:\/\/www.kress.com\/fr-fr\/shop\/\"},{\"@type\":\"ListItem\",\"position\":3,\"name\":\"Coupe-herbe multi-attaches 60 V de qualit\u00e9 professionnelle\"}]},{\"@type\":\"WebSite\",\"@id\":\"https:\/\/www.kress.com\/de-de\/#website\",\"url\":\"https:\/\/www.kress.com\/de-de\/\",\"name\":\"Kress\",\"description\":\"\",\"publisher\":{\"@id\":\"https:\/\/www.kress.com\/de-de\/#organization\"},\"potentialAction\":[{\"@type\":\"SearchAction\",\"target\":{\"@type\":\"EntryPoint\",\"urlTemplate\":\"https:\/\/www.kress.com\/de-de\/?s={search_term_string}\"},\"query-input\":{\"@type\":\"PropertyValueSpecification\",\"valueRequired\":true,\"valueName\":\"search_term_string\"}}],\"inLanguage\":\"fr-CA\"},{\"@type\":\"Organization\",\"@id\":\"https:\/\/www.kress.com\/de-de\/#organization\",\"name\":\"Kress\",\"url\":\"https:\/\/www.kress.com\/de-de\/\",\"logo\":{\"@type\":\"ImageObject\",\"inLanguage\":\"fr-CA\",\"@id\":\"https:\/\/www.kress.com\/de-de\/#\/schema\/logo\/image\/\",\"url\":\"https:\/\/www.kress.com\/wp-content\/uploads\/2024\/02\/logo.png\",\"contentUrl\":\"https:\/\/www.kress.com\/wp-content\/uploads\/2024\/02\/logo.png\",\"width\":696,\"height\":696,\"caption\":\"Kress\"},\"image\":{\"@id\":\"https:\/\/www.kress.com\/de-de\/#\/schema\/logo\/image\/\"}}]}<\/script>\n<!-- \/ Yoast SEO Premium plugin. -->","yoast_head_json":{"title":"Coupe-herbe multi-attaches 60 V de qualit\u00e9 professionnelle | Kress","robots":{"index":"index","follow":"follow","max-snippet":"max-snippet:-1","max-image-preview":"max-image-preview:large","max-video-preview":"max-video-preview:-1"},"og_locale":"fr_CA","og_type":"article","og_title":"Coupe-herbe multi-attaches 60 V de qualit\u00e9 professionnelle","og_description":"Le coupe-bordures haute performance Kress 60 V 16&#8243; est con\u00e7u pour l&#8217;entretien fr\u00e9quent du jardin par des professionnels. Ce coupe-bordures est \u00e9quip\u00e9 d&#8217;un puissant moteur sans balai de 1200 W qui offre la puissance des coupe-bordures \u00e0 essence sans les \u00e9missions et les inconv\u00e9nients des moteurs \u00e0 essence. Le fil de 0,095&#8243; d&#8217;\u00e9paisseur coupe en [&hellip;]","og_url":"https:\/\/www.kress.com\/fr-ca\/coupe-herbe-multi-attaches-60-v-de-qualite-professionnelle-kg164\/","og_site_name":"Kress","article_modified_time":"2025-10-17T10:00:22+00:00","og_image":[{"width":1980,"height":1980,"url":"https:\/\/www.kress.com\/wp-content\/uploads\/onpage\/op_image_f668381d9b295f0ce98dcefd9be279faa204ffb9.1980x.webp","type":"image\/webp"}],"twitter_card":"summary_large_image","schema":{"@context":"https:\/\/schema.org","@graph":[{"@type":"WebPage","@id":"https:\/\/www.kress.com\/fr-ca\/coupe-herbe-multi-attaches-60-v-de-qualite-professionnelle-kg164\/","url":"https:\/\/www.kress.com\/fr-ca\/coupe-herbe-multi-attaches-60-v-de-qualite-professionnelle-kg164\/","name":"Coupe-herbe multi-attaches 60 V de qualit\u00e9 professionnelle | Kress","isPartOf":{"@id":"https:\/\/www.kress.com\/de-de\/#website"},"primaryImageOfPage":{"@id":"https:\/\/www.kress.com\/fr-ca\/coupe-herbe-multi-attaches-60-v-de-qualite-professionnelle-kg164\/#primaryimage"},"image":{"@id":"https:\/\/www.kress.com\/fr-ca\/coupe-herbe-multi-attaches-60-v-de-qualite-professionnelle-kg164\/#primaryimage"},"thumbnailUrl":"https:\/\/www.kress.com\/wp-content\/uploads\/onpage\/op_image_f668381d9b295f0ce98dcefd9be279faa204ffb9.1980x.webp","datePublished":"2024-03-26T07:17:17+00:00","dateModified":"2025-10-17T10:00:22+00:00","breadcrumb":{"@id":"https:\/\/www.kress.com\/fr-ca\/coupe-herbe-multi-attaches-60-v-de-qualite-professionnelle-kg164\/#breadcrumb"},"inLanguage":"fr-CA","potentialAction":[{"@type":"ReadAction","target":["https:\/\/www.kress.com\/fr-ca\/coupe-herbe-multi-attaches-60-v-de-qualite-professionnelle-kg164\/"]}]},{"@type":"ImageObject","inLanguage":"fr-CA","@id":"https:\/\/www.kress.com\/fr-ca\/coupe-herbe-multi-attaches-60-v-de-qualite-professionnelle-kg164\/#primaryimage","url":"https:\/\/www.kress.com\/wp-content\/uploads\/onpage\/op_image_f668381d9b295f0ce98dcefd9be279faa204ffb9.1980x.webp","contentUrl":"https:\/\/www.kress.com\/wp-content\/uploads\/onpage\/op_image_f668381d9b295f0ce98dcefd9be279faa204ffb9.1980x.webp","width":1980,"height":1980},{"@type":"BreadcrumbList","@id":"https:\/\/www.kress.com\/fr-ca\/coupe-herbe-multi-attaches-60-v-de-qualite-professionnelle-kg164\/#breadcrumb","itemListElement":[{"@type":"ListItem","position":1,"name":"Home","item":"https:\/\/www.kress.com\/fr-ca\/"},{"@type":"ListItem","position":2,"name":"Produits","item":"https:\/\/www.kress.com\/fr-fr\/shop\/"},{"@type":"ListItem","position":3,"name":"Coupe-herbe multi-attaches 60 V de qualit\u00e9 professionnelle"}]},{"@type":"WebSite","@id":"https:\/\/www.kress.com\/de-de\/#website","url":"https:\/\/www.kress.com\/de-de\/","name":"Kress","description":"","publisher":{"@id":"https:\/\/www.kress.com\/de-de\/#organization"},"potentialAction":[{"@type":"SearchAction","target":{"@type":"EntryPoint","urlTemplate":"https:\/\/www.kress.com\/de-de\/?s={search_term_string}"},"query-input":{"@type":"PropertyValueSpecification","valueRequired":true,"valueName":"search_term_string"}}],"inLanguage":"fr-CA"},{"@type":"Organization","@id":"https:\/\/www.kress.com\/de-de\/#organization","name":"Kress","url":"https:\/\/www.kress.com\/de-de\/","logo":{"@type":"ImageObject","inLanguage":"fr-CA","@id":"https:\/\/www.kress.com\/de-de\/#\/schema\/logo\/image\/","url":"https:\/\/www.kress.com\/wp-content\/uploads\/2024\/02\/logo.png","contentUrl":"https:\/\/www.kress.com\/wp-content\/uploads\/2024\/02\/logo.png","width":696,"height":696,"caption":"Kress"},"image":{"@id":"https:\/\/www.kress.com\/de-de\/#\/schema\/logo\/image\/"}}]}},"_links":{"self":[{"href":"https:\/\/www.kress.com\/fr-ca\/wp-json\/wp\/v2\/product\/43387","targetHints":{"allow":["GET"]}}],"collection":[{"href":"https:\/\/www.kress.com\/fr-ca\/wp-json\/wp\/v2\/product"}],"about":[{"href":"https:\/\/www.kress.com\/fr-ca\/wp-json\/wp\/v2\/types\/product"}],"wp:featuredmedia":[{"embeddable":true,"href":"https:\/\/www.kress.com\/fr-ca\/wp-json\/wp\/v2\/media\/414016"}],"wp:attachment":[{"href":"https:\/\/www.kress.com\/fr-ca\/wp-json\/wp\/v2\/media?parent=43387"}],"wp:term":[{"taxonomy":"product_brand","embeddable":true,"href":"https:\/\/www.kress.com\/fr-ca\/wp-json\/wp\/v2\/product_brand?post=43387"},{"taxonomy":"product_cat","embeddable":true,"href":"https:\/\/www.kress.com\/fr-ca\/wp-json\/wp\/v2\/product_cat?post=43387"},{"taxonomy":"product_tag","embeddable":true,"href":"https:\/\/www.kress.com\/fr-ca\/wp-json\/wp\/v2\/product_tag?post=43387"}],"curies":[{"name":"wp","href":"https:\/\/api.w.org\/{rel}","templated":true}]}}