{"id":42771,"date":"2024-03-26T08:17:14","date_gmt":"2024-03-26T08:17:14","guid":{"rendered":""},"modified":"2025-10-17T10:00:22","modified_gmt":"2025-10-17T10:00:22","slug":"batterie-cyberpack-nano-60-v-de-qualite-professionnelle-kac800","status":"publish","type":"product","link":"https:\/\/www.kress.com\/fr-ca\/batterie-cyberpack-nano-60-v-de-qualite-professionnelle-kac800\/","title":{"rendered":"Batterie CyberPack Nano 60 V de qualit\u00e9 professionnelle"},"content":{"rendered":"<p>La contrepartie de la batterie CyberPack 8 minutes KAC804 est la batterie compacte CyberPack Nano, essentielle pour les applications commerciales o\u00f9 la l\u00e9g\u00e8ret\u00e9 et la compacit\u00e9 sont essentielles. La batterie int\u00e8gre de mani\u00e8re transparente des technologies avanc\u00e9es telles que le Bluetooth et la gestion intelligente de la batterie.<\/p>\n","protected":false},"excerpt":{"rendered":"<p>La contrepartie de la batterie CyberPack 8 minutes KAC804 est la batterie compacte CyberPack Nano, essentielle pour les applications commerciales o\u00f9 la l\u00e9g\u00e8ret\u00e9 et la compacit\u00e9 sont essentielles. La batterie int\u00e8gre de mani\u00e8re transparente des technologies avanc\u00e9es telles que le Bluetooth et la gestion intelligente de la batterie.<\/p>\n","protected":false},"featured_media":410656,"template":"","meta":{"_acf_changed":false},"product_brand":[],"product_cat":[],"product_tag":[],"class_list":{"0":"post-42771","1":"product","2":"type-product","3":"status-publish","4":"has-post-thumbnail","7":"first","8":"instock","9":"shipping-taxable","10":"purchasable","11":"product-type-simple"},"acf":[],"yoast_head":"<!-- This site is optimized with the Yoast SEO Premium plugin v26.5 (Yoast SEO v27.0) - https:\/\/yoast.com\/product\/yoast-seo-premium-wordpress\/ -->\n<title>Batterie CyberPack Nano 60 V de qualit\u00e9 professionnelle | Kress<\/title>\n<meta name=\"robots\" content=\"index, follow, max-snippet:-1, max-image-preview:large, max-video-preview:-1\" \/>\n<meta property=\"og:locale\" content=\"fr_CA\" \/>\n<meta property=\"og:type\" content=\"article\" \/>\n<meta property=\"og:title\" content=\"Batterie CyberPack Nano 60 V de qualit\u00e9 professionnelle\" \/>\n<meta property=\"og:description\" content=\"La contrepartie de la batterie CyberPack 8 minutes KAC804 est la batterie compacte CyberPack Nano, essentielle pour les applications commerciales o\u00f9 la l\u00e9g\u00e8ret\u00e9 et la compacit\u00e9 sont essentielles. La batterie int\u00e8gre de mani\u00e8re transparente des technologies avanc\u00e9es telles que le Bluetooth et la gestion intelligente de la batterie.\" \/>\n<meta property=\"og:url\" content=\"https:\/\/www.kress.com\/fr-ca\/batterie-cyberpack-nano-60-v-de-qualite-professionnelle-kac800\/\" \/>\n<meta property=\"og:site_name\" content=\"Kress\" \/>\n<meta property=\"article:modified_time\" content=\"2025-10-17T10:00:22+00:00\" \/>\n<meta property=\"og:image\" content=\"https:\/\/www.kress.com\/wp-content\/uploads\/onpage\/op_image_3fabe15298dcf3bca7a9e31f2baae50a35dbc45b.1980x.webp\" \/>\n\t<meta property=\"og:image:width\" content=\"1980\" \/>\n\t<meta property=\"og:image:height\" content=\"1980\" \/>\n\t<meta property=\"og:image:type\" content=\"image\/webp\" \/>\n<meta name=\"twitter:card\" content=\"summary_large_image\" \/>\n<script type=\"application\/ld+json\" class=\"yoast-schema-graph\">{\"@context\":\"https:\/\/schema.org\",\"@graph\":[{\"@type\":\"WebPage\",\"@id\":\"https:\/\/www.kress.com\/fr-ca\/batterie-cyberpack-nano-60-v-de-qualite-professionnelle-kac800\/\",\"url\":\"https:\/\/www.kress.com\/fr-ca\/batterie-cyberpack-nano-60-v-de-qualite-professionnelle-kac800\/\",\"name\":\"Batterie CyberPack Nano 60 V de qualit\u00e9 professionnelle | Kress\",\"isPartOf\":{\"@id\":\"https:\/\/www.kress.com\/de-de\/#website\"},\"primaryImageOfPage\":{\"@id\":\"https:\/\/www.kress.com\/fr-ca\/batterie-cyberpack-nano-60-v-de-qualite-professionnelle-kac800\/#primaryimage\"},\"image\":{\"@id\":\"https:\/\/www.kress.com\/fr-ca\/batterie-cyberpack-nano-60-v-de-qualite-professionnelle-kac800\/#primaryimage\"},\"thumbnailUrl\":\"https:\/\/www.kress.com\/wp-content\/uploads\/onpage\/op_image_3fabe15298dcf3bca7a9e31f2baae50a35dbc45b.1980x.webp\",\"datePublished\":\"2024-03-26T08:17:14+00:00\",\"dateModified\":\"2025-10-17T10:00:22+00:00\",\"breadcrumb\":{\"@id\":\"https:\/\/www.kress.com\/fr-ca\/batterie-cyberpack-nano-60-v-de-qualite-professionnelle-kac800\/#breadcrumb\"},\"inLanguage\":\"fr-CA\",\"potentialAction\":[{\"@type\":\"ReadAction\",\"target\":[\"https:\/\/www.kress.com\/fr-ca\/batterie-cyberpack-nano-60-v-de-qualite-professionnelle-kac800\/\"]}]},{\"@type\":\"ImageObject\",\"inLanguage\":\"fr-CA\",\"@id\":\"https:\/\/www.kress.com\/fr-ca\/batterie-cyberpack-nano-60-v-de-qualite-professionnelle-kac800\/#primaryimage\",\"url\":\"https:\/\/www.kress.com\/wp-content\/uploads\/onpage\/op_image_3fabe15298dcf3bca7a9e31f2baae50a35dbc45b.1980x.webp\",\"contentUrl\":\"https:\/\/www.kress.com\/wp-content\/uploads\/onpage\/op_image_3fabe15298dcf3bca7a9e31f2baae50a35dbc45b.1980x.webp\",\"width\":1980,\"height\":1980},{\"@type\":\"BreadcrumbList\",\"@id\":\"https:\/\/www.kress.com\/fr-ca\/batterie-cyberpack-nano-60-v-de-qualite-professionnelle-kac800\/#breadcrumb\",\"itemListElement\":[{\"@type\":\"ListItem\",\"position\":1,\"name\":\"Home\",\"item\":\"https:\/\/www.kress.com\/fr-ca\/\"},{\"@type\":\"ListItem\",\"position\":2,\"name\":\"Produits\",\"item\":\"https:\/\/www.kress.com\/fr-fr\/shop\/\"},{\"@type\":\"ListItem\",\"position\":3,\"name\":\"Batterie CyberPack Nano 60 V de qualit\u00e9 professionnelle\"}]},{\"@type\":\"WebSite\",\"@id\":\"https:\/\/www.kress.com\/de-de\/#website\",\"url\":\"https:\/\/www.kress.com\/de-de\/\",\"name\":\"Kress\",\"description\":\"\",\"publisher\":{\"@id\":\"https:\/\/www.kress.com\/de-de\/#organization\"},\"potentialAction\":[{\"@type\":\"SearchAction\",\"target\":{\"@type\":\"EntryPoint\",\"urlTemplate\":\"https:\/\/www.kress.com\/de-de\/?s={search_term_string}\"},\"query-input\":{\"@type\":\"PropertyValueSpecification\",\"valueRequired\":true,\"valueName\":\"search_term_string\"}}],\"inLanguage\":\"fr-CA\"},{\"@type\":\"Organization\",\"@id\":\"https:\/\/www.kress.com\/de-de\/#organization\",\"name\":\"Kress\",\"url\":\"https:\/\/www.kress.com\/de-de\/\",\"logo\":{\"@type\":\"ImageObject\",\"inLanguage\":\"fr-CA\",\"@id\":\"https:\/\/www.kress.com\/de-de\/#\/schema\/logo\/image\/\",\"url\":\"https:\/\/www.kress.com\/wp-content\/uploads\/2024\/02\/logo.png\",\"contentUrl\":\"https:\/\/www.kress.com\/wp-content\/uploads\/2024\/02\/logo.png\",\"width\":696,\"height\":696,\"caption\":\"Kress\"},\"image\":{\"@id\":\"https:\/\/www.kress.com\/de-de\/#\/schema\/logo\/image\/\"}}]}<\/script>\n<!-- \/ Yoast SEO Premium plugin. -->","yoast_head_json":{"title":"Batterie CyberPack Nano 60 V de qualit\u00e9 professionnelle | Kress","robots":{"index":"index","follow":"follow","max-snippet":"max-snippet:-1","max-image-preview":"max-image-preview:large","max-video-preview":"max-video-preview:-1"},"og_locale":"fr_CA","og_type":"article","og_title":"Batterie CyberPack Nano 60 V de qualit\u00e9 professionnelle","og_description":"La contrepartie de la batterie CyberPack 8 minutes KAC804 est la batterie compacte CyberPack Nano, essentielle pour les applications commerciales o\u00f9 la l\u00e9g\u00e8ret\u00e9 et la compacit\u00e9 sont essentielles. La batterie int\u00e8gre de mani\u00e8re transparente des technologies avanc\u00e9es telles que le Bluetooth et la gestion intelligente de la batterie.","og_url":"https:\/\/www.kress.com\/fr-ca\/batterie-cyberpack-nano-60-v-de-qualite-professionnelle-kac800\/","og_site_name":"Kress","article_modified_time":"2025-10-17T10:00:22+00:00","og_image":[{"width":1980,"height":1980,"url":"https:\/\/www.kress.com\/wp-content\/uploads\/onpage\/op_image_3fabe15298dcf3bca7a9e31f2baae50a35dbc45b.1980x.webp","type":"image\/webp"}],"twitter_card":"summary_large_image","schema":{"@context":"https:\/\/schema.org","@graph":[{"@type":"WebPage","@id":"https:\/\/www.kress.com\/fr-ca\/batterie-cyberpack-nano-60-v-de-qualite-professionnelle-kac800\/","url":"https:\/\/www.kress.com\/fr-ca\/batterie-cyberpack-nano-60-v-de-qualite-professionnelle-kac800\/","name":"Batterie CyberPack Nano 60 V de qualit\u00e9 professionnelle | Kress","isPartOf":{"@id":"https:\/\/www.kress.com\/de-de\/#website"},"primaryImageOfPage":{"@id":"https:\/\/www.kress.com\/fr-ca\/batterie-cyberpack-nano-60-v-de-qualite-professionnelle-kac800\/#primaryimage"},"image":{"@id":"https:\/\/www.kress.com\/fr-ca\/batterie-cyberpack-nano-60-v-de-qualite-professionnelle-kac800\/#primaryimage"},"thumbnailUrl":"https:\/\/www.kress.com\/wp-content\/uploads\/onpage\/op_image_3fabe15298dcf3bca7a9e31f2baae50a35dbc45b.1980x.webp","datePublished":"2024-03-26T08:17:14+00:00","dateModified":"2025-10-17T10:00:22+00:00","breadcrumb":{"@id":"https:\/\/www.kress.com\/fr-ca\/batterie-cyberpack-nano-60-v-de-qualite-professionnelle-kac800\/#breadcrumb"},"inLanguage":"fr-CA","potentialAction":[{"@type":"ReadAction","target":["https:\/\/www.kress.com\/fr-ca\/batterie-cyberpack-nano-60-v-de-qualite-professionnelle-kac800\/"]}]},{"@type":"ImageObject","inLanguage":"fr-CA","@id":"https:\/\/www.kress.com\/fr-ca\/batterie-cyberpack-nano-60-v-de-qualite-professionnelle-kac800\/#primaryimage","url":"https:\/\/www.kress.com\/wp-content\/uploads\/onpage\/op_image_3fabe15298dcf3bca7a9e31f2baae50a35dbc45b.1980x.webp","contentUrl":"https:\/\/www.kress.com\/wp-content\/uploads\/onpage\/op_image_3fabe15298dcf3bca7a9e31f2baae50a35dbc45b.1980x.webp","width":1980,"height":1980},{"@type":"BreadcrumbList","@id":"https:\/\/www.kress.com\/fr-ca\/batterie-cyberpack-nano-60-v-de-qualite-professionnelle-kac800\/#breadcrumb","itemListElement":[{"@type":"ListItem","position":1,"name":"Home","item":"https:\/\/www.kress.com\/fr-ca\/"},{"@type":"ListItem","position":2,"name":"Produits","item":"https:\/\/www.kress.com\/fr-fr\/shop\/"},{"@type":"ListItem","position":3,"name":"Batterie CyberPack Nano 60 V de qualit\u00e9 professionnelle"}]},{"@type":"WebSite","@id":"https:\/\/www.kress.com\/de-de\/#website","url":"https:\/\/www.kress.com\/de-de\/","name":"Kress","description":"","publisher":{"@id":"https:\/\/www.kress.com\/de-de\/#organization"},"potentialAction":[{"@type":"SearchAction","target":{"@type":"EntryPoint","urlTemplate":"https:\/\/www.kress.com\/de-de\/?s={search_term_string}"},"query-input":{"@type":"PropertyValueSpecification","valueRequired":true,"valueName":"search_term_string"}}],"inLanguage":"fr-CA"},{"@type":"Organization","@id":"https:\/\/www.kress.com\/de-de\/#organization","name":"Kress","url":"https:\/\/www.kress.com\/de-de\/","logo":{"@type":"ImageObject","inLanguage":"fr-CA","@id":"https:\/\/www.kress.com\/de-de\/#\/schema\/logo\/image\/","url":"https:\/\/www.kress.com\/wp-content\/uploads\/2024\/02\/logo.png","contentUrl":"https:\/\/www.kress.com\/wp-content\/uploads\/2024\/02\/logo.png","width":696,"height":696,"caption":"Kress"},"image":{"@id":"https:\/\/www.kress.com\/de-de\/#\/schema\/logo\/image\/"}}]}},"_links":{"self":[{"href":"https:\/\/www.kress.com\/fr-ca\/wp-json\/wp\/v2\/product\/42771","targetHints":{"allow":["GET"]}}],"collection":[{"href":"https:\/\/www.kress.com\/fr-ca\/wp-json\/wp\/v2\/product"}],"about":[{"href":"https:\/\/www.kress.com\/fr-ca\/wp-json\/wp\/v2\/types\/product"}],"wp:featuredmedia":[{"embeddable":true,"href":"https:\/\/www.kress.com\/fr-ca\/wp-json\/wp\/v2\/media\/410656"}],"wp:attachment":[{"href":"https:\/\/www.kress.com\/fr-ca\/wp-json\/wp\/v2\/media?parent=42771"}],"wp:term":[{"taxonomy":"product_brand","embeddable":true,"href":"https:\/\/www.kress.com\/fr-ca\/wp-json\/wp\/v2\/product_brand?post=42771"},{"taxonomy":"product_cat","embeddable":true,"href":"https:\/\/www.kress.com\/fr-ca\/wp-json\/wp\/v2\/product_cat?post=42771"},{"taxonomy":"product_tag","embeddable":true,"href":"https:\/\/www.kress.com\/fr-ca\/wp-json\/wp\/v2\/product_tag?post=42771"}],"curies":[{"name":"wp","href":"https:\/\/api.w.org\/{rel}","templated":true}]}}