{"id":42547,"date":"2024-03-26T08:17:13","date_gmt":"2024-03-26T08:17:13","guid":{"rendered":""},"modified":"2025-10-17T10:00:22","modified_gmt":"2025-10-17T10:00:22","slug":"coupe-bordure-60-v-de-qualite-professionnelle-kc151-9","status":"publish","type":"product","link":"https:\/\/www.kress.com\/fr-ca\/coupe-bordure-60-v-de-qualite-professionnelle-kc151-9\/","title":{"rendered":"Coupe-bordure 60 V de qualit\u00e9 professionnelle"},"content":{"rendered":"<p>Con\u00e7u pour les entreprises d&#8217;am\u00e9nagement paysager et les municipalit\u00e9s engag\u00e9es dans le d\u00e9veloppement durable, le coupe-bordures \u00e0 arbre courbe Kress KC151 est con\u00e7u pour offrir un confort ergonomique et une grande maniabilit\u00e9. Sa conception \u00e0 arbre courb\u00e9 am\u00e9liore la pr\u00e9cision dans les espaces restreints et autour des am\u00e9nagements paysagers d\u00e9licats. Le contr\u00f4le de la vitesse variable et la protection contre les d\u00e9bris garantissent la s\u00e9curit\u00e9 et l&#8217;efficacit\u00e9. Faisant partie du CyberSystem commercial de Kress, il offre des performances haut de gamme avec l&#8217;avantage de co\u00fbts d&#8217;exploitation inf\u00e9rieurs \u00e0 ceux du gaz et d&#8217;autres syst\u00e8mes de batterie.<\/p>\n","protected":false},"excerpt":{"rendered":"<p>Con\u00e7u pour les entreprises d&#8217;am\u00e9nagement paysager et les municipalit\u00e9s engag\u00e9es dans le d\u00e9veloppement durable, le coupe-bordures \u00e0 arbre courbe Kress KC151 est con\u00e7u pour offrir un confort ergonomique et une grande maniabilit\u00e9. Sa conception \u00e0 arbre courb\u00e9 am\u00e9liore la pr\u00e9cision dans les espaces restreints et autour des am\u00e9nagements paysagers d\u00e9licats. Le contr\u00f4le de la vitesse [&hellip;]<\/p>\n","protected":false},"featured_media":413944,"template":"","meta":{"_acf_changed":false},"product_brand":[],"product_cat":[],"product_tag":[],"class_list":{"0":"post-42547","1":"product","2":"type-product","3":"status-publish","4":"has-post-thumbnail","7":"first","8":"instock","9":"shipping-taxable","10":"purchasable","11":"product-type-simple"},"acf":[],"yoast_head":"<!-- This site is optimized with the Yoast SEO Premium plugin v26.5 (Yoast SEO v27.0) - https:\/\/yoast.com\/product\/yoast-seo-premium-wordpress\/ -->\n<title>Coupe-bordure 60 V de qualit\u00e9 professionnelle | Kress<\/title>\n<meta name=\"robots\" content=\"index, follow, max-snippet:-1, max-image-preview:large, max-video-preview:-1\" \/>\n<meta property=\"og:locale\" content=\"fr_CA\" \/>\n<meta property=\"og:type\" content=\"article\" \/>\n<meta property=\"og:title\" content=\"Coupe-bordure 60 V de qualit\u00e9 professionnelle\" \/>\n<meta property=\"og:description\" content=\"Con\u00e7u pour les entreprises d&#8217;am\u00e9nagement paysager et les municipalit\u00e9s engag\u00e9es dans le d\u00e9veloppement durable, le coupe-bordures \u00e0 arbre courbe Kress KC151 est con\u00e7u pour offrir un confort ergonomique et une grande maniabilit\u00e9. Sa conception \u00e0 arbre courb\u00e9 am\u00e9liore la pr\u00e9cision dans les espaces restreints et autour des am\u00e9nagements paysagers d\u00e9licats. Le contr\u00f4le de la vitesse [&hellip;]\" \/>\n<meta property=\"og:url\" content=\"https:\/\/www.kress.com\/fr-ca\/coupe-bordure-60-v-de-qualite-professionnelle-kc151-9\/\" \/>\n<meta property=\"og:site_name\" content=\"Kress\" \/>\n<meta property=\"article:modified_time\" content=\"2025-10-17T10:00:22+00:00\" \/>\n<meta property=\"og:image\" content=\"https:\/\/www.kress.com\/wp-content\/uploads\/2024\/02\/logo_long.png\" \/>\n\t<meta property=\"og:image:width\" content=\"1200\" \/>\n\t<meta property=\"og:image:height\" content=\"675\" \/>\n\t<meta property=\"og:image:type\" content=\"image\/png\" \/>\n<meta name=\"twitter:card\" content=\"summary_large_image\" \/>\n<meta name=\"twitter:label1\" content=\"Estimation du temps de lecture\" \/>\n\t<meta name=\"twitter:data1\" content=\"1 minute\" \/>\n<script type=\"application\/ld+json\" class=\"yoast-schema-graph\">{\"@context\":\"https:\/\/schema.org\",\"@graph\":[{\"@type\":\"WebPage\",\"@id\":\"https:\/\/www.kress.com\/fr-ca\/coupe-bordure-60-v-de-qualite-professionnelle-kc151-9\/\",\"url\":\"https:\/\/www.kress.com\/fr-ca\/coupe-bordure-60-v-de-qualite-professionnelle-kc151-9\/\",\"name\":\"Coupe-bordure 60 V de qualit\u00e9 professionnelle | Kress\",\"isPartOf\":{\"@id\":\"https:\/\/www.kress.com\/de-de\/#website\"},\"primaryImageOfPage\":{\"@id\":\"https:\/\/www.kress.com\/fr-ca\/coupe-bordure-60-v-de-qualite-professionnelle-kc151-9\/#primaryimage\"},\"image\":{\"@id\":\"https:\/\/www.kress.com\/fr-ca\/coupe-bordure-60-v-de-qualite-professionnelle-kc151-9\/#primaryimage\"},\"thumbnailUrl\":\"https:\/\/www.kress.com\/wp-content\/uploads\/onpage\/op_image_a5bcf0159ca92fc816687573a3161820291b823c.1980x.webp\",\"datePublished\":\"2024-03-26T08:17:13+00:00\",\"dateModified\":\"2025-10-17T10:00:22+00:00\",\"breadcrumb\":{\"@id\":\"https:\/\/www.kress.com\/fr-ca\/coupe-bordure-60-v-de-qualite-professionnelle-kc151-9\/#breadcrumb\"},\"inLanguage\":\"fr-CA\",\"potentialAction\":[{\"@type\":\"ReadAction\",\"target\":[\"https:\/\/www.kress.com\/fr-ca\/coupe-bordure-60-v-de-qualite-professionnelle-kc151-9\/\"]}]},{\"@type\":\"ImageObject\",\"inLanguage\":\"fr-CA\",\"@id\":\"https:\/\/www.kress.com\/fr-ca\/coupe-bordure-60-v-de-qualite-professionnelle-kc151-9\/#primaryimage\",\"url\":\"https:\/\/www.kress.com\/wp-content\/uploads\/onpage\/op_image_a5bcf0159ca92fc816687573a3161820291b823c.1980x.webp\",\"contentUrl\":\"https:\/\/www.kress.com\/wp-content\/uploads\/onpage\/op_image_a5bcf0159ca92fc816687573a3161820291b823c.1980x.webp\",\"width\":1980,\"height\":1980},{\"@type\":\"BreadcrumbList\",\"@id\":\"https:\/\/www.kress.com\/fr-ca\/coupe-bordure-60-v-de-qualite-professionnelle-kc151-9\/#breadcrumb\",\"itemListElement\":[{\"@type\":\"ListItem\",\"position\":1,\"name\":\"Home\",\"item\":\"https:\/\/www.kress.com\/fr-ca\/\"},{\"@type\":\"ListItem\",\"position\":2,\"name\":\"Produits\",\"item\":\"https:\/\/www.kress.com\/fr-fr\/shop\/\"},{\"@type\":\"ListItem\",\"position\":3,\"name\":\"Coupe-bordure 60 V de qualit\u00e9 professionnelle\"}]},{\"@type\":\"WebSite\",\"@id\":\"https:\/\/www.kress.com\/de-de\/#website\",\"url\":\"https:\/\/www.kress.com\/de-de\/\",\"name\":\"Kress\",\"description\":\"\",\"publisher\":{\"@id\":\"https:\/\/www.kress.com\/de-de\/#organization\"},\"potentialAction\":[{\"@type\":\"SearchAction\",\"target\":{\"@type\":\"EntryPoint\",\"urlTemplate\":\"https:\/\/www.kress.com\/de-de\/?s={search_term_string}\"},\"query-input\":{\"@type\":\"PropertyValueSpecification\",\"valueRequired\":true,\"valueName\":\"search_term_string\"}}],\"inLanguage\":\"fr-CA\"},{\"@type\":\"Organization\",\"@id\":\"https:\/\/www.kress.com\/de-de\/#organization\",\"name\":\"Kress\",\"url\":\"https:\/\/www.kress.com\/de-de\/\",\"logo\":{\"@type\":\"ImageObject\",\"inLanguage\":\"fr-CA\",\"@id\":\"https:\/\/www.kress.com\/de-de\/#\/schema\/logo\/image\/\",\"url\":\"https:\/\/www.kress.com\/wp-content\/uploads\/2024\/02\/logo.png\",\"contentUrl\":\"https:\/\/www.kress.com\/wp-content\/uploads\/2024\/02\/logo.png\",\"width\":696,\"height\":696,\"caption\":\"Kress\"},\"image\":{\"@id\":\"https:\/\/www.kress.com\/de-de\/#\/schema\/logo\/image\/\"}}]}<\/script>\n<!-- \/ Yoast SEO Premium plugin. -->","yoast_head_json":{"title":"Coupe-bordure 60 V de qualit\u00e9 professionnelle | Kress","robots":{"index":"index","follow":"follow","max-snippet":"max-snippet:-1","max-image-preview":"max-image-preview:large","max-video-preview":"max-video-preview:-1"},"og_locale":"fr_CA","og_type":"article","og_title":"Coupe-bordure 60 V de qualit\u00e9 professionnelle","og_description":"Con\u00e7u pour les entreprises d&#8217;am\u00e9nagement paysager et les municipalit\u00e9s engag\u00e9es dans le d\u00e9veloppement durable, le coupe-bordures \u00e0 arbre courbe Kress KC151 est con\u00e7u pour offrir un confort ergonomique et une grande maniabilit\u00e9. Sa conception \u00e0 arbre courb\u00e9 am\u00e9liore la pr\u00e9cision dans les espaces restreints et autour des am\u00e9nagements paysagers d\u00e9licats. Le contr\u00f4le de la vitesse [&hellip;]","og_url":"https:\/\/www.kress.com\/fr-ca\/coupe-bordure-60-v-de-qualite-professionnelle-kc151-9\/","og_site_name":"Kress","article_modified_time":"2025-10-17T10:00:22+00:00","og_image":[{"width":1200,"height":675,"url":"https:\/\/www.kress.com\/wp-content\/uploads\/2024\/02\/logo_long.png","type":"image\/png"}],"twitter_card":"summary_large_image","twitter_misc":{"Estimation du temps de lecture":"1 minute"},"schema":{"@context":"https:\/\/schema.org","@graph":[{"@type":"WebPage","@id":"https:\/\/www.kress.com\/fr-ca\/coupe-bordure-60-v-de-qualite-professionnelle-kc151-9\/","url":"https:\/\/www.kress.com\/fr-ca\/coupe-bordure-60-v-de-qualite-professionnelle-kc151-9\/","name":"Coupe-bordure 60 V de qualit\u00e9 professionnelle | Kress","isPartOf":{"@id":"https:\/\/www.kress.com\/de-de\/#website"},"primaryImageOfPage":{"@id":"https:\/\/www.kress.com\/fr-ca\/coupe-bordure-60-v-de-qualite-professionnelle-kc151-9\/#primaryimage"},"image":{"@id":"https:\/\/www.kress.com\/fr-ca\/coupe-bordure-60-v-de-qualite-professionnelle-kc151-9\/#primaryimage"},"thumbnailUrl":"https:\/\/www.kress.com\/wp-content\/uploads\/onpage\/op_image_a5bcf0159ca92fc816687573a3161820291b823c.1980x.webp","datePublished":"2024-03-26T08:17:13+00:00","dateModified":"2025-10-17T10:00:22+00:00","breadcrumb":{"@id":"https:\/\/www.kress.com\/fr-ca\/coupe-bordure-60-v-de-qualite-professionnelle-kc151-9\/#breadcrumb"},"inLanguage":"fr-CA","potentialAction":[{"@type":"ReadAction","target":["https:\/\/www.kress.com\/fr-ca\/coupe-bordure-60-v-de-qualite-professionnelle-kc151-9\/"]}]},{"@type":"ImageObject","inLanguage":"fr-CA","@id":"https:\/\/www.kress.com\/fr-ca\/coupe-bordure-60-v-de-qualite-professionnelle-kc151-9\/#primaryimage","url":"https:\/\/www.kress.com\/wp-content\/uploads\/onpage\/op_image_a5bcf0159ca92fc816687573a3161820291b823c.1980x.webp","contentUrl":"https:\/\/www.kress.com\/wp-content\/uploads\/onpage\/op_image_a5bcf0159ca92fc816687573a3161820291b823c.1980x.webp","width":1980,"height":1980},{"@type":"BreadcrumbList","@id":"https:\/\/www.kress.com\/fr-ca\/coupe-bordure-60-v-de-qualite-professionnelle-kc151-9\/#breadcrumb","itemListElement":[{"@type":"ListItem","position":1,"name":"Home","item":"https:\/\/www.kress.com\/fr-ca\/"},{"@type":"ListItem","position":2,"name":"Produits","item":"https:\/\/www.kress.com\/fr-fr\/shop\/"},{"@type":"ListItem","position":3,"name":"Coupe-bordure 60 V de qualit\u00e9 professionnelle"}]},{"@type":"WebSite","@id":"https:\/\/www.kress.com\/de-de\/#website","url":"https:\/\/www.kress.com\/de-de\/","name":"Kress","description":"","publisher":{"@id":"https:\/\/www.kress.com\/de-de\/#organization"},"potentialAction":[{"@type":"SearchAction","target":{"@type":"EntryPoint","urlTemplate":"https:\/\/www.kress.com\/de-de\/?s={search_term_string}"},"query-input":{"@type":"PropertyValueSpecification","valueRequired":true,"valueName":"search_term_string"}}],"inLanguage":"fr-CA"},{"@type":"Organization","@id":"https:\/\/www.kress.com\/de-de\/#organization","name":"Kress","url":"https:\/\/www.kress.com\/de-de\/","logo":{"@type":"ImageObject","inLanguage":"fr-CA","@id":"https:\/\/www.kress.com\/de-de\/#\/schema\/logo\/image\/","url":"https:\/\/www.kress.com\/wp-content\/uploads\/2024\/02\/logo.png","contentUrl":"https:\/\/www.kress.com\/wp-content\/uploads\/2024\/02\/logo.png","width":696,"height":696,"caption":"Kress"},"image":{"@id":"https:\/\/www.kress.com\/de-de\/#\/schema\/logo\/image\/"}}]}},"_links":{"self":[{"href":"https:\/\/www.kress.com\/fr-ca\/wp-json\/wp\/v2\/product\/42547","targetHints":{"allow":["GET"]}}],"collection":[{"href":"https:\/\/www.kress.com\/fr-ca\/wp-json\/wp\/v2\/product"}],"about":[{"href":"https:\/\/www.kress.com\/fr-ca\/wp-json\/wp\/v2\/types\/product"}],"wp:featuredmedia":[{"embeddable":true,"href":"https:\/\/www.kress.com\/fr-ca\/wp-json\/wp\/v2\/media\/413944"}],"wp:attachment":[{"href":"https:\/\/www.kress.com\/fr-ca\/wp-json\/wp\/v2\/media?parent=42547"}],"wp:term":[{"taxonomy":"product_brand","embeddable":true,"href":"https:\/\/www.kress.com\/fr-ca\/wp-json\/wp\/v2\/product_brand?post=42547"},{"taxonomy":"product_cat","embeddable":true,"href":"https:\/\/www.kress.com\/fr-ca\/wp-json\/wp\/v2\/product_cat?post=42547"},{"taxonomy":"product_tag","embeddable":true,"href":"https:\/\/www.kress.com\/fr-ca\/wp-json\/wp\/v2\/product_tag?post=42547"}],"curies":[{"name":"wp","href":"https:\/\/api.w.org\/{rel}","templated":true}]}}