{"id":42295,"date":"2024-03-26T08:17:12","date_gmt":"2024-03-26T08:17:12","guid":{"rendered":""},"modified":"2025-10-17T10:00:22","modified_gmt":"2025-10-17T10:00:22","slug":"souffleuse-a-neige-60-v-de-qualite-professionnelle-kg471","status":"publish","type":"product","link":"https:\/\/www.kress.com\/fr-ca\/souffleuse-a-neige-60-v-de-qualite-professionnelle-kg471\/","title":{"rendered":"Souffleuse \u00e0 neige 60 V de qualit\u00e9 professionnelle"},"content":{"rendered":"<p>Souffleuse \u00e0 neige \u00e0 deux \u00e9tages KG471 de Kress est con\u00e7ue pour des performances \u00e9lev\u00e9es dans des conditions hivernales difficiles. Elle est capable de d\u00e9blayer jusqu&#8217;\u00e0 8 pouces de neige sur une all\u00e9e de 21 voitures en une seule charge. Son syst\u00e8me d&#8217;entra\u00eenement automoteur se d\u00e9place en douceur en marche avant et en marche arri\u00e8re, aliment\u00e9 par deux moteurs sans balais qui g\u00e8rent \u00e0 la fois le d\u00e9neigement et la propulsion avec facilit\u00e9. Des fonctions conviviales, comme la commande \u00e0 une main via un panneau de commande intuitif et une commande de la goulotte d&#8217;\u00e9jection 2 en 1, vous permettent de diriger la neige avec pr\u00e9cision et efficacit\u00e9.<\/p>\n","protected":false},"excerpt":{"rendered":"<p>Souffleuse \u00e0 neige \u00e0 deux \u00e9tages KG471 de Kress est con\u00e7ue pour des performances \u00e9lev\u00e9es dans des conditions hivernales difficiles. Elle est capable de d\u00e9blayer jusqu&#8217;\u00e0 8 pouces de neige sur une all\u00e9e de 21 voitures en une seule charge. Son syst\u00e8me d&#8217;entra\u00eenement automoteur se d\u00e9place en douceur en marche avant et en marche arri\u00e8re, [&hellip;]<\/p>\n","protected":false},"featured_media":413920,"template":"","meta":{"_acf_changed":false},"product_brand":[],"product_cat":[],"product_tag":[],"class_list":{"0":"post-42295","1":"product","2":"type-product","3":"status-publish","4":"has-post-thumbnail","7":"first","8":"instock","9":"shipping-taxable","10":"purchasable","11":"product-type-simple"},"acf":[],"yoast_head":"<!-- This site is optimized with the Yoast SEO Premium plugin v26.5 (Yoast SEO v27.0) - https:\/\/yoast.com\/product\/yoast-seo-premium-wordpress\/ -->\n<title>Souffleuse \u00e0 neige 60 V de qualit\u00e9 professionnelle | Kress<\/title>\n<meta name=\"robots\" content=\"index, follow, max-snippet:-1, max-image-preview:large, max-video-preview:-1\" \/>\n<meta property=\"og:locale\" content=\"fr_CA\" \/>\n<meta property=\"og:type\" content=\"article\" \/>\n<meta property=\"og:title\" content=\"Souffleuse \u00e0 neige 60 V de qualit\u00e9 professionnelle\" \/>\n<meta property=\"og:description\" content=\"Souffleuse \u00e0 neige \u00e0 deux \u00e9tages KG471 de Kress est con\u00e7ue pour des performances \u00e9lev\u00e9es dans des conditions hivernales difficiles. Elle est capable de d\u00e9blayer jusqu&#8217;\u00e0 8 pouces de neige sur une all\u00e9e de 21 voitures en une seule charge. Son syst\u00e8me d&#8217;entra\u00eenement automoteur se d\u00e9place en douceur en marche avant et en marche arri\u00e8re, [&hellip;]\" \/>\n<meta property=\"og:url\" content=\"https:\/\/www.kress.com\/fr-ca\/souffleuse-a-neige-60-v-de-qualite-professionnelle-kg471\/\" \/>\n<meta property=\"og:site_name\" content=\"Kress\" \/>\n<meta property=\"article:modified_time\" content=\"2025-10-17T10:00:22+00:00\" \/>\n<meta property=\"og:image\" content=\"https:\/\/www.kress.com\/wp-content\/uploads\/onpage\/op_image_fc3f9c3b03709256a1b47bcd18bd3728bc74823e.1980x.webp\" \/>\n\t<meta property=\"og:image:width\" content=\"1980\" \/>\n\t<meta property=\"og:image:height\" content=\"1980\" \/>\n\t<meta property=\"og:image:type\" content=\"image\/webp\" \/>\n<meta name=\"twitter:card\" content=\"summary_large_image\" \/>\n<meta name=\"twitter:label1\" content=\"Estimation du temps de lecture\" \/>\n\t<meta name=\"twitter:data1\" content=\"1 minute\" \/>\n<script type=\"application\/ld+json\" class=\"yoast-schema-graph\">{\"@context\":\"https:\/\/schema.org\",\"@graph\":[{\"@type\":\"WebPage\",\"@id\":\"https:\/\/www.kress.com\/fr-ca\/souffleuse-a-neige-60-v-de-qualite-professionnelle-kg471\/\",\"url\":\"https:\/\/www.kress.com\/fr-ca\/souffleuse-a-neige-60-v-de-qualite-professionnelle-kg471\/\",\"name\":\"Souffleuse \u00e0 neige 60 V de qualit\u00e9 professionnelle | Kress\",\"isPartOf\":{\"@id\":\"https:\/\/www.kress.com\/de-de\/#website\"},\"primaryImageOfPage\":{\"@id\":\"https:\/\/www.kress.com\/fr-ca\/souffleuse-a-neige-60-v-de-qualite-professionnelle-kg471\/#primaryimage\"},\"image\":{\"@id\":\"https:\/\/www.kress.com\/fr-ca\/souffleuse-a-neige-60-v-de-qualite-professionnelle-kg471\/#primaryimage\"},\"thumbnailUrl\":\"https:\/\/www.kress.com\/wp-content\/uploads\/onpage\/op_image_fc3f9c3b03709256a1b47bcd18bd3728bc74823e.1980x.webp\",\"datePublished\":\"2024-03-26T08:17:12+00:00\",\"dateModified\":\"2025-10-17T10:00:22+00:00\",\"breadcrumb\":{\"@id\":\"https:\/\/www.kress.com\/fr-ca\/souffleuse-a-neige-60-v-de-qualite-professionnelle-kg471\/#breadcrumb\"},\"inLanguage\":\"fr-CA\",\"potentialAction\":[{\"@type\":\"ReadAction\",\"target\":[\"https:\/\/www.kress.com\/fr-ca\/souffleuse-a-neige-60-v-de-qualite-professionnelle-kg471\/\"]}]},{\"@type\":\"ImageObject\",\"inLanguage\":\"fr-CA\",\"@id\":\"https:\/\/www.kress.com\/fr-ca\/souffleuse-a-neige-60-v-de-qualite-professionnelle-kg471\/#primaryimage\",\"url\":\"https:\/\/www.kress.com\/wp-content\/uploads\/onpage\/op_image_fc3f9c3b03709256a1b47bcd18bd3728bc74823e.1980x.webp\",\"contentUrl\":\"https:\/\/www.kress.com\/wp-content\/uploads\/onpage\/op_image_fc3f9c3b03709256a1b47bcd18bd3728bc74823e.1980x.webp\",\"width\":1980,\"height\":1980},{\"@type\":\"BreadcrumbList\",\"@id\":\"https:\/\/www.kress.com\/fr-ca\/souffleuse-a-neige-60-v-de-qualite-professionnelle-kg471\/#breadcrumb\",\"itemListElement\":[{\"@type\":\"ListItem\",\"position\":1,\"name\":\"Home\",\"item\":\"https:\/\/www.kress.com\/fr-ca\/\"},{\"@type\":\"ListItem\",\"position\":2,\"name\":\"Produits\",\"item\":\"https:\/\/www.kress.com\/fr-fr\/shop\/\"},{\"@type\":\"ListItem\",\"position\":3,\"name\":\"Souffleuse \u00e0 neige 60 V de qualit\u00e9 professionnelle\"}]},{\"@type\":\"WebSite\",\"@id\":\"https:\/\/www.kress.com\/de-de\/#website\",\"url\":\"https:\/\/www.kress.com\/de-de\/\",\"name\":\"Kress\",\"description\":\"\",\"publisher\":{\"@id\":\"https:\/\/www.kress.com\/de-de\/#organization\"},\"potentialAction\":[{\"@type\":\"SearchAction\",\"target\":{\"@type\":\"EntryPoint\",\"urlTemplate\":\"https:\/\/www.kress.com\/de-de\/?s={search_term_string}\"},\"query-input\":{\"@type\":\"PropertyValueSpecification\",\"valueRequired\":true,\"valueName\":\"search_term_string\"}}],\"inLanguage\":\"fr-CA\"},{\"@type\":\"Organization\",\"@id\":\"https:\/\/www.kress.com\/de-de\/#organization\",\"name\":\"Kress\",\"url\":\"https:\/\/www.kress.com\/de-de\/\",\"logo\":{\"@type\":\"ImageObject\",\"inLanguage\":\"fr-CA\",\"@id\":\"https:\/\/www.kress.com\/de-de\/#\/schema\/logo\/image\/\",\"url\":\"https:\/\/www.kress.com\/wp-content\/uploads\/2024\/02\/logo.png\",\"contentUrl\":\"https:\/\/www.kress.com\/wp-content\/uploads\/2024\/02\/logo.png\",\"width\":696,\"height\":696,\"caption\":\"Kress\"},\"image\":{\"@id\":\"https:\/\/www.kress.com\/de-de\/#\/schema\/logo\/image\/\"}}]}<\/script>\n<!-- \/ Yoast SEO Premium plugin. -->","yoast_head_json":{"title":"Souffleuse \u00e0 neige 60 V de qualit\u00e9 professionnelle | Kress","robots":{"index":"index","follow":"follow","max-snippet":"max-snippet:-1","max-image-preview":"max-image-preview:large","max-video-preview":"max-video-preview:-1"},"og_locale":"fr_CA","og_type":"article","og_title":"Souffleuse \u00e0 neige 60 V de qualit\u00e9 professionnelle","og_description":"Souffleuse \u00e0 neige \u00e0 deux \u00e9tages KG471 de Kress est con\u00e7ue pour des performances \u00e9lev\u00e9es dans des conditions hivernales difficiles. Elle est capable de d\u00e9blayer jusqu&#8217;\u00e0 8 pouces de neige sur une all\u00e9e de 21 voitures en une seule charge. Son syst\u00e8me d&#8217;entra\u00eenement automoteur se d\u00e9place en douceur en marche avant et en marche arri\u00e8re, [&hellip;]","og_url":"https:\/\/www.kress.com\/fr-ca\/souffleuse-a-neige-60-v-de-qualite-professionnelle-kg471\/","og_site_name":"Kress","article_modified_time":"2025-10-17T10:00:22+00:00","og_image":[{"width":1980,"height":1980,"url":"https:\/\/www.kress.com\/wp-content\/uploads\/onpage\/op_image_fc3f9c3b03709256a1b47bcd18bd3728bc74823e.1980x.webp","type":"image\/webp"}],"twitter_card":"summary_large_image","twitter_misc":{"Estimation du temps de lecture":"1 minute"},"schema":{"@context":"https:\/\/schema.org","@graph":[{"@type":"WebPage","@id":"https:\/\/www.kress.com\/fr-ca\/souffleuse-a-neige-60-v-de-qualite-professionnelle-kg471\/","url":"https:\/\/www.kress.com\/fr-ca\/souffleuse-a-neige-60-v-de-qualite-professionnelle-kg471\/","name":"Souffleuse \u00e0 neige 60 V de qualit\u00e9 professionnelle | Kress","isPartOf":{"@id":"https:\/\/www.kress.com\/de-de\/#website"},"primaryImageOfPage":{"@id":"https:\/\/www.kress.com\/fr-ca\/souffleuse-a-neige-60-v-de-qualite-professionnelle-kg471\/#primaryimage"},"image":{"@id":"https:\/\/www.kress.com\/fr-ca\/souffleuse-a-neige-60-v-de-qualite-professionnelle-kg471\/#primaryimage"},"thumbnailUrl":"https:\/\/www.kress.com\/wp-content\/uploads\/onpage\/op_image_fc3f9c3b03709256a1b47bcd18bd3728bc74823e.1980x.webp","datePublished":"2024-03-26T08:17:12+00:00","dateModified":"2025-10-17T10:00:22+00:00","breadcrumb":{"@id":"https:\/\/www.kress.com\/fr-ca\/souffleuse-a-neige-60-v-de-qualite-professionnelle-kg471\/#breadcrumb"},"inLanguage":"fr-CA","potentialAction":[{"@type":"ReadAction","target":["https:\/\/www.kress.com\/fr-ca\/souffleuse-a-neige-60-v-de-qualite-professionnelle-kg471\/"]}]},{"@type":"ImageObject","inLanguage":"fr-CA","@id":"https:\/\/www.kress.com\/fr-ca\/souffleuse-a-neige-60-v-de-qualite-professionnelle-kg471\/#primaryimage","url":"https:\/\/www.kress.com\/wp-content\/uploads\/onpage\/op_image_fc3f9c3b03709256a1b47bcd18bd3728bc74823e.1980x.webp","contentUrl":"https:\/\/www.kress.com\/wp-content\/uploads\/onpage\/op_image_fc3f9c3b03709256a1b47bcd18bd3728bc74823e.1980x.webp","width":1980,"height":1980},{"@type":"BreadcrumbList","@id":"https:\/\/www.kress.com\/fr-ca\/souffleuse-a-neige-60-v-de-qualite-professionnelle-kg471\/#breadcrumb","itemListElement":[{"@type":"ListItem","position":1,"name":"Home","item":"https:\/\/www.kress.com\/fr-ca\/"},{"@type":"ListItem","position":2,"name":"Produits","item":"https:\/\/www.kress.com\/fr-fr\/shop\/"},{"@type":"ListItem","position":3,"name":"Souffleuse \u00e0 neige 60 V de qualit\u00e9 professionnelle"}]},{"@type":"WebSite","@id":"https:\/\/www.kress.com\/de-de\/#website","url":"https:\/\/www.kress.com\/de-de\/","name":"Kress","description":"","publisher":{"@id":"https:\/\/www.kress.com\/de-de\/#organization"},"potentialAction":[{"@type":"SearchAction","target":{"@type":"EntryPoint","urlTemplate":"https:\/\/www.kress.com\/de-de\/?s={search_term_string}"},"query-input":{"@type":"PropertyValueSpecification","valueRequired":true,"valueName":"search_term_string"}}],"inLanguage":"fr-CA"},{"@type":"Organization","@id":"https:\/\/www.kress.com\/de-de\/#organization","name":"Kress","url":"https:\/\/www.kress.com\/de-de\/","logo":{"@type":"ImageObject","inLanguage":"fr-CA","@id":"https:\/\/www.kress.com\/de-de\/#\/schema\/logo\/image\/","url":"https:\/\/www.kress.com\/wp-content\/uploads\/2024\/02\/logo.png","contentUrl":"https:\/\/www.kress.com\/wp-content\/uploads\/2024\/02\/logo.png","width":696,"height":696,"caption":"Kress"},"image":{"@id":"https:\/\/www.kress.com\/de-de\/#\/schema\/logo\/image\/"}}]}},"_links":{"self":[{"href":"https:\/\/www.kress.com\/fr-ca\/wp-json\/wp\/v2\/product\/42295","targetHints":{"allow":["GET"]}}],"collection":[{"href":"https:\/\/www.kress.com\/fr-ca\/wp-json\/wp\/v2\/product"}],"about":[{"href":"https:\/\/www.kress.com\/fr-ca\/wp-json\/wp\/v2\/types\/product"}],"wp:featuredmedia":[{"embeddable":true,"href":"https:\/\/www.kress.com\/fr-ca\/wp-json\/wp\/v2\/media\/413920"}],"wp:attachment":[{"href":"https:\/\/www.kress.com\/fr-ca\/wp-json\/wp\/v2\/media?parent=42295"}],"wp:term":[{"taxonomy":"product_brand","embeddable":true,"href":"https:\/\/www.kress.com\/fr-ca\/wp-json\/wp\/v2\/product_brand?post=42295"},{"taxonomy":"product_cat","embeddable":true,"href":"https:\/\/www.kress.com\/fr-ca\/wp-json\/wp\/v2\/product_cat?post=42295"},{"taxonomy":"product_tag","embeddable":true,"href":"https:\/\/www.kress.com\/fr-ca\/wp-json\/wp\/v2\/product_tag?post=42295"}],"curies":[{"name":"wp","href":"https:\/\/api.w.org\/{rel}","templated":true}]}}