{"id":419335,"date":"2025-04-21T04:30:49","date_gmt":"2025-04-21T02:30:49","guid":{"rendered":""},"modified":"2025-10-17T10:00:22","modified_gmt":"2025-10-17T10:00:22","slug":"scie-a-chaine-60-v-de-qualite-commerciale-kc340-9","status":"publish","type":"product","link":"https:\/\/www.kress.com\/fr-ca\/scie-a-chaine-60-v-de-qualite-commerciale-kc340-9\/","title":{"rendered":"Scie \u00e0 cha\u00eene 60 V de qualit\u00e9 commerciale"},"content":{"rendered":"<p>Con\u00e7ue pour les entreprises d&#8217;am\u00e9nagement paysager et les municipalit\u00e9s qui cherchent \u00e0 int\u00e9grer des pratiques durables dans leurs activit\u00e9s, cette tron\u00e7onneuse Kress Commercial est la plus puissante de notre gamme. Elle d\u00e9livre une puissance massive de 3,8 kW, \u00e9quivalente \u00e0 celle d&#8217;une tron\u00e7onneuse \u00e0 essence de 70 cm3. Mais contrairement aux moteurs \u00e0 essence qui perdent du couple sous charge, elle fournit un couple instantan\u00e9 et constant, surpassant les tron\u00e7onneuses \u00e0 essence dans les moments les plus importants : abattage de bois dur de grand diam\u00e8tre et t\u00e2ches d&#8217;enl\u00e8vement tr\u00e8s exigeantes. Faisant partie du syst\u00e8me CyberSystem de Kress Commercial, elle offre des performances haut de gamme avec l&#8217;avantage de co\u00fbts d&#8217;exploitation inf\u00e9rieurs \u00e0 ceux du gaz et des autres syst\u00e8mes de batterie.<\/p>\n","protected":false},"excerpt":{"rendered":"<p>Con\u00e7ue pour les entreprises d&#8217;am\u00e9nagement paysager et les municipalit\u00e9s qui cherchent \u00e0 int\u00e9grer des pratiques durables dans leurs activit\u00e9s, cette tron\u00e7onneuse Kress Commercial est la plus puissante de notre gamme. Elle d\u00e9livre une puissance massive de 3,8 kW, \u00e9quivalente \u00e0 celle d&#8217;une tron\u00e7onneuse \u00e0 essence de 70 cm3. Mais contrairement aux moteurs \u00e0 essence qui [&hellip;]<\/p>\n","protected":false},"featured_media":0,"template":"","meta":{"_acf_changed":false},"product_brand":[],"product_cat":[],"product_tag":[],"class_list":{"0":"post-419335","1":"product","2":"type-product","3":"status-publish","6":"first","7":"instock","8":"shipping-taxable","9":"purchasable","10":"product-type-simple"},"acf":[],"yoast_head":"<!-- This site is optimized with the Yoast SEO Premium plugin v26.5 (Yoast SEO v27.0) - https:\/\/yoast.com\/product\/yoast-seo-premium-wordpress\/ -->\n<title>Scie \u00e0 cha\u00eene 60 V de qualit\u00e9 commerciale | Kress<\/title>\n<meta name=\"robots\" content=\"index, follow, max-snippet:-1, max-image-preview:large, max-video-preview:-1\" \/>\n<meta property=\"og:locale\" content=\"fr_CA\" \/>\n<meta property=\"og:type\" content=\"article\" \/>\n<meta property=\"og:title\" content=\"Scie \u00e0 cha\u00eene 60 V de qualit\u00e9 commerciale\" \/>\n<meta property=\"og:description\" content=\"Con\u00e7ue pour les entreprises d&#8217;am\u00e9nagement paysager et les municipalit\u00e9s qui cherchent \u00e0 int\u00e9grer des pratiques durables dans leurs activit\u00e9s, cette tron\u00e7onneuse Kress Commercial est la plus puissante de notre gamme. Elle d\u00e9livre une puissance massive de 3,8 kW, \u00e9quivalente \u00e0 celle d&#8217;une tron\u00e7onneuse \u00e0 essence de 70 cm3. Mais contrairement aux moteurs \u00e0 essence qui [&hellip;]\" \/>\n<meta property=\"og:url\" content=\"https:\/\/www.kress.com\/fr-ca\/scie-a-chaine-60-v-de-qualite-commerciale-kc340-9\/\" \/>\n<meta property=\"og:site_name\" content=\"Kress\" \/>\n<meta property=\"article:modified_time\" content=\"2025-10-17T10:00:22+00:00\" \/>\n<meta property=\"og:image\" content=\"https:\/\/www.kress.com\/wp-content\/uploads\/2024\/02\/logo_long.png\" \/>\n\t<meta property=\"og:image:width\" content=\"1200\" \/>\n\t<meta property=\"og:image:height\" content=\"675\" \/>\n\t<meta property=\"og:image:type\" content=\"image\/png\" \/>\n<meta name=\"twitter:card\" content=\"summary_large_image\" \/>\n<meta name=\"twitter:label1\" content=\"Estimation du temps de lecture\" \/>\n\t<meta name=\"twitter:data1\" content=\"1 minute\" \/>\n<script type=\"application\/ld+json\" class=\"yoast-schema-graph\">{\"@context\":\"https:\/\/schema.org\",\"@graph\":[{\"@type\":\"WebPage\",\"@id\":\"https:\/\/www.kress.com\/fr-ca\/scie-a-chaine-60-v-de-qualite-commerciale-kc340-9\/\",\"url\":\"https:\/\/www.kress.com\/fr-ca\/scie-a-chaine-60-v-de-qualite-commerciale-kc340-9\/\",\"name\":\"Scie \u00e0 cha\u00eene 60 V de qualit\u00e9 commerciale | Kress\",\"isPartOf\":{\"@id\":\"https:\/\/www.kress.com\/de-de\/#website\"},\"datePublished\":\"2025-04-21T02:30:49+00:00\",\"dateModified\":\"2025-10-17T10:00:22+00:00\",\"breadcrumb\":{\"@id\":\"https:\/\/www.kress.com\/fr-ca\/scie-a-chaine-60-v-de-qualite-commerciale-kc340-9\/#breadcrumb\"},\"inLanguage\":\"fr-CA\",\"potentialAction\":[{\"@type\":\"ReadAction\",\"target\":[\"https:\/\/www.kress.com\/fr-ca\/scie-a-chaine-60-v-de-qualite-commerciale-kc340-9\/\"]}]},{\"@type\":\"BreadcrumbList\",\"@id\":\"https:\/\/www.kress.com\/fr-ca\/scie-a-chaine-60-v-de-qualite-commerciale-kc340-9\/#breadcrumb\",\"itemListElement\":[{\"@type\":\"ListItem\",\"position\":1,\"name\":\"Home\",\"item\":\"https:\/\/www.kress.com\/fr-ca\/\"},{\"@type\":\"ListItem\",\"position\":2,\"name\":\"Produits\",\"item\":\"https:\/\/www.kress.com\/fr-fr\/shop\/\"},{\"@type\":\"ListItem\",\"position\":3,\"name\":\"Scie \u00e0 cha\u00eene 60 V de qualit\u00e9 commerciale\"}]},{\"@type\":\"WebSite\",\"@id\":\"https:\/\/www.kress.com\/de-de\/#website\",\"url\":\"https:\/\/www.kress.com\/de-de\/\",\"name\":\"Kress\",\"description\":\"\",\"publisher\":{\"@id\":\"https:\/\/www.kress.com\/de-de\/#organization\"},\"potentialAction\":[{\"@type\":\"SearchAction\",\"target\":{\"@type\":\"EntryPoint\",\"urlTemplate\":\"https:\/\/www.kress.com\/de-de\/?s={search_term_string}\"},\"query-input\":{\"@type\":\"PropertyValueSpecification\",\"valueRequired\":true,\"valueName\":\"search_term_string\"}}],\"inLanguage\":\"fr-CA\"},{\"@type\":\"Organization\",\"@id\":\"https:\/\/www.kress.com\/de-de\/#organization\",\"name\":\"Kress\",\"url\":\"https:\/\/www.kress.com\/de-de\/\",\"logo\":{\"@type\":\"ImageObject\",\"inLanguage\":\"fr-CA\",\"@id\":\"https:\/\/www.kress.com\/de-de\/#\/schema\/logo\/image\/\",\"url\":\"https:\/\/www.kress.com\/wp-content\/uploads\/2024\/02\/logo.png\",\"contentUrl\":\"https:\/\/www.kress.com\/wp-content\/uploads\/2024\/02\/logo.png\",\"width\":696,\"height\":696,\"caption\":\"Kress\"},\"image\":{\"@id\":\"https:\/\/www.kress.com\/de-de\/#\/schema\/logo\/image\/\"}}]}<\/script>\n<!-- \/ Yoast SEO Premium plugin. -->","yoast_head_json":{"title":"Scie \u00e0 cha\u00eene 60 V de qualit\u00e9 commerciale | Kress","robots":{"index":"index","follow":"follow","max-snippet":"max-snippet:-1","max-image-preview":"max-image-preview:large","max-video-preview":"max-video-preview:-1"},"og_locale":"fr_CA","og_type":"article","og_title":"Scie \u00e0 cha\u00eene 60 V de qualit\u00e9 commerciale","og_description":"Con\u00e7ue pour les entreprises d&#8217;am\u00e9nagement paysager et les municipalit\u00e9s qui cherchent \u00e0 int\u00e9grer des pratiques durables dans leurs activit\u00e9s, cette tron\u00e7onneuse Kress Commercial est la plus puissante de notre gamme. Elle d\u00e9livre une puissance massive de 3,8 kW, \u00e9quivalente \u00e0 celle d&#8217;une tron\u00e7onneuse \u00e0 essence de 70 cm3. Mais contrairement aux moteurs \u00e0 essence qui [&hellip;]","og_url":"https:\/\/www.kress.com\/fr-ca\/scie-a-chaine-60-v-de-qualite-commerciale-kc340-9\/","og_site_name":"Kress","article_modified_time":"2025-10-17T10:00:22+00:00","og_image":[{"width":1200,"height":675,"url":"https:\/\/www.kress.com\/wp-content\/uploads\/2024\/02\/logo_long.png","type":"image\/png"}],"twitter_card":"summary_large_image","twitter_misc":{"Estimation du temps de lecture":"1 minute"},"schema":{"@context":"https:\/\/schema.org","@graph":[{"@type":"WebPage","@id":"https:\/\/www.kress.com\/fr-ca\/scie-a-chaine-60-v-de-qualite-commerciale-kc340-9\/","url":"https:\/\/www.kress.com\/fr-ca\/scie-a-chaine-60-v-de-qualite-commerciale-kc340-9\/","name":"Scie \u00e0 cha\u00eene 60 V de qualit\u00e9 commerciale | Kress","isPartOf":{"@id":"https:\/\/www.kress.com\/de-de\/#website"},"datePublished":"2025-04-21T02:30:49+00:00","dateModified":"2025-10-17T10:00:22+00:00","breadcrumb":{"@id":"https:\/\/www.kress.com\/fr-ca\/scie-a-chaine-60-v-de-qualite-commerciale-kc340-9\/#breadcrumb"},"inLanguage":"fr-CA","potentialAction":[{"@type":"ReadAction","target":["https:\/\/www.kress.com\/fr-ca\/scie-a-chaine-60-v-de-qualite-commerciale-kc340-9\/"]}]},{"@type":"BreadcrumbList","@id":"https:\/\/www.kress.com\/fr-ca\/scie-a-chaine-60-v-de-qualite-commerciale-kc340-9\/#breadcrumb","itemListElement":[{"@type":"ListItem","position":1,"name":"Home","item":"https:\/\/www.kress.com\/fr-ca\/"},{"@type":"ListItem","position":2,"name":"Produits","item":"https:\/\/www.kress.com\/fr-fr\/shop\/"},{"@type":"ListItem","position":3,"name":"Scie \u00e0 cha\u00eene 60 V de qualit\u00e9 commerciale"}]},{"@type":"WebSite","@id":"https:\/\/www.kress.com\/de-de\/#website","url":"https:\/\/www.kress.com\/de-de\/","name":"Kress","description":"","publisher":{"@id":"https:\/\/www.kress.com\/de-de\/#organization"},"potentialAction":[{"@type":"SearchAction","target":{"@type":"EntryPoint","urlTemplate":"https:\/\/www.kress.com\/de-de\/?s={search_term_string}"},"query-input":{"@type":"PropertyValueSpecification","valueRequired":true,"valueName":"search_term_string"}}],"inLanguage":"fr-CA"},{"@type":"Organization","@id":"https:\/\/www.kress.com\/de-de\/#organization","name":"Kress","url":"https:\/\/www.kress.com\/de-de\/","logo":{"@type":"ImageObject","inLanguage":"fr-CA","@id":"https:\/\/www.kress.com\/de-de\/#\/schema\/logo\/image\/","url":"https:\/\/www.kress.com\/wp-content\/uploads\/2024\/02\/logo.png","contentUrl":"https:\/\/www.kress.com\/wp-content\/uploads\/2024\/02\/logo.png","width":696,"height":696,"caption":"Kress"},"image":{"@id":"https:\/\/www.kress.com\/de-de\/#\/schema\/logo\/image\/"}}]}},"_links":{"self":[{"href":"https:\/\/www.kress.com\/fr-ca\/wp-json\/wp\/v2\/product\/419335","targetHints":{"allow":["GET"]}}],"collection":[{"href":"https:\/\/www.kress.com\/fr-ca\/wp-json\/wp\/v2\/product"}],"about":[{"href":"https:\/\/www.kress.com\/fr-ca\/wp-json\/wp\/v2\/types\/product"}],"wp:attachment":[{"href":"https:\/\/www.kress.com\/fr-ca\/wp-json\/wp\/v2\/media?parent=419335"}],"wp:term":[{"taxonomy":"product_brand","embeddable":true,"href":"https:\/\/www.kress.com\/fr-ca\/wp-json\/wp\/v2\/product_brand?post=419335"},{"taxonomy":"product_cat","embeddable":true,"href":"https:\/\/www.kress.com\/fr-ca\/wp-json\/wp\/v2\/product_cat?post=419335"},{"taxonomy":"product_tag","embeddable":true,"href":"https:\/\/www.kress.com\/fr-ca\/wp-json\/wp\/v2\/product_tag?post=419335"}],"curies":[{"name":"wp","href":"https:\/\/api.w.org\/{rel}","templated":true}]}}