{"id":404474,"date":"2025-02-12T05:30:40","date_gmt":"2025-02-12T04:30:40","guid":{"rendered":""},"modified":"2025-10-17T10:00:22","modified_gmt":"2025-10-17T10:00:22","slug":"taille-haie-sur-perche-de-qualite-commerciale-60-v-kc231-9","status":"publish","type":"product","link":"https:\/\/www.kress.com\/fr-ca\/taille-haie-sur-perche-de-qualite-commerciale-60-v-kc231-9\/","title":{"rendered":"Taille-haie sur perche de qualit\u00e9 commerciale 60 V"},"content":{"rendered":"<p>Con\u00e7u pour les entreprises d&rsquo;entretien paysager et les municipalit\u00e9s souhaitant int\u00e9grer des pratiques durables \u00e0 leurs activit\u00e9s, le taille-haie sur perche 56 cm (22 po) \u00e0 manche court Kress Commercial offre des performances exceptionnelles dans un format compact. Sa conception fine assure une manipulation facile, m\u00eame dans les espaces restreints., il permet aux utilisateurs d&rsquo;atteindre des distances plus grandes tout en gardant les mains \u00e0 l\u2019\u00e9cart de l\u2019action : id\u00e9al pour tailler des haies longues et profondes en toute s\u00e9curit\u00e9 et facilit\u00e9. \u00c9quip\u00e9 d&rsquo;un moteur sans balais haute performance et de lames aff\u00fbt\u00e9es avec pr\u00e9cision, il assure des coupes nettes et uniformes \u00e0 chaque passage. Int\u00e9gr\u00e9 au CyberSystem Kress Commercial, il offre des performances haut de gamme et pr\u00e9sente l&rsquo;avantage de co\u00fbts d&rsquo;exploitation inf\u00e9rieurs \u00e0 ceux des syst\u00e8mes \u00e0 essence et autres syst\u00e8mes \u00e0 batterie.<\/p>\n","protected":false},"excerpt":{"rendered":"<p>Con\u00e7u pour les entreprises d&rsquo;entretien paysager et les municipalit\u00e9s souhaitant int\u00e9grer des pratiques durables \u00e0 leurs activit\u00e9s, le taille-haie sur perche 56 cm (22 po) \u00e0 manche court Kress Commercial offre des performances exceptionnelles dans un format compact. Sa conception fine assure une manipulation facile, m\u00eame dans les espaces restreints., il permet aux utilisateurs d&rsquo;atteindre [&hellip;]<\/p>\n","protected":false},"featured_media":0,"template":"","meta":{"_acf_changed":false},"product_brand":[],"product_cat":[],"product_tag":[],"class_list":{"0":"post-404474","1":"product","2":"type-product","3":"status-publish","6":"first","7":"instock","8":"shipping-taxable","9":"purchasable","10":"product-type-simple"},"acf":[],"yoast_head":"<!-- This site is optimized with the Yoast SEO Premium plugin v26.5 (Yoast SEO v27.0) - https:\/\/yoast.com\/product\/yoast-seo-premium-wordpress\/ -->\n<title>Taille-haie sur perche de qualit\u00e9 commerciale 60 V | Kress<\/title>\n<meta name=\"robots\" content=\"index, follow, max-snippet:-1, max-image-preview:large, max-video-preview:-1\" \/>\n<meta property=\"og:locale\" content=\"fr_CA\" \/>\n<meta property=\"og:type\" content=\"article\" \/>\n<meta property=\"og:title\" content=\"Taille-haie sur perche de qualit\u00e9 commerciale 60 V\" \/>\n<meta property=\"og:description\" content=\"Con\u00e7u pour les entreprises d&rsquo;entretien paysager et les municipalit\u00e9s souhaitant int\u00e9grer des pratiques durables \u00e0 leurs activit\u00e9s, le taille-haie sur perche 56 cm (22 po) \u00e0 manche court Kress Commercial offre des performances exceptionnelles dans un format compact. Sa conception fine assure une manipulation facile, m\u00eame dans les espaces restreints., il permet aux utilisateurs d&rsquo;atteindre [&hellip;]\" \/>\n<meta property=\"og:url\" content=\"https:\/\/www.kress.com\/fr-ca\/taille-haie-sur-perche-de-qualite-commerciale-60-v-kc231-9\/\" \/>\n<meta property=\"og:site_name\" content=\"Kress\" \/>\n<meta property=\"article:modified_time\" content=\"2025-10-17T10:00:22+00:00\" \/>\n<meta property=\"og:image\" content=\"https:\/\/www.kress.com\/wp-content\/uploads\/2024\/02\/logo_long.png\" \/>\n\t<meta property=\"og:image:width\" content=\"1200\" \/>\n\t<meta property=\"og:image:height\" content=\"675\" \/>\n\t<meta property=\"og:image:type\" content=\"image\/png\" \/>\n<meta name=\"twitter:card\" content=\"summary_large_image\" \/>\n<meta name=\"twitter:label1\" content=\"Estimation du temps de lecture\" \/>\n\t<meta name=\"twitter:data1\" content=\"1 minute\" \/>\n<script type=\"application\/ld+json\" class=\"yoast-schema-graph\">{\"@context\":\"https:\/\/schema.org\",\"@graph\":[{\"@type\":\"WebPage\",\"@id\":\"https:\/\/www.kress.com\/fr-ca\/taille-haie-sur-perche-de-qualite-commerciale-60-v-kc231-9\/\",\"url\":\"https:\/\/www.kress.com\/fr-ca\/taille-haie-sur-perche-de-qualite-commerciale-60-v-kc231-9\/\",\"name\":\"Taille-haie sur perche de qualit\u00e9 commerciale 60 V | Kress\",\"isPartOf\":{\"@id\":\"https:\/\/www.kress.com\/de-de\/#website\"},\"datePublished\":\"2025-02-12T04:30:40+00:00\",\"dateModified\":\"2025-10-17T10:00:22+00:00\",\"breadcrumb\":{\"@id\":\"https:\/\/www.kress.com\/fr-ca\/taille-haie-sur-perche-de-qualite-commerciale-60-v-kc231-9\/#breadcrumb\"},\"inLanguage\":\"fr-CA\",\"potentialAction\":[{\"@type\":\"ReadAction\",\"target\":[\"https:\/\/www.kress.com\/fr-ca\/taille-haie-sur-perche-de-qualite-commerciale-60-v-kc231-9\/\"]}]},{\"@type\":\"BreadcrumbList\",\"@id\":\"https:\/\/www.kress.com\/fr-ca\/taille-haie-sur-perche-de-qualite-commerciale-60-v-kc231-9\/#breadcrumb\",\"itemListElement\":[{\"@type\":\"ListItem\",\"position\":1,\"name\":\"Home\",\"item\":\"https:\/\/www.kress.com\/fr-ca\/\"},{\"@type\":\"ListItem\",\"position\":2,\"name\":\"Produits\",\"item\":\"https:\/\/www.kress.com\/fr-fr\/shop\/\"},{\"@type\":\"ListItem\",\"position\":3,\"name\":\"Taille-haie sur perche de qualit\u00e9 commerciale 60 V\"}]},{\"@type\":\"WebSite\",\"@id\":\"https:\/\/www.kress.com\/de-de\/#website\",\"url\":\"https:\/\/www.kress.com\/de-de\/\",\"name\":\"Kress\",\"description\":\"\",\"publisher\":{\"@id\":\"https:\/\/www.kress.com\/de-de\/#organization\"},\"potentialAction\":[{\"@type\":\"SearchAction\",\"target\":{\"@type\":\"EntryPoint\",\"urlTemplate\":\"https:\/\/www.kress.com\/de-de\/?s={search_term_string}\"},\"query-input\":{\"@type\":\"PropertyValueSpecification\",\"valueRequired\":true,\"valueName\":\"search_term_string\"}}],\"inLanguage\":\"fr-CA\"},{\"@type\":\"Organization\",\"@id\":\"https:\/\/www.kress.com\/de-de\/#organization\",\"name\":\"Kress\",\"url\":\"https:\/\/www.kress.com\/de-de\/\",\"logo\":{\"@type\":\"ImageObject\",\"inLanguage\":\"fr-CA\",\"@id\":\"https:\/\/www.kress.com\/de-de\/#\/schema\/logo\/image\/\",\"url\":\"https:\/\/www.kress.com\/wp-content\/uploads\/2024\/02\/logo.png\",\"contentUrl\":\"https:\/\/www.kress.com\/wp-content\/uploads\/2024\/02\/logo.png\",\"width\":696,\"height\":696,\"caption\":\"Kress\"},\"image\":{\"@id\":\"https:\/\/www.kress.com\/de-de\/#\/schema\/logo\/image\/\"}}]}<\/script>\n<!-- \/ Yoast SEO Premium plugin. -->","yoast_head_json":{"title":"Taille-haie sur perche de qualit\u00e9 commerciale 60 V | Kress","robots":{"index":"index","follow":"follow","max-snippet":"max-snippet:-1","max-image-preview":"max-image-preview:large","max-video-preview":"max-video-preview:-1"},"og_locale":"fr_CA","og_type":"article","og_title":"Taille-haie sur perche de qualit\u00e9 commerciale 60 V","og_description":"Con\u00e7u pour les entreprises d&rsquo;entretien paysager et les municipalit\u00e9s souhaitant int\u00e9grer des pratiques durables \u00e0 leurs activit\u00e9s, le taille-haie sur perche 56 cm (22 po) \u00e0 manche court Kress Commercial offre des performances exceptionnelles dans un format compact. Sa conception fine assure une manipulation facile, m\u00eame dans les espaces restreints., il permet aux utilisateurs d&rsquo;atteindre [&hellip;]","og_url":"https:\/\/www.kress.com\/fr-ca\/taille-haie-sur-perche-de-qualite-commerciale-60-v-kc231-9\/","og_site_name":"Kress","article_modified_time":"2025-10-17T10:00:22+00:00","og_image":[{"width":1200,"height":675,"url":"https:\/\/www.kress.com\/wp-content\/uploads\/2024\/02\/logo_long.png","type":"image\/png"}],"twitter_card":"summary_large_image","twitter_misc":{"Estimation du temps de lecture":"1 minute"},"schema":{"@context":"https:\/\/schema.org","@graph":[{"@type":"WebPage","@id":"https:\/\/www.kress.com\/fr-ca\/taille-haie-sur-perche-de-qualite-commerciale-60-v-kc231-9\/","url":"https:\/\/www.kress.com\/fr-ca\/taille-haie-sur-perche-de-qualite-commerciale-60-v-kc231-9\/","name":"Taille-haie sur perche de qualit\u00e9 commerciale 60 V | Kress","isPartOf":{"@id":"https:\/\/www.kress.com\/de-de\/#website"},"datePublished":"2025-02-12T04:30:40+00:00","dateModified":"2025-10-17T10:00:22+00:00","breadcrumb":{"@id":"https:\/\/www.kress.com\/fr-ca\/taille-haie-sur-perche-de-qualite-commerciale-60-v-kc231-9\/#breadcrumb"},"inLanguage":"fr-CA","potentialAction":[{"@type":"ReadAction","target":["https:\/\/www.kress.com\/fr-ca\/taille-haie-sur-perche-de-qualite-commerciale-60-v-kc231-9\/"]}]},{"@type":"BreadcrumbList","@id":"https:\/\/www.kress.com\/fr-ca\/taille-haie-sur-perche-de-qualite-commerciale-60-v-kc231-9\/#breadcrumb","itemListElement":[{"@type":"ListItem","position":1,"name":"Home","item":"https:\/\/www.kress.com\/fr-ca\/"},{"@type":"ListItem","position":2,"name":"Produits","item":"https:\/\/www.kress.com\/fr-fr\/shop\/"},{"@type":"ListItem","position":3,"name":"Taille-haie sur perche de qualit\u00e9 commerciale 60 V"}]},{"@type":"WebSite","@id":"https:\/\/www.kress.com\/de-de\/#website","url":"https:\/\/www.kress.com\/de-de\/","name":"Kress","description":"","publisher":{"@id":"https:\/\/www.kress.com\/de-de\/#organization"},"potentialAction":[{"@type":"SearchAction","target":{"@type":"EntryPoint","urlTemplate":"https:\/\/www.kress.com\/de-de\/?s={search_term_string}"},"query-input":{"@type":"PropertyValueSpecification","valueRequired":true,"valueName":"search_term_string"}}],"inLanguage":"fr-CA"},{"@type":"Organization","@id":"https:\/\/www.kress.com\/de-de\/#organization","name":"Kress","url":"https:\/\/www.kress.com\/de-de\/","logo":{"@type":"ImageObject","inLanguage":"fr-CA","@id":"https:\/\/www.kress.com\/de-de\/#\/schema\/logo\/image\/","url":"https:\/\/www.kress.com\/wp-content\/uploads\/2024\/02\/logo.png","contentUrl":"https:\/\/www.kress.com\/wp-content\/uploads\/2024\/02\/logo.png","width":696,"height":696,"caption":"Kress"},"image":{"@id":"https:\/\/www.kress.com\/de-de\/#\/schema\/logo\/image\/"}}]}},"_links":{"self":[{"href":"https:\/\/www.kress.com\/fr-ca\/wp-json\/wp\/v2\/product\/404474","targetHints":{"allow":["GET"]}}],"collection":[{"href":"https:\/\/www.kress.com\/fr-ca\/wp-json\/wp\/v2\/product"}],"about":[{"href":"https:\/\/www.kress.com\/fr-ca\/wp-json\/wp\/v2\/types\/product"}],"wp:attachment":[{"href":"https:\/\/www.kress.com\/fr-ca\/wp-json\/wp\/v2\/media?parent=404474"}],"wp:term":[{"taxonomy":"product_brand","embeddable":true,"href":"https:\/\/www.kress.com\/fr-ca\/wp-json\/wp\/v2\/product_brand?post=404474"},{"taxonomy":"product_cat","embeddable":true,"href":"https:\/\/www.kress.com\/fr-ca\/wp-json\/wp\/v2\/product_cat?post=404474"},{"taxonomy":"product_tag","embeddable":true,"href":"https:\/\/www.kress.com\/fr-ca\/wp-json\/wp\/v2\/product_tag?post=404474"}],"curies":[{"name":"wp","href":"https:\/\/api.w.org\/{rel}","templated":true}]}}