{"id":35407,"date":"2024-03-26T08:16:39","date_gmt":"2024-03-26T08:16:39","guid":{"rendered":""},"modified":"2025-10-17T10:00:22","modified_gmt":"2025-10-17T10:00:22","slug":"tondeuse-professionnelle-60-v-kg758","status":"publish","type":"product","link":"https:\/\/www.kress.com\/fr-ca\/tondeuse-professionnelle-60-v-kg758\/","title":{"rendered":"Tondeuse professionnelle 60 V"},"content":{"rendered":"<p>Le KG758 de Kress offre un couple de 7 ft-lbs pour une pr\u00e9cision sans colmatage. Avec une commutation rapide pour le d\u00e9chiquetage, l&#8217;ensachage et l&#8217;\u00e9jection, il est con\u00e7u pour l&#8217;efficacit\u00e9. Parfaite pour les pelouses d&#8217;un quart d&#8217;hectare.<\/p>\n","protected":false},"excerpt":{"rendered":"<p>Le KG758 de Kress offre un couple de 7 ft-lbs pour une pr\u00e9cision sans colmatage. Avec une commutation rapide pour le d\u00e9chiquetage, l&#8217;ensachage et l&#8217;\u00e9jection, il est con\u00e7u pour l&#8217;efficacit\u00e9. Parfaite pour les pelouses d&#8217;un quart d&#8217;hectare.<\/p>\n","protected":false},"featured_media":413200,"template":"","meta":{"_acf_changed":false},"product_brand":[],"product_cat":[],"product_tag":[],"class_list":{"0":"post-35407","1":"product","2":"type-product","3":"status-publish","4":"has-post-thumbnail","7":"first","8":"instock","9":"shipping-taxable","10":"purchasable","11":"product-type-simple"},"acf":[],"yoast_head":"<!-- This site is optimized with the Yoast SEO Premium plugin v26.5 (Yoast SEO v27.0) - https:\/\/yoast.com\/product\/yoast-seo-premium-wordpress\/ -->\n<title>Tondeuse professionnelle 60 V | Kress<\/title>\n<meta name=\"robots\" content=\"index, follow, max-snippet:-1, max-image-preview:large, max-video-preview:-1\" \/>\n<meta property=\"og:locale\" content=\"fr_CA\" \/>\n<meta property=\"og:type\" content=\"article\" \/>\n<meta property=\"og:title\" content=\"Tondeuse professionnelle 60 V\" \/>\n<meta property=\"og:description\" content=\"Le KG758 de Kress offre un couple de 7 ft-lbs pour une pr\u00e9cision sans colmatage. Avec une commutation rapide pour le d\u00e9chiquetage, l&#8217;ensachage et l&#8217;\u00e9jection, il est con\u00e7u pour l&#8217;efficacit\u00e9. Parfaite pour les pelouses d&#8217;un quart d&#8217;hectare.\" \/>\n<meta property=\"og:url\" content=\"https:\/\/www.kress.com\/fr-ca\/tondeuse-professionnelle-60-v-kg758\/\" \/>\n<meta property=\"og:site_name\" content=\"Kress\" \/>\n<meta property=\"article:modified_time\" content=\"2025-10-17T10:00:22+00:00\" \/>\n<meta property=\"og:image\" content=\"https:\/\/www.kress.com\/wp-content\/uploads\/onpage\/op_image_5756f06543b29d5d97c0c46df9dee5a51198ca1e.1980x.webp\" \/>\n\t<meta property=\"og:image:width\" content=\"1980\" \/>\n\t<meta property=\"og:image:height\" content=\"1980\" \/>\n\t<meta property=\"og:image:type\" content=\"image\/webp\" \/>\n<meta name=\"twitter:card\" content=\"summary_large_image\" \/>\n<script type=\"application\/ld+json\" class=\"yoast-schema-graph\">{\"@context\":\"https:\/\/schema.org\",\"@graph\":[{\"@type\":\"WebPage\",\"@id\":\"https:\/\/www.kress.com\/fr-ca\/tondeuse-professionnelle-60-v-kg758\/\",\"url\":\"https:\/\/www.kress.com\/fr-ca\/tondeuse-professionnelle-60-v-kg758\/\",\"name\":\"Tondeuse professionnelle 60 V | Kress\",\"isPartOf\":{\"@id\":\"https:\/\/www.kress.com\/de-de\/#website\"},\"primaryImageOfPage\":{\"@id\":\"https:\/\/www.kress.com\/fr-ca\/tondeuse-professionnelle-60-v-kg758\/#primaryimage\"},\"image\":{\"@id\":\"https:\/\/www.kress.com\/fr-ca\/tondeuse-professionnelle-60-v-kg758\/#primaryimage\"},\"thumbnailUrl\":\"https:\/\/www.kress.com\/wp-content\/uploads\/onpage\/op_image_5756f06543b29d5d97c0c46df9dee5a51198ca1e.1980x.webp\",\"datePublished\":\"2024-03-26T08:16:39+00:00\",\"dateModified\":\"2025-10-17T10:00:22+00:00\",\"breadcrumb\":{\"@id\":\"https:\/\/www.kress.com\/fr-ca\/tondeuse-professionnelle-60-v-kg758\/#breadcrumb\"},\"inLanguage\":\"fr-CA\",\"potentialAction\":[{\"@type\":\"ReadAction\",\"target\":[\"https:\/\/www.kress.com\/fr-ca\/tondeuse-professionnelle-60-v-kg758\/\"]}]},{\"@type\":\"ImageObject\",\"inLanguage\":\"fr-CA\",\"@id\":\"https:\/\/www.kress.com\/fr-ca\/tondeuse-professionnelle-60-v-kg758\/#primaryimage\",\"url\":\"https:\/\/www.kress.com\/wp-content\/uploads\/onpage\/op_image_5756f06543b29d5d97c0c46df9dee5a51198ca1e.1980x.webp\",\"contentUrl\":\"https:\/\/www.kress.com\/wp-content\/uploads\/onpage\/op_image_5756f06543b29d5d97c0c46df9dee5a51198ca1e.1980x.webp\",\"width\":1980,\"height\":1980},{\"@type\":\"BreadcrumbList\",\"@id\":\"https:\/\/www.kress.com\/fr-ca\/tondeuse-professionnelle-60-v-kg758\/#breadcrumb\",\"itemListElement\":[{\"@type\":\"ListItem\",\"position\":1,\"name\":\"Home\",\"item\":\"https:\/\/www.kress.com\/fr-ca\/\"},{\"@type\":\"ListItem\",\"position\":2,\"name\":\"Produits\",\"item\":\"https:\/\/www.kress.com\/fr-fr\/shop\/\"},{\"@type\":\"ListItem\",\"position\":3,\"name\":\"Tondeuse professionnelle 60 V\"}]},{\"@type\":\"WebSite\",\"@id\":\"https:\/\/www.kress.com\/de-de\/#website\",\"url\":\"https:\/\/www.kress.com\/de-de\/\",\"name\":\"Kress\",\"description\":\"\",\"publisher\":{\"@id\":\"https:\/\/www.kress.com\/de-de\/#organization\"},\"potentialAction\":[{\"@type\":\"SearchAction\",\"target\":{\"@type\":\"EntryPoint\",\"urlTemplate\":\"https:\/\/www.kress.com\/de-de\/?s={search_term_string}\"},\"query-input\":{\"@type\":\"PropertyValueSpecification\",\"valueRequired\":true,\"valueName\":\"search_term_string\"}}],\"inLanguage\":\"fr-CA\"},{\"@type\":\"Organization\",\"@id\":\"https:\/\/www.kress.com\/de-de\/#organization\",\"name\":\"Kress\",\"url\":\"https:\/\/www.kress.com\/de-de\/\",\"logo\":{\"@type\":\"ImageObject\",\"inLanguage\":\"fr-CA\",\"@id\":\"https:\/\/www.kress.com\/de-de\/#\/schema\/logo\/image\/\",\"url\":\"https:\/\/www.kress.com\/wp-content\/uploads\/2024\/02\/logo.png\",\"contentUrl\":\"https:\/\/www.kress.com\/wp-content\/uploads\/2024\/02\/logo.png\",\"width\":696,\"height\":696,\"caption\":\"Kress\"},\"image\":{\"@id\":\"https:\/\/www.kress.com\/de-de\/#\/schema\/logo\/image\/\"}}]}<\/script>\n<!-- \/ Yoast SEO Premium plugin. -->","yoast_head_json":{"title":"Tondeuse professionnelle 60 V | Kress","robots":{"index":"index","follow":"follow","max-snippet":"max-snippet:-1","max-image-preview":"max-image-preview:large","max-video-preview":"max-video-preview:-1"},"og_locale":"fr_CA","og_type":"article","og_title":"Tondeuse professionnelle 60 V","og_description":"Le KG758 de Kress offre un couple de 7 ft-lbs pour une pr\u00e9cision sans colmatage. Avec une commutation rapide pour le d\u00e9chiquetage, l&#8217;ensachage et l&#8217;\u00e9jection, il est con\u00e7u pour l&#8217;efficacit\u00e9. Parfaite pour les pelouses d&#8217;un quart d&#8217;hectare.","og_url":"https:\/\/www.kress.com\/fr-ca\/tondeuse-professionnelle-60-v-kg758\/","og_site_name":"Kress","article_modified_time":"2025-10-17T10:00:22+00:00","og_image":[{"width":1980,"height":1980,"url":"https:\/\/www.kress.com\/wp-content\/uploads\/onpage\/op_image_5756f06543b29d5d97c0c46df9dee5a51198ca1e.1980x.webp","type":"image\/webp"}],"twitter_card":"summary_large_image","schema":{"@context":"https:\/\/schema.org","@graph":[{"@type":"WebPage","@id":"https:\/\/www.kress.com\/fr-ca\/tondeuse-professionnelle-60-v-kg758\/","url":"https:\/\/www.kress.com\/fr-ca\/tondeuse-professionnelle-60-v-kg758\/","name":"Tondeuse professionnelle 60 V | Kress","isPartOf":{"@id":"https:\/\/www.kress.com\/de-de\/#website"},"primaryImageOfPage":{"@id":"https:\/\/www.kress.com\/fr-ca\/tondeuse-professionnelle-60-v-kg758\/#primaryimage"},"image":{"@id":"https:\/\/www.kress.com\/fr-ca\/tondeuse-professionnelle-60-v-kg758\/#primaryimage"},"thumbnailUrl":"https:\/\/www.kress.com\/wp-content\/uploads\/onpage\/op_image_5756f06543b29d5d97c0c46df9dee5a51198ca1e.1980x.webp","datePublished":"2024-03-26T08:16:39+00:00","dateModified":"2025-10-17T10:00:22+00:00","breadcrumb":{"@id":"https:\/\/www.kress.com\/fr-ca\/tondeuse-professionnelle-60-v-kg758\/#breadcrumb"},"inLanguage":"fr-CA","potentialAction":[{"@type":"ReadAction","target":["https:\/\/www.kress.com\/fr-ca\/tondeuse-professionnelle-60-v-kg758\/"]}]},{"@type":"ImageObject","inLanguage":"fr-CA","@id":"https:\/\/www.kress.com\/fr-ca\/tondeuse-professionnelle-60-v-kg758\/#primaryimage","url":"https:\/\/www.kress.com\/wp-content\/uploads\/onpage\/op_image_5756f06543b29d5d97c0c46df9dee5a51198ca1e.1980x.webp","contentUrl":"https:\/\/www.kress.com\/wp-content\/uploads\/onpage\/op_image_5756f06543b29d5d97c0c46df9dee5a51198ca1e.1980x.webp","width":1980,"height":1980},{"@type":"BreadcrumbList","@id":"https:\/\/www.kress.com\/fr-ca\/tondeuse-professionnelle-60-v-kg758\/#breadcrumb","itemListElement":[{"@type":"ListItem","position":1,"name":"Home","item":"https:\/\/www.kress.com\/fr-ca\/"},{"@type":"ListItem","position":2,"name":"Produits","item":"https:\/\/www.kress.com\/fr-fr\/shop\/"},{"@type":"ListItem","position":3,"name":"Tondeuse professionnelle 60 V"}]},{"@type":"WebSite","@id":"https:\/\/www.kress.com\/de-de\/#website","url":"https:\/\/www.kress.com\/de-de\/","name":"Kress","description":"","publisher":{"@id":"https:\/\/www.kress.com\/de-de\/#organization"},"potentialAction":[{"@type":"SearchAction","target":{"@type":"EntryPoint","urlTemplate":"https:\/\/www.kress.com\/de-de\/?s={search_term_string}"},"query-input":{"@type":"PropertyValueSpecification","valueRequired":true,"valueName":"search_term_string"}}],"inLanguage":"fr-CA"},{"@type":"Organization","@id":"https:\/\/www.kress.com\/de-de\/#organization","name":"Kress","url":"https:\/\/www.kress.com\/de-de\/","logo":{"@type":"ImageObject","inLanguage":"fr-CA","@id":"https:\/\/www.kress.com\/de-de\/#\/schema\/logo\/image\/","url":"https:\/\/www.kress.com\/wp-content\/uploads\/2024\/02\/logo.png","contentUrl":"https:\/\/www.kress.com\/wp-content\/uploads\/2024\/02\/logo.png","width":696,"height":696,"caption":"Kress"},"image":{"@id":"https:\/\/www.kress.com\/de-de\/#\/schema\/logo\/image\/"}}]}},"_links":{"self":[{"href":"https:\/\/www.kress.com\/fr-ca\/wp-json\/wp\/v2\/product\/35407","targetHints":{"allow":["GET"]}}],"collection":[{"href":"https:\/\/www.kress.com\/fr-ca\/wp-json\/wp\/v2\/product"}],"about":[{"href":"https:\/\/www.kress.com\/fr-ca\/wp-json\/wp\/v2\/types\/product"}],"wp:featuredmedia":[{"embeddable":true,"href":"https:\/\/www.kress.com\/fr-ca\/wp-json\/wp\/v2\/media\/413200"}],"wp:attachment":[{"href":"https:\/\/www.kress.com\/fr-ca\/wp-json\/wp\/v2\/media?parent=35407"}],"wp:term":[{"taxonomy":"product_brand","embeddable":true,"href":"https:\/\/www.kress.com\/fr-ca\/wp-json\/wp\/v2\/product_brand?post=35407"},{"taxonomy":"product_cat","embeddable":true,"href":"https:\/\/www.kress.com\/fr-ca\/wp-json\/wp\/v2\/product_cat?post=35407"},{"taxonomy":"product_tag","embeddable":true,"href":"https:\/\/www.kress.com\/fr-ca\/wp-json\/wp\/v2\/product_tag?post=35407"}],"curies":[{"name":"wp","href":"https:\/\/api.w.org\/{rel}","templated":true}]}}