{"id":34371,"date":"2024-03-26T08:16:32","date_gmt":"2024-03-26T08:16:32","guid":{"rendered":""},"modified":"2025-10-17T10:00:22","modified_gmt":"2025-10-17T10:00:22","slug":"sangle-de-batterie-pour-sac-a-dos-de-qualite-professionnelle-kac900","status":"publish","type":"product","link":"https:\/\/www.kress.com\/fr-ca\/sangle-de-batterie-pour-sac-a-dos-de-qualite-professionnelle-kac900\/","title":{"rendered":"Sangle de batterie pour sac \u00e0 dos de qualit\u00e9 professionnelle"},"content":{"rendered":"<p>Le harnais de batterie dorsal 60 V de Kress Commercial allie design ergonomique et praticit\u00e9, avec une hauteur r\u00e9glable pour un ajustement sur mesure et une compatibilit\u00e9 universelle avec les outils. Sa construction est ax\u00e9e sur la r\u00e9partition uniforme du poids, ce qui r\u00e9duit la fatigue pendant les longues p\u00e9riodes de travail.<\/p>\n","protected":false},"excerpt":{"rendered":"<p>Le harnais de batterie dorsal 60 V de Kress Commercial allie design ergonomique et praticit\u00e9, avec une hauteur r\u00e9glable pour un ajustement sur mesure et une compatibilit\u00e9 universelle avec les outils. Sa construction est ax\u00e9e sur la r\u00e9partition uniforme du poids, ce qui r\u00e9duit la fatigue pendant les longues p\u00e9riodes de travail.<\/p>\n","protected":false},"featured_media":0,"template":"","meta":{"_acf_changed":false},"product_brand":[],"product_cat":[],"product_tag":[],"class_list":{"0":"post-34371","1":"product","2":"type-product","3":"status-publish","6":"first","7":"instock","8":"shipping-taxable","9":"purchasable","10":"product-type-simple"},"acf":[],"yoast_head":"<!-- This site is optimized with the Yoast SEO Premium plugin v26.5 (Yoast SEO v27.0) - https:\/\/yoast.com\/product\/yoast-seo-premium-wordpress\/ -->\n<title>Sangle de batterie pour sac \u00e0 dos de qualit\u00e9 professionnelle | Kress<\/title>\n<meta name=\"robots\" content=\"index, follow, max-snippet:-1, max-image-preview:large, max-video-preview:-1\" \/>\n<meta property=\"og:locale\" content=\"fr_CA\" \/>\n<meta property=\"og:type\" content=\"article\" \/>\n<meta property=\"og:title\" content=\"Sangle de batterie pour sac \u00e0 dos de qualit\u00e9 professionnelle\" \/>\n<meta property=\"og:description\" content=\"Le harnais de batterie dorsal 60 V de Kress Commercial allie design ergonomique et praticit\u00e9, avec une hauteur r\u00e9glable pour un ajustement sur mesure et une compatibilit\u00e9 universelle avec les outils. Sa construction est ax\u00e9e sur la r\u00e9partition uniforme du poids, ce qui r\u00e9duit la fatigue pendant les longues p\u00e9riodes de travail.\" \/>\n<meta property=\"og:url\" content=\"https:\/\/www.kress.com\/fr-ca\/sangle-de-batterie-pour-sac-a-dos-de-qualite-professionnelle-kac900\/\" \/>\n<meta property=\"og:site_name\" content=\"Kress\" \/>\n<meta property=\"article:modified_time\" content=\"2025-10-17T10:00:22+00:00\" \/>\n<meta property=\"og:image\" content=\"https:\/\/www.kress.com\/wp-content\/uploads\/2024\/02\/logo_long.png\" \/>\n\t<meta property=\"og:image:width\" content=\"1200\" \/>\n\t<meta property=\"og:image:height\" content=\"675\" \/>\n\t<meta property=\"og:image:type\" content=\"image\/png\" \/>\n<meta name=\"twitter:card\" content=\"summary_large_image\" \/>\n<script type=\"application\/ld+json\" class=\"yoast-schema-graph\">{\"@context\":\"https:\/\/schema.org\",\"@graph\":[{\"@type\":\"WebPage\",\"@id\":\"https:\/\/www.kress.com\/fr-ca\/sangle-de-batterie-pour-sac-a-dos-de-qualite-professionnelle-kac900\/\",\"url\":\"https:\/\/www.kress.com\/fr-ca\/sangle-de-batterie-pour-sac-a-dos-de-qualite-professionnelle-kac900\/\",\"name\":\"Sangle de batterie pour sac \u00e0 dos de qualit\u00e9 professionnelle | Kress\",\"isPartOf\":{\"@id\":\"https:\/\/www.kress.com\/de-de\/#website\"},\"datePublished\":\"2024-03-26T08:16:32+00:00\",\"dateModified\":\"2025-10-17T10:00:22+00:00\",\"breadcrumb\":{\"@id\":\"https:\/\/www.kress.com\/fr-ca\/sangle-de-batterie-pour-sac-a-dos-de-qualite-professionnelle-kac900\/#breadcrumb\"},\"inLanguage\":\"fr-CA\",\"potentialAction\":[{\"@type\":\"ReadAction\",\"target\":[\"https:\/\/www.kress.com\/fr-ca\/sangle-de-batterie-pour-sac-a-dos-de-qualite-professionnelle-kac900\/\"]}]},{\"@type\":\"BreadcrumbList\",\"@id\":\"https:\/\/www.kress.com\/fr-ca\/sangle-de-batterie-pour-sac-a-dos-de-qualite-professionnelle-kac900\/#breadcrumb\",\"itemListElement\":[{\"@type\":\"ListItem\",\"position\":1,\"name\":\"Home\",\"item\":\"https:\/\/www.kress.com\/fr-ca\/\"},{\"@type\":\"ListItem\",\"position\":2,\"name\":\"Produits\",\"item\":\"https:\/\/www.kress.com\/fr-fr\/shop\/\"},{\"@type\":\"ListItem\",\"position\":3,\"name\":\"Sangle de batterie pour sac \u00e0 dos de qualit\u00e9 professionnelle\"}]},{\"@type\":\"WebSite\",\"@id\":\"https:\/\/www.kress.com\/de-de\/#website\",\"url\":\"https:\/\/www.kress.com\/de-de\/\",\"name\":\"Kress\",\"description\":\"\",\"publisher\":{\"@id\":\"https:\/\/www.kress.com\/de-de\/#organization\"},\"potentialAction\":[{\"@type\":\"SearchAction\",\"target\":{\"@type\":\"EntryPoint\",\"urlTemplate\":\"https:\/\/www.kress.com\/de-de\/?s={search_term_string}\"},\"query-input\":{\"@type\":\"PropertyValueSpecification\",\"valueRequired\":true,\"valueName\":\"search_term_string\"}}],\"inLanguage\":\"fr-CA\"},{\"@type\":\"Organization\",\"@id\":\"https:\/\/www.kress.com\/de-de\/#organization\",\"name\":\"Kress\",\"url\":\"https:\/\/www.kress.com\/de-de\/\",\"logo\":{\"@type\":\"ImageObject\",\"inLanguage\":\"fr-CA\",\"@id\":\"https:\/\/www.kress.com\/de-de\/#\/schema\/logo\/image\/\",\"url\":\"https:\/\/www.kress.com\/wp-content\/uploads\/2024\/02\/logo.png\",\"contentUrl\":\"https:\/\/www.kress.com\/wp-content\/uploads\/2024\/02\/logo.png\",\"width\":696,\"height\":696,\"caption\":\"Kress\"},\"image\":{\"@id\":\"https:\/\/www.kress.com\/de-de\/#\/schema\/logo\/image\/\"}}]}<\/script>\n<!-- \/ Yoast SEO Premium plugin. -->","yoast_head_json":{"title":"Sangle de batterie pour sac \u00e0 dos de qualit\u00e9 professionnelle | Kress","robots":{"index":"index","follow":"follow","max-snippet":"max-snippet:-1","max-image-preview":"max-image-preview:large","max-video-preview":"max-video-preview:-1"},"og_locale":"fr_CA","og_type":"article","og_title":"Sangle de batterie pour sac \u00e0 dos de qualit\u00e9 professionnelle","og_description":"Le harnais de batterie dorsal 60 V de Kress Commercial allie design ergonomique et praticit\u00e9, avec une hauteur r\u00e9glable pour un ajustement sur mesure et une compatibilit\u00e9 universelle avec les outils. Sa construction est ax\u00e9e sur la r\u00e9partition uniforme du poids, ce qui r\u00e9duit la fatigue pendant les longues p\u00e9riodes de travail.","og_url":"https:\/\/www.kress.com\/fr-ca\/sangle-de-batterie-pour-sac-a-dos-de-qualite-professionnelle-kac900\/","og_site_name":"Kress","article_modified_time":"2025-10-17T10:00:22+00:00","og_image":[{"width":1200,"height":675,"url":"https:\/\/www.kress.com\/wp-content\/uploads\/2024\/02\/logo_long.png","type":"image\/png"}],"twitter_card":"summary_large_image","schema":{"@context":"https:\/\/schema.org","@graph":[{"@type":"WebPage","@id":"https:\/\/www.kress.com\/fr-ca\/sangle-de-batterie-pour-sac-a-dos-de-qualite-professionnelle-kac900\/","url":"https:\/\/www.kress.com\/fr-ca\/sangle-de-batterie-pour-sac-a-dos-de-qualite-professionnelle-kac900\/","name":"Sangle de batterie pour sac \u00e0 dos de qualit\u00e9 professionnelle | Kress","isPartOf":{"@id":"https:\/\/www.kress.com\/de-de\/#website"},"datePublished":"2024-03-26T08:16:32+00:00","dateModified":"2025-10-17T10:00:22+00:00","breadcrumb":{"@id":"https:\/\/www.kress.com\/fr-ca\/sangle-de-batterie-pour-sac-a-dos-de-qualite-professionnelle-kac900\/#breadcrumb"},"inLanguage":"fr-CA","potentialAction":[{"@type":"ReadAction","target":["https:\/\/www.kress.com\/fr-ca\/sangle-de-batterie-pour-sac-a-dos-de-qualite-professionnelle-kac900\/"]}]},{"@type":"BreadcrumbList","@id":"https:\/\/www.kress.com\/fr-ca\/sangle-de-batterie-pour-sac-a-dos-de-qualite-professionnelle-kac900\/#breadcrumb","itemListElement":[{"@type":"ListItem","position":1,"name":"Home","item":"https:\/\/www.kress.com\/fr-ca\/"},{"@type":"ListItem","position":2,"name":"Produits","item":"https:\/\/www.kress.com\/fr-fr\/shop\/"},{"@type":"ListItem","position":3,"name":"Sangle de batterie pour sac \u00e0 dos de qualit\u00e9 professionnelle"}]},{"@type":"WebSite","@id":"https:\/\/www.kress.com\/de-de\/#website","url":"https:\/\/www.kress.com\/de-de\/","name":"Kress","description":"","publisher":{"@id":"https:\/\/www.kress.com\/de-de\/#organization"},"potentialAction":[{"@type":"SearchAction","target":{"@type":"EntryPoint","urlTemplate":"https:\/\/www.kress.com\/de-de\/?s={search_term_string}"},"query-input":{"@type":"PropertyValueSpecification","valueRequired":true,"valueName":"search_term_string"}}],"inLanguage":"fr-CA"},{"@type":"Organization","@id":"https:\/\/www.kress.com\/de-de\/#organization","name":"Kress","url":"https:\/\/www.kress.com\/de-de\/","logo":{"@type":"ImageObject","inLanguage":"fr-CA","@id":"https:\/\/www.kress.com\/de-de\/#\/schema\/logo\/image\/","url":"https:\/\/www.kress.com\/wp-content\/uploads\/2024\/02\/logo.png","contentUrl":"https:\/\/www.kress.com\/wp-content\/uploads\/2024\/02\/logo.png","width":696,"height":696,"caption":"Kress"},"image":{"@id":"https:\/\/www.kress.com\/de-de\/#\/schema\/logo\/image\/"}}]}},"_links":{"self":[{"href":"https:\/\/www.kress.com\/fr-ca\/wp-json\/wp\/v2\/product\/34371","targetHints":{"allow":["GET"]}}],"collection":[{"href":"https:\/\/www.kress.com\/fr-ca\/wp-json\/wp\/v2\/product"}],"about":[{"href":"https:\/\/www.kress.com\/fr-ca\/wp-json\/wp\/v2\/types\/product"}],"wp:attachment":[{"href":"https:\/\/www.kress.com\/fr-ca\/wp-json\/wp\/v2\/media?parent=34371"}],"wp:term":[{"taxonomy":"product_brand","embeddable":true,"href":"https:\/\/www.kress.com\/fr-ca\/wp-json\/wp\/v2\/product_brand?post=34371"},{"taxonomy":"product_cat","embeddable":true,"href":"https:\/\/www.kress.com\/fr-ca\/wp-json\/wp\/v2\/product_cat?post=34371"},{"taxonomy":"product_tag","embeddable":true,"href":"https:\/\/www.kress.com\/fr-ca\/wp-json\/wp\/v2\/product_tag?post=34371"}],"curies":[{"name":"wp","href":"https:\/\/api.w.org\/{rel}","templated":true}]}}