{"id":9358,"date":"2023-03-20T13:38:02","date_gmt":"2023-03-20T12:38:02","guid":{"rendered":"https:\/\/www.kress.com\/?page_id=9358"},"modified":"2023-03-20T13:38:26","modified_gmt":"2023-03-20T12:38:26","slug":"modalites-et-conditions","status":"publish","type":"page","link":"https:\/\/www.kress.com\/fr-ca\/modalites-et-conditions\/","title":{"rendered":"Modalit\u00e9s et conditions"},"content":{"rendered":"<p>&nbsp;<\/p>\n<p><strong>CONDITIONS G\u00c9N\u00c9RALES DE VENTE EN LIGNE (\u00ab\u00a0CONDITIONS\u00a0\u00bb)<\/strong><\/p>\n<p>Dans ces termes et conditions, \u00ab&nbsp;nous&nbsp;\u00bb et \u00ab&nbsp;KRESS&nbsp;\u00bb d\u00e9signent Positec Tool Corporation, ses filiales Positec USA, Inc. et RW Direct, Inc. et ses soci\u00e9t\u00e9s affili\u00e9es. \u00ab&nbsp;Vous&nbsp;\u00bb signifie vous en tant qu\u2019utilisateur de ce site Web ou en tant que client de KRESS. En visitant ce site web ou en passant une commande par le biais de ce site web (\u00ab&nbsp;site web&nbsp;\u00bb), vous acceptez les conditions \u00e9nonc\u00e9es ci-dessous ainsi que la&nbsp;<a href=\"https:\/\/www.kress.com\/fr-ca\/politique-de-confidentialite\/\" target=\"_blank\" rel=\"nofollow noopener\">politique de confidentialit\u00e9<\/a>&nbsp;de KRESS. Les pr\u00e9sentes conditions ainsi que votre confirmation de commande constituent le contrat entre nous et vous pour l\u2019achat de nos produits. Aucune autre condition n\u2019est applicable. Le contrat ne peut pas \u00eatre modifi\u00e9 sauf si KRESS accepte de le modifier par \u00e9crit ou par e-mail.<\/p>\n<p><strong>Mots de passe et s\u00e9curit\u00e9<\/strong><br \/>\nSi vous cr\u00e9ez un compte sur le site Web, vous convenez que vous \u00eates responsable du maintien de la s\u00e9curit\u00e9 et de la confidentialit\u00e9 de votre mot de passe et que vous \u00eates enti\u00e8rement responsable de toutes les activit\u00e9s ou de tous les frais encourus dans le cadre de votre compte. Par cons\u00e9quent, vous devez prendre des mesures raisonnables pour veiller \u00e0 ce que d\u2019autres personnes n\u2019aient pas acc\u00e8s \u00e0 votre mot de passe et \u00e0 votre compte. Les employ\u00e9s de KRESS ne vous demanderont jamais votre mot de passe. Les informations que nous obtenons par votre utilisation de ce site Web, y compris vos informations d\u2019enregistrement, sont soumises \u00e0 notre politique de confidentialit\u00e9, qui est sp\u00e9cifiquement incorpor\u00e9e par r\u00e9f\u00e9rence dans les pr\u00e9sentes conditions. Vous acceptez \u00e9galement de vous assurer que vous vous d\u00e9connectez de votre compte \u00e0 la fin de chaque session sur le site web. Vous devez faire preuve d\u2019une prudence particuli\u00e8re lorsque vous acc\u00e9dez \u00e0 votre compte \u00e0 partir d\u2019un ordinateur public ou partag\u00e9, afin que d\u2019autres personnes ne soient pas en mesure de voir ou d\u2019enregistrer votre mot de passe ou d\u2019autres informations personnelles. Nous avons le droit de d\u00e9sactiver tout nom d\u2019utilisateur, mot de passe ou autre identifiant, qu\u2019il soit choisi par vous ou fourni par nous, \u00e0 tout moment (\u00e0 notre seule discr\u00e9tion, pour une raison quelconque ou non, y compris si, \u00e0 notre avis, vous avez viol\u00e9 une disposition des pr\u00e9sentes conditions).<\/p>\n<p><strong>Tarification, corrections de prix et promotions<\/strong><br \/>\nKRESS se r\u00e9serve le droit de modifier les prix des produits affich\u00e9s sur le site Web \u00e0 tout moment, et de corriger les erreurs de prix qui peuvent se produire par inadvertance. Un seul code promo peut \u00eatre utilis\u00e9 par commande. KRESS peut annuler les codes de coupon ou les promotions \u00e0 tout moment.<\/p>\n<p><strong>Acceptation\/Confirmation de la commande<\/strong><br \/>\nKRESS peut, \u00e0 sa seule discr\u00e9tion, refuser ou annuler toute commande et limiter la quantit\u00e9 command\u00e9e. KRESS peut \u00e9galement demander des informations suppl\u00e9mentaires avant d\u2019accepter ou de traiter une commande. Une fois que nous aurons re\u00e7u votre commande en ligne sur le site Web, nous vous enverrons un courriel de confirmation de la commande. La r\u00e9ception de cette confirmation de commande ne signifie toutefois pas que KRESS accepte votre commande et ne constitue pas une confirmation de notre offre de vente \u2013 elle confirme simplement que nous avons re\u00e7u votre commande. KRESS se r\u00e9serve le droit, \u00e0 tout moment apr\u00e8s r\u00e9ception de votre commande, d\u2019accepter ou de refuser votre commande pour n\u2019importe quelle raison. Si KRESS annule une commande apr\u00e8s que vous avez d\u00e9j\u00e0 \u00e9t\u00e9 factur\u00e9, KRESS remboursera le montant factur\u00e9. Ce site Web ne traite pas les cartes de cr\u00e9dit et ne prend pas d\u2019autres informations relatives au traitement des paiements. Le traitement des paiements est assur\u00e9 par des services tiers. Votre carte de cr\u00e9dit sera pr\u00e9-autoris\u00e9e pour le total (ou le premier paiement) lors de la commande, la carte de cr\u00e9dit est d\u00e9bit\u00e9e lorsque le produit est exp\u00e9di\u00e9.<br \/>\nPour \u00e9viter tout retard inutile dans le traitement de votre commande, veuillez vous assurer que l\u2019adresse de facturation figurant sur votre commande correspond aux informations de facturation figurant sur votre compte de carte de cr\u00e9dit. Si vous avez r\u00e9cemment d\u00e9m\u00e9nag\u00e9, ou si vous n\u2019\u00eates pas s\u00fbr de recevoir votre relev\u00e9 de carte de cr\u00e9dit \u00e0 votre adresse professionnelle ou personnelle, veuillez contacter la banque \u00e9mettrice de votre carte.<\/p>\n<p><strong>Exp\u00e9dition et livraison<\/strong><br \/>\nKRESS exp\u00e9die des articles dans la zone continentale des \u00c9tats-Unis, en Alaska, \u00e0 Hawa\u00ef, \u00e0 Porto Rico, \u00e0 Guam et au Canada. Les envois peuvent \u00eatre effectu\u00e9s \u00e0 des adresses de bo\u00eetes postales lorsque l\u2019envoi est effectu\u00e9 par Smartpost et si l\u2019envoi est inf\u00e9rieur \u00e0 70lbs. Les envois peuvent \u00eatre effectu\u00e9s vers les territoires des \u00c9tats-Unis. Les envois ne peuvent \u00eatre effectu\u00e9s \u00e0 des adresses situ\u00e9es en dehors des \u00c9tats-Unis ou du Canada. Vous ne pouvez pas exporter les produits achet\u00e9s sur le site web. Des frais d\u2019exp\u00e9dition suppl\u00e9mentaires peuvent \u00eatre appliqu\u00e9s sur certaines commandes en fonction du produit s\u00e9lectionn\u00e9 et\/ou de la localisation du destinataire. La date de livraison de votre commande peut \u00eatre affect\u00e9e par de nombreux \u00e9v\u00e9nements ind\u00e9pendants de la volont\u00e9 de KRESS une fois qu\u2019elle a quitt\u00e9 nos installations. Pour cette raison, KRESS ne peut \u00eatre tenu responsable des retards dans les livraisons pr\u00e9vues.<\/p>\n<p><strong>Disponibilit\u00e9 et limites du produit<\/strong><br \/>\n\u00c9tant donn\u00e9 la popularit\u00e9 et\/ou les consid\u00e9rations d\u2019approvisionnement de certains de nos produits, KRESS se r\u00e9serve le droit de limiter le nombre de produits disponibles \u00e0 l\u2019achat, et se r\u00e9serve le droit de modifier les quantit\u00e9s disponibles \u00e0 l\u2019achat \u00e0 tout moment, m\u00eame apr\u00e8s que vous ayez pass\u00e9 une commande. En outre, il peut arriver que KRESS confirme votre commande mais apprenne par la suite qu\u2019elle ne peut pas fournir le produit command\u00e9. Dans le cas o\u00f9 KRESS ne peut pas fournir un produit que vous avez command\u00e9, nous annulerons la commande et vous rembourserons int\u00e9gralement le prix d\u2019achat.<\/p>\n<p><strong>Limitations de la responsabilit\u00e9, d\u00e9nis de responsabilit\u00e9 et indemnisations<\/strong><br \/>\nVotre recours exclusif et notre enti\u00e8re responsabilit\u00e9, le cas \u00e9ch\u00e9ant, pour toute r\u00e9clamation d\u00e9coulant des pr\u00e9sentes conditions et de votre utilisation de ce site Web, seront limit\u00e9s au montant que vous nous avez pay\u00e9 pour les produits achet\u00e9s sur le site Web au cours de la p\u00e9riode de 12 mois pr\u00e9c\u00e9dant l\u2019acte donnant lieu \u00e0 la responsabilit\u00e9. Vous acceptez de nous d\u00e9fendre, de nous indemniser et de nous d\u00e9gager, ainsi que nos soci\u00e9t\u00e9s affili\u00e9es, de toute responsabilit\u00e9, de toute r\u00e9clamation et de toute d\u00e9pense, y compris les honoraires d\u2019avocat, pouvant r\u00e9sulter de votre utilisation ou de votre mauvaise utilisation de ce site Web. Nous nous r\u00e9servons le droit, \u00e0 nos propres frais, d\u2019assumer la d\u00e9fense et le contr\u00f4le exclusifs de toute question autrement soumise \u00e0 une indemnisation de votre part, auquel cas vous coop\u00e9rerez avec nous pour faire valoir toute d\u00e9fense disponible.<\/p>\n<p>EN AUCUN CAS KRESS OU SES AFFILI\u00c9S NE POURRONT \u00caTRE TENUS RESPONSABLES ENVERS VOUS OU UN TIERS DE TOUT DOMMAGE SP\u00c9CIAL, PUNITIF, ACCIDENTEL, INDIRECT OU CONS\u00c9CUTIF DE QUELQUE NATURE QUE CE SOIT, OU DE TOUT DOMMAGE QUEL QU\u2019IL SOIT, Y COMPRIS, MAIS SANS S\u2019Y LIMITER, CEUX R\u00c9SULTANT DE LA PERTE D\u2019UTILISATION, DE DONN\u00c9ES OU DE B\u00c9N\u00c9FICES, QUE NOUS AYONS OU NON \u00c9T\u00c9 INFORM\u00c9S DE LA POSSIBILIT\u00c9 DE TELS DOMMAGES, ET SUR TOUTE TH\u00c9ORIE DE RESPONSABILIT\u00c9, D\u00c9COULANT DE OU EN RELATION AVEC L\u2019UTILISATION DE CE SITE WEB OU DE TOUT SITE WEB R\u00c9F\u00c9RENC\u00c9 OU LI\u00c9 \u00c0 CE SITE. EN OUTRE, NOUS NE SERONS EN AUCUN CAS RESPONSABLES DE L\u2019ASSISTANCE DE TIERS (TELS QUE LES PROCESSEURS DE CARTES DE CR\u00c9DIT) DANS LA R\u00c9ALISATION DE TRANSACTIONS COMMERCIALES PAR LE BIAIS DE CE SITE, Y COMPRIS, MAIS SANS S\u2019Y LIMITER, LE TRAITEMENT DES COMMANDES. CERTAINES JURIDICTIONS INTERDISENT L\u2019EXCLUSION OU LA LIMITATION DE LA RESPONSABILIT\u00c9 POUR LES DOMMAGES INDIRECTS OU ACCESSOIRES, DE SORTE QUE LES LIMITATIONS CI-DESSUS PEUVENT NE PAS S\u2019APPLIQUER \u00c0 VOUS. VEUILLEZ CONSULTER LES LOIS EN VIGUEUR DANS VOTRE JURIDICTION.<\/p>\n<p>CE SITE WEB PEUT CONTENIR DES ERREURS TECHNIQUES OU AUTRES, DES INEXACTITUDES OU DES ERREURS TYPOGRAPHIQUES. NOUS POUVONS APPORTER DES MODIFICATIONS AU CONTENU DE CE SITE WEB, Y COMPRIS AUX PRIX ET AUX DESCRIPTIONS DES PRODUITS QUI Y FIGURENT, \u00c0 TOUT MOMENT ET SANS PR\u00c9AVIS.<\/p>\n<p>KRESS D\u00c9CLINE PAR LA PR\u00c9SENTE TOUTE GARANTIE DE QUELQUE NATURE QUE CE SOIT, QU\u2019ELLE SOIT EXPRESSE OU IMPLICITE, STATUTAIRE OU AUTRE, Y COMPRIS, MAIS SANS S\u2019Y LIMITER, TOUTE GARANTIE DE QUALIT\u00c9 MARCHANDE, DE NON-CONTREFA\u00c7ON ET D\u2019AD\u00c9QUATION \u00c0 UN USAGE PARTICULIER. CE QUI PR\u00c9C\u00c8DE N\u2019AFFECTE PAS LES GARANTIES QUI NE PEUVENT \u00caTRE EXCLUES OU LIMIT\u00c9ES EN VERTU DE LA LOI APPLICABLE.<\/p>\n<p>TOUTE CAUSE D\u2019ACTION OU R\u00c9CLAMATION QUE VOUS POUVEZ AVOIR D\u00c9COULANT DE CES CONDITIONS OU DU SITE WEB, OU S\u2019Y RAPPORTANT, DOIT \u00caTRE ENTAM\u00c9E DANS UN D\u00c9LAI D\u2019UN (1) AN APR\u00c8S LA SURVENANCE DE LA CAUSE D\u2019ACTION, SINON, CETTE CAUSE D\u2019ACTION OU R\u00c9CLAMATION EST D\u00c9FINITIVEMENT PRESCRITE.<\/p>\n<p><strong>Loi applicable<\/strong><br \/>\nCe site Web (\u00e0 l\u2019exclusion des sites Web de tiers) est contr\u00f4l\u00e9 par nous depuis nos bureaux situ\u00e9s en Caroline du Nord, et les statuts et les lois de l\u2019\u00c9tat de Caroline du Nord sont d\u00e9terminants, sans \u00e9gard aux principes de conflits de lois. En ce qui concerne toutes les questions d\u00e9coulant des pr\u00e9sentes conditions, vous acceptez de vous soumettre \u00e0 la comp\u00e9tence personnelle exclusive des tribunaux f\u00e9d\u00e9raux et d\u2019\u00c9tat de l\u2019\u00c9tat de Caroline du Nord comp\u00e9tents en la mati\u00e8re.<\/p>\n<p>EN UTILISANT CE SITE WEB, VOUS :<\/p>\n<ul>\n<li>reconnaissez que vous avez lu et compris le pr\u00e9sent accord dans son int\u00e9gralit\u00e9 ;<\/li>\n<li>d\u00e9clarez que vous \u00eates \u00e2g\u00e9 d\u2019au moins 18 ans et que vous avez le pouvoir de conclure le pr\u00e9sent accord ;<\/li>\n<li>accepter d\u2019\u00eatre li\u00e9 par les obligations du pr\u00e9sent accord et de les ex\u00e9cuter ;<\/li>\n<li>accepter que KRESS puisse d\u00e9biter le compte de votre carte de cr\u00e9dit du prix d\u2019achat des produits, y compris les frais d\u2019exp\u00e9dition et de manutention associ\u00e9s, et les taxes applicables que nous sommes oblig\u00e9s de collecter aupr\u00e8s de vous (le cas \u00e9ch\u00e9ant) en vertu du pr\u00e9sent contrat ; et<\/li>\n<li>d\u00e9clarez que toutes les informations que vous avez fournies \u00e0 KRESS sont vraies et exactes au meilleur de votre connaissance.il est fortement recommand\u00e9 d\u2019imprimer une copie de cet accord pour vos dossiers \u00e0 ce moment.<\/li>\n<\/ul>\n<p>&nbsp;<\/p>\n","protected":false},"excerpt":{"rendered":"<p>&nbsp; CONDITIONS G\u00c9N\u00c9RALES DE VENTE EN LIGNE (\u00ab\u00a0CONDITIONS\u00a0\u00bb) Dans ces termes et conditions, \u00ab&nbsp;nous&nbsp;\u00bb et \u00ab&nbsp;KRESS&nbsp;\u00bb d\u00e9signent Positec Tool Corporation, ses filiales Positec USA, Inc. et RW Direct, Inc. et ses soci\u00e9t\u00e9s affili\u00e9es. \u00ab&nbsp;Vous&nbsp;\u00bb signifie vous en tant qu\u2019utilisateur de ce site Web ou en tant que client de KRESS. En visitant ce site web [&hellip;]<\/p>\n","protected":false},"author":18,"featured_media":0,"parent":0,"menu_order":0,"comment_status":"closed","ping_status":"closed","template":"template-page-int.php","meta":{"_acf_changed":false,"footnotes":""},"class_list":["post-9358","page","type-page","status-publish","hentry"],"acf":[],"yoast_head":"<!-- This site is optimized with the Yoast SEO Premium plugin v26.5 (Yoast SEO v27.0) - https:\/\/yoast.com\/product\/yoast-seo-premium-wordpress\/ -->\n<title>Modalit\u00e9s et conditions | Kress<\/title>\n<meta name=\"robots\" content=\"index, follow, max-snippet:-1, max-image-preview:large, max-video-preview:-1\" \/>\n<meta property=\"og:locale\" content=\"fr_CA\" \/>\n<meta property=\"og:type\" content=\"article\" \/>\n<meta property=\"og:title\" content=\"Modalit\u00e9s et conditions\" \/>\n<meta property=\"og:description\" content=\"&nbsp; CONDITIONS G\u00c9N\u00c9RALES DE VENTE EN LIGNE (\u00ab\u00a0CONDITIONS\u00a0\u00bb) Dans ces termes et conditions, \u00ab&nbsp;nous&nbsp;\u00bb et \u00ab&nbsp;KRESS&nbsp;\u00bb d\u00e9signent Positec Tool Corporation, ses filiales Positec USA, Inc. et RW Direct, Inc. et ses soci\u00e9t\u00e9s affili\u00e9es. \u00ab&nbsp;Vous&nbsp;\u00bb signifie vous en tant qu\u2019utilisateur de ce site Web ou en tant que client de KRESS. En visitant ce site web [&hellip;]\" \/>\n<meta property=\"og:url\" content=\"https:\/\/www.kress.com\/fr-ca\/modalites-et-conditions\/\" \/>\n<meta property=\"og:site_name\" content=\"Kress\" \/>\n<meta property=\"article:modified_time\" content=\"2023-03-20T12:38:26+00:00\" \/>\n<meta property=\"og:image\" content=\"https:\/\/www.kress.com\/wp-content\/uploads\/2024\/02\/logo_long.png\" \/>\n\t<meta property=\"og:image:width\" content=\"1200\" \/>\n\t<meta property=\"og:image:height\" content=\"675\" \/>\n\t<meta property=\"og:image:type\" content=\"image\/png\" \/>\n<meta name=\"twitter:card\" content=\"summary_large_image\" \/>\n<meta name=\"twitter:label1\" content=\"Estimation du temps de lecture\" \/>\n\t<meta name=\"twitter:data1\" content=\"8 minutes\" \/>\n<script type=\"application\/ld+json\" class=\"yoast-schema-graph\">{\"@context\":\"https:\/\/schema.org\",\"@graph\":[{\"@type\":\"WebPage\",\"@id\":\"https:\/\/www.kress.com\/fr-ca\/modalites-et-conditions\/\",\"url\":\"https:\/\/www.kress.com\/fr-ca\/modalites-et-conditions\/\",\"name\":\"Modalit\u00e9s et conditions | Kress\",\"isPartOf\":{\"@id\":\"https:\/\/www.kress.com\/de-de\/#website\"},\"datePublished\":\"2023-03-20T12:38:02+00:00\",\"dateModified\":\"2023-03-20T12:38:26+00:00\",\"breadcrumb\":{\"@id\":\"https:\/\/www.kress.com\/fr-ca\/modalites-et-conditions\/#breadcrumb\"},\"inLanguage\":\"fr-CA\",\"potentialAction\":[{\"@type\":\"ReadAction\",\"target\":[\"https:\/\/www.kress.com\/fr-ca\/modalites-et-conditions\/\"]}]},{\"@type\":\"BreadcrumbList\",\"@id\":\"https:\/\/www.kress.com\/fr-ca\/modalites-et-conditions\/#breadcrumb\",\"itemListElement\":[{\"@type\":\"ListItem\",\"position\":1,\"name\":\"Home\",\"item\":\"https:\/\/www.kress.com\/fr-ca\/\"},{\"@type\":\"ListItem\",\"position\":2,\"name\":\"Modalit\u00e9s et conditions\"}]},{\"@type\":\"WebSite\",\"@id\":\"https:\/\/www.kress.com\/de-de\/#website\",\"url\":\"https:\/\/www.kress.com\/de-de\/\",\"name\":\"Kress\",\"description\":\"\",\"publisher\":{\"@id\":\"https:\/\/www.kress.com\/de-de\/#organization\"},\"potentialAction\":[{\"@type\":\"SearchAction\",\"target\":{\"@type\":\"EntryPoint\",\"urlTemplate\":\"https:\/\/www.kress.com\/de-de\/?s={search_term_string}\"},\"query-input\":{\"@type\":\"PropertyValueSpecification\",\"valueRequired\":true,\"valueName\":\"search_term_string\"}}],\"inLanguage\":\"fr-CA\"},{\"@type\":\"Organization\",\"@id\":\"https:\/\/www.kress.com\/de-de\/#organization\",\"name\":\"Kress\",\"url\":\"https:\/\/www.kress.com\/de-de\/\",\"logo\":{\"@type\":\"ImageObject\",\"inLanguage\":\"fr-CA\",\"@id\":\"https:\/\/www.kress.com\/de-de\/#\/schema\/logo\/image\/\",\"url\":\"https:\/\/www.kress.com\/wp-content\/uploads\/2024\/02\/logo.png\",\"contentUrl\":\"https:\/\/www.kress.com\/wp-content\/uploads\/2024\/02\/logo.png\",\"width\":696,\"height\":696,\"caption\":\"Kress\"},\"image\":{\"@id\":\"https:\/\/www.kress.com\/de-de\/#\/schema\/logo\/image\/\"}}]}<\/script>\n<!-- \/ Yoast SEO Premium plugin. -->","yoast_head_json":{"title":"Modalit\u00e9s et conditions | Kress","robots":{"index":"index","follow":"follow","max-snippet":"max-snippet:-1","max-image-preview":"max-image-preview:large","max-video-preview":"max-video-preview:-1"},"og_locale":"fr_CA","og_type":"article","og_title":"Modalit\u00e9s et conditions","og_description":"&nbsp; CONDITIONS G\u00c9N\u00c9RALES DE VENTE EN LIGNE (\u00ab\u00a0CONDITIONS\u00a0\u00bb) Dans ces termes et conditions, \u00ab&nbsp;nous&nbsp;\u00bb et \u00ab&nbsp;KRESS&nbsp;\u00bb d\u00e9signent Positec Tool Corporation, ses filiales Positec USA, Inc. et RW Direct, Inc. et ses soci\u00e9t\u00e9s affili\u00e9es. \u00ab&nbsp;Vous&nbsp;\u00bb signifie vous en tant qu\u2019utilisateur de ce site Web ou en tant que client de KRESS. En visitant ce site web [&hellip;]","og_url":"https:\/\/www.kress.com\/fr-ca\/modalites-et-conditions\/","og_site_name":"Kress","article_modified_time":"2023-03-20T12:38:26+00:00","og_image":[{"width":1200,"height":675,"url":"https:\/\/www.kress.com\/wp-content\/uploads\/2024\/02\/logo_long.png","type":"image\/png"}],"twitter_card":"summary_large_image","twitter_misc":{"Estimation du temps de lecture":"8 minutes"},"schema":{"@context":"https:\/\/schema.org","@graph":[{"@type":"WebPage","@id":"https:\/\/www.kress.com\/fr-ca\/modalites-et-conditions\/","url":"https:\/\/www.kress.com\/fr-ca\/modalites-et-conditions\/","name":"Modalit\u00e9s et conditions | Kress","isPartOf":{"@id":"https:\/\/www.kress.com\/de-de\/#website"},"datePublished":"2023-03-20T12:38:02+00:00","dateModified":"2023-03-20T12:38:26+00:00","breadcrumb":{"@id":"https:\/\/www.kress.com\/fr-ca\/modalites-et-conditions\/#breadcrumb"},"inLanguage":"fr-CA","potentialAction":[{"@type":"ReadAction","target":["https:\/\/www.kress.com\/fr-ca\/modalites-et-conditions\/"]}]},{"@type":"BreadcrumbList","@id":"https:\/\/www.kress.com\/fr-ca\/modalites-et-conditions\/#breadcrumb","itemListElement":[{"@type":"ListItem","position":1,"name":"Home","item":"https:\/\/www.kress.com\/fr-ca\/"},{"@type":"ListItem","position":2,"name":"Modalit\u00e9s et conditions"}]},{"@type":"WebSite","@id":"https:\/\/www.kress.com\/de-de\/#website","url":"https:\/\/www.kress.com\/de-de\/","name":"Kress","description":"","publisher":{"@id":"https:\/\/www.kress.com\/de-de\/#organization"},"potentialAction":[{"@type":"SearchAction","target":{"@type":"EntryPoint","urlTemplate":"https:\/\/www.kress.com\/de-de\/?s={search_term_string}"},"query-input":{"@type":"PropertyValueSpecification","valueRequired":true,"valueName":"search_term_string"}}],"inLanguage":"fr-CA"},{"@type":"Organization","@id":"https:\/\/www.kress.com\/de-de\/#organization","name":"Kress","url":"https:\/\/www.kress.com\/de-de\/","logo":{"@type":"ImageObject","inLanguage":"fr-CA","@id":"https:\/\/www.kress.com\/de-de\/#\/schema\/logo\/image\/","url":"https:\/\/www.kress.com\/wp-content\/uploads\/2024\/02\/logo.png","contentUrl":"https:\/\/www.kress.com\/wp-content\/uploads\/2024\/02\/logo.png","width":696,"height":696,"caption":"Kress"},"image":{"@id":"https:\/\/www.kress.com\/de-de\/#\/schema\/logo\/image\/"}}]}},"_links":{"self":[{"href":"https:\/\/www.kress.com\/fr-ca\/wp-json\/wp\/v2\/pages\/9358","targetHints":{"allow":["GET"]}}],"collection":[{"href":"https:\/\/www.kress.com\/fr-ca\/wp-json\/wp\/v2\/pages"}],"about":[{"href":"https:\/\/www.kress.com\/fr-ca\/wp-json\/wp\/v2\/types\/page"}],"author":[{"embeddable":true,"href":"https:\/\/www.kress.com\/fr-ca\/wp-json\/wp\/v2\/users\/18"}],"replies":[{"embeddable":true,"href":"https:\/\/www.kress.com\/fr-ca\/wp-json\/wp\/v2\/comments?post=9358"}],"version-history":[{"count":1,"href":"https:\/\/www.kress.com\/fr-ca\/wp-json\/wp\/v2\/pages\/9358\/revisions"}],"predecessor-version":[{"id":9361,"href":"https:\/\/www.kress.com\/fr-ca\/wp-json\/wp\/v2\/pages\/9358\/revisions\/9361"}],"wp:attachment":[{"href":"https:\/\/www.kress.com\/fr-ca\/wp-json\/wp\/v2\/media?parent=9358"}],"curies":[{"name":"wp","href":"https:\/\/api.w.org\/{rel}","templated":true}]}}