{"id":392572,"date":"2024-10-15T13:46:32","date_gmt":"2024-10-15T11:46:32","guid":{"rendered":"https:\/\/www.kress.com\/deals-and-promotions\/"},"modified":"2026-04-28T14:30:17","modified_gmt":"2026-04-28T12:30:17","slug":"offres-et-promotions","status":"publish","type":"page","link":"https:\/\/www.kress.com\/fr-ca\/offres-et-promotions\/","title":{"rendered":"Offres et promotions"},"content":{"rendered":"\n<style>\n\n    .tile-background-white{\n        background-color: #fff !important;\n    }\n\n    section.section-bkg.tile-background-white h3{\n        color: #8D100C !important;\n    }\n\n    section.section-bkg.tile-background-white h4{\n         color: #8D100C !important;font-weight: 800 !important;font-size: 24px !important;\n    }\n\n     section.section-bkg.tile-background-white h6{\n          font-size: 14px !important;\n        line-height: 18px !important;\n        color: #000 !important;\n        font-weight: 400 !important; \n        text-transform: none !important;\n     }\n\n    section.section-bkg.tile-background-white p{\n        color: #000 !important;\n    }\n\n    section.section-bkg.tile-background-white  p,section.section-bkg.tile-background-white  li,section.section-bkg.tile-background-white  ul{\n        color: #000 !important;\n    }\n    \n    \n    section.section-bkg.tile-background-white .btn-minisite {\n        display: block;\n        width: 100%;\n        padding: 20px 30px;\n        font-size: 16px;\n        font-weight: 600;\n        position: relative;\n        cursor: pointer;\n        margin: 40px 0px 30px;\n        border-radius: 100px;\n        border: 1px solid #8D100C !important;\n        color: #8D100C !important;\n        background-size: cover;\n        background-position: center;\n        background-repeat: no-repeat;\n    }\n\n    section.section-bkg.tile-background-white .btn-minisite:after {\n       background-image: url(\/wp-content\/uploads\/custom\/arrow-red.svg) !important;\n        }\n\n\n\n    <\/style>\n\n\n<style>\n\n    .tile-background-white{\n        background-color: #fff !important;\n    }\n\n    section.section-bkg.tile-background-white h3{\n        color: #8D100C !important;\n    }\n\n    section.section-bkg.tile-background-white h4{\n         color: #8D100C !important;font-weight: 800 !important;font-size: 24px !important;\n    }\n\n     section.section-bkg.tile-background-white h6{\n          font-size: 14px !important;\n        line-height: 18px !important;\n        color: #000 !important;\n        font-weight: 400 !important; \n        text-transform: none !important;\n     }\n\n    section.section-bkg.tile-background-white p{\n        color: #000 !important;\n    }\n\n    section.section-bkg.tile-background-white  p,section.section-bkg.tile-background-white  li,section.section-bkg.tile-background-white  ul{\n        color: #000 !important;\n    }\n    \n    \n    section.section-bkg.tile-background-white .btn-minisite {\n        display: block;\n        width: 100%;\n        padding: 20px 30px;\n        font-size: 16px;\n        font-weight: 600;\n        position: relative;\n        cursor: pointer;\n        margin: 40px 0px 30px;\n        border-radius: 100px;\n        border: 1px solid #8D100C !important;\n        color: #8D100C !important;\n        background-size: cover;\n        background-position: center;\n        background-repeat: no-repeat;\n    }\n\n    section.section-bkg.tile-background-white .btn-minisite:after {\n       background-image: url(\/wp-content\/uploads\/custom\/arrow-red.svg) !important;\n        }\n\n\n\n    <\/style>\n\n\n                <section class=\"section-bkg changebkgmobile  p-90-x p-50 malign-end  smallpmobile \"  data-bkgmobile=\"https:\/\/www.kress.com\/wp-content\/uploads\/2026\/03\/CG-Bundle-Deals-and-promotion-M-2.png\" style=\"background-image:url('https:\/\/www.kress.com\/wp-content\/uploads\/2026\/03\/CG-Bundle-Deals-and-promotion-D-3.png');\">\n    <div class=\"row dflex between  columnonmobile align-middle invert \" style=\"height: auto;\">\n\n               <div class=\"col-sm-5\" style=\"height:auto\">\n                \n<div class=\"white strong\" style=\"font-weight:700;text-align:left\">\n    <h3>Recharge rapide pour un travail ininterrompu<\/h3>\n<\/div>\n<div class=\"tile-text\" style=\"text-align:left\"><p>Profitez d\u2019offres exceptionnelles sur les kits Kress Commercial. Offre \u00e0 dur\u00e9e limit\u00e9e !<\/p>\n<\/div>\n<img decoding=\"async\" src=\"\" \/>\n\n\n            <a class=\"btn-minisite \" href=\"https:\/\/www.kress.com\/fr-ca\/offres-et-promotions\/promotion-ensemble-kress-commercial\/\" style=\"margin: 30px 0px 0px;\">D\u00e9couvrez les offres sp\u00e9ciales<\/a>\n    \n\n            <\/div>\n           \n                                    \n                                        <div class=\"col-sm-5\" style=\"height:auto\">\n                    \n<img decoding=\"async\" src=\"\" class=\"nomob\"\/>\n    <img decoding=\"async\" src=\"\" class=\"onlymob\"\/>\n\n\n\n\n                                    <\/div>\n                        \n                <\/div>\n    <\/section>\n\n\n\n<style>\n\n    .tile-background-white{\n        background-color: #fff !important;\n    }\n\n    section.section-bkg.tile-background-white h3{\n        color: #8D100C !important;\n    }\n\n    section.section-bkg.tile-background-white h4{\n         color: #8D100C !important;font-weight: 800 !important;font-size: 24px !important;\n    }\n\n     section.section-bkg.tile-background-white h6{\n          font-size: 14px !important;\n        line-height: 18px !important;\n        color: #000 !important;\n        font-weight: 400 !important; \n        text-transform: none !important;\n     }\n\n    section.section-bkg.tile-background-white p{\n        color: #000 !important;\n    }\n\n    section.section-bkg.tile-background-white  p,section.section-bkg.tile-background-white  li,section.section-bkg.tile-background-white  ul{\n        color: #000 !important;\n    }\n    \n    \n    section.section-bkg.tile-background-white .btn-minisite {\n        display: block;\n        width: 100%;\n        padding: 20px 30px;\n        font-size: 16px;\n        font-weight: 600;\n        position: relative;\n        cursor: pointer;\n        margin: 40px 0px 30px;\n        border-radius: 100px;\n        border: 1px solid #8D100C !important;\n        color: #8D100C !important;\n        background-size: cover;\n        background-position: center;\n        background-repeat: no-repeat;\n    }\n\n    section.section-bkg.tile-background-white .btn-minisite:after {\n       background-image: url(\/wp-content\/uploads\/custom\/arrow-red.svg) !important;\n        }\n\n\n\n    <\/style>\n\n     <section class=\"section-bkg changebkgmobile tileinside pmobile  tile-background-red  p-90-x p-50 malign-end  \"  data-bkgmobile=\"https:\/\/www.kress.com\/wp-content\/uploads\/2026\/04\/cover-image-ok.png\" style=\"background-image:url('https:\/\/www.kress.com\/wp-content\/uploads\/2026\/04\/cover-image-D-2.png');\">\n            <div class=\"row dflex align-middle malign-end left\">\n                        <div class=\"col-sm-5\" style=\"height: auto;\">\n                                                <h3>\n                Entretien des pelouses automatis\u00e9es Kress            <\/h3>\n                             \n            <p>D&eacute;couvrez une nouvelle g&eacute;n&eacute;ration pour l&rsquo;entretien de votre pelouse avec les tondeuses robotis&eacute;es Kress RTKn. Des petits jardins aux grands terrains, profitez d&rsquo;une tonte pr&eacute;cise, sans c&acirc;bles, sans antenne et sans effort. &Eacute;conomisez jusqu&rsquo;&agrave; 3 300&nbsp;$* pour une dur&eacute;e limit&eacute;e.<\/p>\n                           \n                                        <a class=\"btn-minisite  bordered\" href=\"https:\/\/www.kress.com\/fr-ca\/offres-et-promotions\/promotion-tondeuses-robot-rtkn\/\" style=\"margin: 30px 0px 0px;\">D\u00e9couvrez les offres d\u00e8s maintenant<\/a>\n                      \n                                   \n        <\/div>\n             <\/div>\n          <\/section>\n\n<style>\n\n    .tile-background-white{\n        background-color: #fff !important;\n    }\n\n    section.section-bkg.tile-background-white h3{\n        color: #8D100C !important;\n    }\n\n    section.section-bkg.tile-background-white h4{\n         color: #8D100C !important;font-weight: 800 !important;font-size: 24px !important;\n    }\n\n     section.section-bkg.tile-background-white h6{\n          font-size: 14px !important;\n        line-height: 18px !important;\n        color: #000 !important;\n        font-weight: 400 !important; \n        text-transform: none !important;\n     }\n\n    section.section-bkg.tile-background-white p{\n        color: #000 !important;\n    }\n\n    section.section-bkg.tile-background-white  p,section.section-bkg.tile-background-white  li,section.section-bkg.tile-background-white  ul{\n        color: #000 !important;\n    }\n    \n    \n    section.section-bkg.tile-background-white .btn-minisite {\n        display: block;\n        width: 100%;\n        padding: 20px 30px;\n        font-size: 16px;\n        font-weight: 600;\n        position: relative;\n        cursor: pointer;\n        margin: 40px 0px 30px;\n        border-radius: 100px;\n        border: 1px solid #8D100C !important;\n        color: #8D100C !important;\n        background-size: cover;\n        background-position: center;\n        background-repeat: no-repeat;\n    }\n\n    section.section-bkg.tile-background-white .btn-minisite:after {\n       background-image: url(\/wp-content\/uploads\/custom\/arrow-red.svg) !important;\n        }\n\n\n\n    <\/style>\n\n\n<style>\n\n    .tile-background-white{\n        background-color: #fff !important;\n    }\n\n    section.section-bkg.tile-background-white h3{\n        color: #8D100C !important;\n    }\n\n    section.section-bkg.tile-background-white h4{\n         color: #8D100C !important;font-weight: 800 !important;font-size: 24px !important;\n    }\n\n     section.section-bkg.tile-background-white h6{\n          font-size: 14px !important;\n        line-height: 18px !important;\n        color: #000 !important;\n        font-weight: 400 !important; \n        text-transform: none !important;\n     }\n\n    section.section-bkg.tile-background-white p{\n        color: #000 !important;\n    }\n\n    section.section-bkg.tile-background-white  p,section.section-bkg.tile-background-white  li,section.section-bkg.tile-background-white  ul{\n        color: #000 !important;\n    }\n    \n    \n    section.section-bkg.tile-background-white .btn-minisite {\n        display: block;\n        width: 100%;\n        padding: 20px 30px;\n        font-size: 16px;\n        font-weight: 600;\n        position: relative;\n        cursor: pointer;\n        margin: 40px 0px 30px;\n        border-radius: 100px;\n        border: 1px solid #8D100C !important;\n        color: #8D100C !important;\n        background-size: cover;\n        background-position: center;\n        background-repeat: no-repeat;\n    }\n\n    section.section-bkg.tile-background-white .btn-minisite:after {\n       background-image: url(\/wp-content\/uploads\/custom\/arrow-red.svg) !important;\n        }\n\n\n\n    <\/style>\n\n\n\n\n     <section class=\"section-bkg changebkgmobile tileinside pmobile  tile-background-red  p-90-x p-50 malign-end  \"  data-bkgmobile=\"https:\/\/www.kress.com\/wp-content\/uploads\/2026\/04\/PGRG-free-blower-or-trimmer-Deals-and-promotion-page-M.png\" style=\"background-image:url('https:\/\/www.kress.com\/wp-content\/uploads\/2026\/04\/PGRG-free-blower-or-trimmer-Deals-and-promotion-page-D.png');\">\n            <div class=\"row dflex align-middle malign-end left\">\n                        <div class=\"col-sm-5\" style=\"height: auto;\">\n                                                <h3>\n                Am\u00e9liorez sans frais suppl\u00e9mentaires            <\/h3>\n                             \n            <p>Obtenez plus de votre tondeuse Kress avec un souffleur gratuit ou une d&eacute;broussailleuse gratuite &mdash; con&ccedil;u pour faciliter le travail quotidien.<\/p>\n                           \n                                        <small style=\"margin-top: 30px;\">* Offre valable sur KG760.1, KG758 et KG761. Choisissez un souffleur ou une d\u00e9broussailleuse gratuite<\/small>\n                       \n        <\/div>\n             <\/div>\n          <\/section>\n\n<style>\n\n    .tile-background-white{\n        background-color: #fff !important;\n    }\n\n    section.section-bkg.tile-background-white h3{\n        color: #8D100C !important;\n    }\n\n    section.section-bkg.tile-background-white h4{\n         color: #8D100C !important;font-weight: 800 !important;font-size: 24px !important;\n    }\n\n     section.section-bkg.tile-background-white h6{\n          font-size: 14px !important;\n        line-height: 18px !important;\n        color: #000 !important;\n        font-weight: 400 !important; \n        text-transform: none !important;\n     }\n\n    section.section-bkg.tile-background-white p{\n        color: #000 !important;\n    }\n\n    section.section-bkg.tile-background-white  p,section.section-bkg.tile-background-white  li,section.section-bkg.tile-background-white  ul{\n        color: #000 !important;\n    }\n    \n    \n    section.section-bkg.tile-background-white .btn-minisite {\n        display: block;\n        width: 100%;\n        padding: 20px 30px;\n        font-size: 16px;\n        font-weight: 600;\n        position: relative;\n        cursor: pointer;\n        margin: 40px 0px 30px;\n        border-radius: 100px;\n        border: 1px solid #8D100C !important;\n        color: #8D100C !important;\n        background-size: cover;\n        background-position: center;\n        background-repeat: no-repeat;\n    }\n\n    section.section-bkg.tile-background-white .btn-minisite:after {\n       background-image: url(\/wp-content\/uploads\/custom\/arrow-red.svg) !important;\n        }\n\n\n\n    <\/style>\n\n\n                <section class=\"section-bkg changebkgmobile  p-90-x p-50 malign-end  smallpmobile \"  data-bkgmobile=\"https:\/\/www.kress.com\/wp-content\/uploads\/2026\/04\/PGRG-free-battery-Deals-and-promotion-page_M.png\" style=\"background-image:url('https:\/\/www.kress.com\/wp-content\/uploads\/2026\/04\/PGRG-free-battery-Deals-and-promotion-page_D.png');\">\n    <div class=\"row dflex between  columnonmobile align-middle invert \" style=\"height: auto;\">\n\n               <div class=\"col-sm-5\" style=\"height:auto\">\n                \n<div class=\"white strong\" style=\"font-weight:700;text-align:left\">\n    <h3>Prolongez l&rsquo;autonomie de votre ensemble Kress avec une batterie suppl\u00e9mentaire gratuite<\/h3>\n<\/div>\n<div class=\"tile-text\" style=\"text-align:left\"><p>Procurez-vous votre ensemble Kress \u00e0 un prix imbattable. De plus, nous incluons une batterie suppl\u00e9mentaire gratuitement. Parfait pour les professionnels soucieux de leur budget et les propri\u00e9taires ax\u00e9s sur la qualit\u00e9.<\/p>\n<\/div>\n\n\n            <a class=\"btn-minisite \" href=\"https:\/\/www.kress.com\/fr-ca\/offres-et-promotions\/kit-kress-avec-batterie-supplementaire-gratuite\/\" style=\"margin: 30px 0px 0px;\">D\u00e9couvrez les offres<\/a>\n    \n\n            <\/div>\n           \n                                    \n                                        <div class=\"col-sm-5\" style=\"height:auto\">\n                    \n<img decoding=\"async\" src=\"\" class=\"nomob\"\/>\n    <img decoding=\"async\" src=\"\" class=\"onlymob\"\/>\n\n\n\n\n                                    <\/div>\n                        \n                <\/div>\n    <\/section>\n\n\n\n                <section class=\"section-bkg changebkgmobile  p-90-x p-90 malign-end  smallpmobile \"  data-bkgmobile=\"https:\/\/www.kress.com\/wp-content\/uploads\/2026\/03\/PGRG-Bundle-2-Landing-page-1-M-1.png\" style=\"background-image:url('https:\/\/www.kress.com\/wp-content\/uploads\/2026\/03\/PGRG-Bundle-2-Landing-page-1-D-1.png');\">\n    <div class=\"row dflex between  columnonmobile align-middle invert \" style=\"height: auto;\">\n\n               <div class=\"col-sm-5\" style=\"height:auto\">\n                \n<div class=\"white strong\" style=\"font-weight:700;text-align:left\">\n    <h3>Achetez une tondeuse Kress 40 V et obtenez un souffleur gratuit<\/h3>\n<\/div>\n<div class=\"tile-text\" style=\"text-align:left\"><p>Une tondeuse Kress puissante et sans essence, con\u00e7ue pour des r\u00e9sultats professionnels \u2014 maintenant avec un souffleur gratuit.*<\/p>\n<\/div>\n\n\n            <a class=\"btn-minisite \" href=\"https:\/\/www.kress.com\/fr-ca\/offres-et-promotions\/tondeuse-avec-souffleur-gratuit\/\" style=\"margin: 30px 0px 0px;\">D\u00e9couvrir les offres<\/a>\n    \n\n    <p style=\"margin-top:40px;padding:0 20px\">\n        <small>\n            <p>* Offre valable sur KG753 et KG754. Choisissez un souffleur gratuit ou b\u00e9n\u00e9ficiez de 20 % de r\u00e9duction.<\/p>\n        <\/small>\n    <\/p>\n            <\/div>\n           \n                                    \n                                        <div class=\"col-sm-6 mtmobile60\" style=\"height:auto\">\n                    \n<img decoding=\"async\" src=\"\" class=\"nomob\"\/>\n    <img decoding=\"async\" src=\"\" class=\"onlymob\"\/>\n\n\n\n\n                                    <\/div>\n                        \n                <\/div>\n    <\/section>\n\n\n     <section class=\"section-bkg changebkgmobile tileinside pmobile  tile-background-red  p-50-x p-90 malign-end  \"  data-bkgmobile=\"https:\/\/www.kress.com\/wp-content\/uploads\/2026\/01\/Img-mobile-3.png\" style=\"background-image:url('https:\/\/www.kress.com\/wp-content\/uploads\/2026\/01\/Raggruppa-6743.jpg');\">\n            <div class=\"row dflex align-middle malign-end left\">\n                        <div class=\"col-sm-5\" style=\"height: auto;\">\n                                                            <p>\n                <strong>\n                    Offres imbattables sur les \u00e9quipements Kress r\u00e9sidentiels                <\/strong>\n            <\/p>\n                 \n            Am\u00e9liorez votre jardin avec les \u00e9quipements Kress R\u00e9sidentiel d\u00e8s maintenant, avec une remise exclusive de 20 %. Agissez rapidement, jusqu&rsquo;\u00e0 \u00e9puisement des inventaires.\n                           \n                                        <a class=\"btn-minisite  bordered\" href=\"https:\/\/www.kress.com\/fr-ca\/offres-et-promotions\/promos-equipements-residentiels-20-reduction\/\" style=\"margin: 30px 0px 0px;\">D\u00e9couvrez les promotions<\/a>\n                      \n                                   \n        <\/div>\n             <\/div>\n          <\/section>\n\n<style>\n\n    .tile-background-white{\n        background-color: #fff !important;\n    }\n\n    section.section-bkg.tile-background-white h3{\n        color: #8D100C !important;\n    }\n\n    section.section-bkg.tile-background-white h4{\n         color: #8D100C !important;font-weight: 800 !important;font-size: 24px !important;\n    }\n\n     section.section-bkg.tile-background-white h6{\n          font-size: 14px !important;\n        line-height: 18px !important;\n        color: #000 !important;\n        font-weight: 400 !important; \n        text-transform: none !important;\n     }\n\n    section.section-bkg.tile-background-white p{\n        color: #000 !important;\n    }\n\n    section.section-bkg.tile-background-white  p,section.section-bkg.tile-background-white  li,section.section-bkg.tile-background-white  ul{\n        color: #000 !important;\n    }\n    \n    \n    section.section-bkg.tile-background-white .btn-minisite {\n        display: block;\n        width: 100%;\n        padding: 20px 30px;\n        font-size: 16px;\n        font-weight: 600;\n        position: relative;\n        cursor: pointer;\n        margin: 40px 0px 30px;\n        border-radius: 100px;\n        border: 1px solid #8D100C !important;\n        color: #8D100C !important;\n        background-size: cover;\n        background-position: center;\n        background-repeat: no-repeat;\n    }\n\n    section.section-bkg.tile-background-white .btn-minisite:after {\n       background-image: url(\/wp-content\/uploads\/custom\/arrow-red.svg) !important;\n        }\n\n\n\n    <\/style>","protected":false},"excerpt":{"rendered":"","protected":false},"author":18,"featured_media":0,"parent":0,"menu_order":0,"comment_status":"closed","ping_status":"closed","template":"","meta":{"_acf_changed":false,"footnotes":""},"class_list":["post-392572","page","type-page","status-publish","hentry"],"acf":[],"yoast_head":"<!-- This site is optimized with the Yoast SEO Premium plugin v26.5 (Yoast SEO v27.0) - https:\/\/yoast.com\/product\/yoast-seo-premium-wordpress\/ -->\n<title>Offres et promotions | Kress<\/title>\n<meta name=\"robots\" content=\"index, follow, max-snippet:-1, max-image-preview:large, max-video-preview:-1\" \/>\n<meta property=\"og:locale\" content=\"fr_CA\" \/>\n<meta property=\"og:type\" content=\"article\" \/>\n<meta property=\"og:title\" content=\"Offres et promotions\" \/>\n<meta property=\"og:url\" content=\"https:\/\/www.kress.com\/fr-ca\/offres-et-promotions\/\" \/>\n<meta property=\"og:site_name\" content=\"Kress\" \/>\n<meta property=\"article:modified_time\" content=\"2026-04-28T12:30:17+00:00\" \/>\n<meta property=\"og:image\" content=\"https:\/\/www.kress.com\/wp-content\/uploads\/2024\/02\/logo_long.png\" \/>\n\t<meta property=\"og:image:width\" content=\"1200\" \/>\n\t<meta property=\"og:image:height\" content=\"675\" \/>\n\t<meta property=\"og:image:type\" content=\"image\/png\" \/>\n<meta name=\"twitter:card\" content=\"summary_large_image\" \/>\n<script type=\"application\/ld+json\" class=\"yoast-schema-graph\">{\"@context\":\"https:\/\/schema.org\",\"@graph\":[{\"@type\":\"WebPage\",\"@id\":\"https:\/\/www.kress.com\/fr-ca\/offres-et-promotions\/\",\"url\":\"https:\/\/www.kress.com\/fr-ca\/offres-et-promotions\/\",\"name\":\"Offres et promotions | Kress\",\"isPartOf\":{\"@id\":\"https:\/\/www.kress.com\/de-de\/#website\"},\"datePublished\":\"2024-10-15T11:46:32+00:00\",\"dateModified\":\"2026-04-28T12:30:17+00:00\",\"breadcrumb\":{\"@id\":\"https:\/\/www.kress.com\/fr-ca\/offres-et-promotions\/#breadcrumb\"},\"inLanguage\":\"fr-CA\",\"potentialAction\":[{\"@type\":\"ReadAction\",\"target\":[\"https:\/\/www.kress.com\/fr-ca\/offres-et-promotions\/\"]}]},{\"@type\":\"BreadcrumbList\",\"@id\":\"https:\/\/www.kress.com\/fr-ca\/offres-et-promotions\/#breadcrumb\",\"itemListElement\":[{\"@type\":\"ListItem\",\"position\":1,\"name\":\"Home\",\"item\":\"https:\/\/www.kress.com\/fr-ca\/\"},{\"@type\":\"ListItem\",\"position\":2,\"name\":\"Offres et promotions\"}]},{\"@type\":\"WebSite\",\"@id\":\"https:\/\/www.kress.com\/de-de\/#website\",\"url\":\"https:\/\/www.kress.com\/de-de\/\",\"name\":\"Kress\",\"description\":\"\",\"publisher\":{\"@id\":\"https:\/\/www.kress.com\/de-de\/#organization\"},\"potentialAction\":[{\"@type\":\"SearchAction\",\"target\":{\"@type\":\"EntryPoint\",\"urlTemplate\":\"https:\/\/www.kress.com\/de-de\/?s={search_term_string}\"},\"query-input\":{\"@type\":\"PropertyValueSpecification\",\"valueRequired\":true,\"valueName\":\"search_term_string\"}}],\"inLanguage\":\"fr-CA\"},{\"@type\":\"Organization\",\"@id\":\"https:\/\/www.kress.com\/de-de\/#organization\",\"name\":\"Kress\",\"url\":\"https:\/\/www.kress.com\/de-de\/\",\"logo\":{\"@type\":\"ImageObject\",\"inLanguage\":\"fr-CA\",\"@id\":\"https:\/\/www.kress.com\/de-de\/#\/schema\/logo\/image\/\",\"url\":\"https:\/\/www.kress.com\/wp-content\/uploads\/2024\/02\/logo.png\",\"contentUrl\":\"https:\/\/www.kress.com\/wp-content\/uploads\/2024\/02\/logo.png\",\"width\":696,\"height\":696,\"caption\":\"Kress\"},\"image\":{\"@id\":\"https:\/\/www.kress.com\/de-de\/#\/schema\/logo\/image\/\"}}]}<\/script>\n<!-- \/ Yoast SEO Premium plugin. -->","yoast_head_json":{"title":"Offres et promotions | Kress","robots":{"index":"index","follow":"follow","max-snippet":"max-snippet:-1","max-image-preview":"max-image-preview:large","max-video-preview":"max-video-preview:-1"},"og_locale":"fr_CA","og_type":"article","og_title":"Offres et promotions","og_url":"https:\/\/www.kress.com\/fr-ca\/offres-et-promotions\/","og_site_name":"Kress","article_modified_time":"2026-04-28T12:30:17+00:00","og_image":[{"width":1200,"height":675,"url":"https:\/\/www.kress.com\/wp-content\/uploads\/2024\/02\/logo_long.png","type":"image\/png"}],"twitter_card":"summary_large_image","schema":{"@context":"https:\/\/schema.org","@graph":[{"@type":"WebPage","@id":"https:\/\/www.kress.com\/fr-ca\/offres-et-promotions\/","url":"https:\/\/www.kress.com\/fr-ca\/offres-et-promotions\/","name":"Offres et promotions | Kress","isPartOf":{"@id":"https:\/\/www.kress.com\/de-de\/#website"},"datePublished":"2024-10-15T11:46:32+00:00","dateModified":"2026-04-28T12:30:17+00:00","breadcrumb":{"@id":"https:\/\/www.kress.com\/fr-ca\/offres-et-promotions\/#breadcrumb"},"inLanguage":"fr-CA","potentialAction":[{"@type":"ReadAction","target":["https:\/\/www.kress.com\/fr-ca\/offres-et-promotions\/"]}]},{"@type":"BreadcrumbList","@id":"https:\/\/www.kress.com\/fr-ca\/offres-et-promotions\/#breadcrumb","itemListElement":[{"@type":"ListItem","position":1,"name":"Home","item":"https:\/\/www.kress.com\/fr-ca\/"},{"@type":"ListItem","position":2,"name":"Offres et promotions"}]},{"@type":"WebSite","@id":"https:\/\/www.kress.com\/de-de\/#website","url":"https:\/\/www.kress.com\/de-de\/","name":"Kress","description":"","publisher":{"@id":"https:\/\/www.kress.com\/de-de\/#organization"},"potentialAction":[{"@type":"SearchAction","target":{"@type":"EntryPoint","urlTemplate":"https:\/\/www.kress.com\/de-de\/?s={search_term_string}"},"query-input":{"@type":"PropertyValueSpecification","valueRequired":true,"valueName":"search_term_string"}}],"inLanguage":"fr-CA"},{"@type":"Organization","@id":"https:\/\/www.kress.com\/de-de\/#organization","name":"Kress","url":"https:\/\/www.kress.com\/de-de\/","logo":{"@type":"ImageObject","inLanguage":"fr-CA","@id":"https:\/\/www.kress.com\/de-de\/#\/schema\/logo\/image\/","url":"https:\/\/www.kress.com\/wp-content\/uploads\/2024\/02\/logo.png","contentUrl":"https:\/\/www.kress.com\/wp-content\/uploads\/2024\/02\/logo.png","width":696,"height":696,"caption":"Kress"},"image":{"@id":"https:\/\/www.kress.com\/de-de\/#\/schema\/logo\/image\/"}}]}},"_links":{"self":[{"href":"https:\/\/www.kress.com\/fr-ca\/wp-json\/wp\/v2\/pages\/392572","targetHints":{"allow":["GET"]}}],"collection":[{"href":"https:\/\/www.kress.com\/fr-ca\/wp-json\/wp\/v2\/pages"}],"about":[{"href":"https:\/\/www.kress.com\/fr-ca\/wp-json\/wp\/v2\/types\/page"}],"author":[{"embeddable":true,"href":"https:\/\/www.kress.com\/fr-ca\/wp-json\/wp\/v2\/users\/18"}],"replies":[{"embeddable":true,"href":"https:\/\/www.kress.com\/fr-ca\/wp-json\/wp\/v2\/comments?post=392572"}],"version-history":[{"count":2,"href":"https:\/\/www.kress.com\/fr-ca\/wp-json\/wp\/v2\/pages\/392572\/revisions"}],"predecessor-version":[{"id":564632,"href":"https:\/\/www.kress.com\/fr-ca\/wp-json\/wp\/v2\/pages\/392572\/revisions\/564632"}],"wp:attachment":[{"href":"https:\/\/www.kress.com\/fr-ca\/wp-json\/wp\/v2\/media?parent=392572"}],"curies":[{"name":"wp","href":"https:\/\/api.w.org\/{rel}","templated":true}]}}