{"id":491537,"date":"2026-01-05T10:03:43","date_gmt":"2026-01-05T10:03:43","guid":{"rendered":""},"modified":"2026-01-05T10:00:25","modified_gmt":"2026-01-05T10:00:25","slug":"kc501-9","status":"publish","type":"product","link":"https:\/\/www.kress.com\/fr-be\/kc501-9\/","title":{"rendered":"Souffleur de feuilles dorsal 60 V de qualit\u00e9 commerciale"},"content":{"rendered":"<p>Con\u00e7u pour les entreprises d&rsquo;am\u00e9nagement paysager qui entretiennent des propri\u00e9t\u00e9s commerciales et des municipalit\u00e9s, le souffleur \u00e0 dos Kress KC501 offre les meilleures performances de la gamme Kress, alliant un rapport puissance\/poids exceptionnel \u00e0 un confort d&rsquo;utilisation tout au long de la journ\u00e9e pour les travaux professionnels exigeants. Avec une force de soufflage pouvant atteindre 41 N, un d\u00e9bit d&rsquo;air de 1631 m\u00b3\/h et une vitesse de l&rsquo;air de 102,5 m\/s, il rivalise avec les souffleurs \u00e0 essence haut de gamme de 80 cm3, \u00e9liminant efficacement les d\u00e9bris \u00e9pais et humides en moins de passages. Fonctionnant \u00e0 seulement 62 dB, il est conforme aux r\u00e9glementations relatives aux zones silencieuses, ce qui le rend id\u00e9al pour les environnements urbains et sensibles au bruit. Faisant partie du CyberSystem commercial de Kress, il offre des performances constantes avec des co\u00fbts d&rsquo;exploitation inf\u00e9rieurs \u00e0 ceux des syst\u00e8mes \u00e0 essence et autres syst\u00e8mes \u00e0 batterie.<\/p>\n","protected":false},"excerpt":{"rendered":"<p>Con\u00e7u pour les entreprises d&rsquo;am\u00e9nagement paysager qui entretiennent des propri\u00e9t\u00e9s commerciales et des municipalit\u00e9s, le souffleur \u00e0 dos Kress KC501 offre les meilleures performances de la gamme Kress, alliant un rapport puissance\/poids exceptionnel \u00e0 un confort d&rsquo;utilisation tout au long de la journ\u00e9e pour les travaux professionnels exigeants. Avec une force de soufflage pouvant atteindre [&hellip;]<\/p>\n","protected":false},"featured_media":0,"template":"","meta":{"_acf_changed":false},"product_brand":[],"product_cat":[],"product_tag":[],"class_list":{"0":"post-491537","1":"product","2":"type-product","3":"status-publish","6":"first","7":"instock","8":"shipping-taxable","9":"purchasable","10":"product-type-simple"},"acf":[],"yoast_head":"<!-- This site is optimized with the Yoast SEO Premium plugin v26.5 (Yoast SEO v27.0) - https:\/\/yoast.com\/product\/yoast-seo-premium-wordpress\/ -->\n<title>Souffleur de feuilles dorsal 60 V de qualit\u00e9 commerciale | Kress<\/title>\n<meta name=\"robots\" content=\"index, follow, max-snippet:-1, max-image-preview:large, max-video-preview:-1\" \/>\n<meta property=\"og:locale\" content=\"fr_FR\" \/>\n<meta property=\"og:type\" content=\"article\" \/>\n<meta property=\"og:title\" content=\"Souffleur de feuilles dorsal 60 V de qualit\u00e9 commerciale\" \/>\n<meta property=\"og:description\" content=\"Con\u00e7u pour les entreprises d&rsquo;am\u00e9nagement paysager qui entretiennent des propri\u00e9t\u00e9s commerciales et des municipalit\u00e9s, le souffleur \u00e0 dos Kress KC501 offre les meilleures performances de la gamme Kress, alliant un rapport puissance\/poids exceptionnel \u00e0 un confort d&rsquo;utilisation tout au long de la journ\u00e9e pour les travaux professionnels exigeants. Avec une force de soufflage pouvant atteindre [&hellip;]\" \/>\n<meta property=\"og:url\" content=\"https:\/\/www.kress.com\/en-gb\/?post_type=product&amp;p=491528\" \/>\n<meta property=\"og:site_name\" content=\"Kress\" \/>\n<meta property=\"og:image\" content=\"https:\/\/www.kress.com\/wp-content\/uploads\/2024\/02\/logo_long.png\" \/>\n\t<meta property=\"og:image:width\" content=\"1200\" \/>\n\t<meta property=\"og:image:height\" content=\"675\" \/>\n\t<meta property=\"og:image:type\" content=\"image\/png\" \/>\n<meta name=\"twitter:card\" content=\"summary_large_image\" \/>\n<meta name=\"twitter:label1\" content=\"Dur\u00e9e de lecture est.\" \/>\n\t<meta name=\"twitter:data1\" content=\"1 minute\" \/>\n<script type=\"application\/ld+json\" class=\"yoast-schema-graph\">{\"@context\":\"https:\/\/schema.org\",\"@graph\":[{\"@type\":\"WebPage\",\"@id\":\"https:\/\/www.kress.com\/en-gb\/?post_type=product&p=491528\",\"url\":\"https:\/\/www.kress.com\/en-gb\/?post_type=product&p=491528\",\"name\":\"Souffleur de feuilles dorsal 60 V de qualit\u00e9 commerciale | Kress\",\"isPartOf\":{\"@id\":\"https:\/\/www.kress.com\/de-de\/#website\"},\"datePublished\":\"2026-01-05T10:03:43+00:00\",\"breadcrumb\":{\"@id\":\"https:\/\/www.kress.com\/en-gb\/?post_type=product&p=491528#breadcrumb\"},\"inLanguage\":\"fr-BE\",\"potentialAction\":[{\"@type\":\"ReadAction\",\"target\":[\"https:\/\/www.kress.com\/en-gb\/?post_type=product&p=491528\"]}]},{\"@type\":\"BreadcrumbList\",\"@id\":\"https:\/\/www.kress.com\/en-gb\/?post_type=product&p=491528#breadcrumb\",\"itemListElement\":[{\"@type\":\"ListItem\",\"position\":1,\"name\":\"Home\",\"item\":\"https:\/\/www.kress.com\/fr-be\/\"},{\"@type\":\"ListItem\",\"position\":2,\"name\":\"Produits\",\"item\":\"https:\/\/www.kress.com\/fr-fr\/shop\/\"},{\"@type\":\"ListItem\",\"position\":3,\"name\":\"KC501.9\"}]},{\"@type\":\"WebSite\",\"@id\":\"https:\/\/www.kress.com\/de-de\/#website\",\"url\":\"https:\/\/www.kress.com\/de-de\/\",\"name\":\"Kress\",\"description\":\"\",\"publisher\":{\"@id\":\"https:\/\/www.kress.com\/de-de\/#organization\"},\"potentialAction\":[{\"@type\":\"SearchAction\",\"target\":{\"@type\":\"EntryPoint\",\"urlTemplate\":\"https:\/\/www.kress.com\/de-de\/?s={search_term_string}\"},\"query-input\":{\"@type\":\"PropertyValueSpecification\",\"valueRequired\":true,\"valueName\":\"search_term_string\"}}],\"inLanguage\":\"fr-BE\"},{\"@type\":\"Organization\",\"@id\":\"https:\/\/www.kress.com\/de-de\/#organization\",\"name\":\"Kress\",\"url\":\"https:\/\/www.kress.com\/de-de\/\",\"logo\":{\"@type\":\"ImageObject\",\"inLanguage\":\"fr-BE\",\"@id\":\"https:\/\/www.kress.com\/de-de\/#\/schema\/logo\/image\/\",\"url\":\"https:\/\/www.kress.com\/wp-content\/uploads\/2024\/02\/logo.png\",\"contentUrl\":\"https:\/\/www.kress.com\/wp-content\/uploads\/2024\/02\/logo.png\",\"width\":696,\"height\":696,\"caption\":\"Kress\"},\"image\":{\"@id\":\"https:\/\/www.kress.com\/de-de\/#\/schema\/logo\/image\/\"}}]}<\/script>\n<!-- \/ Yoast SEO Premium plugin. -->","yoast_head_json":{"title":"Souffleur de feuilles dorsal 60 V de qualit\u00e9 commerciale | Kress","robots":{"index":"index","follow":"follow","max-snippet":"max-snippet:-1","max-image-preview":"max-image-preview:large","max-video-preview":"max-video-preview:-1"},"og_locale":"fr_FR","og_type":"article","og_title":"Souffleur de feuilles dorsal 60 V de qualit\u00e9 commerciale","og_description":"Con\u00e7u pour les entreprises d&rsquo;am\u00e9nagement paysager qui entretiennent des propri\u00e9t\u00e9s commerciales et des municipalit\u00e9s, le souffleur \u00e0 dos Kress KC501 offre les meilleures performances de la gamme Kress, alliant un rapport puissance\/poids exceptionnel \u00e0 un confort d&rsquo;utilisation tout au long de la journ\u00e9e pour les travaux professionnels exigeants. Avec une force de soufflage pouvant atteindre [&hellip;]","og_url":"https:\/\/www.kress.com\/en-gb\/?post_type=product&p=491528","og_site_name":"Kress","og_image":[{"width":1200,"height":675,"url":"https:\/\/www.kress.com\/wp-content\/uploads\/2024\/02\/logo_long.png","type":"image\/png"}],"twitter_card":"summary_large_image","twitter_misc":{"Dur\u00e9e de lecture est.":"1 minute"},"schema":{"@context":"https:\/\/schema.org","@graph":[{"@type":"WebPage","@id":"https:\/\/www.kress.com\/en-gb\/?post_type=product&p=491528","url":"https:\/\/www.kress.com\/en-gb\/?post_type=product&p=491528","name":"Souffleur de feuilles dorsal 60 V de qualit\u00e9 commerciale | Kress","isPartOf":{"@id":"https:\/\/www.kress.com\/de-de\/#website"},"datePublished":"2026-01-05T10:03:43+00:00","breadcrumb":{"@id":"https:\/\/www.kress.com\/en-gb\/?post_type=product&p=491528#breadcrumb"},"inLanguage":"fr-BE","potentialAction":[{"@type":"ReadAction","target":["https:\/\/www.kress.com\/en-gb\/?post_type=product&p=491528"]}]},{"@type":"BreadcrumbList","@id":"https:\/\/www.kress.com\/en-gb\/?post_type=product&p=491528#breadcrumb","itemListElement":[{"@type":"ListItem","position":1,"name":"Home","item":"https:\/\/www.kress.com\/fr-be\/"},{"@type":"ListItem","position":2,"name":"Produits","item":"https:\/\/www.kress.com\/fr-fr\/shop\/"},{"@type":"ListItem","position":3,"name":"KC501.9"}]},{"@type":"WebSite","@id":"https:\/\/www.kress.com\/de-de\/#website","url":"https:\/\/www.kress.com\/de-de\/","name":"Kress","description":"","publisher":{"@id":"https:\/\/www.kress.com\/de-de\/#organization"},"potentialAction":[{"@type":"SearchAction","target":{"@type":"EntryPoint","urlTemplate":"https:\/\/www.kress.com\/de-de\/?s={search_term_string}"},"query-input":{"@type":"PropertyValueSpecification","valueRequired":true,"valueName":"search_term_string"}}],"inLanguage":"fr-BE"},{"@type":"Organization","@id":"https:\/\/www.kress.com\/de-de\/#organization","name":"Kress","url":"https:\/\/www.kress.com\/de-de\/","logo":{"@type":"ImageObject","inLanguage":"fr-BE","@id":"https:\/\/www.kress.com\/de-de\/#\/schema\/logo\/image\/","url":"https:\/\/www.kress.com\/wp-content\/uploads\/2024\/02\/logo.png","contentUrl":"https:\/\/www.kress.com\/wp-content\/uploads\/2024\/02\/logo.png","width":696,"height":696,"caption":"Kress"},"image":{"@id":"https:\/\/www.kress.com\/de-de\/#\/schema\/logo\/image\/"}}]}},"_links":{"self":[{"href":"https:\/\/www.kress.com\/fr-be\/wp-json\/wp\/v2\/product\/491537","targetHints":{"allow":["GET"]}}],"collection":[{"href":"https:\/\/www.kress.com\/fr-be\/wp-json\/wp\/v2\/product"}],"about":[{"href":"https:\/\/www.kress.com\/fr-be\/wp-json\/wp\/v2\/types\/product"}],"wp:attachment":[{"href":"https:\/\/www.kress.com\/fr-be\/wp-json\/wp\/v2\/media?parent=491537"}],"wp:term":[{"taxonomy":"product_brand","embeddable":true,"href":"https:\/\/www.kress.com\/fr-be\/wp-json\/wp\/v2\/product_brand?post=491537"},{"taxonomy":"product_cat","embeddable":true,"href":"https:\/\/www.kress.com\/fr-be\/wp-json\/wp\/v2\/product_cat?post=491537"},{"taxonomy":"product_tag","embeddable":true,"href":"https:\/\/www.kress.com\/fr-be\/wp-json\/wp\/v2\/product_tag?post=491537"}],"curies":[{"name":"wp","href":"https:\/\/api.w.org\/{rel}","templated":true}]}}