{"id":481098,"date":"2025-12-01T10:03:35","date_gmt":"2025-12-01T10:03:35","guid":{"rendered":""},"modified":"2025-12-01T10:00:22","modified_gmt":"2025-12-01T10:00:22","slug":"kr273e","status":"publish","type":"product","link":"https:\/\/www.kress.com\/fr-be\/kr273e\/","title":{"rendered":"Kress EyePilot\u00ae RTK\u207f 3000 m\u00b2 robot tondeuse &#8211; 4G et ZeroTrim"},"content":{"rendered":"<p>Offrant une pr\u00e9cision de tonte digne des plus beaux parcours, le Kress EyePilot\u00ae RTK\u207f KR273E associe le positionnement satellite RTK\u207f, la perception par vision et une v\u00e9ritable transmission int\u00e9grale pour offrir une navigation pr\u00e9cise et stable sur les terrains complexes, sans mat\u00e9riel additionnel.<\/p>\n<p>La correction RTK\u207f est transmise par voie a\u00e9rienne et soutenue par une architecture de positionnement redondante qui garantit une localisation pr\u00e9cise m\u00eame lorsque le signal satellite est d\u00e9grad\u00e9.<\/p>\n<p>Le syst\u00e8me de coupe ZeroTrim r\u00e9alise une tonte pr\u00e9cise jusqu\u2019aux bordures, r\u00e9duisant le besoin de finitions manuelles. Les parcours de tonte structur\u00e9s ou al\u00e9atoires permettent d\u2019obtenir des bandes nettes ou un rendu plus naturel.<\/p>\n<p>La connectivit\u00e9 est assur\u00e9e via Wi-Fi ou 4G int\u00e9gr\u00e9e, pour un fonctionnement fiable m\u00eame lorsque la couverture Wi-Fi est limit\u00e9e. Une carte SIM int\u00e9gr\u00e9e et un service de donn\u00e9es actif sont inclus, afin qu\u2019EyePilot reste connect\u00e9, \u00e0 jour et localisable \u00e0 tout moment et sans frais suppl\u00e9mentaires.<\/p>\n","protected":false},"excerpt":{"rendered":"<p>Offrant une pr\u00e9cision de tonte digne des plus beaux parcours, le Kress EyePilot\u00ae RTK\u207f KR273E associe le positionnement satellite RTK\u207f, la perception par vision et une v\u00e9ritable transmission int\u00e9grale pour offrir une navigation pr\u00e9cise et stable sur les terrains complexes, sans mat\u00e9riel additionnel. La correction RTK\u207f est transmise par voie a\u00e9rienne et soutenue par une [&hellip;]<\/p>\n","protected":false},"featured_media":522466,"template":"","meta":{"_acf_changed":false},"product_brand":[],"product_cat":[],"product_tag":[],"class_list":{"0":"post-481098","1":"product","2":"type-product","3":"status-publish","4":"has-post-thumbnail","7":"first","8":"instock","9":"shipping-taxable","10":"purchasable","11":"product-type-simple"},"acf":[],"yoast_head":"<!-- This site is optimized with the Yoast SEO Premium plugin v26.5 (Yoast SEO v27.0) - https:\/\/yoast.com\/product\/yoast-seo-premium-wordpress\/ -->\n<title>Kress EyePilot\u00ae RTK\u207f 3000 m\u00b2 robot tondeuse - 4G et ZeroTrim | Kress<\/title>\n<meta name=\"robots\" content=\"index, follow, max-snippet:-1, max-image-preview:large, max-video-preview:-1\" \/>\n<meta property=\"og:locale\" content=\"fr_FR\" \/>\n<meta property=\"og:type\" content=\"article\" \/>\n<meta property=\"og:title\" content=\"Kress EyePilot\u00ae RTK\u207f 3000 m\u00b2 robot tondeuse - 4G et ZeroTrim\" \/>\n<meta property=\"og:description\" content=\"Offrant une pr\u00e9cision de tonte digne des plus beaux parcours, le Kress EyePilot\u00ae RTK\u207f KR273E associe le positionnement satellite RTK\u207f, la perception par vision et une v\u00e9ritable transmission int\u00e9grale pour offrir une navigation pr\u00e9cise et stable sur les terrains complexes, sans mat\u00e9riel additionnel. La correction RTK\u207f est transmise par voie a\u00e9rienne et soutenue par une [&hellip;]\" \/>\n<meta property=\"og:url\" content=\"https:\/\/www.kress.com\/en-gb\/?post_type=product&amp;p=481089\" \/>\n<meta property=\"og:site_name\" content=\"Kress\" \/>\n<meta property=\"og:image\" content=\"https:\/\/www.kress.com\/wp-content\/uploads\/2024\/02\/logo_long.png\" \/>\n\t<meta property=\"og:image:width\" content=\"1200\" \/>\n\t<meta property=\"og:image:height\" content=\"675\" \/>\n\t<meta property=\"og:image:type\" content=\"image\/png\" \/>\n<meta name=\"twitter:card\" content=\"summary_large_image\" \/>\n<meta name=\"twitter:label1\" content=\"Dur\u00e9e de lecture est.\" \/>\n\t<meta name=\"twitter:data1\" content=\"1 minute\" \/>\n<script type=\"application\/ld+json\" class=\"yoast-schema-graph\">{\"@context\":\"https:\/\/schema.org\",\"@graph\":[{\"@type\":\"WebPage\",\"@id\":\"https:\/\/www.kress.com\/en-gb\/?post_type=product&p=481089\",\"url\":\"https:\/\/www.kress.com\/en-gb\/?post_type=product&p=481089\",\"name\":\"Kress EyePilot\u00ae RTK\u207f 3000 m\u00b2 robot tondeuse - 4G et ZeroTrim | Kress\",\"isPartOf\":{\"@id\":\"https:\/\/www.kress.com\/de-de\/#website\"},\"primaryImageOfPage\":{\"@id\":\"https:\/\/www.kress.com\/en-gb\/?post_type=product&p=481089#primaryimage\"},\"image\":{\"@id\":\"https:\/\/www.kress.com\/en-gb\/?post_type=product&p=481089#primaryimage\"},\"thumbnailUrl\":\"https:\/\/www.kress.com\/wp-content\/uploads\/onpage\/op_image_c90d7327007fe4bc9e97c7c7df690d28d8940c93.1980x.webp\",\"datePublished\":\"2025-12-01T10:03:35+00:00\",\"breadcrumb\":{\"@id\":\"https:\/\/www.kress.com\/en-gb\/?post_type=product&p=481089#breadcrumb\"},\"inLanguage\":\"fr-BE\",\"potentialAction\":[{\"@type\":\"ReadAction\",\"target\":[\"https:\/\/www.kress.com\/en-gb\/?post_type=product&p=481089\"]}]},{\"@type\":\"ImageObject\",\"inLanguage\":\"fr-BE\",\"@id\":\"https:\/\/www.kress.com\/en-gb\/?post_type=product&p=481089#primaryimage\",\"url\":\"https:\/\/www.kress.com\/wp-content\/uploads\/onpage\/op_image_c90d7327007fe4bc9e97c7c7df690d28d8940c93.1980x.webp\",\"contentUrl\":\"https:\/\/www.kress.com\/wp-content\/uploads\/onpage\/op_image_c90d7327007fe4bc9e97c7c7df690d28d8940c93.1980x.webp\",\"width\":1980,\"height\":1980},{\"@type\":\"BreadcrumbList\",\"@id\":\"https:\/\/www.kress.com\/en-gb\/?post_type=product&p=481089#breadcrumb\",\"itemListElement\":[{\"@type\":\"ListItem\",\"position\":1,\"name\":\"Home\",\"item\":\"https:\/\/www.kress.com\/fr-be\/\"},{\"@type\":\"ListItem\",\"position\":2,\"name\":\"Produits\",\"item\":\"https:\/\/www.kress.com\/fr-fr\/shop\/\"},{\"@type\":\"ListItem\",\"position\":3,\"name\":\"KR273E\"}]},{\"@type\":\"WebSite\",\"@id\":\"https:\/\/www.kress.com\/de-de\/#website\",\"url\":\"https:\/\/www.kress.com\/de-de\/\",\"name\":\"Kress\",\"description\":\"\",\"publisher\":{\"@id\":\"https:\/\/www.kress.com\/de-de\/#organization\"},\"potentialAction\":[{\"@type\":\"SearchAction\",\"target\":{\"@type\":\"EntryPoint\",\"urlTemplate\":\"https:\/\/www.kress.com\/de-de\/?s={search_term_string}\"},\"query-input\":{\"@type\":\"PropertyValueSpecification\",\"valueRequired\":true,\"valueName\":\"search_term_string\"}}],\"inLanguage\":\"fr-BE\"},{\"@type\":\"Organization\",\"@id\":\"https:\/\/www.kress.com\/de-de\/#organization\",\"name\":\"Kress\",\"url\":\"https:\/\/www.kress.com\/de-de\/\",\"logo\":{\"@type\":\"ImageObject\",\"inLanguage\":\"fr-BE\",\"@id\":\"https:\/\/www.kress.com\/de-de\/#\/schema\/logo\/image\/\",\"url\":\"https:\/\/www.kress.com\/wp-content\/uploads\/2024\/02\/logo.png\",\"contentUrl\":\"https:\/\/www.kress.com\/wp-content\/uploads\/2024\/02\/logo.png\",\"width\":696,\"height\":696,\"caption\":\"Kress\"},\"image\":{\"@id\":\"https:\/\/www.kress.com\/de-de\/#\/schema\/logo\/image\/\"}}]}<\/script>\n<!-- \/ Yoast SEO Premium plugin. -->","yoast_head_json":{"title":"Kress EyePilot\u00ae RTK\u207f 3000 m\u00b2 robot tondeuse - 4G et ZeroTrim | Kress","robots":{"index":"index","follow":"follow","max-snippet":"max-snippet:-1","max-image-preview":"max-image-preview:large","max-video-preview":"max-video-preview:-1"},"og_locale":"fr_FR","og_type":"article","og_title":"Kress EyePilot\u00ae RTK\u207f 3000 m\u00b2 robot tondeuse - 4G et ZeroTrim","og_description":"Offrant une pr\u00e9cision de tonte digne des plus beaux parcours, le Kress EyePilot\u00ae RTK\u207f KR273E associe le positionnement satellite RTK\u207f, la perception par vision et une v\u00e9ritable transmission int\u00e9grale pour offrir une navigation pr\u00e9cise et stable sur les terrains complexes, sans mat\u00e9riel additionnel. La correction RTK\u207f est transmise par voie a\u00e9rienne et soutenue par une [&hellip;]","og_url":"https:\/\/www.kress.com\/en-gb\/?post_type=product&p=481089","og_site_name":"Kress","og_image":[{"width":1200,"height":675,"url":"https:\/\/www.kress.com\/wp-content\/uploads\/2024\/02\/logo_long.png","type":"image\/png"}],"twitter_card":"summary_large_image","twitter_misc":{"Dur\u00e9e de lecture est.":"1 minute"},"schema":{"@context":"https:\/\/schema.org","@graph":[{"@type":"WebPage","@id":"https:\/\/www.kress.com\/en-gb\/?post_type=product&p=481089","url":"https:\/\/www.kress.com\/en-gb\/?post_type=product&p=481089","name":"Kress EyePilot\u00ae RTK\u207f 3000 m\u00b2 robot tondeuse - 4G et ZeroTrim | Kress","isPartOf":{"@id":"https:\/\/www.kress.com\/de-de\/#website"},"primaryImageOfPage":{"@id":"https:\/\/www.kress.com\/en-gb\/?post_type=product&p=481089#primaryimage"},"image":{"@id":"https:\/\/www.kress.com\/en-gb\/?post_type=product&p=481089#primaryimage"},"thumbnailUrl":"https:\/\/www.kress.com\/wp-content\/uploads\/onpage\/op_image_c90d7327007fe4bc9e97c7c7df690d28d8940c93.1980x.webp","datePublished":"2025-12-01T10:03:35+00:00","breadcrumb":{"@id":"https:\/\/www.kress.com\/en-gb\/?post_type=product&p=481089#breadcrumb"},"inLanguage":"fr-BE","potentialAction":[{"@type":"ReadAction","target":["https:\/\/www.kress.com\/en-gb\/?post_type=product&p=481089"]}]},{"@type":"ImageObject","inLanguage":"fr-BE","@id":"https:\/\/www.kress.com\/en-gb\/?post_type=product&p=481089#primaryimage","url":"https:\/\/www.kress.com\/wp-content\/uploads\/onpage\/op_image_c90d7327007fe4bc9e97c7c7df690d28d8940c93.1980x.webp","contentUrl":"https:\/\/www.kress.com\/wp-content\/uploads\/onpage\/op_image_c90d7327007fe4bc9e97c7c7df690d28d8940c93.1980x.webp","width":1980,"height":1980},{"@type":"BreadcrumbList","@id":"https:\/\/www.kress.com\/en-gb\/?post_type=product&p=481089#breadcrumb","itemListElement":[{"@type":"ListItem","position":1,"name":"Home","item":"https:\/\/www.kress.com\/fr-be\/"},{"@type":"ListItem","position":2,"name":"Produits","item":"https:\/\/www.kress.com\/fr-fr\/shop\/"},{"@type":"ListItem","position":3,"name":"KR273E"}]},{"@type":"WebSite","@id":"https:\/\/www.kress.com\/de-de\/#website","url":"https:\/\/www.kress.com\/de-de\/","name":"Kress","description":"","publisher":{"@id":"https:\/\/www.kress.com\/de-de\/#organization"},"potentialAction":[{"@type":"SearchAction","target":{"@type":"EntryPoint","urlTemplate":"https:\/\/www.kress.com\/de-de\/?s={search_term_string}"},"query-input":{"@type":"PropertyValueSpecification","valueRequired":true,"valueName":"search_term_string"}}],"inLanguage":"fr-BE"},{"@type":"Organization","@id":"https:\/\/www.kress.com\/de-de\/#organization","name":"Kress","url":"https:\/\/www.kress.com\/de-de\/","logo":{"@type":"ImageObject","inLanguage":"fr-BE","@id":"https:\/\/www.kress.com\/de-de\/#\/schema\/logo\/image\/","url":"https:\/\/www.kress.com\/wp-content\/uploads\/2024\/02\/logo.png","contentUrl":"https:\/\/www.kress.com\/wp-content\/uploads\/2024\/02\/logo.png","width":696,"height":696,"caption":"Kress"},"image":{"@id":"https:\/\/www.kress.com\/de-de\/#\/schema\/logo\/image\/"}}]}},"_links":{"self":[{"href":"https:\/\/www.kress.com\/fr-be\/wp-json\/wp\/v2\/product\/481098","targetHints":{"allow":["GET"]}}],"collection":[{"href":"https:\/\/www.kress.com\/fr-be\/wp-json\/wp\/v2\/product"}],"about":[{"href":"https:\/\/www.kress.com\/fr-be\/wp-json\/wp\/v2\/types\/product"}],"wp:featuredmedia":[{"embeddable":true,"href":"https:\/\/www.kress.com\/fr-be\/wp-json\/wp\/v2\/media\/522466"}],"wp:attachment":[{"href":"https:\/\/www.kress.com\/fr-be\/wp-json\/wp\/v2\/media?parent=481098"}],"wp:term":[{"taxonomy":"product_brand","embeddable":true,"href":"https:\/\/www.kress.com\/fr-be\/wp-json\/wp\/v2\/product_brand?post=481098"},{"taxonomy":"product_cat","embeddable":true,"href":"https:\/\/www.kress.com\/fr-be\/wp-json\/wp\/v2\/product_cat?post=481098"},{"taxonomy":"product_tag","embeddable":true,"href":"https:\/\/www.kress.com\/fr-be\/wp-json\/wp\/v2\/product_tag?post=481098"}],"curies":[{"name":"wp","href":"https:\/\/api.w.org\/{rel}","templated":true}]}}