{"id":34540,"date":"2024-03-26T08:16:34","date_gmt":"2024-03-26T08:16:34","guid":{"rendered":""},"modified":"2025-10-17T10:00:22","modified_gmt":"2025-10-17T10:00:22","slug":"scie-a-chaine-60-v-de-qualite-commerciale-kc300-9","status":"publish","type":"product","link":"https:\/\/www.kress.com\/fr-be\/scie-a-chaine-60-v-de-qualite-commerciale-kc300-9\/","title":{"rendered":"Scie \u00e0 cha\u00eene 60 V de qualit\u00e9 commerciale"},"content":{"rendered":"<p>Con\u00e7ue pour les entreprises d&rsquo;am\u00e9nagement paysager et les municipalit\u00e9s qui cherchent \u00e0 int\u00e9grer des pratiques durables dans leurs op\u00e9rations, la tron\u00e7onneuse Kress Commercial combine une vitesse de cha\u00eene impressionnante de 24 m\/s avec une puissance robuste de 2,8 kW et un couple soutenu, offrant une efficacit\u00e9 de coupe que les paysagistes professionnels n&rsquo;ont pas encore exp\u00e9riment\u00e9e. La KC300 est un \u00e9l\u00e9ment cl\u00e9 du CyberSyst\u00e8me Commercial Kress, offrant une solution rentable et performante qui r\u00e9duit les d\u00e9penses op\u00e9rationnelles tout en soutenant les initiatives \u00e9cologiques.<\/p>\n","protected":false},"excerpt":{"rendered":"<p>Con\u00e7ue pour les entreprises d&rsquo;am\u00e9nagement paysager et les municipalit\u00e9s qui cherchent \u00e0 int\u00e9grer des pratiques durables dans leurs op\u00e9rations, la tron\u00e7onneuse Kress Commercial combine une vitesse de cha\u00eene impressionnante de 24 m\/s avec une puissance robuste de 2,8 kW et un couple soutenu, offrant une efficacit\u00e9 de coupe que les paysagistes professionnels n&rsquo;ont pas encore [&hellip;]<\/p>\n","protected":false},"featured_media":408808,"template":"","meta":{"_acf_changed":false},"product_brand":[],"product_cat":[],"product_tag":[],"class_list":{"0":"post-34540","1":"product","2":"type-product","3":"status-publish","4":"has-post-thumbnail","7":"first","8":"instock","9":"shipping-taxable","10":"purchasable","11":"product-type-simple"},"acf":[],"yoast_head":"<!-- This site is optimized with the Yoast SEO Premium plugin v26.5 (Yoast SEO v27.0) - https:\/\/yoast.com\/product\/yoast-seo-premium-wordpress\/ -->\n<title>Scie \u00e0 cha\u00eene 60 V de qualit\u00e9 commerciale | Kress<\/title>\n<meta name=\"robots\" content=\"index, follow, max-snippet:-1, max-image-preview:large, max-video-preview:-1\" \/>\n<meta property=\"og:locale\" content=\"fr_FR\" \/>\n<meta property=\"og:type\" content=\"article\" \/>\n<meta property=\"og:title\" content=\"Scie \u00e0 cha\u00eene 60 V de qualit\u00e9 commerciale\" \/>\n<meta property=\"og:description\" content=\"Con\u00e7ue pour les entreprises d&rsquo;am\u00e9nagement paysager et les municipalit\u00e9s qui cherchent \u00e0 int\u00e9grer des pratiques durables dans leurs op\u00e9rations, la tron\u00e7onneuse Kress Commercial combine une vitesse de cha\u00eene impressionnante de 24 m\/s avec une puissance robuste de 2,8 kW et un couple soutenu, offrant une efficacit\u00e9 de coupe que les paysagistes professionnels n&rsquo;ont pas encore [&hellip;]\" \/>\n<meta property=\"og:url\" content=\"https:\/\/www.kress.com\/fr-be\/scie-a-chaine-60-v-de-qualite-commerciale-kc300-9\/\" \/>\n<meta property=\"og:site_name\" content=\"Kress\" \/>\n<meta property=\"article:modified_time\" content=\"2025-10-17T10:00:22+00:00\" \/>\n<meta property=\"og:image\" content=\"https:\/\/www.kress.com\/wp-content\/uploads\/onpage\/op_image_d6db4806d888738b7fc9ed9303d9d3b0e5d7ad5d.1980x.webp\" \/>\n\t<meta property=\"og:image:width\" content=\"1980\" \/>\n\t<meta property=\"og:image:height\" content=\"1980\" \/>\n\t<meta property=\"og:image:type\" content=\"image\/webp\" \/>\n<meta name=\"twitter:card\" content=\"summary_large_image\" \/>\n<script type=\"application\/ld+json\" class=\"yoast-schema-graph\">{\"@context\":\"https:\/\/schema.org\",\"@graph\":[{\"@type\":\"WebPage\",\"@id\":\"https:\/\/www.kress.com\/fr-be\/scie-a-chaine-60-v-de-qualite-commerciale-kc300-9\/\",\"url\":\"https:\/\/www.kress.com\/fr-be\/scie-a-chaine-60-v-de-qualite-commerciale-kc300-9\/\",\"name\":\"Scie \u00e0 cha\u00eene 60 V de qualit\u00e9 commerciale | Kress\",\"isPartOf\":{\"@id\":\"https:\/\/www.kress.com\/de-de\/#website\"},\"primaryImageOfPage\":{\"@id\":\"https:\/\/www.kress.com\/fr-be\/scie-a-chaine-60-v-de-qualite-commerciale-kc300-9\/#primaryimage\"},\"image\":{\"@id\":\"https:\/\/www.kress.com\/fr-be\/scie-a-chaine-60-v-de-qualite-commerciale-kc300-9\/#primaryimage\"},\"thumbnailUrl\":\"https:\/\/www.kress.com\/wp-content\/uploads\/onpage\/op_image_d6db4806d888738b7fc9ed9303d9d3b0e5d7ad5d.1980x.webp\",\"datePublished\":\"2024-03-26T08:16:34+00:00\",\"dateModified\":\"2025-10-17T10:00:22+00:00\",\"breadcrumb\":{\"@id\":\"https:\/\/www.kress.com\/fr-be\/scie-a-chaine-60-v-de-qualite-commerciale-kc300-9\/#breadcrumb\"},\"inLanguage\":\"fr-BE\",\"potentialAction\":[{\"@type\":\"ReadAction\",\"target\":[\"https:\/\/www.kress.com\/fr-be\/scie-a-chaine-60-v-de-qualite-commerciale-kc300-9\/\"]}]},{\"@type\":\"ImageObject\",\"inLanguage\":\"fr-BE\",\"@id\":\"https:\/\/www.kress.com\/fr-be\/scie-a-chaine-60-v-de-qualite-commerciale-kc300-9\/#primaryimage\",\"url\":\"https:\/\/www.kress.com\/wp-content\/uploads\/onpage\/op_image_d6db4806d888738b7fc9ed9303d9d3b0e5d7ad5d.1980x.webp\",\"contentUrl\":\"https:\/\/www.kress.com\/wp-content\/uploads\/onpage\/op_image_d6db4806d888738b7fc9ed9303d9d3b0e5d7ad5d.1980x.webp\",\"width\":1980,\"height\":1980},{\"@type\":\"BreadcrumbList\",\"@id\":\"https:\/\/www.kress.com\/fr-be\/scie-a-chaine-60-v-de-qualite-commerciale-kc300-9\/#breadcrumb\",\"itemListElement\":[{\"@type\":\"ListItem\",\"position\":1,\"name\":\"Home\",\"item\":\"https:\/\/www.kress.com\/fr-be\/\"},{\"@type\":\"ListItem\",\"position\":2,\"name\":\"Produits\",\"item\":\"https:\/\/www.kress.com\/fr-fr\/shop\/\"},{\"@type\":\"ListItem\",\"position\":3,\"name\":\"Scie \u00e0 cha\u00eene 60 V de qualit\u00e9 commerciale\"}]},{\"@type\":\"WebSite\",\"@id\":\"https:\/\/www.kress.com\/de-de\/#website\",\"url\":\"https:\/\/www.kress.com\/de-de\/\",\"name\":\"Kress\",\"description\":\"\",\"publisher\":{\"@id\":\"https:\/\/www.kress.com\/de-de\/#organization\"},\"potentialAction\":[{\"@type\":\"SearchAction\",\"target\":{\"@type\":\"EntryPoint\",\"urlTemplate\":\"https:\/\/www.kress.com\/de-de\/?s={search_term_string}\"},\"query-input\":{\"@type\":\"PropertyValueSpecification\",\"valueRequired\":true,\"valueName\":\"search_term_string\"}}],\"inLanguage\":\"fr-BE\"},{\"@type\":\"Organization\",\"@id\":\"https:\/\/www.kress.com\/de-de\/#organization\",\"name\":\"Kress\",\"url\":\"https:\/\/www.kress.com\/de-de\/\",\"logo\":{\"@type\":\"ImageObject\",\"inLanguage\":\"fr-BE\",\"@id\":\"https:\/\/www.kress.com\/de-de\/#\/schema\/logo\/image\/\",\"url\":\"https:\/\/www.kress.com\/wp-content\/uploads\/2024\/02\/logo.png\",\"contentUrl\":\"https:\/\/www.kress.com\/wp-content\/uploads\/2024\/02\/logo.png\",\"width\":696,\"height\":696,\"caption\":\"Kress\"},\"image\":{\"@id\":\"https:\/\/www.kress.com\/de-de\/#\/schema\/logo\/image\/\"}}]}<\/script>\n<!-- \/ Yoast SEO Premium plugin. -->","yoast_head_json":{"title":"Scie \u00e0 cha\u00eene 60 V de qualit\u00e9 commerciale | Kress","robots":{"index":"index","follow":"follow","max-snippet":"max-snippet:-1","max-image-preview":"max-image-preview:large","max-video-preview":"max-video-preview:-1"},"og_locale":"fr_FR","og_type":"article","og_title":"Scie \u00e0 cha\u00eene 60 V de qualit\u00e9 commerciale","og_description":"Con\u00e7ue pour les entreprises d&rsquo;am\u00e9nagement paysager et les municipalit\u00e9s qui cherchent \u00e0 int\u00e9grer des pratiques durables dans leurs op\u00e9rations, la tron\u00e7onneuse Kress Commercial combine une vitesse de cha\u00eene impressionnante de 24 m\/s avec une puissance robuste de 2,8 kW et un couple soutenu, offrant une efficacit\u00e9 de coupe que les paysagistes professionnels n&rsquo;ont pas encore [&hellip;]","og_url":"https:\/\/www.kress.com\/fr-be\/scie-a-chaine-60-v-de-qualite-commerciale-kc300-9\/","og_site_name":"Kress","article_modified_time":"2025-10-17T10:00:22+00:00","og_image":[{"width":1980,"height":1980,"url":"https:\/\/www.kress.com\/wp-content\/uploads\/onpage\/op_image_d6db4806d888738b7fc9ed9303d9d3b0e5d7ad5d.1980x.webp","type":"image\/webp"}],"twitter_card":"summary_large_image","schema":{"@context":"https:\/\/schema.org","@graph":[{"@type":"WebPage","@id":"https:\/\/www.kress.com\/fr-be\/scie-a-chaine-60-v-de-qualite-commerciale-kc300-9\/","url":"https:\/\/www.kress.com\/fr-be\/scie-a-chaine-60-v-de-qualite-commerciale-kc300-9\/","name":"Scie \u00e0 cha\u00eene 60 V de qualit\u00e9 commerciale | Kress","isPartOf":{"@id":"https:\/\/www.kress.com\/de-de\/#website"},"primaryImageOfPage":{"@id":"https:\/\/www.kress.com\/fr-be\/scie-a-chaine-60-v-de-qualite-commerciale-kc300-9\/#primaryimage"},"image":{"@id":"https:\/\/www.kress.com\/fr-be\/scie-a-chaine-60-v-de-qualite-commerciale-kc300-9\/#primaryimage"},"thumbnailUrl":"https:\/\/www.kress.com\/wp-content\/uploads\/onpage\/op_image_d6db4806d888738b7fc9ed9303d9d3b0e5d7ad5d.1980x.webp","datePublished":"2024-03-26T08:16:34+00:00","dateModified":"2025-10-17T10:00:22+00:00","breadcrumb":{"@id":"https:\/\/www.kress.com\/fr-be\/scie-a-chaine-60-v-de-qualite-commerciale-kc300-9\/#breadcrumb"},"inLanguage":"fr-BE","potentialAction":[{"@type":"ReadAction","target":["https:\/\/www.kress.com\/fr-be\/scie-a-chaine-60-v-de-qualite-commerciale-kc300-9\/"]}]},{"@type":"ImageObject","inLanguage":"fr-BE","@id":"https:\/\/www.kress.com\/fr-be\/scie-a-chaine-60-v-de-qualite-commerciale-kc300-9\/#primaryimage","url":"https:\/\/www.kress.com\/wp-content\/uploads\/onpage\/op_image_d6db4806d888738b7fc9ed9303d9d3b0e5d7ad5d.1980x.webp","contentUrl":"https:\/\/www.kress.com\/wp-content\/uploads\/onpage\/op_image_d6db4806d888738b7fc9ed9303d9d3b0e5d7ad5d.1980x.webp","width":1980,"height":1980},{"@type":"BreadcrumbList","@id":"https:\/\/www.kress.com\/fr-be\/scie-a-chaine-60-v-de-qualite-commerciale-kc300-9\/#breadcrumb","itemListElement":[{"@type":"ListItem","position":1,"name":"Home","item":"https:\/\/www.kress.com\/fr-be\/"},{"@type":"ListItem","position":2,"name":"Produits","item":"https:\/\/www.kress.com\/fr-fr\/shop\/"},{"@type":"ListItem","position":3,"name":"Scie \u00e0 cha\u00eene 60 V de qualit\u00e9 commerciale"}]},{"@type":"WebSite","@id":"https:\/\/www.kress.com\/de-de\/#website","url":"https:\/\/www.kress.com\/de-de\/","name":"Kress","description":"","publisher":{"@id":"https:\/\/www.kress.com\/de-de\/#organization"},"potentialAction":[{"@type":"SearchAction","target":{"@type":"EntryPoint","urlTemplate":"https:\/\/www.kress.com\/de-de\/?s={search_term_string}"},"query-input":{"@type":"PropertyValueSpecification","valueRequired":true,"valueName":"search_term_string"}}],"inLanguage":"fr-BE"},{"@type":"Organization","@id":"https:\/\/www.kress.com\/de-de\/#organization","name":"Kress","url":"https:\/\/www.kress.com\/de-de\/","logo":{"@type":"ImageObject","inLanguage":"fr-BE","@id":"https:\/\/www.kress.com\/de-de\/#\/schema\/logo\/image\/","url":"https:\/\/www.kress.com\/wp-content\/uploads\/2024\/02\/logo.png","contentUrl":"https:\/\/www.kress.com\/wp-content\/uploads\/2024\/02\/logo.png","width":696,"height":696,"caption":"Kress"},"image":{"@id":"https:\/\/www.kress.com\/de-de\/#\/schema\/logo\/image\/"}}]}},"_links":{"self":[{"href":"https:\/\/www.kress.com\/fr-be\/wp-json\/wp\/v2\/product\/34540","targetHints":{"allow":["GET"]}}],"collection":[{"href":"https:\/\/www.kress.com\/fr-be\/wp-json\/wp\/v2\/product"}],"about":[{"href":"https:\/\/www.kress.com\/fr-be\/wp-json\/wp\/v2\/types\/product"}],"wp:featuredmedia":[{"embeddable":true,"href":"https:\/\/www.kress.com\/fr-be\/wp-json\/wp\/v2\/media\/408808"}],"wp:attachment":[{"href":"https:\/\/www.kress.com\/fr-be\/wp-json\/wp\/v2\/media?parent=34540"}],"wp:term":[{"taxonomy":"product_brand","embeddable":true,"href":"https:\/\/www.kress.com\/fr-be\/wp-json\/wp\/v2\/product_brand?post=34540"},{"taxonomy":"product_cat","embeddable":true,"href":"https:\/\/www.kress.com\/fr-be\/wp-json\/wp\/v2\/product_cat?post=34540"},{"taxonomy":"product_tag","embeddable":true,"href":"https:\/\/www.kress.com\/fr-be\/wp-json\/wp\/v2\/product_tag?post=34540"}],"curies":[{"name":"wp","href":"https:\/\/api.w.org\/{rel}","templated":true}]}}