{"id":392574,"date":"2024-10-15T13:46:32","date_gmt":"2024-10-15T11:46:32","guid":{"rendered":"https:\/\/www.kress.com\/deals-and-promotions\/"},"modified":"2026-03-30T16:19:58","modified_gmt":"2026-03-30T14:19:58","slug":"offres-et-promotions","status":"publish","type":"page","link":"https:\/\/www.kress.com\/fr-be\/offres-et-promotions\/","title":{"rendered":"Offres et promotions"},"content":{"rendered":"\n<style>\n\n    .tile-background-white{\n        background-color: #fff !important;\n    }\n\n    section.section-bkg.tile-background-white h3{\n        color: #8D100C !important;\n    }\n\n    section.section-bkg.tile-background-white h4{\n         color: #8D100C !important;font-weight: 800 !important;font-size: 24px !important;\n    }\n\n     section.section-bkg.tile-background-white h6{\n          font-size: 14px !important;\n        line-height: 18px !important;\n        color: #000 !important;\n        font-weight: 400 !important; \n        text-transform: none !important;\n     }\n\n    section.section-bkg.tile-background-white p{\n        color: #000 !important;\n    }\n\n    section.section-bkg.tile-background-white  p,section.section-bkg.tile-background-white  li,section.section-bkg.tile-background-white  ul{\n        color: #000 !important;\n    }\n    \n    \n    section.section-bkg.tile-background-white .btn-minisite {\n        display: block;\n        width: 100%;\n        padding: 20px 30px;\n        font-size: 16px;\n        font-weight: 600;\n        position: relative;\n        cursor: pointer;\n        margin: 40px 0px 30px;\n        border-radius: 100px;\n        border: 1px solid #8D100C !important;\n        color: #8D100C !important;\n        background-size: cover;\n        background-position: center;\n        background-repeat: no-repeat;\n    }\n\n    section.section-bkg.tile-background-white .btn-minisite:after {\n       background-image: url(\/wp-content\/uploads\/custom\/arrow-red.svg) !important;\n        }\n\n\n\n    <\/style>\n\n     <section class=\"section-bkg changebkgmobile tileinside pmobile  tile-background-red  p-90-x p-50 malign-end  \"  data-bkgmobile=\"https:\/\/www.kress.com\/wp-content\/uploads\/2026\/03\/Deals-and-promotion-page-Free-cabinet-M-5.png\" style=\"background-image:url('https:\/\/www.kress.com\/wp-content\/uploads\/2026\/03\/Deals-and-promotion-page-Free-cabinet-D-5.png');\">\n            <div class=\"row dflex align-middle malign-end left\">\n                        <div class=\"col-sm-5\" style=\"height: auto;\">\n                                                <h3>\n                Obtenez un CyberCabinet gratuitement*            <\/h3>\n                             \n            <p>Prot&eacute;gez votre chargeur ultra-rapide des intemp&eacute;ries avec le CyberCabinet &mdash; offert pour l&rsquo;achat de votre CyberTank.<\/p>\n                           \n                                        <a class=\"btn-minisite  white\" href=\"https:\/\/www.kress.com\/fr-be\/offres-et-promotions\/obtenez-un-cybercabinet-gratuitement\/\" style=\"margin: 30px 0px 0px;\">En savoir plus<\/a>\n                      \n                                        <small style=\"margin-top: 30px;\"><div style=\"margin-top:60px\">* Offre valable du 1er mars au 30 juin, ou jusqu\u2019\u00e0 \u00e9puisement des stocks.<\/div><\/small>\n                       \n        <\/div>\n             <\/div>\n          <\/section>\n\n<style>\n\n    .tile-background-white{\n        background-color: #fff !important;\n    }\n\n    section.section-bkg.tile-background-white h3{\n        color: #8D100C !important;\n    }\n\n    section.section-bkg.tile-background-white h4{\n         color: #8D100C !important;font-weight: 800 !important;font-size: 24px !important;\n    }\n\n     section.section-bkg.tile-background-white h6{\n          font-size: 14px !important;\n        line-height: 18px !important;\n        color: #000 !important;\n        font-weight: 400 !important; \n        text-transform: none !important;\n     }\n\n    section.section-bkg.tile-background-white p{\n        color: #000 !important;\n    }\n\n    section.section-bkg.tile-background-white  p,section.section-bkg.tile-background-white  li,section.section-bkg.tile-background-white  ul{\n        color: #000 !important;\n    }\n    \n    \n    section.section-bkg.tile-background-white .btn-minisite {\n        display: block;\n        width: 100%;\n        padding: 20px 30px;\n        font-size: 16px;\n        font-weight: 600;\n        position: relative;\n        cursor: pointer;\n        margin: 40px 0px 30px;\n        border-radius: 100px;\n        border: 1px solid #8D100C !important;\n        color: #8D100C !important;\n        background-size: cover;\n        background-position: center;\n        background-repeat: no-repeat;\n    }\n\n    section.section-bkg.tile-background-white .btn-minisite:after {\n       background-image: url(\/wp-content\/uploads\/custom\/arrow-red.svg) !important;\n        }\n\n\n\n    <\/style>\n\n\n<section class=\"section-bkg nobkgonmobile bkg-contain malign-start notmodmobile reorderdivonmob maspecunset pmobile p-90-x p-50\"   style=\"background-image:url('https:\/\/www.kress.com\/wp-content\/uploads\/2026\/03\/Group-52-1.png')\">\n    <div class=\"row dflex  columnonmobile mtmobile80  mhauto center align-center\" style=\"place-self: baseline;height: 100%;\">\n    \n        <div class=\"col-xs-12 col-sm-5 order2\" style=\"padding:0;display: flex;flex-direction: column;justify-content: space-between;\">\n            <div>\n                                <h3 class=\"white\" style=\"font-size:35px\">Ne manquez pas les offres \u00ab\u00a0Pack printemps Kress Commercial\u00a0\u00bb*<\/h3>\n                                                <p><p>Promotions \u00e0 dur\u00e9e limit\u00e9e sur les offres group\u00e9es \u2014 boostez votre printemps d\u00e8s aujourd\u2019hui !<\/p>\n<\/p>\n                \n                                                            <a class=\"btn-minisite white\" href=\"https:\/\/www.kress.com\/fr-be\/offres-et-promotions\/promotion-pack-commercial\/\" style=\"margin: 30px 0px 0px;max-width:300px\">D\u00e9couvrir toutes les offres<\/a>\n                                        \n                            <\/div>\n            <div>\n                                    <small><div style=\"margin-top:60px\">* Offre valable du 1er mars au 30 juin, ou jusqu\u2019\u00e0 \u00e9puisement des stocks.<\/div><\/small>\n                            <\/div>\n        <\/div>\n        <div class=\"col-sm-1 nomob\"><\/div>\n        <div class=\"col-xs-12 col-sm-5 order1\">\n            <div class=\"\">\n                <p class=\"hugedeals\">\n                    <span>\u00c9CONOMISEZ<\/span>\n                    <span>&#8364; 1.359<sup>,33<\/sup> <\/span>\n                <\/p> \n                <img decoding=\"async\" src=\"https:\/\/www.kress.com\/wp-content\/uploads\/2026\/03\/Group-63.png\" class=\"onlymob\" style=\"margin: 40px 0;\" \/>\n            <\/div>\n        <\/div>\n    <\/div>\n    <\/section>\n\n\n     <section class=\"section-bkg changebkgmobile tileinside pmobile  tile-background-red  p-90-x p-50 malign-end  \"  data-bkgmobile=\"https:\/\/www.kress.com\/wp-content\/uploads\/2026\/03\/Deals-and-promotion-page-Buy-bundle-and-get-free-battery-M-7.png\" style=\"background-image:url('https:\/\/www.kress.com\/wp-content\/uploads\/2026\/03\/Deals-and-promotion-page-Buy-bundle-and-get-free-battery-D-7.png');\">\n            <div class=\"row dflex align-middle malign-end left\">\n                        <div class=\"col-sm-5\" style=\"height: auto;\">\n                                                <h3>\n                Profitez des \u00e9conomies sur les packs Kress et recevez une batterie gratuite*            <\/h3>\n                             \n            <p>Procurez-vous votre pack Kress professionnel 60 V ou 40 V \/ 20 V avec des &eacute;conomies exclusives, incluant une batterie suppl&eacute;mentaire &mdash; id&eacute;al pour les professionnels soucieux de leur budget et les particuliers exigeants en mati&egrave;re de qualit&eacute;.<\/p>\n                           \n                                        <a class=\"btn-minisite  white\" href=\"https:\/\/www.kress.com\/fr-be\/offres-et-promotions\/promotion-batterie-gratuite-2026\/\" style=\"margin: 30px 0px 0px;\">En savoir plus<\/a>\n                      \n                                        <small style=\"margin-top: 30px;\"><div style=\"margin-top:60px\">* Offre valable du 1er mars au 30 juin, ou jusqu\u2019\u00e0 \u00e9puisement des stocks.<\/div><\/small>\n                       \n        <\/div>\n             <\/div>\n          <\/section>\n\n<style>\n\n    .tile-background-white{\n        background-color: #fff !important;\n    }\n\n    section.section-bkg.tile-background-white h3{\n        color: #8D100C !important;\n    }\n\n    section.section-bkg.tile-background-white h4{\n         color: #8D100C !important;font-weight: 800 !important;font-size: 24px !important;\n    }\n\n     section.section-bkg.tile-background-white h6{\n          font-size: 14px !important;\n        line-height: 18px !important;\n        color: #000 !important;\n        font-weight: 400 !important; \n        text-transform: none !important;\n     }\n\n    section.section-bkg.tile-background-white p{\n        color: #000 !important;\n    }\n\n    section.section-bkg.tile-background-white  p,section.section-bkg.tile-background-white  li,section.section-bkg.tile-background-white  ul{\n        color: #000 !important;\n    }\n    \n    \n    section.section-bkg.tile-background-white .btn-minisite {\n        display: block;\n        width: 100%;\n        padding: 20px 30px;\n        font-size: 16px;\n        font-weight: 600;\n        position: relative;\n        cursor: pointer;\n        margin: 40px 0px 30px;\n        border-radius: 100px;\n        border: 1px solid #8D100C !important;\n        color: #8D100C !important;\n        background-size: cover;\n        background-position: center;\n        background-repeat: no-repeat;\n    }\n\n    section.section-bkg.tile-background-white .btn-minisite:after {\n       background-image: url(\/wp-content\/uploads\/custom\/arrow-red.svg) !important;\n        }\n\n\n\n    <\/style>\n\n\n\n\n\n\n\n\n<style>\n\n    .tile-background-white{\n        background-color: #fff !important;\n    }\n\n    section.section-bkg.tile-background-white h3{\n        color: #8D100C !important;\n    }\n\n    section.section-bkg.tile-background-white h4{\n         color: #8D100C !important;font-weight: 800 !important;font-size: 24px !important;\n    }\n\n     section.section-bkg.tile-background-white h6{\n          font-size: 14px !important;\n        line-height: 18px !important;\n        color: #000 !important;\n        font-weight: 400 !important; \n        text-transform: none !important;\n     }\n\n    section.section-bkg.tile-background-white p{\n        color: #000 !important;\n    }\n\n    section.section-bkg.tile-background-white  p,section.section-bkg.tile-background-white  li,section.section-bkg.tile-background-white  ul{\n        color: #000 !important;\n    }\n    \n    \n    section.section-bkg.tile-background-white .btn-minisite {\n        display: block;\n        width: 100%;\n        padding: 20px 30px;\n        font-size: 16px;\n        font-weight: 600;\n        position: relative;\n        cursor: pointer;\n        margin: 40px 0px 30px;\n        border-radius: 100px;\n        border: 1px solid #8D100C !important;\n        color: #8D100C !important;\n        background-size: cover;\n        background-position: center;\n        background-repeat: no-repeat;\n    }\n\n    section.section-bkg.tile-background-white .btn-minisite:after {\n       background-image: url(\/wp-content\/uploads\/custom\/arrow-red.svg) !important;\n        }\n\n\n\n    <\/style>\n\n\n<style>\n\n    .tile-background-white{\n        background-color: #fff !important;\n    }\n\n    section.section-bkg.tile-background-white h3{\n        color: #8D100C !important;\n    }\n\n    section.section-bkg.tile-background-white h4{\n         color: #8D100C !important;font-weight: 800 !important;font-size: 24px !important;\n    }\n\n     section.section-bkg.tile-background-white h6{\n          font-size: 14px !important;\n        line-height: 18px !important;\n        color: #000 !important;\n        font-weight: 400 !important; \n        text-transform: none !important;\n     }\n\n    section.section-bkg.tile-background-white p{\n        color: #000 !important;\n    }\n\n    section.section-bkg.tile-background-white  p,section.section-bkg.tile-background-white  li,section.section-bkg.tile-background-white  ul{\n        color: #000 !important;\n    }\n    \n    \n    section.section-bkg.tile-background-white .btn-minisite {\n        display: block;\n        width: 100%;\n        padding: 20px 30px;\n        font-size: 16px;\n        font-weight: 600;\n        position: relative;\n        cursor: pointer;\n        margin: 40px 0px 30px;\n        border-radius: 100px;\n        border: 1px solid #8D100C !important;\n        color: #8D100C !important;\n        background-size: cover;\n        background-position: center;\n        background-repeat: no-repeat;\n    }\n\n    section.section-bkg.tile-background-white .btn-minisite:after {\n       background-image: url(\/wp-content\/uploads\/custom\/arrow-red.svg) !important;\n        }\n\n\n\n    <\/style>\n\n\n<style>\n\n    .tile-background-white{\n        background-color: #fff !important;\n    }\n\n    section.section-bkg.tile-background-white h3{\n        color: #8D100C !important;\n    }\n\n    section.section-bkg.tile-background-white h4{\n         color: #8D100C !important;font-weight: 800 !important;font-size: 24px !important;\n    }\n\n     section.section-bkg.tile-background-white h6{\n          font-size: 14px !important;\n        line-height: 18px !important;\n        color: #000 !important;\n        font-weight: 400 !important; \n        text-transform: none !important;\n     }\n\n    section.section-bkg.tile-background-white p{\n        color: #000 !important;\n    }\n\n    section.section-bkg.tile-background-white  p,section.section-bkg.tile-background-white  li,section.section-bkg.tile-background-white  ul{\n        color: #000 !important;\n    }\n    \n    \n    section.section-bkg.tile-background-white .btn-minisite {\n        display: block;\n        width: 100%;\n        padding: 20px 30px;\n        font-size: 16px;\n        font-weight: 600;\n        position: relative;\n        cursor: pointer;\n        margin: 40px 0px 30px;\n        border-radius: 100px;\n        border: 1px solid #8D100C !important;\n        color: #8D100C !important;\n        background-size: cover;\n        background-position: center;\n        background-repeat: no-repeat;\n    }\n\n    section.section-bkg.tile-background-white .btn-minisite:after {\n       background-image: url(\/wp-content\/uploads\/custom\/arrow-red.svg) !important;\n        }\n\n\n\n    <\/style>\n\n\n\n\n\n","protected":false},"excerpt":{"rendered":"","protected":false},"author":18,"featured_media":0,"parent":0,"menu_order":0,"comment_status":"closed","ping_status":"closed","template":"","meta":{"_acf_changed":false,"footnotes":""},"class_list":["post-392574","page","type-page","status-publish","hentry"],"acf":[],"yoast_head":"<!-- This site is optimized with the Yoast SEO Premium plugin v26.5 (Yoast SEO v27.0) - https:\/\/yoast.com\/product\/yoast-seo-premium-wordpress\/ -->\n<title>Offres et promotions | Kress<\/title>\n<meta name=\"robots\" content=\"index, follow, max-snippet:-1, max-image-preview:large, max-video-preview:-1\" \/>\n<meta property=\"og:locale\" content=\"fr_FR\" \/>\n<meta property=\"og:type\" content=\"article\" \/>\n<meta property=\"og:title\" content=\"Offres et promotions\" \/>\n<meta property=\"og:url\" content=\"https:\/\/www.kress.com\/fr-be\/offres-et-promotions\/\" \/>\n<meta property=\"og:site_name\" content=\"Kress\" \/>\n<meta property=\"article:modified_time\" content=\"2026-03-30T14:19:58+00:00\" \/>\n<meta property=\"og:image\" content=\"https:\/\/www.kress.com\/wp-content\/uploads\/2024\/02\/logo_long.png\" \/>\n\t<meta property=\"og:image:width\" content=\"1200\" \/>\n\t<meta property=\"og:image:height\" content=\"675\" \/>\n\t<meta property=\"og:image:type\" content=\"image\/png\" \/>\n<meta name=\"twitter:card\" content=\"summary_large_image\" \/>\n<script type=\"application\/ld+json\" class=\"yoast-schema-graph\">{\"@context\":\"https:\/\/schema.org\",\"@graph\":[{\"@type\":\"WebPage\",\"@id\":\"https:\/\/www.kress.com\/fr-be\/offres-et-promotions\/\",\"url\":\"https:\/\/www.kress.com\/fr-be\/offres-et-promotions\/\",\"name\":\"Offres et promotions | Kress\",\"isPartOf\":{\"@id\":\"https:\/\/www.kress.com\/de-de\/#website\"},\"datePublished\":\"2024-10-15T11:46:32+00:00\",\"dateModified\":\"2026-03-30T14:19:58+00:00\",\"breadcrumb\":{\"@id\":\"https:\/\/www.kress.com\/fr-be\/offres-et-promotions\/#breadcrumb\"},\"inLanguage\":\"fr-BE\",\"potentialAction\":[{\"@type\":\"ReadAction\",\"target\":[\"https:\/\/www.kress.com\/fr-be\/offres-et-promotions\/\"]}]},{\"@type\":\"BreadcrumbList\",\"@id\":\"https:\/\/www.kress.com\/fr-be\/offres-et-promotions\/#breadcrumb\",\"itemListElement\":[{\"@type\":\"ListItem\",\"position\":1,\"name\":\"Home\",\"item\":\"https:\/\/www.kress.com\/fr-be\/\"},{\"@type\":\"ListItem\",\"position\":2,\"name\":\"Offres et promotions\"}]},{\"@type\":\"WebSite\",\"@id\":\"https:\/\/www.kress.com\/de-de\/#website\",\"url\":\"https:\/\/www.kress.com\/de-de\/\",\"name\":\"Kress\",\"description\":\"\",\"publisher\":{\"@id\":\"https:\/\/www.kress.com\/de-de\/#organization\"},\"potentialAction\":[{\"@type\":\"SearchAction\",\"target\":{\"@type\":\"EntryPoint\",\"urlTemplate\":\"https:\/\/www.kress.com\/de-de\/?s={search_term_string}\"},\"query-input\":{\"@type\":\"PropertyValueSpecification\",\"valueRequired\":true,\"valueName\":\"search_term_string\"}}],\"inLanguage\":\"fr-BE\"},{\"@type\":\"Organization\",\"@id\":\"https:\/\/www.kress.com\/de-de\/#organization\",\"name\":\"Kress\",\"url\":\"https:\/\/www.kress.com\/de-de\/\",\"logo\":{\"@type\":\"ImageObject\",\"inLanguage\":\"fr-BE\",\"@id\":\"https:\/\/www.kress.com\/de-de\/#\/schema\/logo\/image\/\",\"url\":\"https:\/\/www.kress.com\/wp-content\/uploads\/2024\/02\/logo.png\",\"contentUrl\":\"https:\/\/www.kress.com\/wp-content\/uploads\/2024\/02\/logo.png\",\"width\":696,\"height\":696,\"caption\":\"Kress\"},\"image\":{\"@id\":\"https:\/\/www.kress.com\/de-de\/#\/schema\/logo\/image\/\"}}]}<\/script>\n<!-- \/ Yoast SEO Premium plugin. -->","yoast_head_json":{"title":"Offres et promotions | Kress","robots":{"index":"index","follow":"follow","max-snippet":"max-snippet:-1","max-image-preview":"max-image-preview:large","max-video-preview":"max-video-preview:-1"},"og_locale":"fr_FR","og_type":"article","og_title":"Offres et promotions","og_url":"https:\/\/www.kress.com\/fr-be\/offres-et-promotions\/","og_site_name":"Kress","article_modified_time":"2026-03-30T14:19:58+00:00","og_image":[{"width":1200,"height":675,"url":"https:\/\/www.kress.com\/wp-content\/uploads\/2024\/02\/logo_long.png","type":"image\/png"}],"twitter_card":"summary_large_image","schema":{"@context":"https:\/\/schema.org","@graph":[{"@type":"WebPage","@id":"https:\/\/www.kress.com\/fr-be\/offres-et-promotions\/","url":"https:\/\/www.kress.com\/fr-be\/offres-et-promotions\/","name":"Offres et promotions | Kress","isPartOf":{"@id":"https:\/\/www.kress.com\/de-de\/#website"},"datePublished":"2024-10-15T11:46:32+00:00","dateModified":"2026-03-30T14:19:58+00:00","breadcrumb":{"@id":"https:\/\/www.kress.com\/fr-be\/offres-et-promotions\/#breadcrumb"},"inLanguage":"fr-BE","potentialAction":[{"@type":"ReadAction","target":["https:\/\/www.kress.com\/fr-be\/offres-et-promotions\/"]}]},{"@type":"BreadcrumbList","@id":"https:\/\/www.kress.com\/fr-be\/offres-et-promotions\/#breadcrumb","itemListElement":[{"@type":"ListItem","position":1,"name":"Home","item":"https:\/\/www.kress.com\/fr-be\/"},{"@type":"ListItem","position":2,"name":"Offres et promotions"}]},{"@type":"WebSite","@id":"https:\/\/www.kress.com\/de-de\/#website","url":"https:\/\/www.kress.com\/de-de\/","name":"Kress","description":"","publisher":{"@id":"https:\/\/www.kress.com\/de-de\/#organization"},"potentialAction":[{"@type":"SearchAction","target":{"@type":"EntryPoint","urlTemplate":"https:\/\/www.kress.com\/de-de\/?s={search_term_string}"},"query-input":{"@type":"PropertyValueSpecification","valueRequired":true,"valueName":"search_term_string"}}],"inLanguage":"fr-BE"},{"@type":"Organization","@id":"https:\/\/www.kress.com\/de-de\/#organization","name":"Kress","url":"https:\/\/www.kress.com\/de-de\/","logo":{"@type":"ImageObject","inLanguage":"fr-BE","@id":"https:\/\/www.kress.com\/de-de\/#\/schema\/logo\/image\/","url":"https:\/\/www.kress.com\/wp-content\/uploads\/2024\/02\/logo.png","contentUrl":"https:\/\/www.kress.com\/wp-content\/uploads\/2024\/02\/logo.png","width":696,"height":696,"caption":"Kress"},"image":{"@id":"https:\/\/www.kress.com\/de-de\/#\/schema\/logo\/image\/"}}]}},"_links":{"self":[{"href":"https:\/\/www.kress.com\/fr-be\/wp-json\/wp\/v2\/pages\/392574","targetHints":{"allow":["GET"]}}],"collection":[{"href":"https:\/\/www.kress.com\/fr-be\/wp-json\/wp\/v2\/pages"}],"about":[{"href":"https:\/\/www.kress.com\/fr-be\/wp-json\/wp\/v2\/types\/page"}],"author":[{"embeddable":true,"href":"https:\/\/www.kress.com\/fr-be\/wp-json\/wp\/v2\/users\/18"}],"replies":[{"embeddable":true,"href":"https:\/\/www.kress.com\/fr-be\/wp-json\/wp\/v2\/comments?post=392574"}],"version-history":[{"count":3,"href":"https:\/\/www.kress.com\/fr-be\/wp-json\/wp\/v2\/pages\/392574\/revisions"}],"predecessor-version":[{"id":545984,"href":"https:\/\/www.kress.com\/fr-be\/wp-json\/wp\/v2\/pages\/392574\/revisions\/545984"}],"wp:attachment":[{"href":"https:\/\/www.kress.com\/fr-be\/wp-json\/wp\/v2\/media?parent=392574"}],"curies":[{"name":"wp","href":"https:\/\/api.w.org\/{rel}","templated":true}]}}