{"id":526228,"date":"2026-03-04T06:03:27","date_gmt":"2026-03-04T06:03:27","guid":{"rendered":""},"modified":"2026-03-04T06:00:23","modified_gmt":"2026-03-04T06:00:23","slug":"kress-eyepilot-rtk%e2%81%bf-1000-m%c2%b2-robottiruohonleikkuri-kr251es","status":"publish","type":"product","link":"https:\/\/www.kress.com\/fi-fi\/kress-eyepilot-rtk%e2%81%bf-1000-m%c2%b2-robottiruohonleikkuri-kr251es\/","title":{"rendered":"Kress EyePilot\u00ae RTK\u207f 1000 m\u00b2 robottiruohonleikkuri"},"content":{"rendered":"<p>Suunniteltu golfkentt\u00e4tasoiseen nurmikonhoitoon, Kress EyePilot\u00ae RTK\u207f KR251ES hy\u00f6dynt\u00e4\u00e4 RTK\u207f satelliittipaikannusta sek\u00e4 teko\u00e4lyohjattua kamerateknologiaa tarjoten vakaan ja tarkan navigoinnin puutarhassa ja viheralueilla \u2014 ilman lis\u00e4laitteita.<\/p>\n<p>RTK\u207f-korjaussignaali toimitetaan langattomasti ja sit\u00e4 vahvistaa erillinen paikannusarkkitehtuuri, jonka ansiosta leikkuri s\u00e4ilytt\u00e4\u00e4 tarkkuuden my\u00f6s silloin, kun satelliittisignaali heikkenee.<\/p>\n<p>Leikkuukuvioksi voidaan valita muun muassa viivasuorat raidat tai luonnollisempi ep\u00e4s\u00e4\u00e4nn\u00f6llinen leikkuu.<\/p>\n<p>EyePilot pysyy luotettavasti yhteydess\u00e4 Wi-Fi:n tai integroidun 4G:n kautta. Ilman ohelmistoveloituksia ja 5 vuoden maksuttoman 4G-yhteyden avulla j\u00e4rjestelm\u00e4 pysyy aina yhdistettyn\u00e4, ajan tasalla ja seurattavissa.<\/p>\n","protected":false},"excerpt":{"rendered":"<p>Suunniteltu golfkentt\u00e4tasoiseen nurmikonhoitoon, Kress EyePilot\u00ae RTK\u207f KR251ES hy\u00f6dynt\u00e4\u00e4 RTK\u207f satelliittipaikannusta sek\u00e4 teko\u00e4lyohjattua kamerateknologiaa tarjoten vakaan ja tarkan navigoinnin puutarhassa ja viheralueilla \u2014 ilman lis\u00e4laitteita. RTK\u207f-korjaussignaali toimitetaan langattomasti ja sit\u00e4 vahvistaa erillinen paikannusarkkitehtuuri, jonka ansiosta leikkuri s\u00e4ilytt\u00e4\u00e4 tarkkuuden my\u00f6s silloin, kun satelliittisignaali heikkenee. Leikkuukuvioksi voidaan valita muun muassa viivasuorat raidat tai luonnollisempi ep\u00e4s\u00e4\u00e4nn\u00f6llinen leikkuu. EyePilot pysyy [&hellip;]<\/p>\n","protected":false},"featured_media":522414,"template":"","meta":{"_acf_changed":false},"product_brand":[],"product_cat":[],"product_tag":[],"class_list":{"0":"post-526228","1":"product","2":"type-product","3":"status-publish","4":"has-post-thumbnail","7":"first","8":"instock","9":"shipping-taxable","10":"purchasable","11":"product-type-simple"},"acf":[],"yoast_head":"<!-- This site is optimized with the Yoast SEO Premium plugin v26.5 (Yoast SEO v27.0) - https:\/\/yoast.com\/product\/yoast-seo-premium-wordpress\/ -->\n<title>Kress EyePilot\u00ae RTK\u207f 1000 m\u00b2 robottiruohonleikkuri | Kress<\/title>\n<meta name=\"robots\" content=\"index, follow, max-snippet:-1, max-image-preview:large, max-video-preview:-1\" \/>\n<meta property=\"og:locale\" content=\"fi_FI\" \/>\n<meta property=\"og:type\" content=\"article\" \/>\n<meta property=\"og:title\" content=\"Kress EyePilot\u00ae RTK\u207f 1000 m\u00b2 robottiruohonleikkuri\" \/>\n<meta property=\"og:description\" content=\"Suunniteltu golfkentt\u00e4tasoiseen nurmikonhoitoon, Kress EyePilot\u00ae RTK\u207f KR251ES hy\u00f6dynt\u00e4\u00e4 RTK\u207f satelliittipaikannusta sek\u00e4 teko\u00e4lyohjattua kamerateknologiaa tarjoten vakaan ja tarkan navigoinnin puutarhassa ja viheralueilla \u2014 ilman lis\u00e4laitteita. RTK\u207f-korjaussignaali toimitetaan langattomasti ja sit\u00e4 vahvistaa erillinen paikannusarkkitehtuuri, jonka ansiosta leikkuri s\u00e4ilytt\u00e4\u00e4 tarkkuuden my\u00f6s silloin, kun satelliittisignaali heikkenee. Leikkuukuvioksi voidaan valita muun muassa viivasuorat raidat tai luonnollisempi ep\u00e4s\u00e4\u00e4nn\u00f6llinen leikkuu. EyePilot pysyy [&hellip;]\" \/>\n<meta property=\"og:url\" content=\"https:\/\/www.kress.com\/en-gb\/?post_type=product&amp;p=526205\" \/>\n<meta property=\"og:site_name\" content=\"Kress\" \/>\n<meta property=\"og:image\" content=\"https:\/\/www.kress.com\/wp-content\/uploads\/onpage\/op_image_c9aea3792d2e1d3026928b3067036228e0ff07ad.1980x.webp\" \/>\n\t<meta property=\"og:image:width\" content=\"1980\" \/>\n\t<meta property=\"og:image:height\" content=\"1980\" \/>\n\t<meta property=\"og:image:type\" content=\"image\/webp\" \/>\n<meta name=\"twitter:card\" content=\"summary_large_image\" \/>\n<script type=\"application\/ld+json\" class=\"yoast-schema-graph\">{\"@context\":\"https:\/\/schema.org\",\"@graph\":[{\"@type\":\"WebPage\",\"@id\":\"https:\/\/www.kress.com\/en-gb\/?post_type=product&p=526205\",\"url\":\"https:\/\/www.kress.com\/en-gb\/?post_type=product&p=526205\",\"name\":\"Kress EyePilot\u00ae RTK\u207f 1000 m\u00b2 robottiruohonleikkuri | Kress\",\"isPartOf\":{\"@id\":\"https:\/\/www.kress.com\/de-de\/#website\"},\"primaryImageOfPage\":{\"@id\":\"https:\/\/www.kress.com\/en-gb\/?post_type=product&p=526205#primaryimage\"},\"image\":{\"@id\":\"https:\/\/www.kress.com\/en-gb\/?post_type=product&p=526205#primaryimage\"},\"thumbnailUrl\":\"https:\/\/www.kress.com\/wp-content\/uploads\/onpage\/op_image_c9aea3792d2e1d3026928b3067036228e0ff07ad.1980x.webp\",\"datePublished\":\"2026-03-04T06:03:27+00:00\",\"breadcrumb\":{\"@id\":\"https:\/\/www.kress.com\/en-gb\/?post_type=product&p=526205#breadcrumb\"},\"inLanguage\":\"fi-FI\",\"potentialAction\":[{\"@type\":\"ReadAction\",\"target\":[\"https:\/\/www.kress.com\/en-gb\/?post_type=product&p=526205\"]}]},{\"@type\":\"ImageObject\",\"inLanguage\":\"fi-FI\",\"@id\":\"https:\/\/www.kress.com\/en-gb\/?post_type=product&p=526205#primaryimage\",\"url\":\"https:\/\/www.kress.com\/wp-content\/uploads\/onpage\/op_image_c9aea3792d2e1d3026928b3067036228e0ff07ad.1980x.webp\",\"contentUrl\":\"https:\/\/www.kress.com\/wp-content\/uploads\/onpage\/op_image_c9aea3792d2e1d3026928b3067036228e0ff07ad.1980x.webp\",\"width\":1980,\"height\":1980},{\"@type\":\"BreadcrumbList\",\"@id\":\"https:\/\/www.kress.com\/en-gb\/?post_type=product&p=526205#breadcrumb\",\"itemListElement\":[{\"@type\":\"ListItem\",\"position\":1,\"name\":\"Home\",\"item\":\"https:\/\/www.kress.com\/fi-fi\/\"},{\"@type\":\"ListItem\",\"position\":2,\"name\":\"Produits\",\"item\":\"https:\/\/www.kress.com\/fr-fr\/shop\/\"},{\"@type\":\"ListItem\",\"position\":3,\"name\":\"Kress EyePilot\u00ae RTK\u207f 1000 m\u00b2 robottiruohonleikkuri\"}]},{\"@type\":\"WebSite\",\"@id\":\"https:\/\/www.kress.com\/de-de\/#website\",\"url\":\"https:\/\/www.kress.com\/de-de\/\",\"name\":\"Kress\",\"description\":\"\",\"publisher\":{\"@id\":\"https:\/\/www.kress.com\/de-de\/#organization\"},\"potentialAction\":[{\"@type\":\"SearchAction\",\"target\":{\"@type\":\"EntryPoint\",\"urlTemplate\":\"https:\/\/www.kress.com\/de-de\/?s={search_term_string}\"},\"query-input\":{\"@type\":\"PropertyValueSpecification\",\"valueRequired\":true,\"valueName\":\"search_term_string\"}}],\"inLanguage\":\"fi-FI\"},{\"@type\":\"Organization\",\"@id\":\"https:\/\/www.kress.com\/de-de\/#organization\",\"name\":\"Kress\",\"url\":\"https:\/\/www.kress.com\/de-de\/\",\"logo\":{\"@type\":\"ImageObject\",\"inLanguage\":\"fi-FI\",\"@id\":\"https:\/\/www.kress.com\/de-de\/#\/schema\/logo\/image\/\",\"url\":\"https:\/\/www.kress.com\/wp-content\/uploads\/2024\/02\/logo.png\",\"contentUrl\":\"https:\/\/www.kress.com\/wp-content\/uploads\/2024\/02\/logo.png\",\"width\":696,\"height\":696,\"caption\":\"Kress\"},\"image\":{\"@id\":\"https:\/\/www.kress.com\/de-de\/#\/schema\/logo\/image\/\"}}]}<\/script>\n<!-- \/ Yoast SEO Premium plugin. -->","yoast_head_json":{"title":"Kress EyePilot\u00ae RTK\u207f 1000 m\u00b2 robottiruohonleikkuri | Kress","robots":{"index":"index","follow":"follow","max-snippet":"max-snippet:-1","max-image-preview":"max-image-preview:large","max-video-preview":"max-video-preview:-1"},"og_locale":"fi_FI","og_type":"article","og_title":"Kress EyePilot\u00ae RTK\u207f 1000 m\u00b2 robottiruohonleikkuri","og_description":"Suunniteltu golfkentt\u00e4tasoiseen nurmikonhoitoon, Kress EyePilot\u00ae RTK\u207f KR251ES hy\u00f6dynt\u00e4\u00e4 RTK\u207f satelliittipaikannusta sek\u00e4 teko\u00e4lyohjattua kamerateknologiaa tarjoten vakaan ja tarkan navigoinnin puutarhassa ja viheralueilla \u2014 ilman lis\u00e4laitteita. RTK\u207f-korjaussignaali toimitetaan langattomasti ja sit\u00e4 vahvistaa erillinen paikannusarkkitehtuuri, jonka ansiosta leikkuri s\u00e4ilytt\u00e4\u00e4 tarkkuuden my\u00f6s silloin, kun satelliittisignaali heikkenee. Leikkuukuvioksi voidaan valita muun muassa viivasuorat raidat tai luonnollisempi ep\u00e4s\u00e4\u00e4nn\u00f6llinen leikkuu. EyePilot pysyy [&hellip;]","og_url":"https:\/\/www.kress.com\/en-gb\/?post_type=product&p=526205","og_site_name":"Kress","og_image":[{"width":1980,"height":1980,"url":"https:\/\/www.kress.com\/wp-content\/uploads\/onpage\/op_image_c9aea3792d2e1d3026928b3067036228e0ff07ad.1980x.webp","type":"image\/webp"}],"twitter_card":"summary_large_image","schema":{"@context":"https:\/\/schema.org","@graph":[{"@type":"WebPage","@id":"https:\/\/www.kress.com\/en-gb\/?post_type=product&p=526205","url":"https:\/\/www.kress.com\/en-gb\/?post_type=product&p=526205","name":"Kress EyePilot\u00ae RTK\u207f 1000 m\u00b2 robottiruohonleikkuri | Kress","isPartOf":{"@id":"https:\/\/www.kress.com\/de-de\/#website"},"primaryImageOfPage":{"@id":"https:\/\/www.kress.com\/en-gb\/?post_type=product&p=526205#primaryimage"},"image":{"@id":"https:\/\/www.kress.com\/en-gb\/?post_type=product&p=526205#primaryimage"},"thumbnailUrl":"https:\/\/www.kress.com\/wp-content\/uploads\/onpage\/op_image_c9aea3792d2e1d3026928b3067036228e0ff07ad.1980x.webp","datePublished":"2026-03-04T06:03:27+00:00","breadcrumb":{"@id":"https:\/\/www.kress.com\/en-gb\/?post_type=product&p=526205#breadcrumb"},"inLanguage":"fi-FI","potentialAction":[{"@type":"ReadAction","target":["https:\/\/www.kress.com\/en-gb\/?post_type=product&p=526205"]}]},{"@type":"ImageObject","inLanguage":"fi-FI","@id":"https:\/\/www.kress.com\/en-gb\/?post_type=product&p=526205#primaryimage","url":"https:\/\/www.kress.com\/wp-content\/uploads\/onpage\/op_image_c9aea3792d2e1d3026928b3067036228e0ff07ad.1980x.webp","contentUrl":"https:\/\/www.kress.com\/wp-content\/uploads\/onpage\/op_image_c9aea3792d2e1d3026928b3067036228e0ff07ad.1980x.webp","width":1980,"height":1980},{"@type":"BreadcrumbList","@id":"https:\/\/www.kress.com\/en-gb\/?post_type=product&p=526205#breadcrumb","itemListElement":[{"@type":"ListItem","position":1,"name":"Home","item":"https:\/\/www.kress.com\/fi-fi\/"},{"@type":"ListItem","position":2,"name":"Produits","item":"https:\/\/www.kress.com\/fr-fr\/shop\/"},{"@type":"ListItem","position":3,"name":"Kress EyePilot\u00ae RTK\u207f 1000 m\u00b2 robottiruohonleikkuri"}]},{"@type":"WebSite","@id":"https:\/\/www.kress.com\/de-de\/#website","url":"https:\/\/www.kress.com\/de-de\/","name":"Kress","description":"","publisher":{"@id":"https:\/\/www.kress.com\/de-de\/#organization"},"potentialAction":[{"@type":"SearchAction","target":{"@type":"EntryPoint","urlTemplate":"https:\/\/www.kress.com\/de-de\/?s={search_term_string}"},"query-input":{"@type":"PropertyValueSpecification","valueRequired":true,"valueName":"search_term_string"}}],"inLanguage":"fi-FI"},{"@type":"Organization","@id":"https:\/\/www.kress.com\/de-de\/#organization","name":"Kress","url":"https:\/\/www.kress.com\/de-de\/","logo":{"@type":"ImageObject","inLanguage":"fi-FI","@id":"https:\/\/www.kress.com\/de-de\/#\/schema\/logo\/image\/","url":"https:\/\/www.kress.com\/wp-content\/uploads\/2024\/02\/logo.png","contentUrl":"https:\/\/www.kress.com\/wp-content\/uploads\/2024\/02\/logo.png","width":696,"height":696,"caption":"Kress"},"image":{"@id":"https:\/\/www.kress.com\/de-de\/#\/schema\/logo\/image\/"}}]}},"_links":{"self":[{"href":"https:\/\/www.kress.com\/fi-fi\/wp-json\/wp\/v2\/product\/526228","targetHints":{"allow":["GET"]}}],"collection":[{"href":"https:\/\/www.kress.com\/fi-fi\/wp-json\/wp\/v2\/product"}],"about":[{"href":"https:\/\/www.kress.com\/fi-fi\/wp-json\/wp\/v2\/types\/product"}],"wp:featuredmedia":[{"embeddable":true,"href":"https:\/\/www.kress.com\/fi-fi\/wp-json\/wp\/v2\/media\/522414"}],"wp:attachment":[{"href":"https:\/\/www.kress.com\/fi-fi\/wp-json\/wp\/v2\/media?parent=526228"}],"wp:term":[{"taxonomy":"product_brand","embeddable":true,"href":"https:\/\/www.kress.com\/fi-fi\/wp-json\/wp\/v2\/product_brand?post=526228"},{"taxonomy":"product_cat","embeddable":true,"href":"https:\/\/www.kress.com\/fi-fi\/wp-json\/wp\/v2\/product_cat?post=526228"},{"taxonomy":"product_tag","embeddable":true,"href":"https:\/\/www.kress.com\/fi-fi\/wp-json\/wp\/v2\/product_tag?post=526228"}],"curies":[{"name":"wp","href":"https:\/\/api.w.org\/{rel}","templated":true}]}}