{"id":491551,"date":"2026-01-05T10:03:44","date_gmt":"2026-01-05T10:03:44","guid":{"rendered":""},"modified":"2026-01-05T10:00:25","modified_gmt":"2026-01-05T10:00:25","slug":"kc501-9","status":"publish","type":"product","link":"https:\/\/www.kress.com\/fi-fi\/kc501-9\/","title":{"rendered":"Kaupallinen 60 V:n reppulehtipuhallin kaupalliseen k\u00e4ytt\u00f6\u00f6n"},"content":{"rendered":"<p>Kress KC501 -reppupuhallin on suunniteltu kaupallisten kiinteist\u00f6jen ja kuntien kunnossapidosta vastaaville maisemointiyrityksille. Se tarjoaa Kress-tuoteperheen parhaan suorituskyvyn yhdist\u00e4m\u00e4ll\u00e4 poikkeuksellisen tehon ja painon suhteen sek\u00e4 koko p\u00e4iv\u00e4n kest\u00e4v\u00e4n k\u00e4ytt\u00f6mukavuuden vaativaan ammattik\u00e4ytt\u00f6\u00f6n. Jopa 41 N:n puhallusvoimalla, 1631 m\u00b3\/h ilmavirralla ja 102,5 m\/s ilman nopeudella se kilpailee huippuluokan 80 cc:n bensiinipuhaltimien kanssa \u2013 puhdistamalla paksut, m\u00e4r\u00e4t roskat tehokkaasti v\u00e4hemmill\u00e4 ohituksilla. Vain 62 dB:n \u00e4\u00e4nenvoimakkuudella se t\u00e4ytt\u00e4\u00e4 hiljaisen alueen m\u00e4\u00e4r\u00e4ykset, mik\u00e4 tekee siit\u00e4 ihanteellisen kaupunkiymp\u00e4rist\u00f6ihin ja meluherkkiin ymp\u00e4rist\u00f6ihin. Osana Kress Commercial CyberSystem -j\u00e4rjestelm\u00e4\u00e4 se tarjoaa tasaisen suorituskyvyn ja alhaisemmat k\u00e4ytt\u00f6kustannukset kuin bensiini- ja muut akkuj\u00e4rjestelm\u00e4t.<\/p>\n","protected":false},"excerpt":{"rendered":"<p>Kress KC501 -reppupuhallin on suunniteltu kaupallisten kiinteist\u00f6jen ja kuntien kunnossapidosta vastaaville maisemointiyrityksille. Se tarjoaa Kress-tuoteperheen parhaan suorituskyvyn yhdist\u00e4m\u00e4ll\u00e4 poikkeuksellisen tehon ja painon suhteen sek\u00e4 koko p\u00e4iv\u00e4n kest\u00e4v\u00e4n k\u00e4ytt\u00f6mukavuuden vaativaan ammattik\u00e4ytt\u00f6\u00f6n. Jopa 41 N:n puhallusvoimalla, 1631 m\u00b3\/h ilmavirralla ja 102,5 m\/s ilman nopeudella se kilpailee huippuluokan 80 cc:n bensiinipuhaltimien kanssa \u2013 puhdistamalla paksut, m\u00e4r\u00e4t roskat tehokkaasti [&hellip;]<\/p>\n","protected":false},"featured_media":0,"template":"","meta":{"_acf_changed":false},"product_brand":[],"product_cat":[],"product_tag":[],"class_list":{"0":"post-491551","1":"product","2":"type-product","3":"status-publish","6":"first","7":"instock","8":"shipping-taxable","9":"purchasable","10":"product-type-simple"},"acf":[],"yoast_head":"<!-- This site is optimized with the Yoast SEO Premium plugin v26.5 (Yoast SEO v27.0) - https:\/\/yoast.com\/product\/yoast-seo-premium-wordpress\/ -->\n<title>Kaupallinen 60 V:n reppulehtipuhallin kaupalliseen k\u00e4ytt\u00f6\u00f6n | Kress<\/title>\n<meta name=\"robots\" content=\"index, follow, max-snippet:-1, max-image-preview:large, max-video-preview:-1\" \/>\n<meta property=\"og:locale\" content=\"fi_FI\" \/>\n<meta property=\"og:type\" content=\"article\" \/>\n<meta property=\"og:title\" content=\"Kaupallinen 60 V:n reppulehtipuhallin kaupalliseen k\u00e4ytt\u00f6\u00f6n\" \/>\n<meta property=\"og:description\" content=\"Kress KC501 -reppupuhallin on suunniteltu kaupallisten kiinteist\u00f6jen ja kuntien kunnossapidosta vastaaville maisemointiyrityksille. Se tarjoaa Kress-tuoteperheen parhaan suorituskyvyn yhdist\u00e4m\u00e4ll\u00e4 poikkeuksellisen tehon ja painon suhteen sek\u00e4 koko p\u00e4iv\u00e4n kest\u00e4v\u00e4n k\u00e4ytt\u00f6mukavuuden vaativaan ammattik\u00e4ytt\u00f6\u00f6n. Jopa 41 N:n puhallusvoimalla, 1631 m\u00b3\/h ilmavirralla ja 102,5 m\/s ilman nopeudella se kilpailee huippuluokan 80 cc:n bensiinipuhaltimien kanssa \u2013 puhdistamalla paksut, m\u00e4r\u00e4t roskat tehokkaasti [&hellip;]\" \/>\n<meta property=\"og:url\" content=\"https:\/\/www.kress.com\/en-gb\/?post_type=product&amp;p=491528\" \/>\n<meta property=\"og:site_name\" content=\"Kress\" \/>\n<meta property=\"og:image\" content=\"https:\/\/www.kress.com\/wp-content\/uploads\/2024\/02\/logo_long.png\" \/>\n\t<meta property=\"og:image:width\" content=\"1200\" \/>\n\t<meta property=\"og:image:height\" content=\"675\" \/>\n\t<meta property=\"og:image:type\" content=\"image\/png\" \/>\n<meta name=\"twitter:card\" content=\"summary_large_image\" \/>\n<meta name=\"twitter:label1\" content=\"Est. reading time\" \/>\n\t<meta name=\"twitter:data1\" content=\"1 minute\" \/>\n<script type=\"application\/ld+json\" class=\"yoast-schema-graph\">{\"@context\":\"https:\/\/schema.org\",\"@graph\":[{\"@type\":\"WebPage\",\"@id\":\"https:\/\/www.kress.com\/en-gb\/?post_type=product&p=491528\",\"url\":\"https:\/\/www.kress.com\/en-gb\/?post_type=product&p=491528\",\"name\":\"Kaupallinen 60 V:n reppulehtipuhallin kaupalliseen k\u00e4ytt\u00f6\u00f6n | Kress\",\"isPartOf\":{\"@id\":\"https:\/\/www.kress.com\/de-de\/#website\"},\"datePublished\":\"2026-01-05T10:03:44+00:00\",\"breadcrumb\":{\"@id\":\"https:\/\/www.kress.com\/en-gb\/?post_type=product&p=491528#breadcrumb\"},\"inLanguage\":\"fi-FI\",\"potentialAction\":[{\"@type\":\"ReadAction\",\"target\":[\"https:\/\/www.kress.com\/en-gb\/?post_type=product&p=491528\"]}]},{\"@type\":\"BreadcrumbList\",\"@id\":\"https:\/\/www.kress.com\/en-gb\/?post_type=product&p=491528#breadcrumb\",\"itemListElement\":[{\"@type\":\"ListItem\",\"position\":1,\"name\":\"Home\",\"item\":\"https:\/\/www.kress.com\/fi-fi\/\"},{\"@type\":\"ListItem\",\"position\":2,\"name\":\"Produits\",\"item\":\"https:\/\/www.kress.com\/fr-fr\/shop\/\"},{\"@type\":\"ListItem\",\"position\":3,\"name\":\"KC501.9\"}]},{\"@type\":\"WebSite\",\"@id\":\"https:\/\/www.kress.com\/de-de\/#website\",\"url\":\"https:\/\/www.kress.com\/de-de\/\",\"name\":\"Kress\",\"description\":\"\",\"publisher\":{\"@id\":\"https:\/\/www.kress.com\/de-de\/#organization\"},\"potentialAction\":[{\"@type\":\"SearchAction\",\"target\":{\"@type\":\"EntryPoint\",\"urlTemplate\":\"https:\/\/www.kress.com\/de-de\/?s={search_term_string}\"},\"query-input\":{\"@type\":\"PropertyValueSpecification\",\"valueRequired\":true,\"valueName\":\"search_term_string\"}}],\"inLanguage\":\"fi-FI\"},{\"@type\":\"Organization\",\"@id\":\"https:\/\/www.kress.com\/de-de\/#organization\",\"name\":\"Kress\",\"url\":\"https:\/\/www.kress.com\/de-de\/\",\"logo\":{\"@type\":\"ImageObject\",\"inLanguage\":\"fi-FI\",\"@id\":\"https:\/\/www.kress.com\/de-de\/#\/schema\/logo\/image\/\",\"url\":\"https:\/\/www.kress.com\/wp-content\/uploads\/2024\/02\/logo.png\",\"contentUrl\":\"https:\/\/www.kress.com\/wp-content\/uploads\/2024\/02\/logo.png\",\"width\":696,\"height\":696,\"caption\":\"Kress\"},\"image\":{\"@id\":\"https:\/\/www.kress.com\/de-de\/#\/schema\/logo\/image\/\"}}]}<\/script>\n<!-- \/ Yoast SEO Premium plugin. -->","yoast_head_json":{"title":"Kaupallinen 60 V:n reppulehtipuhallin kaupalliseen k\u00e4ytt\u00f6\u00f6n | Kress","robots":{"index":"index","follow":"follow","max-snippet":"max-snippet:-1","max-image-preview":"max-image-preview:large","max-video-preview":"max-video-preview:-1"},"og_locale":"fi_FI","og_type":"article","og_title":"Kaupallinen 60 V:n reppulehtipuhallin kaupalliseen k\u00e4ytt\u00f6\u00f6n","og_description":"Kress KC501 -reppupuhallin on suunniteltu kaupallisten kiinteist\u00f6jen ja kuntien kunnossapidosta vastaaville maisemointiyrityksille. Se tarjoaa Kress-tuoteperheen parhaan suorituskyvyn yhdist\u00e4m\u00e4ll\u00e4 poikkeuksellisen tehon ja painon suhteen sek\u00e4 koko p\u00e4iv\u00e4n kest\u00e4v\u00e4n k\u00e4ytt\u00f6mukavuuden vaativaan ammattik\u00e4ytt\u00f6\u00f6n. Jopa 41 N:n puhallusvoimalla, 1631 m\u00b3\/h ilmavirralla ja 102,5 m\/s ilman nopeudella se kilpailee huippuluokan 80 cc:n bensiinipuhaltimien kanssa \u2013 puhdistamalla paksut, m\u00e4r\u00e4t roskat tehokkaasti [&hellip;]","og_url":"https:\/\/www.kress.com\/en-gb\/?post_type=product&p=491528","og_site_name":"Kress","og_image":[{"width":1200,"height":675,"url":"https:\/\/www.kress.com\/wp-content\/uploads\/2024\/02\/logo_long.png","type":"image\/png"}],"twitter_card":"summary_large_image","twitter_misc":{"Est. reading time":"1 minute"},"schema":{"@context":"https:\/\/schema.org","@graph":[{"@type":"WebPage","@id":"https:\/\/www.kress.com\/en-gb\/?post_type=product&p=491528","url":"https:\/\/www.kress.com\/en-gb\/?post_type=product&p=491528","name":"Kaupallinen 60 V:n reppulehtipuhallin kaupalliseen k\u00e4ytt\u00f6\u00f6n | Kress","isPartOf":{"@id":"https:\/\/www.kress.com\/de-de\/#website"},"datePublished":"2026-01-05T10:03:44+00:00","breadcrumb":{"@id":"https:\/\/www.kress.com\/en-gb\/?post_type=product&p=491528#breadcrumb"},"inLanguage":"fi-FI","potentialAction":[{"@type":"ReadAction","target":["https:\/\/www.kress.com\/en-gb\/?post_type=product&p=491528"]}]},{"@type":"BreadcrumbList","@id":"https:\/\/www.kress.com\/en-gb\/?post_type=product&p=491528#breadcrumb","itemListElement":[{"@type":"ListItem","position":1,"name":"Home","item":"https:\/\/www.kress.com\/fi-fi\/"},{"@type":"ListItem","position":2,"name":"Produits","item":"https:\/\/www.kress.com\/fr-fr\/shop\/"},{"@type":"ListItem","position":3,"name":"KC501.9"}]},{"@type":"WebSite","@id":"https:\/\/www.kress.com\/de-de\/#website","url":"https:\/\/www.kress.com\/de-de\/","name":"Kress","description":"","publisher":{"@id":"https:\/\/www.kress.com\/de-de\/#organization"},"potentialAction":[{"@type":"SearchAction","target":{"@type":"EntryPoint","urlTemplate":"https:\/\/www.kress.com\/de-de\/?s={search_term_string}"},"query-input":{"@type":"PropertyValueSpecification","valueRequired":true,"valueName":"search_term_string"}}],"inLanguage":"fi-FI"},{"@type":"Organization","@id":"https:\/\/www.kress.com\/de-de\/#organization","name":"Kress","url":"https:\/\/www.kress.com\/de-de\/","logo":{"@type":"ImageObject","inLanguage":"fi-FI","@id":"https:\/\/www.kress.com\/de-de\/#\/schema\/logo\/image\/","url":"https:\/\/www.kress.com\/wp-content\/uploads\/2024\/02\/logo.png","contentUrl":"https:\/\/www.kress.com\/wp-content\/uploads\/2024\/02\/logo.png","width":696,"height":696,"caption":"Kress"},"image":{"@id":"https:\/\/www.kress.com\/de-de\/#\/schema\/logo\/image\/"}}]}},"_links":{"self":[{"href":"https:\/\/www.kress.com\/fi-fi\/wp-json\/wp\/v2\/product\/491551","targetHints":{"allow":["GET"]}}],"collection":[{"href":"https:\/\/www.kress.com\/fi-fi\/wp-json\/wp\/v2\/product"}],"about":[{"href":"https:\/\/www.kress.com\/fi-fi\/wp-json\/wp\/v2\/types\/product"}],"wp:attachment":[{"href":"https:\/\/www.kress.com\/fi-fi\/wp-json\/wp\/v2\/media?parent=491551"}],"wp:term":[{"taxonomy":"product_brand","embeddable":true,"href":"https:\/\/www.kress.com\/fi-fi\/wp-json\/wp\/v2\/product_brand?post=491551"},{"taxonomy":"product_cat","embeddable":true,"href":"https:\/\/www.kress.com\/fi-fi\/wp-json\/wp\/v2\/product_cat?post=491551"},{"taxonomy":"product_tag","embeddable":true,"href":"https:\/\/www.kress.com\/fi-fi\/wp-json\/wp\/v2\/product_tag?post=491551"}],"curies":[{"name":"wp","href":"https:\/\/api.w.org\/{rel}","templated":true}]}}