{"id":491497,"date":"2026-01-05T10:03:42","date_gmt":"2026-01-05T10:03:42","guid":{"rendered":""},"modified":"2026-01-05T10:00:25","modified_gmt":"2026-01-05T10:00:25","slug":"kc180-9","status":"publish","type":"product","link":"https:\/\/www.kress.com\/fi-fi\/kc180-9\/","title":{"rendered":"Kaupallinen 60 V:n harjaleikkuri"},"content":{"rendered":"<p>KC180 on Kress-raivaussahan valikoiman tehokkain malli, jonka 2,0 kW:n teho vastaa 50 cm\u00b3:n bensiinimoottoria. Vankka ja monipuolinen malli sopii erinomaisesti raskaisiin kunnallisiin ja ammattimaisiin maisemointit\u00f6ihin, kuten vaikeasti raivattavan ruohon raivaamiseen, kasvillisuuden silppuamiseen ja pienten puiden kaatamiseen. V\u00e4h\u00e4v\u00e4rin\u00e4inen rakenne parantaa k\u00e4ytt\u00f6mukavuutta ja vakautta pitk\u00e4kestoisessa k\u00e4yt\u00f6ss\u00e4. Osana Kress Commercial CyberSystem -j\u00e4rjestelm\u00e4\u00e4 se tarjoaa huippuluokan suorituskyvyn ja alhaisemmat k\u00e4ytt\u00f6kustannukset verrattuna bensiini- ja muihin akkuj\u00e4rjestelmiin.<\/p>\n","protected":false},"excerpt":{"rendered":"<p>KC180 on Kress-raivaussahan valikoiman tehokkain malli, jonka 2,0 kW:n teho vastaa 50 cm\u00b3:n bensiinimoottoria. Vankka ja monipuolinen malli sopii erinomaisesti raskaisiin kunnallisiin ja ammattimaisiin maisemointit\u00f6ihin, kuten vaikeasti raivattavan ruohon raivaamiseen, kasvillisuuden silppuamiseen ja pienten puiden kaatamiseen. V\u00e4h\u00e4v\u00e4rin\u00e4inen rakenne parantaa k\u00e4ytt\u00f6mukavuutta ja vakautta pitk\u00e4kestoisessa k\u00e4yt\u00f6ss\u00e4. Osana Kress Commercial CyberSystem -j\u00e4rjestelm\u00e4\u00e4 se tarjoaa huippuluokan suorituskyvyn ja alhaisemmat [&hellip;]<\/p>\n","protected":false},"featured_media":0,"template":"","meta":{"_acf_changed":false},"product_brand":[],"product_cat":[],"product_tag":[],"class_list":{"0":"post-491497","1":"product","2":"type-product","3":"status-publish","6":"first","7":"instock","8":"shipping-taxable","9":"product-type-simple"},"acf":[],"yoast_head":"<!-- This site is optimized with the Yoast SEO Premium plugin v27.5 (Yoast SEO v27.5) - https:\/\/yoast.com\/product\/yoast-seo-premium-wordpress\/ -->\n<title>Kaupallinen 60 V:n harjaleikkuri | Kress<\/title>\n<meta name=\"robots\" content=\"index, follow, max-snippet:-1, max-image-preview:large, max-video-preview:-1\" \/>\n<meta property=\"og:locale\" content=\"fi_FI\" \/>\n<meta property=\"og:type\" content=\"article\" \/>\n<meta property=\"og:title\" content=\"Kaupallinen 60 V:n harjaleikkuri\" \/>\n<meta property=\"og:description\" content=\"KC180 on Kress-raivaussahan valikoiman tehokkain malli, jonka 2,0 kW:n teho vastaa 50 cm\u00b3:n bensiinimoottoria. Vankka ja monipuolinen malli sopii erinomaisesti raskaisiin kunnallisiin ja ammattimaisiin maisemointit\u00f6ihin, kuten vaikeasti raivattavan ruohon raivaamiseen, kasvillisuuden silppuamiseen ja pienten puiden kaatamiseen. V\u00e4h\u00e4v\u00e4rin\u00e4inen rakenne parantaa k\u00e4ytt\u00f6mukavuutta ja vakautta pitk\u00e4kestoisessa k\u00e4yt\u00f6ss\u00e4. Osana Kress Commercial CyberSystem -j\u00e4rjestelm\u00e4\u00e4 se tarjoaa huippuluokan suorituskyvyn ja alhaisemmat [&hellip;]\" \/>\n<meta property=\"og:url\" content=\"https:\/\/www.kress.com\/en-gb\/?post_type=product&amp;p=491474\" \/>\n<meta property=\"og:site_name\" content=\"Kress\" \/>\n<meta property=\"og:image\" content=\"https:\/\/www.kress.com\/wp-content\/uploads\/2024\/02\/logo_long.png\" \/>\n\t<meta property=\"og:image:width\" content=\"1200\" \/>\n\t<meta property=\"og:image:height\" content=\"675\" \/>\n\t<meta property=\"og:image:type\" content=\"image\/png\" \/>\n<meta name=\"twitter:card\" content=\"summary_large_image\" \/>\n<script type=\"application\/ld+json\" class=\"yoast-schema-graph\">{\"@context\":\"https:\\\/\\\/schema.org\",\"@graph\":[{\"@type\":\"WebPage\",\"@id\":\"https:\\\/\\\/www.kress.com\\\/en-gb\\\/?post_type=product&p=491474\",\"url\":\"https:\\\/\\\/www.kress.com\\\/en-gb\\\/?post_type=product&p=491474\",\"name\":\"Kaupallinen 60 V:n harjaleikkuri | Kress\",\"isPartOf\":{\"@id\":\"https:\\\/\\\/www.kress.com\\\/de-de\\\/#website\"},\"datePublished\":\"2026-01-05T10:03:42+00:00\",\"breadcrumb\":{\"@id\":\"https:\\\/\\\/www.kress.com\\\/en-gb\\\/?post_type=product&p=491474#breadcrumb\"},\"inLanguage\":\"fi-FI\",\"potentialAction\":[{\"@type\":\"ReadAction\",\"target\":[\"https:\\\/\\\/www.kress.com\\\/en-gb\\\/?post_type=product&p=491474\"]}]},{\"@type\":\"BreadcrumbList\",\"@id\":\"https:\\\/\\\/www.kress.com\\\/en-gb\\\/?post_type=product&p=491474#breadcrumb\",\"itemListElement\":[{\"@type\":\"ListItem\",\"position\":1,\"name\":\"Home\",\"item\":\"https:\\\/\\\/www.kress.com\\\/fi-fi\\\/\"},{\"@type\":\"ListItem\",\"position\":2,\"name\":\"Produits\",\"item\":\"https:\\\/\\\/www.kress.com\\\/fr-fr\\\/shop\\\/\"},{\"@type\":\"ListItem\",\"position\":3,\"name\":\"Kaupallinen 60 V:n harjaleikkuri\"}]},{\"@type\":\"WebSite\",\"@id\":\"https:\\\/\\\/www.kress.com\\\/de-de\\\/#website\",\"url\":\"https:\\\/\\\/www.kress.com\\\/de-de\\\/\",\"name\":\"Kress\",\"description\":\"\",\"publisher\":{\"@id\":\"https:\\\/\\\/www.kress.com\\\/de-de\\\/#organization\"},\"potentialAction\":[{\"@type\":\"SearchAction\",\"target\":{\"@type\":\"EntryPoint\",\"urlTemplate\":\"https:\\\/\\\/www.kress.com\\\/de-de\\\/?s={search_term_string}\"},\"query-input\":{\"@type\":\"PropertyValueSpecification\",\"valueRequired\":true,\"valueName\":\"search_term_string\"}}],\"inLanguage\":\"fi-FI\"},{\"@type\":\"Organization\",\"@id\":\"https:\\\/\\\/www.kress.com\\\/de-de\\\/#organization\",\"name\":\"Kress\",\"url\":\"https:\\\/\\\/www.kress.com\\\/de-de\\\/\",\"logo\":{\"@type\":\"ImageObject\",\"inLanguage\":\"fi-FI\",\"@id\":\"https:\\\/\\\/www.kress.com\\\/de-de\\\/#\\\/schema\\\/logo\\\/image\\\/\",\"url\":\"https:\\\/\\\/www.kress.com\\\/wp-content\\\/uploads\\\/2024\\\/02\\\/logo.png\",\"contentUrl\":\"https:\\\/\\\/www.kress.com\\\/wp-content\\\/uploads\\\/2024\\\/02\\\/logo.png\",\"width\":696,\"height\":696,\"caption\":\"Kress\"},\"image\":{\"@id\":\"https:\\\/\\\/www.kress.com\\\/de-de\\\/#\\\/schema\\\/logo\\\/image\\\/\"}}]}<\/script>\n<!-- \/ Yoast SEO Premium plugin. -->","yoast_head_json":{"title":"Kaupallinen 60 V:n harjaleikkuri | Kress","robots":{"index":"index","follow":"follow","max-snippet":"max-snippet:-1","max-image-preview":"max-image-preview:large","max-video-preview":"max-video-preview:-1"},"og_locale":"fi_FI","og_type":"article","og_title":"Kaupallinen 60 V:n harjaleikkuri","og_description":"KC180 on Kress-raivaussahan valikoiman tehokkain malli, jonka 2,0 kW:n teho vastaa 50 cm\u00b3:n bensiinimoottoria. Vankka ja monipuolinen malli sopii erinomaisesti raskaisiin kunnallisiin ja ammattimaisiin maisemointit\u00f6ihin, kuten vaikeasti raivattavan ruohon raivaamiseen, kasvillisuuden silppuamiseen ja pienten puiden kaatamiseen. V\u00e4h\u00e4v\u00e4rin\u00e4inen rakenne parantaa k\u00e4ytt\u00f6mukavuutta ja vakautta pitk\u00e4kestoisessa k\u00e4yt\u00f6ss\u00e4. Osana Kress Commercial CyberSystem -j\u00e4rjestelm\u00e4\u00e4 se tarjoaa huippuluokan suorituskyvyn ja alhaisemmat [&hellip;]","og_url":"https:\/\/www.kress.com\/en-gb\/?post_type=product&p=491474","og_site_name":"Kress","og_image":[{"width":1200,"height":675,"url":"https:\/\/www.kress.com\/wp-content\/uploads\/2024\/02\/logo_long.png","type":"image\/png"}],"twitter_card":"summary_large_image","schema":{"@context":"https:\/\/schema.org","@graph":[{"@type":"WebPage","@id":"https:\/\/www.kress.com\/en-gb\/?post_type=product&p=491474","url":"https:\/\/www.kress.com\/en-gb\/?post_type=product&p=491474","name":"Kaupallinen 60 V:n harjaleikkuri | Kress","isPartOf":{"@id":"https:\/\/www.kress.com\/de-de\/#website"},"datePublished":"2026-01-05T10:03:42+00:00","breadcrumb":{"@id":"https:\/\/www.kress.com\/en-gb\/?post_type=product&p=491474#breadcrumb"},"inLanguage":"fi-FI","potentialAction":[{"@type":"ReadAction","target":["https:\/\/www.kress.com\/en-gb\/?post_type=product&p=491474"]}]},{"@type":"BreadcrumbList","@id":"https:\/\/www.kress.com\/en-gb\/?post_type=product&p=491474#breadcrumb","itemListElement":[{"@type":"ListItem","position":1,"name":"Home","item":"https:\/\/www.kress.com\/fi-fi\/"},{"@type":"ListItem","position":2,"name":"Produits","item":"https:\/\/www.kress.com\/fr-fr\/shop\/"},{"@type":"ListItem","position":3,"name":"Kaupallinen 60 V:n harjaleikkuri"}]},{"@type":"WebSite","@id":"https:\/\/www.kress.com\/de-de\/#website","url":"https:\/\/www.kress.com\/de-de\/","name":"Kress","description":"","publisher":{"@id":"https:\/\/www.kress.com\/de-de\/#organization"},"potentialAction":[{"@type":"SearchAction","target":{"@type":"EntryPoint","urlTemplate":"https:\/\/www.kress.com\/de-de\/?s={search_term_string}"},"query-input":{"@type":"PropertyValueSpecification","valueRequired":true,"valueName":"search_term_string"}}],"inLanguage":"fi-FI"},{"@type":"Organization","@id":"https:\/\/www.kress.com\/de-de\/#organization","name":"Kress","url":"https:\/\/www.kress.com\/de-de\/","logo":{"@type":"ImageObject","inLanguage":"fi-FI","@id":"https:\/\/www.kress.com\/de-de\/#\/schema\/logo\/image\/","url":"https:\/\/www.kress.com\/wp-content\/uploads\/2024\/02\/logo.png","contentUrl":"https:\/\/www.kress.com\/wp-content\/uploads\/2024\/02\/logo.png","width":696,"height":696,"caption":"Kress"},"image":{"@id":"https:\/\/www.kress.com\/de-de\/#\/schema\/logo\/image\/"}}]}},"_links":{"self":[{"href":"https:\/\/www.kress.com\/fi-fi\/wp-json\/wp\/v2\/product\/491497","targetHints":{"allow":["GET"]}}],"collection":[{"href":"https:\/\/www.kress.com\/fi-fi\/wp-json\/wp\/v2\/product"}],"about":[{"href":"https:\/\/www.kress.com\/fi-fi\/wp-json\/wp\/v2\/types\/product"}],"wp:attachment":[{"href":"https:\/\/www.kress.com\/fi-fi\/wp-json\/wp\/v2\/media?parent=491497"}],"wp:term":[{"taxonomy":"product_brand","embeddable":true,"href":"https:\/\/www.kress.com\/fi-fi\/wp-json\/wp\/v2\/product_brand?post=491497"},{"taxonomy":"product_cat","embeddable":true,"href":"https:\/\/www.kress.com\/fi-fi\/wp-json\/wp\/v2\/product_cat?post=491497"},{"taxonomy":"product_tag","embeddable":true,"href":"https:\/\/www.kress.com\/fi-fi\/wp-json\/wp\/v2\/product_tag?post=491497"}],"curies":[{"name":"wp","href":"https:\/\/api.w.org\/{rel}","templated":true}]}}