{"id":43265,"date":"2024-03-26T08:17:17","date_gmt":"2024-03-26T08:17:17","guid":{"rendered":""},"modified":"2025-10-17T10:00:22","modified_gmt":"2025-10-17T10:00:22","slug":"kaupallisen-luokan-60-v-cyberlite-dc-dc-laturi-kac844","status":"publish","type":"product","link":"https:\/\/www.kress.com\/fi-fi\/kaupallisen-luokan-60-v-cyberlite-dc-dc-laturi-kac844\/","title":{"rendered":"Kaupallisen luokan 60 V CyberLite DC-DC-laturi"},"content":{"rendered":"<p>CyberTank Lite DC-DC-latausj\u00e4rjestelm\u00e4 on suunniteltu ammattilaisia ajatellen, ja se m\u00e4\u00e4rittelee kannettavuuden uudelleen. Se on suunniteltu siirt\u00e4m\u00e4\u00e4n energiaa CyberCapsulesta mihin tahansa CyberPackiin vain 12 minuutissa. T\u00e4m\u00e4 liikkuvuus varmistaa, ett\u00e4 ty\u00f6kalusi voidaan ladata nopeasti ja tehokkaasti, jolloin pysyt toiminnassa ilman kiinte\u00e4n latauspaikan rajoituksia.<\/p>\n","protected":false},"excerpt":{"rendered":"<p>CyberTank Lite DC-DC-latausj\u00e4rjestelm\u00e4 on suunniteltu ammattilaisia ajatellen, ja se m\u00e4\u00e4rittelee kannettavuuden uudelleen. Se on suunniteltu siirt\u00e4m\u00e4\u00e4n energiaa CyberCapsulesta mihin tahansa CyberPackiin vain 12 minuutissa. T\u00e4m\u00e4 liikkuvuus varmistaa, ett\u00e4 ty\u00f6kalusi voidaan ladata nopeasti ja tehokkaasti, jolloin pysyt toiminnassa ilman kiinte\u00e4n latauspaikan rajoituksia.<\/p>\n","protected":false},"featured_media":410872,"template":"","meta":{"_acf_changed":false},"product_brand":[],"product_cat":[],"product_tag":[],"class_list":{"0":"post-43265","1":"product","2":"type-product","3":"status-publish","4":"has-post-thumbnail","7":"first","8":"instock","9":"shipping-taxable","10":"purchasable","11":"product-type-simple"},"acf":[],"yoast_head":"<!-- This site is optimized with the Yoast SEO Premium plugin v26.5 (Yoast SEO v27.0) - https:\/\/yoast.com\/product\/yoast-seo-premium-wordpress\/ -->\n<title>Kaupallisen luokan 60 V CyberLite DC-DC-laturi | Kress<\/title>\n<meta name=\"robots\" content=\"index, follow, max-snippet:-1, max-image-preview:large, max-video-preview:-1\" \/>\n<meta property=\"og:locale\" content=\"fi_FI\" \/>\n<meta property=\"og:type\" content=\"article\" \/>\n<meta property=\"og:title\" content=\"Kaupallisen luokan 60 V CyberLite DC-DC-laturi\" \/>\n<meta property=\"og:description\" content=\"CyberTank Lite DC-DC-latausj\u00e4rjestelm\u00e4 on suunniteltu ammattilaisia ajatellen, ja se m\u00e4\u00e4rittelee kannettavuuden uudelleen. Se on suunniteltu siirt\u00e4m\u00e4\u00e4n energiaa CyberCapsulesta mihin tahansa CyberPackiin vain 12 minuutissa. T\u00e4m\u00e4 liikkuvuus varmistaa, ett\u00e4 ty\u00f6kalusi voidaan ladata nopeasti ja tehokkaasti, jolloin pysyt toiminnassa ilman kiinte\u00e4n latauspaikan rajoituksia.\" \/>\n<meta property=\"og:url\" content=\"https:\/\/www.kress.com\/fi-fi\/kaupallisen-luokan-60-v-cyberlite-dc-dc-laturi-kac844\/\" \/>\n<meta property=\"og:site_name\" content=\"Kress\" \/>\n<meta property=\"article:modified_time\" content=\"2025-10-17T10:00:22+00:00\" \/>\n<meta property=\"og:image\" content=\"https:\/\/www.kress.com\/wp-content\/uploads\/onpage\/op_image_1eb67f126aa6e30166b0358b4dee47dbe693f033.1980x.webp\" \/>\n\t<meta property=\"og:image:width\" content=\"1980\" \/>\n\t<meta property=\"og:image:height\" content=\"1980\" \/>\n\t<meta property=\"og:image:type\" content=\"image\/webp\" \/>\n<meta name=\"twitter:card\" content=\"summary_large_image\" \/>\n<script type=\"application\/ld+json\" class=\"yoast-schema-graph\">{\"@context\":\"https:\/\/schema.org\",\"@graph\":[{\"@type\":\"WebPage\",\"@id\":\"https:\/\/www.kress.com\/fi-fi\/kaupallisen-luokan-60-v-cyberlite-dc-dc-laturi-kac844\/\",\"url\":\"https:\/\/www.kress.com\/fi-fi\/kaupallisen-luokan-60-v-cyberlite-dc-dc-laturi-kac844\/\",\"name\":\"Kaupallisen luokan 60 V CyberLite DC-DC-laturi | Kress\",\"isPartOf\":{\"@id\":\"https:\/\/www.kress.com\/de-de\/#website\"},\"primaryImageOfPage\":{\"@id\":\"https:\/\/www.kress.com\/fi-fi\/kaupallisen-luokan-60-v-cyberlite-dc-dc-laturi-kac844\/#primaryimage\"},\"image\":{\"@id\":\"https:\/\/www.kress.com\/fi-fi\/kaupallisen-luokan-60-v-cyberlite-dc-dc-laturi-kac844\/#primaryimage\"},\"thumbnailUrl\":\"https:\/\/www.kress.com\/wp-content\/uploads\/onpage\/op_image_1eb67f126aa6e30166b0358b4dee47dbe693f033.1980x.webp\",\"datePublished\":\"2024-03-26T08:17:17+00:00\",\"dateModified\":\"2025-10-17T10:00:22+00:00\",\"breadcrumb\":{\"@id\":\"https:\/\/www.kress.com\/fi-fi\/kaupallisen-luokan-60-v-cyberlite-dc-dc-laturi-kac844\/#breadcrumb\"},\"inLanguage\":\"fi-FI\",\"potentialAction\":[{\"@type\":\"ReadAction\",\"target\":[\"https:\/\/www.kress.com\/fi-fi\/kaupallisen-luokan-60-v-cyberlite-dc-dc-laturi-kac844\/\"]}]},{\"@type\":\"ImageObject\",\"inLanguage\":\"fi-FI\",\"@id\":\"https:\/\/www.kress.com\/fi-fi\/kaupallisen-luokan-60-v-cyberlite-dc-dc-laturi-kac844\/#primaryimage\",\"url\":\"https:\/\/www.kress.com\/wp-content\/uploads\/onpage\/op_image_1eb67f126aa6e30166b0358b4dee47dbe693f033.1980x.webp\",\"contentUrl\":\"https:\/\/www.kress.com\/wp-content\/uploads\/onpage\/op_image_1eb67f126aa6e30166b0358b4dee47dbe693f033.1980x.webp\",\"width\":1980,\"height\":1980},{\"@type\":\"BreadcrumbList\",\"@id\":\"https:\/\/www.kress.com\/fi-fi\/kaupallisen-luokan-60-v-cyberlite-dc-dc-laturi-kac844\/#breadcrumb\",\"itemListElement\":[{\"@type\":\"ListItem\",\"position\":1,\"name\":\"Home\",\"item\":\"https:\/\/www.kress.com\/fi-fi\/\"},{\"@type\":\"ListItem\",\"position\":2,\"name\":\"Produits\",\"item\":\"https:\/\/www.kress.com\/fr-fr\/shop\/\"},{\"@type\":\"ListItem\",\"position\":3,\"name\":\"Kaupallisen luokan 60 V CyberLite DC-DC-laturi\"}]},{\"@type\":\"WebSite\",\"@id\":\"https:\/\/www.kress.com\/de-de\/#website\",\"url\":\"https:\/\/www.kress.com\/de-de\/\",\"name\":\"Kress\",\"description\":\"\",\"publisher\":{\"@id\":\"https:\/\/www.kress.com\/de-de\/#organization\"},\"potentialAction\":[{\"@type\":\"SearchAction\",\"target\":{\"@type\":\"EntryPoint\",\"urlTemplate\":\"https:\/\/www.kress.com\/de-de\/?s={search_term_string}\"},\"query-input\":{\"@type\":\"PropertyValueSpecification\",\"valueRequired\":true,\"valueName\":\"search_term_string\"}}],\"inLanguage\":\"fi-FI\"},{\"@type\":\"Organization\",\"@id\":\"https:\/\/www.kress.com\/de-de\/#organization\",\"name\":\"Kress\",\"url\":\"https:\/\/www.kress.com\/de-de\/\",\"logo\":{\"@type\":\"ImageObject\",\"inLanguage\":\"fi-FI\",\"@id\":\"https:\/\/www.kress.com\/de-de\/#\/schema\/logo\/image\/\",\"url\":\"https:\/\/www.kress.com\/wp-content\/uploads\/2024\/02\/logo.png\",\"contentUrl\":\"https:\/\/www.kress.com\/wp-content\/uploads\/2024\/02\/logo.png\",\"width\":696,\"height\":696,\"caption\":\"Kress\"},\"image\":{\"@id\":\"https:\/\/www.kress.com\/de-de\/#\/schema\/logo\/image\/\"}}]}<\/script>\n<!-- \/ Yoast SEO Premium plugin. -->","yoast_head_json":{"title":"Kaupallisen luokan 60 V CyberLite DC-DC-laturi | Kress","robots":{"index":"index","follow":"follow","max-snippet":"max-snippet:-1","max-image-preview":"max-image-preview:large","max-video-preview":"max-video-preview:-1"},"og_locale":"fi_FI","og_type":"article","og_title":"Kaupallisen luokan 60 V CyberLite DC-DC-laturi","og_description":"CyberTank Lite DC-DC-latausj\u00e4rjestelm\u00e4 on suunniteltu ammattilaisia ajatellen, ja se m\u00e4\u00e4rittelee kannettavuuden uudelleen. Se on suunniteltu siirt\u00e4m\u00e4\u00e4n energiaa CyberCapsulesta mihin tahansa CyberPackiin vain 12 minuutissa. T\u00e4m\u00e4 liikkuvuus varmistaa, ett\u00e4 ty\u00f6kalusi voidaan ladata nopeasti ja tehokkaasti, jolloin pysyt toiminnassa ilman kiinte\u00e4n latauspaikan rajoituksia.","og_url":"https:\/\/www.kress.com\/fi-fi\/kaupallisen-luokan-60-v-cyberlite-dc-dc-laturi-kac844\/","og_site_name":"Kress","article_modified_time":"2025-10-17T10:00:22+00:00","og_image":[{"width":1980,"height":1980,"url":"https:\/\/www.kress.com\/wp-content\/uploads\/onpage\/op_image_1eb67f126aa6e30166b0358b4dee47dbe693f033.1980x.webp","type":"image\/webp"}],"twitter_card":"summary_large_image","schema":{"@context":"https:\/\/schema.org","@graph":[{"@type":"WebPage","@id":"https:\/\/www.kress.com\/fi-fi\/kaupallisen-luokan-60-v-cyberlite-dc-dc-laturi-kac844\/","url":"https:\/\/www.kress.com\/fi-fi\/kaupallisen-luokan-60-v-cyberlite-dc-dc-laturi-kac844\/","name":"Kaupallisen luokan 60 V CyberLite DC-DC-laturi | Kress","isPartOf":{"@id":"https:\/\/www.kress.com\/de-de\/#website"},"primaryImageOfPage":{"@id":"https:\/\/www.kress.com\/fi-fi\/kaupallisen-luokan-60-v-cyberlite-dc-dc-laturi-kac844\/#primaryimage"},"image":{"@id":"https:\/\/www.kress.com\/fi-fi\/kaupallisen-luokan-60-v-cyberlite-dc-dc-laturi-kac844\/#primaryimage"},"thumbnailUrl":"https:\/\/www.kress.com\/wp-content\/uploads\/onpage\/op_image_1eb67f126aa6e30166b0358b4dee47dbe693f033.1980x.webp","datePublished":"2024-03-26T08:17:17+00:00","dateModified":"2025-10-17T10:00:22+00:00","breadcrumb":{"@id":"https:\/\/www.kress.com\/fi-fi\/kaupallisen-luokan-60-v-cyberlite-dc-dc-laturi-kac844\/#breadcrumb"},"inLanguage":"fi-FI","potentialAction":[{"@type":"ReadAction","target":["https:\/\/www.kress.com\/fi-fi\/kaupallisen-luokan-60-v-cyberlite-dc-dc-laturi-kac844\/"]}]},{"@type":"ImageObject","inLanguage":"fi-FI","@id":"https:\/\/www.kress.com\/fi-fi\/kaupallisen-luokan-60-v-cyberlite-dc-dc-laturi-kac844\/#primaryimage","url":"https:\/\/www.kress.com\/wp-content\/uploads\/onpage\/op_image_1eb67f126aa6e30166b0358b4dee47dbe693f033.1980x.webp","contentUrl":"https:\/\/www.kress.com\/wp-content\/uploads\/onpage\/op_image_1eb67f126aa6e30166b0358b4dee47dbe693f033.1980x.webp","width":1980,"height":1980},{"@type":"BreadcrumbList","@id":"https:\/\/www.kress.com\/fi-fi\/kaupallisen-luokan-60-v-cyberlite-dc-dc-laturi-kac844\/#breadcrumb","itemListElement":[{"@type":"ListItem","position":1,"name":"Home","item":"https:\/\/www.kress.com\/fi-fi\/"},{"@type":"ListItem","position":2,"name":"Produits","item":"https:\/\/www.kress.com\/fr-fr\/shop\/"},{"@type":"ListItem","position":3,"name":"Kaupallisen luokan 60 V CyberLite DC-DC-laturi"}]},{"@type":"WebSite","@id":"https:\/\/www.kress.com\/de-de\/#website","url":"https:\/\/www.kress.com\/de-de\/","name":"Kress","description":"","publisher":{"@id":"https:\/\/www.kress.com\/de-de\/#organization"},"potentialAction":[{"@type":"SearchAction","target":{"@type":"EntryPoint","urlTemplate":"https:\/\/www.kress.com\/de-de\/?s={search_term_string}"},"query-input":{"@type":"PropertyValueSpecification","valueRequired":true,"valueName":"search_term_string"}}],"inLanguage":"fi-FI"},{"@type":"Organization","@id":"https:\/\/www.kress.com\/de-de\/#organization","name":"Kress","url":"https:\/\/www.kress.com\/de-de\/","logo":{"@type":"ImageObject","inLanguage":"fi-FI","@id":"https:\/\/www.kress.com\/de-de\/#\/schema\/logo\/image\/","url":"https:\/\/www.kress.com\/wp-content\/uploads\/2024\/02\/logo.png","contentUrl":"https:\/\/www.kress.com\/wp-content\/uploads\/2024\/02\/logo.png","width":696,"height":696,"caption":"Kress"},"image":{"@id":"https:\/\/www.kress.com\/de-de\/#\/schema\/logo\/image\/"}}]}},"_links":{"self":[{"href":"https:\/\/www.kress.com\/fi-fi\/wp-json\/wp\/v2\/product\/43265","targetHints":{"allow":["GET"]}}],"collection":[{"href":"https:\/\/www.kress.com\/fi-fi\/wp-json\/wp\/v2\/product"}],"about":[{"href":"https:\/\/www.kress.com\/fi-fi\/wp-json\/wp\/v2\/types\/product"}],"wp:featuredmedia":[{"embeddable":true,"href":"https:\/\/www.kress.com\/fi-fi\/wp-json\/wp\/v2\/media\/410872"}],"wp:attachment":[{"href":"https:\/\/www.kress.com\/fi-fi\/wp-json\/wp\/v2\/media?parent=43265"}],"wp:term":[{"taxonomy":"product_brand","embeddable":true,"href":"https:\/\/www.kress.com\/fi-fi\/wp-json\/wp\/v2\/product_brand?post=43265"},{"taxonomy":"product_cat","embeddable":true,"href":"https:\/\/www.kress.com\/fi-fi\/wp-json\/wp\/v2\/product_cat?post=43265"},{"taxonomy":"product_tag","embeddable":true,"href":"https:\/\/www.kress.com\/fi-fi\/wp-json\/wp\/v2\/product_tag?post=43265"}],"curies":[{"name":"wp","href":"https:\/\/api.w.org\/{rel}","templated":true}]}}