{"id":42761,"date":"2024-03-26T08:17:14","date_gmt":"2024-03-26T07:17:14","guid":{"rendered":""},"modified":"2025-10-17T10:00:22","modified_gmt":"2025-10-17T10:00:22","slug":"kaupallisen-luokan-60-v-cybercapsule-akku-kac815","status":"publish","type":"product","link":"https:\/\/www.kress.com\/fi-fi\/kaupallisen-luokan-60-v-cybercapsule-akku-kac815\/","title":{"rendered":"Kaupallisen luokan 60 V CyberCapsule-akku"},"content":{"rendered":"<p>Kress CyberCapsule on kompakti ja joustava 1,5 kWh:n energiavarastointimoduuli akkujen lataamiseen silloin, kun pistorasioita ei ole saatavilla. T\u00e4m\u00e4 moduuli tarjoaa maisemasuunnittelijoille joustavuutta s\u00e4\u00e4t\u00e4\u00e4 energiakapasiteettia p\u00e4ivitt\u00e4isten tarpeiden mukaan kuljettamalla ylim\u00e4\u00e4r\u00e4isi\u00e4 CyberCapsuleita. Se voi toimia my\u00f6s reppuakkuina, jotka sy\u00f6tt\u00e4v\u00e4t virtaa suoraan ty\u00f6kaluihin.<\/p>\n","protected":false},"excerpt":{"rendered":"<p>Kress CyberCapsule on kompakti ja joustava 1,5 kWh:n energiavarastointimoduuli akkujen lataamiseen silloin, kun pistorasioita ei ole saatavilla. T\u00e4m\u00e4 moduuli tarjoaa maisemasuunnittelijoille joustavuutta s\u00e4\u00e4t\u00e4\u00e4 energiakapasiteettia p\u00e4ivitt\u00e4isten tarpeiden mukaan kuljettamalla ylim\u00e4\u00e4r\u00e4isi\u00e4 CyberCapsuleita. Se voi toimia my\u00f6s reppuakkuina, jotka sy\u00f6tt\u00e4v\u00e4t virtaa suoraan ty\u00f6kaluihin.<\/p>\n","protected":false},"featured_media":434583,"template":"","meta":{"_acf_changed":false},"product_brand":[],"product_cat":[],"product_tag":[],"class_list":{"0":"post-42761","1":"product","2":"type-product","3":"status-publish","4":"has-post-thumbnail","7":"first","8":"instock","9":"shipping-taxable","10":"product-type-simple"},"acf":[],"yoast_head":"<!-- This site is optimized with the Yoast SEO Premium plugin v26.5 (Yoast SEO v27.0) - https:\/\/yoast.com\/product\/yoast-seo-premium-wordpress\/ -->\n<title>Kaupallisen luokan 60 V CyberCapsule-akku | Kress<\/title>\n<meta name=\"robots\" content=\"index, follow, max-snippet:-1, max-image-preview:large, max-video-preview:-1\" \/>\n<meta property=\"og:locale\" content=\"fi_FI\" \/>\n<meta property=\"og:type\" content=\"article\" \/>\n<meta property=\"og:title\" content=\"Kaupallisen luokan 60 V CyberCapsule-akku\" \/>\n<meta property=\"og:description\" content=\"Kress CyberCapsule on kompakti ja joustava 1,5 kWh:n energiavarastointimoduuli akkujen lataamiseen silloin, kun pistorasioita ei ole saatavilla. T\u00e4m\u00e4 moduuli tarjoaa maisemasuunnittelijoille joustavuutta s\u00e4\u00e4t\u00e4\u00e4 energiakapasiteettia p\u00e4ivitt\u00e4isten tarpeiden mukaan kuljettamalla ylim\u00e4\u00e4r\u00e4isi\u00e4 CyberCapsuleita. Se voi toimia my\u00f6s reppuakkuina, jotka sy\u00f6tt\u00e4v\u00e4t virtaa suoraan ty\u00f6kaluihin.\" \/>\n<meta property=\"og:url\" content=\"https:\/\/www.kress.com\/fi-fi\/kaupallisen-luokan-60-v-cybercapsule-akku-kac815\/\" \/>\n<meta property=\"og:site_name\" content=\"Kress\" \/>\n<meta property=\"article:modified_time\" content=\"2025-10-17T10:00:22+00:00\" \/>\n<meta property=\"og:image\" content=\"https:\/\/www.kress.com\/wp-content\/uploads\/onpage\/op_image_dc8d590dfb79c897b7b5c6ed8271dea3d90b8690.1980x.webp\" \/>\n\t<meta property=\"og:image:width\" content=\"1980\" \/>\n\t<meta property=\"og:image:height\" content=\"1980\" \/>\n\t<meta property=\"og:image:type\" content=\"image\/webp\" \/>\n<meta name=\"twitter:card\" content=\"summary_large_image\" \/>\n<script type=\"application\/ld+json\" class=\"yoast-schema-graph\">{\"@context\":\"https:\/\/schema.org\",\"@graph\":[{\"@type\":\"WebPage\",\"@id\":\"https:\/\/www.kress.com\/fi-fi\/kaupallisen-luokan-60-v-cybercapsule-akku-kac815\/\",\"url\":\"https:\/\/www.kress.com\/fi-fi\/kaupallisen-luokan-60-v-cybercapsule-akku-kac815\/\",\"name\":\"Kaupallisen luokan 60 V CyberCapsule-akku | Kress\",\"isPartOf\":{\"@id\":\"https:\/\/www.kress.com\/de-de\/#website\"},\"primaryImageOfPage\":{\"@id\":\"https:\/\/www.kress.com\/fi-fi\/kaupallisen-luokan-60-v-cybercapsule-akku-kac815\/#primaryimage\"},\"image\":{\"@id\":\"https:\/\/www.kress.com\/fi-fi\/kaupallisen-luokan-60-v-cybercapsule-akku-kac815\/#primaryimage\"},\"thumbnailUrl\":\"https:\/\/www.kress.com\/wp-content\/uploads\/onpage\/op_image_dc8d590dfb79c897b7b5c6ed8271dea3d90b8690.1980x.webp\",\"datePublished\":\"2024-03-26T07:17:14+00:00\",\"dateModified\":\"2025-10-17T10:00:22+00:00\",\"breadcrumb\":{\"@id\":\"https:\/\/www.kress.com\/fi-fi\/kaupallisen-luokan-60-v-cybercapsule-akku-kac815\/#breadcrumb\"},\"inLanguage\":\"fi-FI\",\"potentialAction\":[{\"@type\":\"ReadAction\",\"target\":[\"https:\/\/www.kress.com\/fi-fi\/kaupallisen-luokan-60-v-cybercapsule-akku-kac815\/\"]}]},{\"@type\":\"ImageObject\",\"inLanguage\":\"fi-FI\",\"@id\":\"https:\/\/www.kress.com\/fi-fi\/kaupallisen-luokan-60-v-cybercapsule-akku-kac815\/#primaryimage\",\"url\":\"https:\/\/www.kress.com\/wp-content\/uploads\/onpage\/op_image_dc8d590dfb79c897b7b5c6ed8271dea3d90b8690.1980x.webp\",\"contentUrl\":\"https:\/\/www.kress.com\/wp-content\/uploads\/onpage\/op_image_dc8d590dfb79c897b7b5c6ed8271dea3d90b8690.1980x.webp\",\"width\":1980,\"height\":1980},{\"@type\":\"BreadcrumbList\",\"@id\":\"https:\/\/www.kress.com\/fi-fi\/kaupallisen-luokan-60-v-cybercapsule-akku-kac815\/#breadcrumb\",\"itemListElement\":[{\"@type\":\"ListItem\",\"position\":1,\"name\":\"Home\",\"item\":\"https:\/\/www.kress.com\/fi-fi\/\"},{\"@type\":\"ListItem\",\"position\":2,\"name\":\"Produits\",\"item\":\"https:\/\/www.kress.com\/fr-fr\/shop\/\"},{\"@type\":\"ListItem\",\"position\":3,\"name\":\"Kaupallisen luokan 60 V CyberCapsule-akku\"}]},{\"@type\":\"WebSite\",\"@id\":\"https:\/\/www.kress.com\/de-de\/#website\",\"url\":\"https:\/\/www.kress.com\/de-de\/\",\"name\":\"Kress\",\"description\":\"\",\"publisher\":{\"@id\":\"https:\/\/www.kress.com\/de-de\/#organization\"},\"potentialAction\":[{\"@type\":\"SearchAction\",\"target\":{\"@type\":\"EntryPoint\",\"urlTemplate\":\"https:\/\/www.kress.com\/de-de\/?s={search_term_string}\"},\"query-input\":{\"@type\":\"PropertyValueSpecification\",\"valueRequired\":true,\"valueName\":\"search_term_string\"}}],\"inLanguage\":\"fi-FI\"},{\"@type\":\"Organization\",\"@id\":\"https:\/\/www.kress.com\/de-de\/#organization\",\"name\":\"Kress\",\"url\":\"https:\/\/www.kress.com\/de-de\/\",\"logo\":{\"@type\":\"ImageObject\",\"inLanguage\":\"fi-FI\",\"@id\":\"https:\/\/www.kress.com\/de-de\/#\/schema\/logo\/image\/\",\"url\":\"https:\/\/www.kress.com\/wp-content\/uploads\/2024\/02\/logo.png\",\"contentUrl\":\"https:\/\/www.kress.com\/wp-content\/uploads\/2024\/02\/logo.png\",\"width\":696,\"height\":696,\"caption\":\"Kress\"},\"image\":{\"@id\":\"https:\/\/www.kress.com\/de-de\/#\/schema\/logo\/image\/\"}}]}<\/script>\n<!-- \/ Yoast SEO Premium plugin. -->","yoast_head_json":{"title":"Kaupallisen luokan 60 V CyberCapsule-akku | Kress","robots":{"index":"index","follow":"follow","max-snippet":"max-snippet:-1","max-image-preview":"max-image-preview:large","max-video-preview":"max-video-preview:-1"},"og_locale":"fi_FI","og_type":"article","og_title":"Kaupallisen luokan 60 V CyberCapsule-akku","og_description":"Kress CyberCapsule on kompakti ja joustava 1,5 kWh:n energiavarastointimoduuli akkujen lataamiseen silloin, kun pistorasioita ei ole saatavilla. T\u00e4m\u00e4 moduuli tarjoaa maisemasuunnittelijoille joustavuutta s\u00e4\u00e4t\u00e4\u00e4 energiakapasiteettia p\u00e4ivitt\u00e4isten tarpeiden mukaan kuljettamalla ylim\u00e4\u00e4r\u00e4isi\u00e4 CyberCapsuleita. Se voi toimia my\u00f6s reppuakkuina, jotka sy\u00f6tt\u00e4v\u00e4t virtaa suoraan ty\u00f6kaluihin.","og_url":"https:\/\/www.kress.com\/fi-fi\/kaupallisen-luokan-60-v-cybercapsule-akku-kac815\/","og_site_name":"Kress","article_modified_time":"2025-10-17T10:00:22+00:00","og_image":[{"width":1980,"height":1980,"url":"https:\/\/www.kress.com\/wp-content\/uploads\/onpage\/op_image_dc8d590dfb79c897b7b5c6ed8271dea3d90b8690.1980x.webp","type":"image\/webp"}],"twitter_card":"summary_large_image","schema":{"@context":"https:\/\/schema.org","@graph":[{"@type":"WebPage","@id":"https:\/\/www.kress.com\/fi-fi\/kaupallisen-luokan-60-v-cybercapsule-akku-kac815\/","url":"https:\/\/www.kress.com\/fi-fi\/kaupallisen-luokan-60-v-cybercapsule-akku-kac815\/","name":"Kaupallisen luokan 60 V CyberCapsule-akku | Kress","isPartOf":{"@id":"https:\/\/www.kress.com\/de-de\/#website"},"primaryImageOfPage":{"@id":"https:\/\/www.kress.com\/fi-fi\/kaupallisen-luokan-60-v-cybercapsule-akku-kac815\/#primaryimage"},"image":{"@id":"https:\/\/www.kress.com\/fi-fi\/kaupallisen-luokan-60-v-cybercapsule-akku-kac815\/#primaryimage"},"thumbnailUrl":"https:\/\/www.kress.com\/wp-content\/uploads\/onpage\/op_image_dc8d590dfb79c897b7b5c6ed8271dea3d90b8690.1980x.webp","datePublished":"2024-03-26T07:17:14+00:00","dateModified":"2025-10-17T10:00:22+00:00","breadcrumb":{"@id":"https:\/\/www.kress.com\/fi-fi\/kaupallisen-luokan-60-v-cybercapsule-akku-kac815\/#breadcrumb"},"inLanguage":"fi-FI","potentialAction":[{"@type":"ReadAction","target":["https:\/\/www.kress.com\/fi-fi\/kaupallisen-luokan-60-v-cybercapsule-akku-kac815\/"]}]},{"@type":"ImageObject","inLanguage":"fi-FI","@id":"https:\/\/www.kress.com\/fi-fi\/kaupallisen-luokan-60-v-cybercapsule-akku-kac815\/#primaryimage","url":"https:\/\/www.kress.com\/wp-content\/uploads\/onpage\/op_image_dc8d590dfb79c897b7b5c6ed8271dea3d90b8690.1980x.webp","contentUrl":"https:\/\/www.kress.com\/wp-content\/uploads\/onpage\/op_image_dc8d590dfb79c897b7b5c6ed8271dea3d90b8690.1980x.webp","width":1980,"height":1980},{"@type":"BreadcrumbList","@id":"https:\/\/www.kress.com\/fi-fi\/kaupallisen-luokan-60-v-cybercapsule-akku-kac815\/#breadcrumb","itemListElement":[{"@type":"ListItem","position":1,"name":"Home","item":"https:\/\/www.kress.com\/fi-fi\/"},{"@type":"ListItem","position":2,"name":"Produits","item":"https:\/\/www.kress.com\/fr-fr\/shop\/"},{"@type":"ListItem","position":3,"name":"Kaupallisen luokan 60 V CyberCapsule-akku"}]},{"@type":"WebSite","@id":"https:\/\/www.kress.com\/de-de\/#website","url":"https:\/\/www.kress.com\/de-de\/","name":"Kress","description":"","publisher":{"@id":"https:\/\/www.kress.com\/de-de\/#organization"},"potentialAction":[{"@type":"SearchAction","target":{"@type":"EntryPoint","urlTemplate":"https:\/\/www.kress.com\/de-de\/?s={search_term_string}"},"query-input":{"@type":"PropertyValueSpecification","valueRequired":true,"valueName":"search_term_string"}}],"inLanguage":"fi-FI"},{"@type":"Organization","@id":"https:\/\/www.kress.com\/de-de\/#organization","name":"Kress","url":"https:\/\/www.kress.com\/de-de\/","logo":{"@type":"ImageObject","inLanguage":"fi-FI","@id":"https:\/\/www.kress.com\/de-de\/#\/schema\/logo\/image\/","url":"https:\/\/www.kress.com\/wp-content\/uploads\/2024\/02\/logo.png","contentUrl":"https:\/\/www.kress.com\/wp-content\/uploads\/2024\/02\/logo.png","width":696,"height":696,"caption":"Kress"},"image":{"@id":"https:\/\/www.kress.com\/de-de\/#\/schema\/logo\/image\/"}}]}},"_links":{"self":[{"href":"https:\/\/www.kress.com\/fi-fi\/wp-json\/wp\/v2\/product\/42761","targetHints":{"allow":["GET"]}}],"collection":[{"href":"https:\/\/www.kress.com\/fi-fi\/wp-json\/wp\/v2\/product"}],"about":[{"href":"https:\/\/www.kress.com\/fi-fi\/wp-json\/wp\/v2\/types\/product"}],"wp:featuredmedia":[{"embeddable":true,"href":"https:\/\/www.kress.com\/fi-fi\/wp-json\/wp\/v2\/media\/434583"}],"wp:attachment":[{"href":"https:\/\/www.kress.com\/fi-fi\/wp-json\/wp\/v2\/media?parent=42761"}],"wp:term":[{"taxonomy":"product_brand","embeddable":true,"href":"https:\/\/www.kress.com\/fi-fi\/wp-json\/wp\/v2\/product_brand?post=42761"},{"taxonomy":"product_cat","embeddable":true,"href":"https:\/\/www.kress.com\/fi-fi\/wp-json\/wp\/v2\/product_cat?post=42761"},{"taxonomy":"product_tag","embeddable":true,"href":"https:\/\/www.kress.com\/fi-fi\/wp-json\/wp\/v2\/product_tag?post=42761"}],"curies":[{"name":"wp","href":"https:\/\/api.w.org\/{rel}","templated":true}]}}