{"id":42481,"date":"2024-03-26T08:17:13","date_gmt":"2024-03-26T08:17:13","guid":{"rendered":""},"modified":"2025-10-17T10:00:22","modified_gmt":"2025-10-17T10:00:22","slug":"kaupallinen-60-v-ruohotrimmeri-kc110-9","status":"publish","type":"product","link":"https:\/\/www.kress.com\/fi-fi\/kaupallinen-60-v-ruohotrimmeri-kc110-9\/","title":{"rendered":"Kaupallinen 60 V ruohotrimmeri"},"content":{"rendered":"<p>Kress KC110 -jousitrimmeri on suunniteltu maisemointiyrityksille ja kunnille, jotka pyrkiv\u00e4t integroimaan kest\u00e4vi\u00e4 k\u00e4yt\u00e4nt\u00f6j\u00e4 toimintaansa, ja se erottuu edukseen strategisesti sijoitetulla etumoottorilla, joka parantaa tasapainoa ja ohjattavuutta tarkkuutta vaativissa maisemointit\u00f6iss\u00e4. Kressin jousitrimmeri tuottaa vankan 0,9 kW:n tehon, joka vastaa 31 cc:n kaasumoottoria, ja vain 3 kg:n paino takaa helpon k\u00e4sittelyn ja v\u00e4hent\u00e4\u00e4 v\u00e4symyst\u00e4. Osana Kress Commercial CyberSystem -j\u00e4rjestelm\u00e4\u00e4 se tarjoaa huippuluokan suorituskyky\u00e4 ja sen etuna ovat alhaisemmat k\u00e4ytt\u00f6kustannukset verrattuna kaasu- ja muihin akkuj\u00e4rjestelmiin.<\/p>\n","protected":false},"excerpt":{"rendered":"<p>Kress KC110 -jousitrimmeri on suunniteltu maisemointiyrityksille ja kunnille, jotka pyrkiv\u00e4t integroimaan kest\u00e4vi\u00e4 k\u00e4yt\u00e4nt\u00f6j\u00e4 toimintaansa, ja se erottuu edukseen strategisesti sijoitetulla etumoottorilla, joka parantaa tasapainoa ja ohjattavuutta tarkkuutta vaativissa maisemointit\u00f6iss\u00e4. Kressin jousitrimmeri tuottaa vankan 0,9 kW:n tehon, joka vastaa 31 cc:n kaasumoottoria, ja vain 3 kg:n paino takaa helpon k\u00e4sittelyn ja v\u00e4hent\u00e4\u00e4 v\u00e4symyst\u00e4. Osana Kress Commercial [&hellip;]<\/p>\n","protected":false},"featured_media":410512,"template":"","meta":{"_acf_changed":false},"product_brand":[],"product_cat":[],"product_tag":[],"class_list":{"0":"post-42481","1":"product","2":"type-product","3":"status-publish","4":"has-post-thumbnail","7":"first","8":"instock","9":"shipping-taxable","10":"product-type-simple"},"acf":[],"yoast_head":"<!-- This site is optimized with the Yoast SEO Premium plugin v26.5 (Yoast SEO v27.0) - https:\/\/yoast.com\/product\/yoast-seo-premium-wordpress\/ -->\n<title>Kaupallinen 60 V ruohotrimmeri | Kress<\/title>\n<meta name=\"robots\" content=\"index, follow, max-snippet:-1, max-image-preview:large, max-video-preview:-1\" \/>\n<meta property=\"og:locale\" content=\"fi_FI\" \/>\n<meta property=\"og:type\" content=\"article\" \/>\n<meta property=\"og:title\" content=\"Kaupallinen 60 V ruohotrimmeri\" \/>\n<meta property=\"og:description\" content=\"Kress KC110 -jousitrimmeri on suunniteltu maisemointiyrityksille ja kunnille, jotka pyrkiv\u00e4t integroimaan kest\u00e4vi\u00e4 k\u00e4yt\u00e4nt\u00f6j\u00e4 toimintaansa, ja se erottuu edukseen strategisesti sijoitetulla etumoottorilla, joka parantaa tasapainoa ja ohjattavuutta tarkkuutta vaativissa maisemointit\u00f6iss\u00e4. Kressin jousitrimmeri tuottaa vankan 0,9 kW:n tehon, joka vastaa 31 cc:n kaasumoottoria, ja vain 3 kg:n paino takaa helpon k\u00e4sittelyn ja v\u00e4hent\u00e4\u00e4 v\u00e4symyst\u00e4. Osana Kress Commercial [&hellip;]\" \/>\n<meta property=\"og:url\" content=\"https:\/\/www.kress.com\/fi-fi\/kaupallinen-60-v-ruohotrimmeri-kc110-9\/\" \/>\n<meta property=\"og:site_name\" content=\"Kress\" \/>\n<meta property=\"article:modified_time\" content=\"2025-10-17T10:00:22+00:00\" \/>\n<meta property=\"og:image\" content=\"https:\/\/www.kress.com\/wp-content\/uploads\/onpage\/op_image_c87435c3828216f8ad999f73a61aca02a9f968c6.1980x.webp\" \/>\n\t<meta property=\"og:image:width\" content=\"1980\" \/>\n\t<meta property=\"og:image:height\" content=\"1980\" \/>\n\t<meta property=\"og:image:type\" content=\"image\/webp\" \/>\n<meta name=\"twitter:card\" content=\"summary_large_image\" \/>\n<script type=\"application\/ld+json\" class=\"yoast-schema-graph\">{\"@context\":\"https:\/\/schema.org\",\"@graph\":[{\"@type\":\"WebPage\",\"@id\":\"https:\/\/www.kress.com\/fi-fi\/kaupallinen-60-v-ruohotrimmeri-kc110-9\/\",\"url\":\"https:\/\/www.kress.com\/fi-fi\/kaupallinen-60-v-ruohotrimmeri-kc110-9\/\",\"name\":\"Kaupallinen 60 V ruohotrimmeri | Kress\",\"isPartOf\":{\"@id\":\"https:\/\/www.kress.com\/de-de\/#website\"},\"primaryImageOfPage\":{\"@id\":\"https:\/\/www.kress.com\/fi-fi\/kaupallinen-60-v-ruohotrimmeri-kc110-9\/#primaryimage\"},\"image\":{\"@id\":\"https:\/\/www.kress.com\/fi-fi\/kaupallinen-60-v-ruohotrimmeri-kc110-9\/#primaryimage\"},\"thumbnailUrl\":\"https:\/\/www.kress.com\/wp-content\/uploads\/onpage\/op_image_c87435c3828216f8ad999f73a61aca02a9f968c6.1980x.webp\",\"datePublished\":\"2024-03-26T08:17:13+00:00\",\"dateModified\":\"2025-10-17T10:00:22+00:00\",\"breadcrumb\":{\"@id\":\"https:\/\/www.kress.com\/fi-fi\/kaupallinen-60-v-ruohotrimmeri-kc110-9\/#breadcrumb\"},\"inLanguage\":\"fi-FI\",\"potentialAction\":[{\"@type\":\"ReadAction\",\"target\":[\"https:\/\/www.kress.com\/fi-fi\/kaupallinen-60-v-ruohotrimmeri-kc110-9\/\"]}]},{\"@type\":\"ImageObject\",\"inLanguage\":\"fi-FI\",\"@id\":\"https:\/\/www.kress.com\/fi-fi\/kaupallinen-60-v-ruohotrimmeri-kc110-9\/#primaryimage\",\"url\":\"https:\/\/www.kress.com\/wp-content\/uploads\/onpage\/op_image_c87435c3828216f8ad999f73a61aca02a9f968c6.1980x.webp\",\"contentUrl\":\"https:\/\/www.kress.com\/wp-content\/uploads\/onpage\/op_image_c87435c3828216f8ad999f73a61aca02a9f968c6.1980x.webp\",\"width\":1980,\"height\":1980},{\"@type\":\"BreadcrumbList\",\"@id\":\"https:\/\/www.kress.com\/fi-fi\/kaupallinen-60-v-ruohotrimmeri-kc110-9\/#breadcrumb\",\"itemListElement\":[{\"@type\":\"ListItem\",\"position\":1,\"name\":\"Home\",\"item\":\"https:\/\/www.kress.com\/fi-fi\/\"},{\"@type\":\"ListItem\",\"position\":2,\"name\":\"Produits\",\"item\":\"https:\/\/www.kress.com\/fr-fr\/shop\/\"},{\"@type\":\"ListItem\",\"position\":3,\"name\":\"Kaupallinen 60 V ruohotrimmeri\"}]},{\"@type\":\"WebSite\",\"@id\":\"https:\/\/www.kress.com\/de-de\/#website\",\"url\":\"https:\/\/www.kress.com\/de-de\/\",\"name\":\"Kress\",\"description\":\"\",\"publisher\":{\"@id\":\"https:\/\/www.kress.com\/de-de\/#organization\"},\"potentialAction\":[{\"@type\":\"SearchAction\",\"target\":{\"@type\":\"EntryPoint\",\"urlTemplate\":\"https:\/\/www.kress.com\/de-de\/?s={search_term_string}\"},\"query-input\":{\"@type\":\"PropertyValueSpecification\",\"valueRequired\":true,\"valueName\":\"search_term_string\"}}],\"inLanguage\":\"fi-FI\"},{\"@type\":\"Organization\",\"@id\":\"https:\/\/www.kress.com\/de-de\/#organization\",\"name\":\"Kress\",\"url\":\"https:\/\/www.kress.com\/de-de\/\",\"logo\":{\"@type\":\"ImageObject\",\"inLanguage\":\"fi-FI\",\"@id\":\"https:\/\/www.kress.com\/de-de\/#\/schema\/logo\/image\/\",\"url\":\"https:\/\/www.kress.com\/wp-content\/uploads\/2024\/02\/logo.png\",\"contentUrl\":\"https:\/\/www.kress.com\/wp-content\/uploads\/2024\/02\/logo.png\",\"width\":696,\"height\":696,\"caption\":\"Kress\"},\"image\":{\"@id\":\"https:\/\/www.kress.com\/de-de\/#\/schema\/logo\/image\/\"}}]}<\/script>\n<!-- \/ Yoast SEO Premium plugin. -->","yoast_head_json":{"title":"Kaupallinen 60 V ruohotrimmeri | Kress","robots":{"index":"index","follow":"follow","max-snippet":"max-snippet:-1","max-image-preview":"max-image-preview:large","max-video-preview":"max-video-preview:-1"},"og_locale":"fi_FI","og_type":"article","og_title":"Kaupallinen 60 V ruohotrimmeri","og_description":"Kress KC110 -jousitrimmeri on suunniteltu maisemointiyrityksille ja kunnille, jotka pyrkiv\u00e4t integroimaan kest\u00e4vi\u00e4 k\u00e4yt\u00e4nt\u00f6j\u00e4 toimintaansa, ja se erottuu edukseen strategisesti sijoitetulla etumoottorilla, joka parantaa tasapainoa ja ohjattavuutta tarkkuutta vaativissa maisemointit\u00f6iss\u00e4. Kressin jousitrimmeri tuottaa vankan 0,9 kW:n tehon, joka vastaa 31 cc:n kaasumoottoria, ja vain 3 kg:n paino takaa helpon k\u00e4sittelyn ja v\u00e4hent\u00e4\u00e4 v\u00e4symyst\u00e4. Osana Kress Commercial [&hellip;]","og_url":"https:\/\/www.kress.com\/fi-fi\/kaupallinen-60-v-ruohotrimmeri-kc110-9\/","og_site_name":"Kress","article_modified_time":"2025-10-17T10:00:22+00:00","og_image":[{"width":1980,"height":1980,"url":"https:\/\/www.kress.com\/wp-content\/uploads\/onpage\/op_image_c87435c3828216f8ad999f73a61aca02a9f968c6.1980x.webp","type":"image\/webp"}],"twitter_card":"summary_large_image","schema":{"@context":"https:\/\/schema.org","@graph":[{"@type":"WebPage","@id":"https:\/\/www.kress.com\/fi-fi\/kaupallinen-60-v-ruohotrimmeri-kc110-9\/","url":"https:\/\/www.kress.com\/fi-fi\/kaupallinen-60-v-ruohotrimmeri-kc110-9\/","name":"Kaupallinen 60 V ruohotrimmeri | Kress","isPartOf":{"@id":"https:\/\/www.kress.com\/de-de\/#website"},"primaryImageOfPage":{"@id":"https:\/\/www.kress.com\/fi-fi\/kaupallinen-60-v-ruohotrimmeri-kc110-9\/#primaryimage"},"image":{"@id":"https:\/\/www.kress.com\/fi-fi\/kaupallinen-60-v-ruohotrimmeri-kc110-9\/#primaryimage"},"thumbnailUrl":"https:\/\/www.kress.com\/wp-content\/uploads\/onpage\/op_image_c87435c3828216f8ad999f73a61aca02a9f968c6.1980x.webp","datePublished":"2024-03-26T08:17:13+00:00","dateModified":"2025-10-17T10:00:22+00:00","breadcrumb":{"@id":"https:\/\/www.kress.com\/fi-fi\/kaupallinen-60-v-ruohotrimmeri-kc110-9\/#breadcrumb"},"inLanguage":"fi-FI","potentialAction":[{"@type":"ReadAction","target":["https:\/\/www.kress.com\/fi-fi\/kaupallinen-60-v-ruohotrimmeri-kc110-9\/"]}]},{"@type":"ImageObject","inLanguage":"fi-FI","@id":"https:\/\/www.kress.com\/fi-fi\/kaupallinen-60-v-ruohotrimmeri-kc110-9\/#primaryimage","url":"https:\/\/www.kress.com\/wp-content\/uploads\/onpage\/op_image_c87435c3828216f8ad999f73a61aca02a9f968c6.1980x.webp","contentUrl":"https:\/\/www.kress.com\/wp-content\/uploads\/onpage\/op_image_c87435c3828216f8ad999f73a61aca02a9f968c6.1980x.webp","width":1980,"height":1980},{"@type":"BreadcrumbList","@id":"https:\/\/www.kress.com\/fi-fi\/kaupallinen-60-v-ruohotrimmeri-kc110-9\/#breadcrumb","itemListElement":[{"@type":"ListItem","position":1,"name":"Home","item":"https:\/\/www.kress.com\/fi-fi\/"},{"@type":"ListItem","position":2,"name":"Produits","item":"https:\/\/www.kress.com\/fr-fr\/shop\/"},{"@type":"ListItem","position":3,"name":"Kaupallinen 60 V ruohotrimmeri"}]},{"@type":"WebSite","@id":"https:\/\/www.kress.com\/de-de\/#website","url":"https:\/\/www.kress.com\/de-de\/","name":"Kress","description":"","publisher":{"@id":"https:\/\/www.kress.com\/de-de\/#organization"},"potentialAction":[{"@type":"SearchAction","target":{"@type":"EntryPoint","urlTemplate":"https:\/\/www.kress.com\/de-de\/?s={search_term_string}"},"query-input":{"@type":"PropertyValueSpecification","valueRequired":true,"valueName":"search_term_string"}}],"inLanguage":"fi-FI"},{"@type":"Organization","@id":"https:\/\/www.kress.com\/de-de\/#organization","name":"Kress","url":"https:\/\/www.kress.com\/de-de\/","logo":{"@type":"ImageObject","inLanguage":"fi-FI","@id":"https:\/\/www.kress.com\/de-de\/#\/schema\/logo\/image\/","url":"https:\/\/www.kress.com\/wp-content\/uploads\/2024\/02\/logo.png","contentUrl":"https:\/\/www.kress.com\/wp-content\/uploads\/2024\/02\/logo.png","width":696,"height":696,"caption":"Kress"},"image":{"@id":"https:\/\/www.kress.com\/de-de\/#\/schema\/logo\/image\/"}}]}},"_links":{"self":[{"href":"https:\/\/www.kress.com\/fi-fi\/wp-json\/wp\/v2\/product\/42481","targetHints":{"allow":["GET"]}}],"collection":[{"href":"https:\/\/www.kress.com\/fi-fi\/wp-json\/wp\/v2\/product"}],"about":[{"href":"https:\/\/www.kress.com\/fi-fi\/wp-json\/wp\/v2\/types\/product"}],"wp:featuredmedia":[{"embeddable":true,"href":"https:\/\/www.kress.com\/fi-fi\/wp-json\/wp\/v2\/media\/410512"}],"wp:attachment":[{"href":"https:\/\/www.kress.com\/fi-fi\/wp-json\/wp\/v2\/media?parent=42481"}],"wp:term":[{"taxonomy":"product_brand","embeddable":true,"href":"https:\/\/www.kress.com\/fi-fi\/wp-json\/wp\/v2\/product_brand?post=42481"},{"taxonomy":"product_cat","embeddable":true,"href":"https:\/\/www.kress.com\/fi-fi\/wp-json\/wp\/v2\/product_cat?post=42481"},{"taxonomy":"product_tag","embeddable":true,"href":"https:\/\/www.kress.com\/fi-fi\/wp-json\/wp\/v2\/product_tag?post=42481"}],"curies":[{"name":"wp","href":"https:\/\/api.w.org\/{rel}","templated":true}]}}