{"id":419352,"date":"2025-04-21T04:30:49","date_gmt":"2025-04-21T02:30:49","guid":{"rendered":""},"modified":"2025-10-17T10:00:22","modified_gmt":"2025-10-17T10:00:22","slug":"kaupallinen-60-v-moottorisaha-kc340-9","status":"publish","type":"product","link":"https:\/\/www.kress.com\/fi-fi\/kaupallinen-60-v-moottorisaha-kc340-9\/","title":{"rendered":"Kaupallinen 60 V moottorisaha"},"content":{"rendered":"<p>T\u00e4m\u00e4 Kress Commercial -moottorisaha on suunniteltu maisemointiyrityksille ja kunnille, jotka pyrkiv\u00e4t sis\u00e4llytt\u00e4m\u00e4\u00e4n kest\u00e4vi\u00e4 k\u00e4yt\u00e4nt\u00f6j\u00e4 toimintaansa, ja se on valikoimamme tehokkain. Se tuottaa massiivisen 3,8 kW:n tehon, joka vastaa 70 cc:n bensiinisahaa. Mutta toisin kuin bensiinimoottorit, jotka menett\u00e4v\u00e4t v\u00e4\u00e4nt\u00f6momenttiaan kuormituksessa, se tuottaa v\u00e4litt\u00f6m\u00e4n ja tasaisen v\u00e4\u00e4nt\u00f6momentin, joka p\u00e4ihitt\u00e4\u00e4 bensiinisahat juuri silloin, kun sill\u00e4 on eniten merkityst\u00e4: suuril\u00e4pimittaisen lehtipuun kaadossa ja vaativissa poistoteht\u00e4viss\u00e4. Osana Kress Commercial CyberSystem -j\u00e4rjestelm\u00e4\u00e4 se tarjoaa huippuluokan suorituskyky\u00e4 ja sen etuna ovat alhaisemmat k\u00e4ytt\u00f6kustannukset verrattuna kaasu- ja muihin akkuj\u00e4rjestelmiin.<\/p>\n","protected":false},"excerpt":{"rendered":"<p>T\u00e4m\u00e4 Kress Commercial -moottorisaha on suunniteltu maisemointiyrityksille ja kunnille, jotka pyrkiv\u00e4t sis\u00e4llytt\u00e4m\u00e4\u00e4n kest\u00e4vi\u00e4 k\u00e4yt\u00e4nt\u00f6j\u00e4 toimintaansa, ja se on valikoimamme tehokkain. Se tuottaa massiivisen 3,8 kW:n tehon, joka vastaa 70 cc:n bensiinisahaa. Mutta toisin kuin bensiinimoottorit, jotka menett\u00e4v\u00e4t v\u00e4\u00e4nt\u00f6momenttiaan kuormituksessa, se tuottaa v\u00e4litt\u00f6m\u00e4n ja tasaisen v\u00e4\u00e4nt\u00f6momentin, joka p\u00e4ihitt\u00e4\u00e4 bensiinisahat juuri silloin, kun sill\u00e4 on eniten merkityst\u00e4: [&hellip;]<\/p>\n","protected":false},"featured_media":0,"template":"","meta":{"_acf_changed":false},"product_brand":[],"product_cat":[],"product_tag":[],"class_list":{"0":"post-419352","1":"product","2":"type-product","3":"status-publish","6":"first","7":"instock","8":"shipping-taxable","9":"product-type-simple"},"acf":[],"yoast_head":"<!-- This site is optimized with the Yoast SEO Premium plugin v26.5 (Yoast SEO v27.0) - https:\/\/yoast.com\/product\/yoast-seo-premium-wordpress\/ -->\n<title>Kaupallinen 60 V moottorisaha | Kress<\/title>\n<meta name=\"robots\" content=\"index, follow, max-snippet:-1, max-image-preview:large, max-video-preview:-1\" \/>\n<meta property=\"og:locale\" content=\"fi_FI\" \/>\n<meta property=\"og:type\" content=\"article\" \/>\n<meta property=\"og:title\" content=\"Kaupallinen 60 V moottorisaha\" \/>\n<meta property=\"og:description\" content=\"T\u00e4m\u00e4 Kress Commercial -moottorisaha on suunniteltu maisemointiyrityksille ja kunnille, jotka pyrkiv\u00e4t sis\u00e4llytt\u00e4m\u00e4\u00e4n kest\u00e4vi\u00e4 k\u00e4yt\u00e4nt\u00f6j\u00e4 toimintaansa, ja se on valikoimamme tehokkain. Se tuottaa massiivisen 3,8 kW:n tehon, joka vastaa 70 cc:n bensiinisahaa. Mutta toisin kuin bensiinimoottorit, jotka menett\u00e4v\u00e4t v\u00e4\u00e4nt\u00f6momenttiaan kuormituksessa, se tuottaa v\u00e4litt\u00f6m\u00e4n ja tasaisen v\u00e4\u00e4nt\u00f6momentin, joka p\u00e4ihitt\u00e4\u00e4 bensiinisahat juuri silloin, kun sill\u00e4 on eniten merkityst\u00e4: [&hellip;]\" \/>\n<meta property=\"og:url\" content=\"https:\/\/www.kress.com\/fi-fi\/kaupallinen-60-v-moottorisaha-kc340-9\/\" \/>\n<meta property=\"og:site_name\" content=\"Kress\" \/>\n<meta property=\"article:modified_time\" content=\"2025-10-17T10:00:22+00:00\" \/>\n<meta property=\"og:image\" content=\"https:\/\/www.kress.com\/wp-content\/uploads\/2024\/02\/logo_long.png\" \/>\n\t<meta property=\"og:image:width\" content=\"1200\" \/>\n\t<meta property=\"og:image:height\" content=\"675\" \/>\n\t<meta property=\"og:image:type\" content=\"image\/png\" \/>\n<meta name=\"twitter:card\" content=\"summary_large_image\" \/>\n<meta name=\"twitter:label1\" content=\"Est. reading time\" \/>\n\t<meta name=\"twitter:data1\" content=\"1 minute\" \/>\n<script type=\"application\/ld+json\" class=\"yoast-schema-graph\">{\"@context\":\"https:\/\/schema.org\",\"@graph\":[{\"@type\":\"WebPage\",\"@id\":\"https:\/\/www.kress.com\/fi-fi\/kaupallinen-60-v-moottorisaha-kc340-9\/\",\"url\":\"https:\/\/www.kress.com\/fi-fi\/kaupallinen-60-v-moottorisaha-kc340-9\/\",\"name\":\"Kaupallinen 60 V moottorisaha | Kress\",\"isPartOf\":{\"@id\":\"https:\/\/www.kress.com\/de-de\/#website\"},\"datePublished\":\"2025-04-21T02:30:49+00:00\",\"dateModified\":\"2025-10-17T10:00:22+00:00\",\"breadcrumb\":{\"@id\":\"https:\/\/www.kress.com\/fi-fi\/kaupallinen-60-v-moottorisaha-kc340-9\/#breadcrumb\"},\"inLanguage\":\"fi-FI\",\"potentialAction\":[{\"@type\":\"ReadAction\",\"target\":[\"https:\/\/www.kress.com\/fi-fi\/kaupallinen-60-v-moottorisaha-kc340-9\/\"]}]},{\"@type\":\"BreadcrumbList\",\"@id\":\"https:\/\/www.kress.com\/fi-fi\/kaupallinen-60-v-moottorisaha-kc340-9\/#breadcrumb\",\"itemListElement\":[{\"@type\":\"ListItem\",\"position\":1,\"name\":\"Home\",\"item\":\"https:\/\/www.kress.com\/fi-fi\/\"},{\"@type\":\"ListItem\",\"position\":2,\"name\":\"Produits\",\"item\":\"https:\/\/www.kress.com\/fr-fr\/shop\/\"},{\"@type\":\"ListItem\",\"position\":3,\"name\":\"Kaupallinen 60 V moottorisaha\"}]},{\"@type\":\"WebSite\",\"@id\":\"https:\/\/www.kress.com\/de-de\/#website\",\"url\":\"https:\/\/www.kress.com\/de-de\/\",\"name\":\"Kress\",\"description\":\"\",\"publisher\":{\"@id\":\"https:\/\/www.kress.com\/de-de\/#organization\"},\"potentialAction\":[{\"@type\":\"SearchAction\",\"target\":{\"@type\":\"EntryPoint\",\"urlTemplate\":\"https:\/\/www.kress.com\/de-de\/?s={search_term_string}\"},\"query-input\":{\"@type\":\"PropertyValueSpecification\",\"valueRequired\":true,\"valueName\":\"search_term_string\"}}],\"inLanguage\":\"fi-FI\"},{\"@type\":\"Organization\",\"@id\":\"https:\/\/www.kress.com\/de-de\/#organization\",\"name\":\"Kress\",\"url\":\"https:\/\/www.kress.com\/de-de\/\",\"logo\":{\"@type\":\"ImageObject\",\"inLanguage\":\"fi-FI\",\"@id\":\"https:\/\/www.kress.com\/de-de\/#\/schema\/logo\/image\/\",\"url\":\"https:\/\/www.kress.com\/wp-content\/uploads\/2024\/02\/logo.png\",\"contentUrl\":\"https:\/\/www.kress.com\/wp-content\/uploads\/2024\/02\/logo.png\",\"width\":696,\"height\":696,\"caption\":\"Kress\"},\"image\":{\"@id\":\"https:\/\/www.kress.com\/de-de\/#\/schema\/logo\/image\/\"}}]}<\/script>\n<!-- \/ Yoast SEO Premium plugin. -->","yoast_head_json":{"title":"Kaupallinen 60 V moottorisaha | Kress","robots":{"index":"index","follow":"follow","max-snippet":"max-snippet:-1","max-image-preview":"max-image-preview:large","max-video-preview":"max-video-preview:-1"},"og_locale":"fi_FI","og_type":"article","og_title":"Kaupallinen 60 V moottorisaha","og_description":"T\u00e4m\u00e4 Kress Commercial -moottorisaha on suunniteltu maisemointiyrityksille ja kunnille, jotka pyrkiv\u00e4t sis\u00e4llytt\u00e4m\u00e4\u00e4n kest\u00e4vi\u00e4 k\u00e4yt\u00e4nt\u00f6j\u00e4 toimintaansa, ja se on valikoimamme tehokkain. Se tuottaa massiivisen 3,8 kW:n tehon, joka vastaa 70 cc:n bensiinisahaa. Mutta toisin kuin bensiinimoottorit, jotka menett\u00e4v\u00e4t v\u00e4\u00e4nt\u00f6momenttiaan kuormituksessa, se tuottaa v\u00e4litt\u00f6m\u00e4n ja tasaisen v\u00e4\u00e4nt\u00f6momentin, joka p\u00e4ihitt\u00e4\u00e4 bensiinisahat juuri silloin, kun sill\u00e4 on eniten merkityst\u00e4: [&hellip;]","og_url":"https:\/\/www.kress.com\/fi-fi\/kaupallinen-60-v-moottorisaha-kc340-9\/","og_site_name":"Kress","article_modified_time":"2025-10-17T10:00:22+00:00","og_image":[{"width":1200,"height":675,"url":"https:\/\/www.kress.com\/wp-content\/uploads\/2024\/02\/logo_long.png","type":"image\/png"}],"twitter_card":"summary_large_image","twitter_misc":{"Est. reading time":"1 minute"},"schema":{"@context":"https:\/\/schema.org","@graph":[{"@type":"WebPage","@id":"https:\/\/www.kress.com\/fi-fi\/kaupallinen-60-v-moottorisaha-kc340-9\/","url":"https:\/\/www.kress.com\/fi-fi\/kaupallinen-60-v-moottorisaha-kc340-9\/","name":"Kaupallinen 60 V moottorisaha | Kress","isPartOf":{"@id":"https:\/\/www.kress.com\/de-de\/#website"},"datePublished":"2025-04-21T02:30:49+00:00","dateModified":"2025-10-17T10:00:22+00:00","breadcrumb":{"@id":"https:\/\/www.kress.com\/fi-fi\/kaupallinen-60-v-moottorisaha-kc340-9\/#breadcrumb"},"inLanguage":"fi-FI","potentialAction":[{"@type":"ReadAction","target":["https:\/\/www.kress.com\/fi-fi\/kaupallinen-60-v-moottorisaha-kc340-9\/"]}]},{"@type":"BreadcrumbList","@id":"https:\/\/www.kress.com\/fi-fi\/kaupallinen-60-v-moottorisaha-kc340-9\/#breadcrumb","itemListElement":[{"@type":"ListItem","position":1,"name":"Home","item":"https:\/\/www.kress.com\/fi-fi\/"},{"@type":"ListItem","position":2,"name":"Produits","item":"https:\/\/www.kress.com\/fr-fr\/shop\/"},{"@type":"ListItem","position":3,"name":"Kaupallinen 60 V moottorisaha"}]},{"@type":"WebSite","@id":"https:\/\/www.kress.com\/de-de\/#website","url":"https:\/\/www.kress.com\/de-de\/","name":"Kress","description":"","publisher":{"@id":"https:\/\/www.kress.com\/de-de\/#organization"},"potentialAction":[{"@type":"SearchAction","target":{"@type":"EntryPoint","urlTemplate":"https:\/\/www.kress.com\/de-de\/?s={search_term_string}"},"query-input":{"@type":"PropertyValueSpecification","valueRequired":true,"valueName":"search_term_string"}}],"inLanguage":"fi-FI"},{"@type":"Organization","@id":"https:\/\/www.kress.com\/de-de\/#organization","name":"Kress","url":"https:\/\/www.kress.com\/de-de\/","logo":{"@type":"ImageObject","inLanguage":"fi-FI","@id":"https:\/\/www.kress.com\/de-de\/#\/schema\/logo\/image\/","url":"https:\/\/www.kress.com\/wp-content\/uploads\/2024\/02\/logo.png","contentUrl":"https:\/\/www.kress.com\/wp-content\/uploads\/2024\/02\/logo.png","width":696,"height":696,"caption":"Kress"},"image":{"@id":"https:\/\/www.kress.com\/de-de\/#\/schema\/logo\/image\/"}}]}},"_links":{"self":[{"href":"https:\/\/www.kress.com\/fi-fi\/wp-json\/wp\/v2\/product\/419352","targetHints":{"allow":["GET"]}}],"collection":[{"href":"https:\/\/www.kress.com\/fi-fi\/wp-json\/wp\/v2\/product"}],"about":[{"href":"https:\/\/www.kress.com\/fi-fi\/wp-json\/wp\/v2\/types\/product"}],"wp:attachment":[{"href":"https:\/\/www.kress.com\/fi-fi\/wp-json\/wp\/v2\/media?parent=419352"}],"wp:term":[{"taxonomy":"product_brand","embeddable":true,"href":"https:\/\/www.kress.com\/fi-fi\/wp-json\/wp\/v2\/product_brand?post=419352"},{"taxonomy":"product_cat","embeddable":true,"href":"https:\/\/www.kress.com\/fi-fi\/wp-json\/wp\/v2\/product_cat?post=419352"},{"taxonomy":"product_tag","embeddable":true,"href":"https:\/\/www.kress.com\/fi-fi\/wp-json\/wp\/v2\/product_tag?post=419352"}],"curies":[{"name":"wp","href":"https:\/\/api.w.org\/{rel}","templated":true}]}}