{"id":407702,"date":"2025-03-25T13:30:54","date_gmt":"2025-03-25T12:30:54","guid":{"rendered":""},"modified":"2025-10-17T10:00:22","modified_gmt":"2025-10-17T10:00:22","slug":"kress-rtk%e2%81%bf-28-000-m%c2%b2n-robottiruohonleikkuri-jossa-on-oas-obstacle-avoidance-system-jarjestelma-kr237e","status":"publish","type":"product","link":"https:\/\/www.kress.com\/fi-fi\/kress-rtk%e2%81%bf-28-000-m%c2%b2n-robottiruohonleikkuri-jossa-on-oas-obstacle-avoidance-system-jarjestelma-kr237e\/","title":{"rendered":"Kress RTK\u207f 28 000 m\u00b2:n robottiruohonleikkuri, jossa on OAS (Obstacle Avoidance System) -j\u00e4rjestelm\u00e4"},"content":{"rendered":"<p>Tehokkaan moottorin k\u00e4ytt\u00e4m\u00e4 ja liukulevyll\u00e4 varustettu parannettu leikkuuteho takaa poikkeuksellisen tehokkuuden ja tarkkuuden matalan ja tihe\u00e4n ruohon leikkaamisessa. Leikkuukorkeus on vain 10 mm, ja se on suunniteltu erityisesti v\u00e4yli\u00e4 varten, ja se tuottaa tasaisia ja korkealaatuisia tuloksia nopeutetulla nopeudella ja optimoidulla suorituskyvyll\u00e4.<\/p>\n","protected":false},"excerpt":{"rendered":"<p>Tehokkaan moottorin k\u00e4ytt\u00e4m\u00e4 ja liukulevyll\u00e4 varustettu parannettu leikkuuteho takaa poikkeuksellisen tehokkuuden ja tarkkuuden matalan ja tihe\u00e4n ruohon leikkaamisessa. Leikkuukorkeus on vain 10 mm, ja se on suunniteltu erityisesti v\u00e4yli\u00e4 varten, ja se tuottaa tasaisia ja korkealaatuisia tuloksia nopeutetulla nopeudella ja optimoidulla suorituskyvyll\u00e4.<\/p>\n","protected":false},"featured_media":0,"template":"","meta":{"_acf_changed":false},"product_brand":[],"product_cat":[],"product_tag":[],"class_list":{"0":"post-407702","1":"product","2":"type-product","3":"status-publish","6":"first","7":"instock","8":"shipping-taxable","9":"product-type-simple"},"acf":[],"yoast_head":"<!-- This site is optimized with the Yoast SEO Premium plugin v26.5 (Yoast SEO v27.0) - https:\/\/yoast.com\/product\/yoast-seo-premium-wordpress\/ -->\n<title>Kress RTK\u207f 28 000 m\u00b2:n robottiruohonleikkuri, jossa on OAS (Obstacle Avoidance System) -j\u00e4rjestelm\u00e4 | Kress<\/title>\n<meta name=\"robots\" content=\"index, follow, max-snippet:-1, max-image-preview:large, max-video-preview:-1\" \/>\n<meta property=\"og:locale\" content=\"fi_FI\" \/>\n<meta property=\"og:type\" content=\"article\" \/>\n<meta property=\"og:title\" content=\"Kress RTK\u207f 28 000 m\u00b2:n robottiruohonleikkuri, jossa on OAS (Obstacle Avoidance System) -j\u00e4rjestelm\u00e4\" \/>\n<meta property=\"og:description\" content=\"Tehokkaan moottorin k\u00e4ytt\u00e4m\u00e4 ja liukulevyll\u00e4 varustettu parannettu leikkuuteho takaa poikkeuksellisen tehokkuuden ja tarkkuuden matalan ja tihe\u00e4n ruohon leikkaamisessa. Leikkuukorkeus on vain 10 mm, ja se on suunniteltu erityisesti v\u00e4yli\u00e4 varten, ja se tuottaa tasaisia ja korkealaatuisia tuloksia nopeutetulla nopeudella ja optimoidulla suorituskyvyll\u00e4.\" \/>\n<meta property=\"og:url\" content=\"https:\/\/www.kress.com\/fi-fi\/kress-rtk\u207f-28-000-m\u00b2n-robottiruohonleikkuri-jossa-on-oas-obstacle-avoidance-system-jarjestelma-kr237e\/\" \/>\n<meta property=\"og:site_name\" content=\"Kress\" \/>\n<meta property=\"article:modified_time\" content=\"2025-10-17T10:00:22+00:00\" \/>\n<meta property=\"og:image\" content=\"https:\/\/www.kress.com\/wp-content\/uploads\/2024\/02\/logo_long.png\" \/>\n\t<meta property=\"og:image:width\" content=\"1200\" \/>\n\t<meta property=\"og:image:height\" content=\"675\" \/>\n\t<meta property=\"og:image:type\" content=\"image\/png\" \/>\n<meta name=\"twitter:card\" content=\"summary_large_image\" \/>\n<script type=\"application\/ld+json\" class=\"yoast-schema-graph\">{\"@context\":\"https:\/\/schema.org\",\"@graph\":[{\"@type\":\"WebPage\",\"@id\":\"https:\/\/www.kress.com\/fi-fi\/kress-rtk%e2%81%bf-28-000-m%c2%b2n-robottiruohonleikkuri-jossa-on-oas-obstacle-avoidance-system-jarjestelma-kr237e\/\",\"url\":\"https:\/\/www.kress.com\/fi-fi\/kress-rtk%e2%81%bf-28-000-m%c2%b2n-robottiruohonleikkuri-jossa-on-oas-obstacle-avoidance-system-jarjestelma-kr237e\/\",\"name\":\"Kress RTK\u207f 28 000 m\u00b2:n robottiruohonleikkuri, jossa on OAS (Obstacle Avoidance System) -j\u00e4rjestelm\u00e4 | Kress\",\"isPartOf\":{\"@id\":\"https:\/\/www.kress.com\/de-de\/#website\"},\"datePublished\":\"2025-03-25T12:30:54+00:00\",\"dateModified\":\"2025-10-17T10:00:22+00:00\",\"breadcrumb\":{\"@id\":\"https:\/\/www.kress.com\/fi-fi\/kress-rtk%e2%81%bf-28-000-m%c2%b2n-robottiruohonleikkuri-jossa-on-oas-obstacle-avoidance-system-jarjestelma-kr237e\/#breadcrumb\"},\"inLanguage\":\"fi-FI\",\"potentialAction\":[{\"@type\":\"ReadAction\",\"target\":[\"https:\/\/www.kress.com\/fi-fi\/kress-rtk%e2%81%bf-28-000-m%c2%b2n-robottiruohonleikkuri-jossa-on-oas-obstacle-avoidance-system-jarjestelma-kr237e\/\"]}]},{\"@type\":\"BreadcrumbList\",\"@id\":\"https:\/\/www.kress.com\/fi-fi\/kress-rtk%e2%81%bf-28-000-m%c2%b2n-robottiruohonleikkuri-jossa-on-oas-obstacle-avoidance-system-jarjestelma-kr237e\/#breadcrumb\",\"itemListElement\":[{\"@type\":\"ListItem\",\"position\":1,\"name\":\"Home\",\"item\":\"https:\/\/www.kress.com\/fi-fi\/\"},{\"@type\":\"ListItem\",\"position\":2,\"name\":\"Produits\",\"item\":\"https:\/\/www.kress.com\/fr-fr\/shop\/\"},{\"@type\":\"ListItem\",\"position\":3,\"name\":\"Kress RTK\u207f 24 000 m\u00b2:n robottiruohonleikkuri, jossa on OAS (Obstacle Avoidance System) -j\u00e4rjestelm\u00e4\"}]},{\"@type\":\"WebSite\",\"@id\":\"https:\/\/www.kress.com\/de-de\/#website\",\"url\":\"https:\/\/www.kress.com\/de-de\/\",\"name\":\"Kress\",\"description\":\"\",\"publisher\":{\"@id\":\"https:\/\/www.kress.com\/de-de\/#organization\"},\"potentialAction\":[{\"@type\":\"SearchAction\",\"target\":{\"@type\":\"EntryPoint\",\"urlTemplate\":\"https:\/\/www.kress.com\/de-de\/?s={search_term_string}\"},\"query-input\":{\"@type\":\"PropertyValueSpecification\",\"valueRequired\":true,\"valueName\":\"search_term_string\"}}],\"inLanguage\":\"fi-FI\"},{\"@type\":\"Organization\",\"@id\":\"https:\/\/www.kress.com\/de-de\/#organization\",\"name\":\"Kress\",\"url\":\"https:\/\/www.kress.com\/de-de\/\",\"logo\":{\"@type\":\"ImageObject\",\"inLanguage\":\"fi-FI\",\"@id\":\"https:\/\/www.kress.com\/de-de\/#\/schema\/logo\/image\/\",\"url\":\"https:\/\/www.kress.com\/wp-content\/uploads\/2024\/02\/logo.png\",\"contentUrl\":\"https:\/\/www.kress.com\/wp-content\/uploads\/2024\/02\/logo.png\",\"width\":696,\"height\":696,\"caption\":\"Kress\"},\"image\":{\"@id\":\"https:\/\/www.kress.com\/de-de\/#\/schema\/logo\/image\/\"}}]}<\/script>\n<!-- \/ Yoast SEO Premium plugin. -->","yoast_head_json":{"title":"Kress RTK\u207f 28 000 m\u00b2:n robottiruohonleikkuri, jossa on OAS (Obstacle Avoidance System) -j\u00e4rjestelm\u00e4 | Kress","robots":{"index":"index","follow":"follow","max-snippet":"max-snippet:-1","max-image-preview":"max-image-preview:large","max-video-preview":"max-video-preview:-1"},"og_locale":"fi_FI","og_type":"article","og_title":"Kress RTK\u207f 28 000 m\u00b2:n robottiruohonleikkuri, jossa on OAS (Obstacle Avoidance System) -j\u00e4rjestelm\u00e4","og_description":"Tehokkaan moottorin k\u00e4ytt\u00e4m\u00e4 ja liukulevyll\u00e4 varustettu parannettu leikkuuteho takaa poikkeuksellisen tehokkuuden ja tarkkuuden matalan ja tihe\u00e4n ruohon leikkaamisessa. Leikkuukorkeus on vain 10 mm, ja se on suunniteltu erityisesti v\u00e4yli\u00e4 varten, ja se tuottaa tasaisia ja korkealaatuisia tuloksia nopeutetulla nopeudella ja optimoidulla suorituskyvyll\u00e4.","og_url":"https:\/\/www.kress.com\/fi-fi\/kress-rtk\u207f-28-000-m\u00b2n-robottiruohonleikkuri-jossa-on-oas-obstacle-avoidance-system-jarjestelma-kr237e\/","og_site_name":"Kress","article_modified_time":"2025-10-17T10:00:22+00:00","og_image":[{"width":1200,"height":675,"url":"https:\/\/www.kress.com\/wp-content\/uploads\/2024\/02\/logo_long.png","type":"image\/png"}],"twitter_card":"summary_large_image","schema":{"@context":"https:\/\/schema.org","@graph":[{"@type":"WebPage","@id":"https:\/\/www.kress.com\/fi-fi\/kress-rtk%e2%81%bf-28-000-m%c2%b2n-robottiruohonleikkuri-jossa-on-oas-obstacle-avoidance-system-jarjestelma-kr237e\/","url":"https:\/\/www.kress.com\/fi-fi\/kress-rtk%e2%81%bf-28-000-m%c2%b2n-robottiruohonleikkuri-jossa-on-oas-obstacle-avoidance-system-jarjestelma-kr237e\/","name":"Kress RTK\u207f 28 000 m\u00b2:n robottiruohonleikkuri, jossa on OAS (Obstacle Avoidance System) -j\u00e4rjestelm\u00e4 | Kress","isPartOf":{"@id":"https:\/\/www.kress.com\/de-de\/#website"},"datePublished":"2025-03-25T12:30:54+00:00","dateModified":"2025-10-17T10:00:22+00:00","breadcrumb":{"@id":"https:\/\/www.kress.com\/fi-fi\/kress-rtk%e2%81%bf-28-000-m%c2%b2n-robottiruohonleikkuri-jossa-on-oas-obstacle-avoidance-system-jarjestelma-kr237e\/#breadcrumb"},"inLanguage":"fi-FI","potentialAction":[{"@type":"ReadAction","target":["https:\/\/www.kress.com\/fi-fi\/kress-rtk%e2%81%bf-28-000-m%c2%b2n-robottiruohonleikkuri-jossa-on-oas-obstacle-avoidance-system-jarjestelma-kr237e\/"]}]},{"@type":"BreadcrumbList","@id":"https:\/\/www.kress.com\/fi-fi\/kress-rtk%e2%81%bf-28-000-m%c2%b2n-robottiruohonleikkuri-jossa-on-oas-obstacle-avoidance-system-jarjestelma-kr237e\/#breadcrumb","itemListElement":[{"@type":"ListItem","position":1,"name":"Home","item":"https:\/\/www.kress.com\/fi-fi\/"},{"@type":"ListItem","position":2,"name":"Produits","item":"https:\/\/www.kress.com\/fr-fr\/shop\/"},{"@type":"ListItem","position":3,"name":"Kress RTK\u207f 24 000 m\u00b2:n robottiruohonleikkuri, jossa on OAS (Obstacle Avoidance System) -j\u00e4rjestelm\u00e4"}]},{"@type":"WebSite","@id":"https:\/\/www.kress.com\/de-de\/#website","url":"https:\/\/www.kress.com\/de-de\/","name":"Kress","description":"","publisher":{"@id":"https:\/\/www.kress.com\/de-de\/#organization"},"potentialAction":[{"@type":"SearchAction","target":{"@type":"EntryPoint","urlTemplate":"https:\/\/www.kress.com\/de-de\/?s={search_term_string}"},"query-input":{"@type":"PropertyValueSpecification","valueRequired":true,"valueName":"search_term_string"}}],"inLanguage":"fi-FI"},{"@type":"Organization","@id":"https:\/\/www.kress.com\/de-de\/#organization","name":"Kress","url":"https:\/\/www.kress.com\/de-de\/","logo":{"@type":"ImageObject","inLanguage":"fi-FI","@id":"https:\/\/www.kress.com\/de-de\/#\/schema\/logo\/image\/","url":"https:\/\/www.kress.com\/wp-content\/uploads\/2024\/02\/logo.png","contentUrl":"https:\/\/www.kress.com\/wp-content\/uploads\/2024\/02\/logo.png","width":696,"height":696,"caption":"Kress"},"image":{"@id":"https:\/\/www.kress.com\/de-de\/#\/schema\/logo\/image\/"}}]}},"_links":{"self":[{"href":"https:\/\/www.kress.com\/fi-fi\/wp-json\/wp\/v2\/product\/407702","targetHints":{"allow":["GET"]}}],"collection":[{"href":"https:\/\/www.kress.com\/fi-fi\/wp-json\/wp\/v2\/product"}],"about":[{"href":"https:\/\/www.kress.com\/fi-fi\/wp-json\/wp\/v2\/types\/product"}],"wp:attachment":[{"href":"https:\/\/www.kress.com\/fi-fi\/wp-json\/wp\/v2\/media?parent=407702"}],"wp:term":[{"taxonomy":"product_brand","embeddable":true,"href":"https:\/\/www.kress.com\/fi-fi\/wp-json\/wp\/v2\/product_brand?post=407702"},{"taxonomy":"product_cat","embeddable":true,"href":"https:\/\/www.kress.com\/fi-fi\/wp-json\/wp\/v2\/product_cat?post=407702"},{"taxonomy":"product_tag","embeddable":true,"href":"https:\/\/www.kress.com\/fi-fi\/wp-json\/wp\/v2\/product_tag?post=407702"}],"curies":[{"name":"wp","href":"https:\/\/api.w.org\/{rel}","templated":true}]}}