{"id":405953,"date":"2025-03-06T05:30:36","date_gmt":"2025-03-06T04:30:36","guid":{"rendered":""},"modified":"2025-10-17T10:00:22","modified_gmt":"2025-10-17T10:00:22","slug":"kress-20-v-akku-kab14","status":"publish","type":"product","link":"https:\/\/www.kress.com\/fi-fi\/kress-20-v-akku-kab14\/","title":{"rendered":"Kress 20 V akku"},"content":{"rendered":"<p>KAB14 on suunniteltu kodinomistajille, jotka ottavat isommat ty\u00f6t luottavaisin mielin vastaan. Se tarjoaa 4,0 Ah:n luotettavan tehon, pitk\u00e4n k\u00e4ytt\u00f6ajan ja t\u00e4ydellisen tasapainon suorituskyvyn ja kest\u00e4vyyden v\u00e4lill\u00e4. SmartLink parantaa tehokkuutta, Cell Guard suojaa jokaista kennoa kulumiselta ja HeatShield pit\u00e4\u00e4 sen viile\u00e4n\u00e4 paineen alla. Yhdist\u00e4 se mink\u00e4 tahansa Kress 20 V:n ja 40 V:n ty\u00f6kalun kanssa pys\u00e4ytt\u00e4m\u00e4t\u00f6nt\u00e4 suorituskyky\u00e4 varten.<\/p>\n","protected":false},"excerpt":{"rendered":"<p>KAB14 on suunniteltu kodinomistajille, jotka ottavat isommat ty\u00f6t luottavaisin mielin vastaan. Se tarjoaa 4,0 Ah:n luotettavan tehon, pitk\u00e4n k\u00e4ytt\u00f6ajan ja t\u00e4ydellisen tasapainon suorituskyvyn ja kest\u00e4vyyden v\u00e4lill\u00e4. SmartLink parantaa tehokkuutta, Cell Guard suojaa jokaista kennoa kulumiselta ja HeatShield pit\u00e4\u00e4 sen viile\u00e4n\u00e4 paineen alla. Yhdist\u00e4 se mink\u00e4 tahansa Kress 20 V:n ja 40 V:n ty\u00f6kalun kanssa pys\u00e4ytt\u00e4m\u00e4t\u00f6nt\u00e4 [&hellip;]<\/p>\n","protected":false},"featured_media":0,"template":"","meta":{"_acf_changed":false},"product_brand":[],"product_cat":[],"product_tag":[],"class_list":{"0":"post-405953","1":"product","2":"type-product","3":"status-publish","6":"first","7":"instock","8":"shipping-taxable","9":"purchasable","10":"product-type-simple"},"acf":[],"yoast_head":"<!-- This site is optimized with the Yoast SEO Premium plugin v26.5 (Yoast SEO v27.0) - https:\/\/yoast.com\/product\/yoast-seo-premium-wordpress\/ -->\n<title>Kress 20 V akku | Kress<\/title>\n<meta name=\"robots\" content=\"index, follow, max-snippet:-1, max-image-preview:large, max-video-preview:-1\" \/>\n<meta property=\"og:locale\" content=\"fi_FI\" \/>\n<meta property=\"og:type\" content=\"article\" \/>\n<meta property=\"og:title\" content=\"Kress 20 V akku\" \/>\n<meta property=\"og:description\" content=\"KAB14 on suunniteltu kodinomistajille, jotka ottavat isommat ty\u00f6t luottavaisin mielin vastaan. Se tarjoaa 4,0 Ah:n luotettavan tehon, pitk\u00e4n k\u00e4ytt\u00f6ajan ja t\u00e4ydellisen tasapainon suorituskyvyn ja kest\u00e4vyyden v\u00e4lill\u00e4. SmartLink parantaa tehokkuutta, Cell Guard suojaa jokaista kennoa kulumiselta ja HeatShield pit\u00e4\u00e4 sen viile\u00e4n\u00e4 paineen alla. Yhdist\u00e4 se mink\u00e4 tahansa Kress 20 V:n ja 40 V:n ty\u00f6kalun kanssa pys\u00e4ytt\u00e4m\u00e4t\u00f6nt\u00e4 [&hellip;]\" \/>\n<meta property=\"og:url\" content=\"https:\/\/www.kress.com\/en-gb\/?post_type=product&amp;p=405928\" \/>\n<meta property=\"og:site_name\" content=\"Kress\" \/>\n<meta property=\"article:modified_time\" content=\"2025-10-17T10:00:22+00:00\" \/>\n<meta property=\"og:image\" content=\"https:\/\/www.kress.com\/wp-content\/uploads\/2024\/02\/logo_long.png\" \/>\n\t<meta property=\"og:image:width\" content=\"1200\" \/>\n\t<meta property=\"og:image:height\" content=\"675\" \/>\n\t<meta property=\"og:image:type\" content=\"image\/png\" \/>\n<meta name=\"twitter:card\" content=\"summary_large_image\" \/>\n<script type=\"application\/ld+json\" class=\"yoast-schema-graph\">{\"@context\":\"https:\/\/schema.org\",\"@graph\":[{\"@type\":\"WebPage\",\"@id\":\"https:\/\/www.kress.com\/en-gb\/?post_type=product&p=405928\",\"url\":\"https:\/\/www.kress.com\/en-gb\/?post_type=product&p=405928\",\"name\":\"Kress 20 V akku | Kress\",\"isPartOf\":{\"@id\":\"https:\/\/www.kress.com\/de-de\/#website\"},\"datePublished\":\"2025-03-06T04:30:36+00:00\",\"dateModified\":\"2025-10-17T10:00:22+00:00\",\"breadcrumb\":{\"@id\":\"https:\/\/www.kress.com\/en-gb\/?post_type=product&p=405928#breadcrumb\"},\"inLanguage\":\"fi-FI\",\"potentialAction\":[{\"@type\":\"ReadAction\",\"target\":[\"https:\/\/www.kress.com\/en-gb\/?post_type=product&p=405928\"]}]},{\"@type\":\"BreadcrumbList\",\"@id\":\"https:\/\/www.kress.com\/en-gb\/?post_type=product&p=405928#breadcrumb\",\"itemListElement\":[{\"@type\":\"ListItem\",\"position\":1,\"name\":\"Home\",\"item\":\"https:\/\/www.kress.com\/fi-fi\/\"},{\"@type\":\"ListItem\",\"position\":2,\"name\":\"Produits\",\"item\":\"https:\/\/www.kress.com\/fr-fr\/shop\/\"},{\"@type\":\"ListItem\",\"position\":3,\"name\":\"Kress 20 V akku\"}]},{\"@type\":\"WebSite\",\"@id\":\"https:\/\/www.kress.com\/de-de\/#website\",\"url\":\"https:\/\/www.kress.com\/de-de\/\",\"name\":\"Kress\",\"description\":\"\",\"publisher\":{\"@id\":\"https:\/\/www.kress.com\/de-de\/#organization\"},\"potentialAction\":[{\"@type\":\"SearchAction\",\"target\":{\"@type\":\"EntryPoint\",\"urlTemplate\":\"https:\/\/www.kress.com\/de-de\/?s={search_term_string}\"},\"query-input\":{\"@type\":\"PropertyValueSpecification\",\"valueRequired\":true,\"valueName\":\"search_term_string\"}}],\"inLanguage\":\"fi-FI\"},{\"@type\":\"Organization\",\"@id\":\"https:\/\/www.kress.com\/de-de\/#organization\",\"name\":\"Kress\",\"url\":\"https:\/\/www.kress.com\/de-de\/\",\"logo\":{\"@type\":\"ImageObject\",\"inLanguage\":\"fi-FI\",\"@id\":\"https:\/\/www.kress.com\/de-de\/#\/schema\/logo\/image\/\",\"url\":\"https:\/\/www.kress.com\/wp-content\/uploads\/2024\/02\/logo.png\",\"contentUrl\":\"https:\/\/www.kress.com\/wp-content\/uploads\/2024\/02\/logo.png\",\"width\":696,\"height\":696,\"caption\":\"Kress\"},\"image\":{\"@id\":\"https:\/\/www.kress.com\/de-de\/#\/schema\/logo\/image\/\"}}]}<\/script>\n<!-- \/ Yoast SEO Premium plugin. -->","yoast_head_json":{"title":"Kress 20 V akku | Kress","robots":{"index":"index","follow":"follow","max-snippet":"max-snippet:-1","max-image-preview":"max-image-preview:large","max-video-preview":"max-video-preview:-1"},"og_locale":"fi_FI","og_type":"article","og_title":"Kress 20 V akku","og_description":"KAB14 on suunniteltu kodinomistajille, jotka ottavat isommat ty\u00f6t luottavaisin mielin vastaan. Se tarjoaa 4,0 Ah:n luotettavan tehon, pitk\u00e4n k\u00e4ytt\u00f6ajan ja t\u00e4ydellisen tasapainon suorituskyvyn ja kest\u00e4vyyden v\u00e4lill\u00e4. SmartLink parantaa tehokkuutta, Cell Guard suojaa jokaista kennoa kulumiselta ja HeatShield pit\u00e4\u00e4 sen viile\u00e4n\u00e4 paineen alla. Yhdist\u00e4 se mink\u00e4 tahansa Kress 20 V:n ja 40 V:n ty\u00f6kalun kanssa pys\u00e4ytt\u00e4m\u00e4t\u00f6nt\u00e4 [&hellip;]","og_url":"https:\/\/www.kress.com\/en-gb\/?post_type=product&p=405928","og_site_name":"Kress","article_modified_time":"2025-10-17T10:00:22+00:00","og_image":[{"width":1200,"height":675,"url":"https:\/\/www.kress.com\/wp-content\/uploads\/2024\/02\/logo_long.png","type":"image\/png"}],"twitter_card":"summary_large_image","schema":{"@context":"https:\/\/schema.org","@graph":[{"@type":"WebPage","@id":"https:\/\/www.kress.com\/en-gb\/?post_type=product&p=405928","url":"https:\/\/www.kress.com\/en-gb\/?post_type=product&p=405928","name":"Kress 20 V akku | Kress","isPartOf":{"@id":"https:\/\/www.kress.com\/de-de\/#website"},"datePublished":"2025-03-06T04:30:36+00:00","dateModified":"2025-10-17T10:00:22+00:00","breadcrumb":{"@id":"https:\/\/www.kress.com\/en-gb\/?post_type=product&p=405928#breadcrumb"},"inLanguage":"fi-FI","potentialAction":[{"@type":"ReadAction","target":["https:\/\/www.kress.com\/en-gb\/?post_type=product&p=405928"]}]},{"@type":"BreadcrumbList","@id":"https:\/\/www.kress.com\/en-gb\/?post_type=product&p=405928#breadcrumb","itemListElement":[{"@type":"ListItem","position":1,"name":"Home","item":"https:\/\/www.kress.com\/fi-fi\/"},{"@type":"ListItem","position":2,"name":"Produits","item":"https:\/\/www.kress.com\/fr-fr\/shop\/"},{"@type":"ListItem","position":3,"name":"Kress 20 V akku"}]},{"@type":"WebSite","@id":"https:\/\/www.kress.com\/de-de\/#website","url":"https:\/\/www.kress.com\/de-de\/","name":"Kress","description":"","publisher":{"@id":"https:\/\/www.kress.com\/de-de\/#organization"},"potentialAction":[{"@type":"SearchAction","target":{"@type":"EntryPoint","urlTemplate":"https:\/\/www.kress.com\/de-de\/?s={search_term_string}"},"query-input":{"@type":"PropertyValueSpecification","valueRequired":true,"valueName":"search_term_string"}}],"inLanguage":"fi-FI"},{"@type":"Organization","@id":"https:\/\/www.kress.com\/de-de\/#organization","name":"Kress","url":"https:\/\/www.kress.com\/de-de\/","logo":{"@type":"ImageObject","inLanguage":"fi-FI","@id":"https:\/\/www.kress.com\/de-de\/#\/schema\/logo\/image\/","url":"https:\/\/www.kress.com\/wp-content\/uploads\/2024\/02\/logo.png","contentUrl":"https:\/\/www.kress.com\/wp-content\/uploads\/2024\/02\/logo.png","width":696,"height":696,"caption":"Kress"},"image":{"@id":"https:\/\/www.kress.com\/de-de\/#\/schema\/logo\/image\/"}}]}},"_links":{"self":[{"href":"https:\/\/www.kress.com\/fi-fi\/wp-json\/wp\/v2\/product\/405953","targetHints":{"allow":["GET"]}}],"collection":[{"href":"https:\/\/www.kress.com\/fi-fi\/wp-json\/wp\/v2\/product"}],"about":[{"href":"https:\/\/www.kress.com\/fi-fi\/wp-json\/wp\/v2\/types\/product"}],"wp:attachment":[{"href":"https:\/\/www.kress.com\/fi-fi\/wp-json\/wp\/v2\/media?parent=405953"}],"wp:term":[{"taxonomy":"product_brand","embeddable":true,"href":"https:\/\/www.kress.com\/fi-fi\/wp-json\/wp\/v2\/product_brand?post=405953"},{"taxonomy":"product_cat","embeddable":true,"href":"https:\/\/www.kress.com\/fi-fi\/wp-json\/wp\/v2\/product_cat?post=405953"},{"taxonomy":"product_tag","embeddable":true,"href":"https:\/\/www.kress.com\/fi-fi\/wp-json\/wp\/v2\/product_tag?post=405953"}],"curies":[{"name":"wp","href":"https:\/\/api.w.org\/{rel}","templated":true}]}}