{"id":33297,"date":"2024-03-26T08:16:28","date_gmt":"2024-03-26T08:16:28","guid":{"rendered":""},"modified":"2025-10-17T10:00:22","modified_gmt":"2025-10-17T10:00:22","slug":"60-v-ruohonleikkuri-kg757e-9","status":"publish","type":"product","link":"https:\/\/www.kress.com\/fi-fi\/60-v-ruohonleikkuri-kg757e-9\/","title":{"rendered":"60 V ruohonleikkuri"},"content":{"rendered":"<p>Kress KG757E.9 on ammattik\u00e4ytt\u00f6\u00f6n tarkoitettu itseliikkuva ruohonleikkuri, joka on suunniteltu niille, jotka vaativat enemm\u00e4n &#8211; enemm\u00e4n tehoa, enemm\u00e4n tarkkuutta ja enemm\u00e4n tehokkuutta. Se tuottaa 8 Nm:n v\u00e4\u00e4nt\u00f6momentin, joka takaa vahvan, tukkeutumattoman leikkuun ja tasaisen puhtaat tulokset. 55 litran ker\u00e4yss\u00e4kki minimoi siivoamiseen kuluvan ajan, ja pikakytkent\u00e4vaihtoehdot multausta, s\u00e4kityst\u00e4 ja takasivupurkausta varten mukautuvat leikkuutyylisi mukaan. Se on ihanteellinen jopa 800 m\u00b2:n nurmikoille, ja se on t\u00e4ydellinen yhdistelm\u00e4 suorituskyky\u00e4 ja monipuolisuutta.<\/p>\n","protected":false},"excerpt":{"rendered":"<p>Kress KG757E.9 on ammattik\u00e4ytt\u00f6\u00f6n tarkoitettu itseliikkuva ruohonleikkuri, joka on suunniteltu niille, jotka vaativat enemm\u00e4n &#8211; enemm\u00e4n tehoa, enemm\u00e4n tarkkuutta ja enemm\u00e4n tehokkuutta. Se tuottaa 8 Nm:n v\u00e4\u00e4nt\u00f6momentin, joka takaa vahvan, tukkeutumattoman leikkuun ja tasaisen puhtaat tulokset. 55 litran ker\u00e4yss\u00e4kki minimoi siivoamiseen kuluvan ajan, ja pikakytkent\u00e4vaihtoehdot multausta, s\u00e4kityst\u00e4 ja takasivupurkausta varten mukautuvat leikkuutyylisi mukaan. Se on [&hellip;]<\/p>\n","protected":false},"featured_media":407944,"template":"","meta":{"_acf_changed":false},"product_brand":[],"product_cat":[],"product_tag":[],"class_list":{"0":"post-33297","1":"product","2":"type-product","3":"status-publish","4":"has-post-thumbnail","7":"first","8":"instock","9":"shipping-taxable","10":"purchasable","11":"product-type-simple"},"acf":[],"yoast_head":"<!-- This site is optimized with the Yoast SEO Premium plugin v27.5 (Yoast SEO v27.5) - https:\/\/yoast.com\/product\/yoast-seo-premium-wordpress\/ -->\n<title>60 V ruohonleikkuri | Kress<\/title>\n<meta name=\"robots\" content=\"index, follow, max-snippet:-1, max-image-preview:large, max-video-preview:-1\" \/>\n<meta property=\"og:locale\" content=\"fi_FI\" \/>\n<meta property=\"og:type\" content=\"article\" \/>\n<meta property=\"og:title\" content=\"60 V ruohonleikkuri\" \/>\n<meta property=\"og:description\" content=\"Kress KG757E.9 on ammattik\u00e4ytt\u00f6\u00f6n tarkoitettu itseliikkuva ruohonleikkuri, joka on suunniteltu niille, jotka vaativat enemm\u00e4n &#8211; enemm\u00e4n tehoa, enemm\u00e4n tarkkuutta ja enemm\u00e4n tehokkuutta. Se tuottaa 8 Nm:n v\u00e4\u00e4nt\u00f6momentin, joka takaa vahvan, tukkeutumattoman leikkuun ja tasaisen puhtaat tulokset. 55 litran ker\u00e4yss\u00e4kki minimoi siivoamiseen kuluvan ajan, ja pikakytkent\u00e4vaihtoehdot multausta, s\u00e4kityst\u00e4 ja takasivupurkausta varten mukautuvat leikkuutyylisi mukaan. Se on [&hellip;]\" \/>\n<meta property=\"og:url\" content=\"https:\/\/www.kress.com\/fi-fi\/60-v-ruohonleikkuri-kg757e-9\/\" \/>\n<meta property=\"og:site_name\" content=\"Kress\" \/>\n<meta property=\"article:modified_time\" content=\"2025-10-17T10:00:22+00:00\" \/>\n<meta property=\"og:image\" content=\"https:\/\/www.kress.com\/wp-content\/uploads\/onpage\/op_image_8bad9da37be875f06d5cbfd2a39d4df92dbc6524.1980x.webp\" \/>\n\t<meta property=\"og:image:width\" content=\"1980\" \/>\n\t<meta property=\"og:image:height\" content=\"1980\" \/>\n\t<meta property=\"og:image:type\" content=\"image\/webp\" \/>\n<meta name=\"twitter:card\" content=\"summary_large_image\" \/>\n<script type=\"application\/ld+json\" class=\"yoast-schema-graph\">{\"@context\":\"https:\\\/\\\/schema.org\",\"@graph\":[{\"@type\":\"WebPage\",\"@id\":\"https:\\\/\\\/www.kress.com\\\/fi-fi\\\/60-v-ruohonleikkuri-kg757e-9\\\/\",\"url\":\"https:\\\/\\\/www.kress.com\\\/fi-fi\\\/60-v-ruohonleikkuri-kg757e-9\\\/\",\"name\":\"60 V ruohonleikkuri | Kress\",\"isPartOf\":{\"@id\":\"https:\\\/\\\/www.kress.com\\\/de-de\\\/#website\"},\"primaryImageOfPage\":{\"@id\":\"https:\\\/\\\/www.kress.com\\\/fi-fi\\\/60-v-ruohonleikkuri-kg757e-9\\\/#primaryimage\"},\"image\":{\"@id\":\"https:\\\/\\\/www.kress.com\\\/fi-fi\\\/60-v-ruohonleikkuri-kg757e-9\\\/#primaryimage\"},\"thumbnailUrl\":\"https:\\\/\\\/www.kress.com\\\/wp-content\\\/uploads\\\/onpage\\\/op_image_8bad9da37be875f06d5cbfd2a39d4df92dbc6524.1980x.webp\",\"datePublished\":\"2024-03-26T08:16:28+00:00\",\"dateModified\":\"2025-10-17T10:00:22+00:00\",\"breadcrumb\":{\"@id\":\"https:\\\/\\\/www.kress.com\\\/fi-fi\\\/60-v-ruohonleikkuri-kg757e-9\\\/#breadcrumb\"},\"inLanguage\":\"fi-FI\",\"potentialAction\":[{\"@type\":\"ReadAction\",\"target\":[\"https:\\\/\\\/www.kress.com\\\/fi-fi\\\/60-v-ruohonleikkuri-kg757e-9\\\/\"]}]},{\"@type\":\"ImageObject\",\"inLanguage\":\"fi-FI\",\"@id\":\"https:\\\/\\\/www.kress.com\\\/fi-fi\\\/60-v-ruohonleikkuri-kg757e-9\\\/#primaryimage\",\"url\":\"https:\\\/\\\/www.kress.com\\\/wp-content\\\/uploads\\\/onpage\\\/op_image_8bad9da37be875f06d5cbfd2a39d4df92dbc6524.1980x.webp\",\"contentUrl\":\"https:\\\/\\\/www.kress.com\\\/wp-content\\\/uploads\\\/onpage\\\/op_image_8bad9da37be875f06d5cbfd2a39d4df92dbc6524.1980x.webp\",\"width\":1980,\"height\":1980},{\"@type\":\"BreadcrumbList\",\"@id\":\"https:\\\/\\\/www.kress.com\\\/fi-fi\\\/60-v-ruohonleikkuri-kg757e-9\\\/#breadcrumb\",\"itemListElement\":[{\"@type\":\"ListItem\",\"position\":1,\"name\":\"Home\",\"item\":\"https:\\\/\\\/www.kress.com\\\/fi-fi\\\/\"},{\"@type\":\"ListItem\",\"position\":2,\"name\":\"Produits\",\"item\":\"https:\\\/\\\/www.kress.com\\\/fr-fr\\\/shop\\\/\"},{\"@type\":\"ListItem\",\"position\":3,\"name\":\"60 V ruohonleikkuri\"}]},{\"@type\":\"WebSite\",\"@id\":\"https:\\\/\\\/www.kress.com\\\/de-de\\\/#website\",\"url\":\"https:\\\/\\\/www.kress.com\\\/de-de\\\/\",\"name\":\"Kress\",\"description\":\"\",\"publisher\":{\"@id\":\"https:\\\/\\\/www.kress.com\\\/de-de\\\/#organization\"},\"potentialAction\":[{\"@type\":\"SearchAction\",\"target\":{\"@type\":\"EntryPoint\",\"urlTemplate\":\"https:\\\/\\\/www.kress.com\\\/de-de\\\/?s={search_term_string}\"},\"query-input\":{\"@type\":\"PropertyValueSpecification\",\"valueRequired\":true,\"valueName\":\"search_term_string\"}}],\"inLanguage\":\"fi-FI\"},{\"@type\":\"Organization\",\"@id\":\"https:\\\/\\\/www.kress.com\\\/de-de\\\/#organization\",\"name\":\"Kress\",\"url\":\"https:\\\/\\\/www.kress.com\\\/de-de\\\/\",\"logo\":{\"@type\":\"ImageObject\",\"inLanguage\":\"fi-FI\",\"@id\":\"https:\\\/\\\/www.kress.com\\\/de-de\\\/#\\\/schema\\\/logo\\\/image\\\/\",\"url\":\"https:\\\/\\\/www.kress.com\\\/wp-content\\\/uploads\\\/2024\\\/02\\\/logo.png\",\"contentUrl\":\"https:\\\/\\\/www.kress.com\\\/wp-content\\\/uploads\\\/2024\\\/02\\\/logo.png\",\"width\":696,\"height\":696,\"caption\":\"Kress\"},\"image\":{\"@id\":\"https:\\\/\\\/www.kress.com\\\/de-de\\\/#\\\/schema\\\/logo\\\/image\\\/\"}}]}<\/script>\n<!-- \/ Yoast SEO Premium plugin. -->","yoast_head_json":{"title":"60 V ruohonleikkuri | Kress","robots":{"index":"index","follow":"follow","max-snippet":"max-snippet:-1","max-image-preview":"max-image-preview:large","max-video-preview":"max-video-preview:-1"},"og_locale":"fi_FI","og_type":"article","og_title":"60 V ruohonleikkuri","og_description":"Kress KG757E.9 on ammattik\u00e4ytt\u00f6\u00f6n tarkoitettu itseliikkuva ruohonleikkuri, joka on suunniteltu niille, jotka vaativat enemm\u00e4n &#8211; enemm\u00e4n tehoa, enemm\u00e4n tarkkuutta ja enemm\u00e4n tehokkuutta. Se tuottaa 8 Nm:n v\u00e4\u00e4nt\u00f6momentin, joka takaa vahvan, tukkeutumattoman leikkuun ja tasaisen puhtaat tulokset. 55 litran ker\u00e4yss\u00e4kki minimoi siivoamiseen kuluvan ajan, ja pikakytkent\u00e4vaihtoehdot multausta, s\u00e4kityst\u00e4 ja takasivupurkausta varten mukautuvat leikkuutyylisi mukaan. Se on [&hellip;]","og_url":"https:\/\/www.kress.com\/fi-fi\/60-v-ruohonleikkuri-kg757e-9\/","og_site_name":"Kress","article_modified_time":"2025-10-17T10:00:22+00:00","og_image":[{"width":1980,"height":1980,"url":"https:\/\/www.kress.com\/wp-content\/uploads\/onpage\/op_image_8bad9da37be875f06d5cbfd2a39d4df92dbc6524.1980x.webp","type":"image\/webp"}],"twitter_card":"summary_large_image","schema":{"@context":"https:\/\/schema.org","@graph":[{"@type":"WebPage","@id":"https:\/\/www.kress.com\/fi-fi\/60-v-ruohonleikkuri-kg757e-9\/","url":"https:\/\/www.kress.com\/fi-fi\/60-v-ruohonleikkuri-kg757e-9\/","name":"60 V ruohonleikkuri | Kress","isPartOf":{"@id":"https:\/\/www.kress.com\/de-de\/#website"},"primaryImageOfPage":{"@id":"https:\/\/www.kress.com\/fi-fi\/60-v-ruohonleikkuri-kg757e-9\/#primaryimage"},"image":{"@id":"https:\/\/www.kress.com\/fi-fi\/60-v-ruohonleikkuri-kg757e-9\/#primaryimage"},"thumbnailUrl":"https:\/\/www.kress.com\/wp-content\/uploads\/onpage\/op_image_8bad9da37be875f06d5cbfd2a39d4df92dbc6524.1980x.webp","datePublished":"2024-03-26T08:16:28+00:00","dateModified":"2025-10-17T10:00:22+00:00","breadcrumb":{"@id":"https:\/\/www.kress.com\/fi-fi\/60-v-ruohonleikkuri-kg757e-9\/#breadcrumb"},"inLanguage":"fi-FI","potentialAction":[{"@type":"ReadAction","target":["https:\/\/www.kress.com\/fi-fi\/60-v-ruohonleikkuri-kg757e-9\/"]}]},{"@type":"ImageObject","inLanguage":"fi-FI","@id":"https:\/\/www.kress.com\/fi-fi\/60-v-ruohonleikkuri-kg757e-9\/#primaryimage","url":"https:\/\/www.kress.com\/wp-content\/uploads\/onpage\/op_image_8bad9da37be875f06d5cbfd2a39d4df92dbc6524.1980x.webp","contentUrl":"https:\/\/www.kress.com\/wp-content\/uploads\/onpage\/op_image_8bad9da37be875f06d5cbfd2a39d4df92dbc6524.1980x.webp","width":1980,"height":1980},{"@type":"BreadcrumbList","@id":"https:\/\/www.kress.com\/fi-fi\/60-v-ruohonleikkuri-kg757e-9\/#breadcrumb","itemListElement":[{"@type":"ListItem","position":1,"name":"Home","item":"https:\/\/www.kress.com\/fi-fi\/"},{"@type":"ListItem","position":2,"name":"Produits","item":"https:\/\/www.kress.com\/fr-fr\/shop\/"},{"@type":"ListItem","position":3,"name":"60 V ruohonleikkuri"}]},{"@type":"WebSite","@id":"https:\/\/www.kress.com\/de-de\/#website","url":"https:\/\/www.kress.com\/de-de\/","name":"Kress","description":"","publisher":{"@id":"https:\/\/www.kress.com\/de-de\/#organization"},"potentialAction":[{"@type":"SearchAction","target":{"@type":"EntryPoint","urlTemplate":"https:\/\/www.kress.com\/de-de\/?s={search_term_string}"},"query-input":{"@type":"PropertyValueSpecification","valueRequired":true,"valueName":"search_term_string"}}],"inLanguage":"fi-FI"},{"@type":"Organization","@id":"https:\/\/www.kress.com\/de-de\/#organization","name":"Kress","url":"https:\/\/www.kress.com\/de-de\/","logo":{"@type":"ImageObject","inLanguage":"fi-FI","@id":"https:\/\/www.kress.com\/de-de\/#\/schema\/logo\/image\/","url":"https:\/\/www.kress.com\/wp-content\/uploads\/2024\/02\/logo.png","contentUrl":"https:\/\/www.kress.com\/wp-content\/uploads\/2024\/02\/logo.png","width":696,"height":696,"caption":"Kress"},"image":{"@id":"https:\/\/www.kress.com\/de-de\/#\/schema\/logo\/image\/"}}]}},"_links":{"self":[{"href":"https:\/\/www.kress.com\/fi-fi\/wp-json\/wp\/v2\/product\/33297","targetHints":{"allow":["GET"]}}],"collection":[{"href":"https:\/\/www.kress.com\/fi-fi\/wp-json\/wp\/v2\/product"}],"about":[{"href":"https:\/\/www.kress.com\/fi-fi\/wp-json\/wp\/v2\/types\/product"}],"wp:featuredmedia":[{"embeddable":true,"href":"https:\/\/www.kress.com\/fi-fi\/wp-json\/wp\/v2\/media\/407944"}],"wp:attachment":[{"href":"https:\/\/www.kress.com\/fi-fi\/wp-json\/wp\/v2\/media?parent=33297"}],"wp:term":[{"taxonomy":"product_brand","embeddable":true,"href":"https:\/\/www.kress.com\/fi-fi\/wp-json\/wp\/v2\/product_brand?post=33297"},{"taxonomy":"product_cat","embeddable":true,"href":"https:\/\/www.kress.com\/fi-fi\/wp-json\/wp\/v2\/product_cat?post=33297"},{"taxonomy":"product_tag","embeddable":true,"href":"https:\/\/www.kress.com\/fi-fi\/wp-json\/wp\/v2\/product_tag?post=33297"}],"curies":[{"name":"wp","href":"https:\/\/api.w.org\/{rel}","templated":true}]}}