{"id":392590,"date":"2024-10-15T13:46:32","date_gmt":"2024-10-15T11:46:32","guid":{"rendered":"https:\/\/www.kress.com\/deals-and-promotions\/"},"modified":"2026-03-30T18:10:27","modified_gmt":"2026-03-30T16:10:27","slug":"tarjoukset-ja-kampanjat","status":"publish","type":"page","link":"https:\/\/www.kress.com\/fi-fi\/tarjoukset-ja-kampanjat\/","title":{"rendered":"Tarjoukset ja kampanjat"},"content":{"rendered":"\n<style>\n\n    .tile-background-white{\n        background-color: #fff !important;\n    }\n\n    section.section-bkg.tile-background-white h3{\n        color: #8D100C !important;\n    }\n\n    section.section-bkg.tile-background-white h4{\n         color: #8D100C !important;font-weight: 800 !important;font-size: 24px !important;\n    }\n\n     section.section-bkg.tile-background-white h6{\n          font-size: 14px !important;\n        line-height: 18px !important;\n        color: #000 !important;\n        font-weight: 400 !important; \n        text-transform: none !important;\n     }\n\n    section.section-bkg.tile-background-white p{\n        color: #000 !important;\n    }\n\n    section.section-bkg.tile-background-white  p,section.section-bkg.tile-background-white  li,section.section-bkg.tile-background-white  ul{\n        color: #000 !important;\n    }\n    \n    \n    section.section-bkg.tile-background-white .btn-minisite {\n        display: block;\n        width: 100%;\n        padding: 20px 30px;\n        font-size: 16px;\n        font-weight: 600;\n        position: relative;\n        cursor: pointer;\n        margin: 40px 0px 30px;\n        border-radius: 100px;\n        border: 1px solid #8D100C !important;\n        color: #8D100C !important;\n        background-size: cover;\n        background-position: center;\n        background-repeat: no-repeat;\n    }\n\n    section.section-bkg.tile-background-white .btn-minisite:after {\n       background-image: url(\/wp-content\/uploads\/custom\/arrow-red.svg) !important;\n        }\n\n\n\n    <\/style>\n\n     <section class=\"section-bkg changebkgmobile tileinside pmobile  tile-background-red  p-90-x p-50 malign-end  \"  data-bkgmobile=\"https:\/\/www.kress.com\/wp-content\/uploads\/2026\/03\/Deals-and-promotion-page-Free-cabinet-M-17.png\" style=\"background-image:url('https:\/\/www.kress.com\/wp-content\/uploads\/2026\/03\/Deals-and-promotion-page-Free-cabinet-D-17.png');\">\n            <div class=\"row dflex align-middle malign-end left\">\n                        <div class=\"col-sm-5\" style=\"height: auto;\">\n                                                <h3>\n                Saat CyberCabinetin ilmaiseksi*            <\/h3>\n                             \n            <p>Suojaa ultranopea laturisi s&auml;&auml;lt&auml; CyberCabinetilla &mdash; saat sen ilmaiseksi ostaessasi CyberTankin.<\/p>\n                           \n                                        <a class=\"btn-minisite  white\" href=\"https:\/\/www.kress.com\/fi-fi\/tarjoukset-ja-kampanjat\/saat-cybercabinetin-ilmaiseksi\/\" style=\"margin: 30px 0px 0px;\">Lue lis\u00e4\u00e4<\/a>\n                      \n                                        <small style=\"margin-top: 30px;\"><div style=\"margin-top:60px\">* Tarjous voimassa 1. maaliskuuta\u201330. kes\u00e4kuuta tai niin kauan kuin tavaraa riitt\u00e4\u00e4.<\/div><\/small>\n                       \n        <\/div>\n             <\/div>\n          <\/section>\n\n<style>\n\n    .tile-background-white{\n        background-color: #fff !important;\n    }\n\n    section.section-bkg.tile-background-white h3{\n        color: #8D100C !important;\n    }\n\n    section.section-bkg.tile-background-white h4{\n         color: #8D100C !important;font-weight: 800 !important;font-size: 24px !important;\n    }\n\n     section.section-bkg.tile-background-white h6{\n          font-size: 14px !important;\n        line-height: 18px !important;\n        color: #000 !important;\n        font-weight: 400 !important; \n        text-transform: none !important;\n     }\n\n    section.section-bkg.tile-background-white p{\n        color: #000 !important;\n    }\n\n    section.section-bkg.tile-background-white  p,section.section-bkg.tile-background-white  li,section.section-bkg.tile-background-white  ul{\n        color: #000 !important;\n    }\n    \n    \n    section.section-bkg.tile-background-white .btn-minisite {\n        display: block;\n        width: 100%;\n        padding: 20px 30px;\n        font-size: 16px;\n        font-weight: 600;\n        position: relative;\n        cursor: pointer;\n        margin: 40px 0px 30px;\n        border-radius: 100px;\n        border: 1px solid #8D100C !important;\n        color: #8D100C !important;\n        background-size: cover;\n        background-position: center;\n        background-repeat: no-repeat;\n    }\n\n    section.section-bkg.tile-background-white .btn-minisite:after {\n       background-image: url(\/wp-content\/uploads\/custom\/arrow-red.svg) !important;\n        }\n\n\n\n    <\/style>\n\n\n<section class=\"section-bkg nobkgonmobile bkg-contain malign-start notmodmobile reorderdivonmob maspecunset pmobile p-50-x p-90\"   style=\"background-image:url('https:\/\/www.kress.com\/wp-content\/uploads\/2026\/03\/Group-52-1.png')\">\n    <div class=\"row dflex  columnonmobile mtmobile80  mhauto center align-center\" style=\"place-self: baseline;height: 100%;\">\n    \n        <div class=\"col-xs-12 col-sm-5 order2\" style=\"padding:0;display: flex;flex-direction: column;justify-content: space-between;\">\n            <div>\n                                <h3 class=\"white\" style=\"font-size:35px\">\u00c4l\u00e4 missaa Kress Commercial -kev\u00e4tpaketteja*<\/h3>\n                                                <p><p>Rajoitetun ajan s\u00e4\u00e4st\u00f6j\u00e4 huippupaketeista \u2014 lis\u00e4\u00e4 tehoa kev\u00e4\u00e4seen jo t\u00e4n\u00e4\u00e4n!<\/p>\n<\/p>\n                \n                                                            <a class=\"btn-minisite white\" href=\"https:\/\/www.kress.com\/fi-fi\/tarjoukset-ja-kampanjat\/kaupallinen-pakettitarjous\/\" style=\"margin: 30px 0px 0px;max-width:300px\">Tutustu kaikkiin tarjouksiin<\/a>\n                                        \n                            <\/div>\n            <div>\n                                    <small><div style=\"margin-top:60px\">* Tarjous voimassa 1. maaliskuuta\u201330. kes\u00e4kuuta tai niin kauan kuin tavaraa riitt\u00e4\u00e4.<\/div><\/small>\n                            <\/div>\n        <\/div>\n        <div class=\"col-sm-1 nomob\"><\/div>\n        <div class=\"col-xs-12 col-sm-5 order1\">\n            <div class=\"\">\n                <p class=\"hugedeals\">\n                    <span>S\u00c4\u00c4ST\u00c4<\/span>\n                    <span>&#8364; 1 791<sup>,80<\/sup> <\/span>\n                <\/p> \n                <img decoding=\"async\" src=\"https:\/\/www.kress.com\/wp-content\/uploads\/2026\/03\/Group-63.png\" class=\"onlymob\" style=\"margin: 40px 0;\" \/>\n            <\/div>\n        <\/div>\n    <\/div>\n    <\/section>\n\n\n     <section class=\"section-bkg changebkgmobile tileinside pmobile  tile-background-red  p-90-x p-50 malign-end  \"  data-bkgmobile=\"https:\/\/www.kress.com\/wp-content\/uploads\/2026\/03\/Deals-and-promotion-page-Buy-bundle-and-get-free-battery-M.png\" style=\"background-image:url('https:\/\/www.kress.com\/wp-content\/uploads\/2026\/03\/Deals-and-promotion-page-Buy-bundle-and-get-free-battery-D.png');\">\n            <div class=\"row dflex align-middle malign-end left\">\n                        <div class=\"col-sm-5\" style=\"height: auto;\">\n                                                <h3>\n                Hy\u00f6dynn\u00e4 Kress-pakettitarjoukset, joissa saat tupla-akut kaupan p\u00e4\u00e4lle*.            <\/h3>\n                             \n            <p>Hanki Kress-ammattilaisen 60 V- tai 40 V \/ 20 V -paketti ja s&auml;&auml;st&auml;. &mdash; loistava tilaisuus ammattilaisille ja laatua arvostaville kotitalouksille.<\/p>\n                           \n                                        <a class=\"btn-minisite  white\" href=\"https:\/\/www.kress.com\/fi-fi\/tarjoukset-ja-kampanjat\/ilmainen-akku-kampanja-2026\/\" style=\"margin: 30px 0px 0px;\">Lue lis\u00e4\u00e4<\/a>\n                      \n                                        <small style=\"margin-top: 30px;\">* Tarjous voimassa 1. maaliskuuta\u201330. kes\u00e4kuuta tai niin kauan kuin tavaraa riitt\u00e4\u00e4.<\/small>\n                       \n        <\/div>\n             <\/div>\n          <\/section>\n\n<style>\n\n    .tile-background-white{\n        background-color: #fff !important;\n    }\n\n    section.section-bkg.tile-background-white h3{\n        color: #8D100C !important;\n    }\n\n    section.section-bkg.tile-background-white h4{\n         color: #8D100C !important;font-weight: 800 !important;font-size: 24px !important;\n    }\n\n     section.section-bkg.tile-background-white h6{\n          font-size: 14px !important;\n        line-height: 18px !important;\n        color: #000 !important;\n        font-weight: 400 !important; \n        text-transform: none !important;\n     }\n\n    section.section-bkg.tile-background-white p{\n        color: #000 !important;\n    }\n\n    section.section-bkg.tile-background-white  p,section.section-bkg.tile-background-white  li,section.section-bkg.tile-background-white  ul{\n        color: #000 !important;\n    }\n    \n    \n    section.section-bkg.tile-background-white .btn-minisite {\n        display: block;\n        width: 100%;\n        padding: 20px 30px;\n        font-size: 16px;\n        font-weight: 600;\n        position: relative;\n        cursor: pointer;\n        margin: 40px 0px 30px;\n        border-radius: 100px;\n        border: 1px solid #8D100C !important;\n        color: #8D100C !important;\n        background-size: cover;\n        background-position: center;\n        background-repeat: no-repeat;\n    }\n\n    section.section-bkg.tile-background-white .btn-minisite:after {\n       background-image: url(\/wp-content\/uploads\/custom\/arrow-red.svg) !important;\n        }\n\n\n\n    <\/style>\n\n\n\n\n\n\n\n\n\n\n\n<style>\n\n    .tile-background-white{\n        background-color: #fff !important;\n    }\n\n    section.section-bkg.tile-background-white h3{\n        color: #8D100C !important;\n    }\n\n    section.section-bkg.tile-background-white h4{\n         color: #8D100C !important;font-weight: 800 !important;font-size: 24px !important;\n    }\n\n     section.section-bkg.tile-background-white h6{\n          font-size: 14px !important;\n        line-height: 18px !important;\n        color: #000 !important;\n        font-weight: 400 !important; \n        text-transform: none !important;\n     }\n\n    section.section-bkg.tile-background-white p{\n        color: #000 !important;\n    }\n\n    section.section-bkg.tile-background-white  p,section.section-bkg.tile-background-white  li,section.section-bkg.tile-background-white  ul{\n        color: #000 !important;\n    }\n    \n    \n    section.section-bkg.tile-background-white .btn-minisite {\n        display: block;\n        width: 100%;\n        padding: 20px 30px;\n        font-size: 16px;\n        font-weight: 600;\n        position: relative;\n        cursor: pointer;\n        margin: 40px 0px 30px;\n        border-radius: 100px;\n        border: 1px solid #8D100C !important;\n        color: #8D100C !important;\n        background-size: cover;\n        background-position: center;\n        background-repeat: no-repeat;\n    }\n\n    section.section-bkg.tile-background-white .btn-minisite:after {\n       background-image: url(\/wp-content\/uploads\/custom\/arrow-red.svg) !important;\n        }\n\n\n\n    <\/style>\n\n\n<style>\n\n    .tile-background-white{\n        background-color: #fff !important;\n    }\n\n    section.section-bkg.tile-background-white h3{\n        color: #8D100C !important;\n    }\n\n    section.section-bkg.tile-background-white h4{\n         color: #8D100C !important;font-weight: 800 !important;font-size: 24px !important;\n    }\n\n     section.section-bkg.tile-background-white h6{\n          font-size: 14px !important;\n        line-height: 18px !important;\n        color: #000 !important;\n        font-weight: 400 !important; \n        text-transform: none !important;\n     }\n\n    section.section-bkg.tile-background-white p{\n        color: #000 !important;\n    }\n\n    section.section-bkg.tile-background-white  p,section.section-bkg.tile-background-white  li,section.section-bkg.tile-background-white  ul{\n        color: #000 !important;\n    }\n    \n    \n    section.section-bkg.tile-background-white .btn-minisite {\n        display: block;\n        width: 100%;\n        padding: 20px 30px;\n        font-size: 16px;\n        font-weight: 600;\n        position: relative;\n        cursor: pointer;\n        margin: 40px 0px 30px;\n        border-radius: 100px;\n        border: 1px solid #8D100C !important;\n        color: #8D100C !important;\n        background-size: cover;\n        background-position: center;\n        background-repeat: no-repeat;\n    }\n\n    section.section-bkg.tile-background-white .btn-minisite:after {\n       background-image: url(\/wp-content\/uploads\/custom\/arrow-red.svg) !important;\n        }\n\n\n\n    <\/style>\n\n\n<style>\n\n    .tile-background-white{\n        background-color: #fff !important;\n    }\n\n    section.section-bkg.tile-background-white h3{\n        color: #8D100C !important;\n    }\n\n    section.section-bkg.tile-background-white h4{\n         color: #8D100C !important;font-weight: 800 !important;font-size: 24px !important;\n    }\n\n     section.section-bkg.tile-background-white h6{\n          font-size: 14px !important;\n        line-height: 18px !important;\n        color: #000 !important;\n        font-weight: 400 !important; \n        text-transform: none !important;\n     }\n\n    section.section-bkg.tile-background-white p{\n        color: #000 !important;\n    }\n\n    section.section-bkg.tile-background-white  p,section.section-bkg.tile-background-white  li,section.section-bkg.tile-background-white  ul{\n        color: #000 !important;\n    }\n    \n    \n    section.section-bkg.tile-background-white .btn-minisite {\n        display: block;\n        width: 100%;\n        padding: 20px 30px;\n        font-size: 16px;\n        font-weight: 600;\n        position: relative;\n        cursor: pointer;\n        margin: 40px 0px 30px;\n        border-radius: 100px;\n        border: 1px solid #8D100C !important;\n        color: #8D100C !important;\n        background-size: cover;\n        background-position: center;\n        background-repeat: no-repeat;\n    }\n\n    section.section-bkg.tile-background-white .btn-minisite:after {\n       background-image: url(\/wp-content\/uploads\/custom\/arrow-red.svg) !important;\n        }\n\n\n\n    <\/style>\n\n\n<style>\n\n    .tile-background-white{\n        background-color: #fff !important;\n    }\n\n    section.section-bkg.tile-background-white h3{\n        color: #8D100C !important;\n    }\n\n    section.section-bkg.tile-background-white h4{\n         color: #8D100C !important;font-weight: 800 !important;font-size: 24px !important;\n    }\n\n     section.section-bkg.tile-background-white h6{\n          font-size: 14px !important;\n        line-height: 18px !important;\n        color: #000 !important;\n        font-weight: 400 !important; \n        text-transform: none !important;\n     }\n\n    section.section-bkg.tile-background-white p{\n        color: #000 !important;\n    }\n\n    section.section-bkg.tile-background-white  p,section.section-bkg.tile-background-white  li,section.section-bkg.tile-background-white  ul{\n        color: #000 !important;\n    }\n    \n    \n    section.section-bkg.tile-background-white .btn-minisite {\n        display: block;\n        width: 100%;\n        padding: 20px 30px;\n        font-size: 16px;\n        font-weight: 600;\n        position: relative;\n        cursor: pointer;\n        margin: 40px 0px 30px;\n        border-radius: 100px;\n        border: 1px solid #8D100C !important;\n        color: #8D100C !important;\n        background-size: cover;\n        background-position: center;\n        background-repeat: no-repeat;\n    }\n\n    section.section-bkg.tile-background-white .btn-minisite:after {\n       background-image: url(\/wp-content\/uploads\/custom\/arrow-red.svg) !important;\n        }\n\n\n\n    <\/style>\n\n\n\n\n\n<section class=\"related-product\">\n    <div class=\"row\">\n        <div class=\"container\">\n            <div class=\"row position-relative\">\n                <div class=\"col-md-12 content-listing no-padding-top\">\n                                        <\/div>\n            <\/div>\n        <\/div>\n    <\/div>\n<\/section>","protected":false},"excerpt":{"rendered":"","protected":false},"author":18,"featured_media":0,"parent":0,"menu_order":0,"comment_status":"closed","ping_status":"closed","template":"","meta":{"_acf_changed":false,"footnotes":""},"class_list":["post-392590","page","type-page","status-publish","hentry"],"acf":[],"yoast_head":"<!-- This site is optimized with the Yoast SEO Premium plugin v26.5 (Yoast SEO v27.0) - https:\/\/yoast.com\/product\/yoast-seo-premium-wordpress\/ -->\n<title>Tarjoukset ja kampanjat | Kress<\/title>\n<meta name=\"robots\" content=\"index, follow, max-snippet:-1, max-image-preview:large, max-video-preview:-1\" \/>\n<meta property=\"og:locale\" content=\"fi_FI\" \/>\n<meta property=\"og:type\" content=\"article\" \/>\n<meta property=\"og:title\" content=\"Tarjoukset ja kampanjat\" \/>\n<meta property=\"og:url\" content=\"https:\/\/www.kress.com\/fi-fi\/tarjoukset-ja-kampanjat\/\" \/>\n<meta property=\"og:site_name\" content=\"Kress\" \/>\n<meta property=\"article:modified_time\" content=\"2026-03-30T16:10:27+00:00\" \/>\n<meta property=\"og:image\" content=\"https:\/\/www.kress.com\/wp-content\/uploads\/2024\/02\/logo_long.png\" \/>\n\t<meta property=\"og:image:width\" content=\"1200\" \/>\n\t<meta property=\"og:image:height\" content=\"675\" \/>\n\t<meta property=\"og:image:type\" content=\"image\/png\" \/>\n<meta name=\"twitter:card\" content=\"summary_large_image\" \/>\n<script type=\"application\/ld+json\" class=\"yoast-schema-graph\">{\"@context\":\"https:\/\/schema.org\",\"@graph\":[{\"@type\":\"WebPage\",\"@id\":\"https:\/\/www.kress.com\/fi-fi\/tarjoukset-ja-kampanjat\/\",\"url\":\"https:\/\/www.kress.com\/fi-fi\/tarjoukset-ja-kampanjat\/\",\"name\":\"Tarjoukset ja kampanjat | Kress\",\"isPartOf\":{\"@id\":\"https:\/\/www.kress.com\/de-de\/#website\"},\"datePublished\":\"2024-10-15T11:46:32+00:00\",\"dateModified\":\"2026-03-30T16:10:27+00:00\",\"breadcrumb\":{\"@id\":\"https:\/\/www.kress.com\/fi-fi\/tarjoukset-ja-kampanjat\/#breadcrumb\"},\"inLanguage\":\"fi-FI\",\"potentialAction\":[{\"@type\":\"ReadAction\",\"target\":[\"https:\/\/www.kress.com\/fi-fi\/tarjoukset-ja-kampanjat\/\"]}]},{\"@type\":\"BreadcrumbList\",\"@id\":\"https:\/\/www.kress.com\/fi-fi\/tarjoukset-ja-kampanjat\/#breadcrumb\",\"itemListElement\":[{\"@type\":\"ListItem\",\"position\":1,\"name\":\"Home\",\"item\":\"https:\/\/www.kress.com\/fi-fi\/\"},{\"@type\":\"ListItem\",\"position\":2,\"name\":\"Tarjoukset ja kampanjat\"}]},{\"@type\":\"WebSite\",\"@id\":\"https:\/\/www.kress.com\/de-de\/#website\",\"url\":\"https:\/\/www.kress.com\/de-de\/\",\"name\":\"Kress\",\"description\":\"\",\"publisher\":{\"@id\":\"https:\/\/www.kress.com\/de-de\/#organization\"},\"potentialAction\":[{\"@type\":\"SearchAction\",\"target\":{\"@type\":\"EntryPoint\",\"urlTemplate\":\"https:\/\/www.kress.com\/de-de\/?s={search_term_string}\"},\"query-input\":{\"@type\":\"PropertyValueSpecification\",\"valueRequired\":true,\"valueName\":\"search_term_string\"}}],\"inLanguage\":\"fi-FI\"},{\"@type\":\"Organization\",\"@id\":\"https:\/\/www.kress.com\/de-de\/#organization\",\"name\":\"Kress\",\"url\":\"https:\/\/www.kress.com\/de-de\/\",\"logo\":{\"@type\":\"ImageObject\",\"inLanguage\":\"fi-FI\",\"@id\":\"https:\/\/www.kress.com\/de-de\/#\/schema\/logo\/image\/\",\"url\":\"https:\/\/www.kress.com\/wp-content\/uploads\/2024\/02\/logo.png\",\"contentUrl\":\"https:\/\/www.kress.com\/wp-content\/uploads\/2024\/02\/logo.png\",\"width\":696,\"height\":696,\"caption\":\"Kress\"},\"image\":{\"@id\":\"https:\/\/www.kress.com\/de-de\/#\/schema\/logo\/image\/\"}}]}<\/script>\n<!-- \/ Yoast SEO Premium plugin. -->","yoast_head_json":{"title":"Tarjoukset ja kampanjat | Kress","robots":{"index":"index","follow":"follow","max-snippet":"max-snippet:-1","max-image-preview":"max-image-preview:large","max-video-preview":"max-video-preview:-1"},"og_locale":"fi_FI","og_type":"article","og_title":"Tarjoukset ja kampanjat","og_url":"https:\/\/www.kress.com\/fi-fi\/tarjoukset-ja-kampanjat\/","og_site_name":"Kress","article_modified_time":"2026-03-30T16:10:27+00:00","og_image":[{"width":1200,"height":675,"url":"https:\/\/www.kress.com\/wp-content\/uploads\/2024\/02\/logo_long.png","type":"image\/png"}],"twitter_card":"summary_large_image","schema":{"@context":"https:\/\/schema.org","@graph":[{"@type":"WebPage","@id":"https:\/\/www.kress.com\/fi-fi\/tarjoukset-ja-kampanjat\/","url":"https:\/\/www.kress.com\/fi-fi\/tarjoukset-ja-kampanjat\/","name":"Tarjoukset ja kampanjat | Kress","isPartOf":{"@id":"https:\/\/www.kress.com\/de-de\/#website"},"datePublished":"2024-10-15T11:46:32+00:00","dateModified":"2026-03-30T16:10:27+00:00","breadcrumb":{"@id":"https:\/\/www.kress.com\/fi-fi\/tarjoukset-ja-kampanjat\/#breadcrumb"},"inLanguage":"fi-FI","potentialAction":[{"@type":"ReadAction","target":["https:\/\/www.kress.com\/fi-fi\/tarjoukset-ja-kampanjat\/"]}]},{"@type":"BreadcrumbList","@id":"https:\/\/www.kress.com\/fi-fi\/tarjoukset-ja-kampanjat\/#breadcrumb","itemListElement":[{"@type":"ListItem","position":1,"name":"Home","item":"https:\/\/www.kress.com\/fi-fi\/"},{"@type":"ListItem","position":2,"name":"Tarjoukset ja kampanjat"}]},{"@type":"WebSite","@id":"https:\/\/www.kress.com\/de-de\/#website","url":"https:\/\/www.kress.com\/de-de\/","name":"Kress","description":"","publisher":{"@id":"https:\/\/www.kress.com\/de-de\/#organization"},"potentialAction":[{"@type":"SearchAction","target":{"@type":"EntryPoint","urlTemplate":"https:\/\/www.kress.com\/de-de\/?s={search_term_string}"},"query-input":{"@type":"PropertyValueSpecification","valueRequired":true,"valueName":"search_term_string"}}],"inLanguage":"fi-FI"},{"@type":"Organization","@id":"https:\/\/www.kress.com\/de-de\/#organization","name":"Kress","url":"https:\/\/www.kress.com\/de-de\/","logo":{"@type":"ImageObject","inLanguage":"fi-FI","@id":"https:\/\/www.kress.com\/de-de\/#\/schema\/logo\/image\/","url":"https:\/\/www.kress.com\/wp-content\/uploads\/2024\/02\/logo.png","contentUrl":"https:\/\/www.kress.com\/wp-content\/uploads\/2024\/02\/logo.png","width":696,"height":696,"caption":"Kress"},"image":{"@id":"https:\/\/www.kress.com\/de-de\/#\/schema\/logo\/image\/"}}]}},"_links":{"self":[{"href":"https:\/\/www.kress.com\/fi-fi\/wp-json\/wp\/v2\/pages\/392590","targetHints":{"allow":["GET"]}}],"collection":[{"href":"https:\/\/www.kress.com\/fi-fi\/wp-json\/wp\/v2\/pages"}],"about":[{"href":"https:\/\/www.kress.com\/fi-fi\/wp-json\/wp\/v2\/types\/page"}],"author":[{"embeddable":true,"href":"https:\/\/www.kress.com\/fi-fi\/wp-json\/wp\/v2\/users\/18"}],"replies":[{"embeddable":true,"href":"https:\/\/www.kress.com\/fi-fi\/wp-json\/wp\/v2\/comments?post=392590"}],"version-history":[{"count":2,"href":"https:\/\/www.kress.com\/fi-fi\/wp-json\/wp\/v2\/pages\/392590\/revisions"}],"predecessor-version":[{"id":546605,"href":"https:\/\/www.kress.com\/fi-fi\/wp-json\/wp\/v2\/pages\/392590\/revisions\/546605"}],"wp:attachment":[{"href":"https:\/\/www.kress.com\/fi-fi\/wp-json\/wp\/v2\/media?parent=392590"}],"curies":[{"name":"wp","href":"https:\/\/api.w.org\/{rel}","templated":true}]}}