{"id":42579,"date":"2024-03-26T08:17:13","date_gmt":"2024-03-26T08:17:13","guid":{"rendered":""},"modified":"2025-10-17T10:00:22","modified_gmt":"2025-10-17T10:00:22","slug":"cortasetos-comercial-de-60-v-kc201-9","status":"publish","type":"product","link":"https:\/\/www.kress.com\/es-us\/cortasetos-comercial-de-60-v-kc201-9\/","title":{"rendered":"Cortasetos comercial de 60 V"},"content":{"rendered":"<p>Dise\u00f1ado para empresas de paisajismo y municipios que buscan integrar pr\u00e1cticas sostenibles en sus operaciones, el cortasetos Kress Commercial tiene un dise\u00f1o ligero pero robusto para un detallado arte del jard\u00edn. Con su bastidor de 3,8 kg y la avanzada tecnolog\u00eda VibraShield\u2122, garantiza una experiencia ininterrumpida. Como parte del CyberSystem de Kress Commercial, ofrece un rendimiento de alta gama con la ventaja de unos costes operativos m\u00e1s bajos en comparaci\u00f3n con los sistemas de gas y otros sistemas de bater\u00eda.<\/p>\n","protected":false},"excerpt":{"rendered":"<p>Dise\u00f1ado para empresas de paisajismo y municipios que buscan integrar pr\u00e1cticas sostenibles en sus operaciones, el cortasetos Kress Commercial tiene un dise\u00f1o ligero pero robusto para un detallado arte del jard\u00edn. Con su bastidor de 3,8 kg y la avanzada tecnolog\u00eda VibraShield\u2122, garantiza una experiencia ininterrumpida. Como parte del CyberSystem de Kress Commercial, ofrece un [&hellip;]<\/p>\n","protected":false},"featured_media":410584,"template":"","meta":{"_acf_changed":false},"product_brand":[],"product_cat":[],"product_tag":[],"class_list":{"0":"post-42579","1":"product","2":"type-product","3":"status-publish","4":"has-post-thumbnail","7":"first","8":"instock","9":"shipping-taxable","10":"purchasable","11":"product-type-simple"},"acf":[],"yoast_head":"<!-- This site is optimized with the Yoast SEO Premium plugin v26.5 (Yoast SEO v27.0) - https:\/\/yoast.com\/product\/yoast-seo-premium-wordpress\/ -->\n<title>Cortasetos comercial de 60 V | Kress<\/title>\n<meta name=\"robots\" content=\"index, follow, max-snippet:-1, max-image-preview:large, max-video-preview:-1\" \/>\n<meta property=\"og:locale\" content=\"es_ES\" \/>\n<meta property=\"og:type\" content=\"article\" \/>\n<meta property=\"og:title\" content=\"Cortasetos comercial de 60 V\" \/>\n<meta property=\"og:description\" content=\"Dise\u00f1ado para empresas de paisajismo y municipios que buscan integrar pr\u00e1cticas sostenibles en sus operaciones, el cortasetos Kress Commercial tiene un dise\u00f1o ligero pero robusto para un detallado arte del jard\u00edn. Con su bastidor de 3,8 kg y la avanzada tecnolog\u00eda VibraShield\u2122, garantiza una experiencia ininterrumpida. Como parte del CyberSystem de Kress Commercial, ofrece un [&hellip;]\" \/>\n<meta property=\"og:url\" content=\"https:\/\/www.kress.com\/es-us\/cortasetos-comercial-de-60-v-kc201-9\/\" \/>\n<meta property=\"og:site_name\" content=\"Kress\" \/>\n<meta property=\"article:modified_time\" content=\"2025-10-17T10:00:22+00:00\" \/>\n<meta property=\"og:image\" content=\"https:\/\/www.kress.com\/wp-content\/uploads\/2024\/02\/logo_long.png\" \/>\n\t<meta property=\"og:image:width\" content=\"1200\" \/>\n\t<meta property=\"og:image:height\" content=\"675\" \/>\n\t<meta property=\"og:image:type\" content=\"image\/png\" \/>\n<meta name=\"twitter:card\" content=\"summary_large_image\" \/>\n<script type=\"application\/ld+json\" class=\"yoast-schema-graph\">{\"@context\":\"https:\/\/schema.org\",\"@graph\":[{\"@type\":\"WebPage\",\"@id\":\"https:\/\/www.kress.com\/es-us\/cortasetos-comercial-de-60-v-kc201-9\/\",\"url\":\"https:\/\/www.kress.com\/es-us\/cortasetos-comercial-de-60-v-kc201-9\/\",\"name\":\"Cortasetos comercial de 60 V | Kress\",\"isPartOf\":{\"@id\":\"https:\/\/www.kress.com\/de-de\/#website\"},\"primaryImageOfPage\":{\"@id\":\"https:\/\/www.kress.com\/es-us\/cortasetos-comercial-de-60-v-kc201-9\/#primaryimage\"},\"image\":{\"@id\":\"https:\/\/www.kress.com\/es-us\/cortasetos-comercial-de-60-v-kc201-9\/#primaryimage\"},\"thumbnailUrl\":\"https:\/\/www.kress.com\/wp-content\/uploads\/onpage\/op_image_ef1fea5d66226968b00752979b4356e13768515d.1980x.webp\",\"datePublished\":\"2024-03-26T08:17:13+00:00\",\"dateModified\":\"2025-10-17T10:00:22+00:00\",\"breadcrumb\":{\"@id\":\"https:\/\/www.kress.com\/es-us\/cortasetos-comercial-de-60-v-kc201-9\/#breadcrumb\"},\"inLanguage\":\"es-US\",\"potentialAction\":[{\"@type\":\"ReadAction\",\"target\":[\"https:\/\/www.kress.com\/es-us\/cortasetos-comercial-de-60-v-kc201-9\/\"]}]},{\"@type\":\"ImageObject\",\"inLanguage\":\"es-US\",\"@id\":\"https:\/\/www.kress.com\/es-us\/cortasetos-comercial-de-60-v-kc201-9\/#primaryimage\",\"url\":\"https:\/\/www.kress.com\/wp-content\/uploads\/onpage\/op_image_ef1fea5d66226968b00752979b4356e13768515d.1980x.webp\",\"contentUrl\":\"https:\/\/www.kress.com\/wp-content\/uploads\/onpage\/op_image_ef1fea5d66226968b00752979b4356e13768515d.1980x.webp\",\"width\":1980,\"height\":1980},{\"@type\":\"BreadcrumbList\",\"@id\":\"https:\/\/www.kress.com\/es-us\/cortasetos-comercial-de-60-v-kc201-9\/#breadcrumb\",\"itemListElement\":[{\"@type\":\"ListItem\",\"position\":1,\"name\":\"Home\",\"item\":\"https:\/\/www.kress.com\/es-us\/\"},{\"@type\":\"ListItem\",\"position\":2,\"name\":\"Produits\",\"item\":\"https:\/\/www.kress.com\/fr-fr\/shop\/\"},{\"@type\":\"ListItem\",\"position\":3,\"name\":\"Cortasetos comercial de 60 V\"}]},{\"@type\":\"WebSite\",\"@id\":\"https:\/\/www.kress.com\/de-de\/#website\",\"url\":\"https:\/\/www.kress.com\/de-de\/\",\"name\":\"Kress\",\"description\":\"\",\"publisher\":{\"@id\":\"https:\/\/www.kress.com\/de-de\/#organization\"},\"potentialAction\":[{\"@type\":\"SearchAction\",\"target\":{\"@type\":\"EntryPoint\",\"urlTemplate\":\"https:\/\/www.kress.com\/de-de\/?s={search_term_string}\"},\"query-input\":{\"@type\":\"PropertyValueSpecification\",\"valueRequired\":true,\"valueName\":\"search_term_string\"}}],\"inLanguage\":\"es-US\"},{\"@type\":\"Organization\",\"@id\":\"https:\/\/www.kress.com\/de-de\/#organization\",\"name\":\"Kress\",\"url\":\"https:\/\/www.kress.com\/de-de\/\",\"logo\":{\"@type\":\"ImageObject\",\"inLanguage\":\"es-US\",\"@id\":\"https:\/\/www.kress.com\/de-de\/#\/schema\/logo\/image\/\",\"url\":\"https:\/\/www.kress.com\/wp-content\/uploads\/2024\/02\/logo.png\",\"contentUrl\":\"https:\/\/www.kress.com\/wp-content\/uploads\/2024\/02\/logo.png\",\"width\":696,\"height\":696,\"caption\":\"Kress\"},\"image\":{\"@id\":\"https:\/\/www.kress.com\/de-de\/#\/schema\/logo\/image\/\"}}]}<\/script>\n<!-- \/ Yoast SEO Premium plugin. -->","yoast_head_json":{"title":"Cortasetos comercial de 60 V | Kress","robots":{"index":"index","follow":"follow","max-snippet":"max-snippet:-1","max-image-preview":"max-image-preview:large","max-video-preview":"max-video-preview:-1"},"og_locale":"es_ES","og_type":"article","og_title":"Cortasetos comercial de 60 V","og_description":"Dise\u00f1ado para empresas de paisajismo y municipios que buscan integrar pr\u00e1cticas sostenibles en sus operaciones, el cortasetos Kress Commercial tiene un dise\u00f1o ligero pero robusto para un detallado arte del jard\u00edn. Con su bastidor de 3,8 kg y la avanzada tecnolog\u00eda VibraShield\u2122, garantiza una experiencia ininterrumpida. Como parte del CyberSystem de Kress Commercial, ofrece un [&hellip;]","og_url":"https:\/\/www.kress.com\/es-us\/cortasetos-comercial-de-60-v-kc201-9\/","og_site_name":"Kress","article_modified_time":"2025-10-17T10:00:22+00:00","og_image":[{"width":1200,"height":675,"url":"https:\/\/www.kress.com\/wp-content\/uploads\/2024\/02\/logo_long.png","type":"image\/png"}],"twitter_card":"summary_large_image","schema":{"@context":"https:\/\/schema.org","@graph":[{"@type":"WebPage","@id":"https:\/\/www.kress.com\/es-us\/cortasetos-comercial-de-60-v-kc201-9\/","url":"https:\/\/www.kress.com\/es-us\/cortasetos-comercial-de-60-v-kc201-9\/","name":"Cortasetos comercial de 60 V | Kress","isPartOf":{"@id":"https:\/\/www.kress.com\/de-de\/#website"},"primaryImageOfPage":{"@id":"https:\/\/www.kress.com\/es-us\/cortasetos-comercial-de-60-v-kc201-9\/#primaryimage"},"image":{"@id":"https:\/\/www.kress.com\/es-us\/cortasetos-comercial-de-60-v-kc201-9\/#primaryimage"},"thumbnailUrl":"https:\/\/www.kress.com\/wp-content\/uploads\/onpage\/op_image_ef1fea5d66226968b00752979b4356e13768515d.1980x.webp","datePublished":"2024-03-26T08:17:13+00:00","dateModified":"2025-10-17T10:00:22+00:00","breadcrumb":{"@id":"https:\/\/www.kress.com\/es-us\/cortasetos-comercial-de-60-v-kc201-9\/#breadcrumb"},"inLanguage":"es-US","potentialAction":[{"@type":"ReadAction","target":["https:\/\/www.kress.com\/es-us\/cortasetos-comercial-de-60-v-kc201-9\/"]}]},{"@type":"ImageObject","inLanguage":"es-US","@id":"https:\/\/www.kress.com\/es-us\/cortasetos-comercial-de-60-v-kc201-9\/#primaryimage","url":"https:\/\/www.kress.com\/wp-content\/uploads\/onpage\/op_image_ef1fea5d66226968b00752979b4356e13768515d.1980x.webp","contentUrl":"https:\/\/www.kress.com\/wp-content\/uploads\/onpage\/op_image_ef1fea5d66226968b00752979b4356e13768515d.1980x.webp","width":1980,"height":1980},{"@type":"BreadcrumbList","@id":"https:\/\/www.kress.com\/es-us\/cortasetos-comercial-de-60-v-kc201-9\/#breadcrumb","itemListElement":[{"@type":"ListItem","position":1,"name":"Home","item":"https:\/\/www.kress.com\/es-us\/"},{"@type":"ListItem","position":2,"name":"Produits","item":"https:\/\/www.kress.com\/fr-fr\/shop\/"},{"@type":"ListItem","position":3,"name":"Cortasetos comercial de 60 V"}]},{"@type":"WebSite","@id":"https:\/\/www.kress.com\/de-de\/#website","url":"https:\/\/www.kress.com\/de-de\/","name":"Kress","description":"","publisher":{"@id":"https:\/\/www.kress.com\/de-de\/#organization"},"potentialAction":[{"@type":"SearchAction","target":{"@type":"EntryPoint","urlTemplate":"https:\/\/www.kress.com\/de-de\/?s={search_term_string}"},"query-input":{"@type":"PropertyValueSpecification","valueRequired":true,"valueName":"search_term_string"}}],"inLanguage":"es-US"},{"@type":"Organization","@id":"https:\/\/www.kress.com\/de-de\/#organization","name":"Kress","url":"https:\/\/www.kress.com\/de-de\/","logo":{"@type":"ImageObject","inLanguage":"es-US","@id":"https:\/\/www.kress.com\/de-de\/#\/schema\/logo\/image\/","url":"https:\/\/www.kress.com\/wp-content\/uploads\/2024\/02\/logo.png","contentUrl":"https:\/\/www.kress.com\/wp-content\/uploads\/2024\/02\/logo.png","width":696,"height":696,"caption":"Kress"},"image":{"@id":"https:\/\/www.kress.com\/de-de\/#\/schema\/logo\/image\/"}}]}},"_links":{"self":[{"href":"https:\/\/www.kress.com\/es-us\/wp-json\/wp\/v2\/product\/42579","targetHints":{"allow":["GET"]}}],"collection":[{"href":"https:\/\/www.kress.com\/es-us\/wp-json\/wp\/v2\/product"}],"about":[{"href":"https:\/\/www.kress.com\/es-us\/wp-json\/wp\/v2\/types\/product"}],"wp:featuredmedia":[{"embeddable":true,"href":"https:\/\/www.kress.com\/es-us\/wp-json\/wp\/v2\/media\/410584"}],"wp:attachment":[{"href":"https:\/\/www.kress.com\/es-us\/wp-json\/wp\/v2\/media?parent=42579"}],"wp:term":[{"taxonomy":"product_brand","embeddable":true,"href":"https:\/\/www.kress.com\/es-us\/wp-json\/wp\/v2\/product_brand?post=42579"},{"taxonomy":"product_cat","embeddable":true,"href":"https:\/\/www.kress.com\/es-us\/wp-json\/wp\/v2\/product_cat?post=42579"},{"taxonomy":"product_tag","embeddable":true,"href":"https:\/\/www.kress.com\/es-us\/wp-json\/wp\/v2\/product_tag?post=42579"}],"curies":[{"name":"wp","href":"https:\/\/api.w.org\/{rel}","templated":true}]}}