{"id":42467,"date":"2024-03-26T08:17:13","date_gmt":"2024-03-26T08:17:13","guid":{"rendered":""},"modified":"2025-10-17T10:00:22","modified_gmt":"2025-10-17T10:00:22","slug":"cortabordes-60-v-linea-comercial-kc110-9","status":"publish","type":"product","link":"https:\/\/www.kress.com\/es-us\/cortabordes-60-v-linea-comercial-kc110-9\/","title":{"rendered":"Cortabordes, 60 V, l\u00ednea comercial"},"content":{"rendered":"<p>Dise\u00f1ada para empresas de jardiner\u00eda y municipios que buscan integrar pr\u00e1cticas sostenibles en sus operaciones, la recortadora de hilo Kress KC110 destaca por su motor delantero estrat\u00e9gicamente situado, que mejora el equilibrio y la maniobrabilidad para trabajos de jardiner\u00eda de precisi\u00f3n. Con una robusta potencia de 0,9 kW que rivaliza con un motor de gasolina de 31 cc, la recortadora de hilo Kress, con s\u00f3lo 3 kg de peso, garantiza un f\u00e1cil manejo y reduce la fatiga. Como parte del CyberSystem Comercial de Kress, ofrece un rendimiento de alta gama con la ventaja de unos costes de funcionamiento m\u00e1s bajos en comparaci\u00f3n con los sistemas de gas y otros sistemas de bater\u00eda.<\/p>\n","protected":false},"excerpt":{"rendered":"<p>Dise\u00f1ada para empresas de jardiner\u00eda y municipios que buscan integrar pr\u00e1cticas sostenibles en sus operaciones, la recortadora de hilo Kress KC110 destaca por su motor delantero estrat\u00e9gicamente situado, que mejora el equilibrio y la maniobrabilidad para trabajos de jardiner\u00eda de precisi\u00f3n. Con una robusta potencia de 0,9 kW que rivaliza con un motor de gasolina [&hellip;]<\/p>\n","protected":false},"featured_media":410511,"template":"","meta":{"_acf_changed":false},"product_brand":[],"product_cat":[],"product_tag":[],"class_list":{"0":"post-42467","1":"product","2":"type-product","3":"status-publish","4":"has-post-thumbnail","7":"first","8":"instock","9":"shipping-taxable","10":"product-type-simple"},"acf":[],"yoast_head":"<!-- This site is optimized with the Yoast SEO Premium plugin v26.5 (Yoast SEO v27.0) - https:\/\/yoast.com\/product\/yoast-seo-premium-wordpress\/ -->\n<title>Cortabordes, 60 V, l\u00ednea comercial | Kress<\/title>\n<meta name=\"robots\" content=\"index, follow, max-snippet:-1, max-image-preview:large, max-video-preview:-1\" \/>\n<meta property=\"og:locale\" content=\"es_ES\" \/>\n<meta property=\"og:type\" content=\"article\" \/>\n<meta property=\"og:title\" content=\"Cortabordes, 60 V, l\u00ednea comercial\" \/>\n<meta property=\"og:description\" content=\"Dise\u00f1ada para empresas de jardiner\u00eda y municipios que buscan integrar pr\u00e1cticas sostenibles en sus operaciones, la recortadora de hilo Kress KC110 destaca por su motor delantero estrat\u00e9gicamente situado, que mejora el equilibrio y la maniobrabilidad para trabajos de jardiner\u00eda de precisi\u00f3n. Con una robusta potencia de 0,9 kW que rivaliza con un motor de gasolina [&hellip;]\" \/>\n<meta property=\"og:url\" content=\"https:\/\/www.kress.com\/es-us\/cortabordes-60-v-linea-comercial-kc110-9\/\" \/>\n<meta property=\"og:site_name\" content=\"Kress\" \/>\n<meta property=\"article:modified_time\" content=\"2025-10-17T10:00:22+00:00\" \/>\n<meta property=\"og:image\" content=\"https:\/\/www.kress.com\/wp-content\/uploads\/2024\/02\/logo_long.png\" \/>\n\t<meta property=\"og:image:width\" content=\"1200\" \/>\n\t<meta property=\"og:image:height\" content=\"675\" \/>\n\t<meta property=\"og:image:type\" content=\"image\/png\" \/>\n<meta name=\"twitter:card\" content=\"summary_large_image\" \/>\n<meta name=\"twitter:label1\" content=\"Est. reading time\" \/>\n\t<meta name=\"twitter:data1\" content=\"1 minute\" \/>\n<script type=\"application\/ld+json\" class=\"yoast-schema-graph\">{\"@context\":\"https:\/\/schema.org\",\"@graph\":[{\"@type\":\"WebPage\",\"@id\":\"https:\/\/www.kress.com\/es-us\/cortabordes-60-v-linea-comercial-kc110-9\/\",\"url\":\"https:\/\/www.kress.com\/es-us\/cortabordes-60-v-linea-comercial-kc110-9\/\",\"name\":\"Cortabordes, 60 V, l\u00ednea comercial | Kress\",\"isPartOf\":{\"@id\":\"https:\/\/www.kress.com\/de-de\/#website\"},\"primaryImageOfPage\":{\"@id\":\"https:\/\/www.kress.com\/es-us\/cortabordes-60-v-linea-comercial-kc110-9\/#primaryimage\"},\"image\":{\"@id\":\"https:\/\/www.kress.com\/es-us\/cortabordes-60-v-linea-comercial-kc110-9\/#primaryimage\"},\"thumbnailUrl\":\"https:\/\/www.kress.com\/wp-content\/uploads\/onpage\/op_image_c87435c3828216f8ad999f73a61aca02a9f968c6.1980x.webp\",\"datePublished\":\"2024-03-26T08:17:13+00:00\",\"dateModified\":\"2025-10-17T10:00:22+00:00\",\"breadcrumb\":{\"@id\":\"https:\/\/www.kress.com\/es-us\/cortabordes-60-v-linea-comercial-kc110-9\/#breadcrumb\"},\"inLanguage\":\"es-US\",\"potentialAction\":[{\"@type\":\"ReadAction\",\"target\":[\"https:\/\/www.kress.com\/es-us\/cortabordes-60-v-linea-comercial-kc110-9\/\"]}]},{\"@type\":\"ImageObject\",\"inLanguage\":\"es-US\",\"@id\":\"https:\/\/www.kress.com\/es-us\/cortabordes-60-v-linea-comercial-kc110-9\/#primaryimage\",\"url\":\"https:\/\/www.kress.com\/wp-content\/uploads\/onpage\/op_image_c87435c3828216f8ad999f73a61aca02a9f968c6.1980x.webp\",\"contentUrl\":\"https:\/\/www.kress.com\/wp-content\/uploads\/onpage\/op_image_c87435c3828216f8ad999f73a61aca02a9f968c6.1980x.webp\",\"width\":1980,\"height\":1980},{\"@type\":\"BreadcrumbList\",\"@id\":\"https:\/\/www.kress.com\/es-us\/cortabordes-60-v-linea-comercial-kc110-9\/#breadcrumb\",\"itemListElement\":[{\"@type\":\"ListItem\",\"position\":1,\"name\":\"Home\",\"item\":\"https:\/\/www.kress.com\/es-us\/\"},{\"@type\":\"ListItem\",\"position\":2,\"name\":\"Produits\",\"item\":\"https:\/\/www.kress.com\/fr-fr\/shop\/\"},{\"@type\":\"ListItem\",\"position\":3,\"name\":\"Cortabordes, 60 V, l\u00ednea comercial\"}]},{\"@type\":\"WebSite\",\"@id\":\"https:\/\/www.kress.com\/de-de\/#website\",\"url\":\"https:\/\/www.kress.com\/de-de\/\",\"name\":\"Kress\",\"description\":\"\",\"publisher\":{\"@id\":\"https:\/\/www.kress.com\/de-de\/#organization\"},\"potentialAction\":[{\"@type\":\"SearchAction\",\"target\":{\"@type\":\"EntryPoint\",\"urlTemplate\":\"https:\/\/www.kress.com\/de-de\/?s={search_term_string}\"},\"query-input\":{\"@type\":\"PropertyValueSpecification\",\"valueRequired\":true,\"valueName\":\"search_term_string\"}}],\"inLanguage\":\"es-US\"},{\"@type\":\"Organization\",\"@id\":\"https:\/\/www.kress.com\/de-de\/#organization\",\"name\":\"Kress\",\"url\":\"https:\/\/www.kress.com\/de-de\/\",\"logo\":{\"@type\":\"ImageObject\",\"inLanguage\":\"es-US\",\"@id\":\"https:\/\/www.kress.com\/de-de\/#\/schema\/logo\/image\/\",\"url\":\"https:\/\/www.kress.com\/wp-content\/uploads\/2024\/02\/logo.png\",\"contentUrl\":\"https:\/\/www.kress.com\/wp-content\/uploads\/2024\/02\/logo.png\",\"width\":696,\"height\":696,\"caption\":\"Kress\"},\"image\":{\"@id\":\"https:\/\/www.kress.com\/de-de\/#\/schema\/logo\/image\/\"}}]}<\/script>\n<!-- \/ Yoast SEO Premium plugin. -->","yoast_head_json":{"title":"Cortabordes, 60 V, l\u00ednea comercial | Kress","robots":{"index":"index","follow":"follow","max-snippet":"max-snippet:-1","max-image-preview":"max-image-preview:large","max-video-preview":"max-video-preview:-1"},"og_locale":"es_ES","og_type":"article","og_title":"Cortabordes, 60 V, l\u00ednea comercial","og_description":"Dise\u00f1ada para empresas de jardiner\u00eda y municipios que buscan integrar pr\u00e1cticas sostenibles en sus operaciones, la recortadora de hilo Kress KC110 destaca por su motor delantero estrat\u00e9gicamente situado, que mejora el equilibrio y la maniobrabilidad para trabajos de jardiner\u00eda de precisi\u00f3n. Con una robusta potencia de 0,9 kW que rivaliza con un motor de gasolina [&hellip;]","og_url":"https:\/\/www.kress.com\/es-us\/cortabordes-60-v-linea-comercial-kc110-9\/","og_site_name":"Kress","article_modified_time":"2025-10-17T10:00:22+00:00","og_image":[{"width":1200,"height":675,"url":"https:\/\/www.kress.com\/wp-content\/uploads\/2024\/02\/logo_long.png","type":"image\/png"}],"twitter_card":"summary_large_image","twitter_misc":{"Est. reading time":"1 minute"},"schema":{"@context":"https:\/\/schema.org","@graph":[{"@type":"WebPage","@id":"https:\/\/www.kress.com\/es-us\/cortabordes-60-v-linea-comercial-kc110-9\/","url":"https:\/\/www.kress.com\/es-us\/cortabordes-60-v-linea-comercial-kc110-9\/","name":"Cortabordes, 60 V, l\u00ednea comercial | Kress","isPartOf":{"@id":"https:\/\/www.kress.com\/de-de\/#website"},"primaryImageOfPage":{"@id":"https:\/\/www.kress.com\/es-us\/cortabordes-60-v-linea-comercial-kc110-9\/#primaryimage"},"image":{"@id":"https:\/\/www.kress.com\/es-us\/cortabordes-60-v-linea-comercial-kc110-9\/#primaryimage"},"thumbnailUrl":"https:\/\/www.kress.com\/wp-content\/uploads\/onpage\/op_image_c87435c3828216f8ad999f73a61aca02a9f968c6.1980x.webp","datePublished":"2024-03-26T08:17:13+00:00","dateModified":"2025-10-17T10:00:22+00:00","breadcrumb":{"@id":"https:\/\/www.kress.com\/es-us\/cortabordes-60-v-linea-comercial-kc110-9\/#breadcrumb"},"inLanguage":"es-US","potentialAction":[{"@type":"ReadAction","target":["https:\/\/www.kress.com\/es-us\/cortabordes-60-v-linea-comercial-kc110-9\/"]}]},{"@type":"ImageObject","inLanguage":"es-US","@id":"https:\/\/www.kress.com\/es-us\/cortabordes-60-v-linea-comercial-kc110-9\/#primaryimage","url":"https:\/\/www.kress.com\/wp-content\/uploads\/onpage\/op_image_c87435c3828216f8ad999f73a61aca02a9f968c6.1980x.webp","contentUrl":"https:\/\/www.kress.com\/wp-content\/uploads\/onpage\/op_image_c87435c3828216f8ad999f73a61aca02a9f968c6.1980x.webp","width":1980,"height":1980},{"@type":"BreadcrumbList","@id":"https:\/\/www.kress.com\/es-us\/cortabordes-60-v-linea-comercial-kc110-9\/#breadcrumb","itemListElement":[{"@type":"ListItem","position":1,"name":"Home","item":"https:\/\/www.kress.com\/es-us\/"},{"@type":"ListItem","position":2,"name":"Produits","item":"https:\/\/www.kress.com\/fr-fr\/shop\/"},{"@type":"ListItem","position":3,"name":"Cortabordes, 60 V, l\u00ednea comercial"}]},{"@type":"WebSite","@id":"https:\/\/www.kress.com\/de-de\/#website","url":"https:\/\/www.kress.com\/de-de\/","name":"Kress","description":"","publisher":{"@id":"https:\/\/www.kress.com\/de-de\/#organization"},"potentialAction":[{"@type":"SearchAction","target":{"@type":"EntryPoint","urlTemplate":"https:\/\/www.kress.com\/de-de\/?s={search_term_string}"},"query-input":{"@type":"PropertyValueSpecification","valueRequired":true,"valueName":"search_term_string"}}],"inLanguage":"es-US"},{"@type":"Organization","@id":"https:\/\/www.kress.com\/de-de\/#organization","name":"Kress","url":"https:\/\/www.kress.com\/de-de\/","logo":{"@type":"ImageObject","inLanguage":"es-US","@id":"https:\/\/www.kress.com\/de-de\/#\/schema\/logo\/image\/","url":"https:\/\/www.kress.com\/wp-content\/uploads\/2024\/02\/logo.png","contentUrl":"https:\/\/www.kress.com\/wp-content\/uploads\/2024\/02\/logo.png","width":696,"height":696,"caption":"Kress"},"image":{"@id":"https:\/\/www.kress.com\/de-de\/#\/schema\/logo\/image\/"}}]}},"_links":{"self":[{"href":"https:\/\/www.kress.com\/es-us\/wp-json\/wp\/v2\/product\/42467","targetHints":{"allow":["GET"]}}],"collection":[{"href":"https:\/\/www.kress.com\/es-us\/wp-json\/wp\/v2\/product"}],"about":[{"href":"https:\/\/www.kress.com\/es-us\/wp-json\/wp\/v2\/types\/product"}],"wp:featuredmedia":[{"embeddable":true,"href":"https:\/\/www.kress.com\/es-us\/wp-json\/wp\/v2\/media\/410511"}],"wp:attachment":[{"href":"https:\/\/www.kress.com\/es-us\/wp-json\/wp\/v2\/media?parent=42467"}],"wp:term":[{"taxonomy":"product_brand","embeddable":true,"href":"https:\/\/www.kress.com\/es-us\/wp-json\/wp\/v2\/product_brand?post=42467"},{"taxonomy":"product_cat","embeddable":true,"href":"https:\/\/www.kress.com\/es-us\/wp-json\/wp\/v2\/product_cat?post=42467"},{"taxonomy":"product_tag","embeddable":true,"href":"https:\/\/www.kress.com\/es-us\/wp-json\/wp\/v2\/product_tag?post=42467"}],"curies":[{"name":"wp","href":"https:\/\/api.w.org\/{rel}","templated":true}]}}