{"id":42299,"date":"2024-03-26T08:17:12","date_gmt":"2024-03-26T08:17:12","guid":{"rendered":""},"modified":"2025-10-17T10:00:22","modified_gmt":"2025-10-17T10:00:22","slug":"soplador-de-nieve-profesional-de-60-v-kg471","status":"publish","type":"product","link":"https:\/\/www.kress.com\/es-us\/soplador-de-nieve-profesional-de-60-v-kg471\/","title":{"rendered":"Soplador de nieve profesional de 60 V"},"content":{"rendered":"<p>El soplador de nieve de 2 etapas Kress KG471 est\u00e1 construido para un alto rendimiento en condiciones invernales dif\u00edciles, capaz de limpiar hasta 8 pulgadas de nieve a trav\u00e9s de un camino de entrada de 21 coches con una sola carga. Su sistema de tracci\u00f3n autopropulsado se mueve suavemente hacia delante y hacia atr\u00e1s, impulsado por motores duales sin escobillas que manejan tanto el arado como la propulsi\u00f3n con facilidad. Sus caracter\u00edsticas de f\u00e1cil uso, como el manejo con una sola mano a trav\u00e9s de un panel de control intuitivo y un control del conducto de descarga 2 en 1, le permiten dirigir la nieve con precisi\u00f3n y eficacia.<\/p>\n","protected":false},"excerpt":{"rendered":"<p>El soplador de nieve de 2 etapas Kress KG471 est\u00e1 construido para un alto rendimiento en condiciones invernales dif\u00edciles, capaz de limpiar hasta 8 pulgadas de nieve a trav\u00e9s de un camino de entrada de 21 coches con una sola carga. Su sistema de tracci\u00f3n autopropulsado se mueve suavemente hacia delante y hacia atr\u00e1s, impulsado [&hellip;]<\/p>\n","protected":false},"featured_media":413920,"template":"","meta":{"_acf_changed":false},"product_brand":[],"product_cat":[],"product_tag":[],"class_list":{"0":"post-42299","1":"product","2":"type-product","3":"status-publish","4":"has-post-thumbnail","7":"first","8":"instock","9":"shipping-taxable","10":"purchasable","11":"product-type-simple"},"acf":[],"yoast_head":"<!-- This site is optimized with the Yoast SEO Premium plugin v26.5 (Yoast SEO v27.0) - https:\/\/yoast.com\/product\/yoast-seo-premium-wordpress\/ -->\n<title>Soplador de nieve profesional de 60 V | Kress<\/title>\n<meta name=\"robots\" content=\"index, follow, max-snippet:-1, max-image-preview:large, max-video-preview:-1\" \/>\n<meta property=\"og:locale\" content=\"es_ES\" \/>\n<meta property=\"og:type\" content=\"article\" \/>\n<meta property=\"og:title\" content=\"Soplador de nieve profesional de 60 V\" \/>\n<meta property=\"og:description\" content=\"El soplador de nieve de 2 etapas Kress KG471 est\u00e1 construido para un alto rendimiento en condiciones invernales dif\u00edciles, capaz de limpiar hasta 8 pulgadas de nieve a trav\u00e9s de un camino de entrada de 21 coches con una sola carga. Su sistema de tracci\u00f3n autopropulsado se mueve suavemente hacia delante y hacia atr\u00e1s, impulsado [&hellip;]\" \/>\n<meta property=\"og:url\" content=\"https:\/\/www.kress.com\/es-us\/soplador-de-nieve-profesional-de-60-v-kg471\/\" \/>\n<meta property=\"og:site_name\" content=\"Kress\" \/>\n<meta property=\"article:modified_time\" content=\"2025-10-17T10:00:22+00:00\" \/>\n<meta property=\"og:image\" content=\"https:\/\/www.kress.com\/wp-content\/uploads\/onpage\/op_image_fc3f9c3b03709256a1b47bcd18bd3728bc74823e.1980x.webp\" \/>\n\t<meta property=\"og:image:width\" content=\"1980\" \/>\n\t<meta property=\"og:image:height\" content=\"1980\" \/>\n\t<meta property=\"og:image:type\" content=\"image\/webp\" \/>\n<meta name=\"twitter:card\" content=\"summary_large_image\" \/>\n<meta name=\"twitter:label1\" content=\"Est. reading time\" \/>\n\t<meta name=\"twitter:data1\" content=\"1 minute\" \/>\n<script type=\"application\/ld+json\" class=\"yoast-schema-graph\">{\"@context\":\"https:\/\/schema.org\",\"@graph\":[{\"@type\":\"WebPage\",\"@id\":\"https:\/\/www.kress.com\/es-us\/soplador-de-nieve-profesional-de-60-v-kg471\/\",\"url\":\"https:\/\/www.kress.com\/es-us\/soplador-de-nieve-profesional-de-60-v-kg471\/\",\"name\":\"Soplador de nieve profesional de 60 V | Kress\",\"isPartOf\":{\"@id\":\"https:\/\/www.kress.com\/de-de\/#website\"},\"primaryImageOfPage\":{\"@id\":\"https:\/\/www.kress.com\/es-us\/soplador-de-nieve-profesional-de-60-v-kg471\/#primaryimage\"},\"image\":{\"@id\":\"https:\/\/www.kress.com\/es-us\/soplador-de-nieve-profesional-de-60-v-kg471\/#primaryimage\"},\"thumbnailUrl\":\"https:\/\/www.kress.com\/wp-content\/uploads\/onpage\/op_image_fc3f9c3b03709256a1b47bcd18bd3728bc74823e.1980x.webp\",\"datePublished\":\"2024-03-26T08:17:12+00:00\",\"dateModified\":\"2025-10-17T10:00:22+00:00\",\"breadcrumb\":{\"@id\":\"https:\/\/www.kress.com\/es-us\/soplador-de-nieve-profesional-de-60-v-kg471\/#breadcrumb\"},\"inLanguage\":\"es-US\",\"potentialAction\":[{\"@type\":\"ReadAction\",\"target\":[\"https:\/\/www.kress.com\/es-us\/soplador-de-nieve-profesional-de-60-v-kg471\/\"]}]},{\"@type\":\"ImageObject\",\"inLanguage\":\"es-US\",\"@id\":\"https:\/\/www.kress.com\/es-us\/soplador-de-nieve-profesional-de-60-v-kg471\/#primaryimage\",\"url\":\"https:\/\/www.kress.com\/wp-content\/uploads\/onpage\/op_image_fc3f9c3b03709256a1b47bcd18bd3728bc74823e.1980x.webp\",\"contentUrl\":\"https:\/\/www.kress.com\/wp-content\/uploads\/onpage\/op_image_fc3f9c3b03709256a1b47bcd18bd3728bc74823e.1980x.webp\",\"width\":1980,\"height\":1980},{\"@type\":\"BreadcrumbList\",\"@id\":\"https:\/\/www.kress.com\/es-us\/soplador-de-nieve-profesional-de-60-v-kg471\/#breadcrumb\",\"itemListElement\":[{\"@type\":\"ListItem\",\"position\":1,\"name\":\"Home\",\"item\":\"https:\/\/www.kress.com\/es-us\/\"},{\"@type\":\"ListItem\",\"position\":2,\"name\":\"Produits\",\"item\":\"https:\/\/www.kress.com\/fr-fr\/shop\/\"},{\"@type\":\"ListItem\",\"position\":3,\"name\":\"Soplador de nieve profesional de 60 V\"}]},{\"@type\":\"WebSite\",\"@id\":\"https:\/\/www.kress.com\/de-de\/#website\",\"url\":\"https:\/\/www.kress.com\/de-de\/\",\"name\":\"Kress\",\"description\":\"\",\"publisher\":{\"@id\":\"https:\/\/www.kress.com\/de-de\/#organization\"},\"potentialAction\":[{\"@type\":\"SearchAction\",\"target\":{\"@type\":\"EntryPoint\",\"urlTemplate\":\"https:\/\/www.kress.com\/de-de\/?s={search_term_string}\"},\"query-input\":{\"@type\":\"PropertyValueSpecification\",\"valueRequired\":true,\"valueName\":\"search_term_string\"}}],\"inLanguage\":\"es-US\"},{\"@type\":\"Organization\",\"@id\":\"https:\/\/www.kress.com\/de-de\/#organization\",\"name\":\"Kress\",\"url\":\"https:\/\/www.kress.com\/de-de\/\",\"logo\":{\"@type\":\"ImageObject\",\"inLanguage\":\"es-US\",\"@id\":\"https:\/\/www.kress.com\/de-de\/#\/schema\/logo\/image\/\",\"url\":\"https:\/\/www.kress.com\/wp-content\/uploads\/2024\/02\/logo.png\",\"contentUrl\":\"https:\/\/www.kress.com\/wp-content\/uploads\/2024\/02\/logo.png\",\"width\":696,\"height\":696,\"caption\":\"Kress\"},\"image\":{\"@id\":\"https:\/\/www.kress.com\/de-de\/#\/schema\/logo\/image\/\"}}]}<\/script>\n<!-- \/ Yoast SEO Premium plugin. -->","yoast_head_json":{"title":"Soplador de nieve profesional de 60 V | Kress","robots":{"index":"index","follow":"follow","max-snippet":"max-snippet:-1","max-image-preview":"max-image-preview:large","max-video-preview":"max-video-preview:-1"},"og_locale":"es_ES","og_type":"article","og_title":"Soplador de nieve profesional de 60 V","og_description":"El soplador de nieve de 2 etapas Kress KG471 est\u00e1 construido para un alto rendimiento en condiciones invernales dif\u00edciles, capaz de limpiar hasta 8 pulgadas de nieve a trav\u00e9s de un camino de entrada de 21 coches con una sola carga. Su sistema de tracci\u00f3n autopropulsado se mueve suavemente hacia delante y hacia atr\u00e1s, impulsado [&hellip;]","og_url":"https:\/\/www.kress.com\/es-us\/soplador-de-nieve-profesional-de-60-v-kg471\/","og_site_name":"Kress","article_modified_time":"2025-10-17T10:00:22+00:00","og_image":[{"width":1980,"height":1980,"url":"https:\/\/www.kress.com\/wp-content\/uploads\/onpage\/op_image_fc3f9c3b03709256a1b47bcd18bd3728bc74823e.1980x.webp","type":"image\/webp"}],"twitter_card":"summary_large_image","twitter_misc":{"Est. reading time":"1 minute"},"schema":{"@context":"https:\/\/schema.org","@graph":[{"@type":"WebPage","@id":"https:\/\/www.kress.com\/es-us\/soplador-de-nieve-profesional-de-60-v-kg471\/","url":"https:\/\/www.kress.com\/es-us\/soplador-de-nieve-profesional-de-60-v-kg471\/","name":"Soplador de nieve profesional de 60 V | Kress","isPartOf":{"@id":"https:\/\/www.kress.com\/de-de\/#website"},"primaryImageOfPage":{"@id":"https:\/\/www.kress.com\/es-us\/soplador-de-nieve-profesional-de-60-v-kg471\/#primaryimage"},"image":{"@id":"https:\/\/www.kress.com\/es-us\/soplador-de-nieve-profesional-de-60-v-kg471\/#primaryimage"},"thumbnailUrl":"https:\/\/www.kress.com\/wp-content\/uploads\/onpage\/op_image_fc3f9c3b03709256a1b47bcd18bd3728bc74823e.1980x.webp","datePublished":"2024-03-26T08:17:12+00:00","dateModified":"2025-10-17T10:00:22+00:00","breadcrumb":{"@id":"https:\/\/www.kress.com\/es-us\/soplador-de-nieve-profesional-de-60-v-kg471\/#breadcrumb"},"inLanguage":"es-US","potentialAction":[{"@type":"ReadAction","target":["https:\/\/www.kress.com\/es-us\/soplador-de-nieve-profesional-de-60-v-kg471\/"]}]},{"@type":"ImageObject","inLanguage":"es-US","@id":"https:\/\/www.kress.com\/es-us\/soplador-de-nieve-profesional-de-60-v-kg471\/#primaryimage","url":"https:\/\/www.kress.com\/wp-content\/uploads\/onpage\/op_image_fc3f9c3b03709256a1b47bcd18bd3728bc74823e.1980x.webp","contentUrl":"https:\/\/www.kress.com\/wp-content\/uploads\/onpage\/op_image_fc3f9c3b03709256a1b47bcd18bd3728bc74823e.1980x.webp","width":1980,"height":1980},{"@type":"BreadcrumbList","@id":"https:\/\/www.kress.com\/es-us\/soplador-de-nieve-profesional-de-60-v-kg471\/#breadcrumb","itemListElement":[{"@type":"ListItem","position":1,"name":"Home","item":"https:\/\/www.kress.com\/es-us\/"},{"@type":"ListItem","position":2,"name":"Produits","item":"https:\/\/www.kress.com\/fr-fr\/shop\/"},{"@type":"ListItem","position":3,"name":"Soplador de nieve profesional de 60 V"}]},{"@type":"WebSite","@id":"https:\/\/www.kress.com\/de-de\/#website","url":"https:\/\/www.kress.com\/de-de\/","name":"Kress","description":"","publisher":{"@id":"https:\/\/www.kress.com\/de-de\/#organization"},"potentialAction":[{"@type":"SearchAction","target":{"@type":"EntryPoint","urlTemplate":"https:\/\/www.kress.com\/de-de\/?s={search_term_string}"},"query-input":{"@type":"PropertyValueSpecification","valueRequired":true,"valueName":"search_term_string"}}],"inLanguage":"es-US"},{"@type":"Organization","@id":"https:\/\/www.kress.com\/de-de\/#organization","name":"Kress","url":"https:\/\/www.kress.com\/de-de\/","logo":{"@type":"ImageObject","inLanguage":"es-US","@id":"https:\/\/www.kress.com\/de-de\/#\/schema\/logo\/image\/","url":"https:\/\/www.kress.com\/wp-content\/uploads\/2024\/02\/logo.png","contentUrl":"https:\/\/www.kress.com\/wp-content\/uploads\/2024\/02\/logo.png","width":696,"height":696,"caption":"Kress"},"image":{"@id":"https:\/\/www.kress.com\/de-de\/#\/schema\/logo\/image\/"}}]}},"_links":{"self":[{"href":"https:\/\/www.kress.com\/es-us\/wp-json\/wp\/v2\/product\/42299","targetHints":{"allow":["GET"]}}],"collection":[{"href":"https:\/\/www.kress.com\/es-us\/wp-json\/wp\/v2\/product"}],"about":[{"href":"https:\/\/www.kress.com\/es-us\/wp-json\/wp\/v2\/types\/product"}],"wp:featuredmedia":[{"embeddable":true,"href":"https:\/\/www.kress.com\/es-us\/wp-json\/wp\/v2\/media\/413920"}],"wp:attachment":[{"href":"https:\/\/www.kress.com\/es-us\/wp-json\/wp\/v2\/media?parent=42299"}],"wp:term":[{"taxonomy":"product_brand","embeddable":true,"href":"https:\/\/www.kress.com\/es-us\/wp-json\/wp\/v2\/product_brand?post=42299"},{"taxonomy":"product_cat","embeddable":true,"href":"https:\/\/www.kress.com\/es-us\/wp-json\/wp\/v2\/product_cat?post=42299"},{"taxonomy":"product_tag","embeddable":true,"href":"https:\/\/www.kress.com\/es-us\/wp-json\/wp\/v2\/product_tag?post=42299"}],"curies":[{"name":"wp","href":"https:\/\/api.w.org\/{rel}","templated":true}]}}