{"id":404478,"date":"2025-02-12T05:30:40","date_gmt":"2025-02-12T04:30:40","guid":{"rendered":""},"modified":"2025-10-17T10:00:22","modified_gmt":"2025-10-17T10:00:22","slug":"cortasetos-comercial-de-60-v-kc231-9","status":"publish","type":"product","link":"https:\/\/www.kress.com\/es-us\/cortasetos-comercial-de-60-v-kc231-9\/","title":{"rendered":"Cortasetos comercial de 60 V"},"content":{"rendered":"<p>Dise\u00f1ado para empresas de jardiner\u00eda y municipios que buscan integrar pr\u00e1cticas sostenibles en sus operaciones, el cortasetos de p\u00e9rtiga de eje corto de 22&#8243; de Kress Commercial ofrece un rendimiento excepcional en un formato compacto. Su dise\u00f1o delgado garantiza un manejo sin esfuerzo, incluso en espacios reducidos o estrechos. Con su longitud extendida, permite a los usuarios llegar m\u00e1s lejos manteniendo las manos alejadas de la acci\u00f3n &#8211; ideal para recortar setos largos y profundos con seguridad y facilidad. Con un motor sin escobillas de alta eficiencia y cuchillas afiladas con precisi\u00f3n, proporciona cortes limpios y uniformes en cada pasada. Como parte del CyberSystem Comercial de Kress, ofrece un rendimiento de alta gama con la ventaja de unos costes de funcionamiento m\u00e1s bajos en comparaci\u00f3n con los sistemas de gas y otros sistemas de bater\u00eda.<\/p>\n","protected":false},"excerpt":{"rendered":"<p>Dise\u00f1ado para empresas de jardiner\u00eda y municipios que buscan integrar pr\u00e1cticas sostenibles en sus operaciones, el cortasetos de p\u00e9rtiga de eje corto de 22&#8243; de Kress Commercial ofrece un rendimiento excepcional en un formato compacto. Su dise\u00f1o delgado garantiza un manejo sin esfuerzo, incluso en espacios reducidos o estrechos. Con su longitud extendida, permite a [&hellip;]<\/p>\n","protected":false},"featured_media":0,"template":"","meta":{"_acf_changed":false},"product_brand":[],"product_cat":[],"product_tag":[],"class_list":{"0":"post-404478","1":"product","2":"type-product","3":"status-publish","6":"first","7":"instock","8":"shipping-taxable","9":"purchasable","10":"product-type-simple"},"acf":[],"yoast_head":"<!-- This site is optimized with the Yoast SEO Premium plugin v26.5 (Yoast SEO v27.0) - https:\/\/yoast.com\/product\/yoast-seo-premium-wordpress\/ -->\n<title>Cortasetos comercial de 60 V | Kress<\/title>\n<meta name=\"robots\" content=\"index, follow, max-snippet:-1, max-image-preview:large, max-video-preview:-1\" \/>\n<meta property=\"og:locale\" content=\"es_ES\" \/>\n<meta property=\"og:type\" content=\"article\" \/>\n<meta property=\"og:title\" content=\"Cortasetos comercial de 60 V\" \/>\n<meta property=\"og:description\" content=\"Dise\u00f1ado para empresas de jardiner\u00eda y municipios que buscan integrar pr\u00e1cticas sostenibles en sus operaciones, el cortasetos de p\u00e9rtiga de eje corto de 22&#8243; de Kress Commercial ofrece un rendimiento excepcional en un formato compacto. Su dise\u00f1o delgado garantiza un manejo sin esfuerzo, incluso en espacios reducidos o estrechos. Con su longitud extendida, permite a [&hellip;]\" \/>\n<meta property=\"og:url\" content=\"https:\/\/www.kress.com\/es-us\/cortasetos-comercial-de-60-v-kc231-9\/\" \/>\n<meta property=\"og:site_name\" content=\"Kress\" \/>\n<meta property=\"article:modified_time\" content=\"2025-10-17T10:00:22+00:00\" \/>\n<meta property=\"og:image\" content=\"https:\/\/www.kress.com\/wp-content\/uploads\/2024\/02\/logo_long.png\" \/>\n\t<meta property=\"og:image:width\" content=\"1200\" \/>\n\t<meta property=\"og:image:height\" content=\"675\" \/>\n\t<meta property=\"og:image:type\" content=\"image\/png\" \/>\n<meta name=\"twitter:card\" content=\"summary_large_image\" \/>\n<meta name=\"twitter:label1\" content=\"Est. reading time\" \/>\n\t<meta name=\"twitter:data1\" content=\"1 minute\" \/>\n<script type=\"application\/ld+json\" class=\"yoast-schema-graph\">{\"@context\":\"https:\/\/schema.org\",\"@graph\":[{\"@type\":\"WebPage\",\"@id\":\"https:\/\/www.kress.com\/es-us\/cortasetos-comercial-de-60-v-kc231-9\/\",\"url\":\"https:\/\/www.kress.com\/es-us\/cortasetos-comercial-de-60-v-kc231-9\/\",\"name\":\"Cortasetos comercial de 60 V | Kress\",\"isPartOf\":{\"@id\":\"https:\/\/www.kress.com\/de-de\/#website\"},\"datePublished\":\"2025-02-12T04:30:40+00:00\",\"dateModified\":\"2025-10-17T10:00:22+00:00\",\"breadcrumb\":{\"@id\":\"https:\/\/www.kress.com\/es-us\/cortasetos-comercial-de-60-v-kc231-9\/#breadcrumb\"},\"inLanguage\":\"es-US\",\"potentialAction\":[{\"@type\":\"ReadAction\",\"target\":[\"https:\/\/www.kress.com\/es-us\/cortasetos-comercial-de-60-v-kc231-9\/\"]}]},{\"@type\":\"BreadcrumbList\",\"@id\":\"https:\/\/www.kress.com\/es-us\/cortasetos-comercial-de-60-v-kc231-9\/#breadcrumb\",\"itemListElement\":[{\"@type\":\"ListItem\",\"position\":1,\"name\":\"Home\",\"item\":\"https:\/\/www.kress.com\/es-us\/\"},{\"@type\":\"ListItem\",\"position\":2,\"name\":\"Produits\",\"item\":\"https:\/\/www.kress.com\/fr-fr\/shop\/\"},{\"@type\":\"ListItem\",\"position\":3,\"name\":\"Cortasetos comercial de 60 V\"}]},{\"@type\":\"WebSite\",\"@id\":\"https:\/\/www.kress.com\/de-de\/#website\",\"url\":\"https:\/\/www.kress.com\/de-de\/\",\"name\":\"Kress\",\"description\":\"\",\"publisher\":{\"@id\":\"https:\/\/www.kress.com\/de-de\/#organization\"},\"potentialAction\":[{\"@type\":\"SearchAction\",\"target\":{\"@type\":\"EntryPoint\",\"urlTemplate\":\"https:\/\/www.kress.com\/de-de\/?s={search_term_string}\"},\"query-input\":{\"@type\":\"PropertyValueSpecification\",\"valueRequired\":true,\"valueName\":\"search_term_string\"}}],\"inLanguage\":\"es-US\"},{\"@type\":\"Organization\",\"@id\":\"https:\/\/www.kress.com\/de-de\/#organization\",\"name\":\"Kress\",\"url\":\"https:\/\/www.kress.com\/de-de\/\",\"logo\":{\"@type\":\"ImageObject\",\"inLanguage\":\"es-US\",\"@id\":\"https:\/\/www.kress.com\/de-de\/#\/schema\/logo\/image\/\",\"url\":\"https:\/\/www.kress.com\/wp-content\/uploads\/2024\/02\/logo.png\",\"contentUrl\":\"https:\/\/www.kress.com\/wp-content\/uploads\/2024\/02\/logo.png\",\"width\":696,\"height\":696,\"caption\":\"Kress\"},\"image\":{\"@id\":\"https:\/\/www.kress.com\/de-de\/#\/schema\/logo\/image\/\"}}]}<\/script>\n<!-- \/ Yoast SEO Premium plugin. -->","yoast_head_json":{"title":"Cortasetos comercial de 60 V | Kress","robots":{"index":"index","follow":"follow","max-snippet":"max-snippet:-1","max-image-preview":"max-image-preview:large","max-video-preview":"max-video-preview:-1"},"og_locale":"es_ES","og_type":"article","og_title":"Cortasetos comercial de 60 V","og_description":"Dise\u00f1ado para empresas de jardiner\u00eda y municipios que buscan integrar pr\u00e1cticas sostenibles en sus operaciones, el cortasetos de p\u00e9rtiga de eje corto de 22&#8243; de Kress Commercial ofrece un rendimiento excepcional en un formato compacto. Su dise\u00f1o delgado garantiza un manejo sin esfuerzo, incluso en espacios reducidos o estrechos. Con su longitud extendida, permite a [&hellip;]","og_url":"https:\/\/www.kress.com\/es-us\/cortasetos-comercial-de-60-v-kc231-9\/","og_site_name":"Kress","article_modified_time":"2025-10-17T10:00:22+00:00","og_image":[{"width":1200,"height":675,"url":"https:\/\/www.kress.com\/wp-content\/uploads\/2024\/02\/logo_long.png","type":"image\/png"}],"twitter_card":"summary_large_image","twitter_misc":{"Est. reading time":"1 minute"},"schema":{"@context":"https:\/\/schema.org","@graph":[{"@type":"WebPage","@id":"https:\/\/www.kress.com\/es-us\/cortasetos-comercial-de-60-v-kc231-9\/","url":"https:\/\/www.kress.com\/es-us\/cortasetos-comercial-de-60-v-kc231-9\/","name":"Cortasetos comercial de 60 V | Kress","isPartOf":{"@id":"https:\/\/www.kress.com\/de-de\/#website"},"datePublished":"2025-02-12T04:30:40+00:00","dateModified":"2025-10-17T10:00:22+00:00","breadcrumb":{"@id":"https:\/\/www.kress.com\/es-us\/cortasetos-comercial-de-60-v-kc231-9\/#breadcrumb"},"inLanguage":"es-US","potentialAction":[{"@type":"ReadAction","target":["https:\/\/www.kress.com\/es-us\/cortasetos-comercial-de-60-v-kc231-9\/"]}]},{"@type":"BreadcrumbList","@id":"https:\/\/www.kress.com\/es-us\/cortasetos-comercial-de-60-v-kc231-9\/#breadcrumb","itemListElement":[{"@type":"ListItem","position":1,"name":"Home","item":"https:\/\/www.kress.com\/es-us\/"},{"@type":"ListItem","position":2,"name":"Produits","item":"https:\/\/www.kress.com\/fr-fr\/shop\/"},{"@type":"ListItem","position":3,"name":"Cortasetos comercial de 60 V"}]},{"@type":"WebSite","@id":"https:\/\/www.kress.com\/de-de\/#website","url":"https:\/\/www.kress.com\/de-de\/","name":"Kress","description":"","publisher":{"@id":"https:\/\/www.kress.com\/de-de\/#organization"},"potentialAction":[{"@type":"SearchAction","target":{"@type":"EntryPoint","urlTemplate":"https:\/\/www.kress.com\/de-de\/?s={search_term_string}"},"query-input":{"@type":"PropertyValueSpecification","valueRequired":true,"valueName":"search_term_string"}}],"inLanguage":"es-US"},{"@type":"Organization","@id":"https:\/\/www.kress.com\/de-de\/#organization","name":"Kress","url":"https:\/\/www.kress.com\/de-de\/","logo":{"@type":"ImageObject","inLanguage":"es-US","@id":"https:\/\/www.kress.com\/de-de\/#\/schema\/logo\/image\/","url":"https:\/\/www.kress.com\/wp-content\/uploads\/2024\/02\/logo.png","contentUrl":"https:\/\/www.kress.com\/wp-content\/uploads\/2024\/02\/logo.png","width":696,"height":696,"caption":"Kress"},"image":{"@id":"https:\/\/www.kress.com\/de-de\/#\/schema\/logo\/image\/"}}]}},"_links":{"self":[{"href":"https:\/\/www.kress.com\/es-us\/wp-json\/wp\/v2\/product\/404478","targetHints":{"allow":["GET"]}}],"collection":[{"href":"https:\/\/www.kress.com\/es-us\/wp-json\/wp\/v2\/product"}],"about":[{"href":"https:\/\/www.kress.com\/es-us\/wp-json\/wp\/v2\/types\/product"}],"wp:attachment":[{"href":"https:\/\/www.kress.com\/es-us\/wp-json\/wp\/v2\/media?parent=404478"}],"wp:term":[{"taxonomy":"product_brand","embeddable":true,"href":"https:\/\/www.kress.com\/es-us\/wp-json\/wp\/v2\/product_brand?post=404478"},{"taxonomy":"product_cat","embeddable":true,"href":"https:\/\/www.kress.com\/es-us\/wp-json\/wp\/v2\/product_cat?post=404478"},{"taxonomy":"product_tag","embeddable":true,"href":"https:\/\/www.kress.com\/es-us\/wp-json\/wp\/v2\/product_tag?post=404478"}],"curies":[{"name":"wp","href":"https:\/\/api.w.org\/{rel}","templated":true}]}}