{"id":400235,"date":"2025-01-07T13:30:45","date_gmt":"2025-01-07T13:30:45","guid":{"rendered":""},"modified":"2025-10-17T10:00:22","modified_gmt":"2025-10-17T10:00:22","slug":"cuchilla-de-larga-duracion-tornillo-nuevo-ka0018","status":"publish","type":"product","link":"https:\/\/www.kress.com\/es-us\/cuchilla-de-larga-duracion-tornillo-nuevo-ka0018\/","title":{"rendered":"Cuchilla de larga duraci\u00f3n (tornillo nuevo)"},"content":{"rendered":"<p>Ajuste 236, nuevo KR236.2, KR236E.2 y KR236E.2 despu\u00e9s de sustituir el nuevo cabezal de corte en el paquete de regalo KA0169. El nuevo proceso de fabricaci\u00f3n de la cuchilla mejora su resistencia al desgaste, <strong><em><u>especialmente para uso comercial<\/u><\/em><\/strong>.<\/p>\n","protected":false},"excerpt":{"rendered":"<p>Ajuste 236, nuevo KR236.2, KR236E.2 y KR236E.2 despu\u00e9s de sustituir el nuevo cabezal de corte en el paquete de regalo KA0169. El nuevo proceso de fabricaci\u00f3n de la cuchilla mejora su resistencia al desgaste, especialmente para uso comercial.<\/p>\n","protected":false},"featured_media":411688,"template":"","meta":{"_acf_changed":false},"product_brand":[],"product_cat":[],"product_tag":[],"class_list":{"0":"post-400235","1":"product","2":"type-product","3":"status-publish","4":"has-post-thumbnail","7":"first","8":"instock","9":"shipping-taxable","10":"purchasable","11":"product-type-simple"},"acf":[],"yoast_head":"<!-- This site is optimized with the Yoast SEO Premium plugin v26.5 (Yoast SEO v27.0) - https:\/\/yoast.com\/product\/yoast-seo-premium-wordpress\/ -->\n<title>Cuchilla de larga duraci\u00f3n (tornillo nuevo) | Kress<\/title>\n<meta name=\"robots\" content=\"index, follow, max-snippet:-1, max-image-preview:large, max-video-preview:-1\" \/>\n<meta property=\"og:locale\" content=\"es_ES\" \/>\n<meta property=\"og:type\" content=\"article\" \/>\n<meta property=\"og:title\" content=\"Cuchilla de larga duraci\u00f3n (tornillo nuevo)\" \/>\n<meta property=\"og:description\" content=\"Ajuste 236, nuevo KR236.2, KR236E.2 y KR236E.2 despu\u00e9s de sustituir el nuevo cabezal de corte en el paquete de regalo KA0169. El nuevo proceso de fabricaci\u00f3n de la cuchilla mejora su resistencia al desgaste, especialmente para uso comercial.\" \/>\n<meta property=\"og:url\" content=\"https:\/\/www.kress.com\/es-us\/cuchilla-de-larga-duracion-tornillo-nuevo-ka0018\/\" \/>\n<meta property=\"og:site_name\" content=\"Kress\" \/>\n<meta property=\"article:modified_time\" content=\"2025-10-17T10:00:22+00:00\" \/>\n<meta property=\"og:image\" content=\"https:\/\/www.kress.com\/wp-content\/uploads\/2024\/02\/logo_long.png\" \/>\n\t<meta property=\"og:image:width\" content=\"1200\" \/>\n\t<meta property=\"og:image:height\" content=\"675\" \/>\n\t<meta property=\"og:image:type\" content=\"image\/png\" \/>\n<meta name=\"twitter:card\" content=\"summary_large_image\" \/>\n<script type=\"application\/ld+json\" class=\"yoast-schema-graph\">{\"@context\":\"https:\/\/schema.org\",\"@graph\":[{\"@type\":\"WebPage\",\"@id\":\"https:\/\/www.kress.com\/es-us\/cuchilla-de-larga-duracion-tornillo-nuevo-ka0018\/\",\"url\":\"https:\/\/www.kress.com\/es-us\/cuchilla-de-larga-duracion-tornillo-nuevo-ka0018\/\",\"name\":\"Cuchilla de larga duraci\u00f3n (tornillo nuevo) | Kress\",\"isPartOf\":{\"@id\":\"https:\/\/www.kress.com\/de-de\/#website\"},\"primaryImageOfPage\":{\"@id\":\"https:\/\/www.kress.com\/es-us\/cuchilla-de-larga-duracion-tornillo-nuevo-ka0018\/#primaryimage\"},\"image\":{\"@id\":\"https:\/\/www.kress.com\/es-us\/cuchilla-de-larga-duracion-tornillo-nuevo-ka0018\/#primaryimage\"},\"thumbnailUrl\":\"https:\/\/www.kress.com\/wp-content\/uploads\/onpage\/op_image_b0d3a05aba21674c20d4ddd0e90891a3ee8af317.1980x.webp\",\"datePublished\":\"2025-01-07T13:30:45+00:00\",\"dateModified\":\"2025-10-17T10:00:22+00:00\",\"breadcrumb\":{\"@id\":\"https:\/\/www.kress.com\/es-us\/cuchilla-de-larga-duracion-tornillo-nuevo-ka0018\/#breadcrumb\"},\"inLanguage\":\"es-US\",\"potentialAction\":[{\"@type\":\"ReadAction\",\"target\":[\"https:\/\/www.kress.com\/es-us\/cuchilla-de-larga-duracion-tornillo-nuevo-ka0018\/\"]}]},{\"@type\":\"ImageObject\",\"inLanguage\":\"es-US\",\"@id\":\"https:\/\/www.kress.com\/es-us\/cuchilla-de-larga-duracion-tornillo-nuevo-ka0018\/#primaryimage\",\"url\":\"https:\/\/www.kress.com\/wp-content\/uploads\/onpage\/op_image_b0d3a05aba21674c20d4ddd0e90891a3ee8af317.1980x.webp\",\"contentUrl\":\"https:\/\/www.kress.com\/wp-content\/uploads\/onpage\/op_image_b0d3a05aba21674c20d4ddd0e90891a3ee8af317.1980x.webp\",\"width\":1980,\"height\":1980},{\"@type\":\"BreadcrumbList\",\"@id\":\"https:\/\/www.kress.com\/es-us\/cuchilla-de-larga-duracion-tornillo-nuevo-ka0018\/#breadcrumb\",\"itemListElement\":[{\"@type\":\"ListItem\",\"position\":1,\"name\":\"Home\",\"item\":\"https:\/\/www.kress.com\/es-us\/\"},{\"@type\":\"ListItem\",\"position\":2,\"name\":\"Produits\",\"item\":\"https:\/\/www.kress.com\/fr-fr\/shop\/\"},{\"@type\":\"ListItem\",\"position\":3,\"name\":\"Cuchilla de larga duraci\u00f3n (tornillo nuevo)\"}]},{\"@type\":\"WebSite\",\"@id\":\"https:\/\/www.kress.com\/de-de\/#website\",\"url\":\"https:\/\/www.kress.com\/de-de\/\",\"name\":\"Kress\",\"description\":\"\",\"publisher\":{\"@id\":\"https:\/\/www.kress.com\/de-de\/#organization\"},\"potentialAction\":[{\"@type\":\"SearchAction\",\"target\":{\"@type\":\"EntryPoint\",\"urlTemplate\":\"https:\/\/www.kress.com\/de-de\/?s={search_term_string}\"},\"query-input\":{\"@type\":\"PropertyValueSpecification\",\"valueRequired\":true,\"valueName\":\"search_term_string\"}}],\"inLanguage\":\"es-US\"},{\"@type\":\"Organization\",\"@id\":\"https:\/\/www.kress.com\/de-de\/#organization\",\"name\":\"Kress\",\"url\":\"https:\/\/www.kress.com\/de-de\/\",\"logo\":{\"@type\":\"ImageObject\",\"inLanguage\":\"es-US\",\"@id\":\"https:\/\/www.kress.com\/de-de\/#\/schema\/logo\/image\/\",\"url\":\"https:\/\/www.kress.com\/wp-content\/uploads\/2024\/02\/logo.png\",\"contentUrl\":\"https:\/\/www.kress.com\/wp-content\/uploads\/2024\/02\/logo.png\",\"width\":696,\"height\":696,\"caption\":\"Kress\"},\"image\":{\"@id\":\"https:\/\/www.kress.com\/de-de\/#\/schema\/logo\/image\/\"}}]}<\/script>\n<!-- \/ Yoast SEO Premium plugin. -->","yoast_head_json":{"title":"Cuchilla de larga duraci\u00f3n (tornillo nuevo) | Kress","robots":{"index":"index","follow":"follow","max-snippet":"max-snippet:-1","max-image-preview":"max-image-preview:large","max-video-preview":"max-video-preview:-1"},"og_locale":"es_ES","og_type":"article","og_title":"Cuchilla de larga duraci\u00f3n (tornillo nuevo)","og_description":"Ajuste 236, nuevo KR236.2, KR236E.2 y KR236E.2 despu\u00e9s de sustituir el nuevo cabezal de corte en el paquete de regalo KA0169. El nuevo proceso de fabricaci\u00f3n de la cuchilla mejora su resistencia al desgaste, especialmente para uso comercial.","og_url":"https:\/\/www.kress.com\/es-us\/cuchilla-de-larga-duracion-tornillo-nuevo-ka0018\/","og_site_name":"Kress","article_modified_time":"2025-10-17T10:00:22+00:00","og_image":[{"width":1200,"height":675,"url":"https:\/\/www.kress.com\/wp-content\/uploads\/2024\/02\/logo_long.png","type":"image\/png"}],"twitter_card":"summary_large_image","schema":{"@context":"https:\/\/schema.org","@graph":[{"@type":"WebPage","@id":"https:\/\/www.kress.com\/es-us\/cuchilla-de-larga-duracion-tornillo-nuevo-ka0018\/","url":"https:\/\/www.kress.com\/es-us\/cuchilla-de-larga-duracion-tornillo-nuevo-ka0018\/","name":"Cuchilla de larga duraci\u00f3n (tornillo nuevo) | Kress","isPartOf":{"@id":"https:\/\/www.kress.com\/de-de\/#website"},"primaryImageOfPage":{"@id":"https:\/\/www.kress.com\/es-us\/cuchilla-de-larga-duracion-tornillo-nuevo-ka0018\/#primaryimage"},"image":{"@id":"https:\/\/www.kress.com\/es-us\/cuchilla-de-larga-duracion-tornillo-nuevo-ka0018\/#primaryimage"},"thumbnailUrl":"https:\/\/www.kress.com\/wp-content\/uploads\/onpage\/op_image_b0d3a05aba21674c20d4ddd0e90891a3ee8af317.1980x.webp","datePublished":"2025-01-07T13:30:45+00:00","dateModified":"2025-10-17T10:00:22+00:00","breadcrumb":{"@id":"https:\/\/www.kress.com\/es-us\/cuchilla-de-larga-duracion-tornillo-nuevo-ka0018\/#breadcrumb"},"inLanguage":"es-US","potentialAction":[{"@type":"ReadAction","target":["https:\/\/www.kress.com\/es-us\/cuchilla-de-larga-duracion-tornillo-nuevo-ka0018\/"]}]},{"@type":"ImageObject","inLanguage":"es-US","@id":"https:\/\/www.kress.com\/es-us\/cuchilla-de-larga-duracion-tornillo-nuevo-ka0018\/#primaryimage","url":"https:\/\/www.kress.com\/wp-content\/uploads\/onpage\/op_image_b0d3a05aba21674c20d4ddd0e90891a3ee8af317.1980x.webp","contentUrl":"https:\/\/www.kress.com\/wp-content\/uploads\/onpage\/op_image_b0d3a05aba21674c20d4ddd0e90891a3ee8af317.1980x.webp","width":1980,"height":1980},{"@type":"BreadcrumbList","@id":"https:\/\/www.kress.com\/es-us\/cuchilla-de-larga-duracion-tornillo-nuevo-ka0018\/#breadcrumb","itemListElement":[{"@type":"ListItem","position":1,"name":"Home","item":"https:\/\/www.kress.com\/es-us\/"},{"@type":"ListItem","position":2,"name":"Produits","item":"https:\/\/www.kress.com\/fr-fr\/shop\/"},{"@type":"ListItem","position":3,"name":"Cuchilla de larga duraci\u00f3n (tornillo nuevo)"}]},{"@type":"WebSite","@id":"https:\/\/www.kress.com\/de-de\/#website","url":"https:\/\/www.kress.com\/de-de\/","name":"Kress","description":"","publisher":{"@id":"https:\/\/www.kress.com\/de-de\/#organization"},"potentialAction":[{"@type":"SearchAction","target":{"@type":"EntryPoint","urlTemplate":"https:\/\/www.kress.com\/de-de\/?s={search_term_string}"},"query-input":{"@type":"PropertyValueSpecification","valueRequired":true,"valueName":"search_term_string"}}],"inLanguage":"es-US"},{"@type":"Organization","@id":"https:\/\/www.kress.com\/de-de\/#organization","name":"Kress","url":"https:\/\/www.kress.com\/de-de\/","logo":{"@type":"ImageObject","inLanguage":"es-US","@id":"https:\/\/www.kress.com\/de-de\/#\/schema\/logo\/image\/","url":"https:\/\/www.kress.com\/wp-content\/uploads\/2024\/02\/logo.png","contentUrl":"https:\/\/www.kress.com\/wp-content\/uploads\/2024\/02\/logo.png","width":696,"height":696,"caption":"Kress"},"image":{"@id":"https:\/\/www.kress.com\/de-de\/#\/schema\/logo\/image\/"}}]}},"_links":{"self":[{"href":"https:\/\/www.kress.com\/es-us\/wp-json\/wp\/v2\/product\/400235","targetHints":{"allow":["GET"]}}],"collection":[{"href":"https:\/\/www.kress.com\/es-us\/wp-json\/wp\/v2\/product"}],"about":[{"href":"https:\/\/www.kress.com\/es-us\/wp-json\/wp\/v2\/types\/product"}],"wp:featuredmedia":[{"embeddable":true,"href":"https:\/\/www.kress.com\/es-us\/wp-json\/wp\/v2\/media\/411688"}],"wp:attachment":[{"href":"https:\/\/www.kress.com\/es-us\/wp-json\/wp\/v2\/media?parent=400235"}],"wp:term":[{"taxonomy":"product_brand","embeddable":true,"href":"https:\/\/www.kress.com\/es-us\/wp-json\/wp\/v2\/product_brand?post=400235"},{"taxonomy":"product_cat","embeddable":true,"href":"https:\/\/www.kress.com\/es-us\/wp-json\/wp\/v2\/product_cat?post=400235"},{"taxonomy":"product_tag","embeddable":true,"href":"https:\/\/www.kress.com\/es-us\/wp-json\/wp\/v2\/product_tag?post=400235"}],"curies":[{"name":"wp","href":"https:\/\/api.w.org\/{rel}","templated":true}]}}