{"id":35719,"date":"2024-03-26T08:16:39","date_gmt":"2024-03-26T08:16:39","guid":{"rendered":""},"modified":"2025-10-17T10:00:22","modified_gmt":"2025-10-17T10:00:22","slug":"robot-cortacesped-kress-rtk%e2%81%bf-de-6-acres-con-oas-sistema-de-prevencion-de-obstaculos-kr236","status":"publish","type":"product","link":"https:\/\/www.kress.com\/es-us\/robot-cortacesped-kress-rtk%e2%81%bf-de-6-acres-con-oas-sistema-de-prevencion-de-obstaculos-kr236\/","title":{"rendered":"Robot cortac\u00e9sped Kress RTK\u207f de 6 acres con OAS (sistema de prevenci\u00f3n de obst\u00e1culos)"},"content":{"rendered":"<p>El robot cortac\u00e9sped KR236, que redefine la precisi\u00f3n en el cuidado del c\u00e9sped con la tecnolog\u00eda RTK\u207f de Kress, presenta una precisi\u00f3n centim\u00e9trica guiada por sat\u00e9lite sin necesidad de antenas fijas espec\u00edficas para la propiedad. Dise\u00f1ado para paisajes amplios, realiza el mantenimiento de zonas de hasta 9 acres con un acabado perfecto. Equipada con cuchillas afiladas de doble capa y un sistema de prevenci\u00f3n de obst\u00e1culos, la KR236 funciona eficazmente en cualquier condici\u00f3n. Sus tecnolog\u00edas de colaboraci\u00f3n MAP\u2122 (Plan de Acci\u00f3n de Siega) y TeamWork\u2122 proporcionan una gesti\u00f3n perfecta de todas las complejidades del c\u00e9sped.<\/p>\n","protected":false},"excerpt":{"rendered":"<p>El robot cortac\u00e9sped KR236, que redefine la precisi\u00f3n en el cuidado del c\u00e9sped con la tecnolog\u00eda RTK\u207f de Kress, presenta una precisi\u00f3n centim\u00e9trica guiada por sat\u00e9lite sin necesidad de antenas fijas espec\u00edficas para la propiedad. Dise\u00f1ado para paisajes amplios, realiza el mantenimiento de zonas de hasta 9 acres con un acabado perfecto. Equipada con cuchillas [&hellip;]<\/p>\n","protected":false},"featured_media":413416,"template":"","meta":{"_acf_changed":false},"product_brand":[],"product_cat":[],"product_tag":[],"class_list":{"0":"post-35719","1":"product","2":"type-product","3":"status-publish","4":"has-post-thumbnail","7":"first","8":"instock","9":"shipping-taxable","10":"purchasable","11":"product-type-simple"},"acf":[],"yoast_head":"<!-- This site is optimized with the Yoast SEO Premium plugin v26.5 (Yoast SEO v27.0) - https:\/\/yoast.com\/product\/yoast-seo-premium-wordpress\/ -->\n<title>Robot cortac\u00e9sped Kress RTK\u207f de 6 acres con OAS (sistema de prevenci\u00f3n de obst\u00e1culos) | Kress<\/title>\n<meta name=\"robots\" content=\"index, follow, max-snippet:-1, max-image-preview:large, max-video-preview:-1\" \/>\n<meta property=\"og:locale\" content=\"es_ES\" \/>\n<meta property=\"og:type\" content=\"article\" \/>\n<meta property=\"og:title\" content=\"Robot cortac\u00e9sped Kress RTK\u207f de 6 acres con OAS (sistema de prevenci\u00f3n de obst\u00e1culos)\" \/>\n<meta property=\"og:description\" content=\"El robot cortac\u00e9sped KR236, que redefine la precisi\u00f3n en el cuidado del c\u00e9sped con la tecnolog\u00eda RTK\u207f de Kress, presenta una precisi\u00f3n centim\u00e9trica guiada por sat\u00e9lite sin necesidad de antenas fijas espec\u00edficas para la propiedad. Dise\u00f1ado para paisajes amplios, realiza el mantenimiento de zonas de hasta 9 acres con un acabado perfecto. Equipada con cuchillas [&hellip;]\" \/>\n<meta property=\"og:url\" content=\"https:\/\/www.kress.com\/es-us\/robot-cortacesped-kress-rtk\u207f-de-6-acres-con-oas-sistema-de-prevencion-de-obstaculos-kr236\/\" \/>\n<meta property=\"og:site_name\" content=\"Kress\" \/>\n<meta property=\"article:modified_time\" content=\"2025-10-17T10:00:22+00:00\" \/>\n<meta property=\"og:image\" content=\"https:\/\/www.kress.com\/wp-content\/uploads\/onpage\/op_image_f7bc10a120a7bd4ec56c93c74a2ba1dc4ac2f6a8.1980x.webp\" \/>\n\t<meta property=\"og:image:width\" content=\"1980\" \/>\n\t<meta property=\"og:image:height\" content=\"1980\" \/>\n\t<meta property=\"og:image:type\" content=\"image\/webp\" \/>\n<meta name=\"twitter:card\" content=\"summary_large_image\" \/>\n<meta name=\"twitter:label1\" content=\"Est. reading time\" \/>\n\t<meta name=\"twitter:data1\" content=\"1 minute\" \/>\n<script type=\"application\/ld+json\" class=\"yoast-schema-graph\">{\"@context\":\"https:\/\/schema.org\",\"@graph\":[{\"@type\":\"WebPage\",\"@id\":\"https:\/\/www.kress.com\/es-us\/robot-cortacesped-kress-rtk%e2%81%bf-de-6-acres-con-oas-sistema-de-prevencion-de-obstaculos-kr236\/\",\"url\":\"https:\/\/www.kress.com\/es-us\/robot-cortacesped-kress-rtk%e2%81%bf-de-6-acres-con-oas-sistema-de-prevencion-de-obstaculos-kr236\/\",\"name\":\"Robot cortac\u00e9sped Kress RTK\u207f de 6 acres con OAS (sistema de prevenci\u00f3n de obst\u00e1culos) | Kress\",\"isPartOf\":{\"@id\":\"https:\/\/www.kress.com\/de-de\/#website\"},\"primaryImageOfPage\":{\"@id\":\"https:\/\/www.kress.com\/es-us\/robot-cortacesped-kress-rtk%e2%81%bf-de-6-acres-con-oas-sistema-de-prevencion-de-obstaculos-kr236\/#primaryimage\"},\"image\":{\"@id\":\"https:\/\/www.kress.com\/es-us\/robot-cortacesped-kress-rtk%e2%81%bf-de-6-acres-con-oas-sistema-de-prevencion-de-obstaculos-kr236\/#primaryimage\"},\"thumbnailUrl\":\"https:\/\/www.kress.com\/wp-content\/uploads\/onpage\/op_image_f7bc10a120a7bd4ec56c93c74a2ba1dc4ac2f6a8.1980x.webp\",\"datePublished\":\"2024-03-26T08:16:39+00:00\",\"dateModified\":\"2025-10-17T10:00:22+00:00\",\"breadcrumb\":{\"@id\":\"https:\/\/www.kress.com\/es-us\/robot-cortacesped-kress-rtk%e2%81%bf-de-6-acres-con-oas-sistema-de-prevencion-de-obstaculos-kr236\/#breadcrumb\"},\"inLanguage\":\"es-US\",\"potentialAction\":[{\"@type\":\"ReadAction\",\"target\":[\"https:\/\/www.kress.com\/es-us\/robot-cortacesped-kress-rtk%e2%81%bf-de-6-acres-con-oas-sistema-de-prevencion-de-obstaculos-kr236\/\"]}]},{\"@type\":\"ImageObject\",\"inLanguage\":\"es-US\",\"@id\":\"https:\/\/www.kress.com\/es-us\/robot-cortacesped-kress-rtk%e2%81%bf-de-6-acres-con-oas-sistema-de-prevencion-de-obstaculos-kr236\/#primaryimage\",\"url\":\"https:\/\/www.kress.com\/wp-content\/uploads\/onpage\/op_image_f7bc10a120a7bd4ec56c93c74a2ba1dc4ac2f6a8.1980x.webp\",\"contentUrl\":\"https:\/\/www.kress.com\/wp-content\/uploads\/onpage\/op_image_f7bc10a120a7bd4ec56c93c74a2ba1dc4ac2f6a8.1980x.webp\",\"width\":1980,\"height\":1980},{\"@type\":\"BreadcrumbList\",\"@id\":\"https:\/\/www.kress.com\/es-us\/robot-cortacesped-kress-rtk%e2%81%bf-de-6-acres-con-oas-sistema-de-prevencion-de-obstaculos-kr236\/#breadcrumb\",\"itemListElement\":[{\"@type\":\"ListItem\",\"position\":1,\"name\":\"Home\",\"item\":\"https:\/\/www.kress.com\/es-us\/\"},{\"@type\":\"ListItem\",\"position\":2,\"name\":\"Produits\",\"item\":\"https:\/\/www.kress.com\/fr-fr\/shop\/\"},{\"@type\":\"ListItem\",\"position\":3,\"name\":\"Robot cortac\u00e9sped Kress RTK\u207f de 6 acres con OAS (sistema de prevenci\u00f3n de obst\u00e1culos)\"}]},{\"@type\":\"WebSite\",\"@id\":\"https:\/\/www.kress.com\/de-de\/#website\",\"url\":\"https:\/\/www.kress.com\/de-de\/\",\"name\":\"Kress\",\"description\":\"\",\"publisher\":{\"@id\":\"https:\/\/www.kress.com\/de-de\/#organization\"},\"potentialAction\":[{\"@type\":\"SearchAction\",\"target\":{\"@type\":\"EntryPoint\",\"urlTemplate\":\"https:\/\/www.kress.com\/de-de\/?s={search_term_string}\"},\"query-input\":{\"@type\":\"PropertyValueSpecification\",\"valueRequired\":true,\"valueName\":\"search_term_string\"}}],\"inLanguage\":\"es-US\"},{\"@type\":\"Organization\",\"@id\":\"https:\/\/www.kress.com\/de-de\/#organization\",\"name\":\"Kress\",\"url\":\"https:\/\/www.kress.com\/de-de\/\",\"logo\":{\"@type\":\"ImageObject\",\"inLanguage\":\"es-US\",\"@id\":\"https:\/\/www.kress.com\/de-de\/#\/schema\/logo\/image\/\",\"url\":\"https:\/\/www.kress.com\/wp-content\/uploads\/2024\/02\/logo.png\",\"contentUrl\":\"https:\/\/www.kress.com\/wp-content\/uploads\/2024\/02\/logo.png\",\"width\":696,\"height\":696,\"caption\":\"Kress\"},\"image\":{\"@id\":\"https:\/\/www.kress.com\/de-de\/#\/schema\/logo\/image\/\"}}]}<\/script>\n<!-- \/ Yoast SEO Premium plugin. -->","yoast_head_json":{"title":"Robot cortac\u00e9sped Kress RTK\u207f de 6 acres con OAS (sistema de prevenci\u00f3n de obst\u00e1culos) | Kress","robots":{"index":"index","follow":"follow","max-snippet":"max-snippet:-1","max-image-preview":"max-image-preview:large","max-video-preview":"max-video-preview:-1"},"og_locale":"es_ES","og_type":"article","og_title":"Robot cortac\u00e9sped Kress RTK\u207f de 6 acres con OAS (sistema de prevenci\u00f3n de obst\u00e1culos)","og_description":"El robot cortac\u00e9sped KR236, que redefine la precisi\u00f3n en el cuidado del c\u00e9sped con la tecnolog\u00eda RTK\u207f de Kress, presenta una precisi\u00f3n centim\u00e9trica guiada por sat\u00e9lite sin necesidad de antenas fijas espec\u00edficas para la propiedad. Dise\u00f1ado para paisajes amplios, realiza el mantenimiento de zonas de hasta 9 acres con un acabado perfecto. Equipada con cuchillas [&hellip;]","og_url":"https:\/\/www.kress.com\/es-us\/robot-cortacesped-kress-rtk\u207f-de-6-acres-con-oas-sistema-de-prevencion-de-obstaculos-kr236\/","og_site_name":"Kress","article_modified_time":"2025-10-17T10:00:22+00:00","og_image":[{"width":1980,"height":1980,"url":"https:\/\/www.kress.com\/wp-content\/uploads\/onpage\/op_image_f7bc10a120a7bd4ec56c93c74a2ba1dc4ac2f6a8.1980x.webp","type":"image\/webp"}],"twitter_card":"summary_large_image","twitter_misc":{"Est. reading time":"1 minute"},"schema":{"@context":"https:\/\/schema.org","@graph":[{"@type":"WebPage","@id":"https:\/\/www.kress.com\/es-us\/robot-cortacesped-kress-rtk%e2%81%bf-de-6-acres-con-oas-sistema-de-prevencion-de-obstaculos-kr236\/","url":"https:\/\/www.kress.com\/es-us\/robot-cortacesped-kress-rtk%e2%81%bf-de-6-acres-con-oas-sistema-de-prevencion-de-obstaculos-kr236\/","name":"Robot cortac\u00e9sped Kress RTK\u207f de 6 acres con OAS (sistema de prevenci\u00f3n de obst\u00e1culos) | Kress","isPartOf":{"@id":"https:\/\/www.kress.com\/de-de\/#website"},"primaryImageOfPage":{"@id":"https:\/\/www.kress.com\/es-us\/robot-cortacesped-kress-rtk%e2%81%bf-de-6-acres-con-oas-sistema-de-prevencion-de-obstaculos-kr236\/#primaryimage"},"image":{"@id":"https:\/\/www.kress.com\/es-us\/robot-cortacesped-kress-rtk%e2%81%bf-de-6-acres-con-oas-sistema-de-prevencion-de-obstaculos-kr236\/#primaryimage"},"thumbnailUrl":"https:\/\/www.kress.com\/wp-content\/uploads\/onpage\/op_image_f7bc10a120a7bd4ec56c93c74a2ba1dc4ac2f6a8.1980x.webp","datePublished":"2024-03-26T08:16:39+00:00","dateModified":"2025-10-17T10:00:22+00:00","breadcrumb":{"@id":"https:\/\/www.kress.com\/es-us\/robot-cortacesped-kress-rtk%e2%81%bf-de-6-acres-con-oas-sistema-de-prevencion-de-obstaculos-kr236\/#breadcrumb"},"inLanguage":"es-US","potentialAction":[{"@type":"ReadAction","target":["https:\/\/www.kress.com\/es-us\/robot-cortacesped-kress-rtk%e2%81%bf-de-6-acres-con-oas-sistema-de-prevencion-de-obstaculos-kr236\/"]}]},{"@type":"ImageObject","inLanguage":"es-US","@id":"https:\/\/www.kress.com\/es-us\/robot-cortacesped-kress-rtk%e2%81%bf-de-6-acres-con-oas-sistema-de-prevencion-de-obstaculos-kr236\/#primaryimage","url":"https:\/\/www.kress.com\/wp-content\/uploads\/onpage\/op_image_f7bc10a120a7bd4ec56c93c74a2ba1dc4ac2f6a8.1980x.webp","contentUrl":"https:\/\/www.kress.com\/wp-content\/uploads\/onpage\/op_image_f7bc10a120a7bd4ec56c93c74a2ba1dc4ac2f6a8.1980x.webp","width":1980,"height":1980},{"@type":"BreadcrumbList","@id":"https:\/\/www.kress.com\/es-us\/robot-cortacesped-kress-rtk%e2%81%bf-de-6-acres-con-oas-sistema-de-prevencion-de-obstaculos-kr236\/#breadcrumb","itemListElement":[{"@type":"ListItem","position":1,"name":"Home","item":"https:\/\/www.kress.com\/es-us\/"},{"@type":"ListItem","position":2,"name":"Produits","item":"https:\/\/www.kress.com\/fr-fr\/shop\/"},{"@type":"ListItem","position":3,"name":"Robot cortac\u00e9sped Kress RTK\u207f de 6 acres con OAS (sistema de prevenci\u00f3n de obst\u00e1culos)"}]},{"@type":"WebSite","@id":"https:\/\/www.kress.com\/de-de\/#website","url":"https:\/\/www.kress.com\/de-de\/","name":"Kress","description":"","publisher":{"@id":"https:\/\/www.kress.com\/de-de\/#organization"},"potentialAction":[{"@type":"SearchAction","target":{"@type":"EntryPoint","urlTemplate":"https:\/\/www.kress.com\/de-de\/?s={search_term_string}"},"query-input":{"@type":"PropertyValueSpecification","valueRequired":true,"valueName":"search_term_string"}}],"inLanguage":"es-US"},{"@type":"Organization","@id":"https:\/\/www.kress.com\/de-de\/#organization","name":"Kress","url":"https:\/\/www.kress.com\/de-de\/","logo":{"@type":"ImageObject","inLanguage":"es-US","@id":"https:\/\/www.kress.com\/de-de\/#\/schema\/logo\/image\/","url":"https:\/\/www.kress.com\/wp-content\/uploads\/2024\/02\/logo.png","contentUrl":"https:\/\/www.kress.com\/wp-content\/uploads\/2024\/02\/logo.png","width":696,"height":696,"caption":"Kress"},"image":{"@id":"https:\/\/www.kress.com\/de-de\/#\/schema\/logo\/image\/"}}]}},"_links":{"self":[{"href":"https:\/\/www.kress.com\/es-us\/wp-json\/wp\/v2\/product\/35719","targetHints":{"allow":["GET"]}}],"collection":[{"href":"https:\/\/www.kress.com\/es-us\/wp-json\/wp\/v2\/product"}],"about":[{"href":"https:\/\/www.kress.com\/es-us\/wp-json\/wp\/v2\/types\/product"}],"wp:featuredmedia":[{"embeddable":true,"href":"https:\/\/www.kress.com\/es-us\/wp-json\/wp\/v2\/media\/413416"}],"wp:attachment":[{"href":"https:\/\/www.kress.com\/es-us\/wp-json\/wp\/v2\/media?parent=35719"}],"wp:term":[{"taxonomy":"product_brand","embeddable":true,"href":"https:\/\/www.kress.com\/es-us\/wp-json\/wp\/v2\/product_brand?post=35719"},{"taxonomy":"product_cat","embeddable":true,"href":"https:\/\/www.kress.com\/es-us\/wp-json\/wp\/v2\/product_cat?post=35719"},{"taxonomy":"product_tag","embeddable":true,"href":"https:\/\/www.kress.com\/es-us\/wp-json\/wp\/v2\/product_tag?post=35719"}],"curies":[{"name":"wp","href":"https:\/\/api.w.org\/{rel}","templated":true}]}}