{"id":7488,"date":"2022-06-01T11:10:55","date_gmt":"2022-06-01T09:10:55","guid":{"rendered":"https:\/\/www.kress.com\/declaracion-de-garantia\/"},"modified":"2022-09-29T11:13:09","modified_gmt":"2022-09-29T09:13:09","slug":"declaracion-de-garantia","status":"publish","type":"page","link":"https:\/\/www.kress.com\/es-us\/declaracion-de-garantia\/","title":{"rendered":"DECLARACI\u00d3N DE GARANT\u00cdA"},"content":{"rendered":"<div class=\"simple-page\">\r\n<p>Si su herramienta KRESS Mission<sup>TM<\/sup> se aver\u00eda debido a materiales o mano de obra defectuosa durante un per\u00edodo de 3 a\u00f1os desde la fecha de compra, le garantizamos lo siguiente:<br \/>\u2022 Sustituci\u00f3n o reparaci\u00f3n de todas las piezas defectuosas sin cargo alguno, o bien<br \/>\u2022 Reparaci\u00f3n del producto sin coste alguno, o bien<br \/>\u2022 Sustituci\u00f3n de la unidad por otra nueva o reajustada sin coste alguno.<\/p>\r\n\r\n\r\n\r\n<p>Su garant\u00eda est\u00e1 sujeta a las siguientes condiciones:<br \/>\u2022 Registro en internet www.kress.com en menos de 30 d\u00edas de la fecha de compra. (sin registro, \u00fanicamente se aplicar\u00e1n 24 meses de garant\u00eda por los consumidores, es decir, personas f\u00edsicas que usen el dispositivo para uso privado)<br \/>\u2022 Para productos Mission<sup>TM<\/sup> MEGA RTKn , adem\u00e1s de la garant\u00eda anterior para uso privado, tambi\u00e9n ofrecemos una garant\u00eda de 12 meses para uso profesional, independientemente del registro online.<br \/>\u2022 Los paquetes de bater\u00edas tienen una garant\u00eda de 12 meses \u00fanicamente, independientemente del registro online y del tipo de cliente.<br \/>\u2022 La herramienta no se ha utilizado de forma an\u00f3mala, abusiva o negligente o no se ha alterado, modificado o reparado por nadie, excepto por el centro de servicio autorizado.<br \/>\u2022 Solamente accesorios y piezas originales de KRESS Mission<sup>TM<\/sup> se han utilizado en este producto o y con \u00e9l.<br \/>\u2022 La herramienta ha estado sujeta a un desgaste normal.<br \/>\u2022 La herramienta no se ha alquilado.<br \/>\u2022 La herramienta no ha sufrido da\u00f1os por objetos o sustancias extra\u00f1as ni por accidentes.<br \/>\u2022 Si la temperatura exterior es inferior a 0\u00b0C, la bater\u00eda\/el producto se debe guardar en un lugar protegido contra el fr\u00edo (en un espacio interior).<\/p>\r\n\r\n\r\n\r\n<p>La garant\u00eda no cubre:<br \/>\u2022 Componentes sujetos a desgaste natural causado por el uso conforme a las instrucciones de funcionamiento.<br \/>\u2022 El mantenimiento o la manipulaci\u00f3n no autorizada o inadecuada no est\u00e1 cubierta por esta garant\u00eda as\u00ed como accesorios como bombillas, hojas, brocas etc.<br \/>\u2022 Los da\u00f1os, el mal funcionamiento o los fallos como resultado del lavado a alta presi\u00f3n, vapor o agua corriente para limpiar el producto.<\/p>\r\n<p>Para las reclamaciones de la garant\u00eda, necesitar\u00e1 enviar un documento de registro y la prueba de compra con el formato de un recibo v\u00e1lido que muestre la fecha y lugar de la compra.<\/p>\r\n<p>Esta declaraci\u00f3n de garant\u00eda no sustituye a sus derechos estatutarios, sino que los complementa. Esta garant\u00eda no es aplicable a los accesorios.<br \/>Esta garant\u00eda es aplicable s\u00f3lo al comprador original y no puede ser transferida.<br \/>Todas las reparaciones y herramientas de repuesto ser\u00e1n cubiertas por la garant\u00eda limitada por el resto del per\u00edodo de garant\u00eda desde la fecha original de compra.<\/p>\r\n<p><strong>Para obtener un dibujo explosionado y la lista de piezas, visite: www.kress.com<\/strong><\/p>\r\n\r\n\r\n<\/div>","protected":false},"excerpt":{"rendered":"<p>Si su herramienta KRESS MissionTM se aver\u00eda debido a materiales o mano de obra defectuosa durante un per\u00edodo de 3 a\u00f1os desde la fecha de compra, le garantizamos lo siguiente:\u2022 Sustituci\u00f3n o reparaci\u00f3n de todas las piezas defectuosas sin cargo alguno, o bien\u2022 Reparaci\u00f3n del producto sin coste alguno, o bien\u2022 Sustituci\u00f3n de la unidad [&hellip;]<\/p>\n","protected":false},"author":18,"featured_media":0,"parent":0,"menu_order":0,"comment_status":"closed","ping_status":"closed","template":"template-warranty-statement.php","meta":{"_acf_changed":false,"footnotes":""},"class_list":["post-7488","page","type-page","status-publish","hentry"],"acf":[],"yoast_head":"<!-- This site is optimized with the Yoast SEO Premium plugin v26.5 (Yoast SEO v27.0) - https:\/\/yoast.com\/product\/yoast-seo-premium-wordpress\/ -->\n<title>DECLARACI\u00d3N DE GARANT\u00cdA | Kress<\/title>\n<meta name=\"robots\" content=\"index, follow, max-snippet:-1, max-image-preview:large, max-video-preview:-1\" \/>\n<meta property=\"og:locale\" content=\"es_ES\" \/>\n<meta property=\"og:type\" content=\"article\" \/>\n<meta property=\"og:title\" content=\"DECLARACI\u00d3N DE GARANT\u00cdA\" \/>\n<meta property=\"og:description\" content=\"Si su herramienta KRESS MissionTM se aver\u00eda debido a materiales o mano de obra defectuosa durante un per\u00edodo de 3 a\u00f1os desde la fecha de compra, le garantizamos lo siguiente:\u2022 Sustituci\u00f3n o reparaci\u00f3n de todas las piezas defectuosas sin cargo alguno, o bien\u2022 Reparaci\u00f3n del producto sin coste alguno, o bien\u2022 Sustituci\u00f3n de la unidad [&hellip;]\" \/>\n<meta property=\"og:url\" content=\"https:\/\/www.kress.com\/en-gb\/warranty-statement\/\" \/>\n<meta property=\"og:site_name\" content=\"Kress\" \/>\n<meta property=\"article:modified_time\" content=\"2022-09-29T09:13:09+00:00\" \/>\n<meta property=\"og:image\" content=\"https:\/\/www.kress.com\/wp-content\/uploads\/2024\/02\/logo_long.png\" \/>\n\t<meta property=\"og:image:width\" content=\"1200\" \/>\n\t<meta property=\"og:image:height\" content=\"675\" \/>\n\t<meta property=\"og:image:type\" content=\"image\/png\" \/>\n<meta name=\"twitter:card\" content=\"summary_large_image\" \/>\n<meta name=\"twitter:label1\" content=\"Est. reading time\" \/>\n\t<meta name=\"twitter:data1\" content=\"2 minutes\" \/>\n<script type=\"application\/ld+json\" class=\"yoast-schema-graph\">{\"@context\":\"https:\/\/schema.org\",\"@graph\":[{\"@type\":\"WebPage\",\"@id\":\"https:\/\/www.kress.com\/en-gb\/warranty-statement\/\",\"url\":\"https:\/\/www.kress.com\/en-gb\/warranty-statement\/\",\"name\":\"DECLARACI\u00d3N DE GARANT\u00cdA | Kress\",\"isPartOf\":{\"@id\":\"https:\/\/www.kress.com\/de-de\/#website\"},\"datePublished\":\"2022-06-01T09:10:55+00:00\",\"dateModified\":\"2022-09-29T09:13:09+00:00\",\"breadcrumb\":{\"@id\":\"https:\/\/www.kress.com\/en-gb\/warranty-statement\/#breadcrumb\"},\"inLanguage\":\"es-US\",\"potentialAction\":[{\"@type\":\"ReadAction\",\"target\":[\"https:\/\/www.kress.com\/en-gb\/warranty-statement\/\"]}]},{\"@type\":\"BreadcrumbList\",\"@id\":\"https:\/\/www.kress.com\/en-gb\/warranty-statement\/#breadcrumb\",\"itemListElement\":[{\"@type\":\"ListItem\",\"position\":1,\"name\":\"Home\",\"item\":\"https:\/\/www.kress.com\/es-us\/\"},{\"@type\":\"ListItem\",\"position\":2,\"name\":\"DECLARACI\u00d3N DE GARANT\u00cdA\"}]},{\"@type\":\"WebSite\",\"@id\":\"https:\/\/www.kress.com\/de-de\/#website\",\"url\":\"https:\/\/www.kress.com\/de-de\/\",\"name\":\"Kress\",\"description\":\"\",\"publisher\":{\"@id\":\"https:\/\/www.kress.com\/de-de\/#organization\"},\"potentialAction\":[{\"@type\":\"SearchAction\",\"target\":{\"@type\":\"EntryPoint\",\"urlTemplate\":\"https:\/\/www.kress.com\/de-de\/?s={search_term_string}\"},\"query-input\":{\"@type\":\"PropertyValueSpecification\",\"valueRequired\":true,\"valueName\":\"search_term_string\"}}],\"inLanguage\":\"es-US\"},{\"@type\":\"Organization\",\"@id\":\"https:\/\/www.kress.com\/de-de\/#organization\",\"name\":\"Kress\",\"url\":\"https:\/\/www.kress.com\/de-de\/\",\"logo\":{\"@type\":\"ImageObject\",\"inLanguage\":\"es-US\",\"@id\":\"https:\/\/www.kress.com\/de-de\/#\/schema\/logo\/image\/\",\"url\":\"https:\/\/www.kress.com\/wp-content\/uploads\/2024\/02\/logo.png\",\"contentUrl\":\"https:\/\/www.kress.com\/wp-content\/uploads\/2024\/02\/logo.png\",\"width\":696,\"height\":696,\"caption\":\"Kress\"},\"image\":{\"@id\":\"https:\/\/www.kress.com\/de-de\/#\/schema\/logo\/image\/\"}}]}<\/script>\n<!-- \/ Yoast SEO Premium plugin. -->","yoast_head_json":{"title":"DECLARACI\u00d3N DE GARANT\u00cdA | Kress","robots":{"index":"index","follow":"follow","max-snippet":"max-snippet:-1","max-image-preview":"max-image-preview:large","max-video-preview":"max-video-preview:-1"},"og_locale":"es_ES","og_type":"article","og_title":"DECLARACI\u00d3N DE GARANT\u00cdA","og_description":"Si su herramienta KRESS MissionTM se aver\u00eda debido a materiales o mano de obra defectuosa durante un per\u00edodo de 3 a\u00f1os desde la fecha de compra, le garantizamos lo siguiente:\u2022 Sustituci\u00f3n o reparaci\u00f3n de todas las piezas defectuosas sin cargo alguno, o bien\u2022 Reparaci\u00f3n del producto sin coste alguno, o bien\u2022 Sustituci\u00f3n de la unidad [&hellip;]","og_url":"https:\/\/www.kress.com\/en-gb\/warranty-statement\/","og_site_name":"Kress","article_modified_time":"2022-09-29T09:13:09+00:00","og_image":[{"width":1200,"height":675,"url":"https:\/\/www.kress.com\/wp-content\/uploads\/2024\/02\/logo_long.png","type":"image\/png"}],"twitter_card":"summary_large_image","twitter_misc":{"Est. reading time":"2 minutes"},"schema":{"@context":"https:\/\/schema.org","@graph":[{"@type":"WebPage","@id":"https:\/\/www.kress.com\/en-gb\/warranty-statement\/","url":"https:\/\/www.kress.com\/en-gb\/warranty-statement\/","name":"DECLARACI\u00d3N DE GARANT\u00cdA | Kress","isPartOf":{"@id":"https:\/\/www.kress.com\/de-de\/#website"},"datePublished":"2022-06-01T09:10:55+00:00","dateModified":"2022-09-29T09:13:09+00:00","breadcrumb":{"@id":"https:\/\/www.kress.com\/en-gb\/warranty-statement\/#breadcrumb"},"inLanguage":"es-US","potentialAction":[{"@type":"ReadAction","target":["https:\/\/www.kress.com\/en-gb\/warranty-statement\/"]}]},{"@type":"BreadcrumbList","@id":"https:\/\/www.kress.com\/en-gb\/warranty-statement\/#breadcrumb","itemListElement":[{"@type":"ListItem","position":1,"name":"Home","item":"https:\/\/www.kress.com\/es-us\/"},{"@type":"ListItem","position":2,"name":"DECLARACI\u00d3N DE GARANT\u00cdA"}]},{"@type":"WebSite","@id":"https:\/\/www.kress.com\/de-de\/#website","url":"https:\/\/www.kress.com\/de-de\/","name":"Kress","description":"","publisher":{"@id":"https:\/\/www.kress.com\/de-de\/#organization"},"potentialAction":[{"@type":"SearchAction","target":{"@type":"EntryPoint","urlTemplate":"https:\/\/www.kress.com\/de-de\/?s={search_term_string}"},"query-input":{"@type":"PropertyValueSpecification","valueRequired":true,"valueName":"search_term_string"}}],"inLanguage":"es-US"},{"@type":"Organization","@id":"https:\/\/www.kress.com\/de-de\/#organization","name":"Kress","url":"https:\/\/www.kress.com\/de-de\/","logo":{"@type":"ImageObject","inLanguage":"es-US","@id":"https:\/\/www.kress.com\/de-de\/#\/schema\/logo\/image\/","url":"https:\/\/www.kress.com\/wp-content\/uploads\/2024\/02\/logo.png","contentUrl":"https:\/\/www.kress.com\/wp-content\/uploads\/2024\/02\/logo.png","width":696,"height":696,"caption":"Kress"},"image":{"@id":"https:\/\/www.kress.com\/de-de\/#\/schema\/logo\/image\/"}}]}},"_links":{"self":[{"href":"https:\/\/www.kress.com\/es-us\/wp-json\/wp\/v2\/pages\/7488","targetHints":{"allow":["GET"]}}],"collection":[{"href":"https:\/\/www.kress.com\/es-us\/wp-json\/wp\/v2\/pages"}],"about":[{"href":"https:\/\/www.kress.com\/es-us\/wp-json\/wp\/v2\/types\/page"}],"author":[{"embeddable":true,"href":"https:\/\/www.kress.com\/es-us\/wp-json\/wp\/v2\/users\/18"}],"replies":[{"embeddable":true,"href":"https:\/\/www.kress.com\/es-us\/wp-json\/wp\/v2\/comments?post=7488"}],"version-history":[{"count":1,"href":"https:\/\/www.kress.com\/es-us\/wp-json\/wp\/v2\/pages\/7488\/revisions"}],"predecessor-version":[{"id":7489,"href":"https:\/\/www.kress.com\/es-us\/wp-json\/wp\/v2\/pages\/7488\/revisions\/7489"}],"wp:attachment":[{"href":"https:\/\/www.kress.com\/es-us\/wp-json\/wp\/v2\/media?parent=7488"}],"curies":[{"name":"wp","href":"https:\/\/api.w.org\/{rel}","templated":true}]}}