{"id":481067,"date":"2025-12-01T10:03:34","date_gmt":"2025-12-01T10:03:34","guid":{"rendered":""},"modified":"2025-12-01T10:00:22","modified_gmt":"2025-12-01T10:00:22","slug":"kr271e","status":"publish","type":"product","link":"https:\/\/www.kress.com\/es-es\/kr271e\/","title":{"rendered":"Kress EyePilot\u00ae RTK\u207f 1500 m\u00b2 robot cortac\u00e9sped con ZeroTrim con 4G integrado"},"content":{"rendered":"<p>Dise\u00f1ado para ofrecer un cuidado del c\u00e9sped con precisi\u00f3n de nivel profesional, el Kress EyePilot\u00ae RTK\u207f KR271E combina posicionamiento satelital RTK\u207f con percepci\u00f3n basada en visi\u00f3n para navegar con exactitud en jardines complejos, sin hardware adicional.<\/p>\n<p>La correcci\u00f3n RTK\u207f se transmite por v\u00eda a\u00e9rea y est\u00e1 respaldada por una arquitectura de posicionamiento redundante que mantiene una ubicaci\u00f3n precisa incluso cuando la se\u00f1al satelital se degrada.<\/p>\n<p>El sistema de corte ZeroTrim recorta con precisi\u00f3n hasta el borde, reduciendo la necesidad de repasos posteriores, mientras que los patrones de corte estructurados o aleatorios permiten crear franjas limpias o un acabado m\u00e1s natural.<\/p>\n<p>La conectividad se mantiene mediante Wi-Fi o 4G integrada, garantizando un funcionamiento fiable incluso donde la cobertura inal\u00e1mbrica es limitada. Sin costes adicionales, se incluyen una tarjeta SIM integrada y un servicio de datos activo, lo que permite que EyePilot permanezca conectado, actualizado y localizable en todo momento.<\/p>\n","protected":false},"excerpt":{"rendered":"<p>Dise\u00f1ado para ofrecer un cuidado del c\u00e9sped con precisi\u00f3n de nivel profesional, el Kress EyePilot\u00ae RTK\u207f KR271E combina posicionamiento satelital RTK\u207f con percepci\u00f3n basada en visi\u00f3n para navegar con exactitud en jardines complejos, sin hardware adicional. La correcci\u00f3n RTK\u207f se transmite por v\u00eda a\u00e9rea y est\u00e1 respaldada por una arquitectura de posicionamiento redundante que mantiene [&hellip;]<\/p>\n","protected":false},"featured_media":0,"template":"","meta":{"_acf_changed":false},"product_brand":[],"product_cat":[],"product_tag":[],"class_list":{"0":"post-481067","1":"product","2":"type-product","3":"status-publish","6":"first","7":"instock","8":"shipping-taxable","9":"purchasable","10":"product-type-simple"},"acf":[],"yoast_head":"<!-- This site is optimized with the Yoast SEO Premium plugin v26.5 (Yoast SEO v27.0) - https:\/\/yoast.com\/product\/yoast-seo-premium-wordpress\/ -->\n<title>Kress EyePilot\u00ae RTK\u207f 1500 m\u00b2 robot cortac\u00e9sped con ZeroTrim con 4G integrado | Kress<\/title>\n<meta name=\"robots\" content=\"index, follow, max-snippet:-1, max-image-preview:large, max-video-preview:-1\" \/>\n<meta property=\"og:locale\" content=\"es_ES\" \/>\n<meta property=\"og:type\" content=\"article\" \/>\n<meta property=\"og:title\" content=\"Kress EyePilot\u00ae RTK\u207f 1500 m\u00b2 robot cortac\u00e9sped con ZeroTrim con 4G integrado\" \/>\n<meta property=\"og:description\" content=\"Dise\u00f1ado para ofrecer un cuidado del c\u00e9sped con precisi\u00f3n de nivel profesional, el Kress EyePilot\u00ae RTK\u207f KR271E combina posicionamiento satelital RTK\u207f con percepci\u00f3n basada en visi\u00f3n para navegar con exactitud en jardines complejos, sin hardware adicional. La correcci\u00f3n RTK\u207f se transmite por v\u00eda a\u00e9rea y est\u00e1 respaldada por una arquitectura de posicionamiento redundante que mantiene [&hellip;]\" \/>\n<meta property=\"og:url\" content=\"https:\/\/www.kress.com\/en-gb\/?post_type=product&amp;p=481062\" \/>\n<meta property=\"og:site_name\" content=\"Kress\" \/>\n<meta property=\"og:image\" content=\"https:\/\/www.kress.com\/wp-content\/uploads\/2024\/02\/logo_long.png\" \/>\n\t<meta property=\"og:image:width\" content=\"1200\" \/>\n\t<meta property=\"og:image:height\" content=\"675\" \/>\n\t<meta property=\"og:image:type\" content=\"image\/png\" \/>\n<meta name=\"twitter:card\" content=\"summary_large_image\" \/>\n<meta name=\"twitter:label1\" content=\"Tiempo de lectura\" \/>\n\t<meta name=\"twitter:data1\" content=\"1 minuto\" \/>\n<script type=\"application\/ld+json\" class=\"yoast-schema-graph\">{\"@context\":\"https:\/\/schema.org\",\"@graph\":[{\"@type\":\"WebPage\",\"@id\":\"https:\/\/www.kress.com\/en-gb\/?post_type=product&p=481062\",\"url\":\"https:\/\/www.kress.com\/en-gb\/?post_type=product&p=481062\",\"name\":\"Kress EyePilot\u00ae RTK\u207f 1500 m\u00b2 robot cortac\u00e9sped con ZeroTrim con 4G integrado | Kress\",\"isPartOf\":{\"@id\":\"https:\/\/www.kress.com\/de-de\/#website\"},\"datePublished\":\"2025-12-01T10:03:34+00:00\",\"breadcrumb\":{\"@id\":\"https:\/\/www.kress.com\/en-gb\/?post_type=product&p=481062#breadcrumb\"},\"inLanguage\":\"es\",\"potentialAction\":[{\"@type\":\"ReadAction\",\"target\":[\"https:\/\/www.kress.com\/en-gb\/?post_type=product&p=481062\"]}]},{\"@type\":\"BreadcrumbList\",\"@id\":\"https:\/\/www.kress.com\/en-gb\/?post_type=product&p=481062#breadcrumb\",\"itemListElement\":[{\"@type\":\"ListItem\",\"position\":1,\"name\":\"Home\",\"item\":\"https:\/\/www.kress.com\/es-es\/\"},{\"@type\":\"ListItem\",\"position\":2,\"name\":\"Produits\",\"item\":\"https:\/\/www.kress.com\/fr-fr\/shop\/\"},{\"@type\":\"ListItem\",\"position\":3,\"name\":\"KR271E\"}]},{\"@type\":\"WebSite\",\"@id\":\"https:\/\/www.kress.com\/de-de\/#website\",\"url\":\"https:\/\/www.kress.com\/de-de\/\",\"name\":\"Kress\",\"description\":\"\",\"publisher\":{\"@id\":\"https:\/\/www.kress.com\/de-de\/#organization\"},\"potentialAction\":[{\"@type\":\"SearchAction\",\"target\":{\"@type\":\"EntryPoint\",\"urlTemplate\":\"https:\/\/www.kress.com\/de-de\/?s={search_term_string}\"},\"query-input\":{\"@type\":\"PropertyValueSpecification\",\"valueRequired\":true,\"valueName\":\"search_term_string\"}}],\"inLanguage\":\"es\"},{\"@type\":\"Organization\",\"@id\":\"https:\/\/www.kress.com\/de-de\/#organization\",\"name\":\"Kress\",\"url\":\"https:\/\/www.kress.com\/de-de\/\",\"logo\":{\"@type\":\"ImageObject\",\"inLanguage\":\"es\",\"@id\":\"https:\/\/www.kress.com\/de-de\/#\/schema\/logo\/image\/\",\"url\":\"https:\/\/www.kress.com\/wp-content\/uploads\/2024\/02\/logo.png\",\"contentUrl\":\"https:\/\/www.kress.com\/wp-content\/uploads\/2024\/02\/logo.png\",\"width\":696,\"height\":696,\"caption\":\"Kress\"},\"image\":{\"@id\":\"https:\/\/www.kress.com\/de-de\/#\/schema\/logo\/image\/\"}}]}<\/script>\n<!-- \/ Yoast SEO Premium plugin. -->","yoast_head_json":{"title":"Kress EyePilot\u00ae RTK\u207f 1500 m\u00b2 robot cortac\u00e9sped con ZeroTrim con 4G integrado | Kress","robots":{"index":"index","follow":"follow","max-snippet":"max-snippet:-1","max-image-preview":"max-image-preview:large","max-video-preview":"max-video-preview:-1"},"og_locale":"es_ES","og_type":"article","og_title":"Kress EyePilot\u00ae RTK\u207f 1500 m\u00b2 robot cortac\u00e9sped con ZeroTrim con 4G integrado","og_description":"Dise\u00f1ado para ofrecer un cuidado del c\u00e9sped con precisi\u00f3n de nivel profesional, el Kress EyePilot\u00ae RTK\u207f KR271E combina posicionamiento satelital RTK\u207f con percepci\u00f3n basada en visi\u00f3n para navegar con exactitud en jardines complejos, sin hardware adicional. La correcci\u00f3n RTK\u207f se transmite por v\u00eda a\u00e9rea y est\u00e1 respaldada por una arquitectura de posicionamiento redundante que mantiene [&hellip;]","og_url":"https:\/\/www.kress.com\/en-gb\/?post_type=product&p=481062","og_site_name":"Kress","og_image":[{"width":1200,"height":675,"url":"https:\/\/www.kress.com\/wp-content\/uploads\/2024\/02\/logo_long.png","type":"image\/png"}],"twitter_card":"summary_large_image","twitter_misc":{"Tiempo de lectura":"1 minuto"},"schema":{"@context":"https:\/\/schema.org","@graph":[{"@type":"WebPage","@id":"https:\/\/www.kress.com\/en-gb\/?post_type=product&p=481062","url":"https:\/\/www.kress.com\/en-gb\/?post_type=product&p=481062","name":"Kress EyePilot\u00ae RTK\u207f 1500 m\u00b2 robot cortac\u00e9sped con ZeroTrim con 4G integrado | Kress","isPartOf":{"@id":"https:\/\/www.kress.com\/de-de\/#website"},"datePublished":"2025-12-01T10:03:34+00:00","breadcrumb":{"@id":"https:\/\/www.kress.com\/en-gb\/?post_type=product&p=481062#breadcrumb"},"inLanguage":"es","potentialAction":[{"@type":"ReadAction","target":["https:\/\/www.kress.com\/en-gb\/?post_type=product&p=481062"]}]},{"@type":"BreadcrumbList","@id":"https:\/\/www.kress.com\/en-gb\/?post_type=product&p=481062#breadcrumb","itemListElement":[{"@type":"ListItem","position":1,"name":"Home","item":"https:\/\/www.kress.com\/es-es\/"},{"@type":"ListItem","position":2,"name":"Produits","item":"https:\/\/www.kress.com\/fr-fr\/shop\/"},{"@type":"ListItem","position":3,"name":"KR271E"}]},{"@type":"WebSite","@id":"https:\/\/www.kress.com\/de-de\/#website","url":"https:\/\/www.kress.com\/de-de\/","name":"Kress","description":"","publisher":{"@id":"https:\/\/www.kress.com\/de-de\/#organization"},"potentialAction":[{"@type":"SearchAction","target":{"@type":"EntryPoint","urlTemplate":"https:\/\/www.kress.com\/de-de\/?s={search_term_string}"},"query-input":{"@type":"PropertyValueSpecification","valueRequired":true,"valueName":"search_term_string"}}],"inLanguage":"es"},{"@type":"Organization","@id":"https:\/\/www.kress.com\/de-de\/#organization","name":"Kress","url":"https:\/\/www.kress.com\/de-de\/","logo":{"@type":"ImageObject","inLanguage":"es","@id":"https:\/\/www.kress.com\/de-de\/#\/schema\/logo\/image\/","url":"https:\/\/www.kress.com\/wp-content\/uploads\/2024\/02\/logo.png","contentUrl":"https:\/\/www.kress.com\/wp-content\/uploads\/2024\/02\/logo.png","width":696,"height":696,"caption":"Kress"},"image":{"@id":"https:\/\/www.kress.com\/de-de\/#\/schema\/logo\/image\/"}}]}},"_links":{"self":[{"href":"https:\/\/www.kress.com\/es-es\/wp-json\/wp\/v2\/product\/481067","targetHints":{"allow":["GET"]}}],"collection":[{"href":"https:\/\/www.kress.com\/es-es\/wp-json\/wp\/v2\/product"}],"about":[{"href":"https:\/\/www.kress.com\/es-es\/wp-json\/wp\/v2\/types\/product"}],"wp:attachment":[{"href":"https:\/\/www.kress.com\/es-es\/wp-json\/wp\/v2\/media?parent=481067"}],"wp:term":[{"taxonomy":"product_brand","embeddable":true,"href":"https:\/\/www.kress.com\/es-es\/wp-json\/wp\/v2\/product_brand?post=481067"},{"taxonomy":"product_cat","embeddable":true,"href":"https:\/\/www.kress.com\/es-es\/wp-json\/wp\/v2\/product_cat?post=481067"},{"taxonomy":"product_tag","embeddable":true,"href":"https:\/\/www.kress.com\/es-es\/wp-json\/wp\/v2\/product_tag?post=481067"}],"curies":[{"name":"wp","href":"https:\/\/api.w.org\/{rel}","templated":true}]}}