{"id":43104,"date":"2024-03-26T08:17:16","date_gmt":"2024-03-26T08:17:16","guid":{"rendered":""},"modified":"2025-10-17T10:00:22","modified_gmt":"2025-10-17T10:00:22","slug":"maletin-de-carga-ampliado-de-4-puertos-kress-commercial-kac843","status":"publish","type":"product","link":"https:\/\/www.kress.com\/es-es\/maletin-de-carga-ampliado-de-4-puertos-kress-commercial-kac843\/","title":{"rendered":"Malet\u00edn de carga ampliado de 4 puertos Kress Commercial"},"content":{"rendered":"<p>El malet\u00edn de carga ampliada de 4 puertos Kress es una soluci\u00f3n robusta para tareas de alto consumo energ\u00e9tico, dise\u00f1ada para amplificar las capacidades de los cargadores comerciales Kress. Con un total de cuatro puertos de carga, puede alojar cuatro bater\u00edas de mochila\/de a bordo, agilizando el proceso de carga secuencial.<\/p>\n","protected":false},"excerpt":{"rendered":"<p>El malet\u00edn de carga ampliada de 4 puertos Kress es una soluci\u00f3n robusta para tareas de alto consumo energ\u00e9tico, dise\u00f1ada para amplificar las capacidades de los cargadores comerciales Kress. Con un total de cuatro puertos de carga, puede alojar cuatro bater\u00edas de mochila\/de a bordo, agilizando el proceso de carga secuencial.<\/p>\n","protected":false},"featured_media":410824,"template":"","meta":{"_acf_changed":false},"product_brand":[],"product_cat":[],"product_tag":[],"class_list":{"0":"post-43104","1":"product","2":"type-product","3":"status-publish","4":"has-post-thumbnail","7":"first","8":"instock","9":"shipping-taxable","10":"purchasable","11":"product-type-simple"},"acf":[],"yoast_head":"<!-- This site is optimized with the Yoast SEO Premium plugin v26.5 (Yoast SEO v27.0) - https:\/\/yoast.com\/product\/yoast-seo-premium-wordpress\/ -->\n<title>Malet\u00edn de carga ampliado de 4 puertos Kress Commercial | Kress<\/title>\n<meta name=\"robots\" content=\"index, follow, max-snippet:-1, max-image-preview:large, max-video-preview:-1\" \/>\n<meta property=\"og:locale\" content=\"es_ES\" \/>\n<meta property=\"og:type\" content=\"article\" \/>\n<meta property=\"og:title\" content=\"Malet\u00edn de carga ampliado de 4 puertos Kress Commercial\" \/>\n<meta property=\"og:description\" content=\"El malet\u00edn de carga ampliada de 4 puertos Kress es una soluci\u00f3n robusta para tareas de alto consumo energ\u00e9tico, dise\u00f1ada para amplificar las capacidades de los cargadores comerciales Kress. Con un total de cuatro puertos de carga, puede alojar cuatro bater\u00edas de mochila\/de a bordo, agilizando el proceso de carga secuencial.\" \/>\n<meta property=\"og:url\" content=\"https:\/\/www.kress.com\/es-es\/maletin-de-carga-ampliado-de-4-puertos-kress-commercial-kac843\/\" \/>\n<meta property=\"og:site_name\" content=\"Kress\" \/>\n<meta property=\"article:modified_time\" content=\"2025-10-17T10:00:22+00:00\" \/>\n<meta property=\"og:image\" content=\"https:\/\/www.kress.com\/wp-content\/uploads\/onpage\/op_image_49b635aa2eddcce1fd7dfd7fb9fc021dbf49acf2.1980x.webp\" \/>\n\t<meta property=\"og:image:width\" content=\"1980\" \/>\n\t<meta property=\"og:image:height\" content=\"1980\" \/>\n\t<meta property=\"og:image:type\" content=\"image\/webp\" \/>\n<meta name=\"twitter:card\" content=\"summary_large_image\" \/>\n<script type=\"application\/ld+json\" class=\"yoast-schema-graph\">{\"@context\":\"https:\/\/schema.org\",\"@graph\":[{\"@type\":\"WebPage\",\"@id\":\"https:\/\/www.kress.com\/es-es\/maletin-de-carga-ampliado-de-4-puertos-kress-commercial-kac843\/\",\"url\":\"https:\/\/www.kress.com\/es-es\/maletin-de-carga-ampliado-de-4-puertos-kress-commercial-kac843\/\",\"name\":\"Malet\u00edn de carga ampliado de 4 puertos Kress Commercial | Kress\",\"isPartOf\":{\"@id\":\"https:\/\/www.kress.com\/de-de\/#website\"},\"primaryImageOfPage\":{\"@id\":\"https:\/\/www.kress.com\/es-es\/maletin-de-carga-ampliado-de-4-puertos-kress-commercial-kac843\/#primaryimage\"},\"image\":{\"@id\":\"https:\/\/www.kress.com\/es-es\/maletin-de-carga-ampliado-de-4-puertos-kress-commercial-kac843\/#primaryimage\"},\"thumbnailUrl\":\"https:\/\/www.kress.com\/wp-content\/uploads\/onpage\/op_image_49b635aa2eddcce1fd7dfd7fb9fc021dbf49acf2.1980x.webp\",\"datePublished\":\"2024-03-26T08:17:16+00:00\",\"dateModified\":\"2025-10-17T10:00:22+00:00\",\"breadcrumb\":{\"@id\":\"https:\/\/www.kress.com\/es-es\/maletin-de-carga-ampliado-de-4-puertos-kress-commercial-kac843\/#breadcrumb\"},\"inLanguage\":\"es\",\"potentialAction\":[{\"@type\":\"ReadAction\",\"target\":[\"https:\/\/www.kress.com\/es-es\/maletin-de-carga-ampliado-de-4-puertos-kress-commercial-kac843\/\"]}]},{\"@type\":\"ImageObject\",\"inLanguage\":\"es\",\"@id\":\"https:\/\/www.kress.com\/es-es\/maletin-de-carga-ampliado-de-4-puertos-kress-commercial-kac843\/#primaryimage\",\"url\":\"https:\/\/www.kress.com\/wp-content\/uploads\/onpage\/op_image_49b635aa2eddcce1fd7dfd7fb9fc021dbf49acf2.1980x.webp\",\"contentUrl\":\"https:\/\/www.kress.com\/wp-content\/uploads\/onpage\/op_image_49b635aa2eddcce1fd7dfd7fb9fc021dbf49acf2.1980x.webp\",\"width\":1980,\"height\":1980},{\"@type\":\"BreadcrumbList\",\"@id\":\"https:\/\/www.kress.com\/es-es\/maletin-de-carga-ampliado-de-4-puertos-kress-commercial-kac843\/#breadcrumb\",\"itemListElement\":[{\"@type\":\"ListItem\",\"position\":1,\"name\":\"Home\",\"item\":\"https:\/\/www.kress.com\/es-es\/\"},{\"@type\":\"ListItem\",\"position\":2,\"name\":\"Produits\",\"item\":\"https:\/\/www.kress.com\/fr-fr\/shop\/\"},{\"@type\":\"ListItem\",\"position\":3,\"name\":\"Malet\u00edn de carga ampliado de 4 puertos Kress Commercial\"}]},{\"@type\":\"WebSite\",\"@id\":\"https:\/\/www.kress.com\/de-de\/#website\",\"url\":\"https:\/\/www.kress.com\/de-de\/\",\"name\":\"Kress\",\"description\":\"\",\"publisher\":{\"@id\":\"https:\/\/www.kress.com\/de-de\/#organization\"},\"potentialAction\":[{\"@type\":\"SearchAction\",\"target\":{\"@type\":\"EntryPoint\",\"urlTemplate\":\"https:\/\/www.kress.com\/de-de\/?s={search_term_string}\"},\"query-input\":{\"@type\":\"PropertyValueSpecification\",\"valueRequired\":true,\"valueName\":\"search_term_string\"}}],\"inLanguage\":\"es\"},{\"@type\":\"Organization\",\"@id\":\"https:\/\/www.kress.com\/de-de\/#organization\",\"name\":\"Kress\",\"url\":\"https:\/\/www.kress.com\/de-de\/\",\"logo\":{\"@type\":\"ImageObject\",\"inLanguage\":\"es\",\"@id\":\"https:\/\/www.kress.com\/de-de\/#\/schema\/logo\/image\/\",\"url\":\"https:\/\/www.kress.com\/wp-content\/uploads\/2024\/02\/logo.png\",\"contentUrl\":\"https:\/\/www.kress.com\/wp-content\/uploads\/2024\/02\/logo.png\",\"width\":696,\"height\":696,\"caption\":\"Kress\"},\"image\":{\"@id\":\"https:\/\/www.kress.com\/de-de\/#\/schema\/logo\/image\/\"}}]}<\/script>\n<!-- \/ Yoast SEO Premium plugin. -->","yoast_head_json":{"title":"Malet\u00edn de carga ampliado de 4 puertos Kress Commercial | Kress","robots":{"index":"index","follow":"follow","max-snippet":"max-snippet:-1","max-image-preview":"max-image-preview:large","max-video-preview":"max-video-preview:-1"},"og_locale":"es_ES","og_type":"article","og_title":"Malet\u00edn de carga ampliado de 4 puertos Kress Commercial","og_description":"El malet\u00edn de carga ampliada de 4 puertos Kress es una soluci\u00f3n robusta para tareas de alto consumo energ\u00e9tico, dise\u00f1ada para amplificar las capacidades de los cargadores comerciales Kress. Con un total de cuatro puertos de carga, puede alojar cuatro bater\u00edas de mochila\/de a bordo, agilizando el proceso de carga secuencial.","og_url":"https:\/\/www.kress.com\/es-es\/maletin-de-carga-ampliado-de-4-puertos-kress-commercial-kac843\/","og_site_name":"Kress","article_modified_time":"2025-10-17T10:00:22+00:00","og_image":[{"width":1980,"height":1980,"url":"https:\/\/www.kress.com\/wp-content\/uploads\/onpage\/op_image_49b635aa2eddcce1fd7dfd7fb9fc021dbf49acf2.1980x.webp","type":"image\/webp"}],"twitter_card":"summary_large_image","schema":{"@context":"https:\/\/schema.org","@graph":[{"@type":"WebPage","@id":"https:\/\/www.kress.com\/es-es\/maletin-de-carga-ampliado-de-4-puertos-kress-commercial-kac843\/","url":"https:\/\/www.kress.com\/es-es\/maletin-de-carga-ampliado-de-4-puertos-kress-commercial-kac843\/","name":"Malet\u00edn de carga ampliado de 4 puertos Kress Commercial | Kress","isPartOf":{"@id":"https:\/\/www.kress.com\/de-de\/#website"},"primaryImageOfPage":{"@id":"https:\/\/www.kress.com\/es-es\/maletin-de-carga-ampliado-de-4-puertos-kress-commercial-kac843\/#primaryimage"},"image":{"@id":"https:\/\/www.kress.com\/es-es\/maletin-de-carga-ampliado-de-4-puertos-kress-commercial-kac843\/#primaryimage"},"thumbnailUrl":"https:\/\/www.kress.com\/wp-content\/uploads\/onpage\/op_image_49b635aa2eddcce1fd7dfd7fb9fc021dbf49acf2.1980x.webp","datePublished":"2024-03-26T08:17:16+00:00","dateModified":"2025-10-17T10:00:22+00:00","breadcrumb":{"@id":"https:\/\/www.kress.com\/es-es\/maletin-de-carga-ampliado-de-4-puertos-kress-commercial-kac843\/#breadcrumb"},"inLanguage":"es","potentialAction":[{"@type":"ReadAction","target":["https:\/\/www.kress.com\/es-es\/maletin-de-carga-ampliado-de-4-puertos-kress-commercial-kac843\/"]}]},{"@type":"ImageObject","inLanguage":"es","@id":"https:\/\/www.kress.com\/es-es\/maletin-de-carga-ampliado-de-4-puertos-kress-commercial-kac843\/#primaryimage","url":"https:\/\/www.kress.com\/wp-content\/uploads\/onpage\/op_image_49b635aa2eddcce1fd7dfd7fb9fc021dbf49acf2.1980x.webp","contentUrl":"https:\/\/www.kress.com\/wp-content\/uploads\/onpage\/op_image_49b635aa2eddcce1fd7dfd7fb9fc021dbf49acf2.1980x.webp","width":1980,"height":1980},{"@type":"BreadcrumbList","@id":"https:\/\/www.kress.com\/es-es\/maletin-de-carga-ampliado-de-4-puertos-kress-commercial-kac843\/#breadcrumb","itemListElement":[{"@type":"ListItem","position":1,"name":"Home","item":"https:\/\/www.kress.com\/es-es\/"},{"@type":"ListItem","position":2,"name":"Produits","item":"https:\/\/www.kress.com\/fr-fr\/shop\/"},{"@type":"ListItem","position":3,"name":"Malet\u00edn de carga ampliado de 4 puertos Kress Commercial"}]},{"@type":"WebSite","@id":"https:\/\/www.kress.com\/de-de\/#website","url":"https:\/\/www.kress.com\/de-de\/","name":"Kress","description":"","publisher":{"@id":"https:\/\/www.kress.com\/de-de\/#organization"},"potentialAction":[{"@type":"SearchAction","target":{"@type":"EntryPoint","urlTemplate":"https:\/\/www.kress.com\/de-de\/?s={search_term_string}"},"query-input":{"@type":"PropertyValueSpecification","valueRequired":true,"valueName":"search_term_string"}}],"inLanguage":"es"},{"@type":"Organization","@id":"https:\/\/www.kress.com\/de-de\/#organization","name":"Kress","url":"https:\/\/www.kress.com\/de-de\/","logo":{"@type":"ImageObject","inLanguage":"es","@id":"https:\/\/www.kress.com\/de-de\/#\/schema\/logo\/image\/","url":"https:\/\/www.kress.com\/wp-content\/uploads\/2024\/02\/logo.png","contentUrl":"https:\/\/www.kress.com\/wp-content\/uploads\/2024\/02\/logo.png","width":696,"height":696,"caption":"Kress"},"image":{"@id":"https:\/\/www.kress.com\/de-de\/#\/schema\/logo\/image\/"}}]}},"_links":{"self":[{"href":"https:\/\/www.kress.com\/es-es\/wp-json\/wp\/v2\/product\/43104","targetHints":{"allow":["GET"]}}],"collection":[{"href":"https:\/\/www.kress.com\/es-es\/wp-json\/wp\/v2\/product"}],"about":[{"href":"https:\/\/www.kress.com\/es-es\/wp-json\/wp\/v2\/types\/product"}],"wp:featuredmedia":[{"embeddable":true,"href":"https:\/\/www.kress.com\/es-es\/wp-json\/wp\/v2\/media\/410824"}],"wp:attachment":[{"href":"https:\/\/www.kress.com\/es-es\/wp-json\/wp\/v2\/media?parent=43104"}],"wp:term":[{"taxonomy":"product_brand","embeddable":true,"href":"https:\/\/www.kress.com\/es-es\/wp-json\/wp\/v2\/product_brand?post=43104"},{"taxonomy":"product_cat","embeddable":true,"href":"https:\/\/www.kress.com\/es-es\/wp-json\/wp\/v2\/product_cat?post=43104"},{"taxonomy":"product_tag","embeddable":true,"href":"https:\/\/www.kress.com\/es-es\/wp-json\/wp\/v2\/product_tag?post=43104"}],"curies":[{"name":"wp","href":"https:\/\/api.w.org\/{rel}","templated":true}]}}