{"id":415701,"date":"2025-04-09T04:30:23","date_gmt":"2025-04-09T02:30:23","guid":{"rendered":""},"modified":"2025-10-17T10:00:22","modified_gmt":"2025-10-17T10:00:22","slug":"robot-cortacesped-kress-rtk%e2%81%bf-de-8-000-m%c2%b2-con-oas-sistema-de-prevencion-de-obstaculos-kr230e","status":"publish","type":"product","link":"https:\/\/www.kress.com\/es-es\/robot-cortacesped-kress-rtk%e2%81%bf-de-8-000-m%c2%b2-con-oas-sistema-de-prevencion-de-obstaculos-kr230e\/","title":{"rendered":"Robot cortac\u00e9sped Kress RTK\u207f de 8.000 m\u00b2 con OAS (sistema de prevenci\u00f3n de obst\u00e1culos)"},"content":{"rendered":"<p>El robot cortac\u00e9sped KR230E, que redefine la precisi\u00f3n en el cuidado del c\u00e9sped con la tecnolog\u00eda RTK\u207f de Kress, introduce la precisi\u00f3n centim\u00e9trica guiada por sat\u00e9lite sin necesidad de antenas fijas espec\u00edficas de la propiedad. Equipado con cuchillas afiladas de doble capa y un sistema de evitaci\u00f3n de obst\u00e1culos, el KR230E funciona eficazmente en cualquier condici\u00f3n.<\/p>\n","protected":false},"excerpt":{"rendered":"<p>El robot cortac\u00e9sped KR230E, que redefine la precisi\u00f3n en el cuidado del c\u00e9sped con la tecnolog\u00eda RTK\u207f de Kress, introduce la precisi\u00f3n centim\u00e9trica guiada por sat\u00e9lite sin necesidad de antenas fijas espec\u00edficas de la propiedad. Equipado con cuchillas afiladas de doble capa y un sistema de evitaci\u00f3n de obst\u00e1culos, el KR230E funciona eficazmente en cualquier [&hellip;]<\/p>\n","protected":false},"featured_media":407752,"template":"","meta":{"_acf_changed":false},"product_brand":[],"product_cat":[],"product_tag":[],"class_list":{"0":"post-415701","1":"product","2":"type-product","3":"status-publish","4":"has-post-thumbnail","7":"first","8":"instock","9":"shipping-taxable","10":"purchasable","11":"product-type-simple"},"acf":[],"yoast_head":"<!-- This site is optimized with the Yoast SEO Premium plugin v26.5 (Yoast SEO v27.0) - https:\/\/yoast.com\/product\/yoast-seo-premium-wordpress\/ -->\n<title>Robot cortac\u00e9sped Kress RTK\u207f de 8.000 m\u00b2 con OAS (sistema de prevenci\u00f3n de obst\u00e1culos) | Kress<\/title>\n<meta name=\"robots\" content=\"index, follow, max-snippet:-1, max-image-preview:large, max-video-preview:-1\" \/>\n<meta property=\"og:locale\" content=\"es_ES\" \/>\n<meta property=\"og:type\" content=\"article\" \/>\n<meta property=\"og:title\" content=\"Robot cortac\u00e9sped Kress RTK\u207f de 8.000 m\u00b2 con OAS (sistema de prevenci\u00f3n de obst\u00e1culos)\" \/>\n<meta property=\"og:description\" content=\"El robot cortac\u00e9sped KR230E, que redefine la precisi\u00f3n en el cuidado del c\u00e9sped con la tecnolog\u00eda RTK\u207f de Kress, introduce la precisi\u00f3n centim\u00e9trica guiada por sat\u00e9lite sin necesidad de antenas fijas espec\u00edficas de la propiedad. Equipado con cuchillas afiladas de doble capa y un sistema de evitaci\u00f3n de obst\u00e1culos, el KR230E funciona eficazmente en cualquier [&hellip;]\" \/>\n<meta property=\"og:url\" content=\"https:\/\/www.kress.com\/es-es\/robot-cortacesped-kress-rtk\u207f-de-8-000-m\u00b2-con-oas-sistema-de-prevencion-de-obstaculos-kr230e\/\" \/>\n<meta property=\"og:site_name\" content=\"Kress\" \/>\n<meta property=\"article:modified_time\" content=\"2025-10-17T10:00:22+00:00\" \/>\n<meta property=\"og:image\" content=\"https:\/\/www.kress.com\/wp-content\/uploads\/onpage\/op_image_f744c4f88f416f74eeccb58398f1f7667b3515d0.1980x.webp\" \/>\n\t<meta property=\"og:image:width\" content=\"1980\" \/>\n\t<meta property=\"og:image:height\" content=\"1980\" \/>\n\t<meta property=\"og:image:type\" content=\"image\/webp\" \/>\n<meta name=\"twitter:card\" content=\"summary_large_image\" \/>\n<script type=\"application\/ld+json\" class=\"yoast-schema-graph\">{\"@context\":\"https:\/\/schema.org\",\"@graph\":[{\"@type\":\"WebPage\",\"@id\":\"https:\/\/www.kress.com\/es-es\/robot-cortacesped-kress-rtk%e2%81%bf-de-8-000-m%c2%b2-con-oas-sistema-de-prevencion-de-obstaculos-kr230e\/\",\"url\":\"https:\/\/www.kress.com\/es-es\/robot-cortacesped-kress-rtk%e2%81%bf-de-8-000-m%c2%b2-con-oas-sistema-de-prevencion-de-obstaculos-kr230e\/\",\"name\":\"Robot cortac\u00e9sped Kress RTK\u207f de 8.000 m\u00b2 con OAS (sistema de prevenci\u00f3n de obst\u00e1culos) | Kress\",\"isPartOf\":{\"@id\":\"https:\/\/www.kress.com\/de-de\/#website\"},\"primaryImageOfPage\":{\"@id\":\"https:\/\/www.kress.com\/es-es\/robot-cortacesped-kress-rtk%e2%81%bf-de-8-000-m%c2%b2-con-oas-sistema-de-prevencion-de-obstaculos-kr230e\/#primaryimage\"},\"image\":{\"@id\":\"https:\/\/www.kress.com\/es-es\/robot-cortacesped-kress-rtk%e2%81%bf-de-8-000-m%c2%b2-con-oas-sistema-de-prevencion-de-obstaculos-kr230e\/#primaryimage\"},\"thumbnailUrl\":\"https:\/\/www.kress.com\/wp-content\/uploads\/onpage\/op_image_f744c4f88f416f74eeccb58398f1f7667b3515d0.1980x.webp\",\"datePublished\":\"2025-04-09T02:30:23+00:00\",\"dateModified\":\"2025-10-17T10:00:22+00:00\",\"breadcrumb\":{\"@id\":\"https:\/\/www.kress.com\/es-es\/robot-cortacesped-kress-rtk%e2%81%bf-de-8-000-m%c2%b2-con-oas-sistema-de-prevencion-de-obstaculos-kr230e\/#breadcrumb\"},\"inLanguage\":\"es\",\"potentialAction\":[{\"@type\":\"ReadAction\",\"target\":[\"https:\/\/www.kress.com\/es-es\/robot-cortacesped-kress-rtk%e2%81%bf-de-8-000-m%c2%b2-con-oas-sistema-de-prevencion-de-obstaculos-kr230e\/\"]}]},{\"@type\":\"ImageObject\",\"inLanguage\":\"es\",\"@id\":\"https:\/\/www.kress.com\/es-es\/robot-cortacesped-kress-rtk%e2%81%bf-de-8-000-m%c2%b2-con-oas-sistema-de-prevencion-de-obstaculos-kr230e\/#primaryimage\",\"url\":\"https:\/\/www.kress.com\/wp-content\/uploads\/onpage\/op_image_f744c4f88f416f74eeccb58398f1f7667b3515d0.1980x.webp\",\"contentUrl\":\"https:\/\/www.kress.com\/wp-content\/uploads\/onpage\/op_image_f744c4f88f416f74eeccb58398f1f7667b3515d0.1980x.webp\",\"width\":1980,\"height\":1980},{\"@type\":\"BreadcrumbList\",\"@id\":\"https:\/\/www.kress.com\/es-es\/robot-cortacesped-kress-rtk%e2%81%bf-de-8-000-m%c2%b2-con-oas-sistema-de-prevencion-de-obstaculos-kr230e\/#breadcrumb\",\"itemListElement\":[{\"@type\":\"ListItem\",\"position\":1,\"name\":\"Home\",\"item\":\"https:\/\/www.kress.com\/es-es\/\"},{\"@type\":\"ListItem\",\"position\":2,\"name\":\"Produits\",\"item\":\"https:\/\/www.kress.com\/fr-fr\/shop\/\"},{\"@type\":\"ListItem\",\"position\":3,\"name\":\"Robot cortac\u00e9sped Kress RTK\u207f de 8.000 m\u00b2 con OAS (sistema de prevenci\u00f3n de obst\u00e1culos)\"}]},{\"@type\":\"WebSite\",\"@id\":\"https:\/\/www.kress.com\/de-de\/#website\",\"url\":\"https:\/\/www.kress.com\/de-de\/\",\"name\":\"Kress\",\"description\":\"\",\"publisher\":{\"@id\":\"https:\/\/www.kress.com\/de-de\/#organization\"},\"potentialAction\":[{\"@type\":\"SearchAction\",\"target\":{\"@type\":\"EntryPoint\",\"urlTemplate\":\"https:\/\/www.kress.com\/de-de\/?s={search_term_string}\"},\"query-input\":{\"@type\":\"PropertyValueSpecification\",\"valueRequired\":true,\"valueName\":\"search_term_string\"}}],\"inLanguage\":\"es\"},{\"@type\":\"Organization\",\"@id\":\"https:\/\/www.kress.com\/de-de\/#organization\",\"name\":\"Kress\",\"url\":\"https:\/\/www.kress.com\/de-de\/\",\"logo\":{\"@type\":\"ImageObject\",\"inLanguage\":\"es\",\"@id\":\"https:\/\/www.kress.com\/de-de\/#\/schema\/logo\/image\/\",\"url\":\"https:\/\/www.kress.com\/wp-content\/uploads\/2024\/02\/logo.png\",\"contentUrl\":\"https:\/\/www.kress.com\/wp-content\/uploads\/2024\/02\/logo.png\",\"width\":696,\"height\":696,\"caption\":\"Kress\"},\"image\":{\"@id\":\"https:\/\/www.kress.com\/de-de\/#\/schema\/logo\/image\/\"}}]}<\/script>\n<!-- \/ Yoast SEO Premium plugin. -->","yoast_head_json":{"title":"Robot cortac\u00e9sped Kress RTK\u207f de 8.000 m\u00b2 con OAS (sistema de prevenci\u00f3n de obst\u00e1culos) | Kress","robots":{"index":"index","follow":"follow","max-snippet":"max-snippet:-1","max-image-preview":"max-image-preview:large","max-video-preview":"max-video-preview:-1"},"og_locale":"es_ES","og_type":"article","og_title":"Robot cortac\u00e9sped Kress RTK\u207f de 8.000 m\u00b2 con OAS (sistema de prevenci\u00f3n de obst\u00e1culos)","og_description":"El robot cortac\u00e9sped KR230E, que redefine la precisi\u00f3n en el cuidado del c\u00e9sped con la tecnolog\u00eda RTK\u207f de Kress, introduce la precisi\u00f3n centim\u00e9trica guiada por sat\u00e9lite sin necesidad de antenas fijas espec\u00edficas de la propiedad. Equipado con cuchillas afiladas de doble capa y un sistema de evitaci\u00f3n de obst\u00e1culos, el KR230E funciona eficazmente en cualquier [&hellip;]","og_url":"https:\/\/www.kress.com\/es-es\/robot-cortacesped-kress-rtk\u207f-de-8-000-m\u00b2-con-oas-sistema-de-prevencion-de-obstaculos-kr230e\/","og_site_name":"Kress","article_modified_time":"2025-10-17T10:00:22+00:00","og_image":[{"width":1980,"height":1980,"url":"https:\/\/www.kress.com\/wp-content\/uploads\/onpage\/op_image_f744c4f88f416f74eeccb58398f1f7667b3515d0.1980x.webp","type":"image\/webp"}],"twitter_card":"summary_large_image","schema":{"@context":"https:\/\/schema.org","@graph":[{"@type":"WebPage","@id":"https:\/\/www.kress.com\/es-es\/robot-cortacesped-kress-rtk%e2%81%bf-de-8-000-m%c2%b2-con-oas-sistema-de-prevencion-de-obstaculos-kr230e\/","url":"https:\/\/www.kress.com\/es-es\/robot-cortacesped-kress-rtk%e2%81%bf-de-8-000-m%c2%b2-con-oas-sistema-de-prevencion-de-obstaculos-kr230e\/","name":"Robot cortac\u00e9sped Kress RTK\u207f de 8.000 m\u00b2 con OAS (sistema de prevenci\u00f3n de obst\u00e1culos) | Kress","isPartOf":{"@id":"https:\/\/www.kress.com\/de-de\/#website"},"primaryImageOfPage":{"@id":"https:\/\/www.kress.com\/es-es\/robot-cortacesped-kress-rtk%e2%81%bf-de-8-000-m%c2%b2-con-oas-sistema-de-prevencion-de-obstaculos-kr230e\/#primaryimage"},"image":{"@id":"https:\/\/www.kress.com\/es-es\/robot-cortacesped-kress-rtk%e2%81%bf-de-8-000-m%c2%b2-con-oas-sistema-de-prevencion-de-obstaculos-kr230e\/#primaryimage"},"thumbnailUrl":"https:\/\/www.kress.com\/wp-content\/uploads\/onpage\/op_image_f744c4f88f416f74eeccb58398f1f7667b3515d0.1980x.webp","datePublished":"2025-04-09T02:30:23+00:00","dateModified":"2025-10-17T10:00:22+00:00","breadcrumb":{"@id":"https:\/\/www.kress.com\/es-es\/robot-cortacesped-kress-rtk%e2%81%bf-de-8-000-m%c2%b2-con-oas-sistema-de-prevencion-de-obstaculos-kr230e\/#breadcrumb"},"inLanguage":"es","potentialAction":[{"@type":"ReadAction","target":["https:\/\/www.kress.com\/es-es\/robot-cortacesped-kress-rtk%e2%81%bf-de-8-000-m%c2%b2-con-oas-sistema-de-prevencion-de-obstaculos-kr230e\/"]}]},{"@type":"ImageObject","inLanguage":"es","@id":"https:\/\/www.kress.com\/es-es\/robot-cortacesped-kress-rtk%e2%81%bf-de-8-000-m%c2%b2-con-oas-sistema-de-prevencion-de-obstaculos-kr230e\/#primaryimage","url":"https:\/\/www.kress.com\/wp-content\/uploads\/onpage\/op_image_f744c4f88f416f74eeccb58398f1f7667b3515d0.1980x.webp","contentUrl":"https:\/\/www.kress.com\/wp-content\/uploads\/onpage\/op_image_f744c4f88f416f74eeccb58398f1f7667b3515d0.1980x.webp","width":1980,"height":1980},{"@type":"BreadcrumbList","@id":"https:\/\/www.kress.com\/es-es\/robot-cortacesped-kress-rtk%e2%81%bf-de-8-000-m%c2%b2-con-oas-sistema-de-prevencion-de-obstaculos-kr230e\/#breadcrumb","itemListElement":[{"@type":"ListItem","position":1,"name":"Home","item":"https:\/\/www.kress.com\/es-es\/"},{"@type":"ListItem","position":2,"name":"Produits","item":"https:\/\/www.kress.com\/fr-fr\/shop\/"},{"@type":"ListItem","position":3,"name":"Robot cortac\u00e9sped Kress RTK\u207f de 8.000 m\u00b2 con OAS (sistema de prevenci\u00f3n de obst\u00e1culos)"}]},{"@type":"WebSite","@id":"https:\/\/www.kress.com\/de-de\/#website","url":"https:\/\/www.kress.com\/de-de\/","name":"Kress","description":"","publisher":{"@id":"https:\/\/www.kress.com\/de-de\/#organization"},"potentialAction":[{"@type":"SearchAction","target":{"@type":"EntryPoint","urlTemplate":"https:\/\/www.kress.com\/de-de\/?s={search_term_string}"},"query-input":{"@type":"PropertyValueSpecification","valueRequired":true,"valueName":"search_term_string"}}],"inLanguage":"es"},{"@type":"Organization","@id":"https:\/\/www.kress.com\/de-de\/#organization","name":"Kress","url":"https:\/\/www.kress.com\/de-de\/","logo":{"@type":"ImageObject","inLanguage":"es","@id":"https:\/\/www.kress.com\/de-de\/#\/schema\/logo\/image\/","url":"https:\/\/www.kress.com\/wp-content\/uploads\/2024\/02\/logo.png","contentUrl":"https:\/\/www.kress.com\/wp-content\/uploads\/2024\/02\/logo.png","width":696,"height":696,"caption":"Kress"},"image":{"@id":"https:\/\/www.kress.com\/de-de\/#\/schema\/logo\/image\/"}}]}},"_links":{"self":[{"href":"https:\/\/www.kress.com\/es-es\/wp-json\/wp\/v2\/product\/415701","targetHints":{"allow":["GET"]}}],"collection":[{"href":"https:\/\/www.kress.com\/es-es\/wp-json\/wp\/v2\/product"}],"about":[{"href":"https:\/\/www.kress.com\/es-es\/wp-json\/wp\/v2\/types\/product"}],"wp:featuredmedia":[{"embeddable":true,"href":"https:\/\/www.kress.com\/es-es\/wp-json\/wp\/v2\/media\/407752"}],"wp:attachment":[{"href":"https:\/\/www.kress.com\/es-es\/wp-json\/wp\/v2\/media?parent=415701"}],"wp:term":[{"taxonomy":"product_brand","embeddable":true,"href":"https:\/\/www.kress.com\/es-es\/wp-json\/wp\/v2\/product_brand?post=415701"},{"taxonomy":"product_cat","embeddable":true,"href":"https:\/\/www.kress.com\/es-es\/wp-json\/wp\/v2\/product_cat?post=415701"},{"taxonomy":"product_tag","embeddable":true,"href":"https:\/\/www.kress.com\/es-es\/wp-json\/wp\/v2\/product_tag?post=415701"}],"curies":[{"name":"wp","href":"https:\/\/api.w.org\/{rel}","templated":true}]}}