{"id":38092,"date":"2024-03-26T08:16:52","date_gmt":"2024-03-26T08:16:52","guid":{"rendered":""},"modified":"2025-10-17T10:00:22","modified_gmt":"2025-10-17T10:00:22","slug":"recortadora-de-cesped-de-60-v-con-multiples-accesorios-kg163-9","status":"publish","type":"product","link":"https:\/\/www.kress.com\/es-es\/recortadora-de-cesped-de-60-v-con-multiples-accesorios-kg163-9\/","title":{"rendered":"Recortadora de c\u00e9sped profesional de 60 V con m\u00faltiples accesorios"},"content":{"rendered":"<p>Cortabordes de alto rendimiento Kress de 60 V y 41 cm, dise\u00f1ado para el mantenimiento profesional frecuente del jard\u00edn. Este cortabordes cuenta con un potente motor sin escobillas de 1,2 kW que proporciona la potencia de los cortabordes de gasolina sin las emisiones y los inconvenientes de los motores de gasolina. El hilo de 2,4 mm de grosor corta suavemente la hierba densa, mientras que el cabezal de corte con sistema de carga r\u00e1pida permite enrollar el hilo sin esfuerzo en cuesti\u00f3n de segundos. Esta herramienta es compatible con m\u00faltiples accesorios para diferentes usos.<\/p>\n","protected":false},"excerpt":{"rendered":"<p>Cortabordes de alto rendimiento Kress de 60 V y 41 cm, dise\u00f1ado para el mantenimiento profesional frecuente del jard\u00edn. Este cortabordes cuenta con un potente motor sin escobillas de 1,2 kW que proporciona la potencia de los cortabordes de gasolina sin las emisiones y los inconvenientes de los motores de gasolina. El hilo de 2,4 [&hellip;]<\/p>\n","protected":false},"featured_media":409288,"template":"","meta":{"_acf_changed":false},"product_brand":[],"product_cat":[],"product_tag":[],"class_list":{"0":"post-38092","1":"product","2":"type-product","3":"status-publish","4":"has-post-thumbnail","7":"first","8":"instock","9":"shipping-taxable","10":"purchasable","11":"product-type-simple"},"acf":[],"yoast_head":"<!-- This site is optimized with the Yoast SEO Premium plugin v26.5 (Yoast SEO v27.0) - https:\/\/yoast.com\/product\/yoast-seo-premium-wordpress\/ -->\n<title>Recortadora de c\u00e9sped profesional de 60 V con m\u00faltiples accesorios | Kress<\/title>\n<meta name=\"robots\" content=\"index, follow, max-snippet:-1, max-image-preview:large, max-video-preview:-1\" \/>\n<meta property=\"og:locale\" content=\"es_ES\" \/>\n<meta property=\"og:type\" content=\"article\" \/>\n<meta property=\"og:title\" content=\"Recortadora de c\u00e9sped profesional de 60 V con m\u00faltiples accesorios\" \/>\n<meta property=\"og:description\" content=\"Cortabordes de alto rendimiento Kress de 60 V y 41 cm, dise\u00f1ado para el mantenimiento profesional frecuente del jard\u00edn. Este cortabordes cuenta con un potente motor sin escobillas de 1,2 kW que proporciona la potencia de los cortabordes de gasolina sin las emisiones y los inconvenientes de los motores de gasolina. El hilo de 2,4 [&hellip;]\" \/>\n<meta property=\"og:url\" content=\"https:\/\/www.kress.com\/es-es\/recortadora-de-cesped-de-60-v-con-multiples-accesorios-kg163-9\/\" \/>\n<meta property=\"og:site_name\" content=\"Kress\" \/>\n<meta property=\"article:modified_time\" content=\"2025-10-17T10:00:22+00:00\" \/>\n<meta property=\"og:image\" content=\"https:\/\/www.kress.com\/wp-content\/uploads\/onpage\/op_image_80e1a7a77363cfd9da8c553fe781fc5397479dd7.1980x.webp\" \/>\n\t<meta property=\"og:image:width\" content=\"1980\" \/>\n\t<meta property=\"og:image:height\" content=\"1980\" \/>\n\t<meta property=\"og:image:type\" content=\"image\/webp\" \/>\n<meta name=\"twitter:card\" content=\"summary_large_image\" \/>\n<script type=\"application\/ld+json\" class=\"yoast-schema-graph\">{\"@context\":\"https:\/\/schema.org\",\"@graph\":[{\"@type\":\"WebPage\",\"@id\":\"https:\/\/www.kress.com\/es-es\/recortadora-de-cesped-de-60-v-con-multiples-accesorios-kg163-9\/\",\"url\":\"https:\/\/www.kress.com\/es-es\/recortadora-de-cesped-de-60-v-con-multiples-accesorios-kg163-9\/\",\"name\":\"Recortadora de c\u00e9sped profesional de 60 V con m\u00faltiples accesorios | Kress\",\"isPartOf\":{\"@id\":\"https:\/\/www.kress.com\/de-de\/#website\"},\"primaryImageOfPage\":{\"@id\":\"https:\/\/www.kress.com\/es-es\/recortadora-de-cesped-de-60-v-con-multiples-accesorios-kg163-9\/#primaryimage\"},\"image\":{\"@id\":\"https:\/\/www.kress.com\/es-es\/recortadora-de-cesped-de-60-v-con-multiples-accesorios-kg163-9\/#primaryimage\"},\"thumbnailUrl\":\"https:\/\/www.kress.com\/wp-content\/uploads\/onpage\/op_image_80e1a7a77363cfd9da8c553fe781fc5397479dd7.1980x.webp\",\"datePublished\":\"2024-03-26T08:16:52+00:00\",\"dateModified\":\"2025-10-17T10:00:22+00:00\",\"breadcrumb\":{\"@id\":\"https:\/\/www.kress.com\/es-es\/recortadora-de-cesped-de-60-v-con-multiples-accesorios-kg163-9\/#breadcrumb\"},\"inLanguage\":\"es\",\"potentialAction\":[{\"@type\":\"ReadAction\",\"target\":[\"https:\/\/www.kress.com\/es-es\/recortadora-de-cesped-de-60-v-con-multiples-accesorios-kg163-9\/\"]}]},{\"@type\":\"ImageObject\",\"inLanguage\":\"es\",\"@id\":\"https:\/\/www.kress.com\/es-es\/recortadora-de-cesped-de-60-v-con-multiples-accesorios-kg163-9\/#primaryimage\",\"url\":\"https:\/\/www.kress.com\/wp-content\/uploads\/onpage\/op_image_80e1a7a77363cfd9da8c553fe781fc5397479dd7.1980x.webp\",\"contentUrl\":\"https:\/\/www.kress.com\/wp-content\/uploads\/onpage\/op_image_80e1a7a77363cfd9da8c553fe781fc5397479dd7.1980x.webp\",\"width\":1980,\"height\":1980},{\"@type\":\"BreadcrumbList\",\"@id\":\"https:\/\/www.kress.com\/es-es\/recortadora-de-cesped-de-60-v-con-multiples-accesorios-kg163-9\/#breadcrumb\",\"itemListElement\":[{\"@type\":\"ListItem\",\"position\":1,\"name\":\"Home\",\"item\":\"https:\/\/www.kress.com\/es-es\/\"},{\"@type\":\"ListItem\",\"position\":2,\"name\":\"Produits\",\"item\":\"https:\/\/www.kress.com\/fr-fr\/shop\/\"},{\"@type\":\"ListItem\",\"position\":3,\"name\":\"Recortadora de c\u00e9sped de 60 V con m\u00faltiples accesorios\"}]},{\"@type\":\"WebSite\",\"@id\":\"https:\/\/www.kress.com\/de-de\/#website\",\"url\":\"https:\/\/www.kress.com\/de-de\/\",\"name\":\"Kress\",\"description\":\"\",\"publisher\":{\"@id\":\"https:\/\/www.kress.com\/de-de\/#organization\"},\"potentialAction\":[{\"@type\":\"SearchAction\",\"target\":{\"@type\":\"EntryPoint\",\"urlTemplate\":\"https:\/\/www.kress.com\/de-de\/?s={search_term_string}\"},\"query-input\":{\"@type\":\"PropertyValueSpecification\",\"valueRequired\":true,\"valueName\":\"search_term_string\"}}],\"inLanguage\":\"es\"},{\"@type\":\"Organization\",\"@id\":\"https:\/\/www.kress.com\/de-de\/#organization\",\"name\":\"Kress\",\"url\":\"https:\/\/www.kress.com\/de-de\/\",\"logo\":{\"@type\":\"ImageObject\",\"inLanguage\":\"es\",\"@id\":\"https:\/\/www.kress.com\/de-de\/#\/schema\/logo\/image\/\",\"url\":\"https:\/\/www.kress.com\/wp-content\/uploads\/2024\/02\/logo.png\",\"contentUrl\":\"https:\/\/www.kress.com\/wp-content\/uploads\/2024\/02\/logo.png\",\"width\":696,\"height\":696,\"caption\":\"Kress\"},\"image\":{\"@id\":\"https:\/\/www.kress.com\/de-de\/#\/schema\/logo\/image\/\"}}]}<\/script>\n<!-- \/ Yoast SEO Premium plugin. -->","yoast_head_json":{"title":"Recortadora de c\u00e9sped profesional de 60 V con m\u00faltiples accesorios | Kress","robots":{"index":"index","follow":"follow","max-snippet":"max-snippet:-1","max-image-preview":"max-image-preview:large","max-video-preview":"max-video-preview:-1"},"og_locale":"es_ES","og_type":"article","og_title":"Recortadora de c\u00e9sped profesional de 60 V con m\u00faltiples accesorios","og_description":"Cortabordes de alto rendimiento Kress de 60 V y 41 cm, dise\u00f1ado para el mantenimiento profesional frecuente del jard\u00edn. Este cortabordes cuenta con un potente motor sin escobillas de 1,2 kW que proporciona la potencia de los cortabordes de gasolina sin las emisiones y los inconvenientes de los motores de gasolina. El hilo de 2,4 [&hellip;]","og_url":"https:\/\/www.kress.com\/es-es\/recortadora-de-cesped-de-60-v-con-multiples-accesorios-kg163-9\/","og_site_name":"Kress","article_modified_time":"2025-10-17T10:00:22+00:00","og_image":[{"width":1980,"height":1980,"url":"https:\/\/www.kress.com\/wp-content\/uploads\/onpage\/op_image_80e1a7a77363cfd9da8c553fe781fc5397479dd7.1980x.webp","type":"image\/webp"}],"twitter_card":"summary_large_image","schema":{"@context":"https:\/\/schema.org","@graph":[{"@type":"WebPage","@id":"https:\/\/www.kress.com\/es-es\/recortadora-de-cesped-de-60-v-con-multiples-accesorios-kg163-9\/","url":"https:\/\/www.kress.com\/es-es\/recortadora-de-cesped-de-60-v-con-multiples-accesorios-kg163-9\/","name":"Recortadora de c\u00e9sped profesional de 60 V con m\u00faltiples accesorios | Kress","isPartOf":{"@id":"https:\/\/www.kress.com\/de-de\/#website"},"primaryImageOfPage":{"@id":"https:\/\/www.kress.com\/es-es\/recortadora-de-cesped-de-60-v-con-multiples-accesorios-kg163-9\/#primaryimage"},"image":{"@id":"https:\/\/www.kress.com\/es-es\/recortadora-de-cesped-de-60-v-con-multiples-accesorios-kg163-9\/#primaryimage"},"thumbnailUrl":"https:\/\/www.kress.com\/wp-content\/uploads\/onpage\/op_image_80e1a7a77363cfd9da8c553fe781fc5397479dd7.1980x.webp","datePublished":"2024-03-26T08:16:52+00:00","dateModified":"2025-10-17T10:00:22+00:00","breadcrumb":{"@id":"https:\/\/www.kress.com\/es-es\/recortadora-de-cesped-de-60-v-con-multiples-accesorios-kg163-9\/#breadcrumb"},"inLanguage":"es","potentialAction":[{"@type":"ReadAction","target":["https:\/\/www.kress.com\/es-es\/recortadora-de-cesped-de-60-v-con-multiples-accesorios-kg163-9\/"]}]},{"@type":"ImageObject","inLanguage":"es","@id":"https:\/\/www.kress.com\/es-es\/recortadora-de-cesped-de-60-v-con-multiples-accesorios-kg163-9\/#primaryimage","url":"https:\/\/www.kress.com\/wp-content\/uploads\/onpage\/op_image_80e1a7a77363cfd9da8c553fe781fc5397479dd7.1980x.webp","contentUrl":"https:\/\/www.kress.com\/wp-content\/uploads\/onpage\/op_image_80e1a7a77363cfd9da8c553fe781fc5397479dd7.1980x.webp","width":1980,"height":1980},{"@type":"BreadcrumbList","@id":"https:\/\/www.kress.com\/es-es\/recortadora-de-cesped-de-60-v-con-multiples-accesorios-kg163-9\/#breadcrumb","itemListElement":[{"@type":"ListItem","position":1,"name":"Home","item":"https:\/\/www.kress.com\/es-es\/"},{"@type":"ListItem","position":2,"name":"Produits","item":"https:\/\/www.kress.com\/fr-fr\/shop\/"},{"@type":"ListItem","position":3,"name":"Recortadora de c\u00e9sped de 60 V con m\u00faltiples accesorios"}]},{"@type":"WebSite","@id":"https:\/\/www.kress.com\/de-de\/#website","url":"https:\/\/www.kress.com\/de-de\/","name":"Kress","description":"","publisher":{"@id":"https:\/\/www.kress.com\/de-de\/#organization"},"potentialAction":[{"@type":"SearchAction","target":{"@type":"EntryPoint","urlTemplate":"https:\/\/www.kress.com\/de-de\/?s={search_term_string}"},"query-input":{"@type":"PropertyValueSpecification","valueRequired":true,"valueName":"search_term_string"}}],"inLanguage":"es"},{"@type":"Organization","@id":"https:\/\/www.kress.com\/de-de\/#organization","name":"Kress","url":"https:\/\/www.kress.com\/de-de\/","logo":{"@type":"ImageObject","inLanguage":"es","@id":"https:\/\/www.kress.com\/de-de\/#\/schema\/logo\/image\/","url":"https:\/\/www.kress.com\/wp-content\/uploads\/2024\/02\/logo.png","contentUrl":"https:\/\/www.kress.com\/wp-content\/uploads\/2024\/02\/logo.png","width":696,"height":696,"caption":"Kress"},"image":{"@id":"https:\/\/www.kress.com\/de-de\/#\/schema\/logo\/image\/"}}]}},"_links":{"self":[{"href":"https:\/\/www.kress.com\/es-es\/wp-json\/wp\/v2\/product\/38092","targetHints":{"allow":["GET"]}}],"collection":[{"href":"https:\/\/www.kress.com\/es-es\/wp-json\/wp\/v2\/product"}],"about":[{"href":"https:\/\/www.kress.com\/es-es\/wp-json\/wp\/v2\/types\/product"}],"wp:featuredmedia":[{"embeddable":true,"href":"https:\/\/www.kress.com\/es-es\/wp-json\/wp\/v2\/media\/409288"}],"wp:attachment":[{"href":"https:\/\/www.kress.com\/es-es\/wp-json\/wp\/v2\/media?parent=38092"}],"wp:term":[{"taxonomy":"product_brand","embeddable":true,"href":"https:\/\/www.kress.com\/es-es\/wp-json\/wp\/v2\/product_brand?post=38092"},{"taxonomy":"product_cat","embeddable":true,"href":"https:\/\/www.kress.com\/es-es\/wp-json\/wp\/v2\/product_cat?post=38092"},{"taxonomy":"product_tag","embeddable":true,"href":"https:\/\/www.kress.com\/es-es\/wp-json\/wp\/v2\/product_tag?post=38092"}],"curies":[{"name":"wp","href":"https:\/\/api.w.org\/{rel}","templated":true}]}}