{"id":35740,"date":"2024-03-26T08:16:41","date_gmt":"2024-03-26T08:16:41","guid":{"rendered":""},"modified":"2025-10-17T10:00:22","modified_gmt":"2025-10-17T10:00:22","slug":"kit-taladro-atornillador-sin-escobillas-kress-20-v-max-sin-escobillas-60-nm-2-velocidades-13-mm-kua71","status":"publish","type":"product","link":"https:\/\/www.kress.com\/es-es\/kit-taladro-atornillador-sin-escobillas-kress-20-v-max-sin-escobillas-60-nm-2-velocidades-13-mm-kua71\/","title":{"rendered":"Kit taladro atornillador sin escobillas Kress 20 V Max sin escobillas 60 Nm 2 velocidades 13 mm"},"content":{"rendered":"<p>Dise\u00f1ado con la innovadora tecnolog\u00eda sin escobillas que proporciona un tama\u00f1o m\u00e1s compacto, hasta 10 veces m\u00e1s vida \u00fatil del motor y un 50% m\u00e1s de tiempo de funcionamiento, el taladro atornillador Kress KUA71 20 V 60 Nm 13 mm est\u00e1 dise\u00f1ado para producir una alta eficiencia y una mayor precisi\u00f3n. Dispone de un portabrocas met\u00e1lico de 13 mm para trabajos pesados, ajuste variable de 2 velocidades, par m\u00e1ximo de 60 Nm y 18+1 posiciones de embrague. Con una longitud compacta de 165 mm, el KUA71 es ideal para acceder a esquinas estrechas con una luz LED para zonas poco iluminadas. Adecuado para taladrar madera, metal, pl\u00e1sticos y otras tareas de atornillado y su dise\u00f1o ergon\u00f3mico ofrece un mejor control. Se presenta en un robusto malet\u00edn apilable para facilitar su transporte y almacenamiento.<\/p>\n","protected":false},"excerpt":{"rendered":"<p>Dise\u00f1ado con la innovadora tecnolog\u00eda sin escobillas que proporciona un tama\u00f1o m\u00e1s compacto, hasta 10 veces m\u00e1s vida \u00fatil del motor y un 50% m\u00e1s de tiempo de funcionamiento, el taladro atornillador Kress KUA71 20 V 60 Nm 13 mm est\u00e1 dise\u00f1ado para producir una alta eficiencia y una mayor precisi\u00f3n. Dispone de un portabrocas [&hellip;]<\/p>\n","protected":false},"featured_media":0,"template":"","meta":{"_acf_changed":false},"product_brand":[],"product_cat":[],"product_tag":[],"class_list":{"0":"post-35740","1":"product","2":"type-product","3":"status-publish","6":"first","7":"instock","8":"shipping-taxable","9":"product-type-simple"},"acf":[],"yoast_head":"<!-- This site is optimized with the Yoast SEO Premium plugin v26.5 (Yoast SEO v27.0) - https:\/\/yoast.com\/product\/yoast-seo-premium-wordpress\/ -->\n<title>Kit taladro atornillador sin escobillas Kress 20 V Max sin escobillas 60 Nm 2 velocidades 13 mm | Kress<\/title>\n<meta name=\"robots\" content=\"index, follow, max-snippet:-1, max-image-preview:large, max-video-preview:-1\" \/>\n<meta property=\"og:locale\" content=\"es_ES\" \/>\n<meta property=\"og:type\" content=\"article\" \/>\n<meta property=\"og:title\" content=\"Kit taladro atornillador sin escobillas Kress 20 V Max sin escobillas 60 Nm 2 velocidades 13 mm\" \/>\n<meta property=\"og:description\" content=\"Dise\u00f1ado con la innovadora tecnolog\u00eda sin escobillas que proporciona un tama\u00f1o m\u00e1s compacto, hasta 10 veces m\u00e1s vida \u00fatil del motor y un 50% m\u00e1s de tiempo de funcionamiento, el taladro atornillador Kress KUA71 20 V 60 Nm 13 mm est\u00e1 dise\u00f1ado para producir una alta eficiencia y una mayor precisi\u00f3n. Dispone de un portabrocas [&hellip;]\" \/>\n<meta property=\"og:url\" content=\"https:\/\/www.kress.com\/es-es\/kit-taladro-atornillador-sin-escobillas-kress-20-v-max-sin-escobillas-60-nm-2-velocidades-13-mm-kua71\/\" \/>\n<meta property=\"og:site_name\" content=\"Kress\" \/>\n<meta property=\"article:modified_time\" content=\"2025-10-17T10:00:22+00:00\" \/>\n<meta property=\"og:image\" content=\"https:\/\/www.kress.com\/wp-content\/uploads\/2024\/02\/logo_long.png\" \/>\n\t<meta property=\"og:image:width\" content=\"1200\" \/>\n\t<meta property=\"og:image:height\" content=\"675\" \/>\n\t<meta property=\"og:image:type\" content=\"image\/png\" \/>\n<meta name=\"twitter:card\" content=\"summary_large_image\" \/>\n<meta name=\"twitter:label1\" content=\"Tiempo de lectura\" \/>\n\t<meta name=\"twitter:data1\" content=\"1 minuto\" \/>\n<script type=\"application\/ld+json\" class=\"yoast-schema-graph\">{\"@context\":\"https:\/\/schema.org\",\"@graph\":[{\"@type\":\"WebPage\",\"@id\":\"https:\/\/www.kress.com\/es-es\/kit-taladro-atornillador-sin-escobillas-kress-20-v-max-sin-escobillas-60-nm-2-velocidades-13-mm-kua71\/\",\"url\":\"https:\/\/www.kress.com\/es-es\/kit-taladro-atornillador-sin-escobillas-kress-20-v-max-sin-escobillas-60-nm-2-velocidades-13-mm-kua71\/\",\"name\":\"Kit taladro atornillador sin escobillas Kress 20 V Max sin escobillas 60 Nm 2 velocidades 13 mm | Kress\",\"isPartOf\":{\"@id\":\"https:\/\/www.kress.com\/de-de\/#website\"},\"datePublished\":\"2024-03-26T08:16:41+00:00\",\"dateModified\":\"2025-10-17T10:00:22+00:00\",\"breadcrumb\":{\"@id\":\"https:\/\/www.kress.com\/es-es\/kit-taladro-atornillador-sin-escobillas-kress-20-v-max-sin-escobillas-60-nm-2-velocidades-13-mm-kua71\/#breadcrumb\"},\"inLanguage\":\"es\",\"potentialAction\":[{\"@type\":\"ReadAction\",\"target\":[\"https:\/\/www.kress.com\/es-es\/kit-taladro-atornillador-sin-escobillas-kress-20-v-max-sin-escobillas-60-nm-2-velocidades-13-mm-kua71\/\"]}]},{\"@type\":\"BreadcrumbList\",\"@id\":\"https:\/\/www.kress.com\/es-es\/kit-taladro-atornillador-sin-escobillas-kress-20-v-max-sin-escobillas-60-nm-2-velocidades-13-mm-kua71\/#breadcrumb\",\"itemListElement\":[{\"@type\":\"ListItem\",\"position\":1,\"name\":\"Home\",\"item\":\"https:\/\/www.kress.com\/es-es\/\"},{\"@type\":\"ListItem\",\"position\":2,\"name\":\"Produits\",\"item\":\"https:\/\/www.kress.com\/fr-fr\/shop\/\"},{\"@type\":\"ListItem\",\"position\":3,\"name\":\"Kit taladro atornillador sin escobillas Kress 20 V Max sin escobillas 60 Nm 2 velocidades 13 mm\"}]},{\"@type\":\"WebSite\",\"@id\":\"https:\/\/www.kress.com\/de-de\/#website\",\"url\":\"https:\/\/www.kress.com\/de-de\/\",\"name\":\"Kress\",\"description\":\"\",\"publisher\":{\"@id\":\"https:\/\/www.kress.com\/de-de\/#organization\"},\"potentialAction\":[{\"@type\":\"SearchAction\",\"target\":{\"@type\":\"EntryPoint\",\"urlTemplate\":\"https:\/\/www.kress.com\/de-de\/?s={search_term_string}\"},\"query-input\":{\"@type\":\"PropertyValueSpecification\",\"valueRequired\":true,\"valueName\":\"search_term_string\"}}],\"inLanguage\":\"es\"},{\"@type\":\"Organization\",\"@id\":\"https:\/\/www.kress.com\/de-de\/#organization\",\"name\":\"Kress\",\"url\":\"https:\/\/www.kress.com\/de-de\/\",\"logo\":{\"@type\":\"ImageObject\",\"inLanguage\":\"es\",\"@id\":\"https:\/\/www.kress.com\/de-de\/#\/schema\/logo\/image\/\",\"url\":\"https:\/\/www.kress.com\/wp-content\/uploads\/2024\/02\/logo.png\",\"contentUrl\":\"https:\/\/www.kress.com\/wp-content\/uploads\/2024\/02\/logo.png\",\"width\":696,\"height\":696,\"caption\":\"Kress\"},\"image\":{\"@id\":\"https:\/\/www.kress.com\/de-de\/#\/schema\/logo\/image\/\"}}]}<\/script>\n<!-- \/ Yoast SEO Premium plugin. -->","yoast_head_json":{"title":"Kit taladro atornillador sin escobillas Kress 20 V Max sin escobillas 60 Nm 2 velocidades 13 mm | Kress","robots":{"index":"index","follow":"follow","max-snippet":"max-snippet:-1","max-image-preview":"max-image-preview:large","max-video-preview":"max-video-preview:-1"},"og_locale":"es_ES","og_type":"article","og_title":"Kit taladro atornillador sin escobillas Kress 20 V Max sin escobillas 60 Nm 2 velocidades 13 mm","og_description":"Dise\u00f1ado con la innovadora tecnolog\u00eda sin escobillas que proporciona un tama\u00f1o m\u00e1s compacto, hasta 10 veces m\u00e1s vida \u00fatil del motor y un 50% m\u00e1s de tiempo de funcionamiento, el taladro atornillador Kress KUA71 20 V 60 Nm 13 mm est\u00e1 dise\u00f1ado para producir una alta eficiencia y una mayor precisi\u00f3n. Dispone de un portabrocas [&hellip;]","og_url":"https:\/\/www.kress.com\/es-es\/kit-taladro-atornillador-sin-escobillas-kress-20-v-max-sin-escobillas-60-nm-2-velocidades-13-mm-kua71\/","og_site_name":"Kress","article_modified_time":"2025-10-17T10:00:22+00:00","og_image":[{"width":1200,"height":675,"url":"https:\/\/www.kress.com\/wp-content\/uploads\/2024\/02\/logo_long.png","type":"image\/png"}],"twitter_card":"summary_large_image","twitter_misc":{"Tiempo de lectura":"1 minuto"},"schema":{"@context":"https:\/\/schema.org","@graph":[{"@type":"WebPage","@id":"https:\/\/www.kress.com\/es-es\/kit-taladro-atornillador-sin-escobillas-kress-20-v-max-sin-escobillas-60-nm-2-velocidades-13-mm-kua71\/","url":"https:\/\/www.kress.com\/es-es\/kit-taladro-atornillador-sin-escobillas-kress-20-v-max-sin-escobillas-60-nm-2-velocidades-13-mm-kua71\/","name":"Kit taladro atornillador sin escobillas Kress 20 V Max sin escobillas 60 Nm 2 velocidades 13 mm | Kress","isPartOf":{"@id":"https:\/\/www.kress.com\/de-de\/#website"},"datePublished":"2024-03-26T08:16:41+00:00","dateModified":"2025-10-17T10:00:22+00:00","breadcrumb":{"@id":"https:\/\/www.kress.com\/es-es\/kit-taladro-atornillador-sin-escobillas-kress-20-v-max-sin-escobillas-60-nm-2-velocidades-13-mm-kua71\/#breadcrumb"},"inLanguage":"es","potentialAction":[{"@type":"ReadAction","target":["https:\/\/www.kress.com\/es-es\/kit-taladro-atornillador-sin-escobillas-kress-20-v-max-sin-escobillas-60-nm-2-velocidades-13-mm-kua71\/"]}]},{"@type":"BreadcrumbList","@id":"https:\/\/www.kress.com\/es-es\/kit-taladro-atornillador-sin-escobillas-kress-20-v-max-sin-escobillas-60-nm-2-velocidades-13-mm-kua71\/#breadcrumb","itemListElement":[{"@type":"ListItem","position":1,"name":"Home","item":"https:\/\/www.kress.com\/es-es\/"},{"@type":"ListItem","position":2,"name":"Produits","item":"https:\/\/www.kress.com\/fr-fr\/shop\/"},{"@type":"ListItem","position":3,"name":"Kit taladro atornillador sin escobillas Kress 20 V Max sin escobillas 60 Nm 2 velocidades 13 mm"}]},{"@type":"WebSite","@id":"https:\/\/www.kress.com\/de-de\/#website","url":"https:\/\/www.kress.com\/de-de\/","name":"Kress","description":"","publisher":{"@id":"https:\/\/www.kress.com\/de-de\/#organization"},"potentialAction":[{"@type":"SearchAction","target":{"@type":"EntryPoint","urlTemplate":"https:\/\/www.kress.com\/de-de\/?s={search_term_string}"},"query-input":{"@type":"PropertyValueSpecification","valueRequired":true,"valueName":"search_term_string"}}],"inLanguage":"es"},{"@type":"Organization","@id":"https:\/\/www.kress.com\/de-de\/#organization","name":"Kress","url":"https:\/\/www.kress.com\/de-de\/","logo":{"@type":"ImageObject","inLanguage":"es","@id":"https:\/\/www.kress.com\/de-de\/#\/schema\/logo\/image\/","url":"https:\/\/www.kress.com\/wp-content\/uploads\/2024\/02\/logo.png","contentUrl":"https:\/\/www.kress.com\/wp-content\/uploads\/2024\/02\/logo.png","width":696,"height":696,"caption":"Kress"},"image":{"@id":"https:\/\/www.kress.com\/de-de\/#\/schema\/logo\/image\/"}}]}},"_links":{"self":[{"href":"https:\/\/www.kress.com\/es-es\/wp-json\/wp\/v2\/product\/35740","targetHints":{"allow":["GET"]}}],"collection":[{"href":"https:\/\/www.kress.com\/es-es\/wp-json\/wp\/v2\/product"}],"about":[{"href":"https:\/\/www.kress.com\/es-es\/wp-json\/wp\/v2\/types\/product"}],"wp:attachment":[{"href":"https:\/\/www.kress.com\/es-es\/wp-json\/wp\/v2\/media?parent=35740"}],"wp:term":[{"taxonomy":"product_brand","embeddable":true,"href":"https:\/\/www.kress.com\/es-es\/wp-json\/wp\/v2\/product_brand?post=35740"},{"taxonomy":"product_cat","embeddable":true,"href":"https:\/\/www.kress.com\/es-es\/wp-json\/wp\/v2\/product_cat?post=35740"},{"taxonomy":"product_tag","embeddable":true,"href":"https:\/\/www.kress.com\/es-es\/wp-json\/wp\/v2\/product_tag?post=35740"}],"curies":[{"name":"wp","href":"https:\/\/api.w.org\/{rel}","templated":true}]}}