{"id":34788,"date":"2024-03-26T08:16:35","date_gmt":"2024-03-26T08:16:35","guid":{"rendered":""},"modified":"2025-10-17T10:00:22","modified_gmt":"2025-10-17T10:00:22","slug":"kress-rtk%e2%81%bf-robot-cortacesped-de-1-000-m%c2%b2-con-oas-obstacle-avoidance-system-kr161e","status":"publish","type":"product","link":"https:\/\/www.kress.com\/es-es\/kress-rtk%e2%81%bf-robot-cortacesped-de-1-000-m%c2%b2-con-oas-obstacle-avoidance-system-kr161e\/","title":{"rendered":"Kress RTK\u207f Robot cortac\u00e9sped de 1.000 m\u00b2 con OAS (sistema de prevenci\u00f3n de obst\u00e1culos)"},"content":{"rendered":"<p>Redefiniendo la precisi\u00f3n en el cuidado del c\u00e9sped con la tecnolog\u00eda RTK\u207f de Kress, el robot cortac\u00e9sped KR161E introduce precisi\u00f3n a nivel centim\u00e9trico guiada por sat\u00e9lite sin necesidad de antenas fijas espec\u00edficas para la propiedad.<\/p>\n","protected":false},"excerpt":{"rendered":"<p>Redefiniendo la precisi\u00f3n en el cuidado del c\u00e9sped con la tecnolog\u00eda RTK\u207f de Kress, el robot cortac\u00e9sped KR161E introduce precisi\u00f3n a nivel centim\u00e9trico guiada por sat\u00e9lite sin necesidad de antenas fijas espec\u00edficas para la propiedad.<\/p>\n","protected":false},"featured_media":408952,"template":"","meta":{"_acf_changed":false},"product_brand":[],"product_cat":[],"product_tag":[],"class_list":{"0":"post-34788","1":"product","2":"type-product","3":"status-publish","4":"has-post-thumbnail","7":"first","8":"instock","9":"shipping-taxable","10":"purchasable","11":"product-type-simple"},"acf":[],"yoast_head":"<!-- This site is optimized with the Yoast SEO Premium plugin v26.5 (Yoast SEO v27.0) - https:\/\/yoast.com\/product\/yoast-seo-premium-wordpress\/ -->\n<title>Kress RTK\u207f Robot cortac\u00e9sped de 1.000 m\u00b2 con OAS (sistema de prevenci\u00f3n de obst\u00e1culos) | Kress<\/title>\n<meta name=\"robots\" content=\"index, follow, max-snippet:-1, max-image-preview:large, max-video-preview:-1\" \/>\n<meta property=\"og:locale\" content=\"es_ES\" \/>\n<meta property=\"og:type\" content=\"article\" \/>\n<meta property=\"og:title\" content=\"Kress RTK\u207f Robot cortac\u00e9sped de 1.000 m\u00b2 con OAS (sistema de prevenci\u00f3n de obst\u00e1culos)\" \/>\n<meta property=\"og:description\" content=\"Redefiniendo la precisi\u00f3n en el cuidado del c\u00e9sped con la tecnolog\u00eda RTK\u207f de Kress, el robot cortac\u00e9sped KR161E introduce precisi\u00f3n a nivel centim\u00e9trico guiada por sat\u00e9lite sin necesidad de antenas fijas espec\u00edficas para la propiedad.\" \/>\n<meta property=\"og:url\" content=\"https:\/\/www.kress.com\/es-es\/kress-rtk\u207f-robot-cortacesped-de-1-000-m\u00b2-con-oas-obstacle-avoidance-system-kr161e\/\" \/>\n<meta property=\"og:site_name\" content=\"Kress\" \/>\n<meta property=\"article:modified_time\" content=\"2025-10-17T10:00:22+00:00\" \/>\n<meta property=\"og:image\" content=\"https:\/\/www.kress.com\/wp-content\/uploads\/onpage\/op_image_9144e7d10d9138d7add49617c4b9c70872aa4abe.1980x.webp\" \/>\n\t<meta property=\"og:image:width\" content=\"1980\" \/>\n\t<meta property=\"og:image:height\" content=\"1980\" \/>\n\t<meta property=\"og:image:type\" content=\"image\/webp\" \/>\n<meta name=\"twitter:card\" content=\"summary_large_image\" \/>\n<script type=\"application\/ld+json\" class=\"yoast-schema-graph\">{\"@context\":\"https:\/\/schema.org\",\"@graph\":[{\"@type\":\"WebPage\",\"@id\":\"https:\/\/www.kress.com\/es-es\/kress-rtk%e2%81%bf-robot-cortacesped-de-1-000-m%c2%b2-con-oas-obstacle-avoidance-system-kr161e\/\",\"url\":\"https:\/\/www.kress.com\/es-es\/kress-rtk%e2%81%bf-robot-cortacesped-de-1-000-m%c2%b2-con-oas-obstacle-avoidance-system-kr161e\/\",\"name\":\"Kress RTK\u207f Robot cortac\u00e9sped de 1.000 m\u00b2 con OAS (sistema de prevenci\u00f3n de obst\u00e1culos) | Kress\",\"isPartOf\":{\"@id\":\"https:\/\/www.kress.com\/de-de\/#website\"},\"primaryImageOfPage\":{\"@id\":\"https:\/\/www.kress.com\/es-es\/kress-rtk%e2%81%bf-robot-cortacesped-de-1-000-m%c2%b2-con-oas-obstacle-avoidance-system-kr161e\/#primaryimage\"},\"image\":{\"@id\":\"https:\/\/www.kress.com\/es-es\/kress-rtk%e2%81%bf-robot-cortacesped-de-1-000-m%c2%b2-con-oas-obstacle-avoidance-system-kr161e\/#primaryimage\"},\"thumbnailUrl\":\"https:\/\/www.kress.com\/wp-content\/uploads\/onpage\/op_image_9144e7d10d9138d7add49617c4b9c70872aa4abe.1980x.webp\",\"datePublished\":\"2024-03-26T08:16:35+00:00\",\"dateModified\":\"2025-10-17T10:00:22+00:00\",\"breadcrumb\":{\"@id\":\"https:\/\/www.kress.com\/es-es\/kress-rtk%e2%81%bf-robot-cortacesped-de-1-000-m%c2%b2-con-oas-obstacle-avoidance-system-kr161e\/#breadcrumb\"},\"inLanguage\":\"es\",\"potentialAction\":[{\"@type\":\"ReadAction\",\"target\":[\"https:\/\/www.kress.com\/es-es\/kress-rtk%e2%81%bf-robot-cortacesped-de-1-000-m%c2%b2-con-oas-obstacle-avoidance-system-kr161e\/\"]}]},{\"@type\":\"ImageObject\",\"inLanguage\":\"es\",\"@id\":\"https:\/\/www.kress.com\/es-es\/kress-rtk%e2%81%bf-robot-cortacesped-de-1-000-m%c2%b2-con-oas-obstacle-avoidance-system-kr161e\/#primaryimage\",\"url\":\"https:\/\/www.kress.com\/wp-content\/uploads\/onpage\/op_image_9144e7d10d9138d7add49617c4b9c70872aa4abe.1980x.webp\",\"contentUrl\":\"https:\/\/www.kress.com\/wp-content\/uploads\/onpage\/op_image_9144e7d10d9138d7add49617c4b9c70872aa4abe.1980x.webp\",\"width\":1980,\"height\":1980},{\"@type\":\"BreadcrumbList\",\"@id\":\"https:\/\/www.kress.com\/es-es\/kress-rtk%e2%81%bf-robot-cortacesped-de-1-000-m%c2%b2-con-oas-obstacle-avoidance-system-kr161e\/#breadcrumb\",\"itemListElement\":[{\"@type\":\"ListItem\",\"position\":1,\"name\":\"Home\",\"item\":\"https:\/\/www.kress.com\/es-es\/\"},{\"@type\":\"ListItem\",\"position\":2,\"name\":\"Produits\",\"item\":\"https:\/\/www.kress.com\/fr-fr\/shop\/\"},{\"@type\":\"ListItem\",\"position\":3,\"name\":\"Kress RTK\u207f Robot cortac\u00e9sped de 1.000 m\u00b2 con OAS (Obstacle Avoidance System)\"}]},{\"@type\":\"WebSite\",\"@id\":\"https:\/\/www.kress.com\/de-de\/#website\",\"url\":\"https:\/\/www.kress.com\/de-de\/\",\"name\":\"Kress\",\"description\":\"\",\"publisher\":{\"@id\":\"https:\/\/www.kress.com\/de-de\/#organization\"},\"potentialAction\":[{\"@type\":\"SearchAction\",\"target\":{\"@type\":\"EntryPoint\",\"urlTemplate\":\"https:\/\/www.kress.com\/de-de\/?s={search_term_string}\"},\"query-input\":{\"@type\":\"PropertyValueSpecification\",\"valueRequired\":true,\"valueName\":\"search_term_string\"}}],\"inLanguage\":\"es\"},{\"@type\":\"Organization\",\"@id\":\"https:\/\/www.kress.com\/de-de\/#organization\",\"name\":\"Kress\",\"url\":\"https:\/\/www.kress.com\/de-de\/\",\"logo\":{\"@type\":\"ImageObject\",\"inLanguage\":\"es\",\"@id\":\"https:\/\/www.kress.com\/de-de\/#\/schema\/logo\/image\/\",\"url\":\"https:\/\/www.kress.com\/wp-content\/uploads\/2024\/02\/logo.png\",\"contentUrl\":\"https:\/\/www.kress.com\/wp-content\/uploads\/2024\/02\/logo.png\",\"width\":696,\"height\":696,\"caption\":\"Kress\"},\"image\":{\"@id\":\"https:\/\/www.kress.com\/de-de\/#\/schema\/logo\/image\/\"}}]}<\/script>\n<!-- \/ Yoast SEO Premium plugin. -->","yoast_head_json":{"title":"Kress RTK\u207f Robot cortac\u00e9sped de 1.000 m\u00b2 con OAS (sistema de prevenci\u00f3n de obst\u00e1culos) | Kress","robots":{"index":"index","follow":"follow","max-snippet":"max-snippet:-1","max-image-preview":"max-image-preview:large","max-video-preview":"max-video-preview:-1"},"og_locale":"es_ES","og_type":"article","og_title":"Kress RTK\u207f Robot cortac\u00e9sped de 1.000 m\u00b2 con OAS (sistema de prevenci\u00f3n de obst\u00e1culos)","og_description":"Redefiniendo la precisi\u00f3n en el cuidado del c\u00e9sped con la tecnolog\u00eda RTK\u207f de Kress, el robot cortac\u00e9sped KR161E introduce precisi\u00f3n a nivel centim\u00e9trico guiada por sat\u00e9lite sin necesidad de antenas fijas espec\u00edficas para la propiedad.","og_url":"https:\/\/www.kress.com\/es-es\/kress-rtk\u207f-robot-cortacesped-de-1-000-m\u00b2-con-oas-obstacle-avoidance-system-kr161e\/","og_site_name":"Kress","article_modified_time":"2025-10-17T10:00:22+00:00","og_image":[{"width":1980,"height":1980,"url":"https:\/\/www.kress.com\/wp-content\/uploads\/onpage\/op_image_9144e7d10d9138d7add49617c4b9c70872aa4abe.1980x.webp","type":"image\/webp"}],"twitter_card":"summary_large_image","schema":{"@context":"https:\/\/schema.org","@graph":[{"@type":"WebPage","@id":"https:\/\/www.kress.com\/es-es\/kress-rtk%e2%81%bf-robot-cortacesped-de-1-000-m%c2%b2-con-oas-obstacle-avoidance-system-kr161e\/","url":"https:\/\/www.kress.com\/es-es\/kress-rtk%e2%81%bf-robot-cortacesped-de-1-000-m%c2%b2-con-oas-obstacle-avoidance-system-kr161e\/","name":"Kress RTK\u207f Robot cortac\u00e9sped de 1.000 m\u00b2 con OAS (sistema de prevenci\u00f3n de obst\u00e1culos) | Kress","isPartOf":{"@id":"https:\/\/www.kress.com\/de-de\/#website"},"primaryImageOfPage":{"@id":"https:\/\/www.kress.com\/es-es\/kress-rtk%e2%81%bf-robot-cortacesped-de-1-000-m%c2%b2-con-oas-obstacle-avoidance-system-kr161e\/#primaryimage"},"image":{"@id":"https:\/\/www.kress.com\/es-es\/kress-rtk%e2%81%bf-robot-cortacesped-de-1-000-m%c2%b2-con-oas-obstacle-avoidance-system-kr161e\/#primaryimage"},"thumbnailUrl":"https:\/\/www.kress.com\/wp-content\/uploads\/onpage\/op_image_9144e7d10d9138d7add49617c4b9c70872aa4abe.1980x.webp","datePublished":"2024-03-26T08:16:35+00:00","dateModified":"2025-10-17T10:00:22+00:00","breadcrumb":{"@id":"https:\/\/www.kress.com\/es-es\/kress-rtk%e2%81%bf-robot-cortacesped-de-1-000-m%c2%b2-con-oas-obstacle-avoidance-system-kr161e\/#breadcrumb"},"inLanguage":"es","potentialAction":[{"@type":"ReadAction","target":["https:\/\/www.kress.com\/es-es\/kress-rtk%e2%81%bf-robot-cortacesped-de-1-000-m%c2%b2-con-oas-obstacle-avoidance-system-kr161e\/"]}]},{"@type":"ImageObject","inLanguage":"es","@id":"https:\/\/www.kress.com\/es-es\/kress-rtk%e2%81%bf-robot-cortacesped-de-1-000-m%c2%b2-con-oas-obstacle-avoidance-system-kr161e\/#primaryimage","url":"https:\/\/www.kress.com\/wp-content\/uploads\/onpage\/op_image_9144e7d10d9138d7add49617c4b9c70872aa4abe.1980x.webp","contentUrl":"https:\/\/www.kress.com\/wp-content\/uploads\/onpage\/op_image_9144e7d10d9138d7add49617c4b9c70872aa4abe.1980x.webp","width":1980,"height":1980},{"@type":"BreadcrumbList","@id":"https:\/\/www.kress.com\/es-es\/kress-rtk%e2%81%bf-robot-cortacesped-de-1-000-m%c2%b2-con-oas-obstacle-avoidance-system-kr161e\/#breadcrumb","itemListElement":[{"@type":"ListItem","position":1,"name":"Home","item":"https:\/\/www.kress.com\/es-es\/"},{"@type":"ListItem","position":2,"name":"Produits","item":"https:\/\/www.kress.com\/fr-fr\/shop\/"},{"@type":"ListItem","position":3,"name":"Kress RTK\u207f Robot cortac\u00e9sped de 1.000 m\u00b2 con OAS (Obstacle Avoidance System)"}]},{"@type":"WebSite","@id":"https:\/\/www.kress.com\/de-de\/#website","url":"https:\/\/www.kress.com\/de-de\/","name":"Kress","description":"","publisher":{"@id":"https:\/\/www.kress.com\/de-de\/#organization"},"potentialAction":[{"@type":"SearchAction","target":{"@type":"EntryPoint","urlTemplate":"https:\/\/www.kress.com\/de-de\/?s={search_term_string}"},"query-input":{"@type":"PropertyValueSpecification","valueRequired":true,"valueName":"search_term_string"}}],"inLanguage":"es"},{"@type":"Organization","@id":"https:\/\/www.kress.com\/de-de\/#organization","name":"Kress","url":"https:\/\/www.kress.com\/de-de\/","logo":{"@type":"ImageObject","inLanguage":"es","@id":"https:\/\/www.kress.com\/de-de\/#\/schema\/logo\/image\/","url":"https:\/\/www.kress.com\/wp-content\/uploads\/2024\/02\/logo.png","contentUrl":"https:\/\/www.kress.com\/wp-content\/uploads\/2024\/02\/logo.png","width":696,"height":696,"caption":"Kress"},"image":{"@id":"https:\/\/www.kress.com\/de-de\/#\/schema\/logo\/image\/"}}]}},"_links":{"self":[{"href":"https:\/\/www.kress.com\/es-es\/wp-json\/wp\/v2\/product\/34788","targetHints":{"allow":["GET"]}}],"collection":[{"href":"https:\/\/www.kress.com\/es-es\/wp-json\/wp\/v2\/product"}],"about":[{"href":"https:\/\/www.kress.com\/es-es\/wp-json\/wp\/v2\/types\/product"}],"wp:featuredmedia":[{"embeddable":true,"href":"https:\/\/www.kress.com\/es-es\/wp-json\/wp\/v2\/media\/408952"}],"wp:attachment":[{"href":"https:\/\/www.kress.com\/es-es\/wp-json\/wp\/v2\/media?parent=34788"}],"wp:term":[{"taxonomy":"product_brand","embeddable":true,"href":"https:\/\/www.kress.com\/es-es\/wp-json\/wp\/v2\/product_brand?post=34788"},{"taxonomy":"product_cat","embeddable":true,"href":"https:\/\/www.kress.com\/es-es\/wp-json\/wp\/v2\/product_cat?post=34788"},{"taxonomy":"product_tag","embeddable":true,"href":"https:\/\/www.kress.com\/es-es\/wp-json\/wp\/v2\/product_tag?post=34788"}],"curies":[{"name":"wp","href":"https:\/\/api.w.org\/{rel}","templated":true}]}}