{"id":34480,"date":"2024-03-26T08:16:34","date_gmt":"2024-03-26T08:16:34","guid":{"rendered":""},"modified":"2025-10-17T10:00:22","modified_gmt":"2025-10-17T10:00:22","slug":"desbrozadora-60-v-linea-comercial-kc170-9","status":"publish","type":"product","link":"https:\/\/www.kress.com\/es-es\/desbrozadora-60-v-linea-comercial-kc170-9\/","title":{"rendered":"Desbrozadora comercial de 60 V"},"content":{"rendered":"<p>Dise\u00f1ada para empresas de jardiner\u00eda y municipios que buscan integrar pr\u00e1cticas sostenibles en sus operaciones, la desbrozadora Kress KC170 destaca por su equilibrio y maniobrabilidad para trabajos de jardiner\u00eda de precisi\u00f3n. Con una robusta potencia de 1,5 kW que rivaliza con un motor de gasolina de 45 cc, la desbrozadora Kress garantiza un f\u00e1cil manejo y reduce la fatiga. Como parte del CyberSystem Comercial de Kress, ofrece un rendimiento de alta gama con la ventaja de unos costes operativos m\u00e1s bajos en comparaci\u00f3n con los sistemas de gasolina y otros sistemas de bater\u00eda.<\/p>\n","protected":false},"excerpt":{"rendered":"<p>Dise\u00f1ada para empresas de jardiner\u00eda y municipios que buscan integrar pr\u00e1cticas sostenibles en sus operaciones, la desbrozadora Kress KC170 destaca por su equilibrio y maniobrabilidad para trabajos de jardiner\u00eda de precisi\u00f3n. Con una robusta potencia de 1,5 kW que rivaliza con un motor de gasolina de 45 cc, la desbrozadora Kress garantiza un f\u00e1cil manejo [&hellip;]<\/p>\n","protected":false},"featured_media":408760,"template":"","meta":{"_acf_changed":false},"product_brand":[],"product_cat":[],"product_tag":[],"class_list":{"0":"post-34480","1":"product","2":"type-product","3":"status-publish","4":"has-post-thumbnail","7":"first","8":"instock","9":"shipping-taxable","10":"purchasable","11":"product-type-simple"},"acf":[],"yoast_head":"<!-- This site is optimized with the Yoast SEO Premium plugin v26.5 (Yoast SEO v27.0) - https:\/\/yoast.com\/product\/yoast-seo-premium-wordpress\/ -->\n<title>Desbrozadora comercial de 60 V | Kress<\/title>\n<meta name=\"robots\" content=\"index, follow, max-snippet:-1, max-image-preview:large, max-video-preview:-1\" \/>\n<meta property=\"og:locale\" content=\"es_ES\" \/>\n<meta property=\"og:type\" content=\"article\" \/>\n<meta property=\"og:title\" content=\"Desbrozadora comercial de 60 V\" \/>\n<meta property=\"og:description\" content=\"Dise\u00f1ada para empresas de jardiner\u00eda y municipios que buscan integrar pr\u00e1cticas sostenibles en sus operaciones, la desbrozadora Kress KC170 destaca por su equilibrio y maniobrabilidad para trabajos de jardiner\u00eda de precisi\u00f3n. Con una robusta potencia de 1,5 kW que rivaliza con un motor de gasolina de 45 cc, la desbrozadora Kress garantiza un f\u00e1cil manejo [&hellip;]\" \/>\n<meta property=\"og:url\" content=\"https:\/\/www.kress.com\/es-es\/desbrozadora-60-v-linea-comercial-kc170-9\/\" \/>\n<meta property=\"og:site_name\" content=\"Kress\" \/>\n<meta property=\"article:modified_time\" content=\"2025-10-17T10:00:22+00:00\" \/>\n<meta property=\"og:image\" content=\"https:\/\/www.kress.com\/wp-content\/uploads\/2024\/02\/logo_long.png\" \/>\n\t<meta property=\"og:image:width\" content=\"1200\" \/>\n\t<meta property=\"og:image:height\" content=\"675\" \/>\n\t<meta property=\"og:image:type\" content=\"image\/png\" \/>\n<meta name=\"twitter:card\" content=\"summary_large_image\" \/>\n<meta name=\"twitter:label1\" content=\"Tiempo de lectura\" \/>\n\t<meta name=\"twitter:data1\" content=\"1 minuto\" \/>\n<script type=\"application\/ld+json\" class=\"yoast-schema-graph\">{\"@context\":\"https:\/\/schema.org\",\"@graph\":[{\"@type\":\"WebPage\",\"@id\":\"https:\/\/www.kress.com\/es-es\/desbrozadora-60-v-linea-comercial-kc170-9\/\",\"url\":\"https:\/\/www.kress.com\/es-es\/desbrozadora-60-v-linea-comercial-kc170-9\/\",\"name\":\"Desbrozadora comercial de 60 V | Kress\",\"isPartOf\":{\"@id\":\"https:\/\/www.kress.com\/de-de\/#website\"},\"primaryImageOfPage\":{\"@id\":\"https:\/\/www.kress.com\/es-es\/desbrozadora-60-v-linea-comercial-kc170-9\/#primaryimage\"},\"image\":{\"@id\":\"https:\/\/www.kress.com\/es-es\/desbrozadora-60-v-linea-comercial-kc170-9\/#primaryimage\"},\"thumbnailUrl\":\"https:\/\/www.kress.com\/wp-content\/uploads\/onpage\/op_image_bc7511bb3e63cf26b6172d43789956c9772b4e2c.1980x.webp\",\"datePublished\":\"2024-03-26T08:16:34+00:00\",\"dateModified\":\"2025-10-17T10:00:22+00:00\",\"breadcrumb\":{\"@id\":\"https:\/\/www.kress.com\/es-es\/desbrozadora-60-v-linea-comercial-kc170-9\/#breadcrumb\"},\"inLanguage\":\"es\",\"potentialAction\":[{\"@type\":\"ReadAction\",\"target\":[\"https:\/\/www.kress.com\/es-es\/desbrozadora-60-v-linea-comercial-kc170-9\/\"]}]},{\"@type\":\"ImageObject\",\"inLanguage\":\"es\",\"@id\":\"https:\/\/www.kress.com\/es-es\/desbrozadora-60-v-linea-comercial-kc170-9\/#primaryimage\",\"url\":\"https:\/\/www.kress.com\/wp-content\/uploads\/onpage\/op_image_bc7511bb3e63cf26b6172d43789956c9772b4e2c.1980x.webp\",\"contentUrl\":\"https:\/\/www.kress.com\/wp-content\/uploads\/onpage\/op_image_bc7511bb3e63cf26b6172d43789956c9772b4e2c.1980x.webp\",\"width\":1980,\"height\":1980},{\"@type\":\"BreadcrumbList\",\"@id\":\"https:\/\/www.kress.com\/es-es\/desbrozadora-60-v-linea-comercial-kc170-9\/#breadcrumb\",\"itemListElement\":[{\"@type\":\"ListItem\",\"position\":1,\"name\":\"Home\",\"item\":\"https:\/\/www.kress.com\/es-es\/\"},{\"@type\":\"ListItem\",\"position\":2,\"name\":\"Produits\",\"item\":\"https:\/\/www.kress.com\/fr-fr\/shop\/\"},{\"@type\":\"ListItem\",\"position\":3,\"name\":\"Desbrozadora, 60 V, l\u00ednea comercial\"}]},{\"@type\":\"WebSite\",\"@id\":\"https:\/\/www.kress.com\/de-de\/#website\",\"url\":\"https:\/\/www.kress.com\/de-de\/\",\"name\":\"Kress\",\"description\":\"\",\"publisher\":{\"@id\":\"https:\/\/www.kress.com\/de-de\/#organization\"},\"potentialAction\":[{\"@type\":\"SearchAction\",\"target\":{\"@type\":\"EntryPoint\",\"urlTemplate\":\"https:\/\/www.kress.com\/de-de\/?s={search_term_string}\"},\"query-input\":{\"@type\":\"PropertyValueSpecification\",\"valueRequired\":true,\"valueName\":\"search_term_string\"}}],\"inLanguage\":\"es\"},{\"@type\":\"Organization\",\"@id\":\"https:\/\/www.kress.com\/de-de\/#organization\",\"name\":\"Kress\",\"url\":\"https:\/\/www.kress.com\/de-de\/\",\"logo\":{\"@type\":\"ImageObject\",\"inLanguage\":\"es\",\"@id\":\"https:\/\/www.kress.com\/de-de\/#\/schema\/logo\/image\/\",\"url\":\"https:\/\/www.kress.com\/wp-content\/uploads\/2024\/02\/logo.png\",\"contentUrl\":\"https:\/\/www.kress.com\/wp-content\/uploads\/2024\/02\/logo.png\",\"width\":696,\"height\":696,\"caption\":\"Kress\"},\"image\":{\"@id\":\"https:\/\/www.kress.com\/de-de\/#\/schema\/logo\/image\/\"}}]}<\/script>\n<!-- \/ Yoast SEO Premium plugin. -->","yoast_head_json":{"title":"Desbrozadora comercial de 60 V | Kress","robots":{"index":"index","follow":"follow","max-snippet":"max-snippet:-1","max-image-preview":"max-image-preview:large","max-video-preview":"max-video-preview:-1"},"og_locale":"es_ES","og_type":"article","og_title":"Desbrozadora comercial de 60 V","og_description":"Dise\u00f1ada para empresas de jardiner\u00eda y municipios que buscan integrar pr\u00e1cticas sostenibles en sus operaciones, la desbrozadora Kress KC170 destaca por su equilibrio y maniobrabilidad para trabajos de jardiner\u00eda de precisi\u00f3n. Con una robusta potencia de 1,5 kW que rivaliza con un motor de gasolina de 45 cc, la desbrozadora Kress garantiza un f\u00e1cil manejo [&hellip;]","og_url":"https:\/\/www.kress.com\/es-es\/desbrozadora-60-v-linea-comercial-kc170-9\/","og_site_name":"Kress","article_modified_time":"2025-10-17T10:00:22+00:00","og_image":[{"width":1200,"height":675,"url":"https:\/\/www.kress.com\/wp-content\/uploads\/2024\/02\/logo_long.png","type":"image\/png"}],"twitter_card":"summary_large_image","twitter_misc":{"Tiempo de lectura":"1 minuto"},"schema":{"@context":"https:\/\/schema.org","@graph":[{"@type":"WebPage","@id":"https:\/\/www.kress.com\/es-es\/desbrozadora-60-v-linea-comercial-kc170-9\/","url":"https:\/\/www.kress.com\/es-es\/desbrozadora-60-v-linea-comercial-kc170-9\/","name":"Desbrozadora comercial de 60 V | Kress","isPartOf":{"@id":"https:\/\/www.kress.com\/de-de\/#website"},"primaryImageOfPage":{"@id":"https:\/\/www.kress.com\/es-es\/desbrozadora-60-v-linea-comercial-kc170-9\/#primaryimage"},"image":{"@id":"https:\/\/www.kress.com\/es-es\/desbrozadora-60-v-linea-comercial-kc170-9\/#primaryimage"},"thumbnailUrl":"https:\/\/www.kress.com\/wp-content\/uploads\/onpage\/op_image_bc7511bb3e63cf26b6172d43789956c9772b4e2c.1980x.webp","datePublished":"2024-03-26T08:16:34+00:00","dateModified":"2025-10-17T10:00:22+00:00","breadcrumb":{"@id":"https:\/\/www.kress.com\/es-es\/desbrozadora-60-v-linea-comercial-kc170-9\/#breadcrumb"},"inLanguage":"es","potentialAction":[{"@type":"ReadAction","target":["https:\/\/www.kress.com\/es-es\/desbrozadora-60-v-linea-comercial-kc170-9\/"]}]},{"@type":"ImageObject","inLanguage":"es","@id":"https:\/\/www.kress.com\/es-es\/desbrozadora-60-v-linea-comercial-kc170-9\/#primaryimage","url":"https:\/\/www.kress.com\/wp-content\/uploads\/onpage\/op_image_bc7511bb3e63cf26b6172d43789956c9772b4e2c.1980x.webp","contentUrl":"https:\/\/www.kress.com\/wp-content\/uploads\/onpage\/op_image_bc7511bb3e63cf26b6172d43789956c9772b4e2c.1980x.webp","width":1980,"height":1980},{"@type":"BreadcrumbList","@id":"https:\/\/www.kress.com\/es-es\/desbrozadora-60-v-linea-comercial-kc170-9\/#breadcrumb","itemListElement":[{"@type":"ListItem","position":1,"name":"Home","item":"https:\/\/www.kress.com\/es-es\/"},{"@type":"ListItem","position":2,"name":"Produits","item":"https:\/\/www.kress.com\/fr-fr\/shop\/"},{"@type":"ListItem","position":3,"name":"Desbrozadora, 60 V, l\u00ednea comercial"}]},{"@type":"WebSite","@id":"https:\/\/www.kress.com\/de-de\/#website","url":"https:\/\/www.kress.com\/de-de\/","name":"Kress","description":"","publisher":{"@id":"https:\/\/www.kress.com\/de-de\/#organization"},"potentialAction":[{"@type":"SearchAction","target":{"@type":"EntryPoint","urlTemplate":"https:\/\/www.kress.com\/de-de\/?s={search_term_string}"},"query-input":{"@type":"PropertyValueSpecification","valueRequired":true,"valueName":"search_term_string"}}],"inLanguage":"es"},{"@type":"Organization","@id":"https:\/\/www.kress.com\/de-de\/#organization","name":"Kress","url":"https:\/\/www.kress.com\/de-de\/","logo":{"@type":"ImageObject","inLanguage":"es","@id":"https:\/\/www.kress.com\/de-de\/#\/schema\/logo\/image\/","url":"https:\/\/www.kress.com\/wp-content\/uploads\/2024\/02\/logo.png","contentUrl":"https:\/\/www.kress.com\/wp-content\/uploads\/2024\/02\/logo.png","width":696,"height":696,"caption":"Kress"},"image":{"@id":"https:\/\/www.kress.com\/de-de\/#\/schema\/logo\/image\/"}}]}},"_links":{"self":[{"href":"https:\/\/www.kress.com\/es-es\/wp-json\/wp\/v2\/product\/34480","targetHints":{"allow":["GET"]}}],"collection":[{"href":"https:\/\/www.kress.com\/es-es\/wp-json\/wp\/v2\/product"}],"about":[{"href":"https:\/\/www.kress.com\/es-es\/wp-json\/wp\/v2\/types\/product"}],"wp:featuredmedia":[{"embeddable":true,"href":"https:\/\/www.kress.com\/es-es\/wp-json\/wp\/v2\/media\/408760"}],"wp:attachment":[{"href":"https:\/\/www.kress.com\/es-es\/wp-json\/wp\/v2\/media?parent=34480"}],"wp:term":[{"taxonomy":"product_brand","embeddable":true,"href":"https:\/\/www.kress.com\/es-es\/wp-json\/wp\/v2\/product_brand?post=34480"},{"taxonomy":"product_cat","embeddable":true,"href":"https:\/\/www.kress.com\/es-es\/wp-json\/wp\/v2\/product_cat?post=34480"},{"taxonomy":"product_tag","embeddable":true,"href":"https:\/\/www.kress.com\/es-es\/wp-json\/wp\/v2\/product_tag?post=34480"}],"curies":[{"name":"wp","href":"https:\/\/api.w.org\/{rel}","templated":true}]}}