{"id":42868,"date":"2024-03-26T08:17:14","date_gmt":"2024-03-26T08:17:14","guid":{"rendered":""},"modified":"2025-10-17T10:00:22","modified_gmt":"2025-10-17T10:00:22","slug":"kress-commercial-60-v-40-cm-kettensaege-kc310-9","status":"publish","type":"product","link":"https:\/\/www.kress.com\/de-lu\/kress-commercial-60-v-40-cm-kettensaege-kc310-9\/","title":{"rendered":"Handels\u00fcbliche 60-V-Kettens\u00e4ge"},"content":{"rendered":"<p>Die Kress Commercial Kettens\u00e4ge wurde f\u00fcr Landschaftsbaubetriebe und Kommunen entwickelt, die nachhaltige Praktiken in ihren Betrieb integrieren wollen. Sie kombiniert eine beeindruckende Kettengeschwindigkeit von 24 m\/s mit einer robusten 3,0 kW Leistung und einem anhaltenden Drehmoment und bietet damit eine Schneideffizienz, die professionelle Landschaftsg\u00e4rtner noch nicht erlebt haben. Als Teil des Kress Commercial CyberSystems bietet die KC310 High-End-Leistung mit dem Vorteil geringerer Betriebskosten im Vergleich zu Gas- und anderen Akkusystemen.<\/p>\n","protected":false},"excerpt":{"rendered":"<p>Die Kress Commercial Kettens\u00e4ge wurde f\u00fcr Landschaftsbaubetriebe und Kommunen entwickelt, die nachhaltige Praktiken in ihren Betrieb integrieren wollen. Sie kombiniert eine beeindruckende Kettengeschwindigkeit von 24 m\/s mit einer robusten 3,0 kW Leistung und einem anhaltenden Drehmoment und bietet damit eine Schneideffizienz, die professionelle Landschaftsg\u00e4rtner noch nicht erlebt haben. Als Teil des Kress Commercial CyberSystems bietet [&hellip;]<\/p>\n","protected":false},"featured_media":0,"template":"","meta":{"_acf_changed":false},"product_brand":[],"product_cat":[],"product_tag":[],"class_list":{"0":"post-42868","1":"product","2":"type-product","3":"status-publish","6":"first","7":"instock","8":"shipping-taxable","9":"purchasable","10":"product-type-simple"},"acf":[],"yoast_head":"<!-- This site is optimized with the Yoast SEO Premium plugin v26.5 (Yoast SEO v27.0) - https:\/\/yoast.com\/product\/yoast-seo-premium-wordpress\/ -->\n<title>Handels\u00fcbliche 60-V-Kettens\u00e4ge | Kress<\/title>\n<meta name=\"robots\" content=\"index, follow, max-snippet:-1, max-image-preview:large, max-video-preview:-1\" \/>\n<meta property=\"og:locale\" content=\"de_DE\" \/>\n<meta property=\"og:type\" content=\"article\" \/>\n<meta property=\"og:title\" content=\"Handels\u00fcbliche 60-V-Kettens\u00e4ge\" \/>\n<meta property=\"og:description\" content=\"Die Kress Commercial Kettens\u00e4ge wurde f\u00fcr Landschaftsbaubetriebe und Kommunen entwickelt, die nachhaltige Praktiken in ihren Betrieb integrieren wollen. Sie kombiniert eine beeindruckende Kettengeschwindigkeit von 24 m\/s mit einer robusten 3,0 kW Leistung und einem anhaltenden Drehmoment und bietet damit eine Schneideffizienz, die professionelle Landschaftsg\u00e4rtner noch nicht erlebt haben. Als Teil des Kress Commercial CyberSystems bietet [&hellip;]\" \/>\n<meta property=\"og:url\" content=\"https:\/\/www.kress.com\/de-lu\/kress-commercial-60-v-40-cm-kettensaege-kc310-9\/\" \/>\n<meta property=\"og:site_name\" content=\"Kress\" \/>\n<meta property=\"article:modified_time\" content=\"2025-10-17T10:00:22+00:00\" \/>\n<meta property=\"og:image\" content=\"https:\/\/www.kress.com\/wp-content\/uploads\/2024\/02\/logo_long.png\" \/>\n\t<meta property=\"og:image:width\" content=\"1200\" \/>\n\t<meta property=\"og:image:height\" content=\"675\" \/>\n\t<meta property=\"og:image:type\" content=\"image\/png\" \/>\n<meta name=\"twitter:card\" content=\"summary_large_image\" \/>\n<script type=\"application\/ld+json\" class=\"yoast-schema-graph\">{\"@context\":\"https:\/\/schema.org\",\"@graph\":[{\"@type\":\"WebPage\",\"@id\":\"https:\/\/www.kress.com\/de-lu\/kress-commercial-60-v-40-cm-kettensaege-kc310-9\/\",\"url\":\"https:\/\/www.kress.com\/de-lu\/kress-commercial-60-v-40-cm-kettensaege-kc310-9\/\",\"name\":\"Handels\u00fcbliche 60-V-Kettens\u00e4ge | Kress\",\"isPartOf\":{\"@id\":\"https:\/\/www.kress.com\/de-de\/#website\"},\"datePublished\":\"2024-03-26T08:17:14+00:00\",\"dateModified\":\"2025-10-17T10:00:22+00:00\",\"breadcrumb\":{\"@id\":\"https:\/\/www.kress.com\/de-lu\/kress-commercial-60-v-40-cm-kettensaege-kc310-9\/#breadcrumb\"},\"inLanguage\":\"de-LU\",\"potentialAction\":[{\"@type\":\"ReadAction\",\"target\":[\"https:\/\/www.kress.com\/de-lu\/kress-commercial-60-v-40-cm-kettensaege-kc310-9\/\"]}]},{\"@type\":\"BreadcrumbList\",\"@id\":\"https:\/\/www.kress.com\/de-lu\/kress-commercial-60-v-40-cm-kettensaege-kc310-9\/#breadcrumb\",\"itemListElement\":[{\"@type\":\"ListItem\",\"position\":1,\"name\":\"Home\",\"item\":\"https:\/\/www.kress.com\/de-lu\/\"},{\"@type\":\"ListItem\",\"position\":2,\"name\":\"Produits\",\"item\":\"https:\/\/www.kress.com\/fr-fr\/shop\/\"},{\"@type\":\"ListItem\",\"position\":3,\"name\":\"Handels\u00fcbliche 60-V-Kettens\u00e4ge\"}]},{\"@type\":\"WebSite\",\"@id\":\"https:\/\/www.kress.com\/de-de\/#website\",\"url\":\"https:\/\/www.kress.com\/de-de\/\",\"name\":\"Kress\",\"description\":\"\",\"publisher\":{\"@id\":\"https:\/\/www.kress.com\/de-de\/#organization\"},\"potentialAction\":[{\"@type\":\"SearchAction\",\"target\":{\"@type\":\"EntryPoint\",\"urlTemplate\":\"https:\/\/www.kress.com\/de-de\/?s={search_term_string}\"},\"query-input\":{\"@type\":\"PropertyValueSpecification\",\"valueRequired\":true,\"valueName\":\"search_term_string\"}}],\"inLanguage\":\"de-LU\"},{\"@type\":\"Organization\",\"@id\":\"https:\/\/www.kress.com\/de-de\/#organization\",\"name\":\"Kress\",\"url\":\"https:\/\/www.kress.com\/de-de\/\",\"logo\":{\"@type\":\"ImageObject\",\"inLanguage\":\"de-LU\",\"@id\":\"https:\/\/www.kress.com\/de-de\/#\/schema\/logo\/image\/\",\"url\":\"https:\/\/www.kress.com\/wp-content\/uploads\/2024\/02\/logo.png\",\"contentUrl\":\"https:\/\/www.kress.com\/wp-content\/uploads\/2024\/02\/logo.png\",\"width\":696,\"height\":696,\"caption\":\"Kress\"},\"image\":{\"@id\":\"https:\/\/www.kress.com\/de-de\/#\/schema\/logo\/image\/\"}}]}<\/script>\n<!-- \/ Yoast SEO Premium plugin. -->","yoast_head_json":{"title":"Handels\u00fcbliche 60-V-Kettens\u00e4ge | Kress","robots":{"index":"index","follow":"follow","max-snippet":"max-snippet:-1","max-image-preview":"max-image-preview:large","max-video-preview":"max-video-preview:-1"},"og_locale":"de_DE","og_type":"article","og_title":"Handels\u00fcbliche 60-V-Kettens\u00e4ge","og_description":"Die Kress Commercial Kettens\u00e4ge wurde f\u00fcr Landschaftsbaubetriebe und Kommunen entwickelt, die nachhaltige Praktiken in ihren Betrieb integrieren wollen. Sie kombiniert eine beeindruckende Kettengeschwindigkeit von 24 m\/s mit einer robusten 3,0 kW Leistung und einem anhaltenden Drehmoment und bietet damit eine Schneideffizienz, die professionelle Landschaftsg\u00e4rtner noch nicht erlebt haben. Als Teil des Kress Commercial CyberSystems bietet [&hellip;]","og_url":"https:\/\/www.kress.com\/de-lu\/kress-commercial-60-v-40-cm-kettensaege-kc310-9\/","og_site_name":"Kress","article_modified_time":"2025-10-17T10:00:22+00:00","og_image":[{"width":1200,"height":675,"url":"https:\/\/www.kress.com\/wp-content\/uploads\/2024\/02\/logo_long.png","type":"image\/png"}],"twitter_card":"summary_large_image","schema":{"@context":"https:\/\/schema.org","@graph":[{"@type":"WebPage","@id":"https:\/\/www.kress.com\/de-lu\/kress-commercial-60-v-40-cm-kettensaege-kc310-9\/","url":"https:\/\/www.kress.com\/de-lu\/kress-commercial-60-v-40-cm-kettensaege-kc310-9\/","name":"Handels\u00fcbliche 60-V-Kettens\u00e4ge | Kress","isPartOf":{"@id":"https:\/\/www.kress.com\/de-de\/#website"},"datePublished":"2024-03-26T08:17:14+00:00","dateModified":"2025-10-17T10:00:22+00:00","breadcrumb":{"@id":"https:\/\/www.kress.com\/de-lu\/kress-commercial-60-v-40-cm-kettensaege-kc310-9\/#breadcrumb"},"inLanguage":"de-LU","potentialAction":[{"@type":"ReadAction","target":["https:\/\/www.kress.com\/de-lu\/kress-commercial-60-v-40-cm-kettensaege-kc310-9\/"]}]},{"@type":"BreadcrumbList","@id":"https:\/\/www.kress.com\/de-lu\/kress-commercial-60-v-40-cm-kettensaege-kc310-9\/#breadcrumb","itemListElement":[{"@type":"ListItem","position":1,"name":"Home","item":"https:\/\/www.kress.com\/de-lu\/"},{"@type":"ListItem","position":2,"name":"Produits","item":"https:\/\/www.kress.com\/fr-fr\/shop\/"},{"@type":"ListItem","position":3,"name":"Handels\u00fcbliche 60-V-Kettens\u00e4ge"}]},{"@type":"WebSite","@id":"https:\/\/www.kress.com\/de-de\/#website","url":"https:\/\/www.kress.com\/de-de\/","name":"Kress","description":"","publisher":{"@id":"https:\/\/www.kress.com\/de-de\/#organization"},"potentialAction":[{"@type":"SearchAction","target":{"@type":"EntryPoint","urlTemplate":"https:\/\/www.kress.com\/de-de\/?s={search_term_string}"},"query-input":{"@type":"PropertyValueSpecification","valueRequired":true,"valueName":"search_term_string"}}],"inLanguage":"de-LU"},{"@type":"Organization","@id":"https:\/\/www.kress.com\/de-de\/#organization","name":"Kress","url":"https:\/\/www.kress.com\/de-de\/","logo":{"@type":"ImageObject","inLanguage":"de-LU","@id":"https:\/\/www.kress.com\/de-de\/#\/schema\/logo\/image\/","url":"https:\/\/www.kress.com\/wp-content\/uploads\/2024\/02\/logo.png","contentUrl":"https:\/\/www.kress.com\/wp-content\/uploads\/2024\/02\/logo.png","width":696,"height":696,"caption":"Kress"},"image":{"@id":"https:\/\/www.kress.com\/de-de\/#\/schema\/logo\/image\/"}}]}},"_links":{"self":[{"href":"https:\/\/www.kress.com\/de-lu\/wp-json\/wp\/v2\/product\/42868","targetHints":{"allow":["GET"]}}],"collection":[{"href":"https:\/\/www.kress.com\/de-lu\/wp-json\/wp\/v2\/product"}],"about":[{"href":"https:\/\/www.kress.com\/de-lu\/wp-json\/wp\/v2\/types\/product"}],"wp:attachment":[{"href":"https:\/\/www.kress.com\/de-lu\/wp-json\/wp\/v2\/media?parent=42868"}],"wp:term":[{"taxonomy":"product_brand","embeddable":true,"href":"https:\/\/www.kress.com\/de-lu\/wp-json\/wp\/v2\/product_brand?post=42868"},{"taxonomy":"product_cat","embeddable":true,"href":"https:\/\/www.kress.com\/de-lu\/wp-json\/wp\/v2\/product_cat?post=42868"},{"taxonomy":"product_tag","embeddable":true,"href":"https:\/\/www.kress.com\/de-lu\/wp-json\/wp\/v2\/product_tag?post=42868"}],"curies":[{"name":"wp","href":"https:\/\/api.w.org\/{rel}","templated":true}]}}