{"id":42616,"date":"2024-03-26T08:17:13","date_gmt":"2024-03-26T08:17:13","guid":{"rendered":""},"modified":"2025-10-17T10:00:22","modified_gmt":"2025-10-17T10:00:22","slug":"60-v-teleskop-heckenschere-fuer-den-gewerblichen-einsatz-kc240-9","status":"publish","type":"product","link":"https:\/\/www.kress.com\/de-lu\/60-v-teleskop-heckenschere-fuer-den-gewerblichen-einsatz-kc240-9\/","title":{"rendered":"Handels\u00fcbliche 60-V-Stabheckenschere"},"content":{"rendered":"<p>Die Kress Commercial Kurzschaft-Gelenkheckenschere (145\u00b0) ist ein leichtes Kraftpaket mit einer Leistung von 1 kW, die mit der einer 25-cm\u00b3-Gasschere vergleichbar ist, und wurde f\u00fcr Landschaftsbauunternehmen und Kommunen entwickelt, die nachhaltige Praktiken in ihren Betrieb integrieren m\u00f6chten. Die auf Pr\u00e4zision und Leistung ausgelegte Kress KC240 ist ein zuverl\u00e4ssiges Werkzeug f\u00fcr mittelgro\u00dfe Hecken. Der um 145\u00b0 schwenkbare Schneidkopf in Verbindung mit der verl\u00e4ngerten Reichweite bietet Landschaftsg\u00e4rtnern eine au\u00dfergew\u00f6hnliche Reichweite und Man\u00f6vrierf\u00e4higkeit. Als Teil des Kress Commercial CyberSystem bietet er Spitzenleistung mit dem Vorteil geringerer Betriebskosten im Vergleich zu Gas- und anderen Akkusystemen.<\/p>\n","protected":false},"excerpt":{"rendered":"<p>Die Kress Commercial Kurzschaft-Gelenkheckenschere (145\u00b0) ist ein leichtes Kraftpaket mit einer Leistung von 1 kW, die mit der einer 25-cm\u00b3-Gasschere vergleichbar ist, und wurde f\u00fcr Landschaftsbauunternehmen und Kommunen entwickelt, die nachhaltige Praktiken in ihren Betrieb integrieren m\u00f6chten. Die auf Pr\u00e4zision und Leistung ausgelegte Kress KC240 ist ein zuverl\u00e4ssiges Werkzeug f\u00fcr mittelgro\u00dfe Hecken. Der um 145\u00b0 [&hellip;]<\/p>\n","protected":false},"featured_media":410608,"template":"","meta":{"_acf_changed":false},"product_brand":[],"product_cat":[],"product_tag":[],"class_list":{"0":"post-42616","1":"product","2":"type-product","3":"status-publish","4":"has-post-thumbnail","7":"first","8":"instock","9":"shipping-taxable","10":"purchasable","11":"product-type-simple"},"acf":[],"yoast_head":"<!-- This site is optimized with the Yoast SEO Premium plugin v26.5 (Yoast SEO v27.0) - https:\/\/yoast.com\/product\/yoast-seo-premium-wordpress\/ -->\n<title>Handels\u00fcbliche 60-V-Stabheckenschere | Kress<\/title>\n<meta name=\"robots\" content=\"index, follow, max-snippet:-1, max-image-preview:large, max-video-preview:-1\" \/>\n<meta property=\"og:locale\" content=\"de_DE\" \/>\n<meta property=\"og:type\" content=\"article\" \/>\n<meta property=\"og:title\" content=\"Handels\u00fcbliche 60-V-Stabheckenschere\" \/>\n<meta property=\"og:description\" content=\"Die Kress Commercial Kurzschaft-Gelenkheckenschere (145\u00b0) ist ein leichtes Kraftpaket mit einer Leistung von 1 kW, die mit der einer 25-cm\u00b3-Gasschere vergleichbar ist, und wurde f\u00fcr Landschaftsbauunternehmen und Kommunen entwickelt, die nachhaltige Praktiken in ihren Betrieb integrieren m\u00f6chten. Die auf Pr\u00e4zision und Leistung ausgelegte Kress KC240 ist ein zuverl\u00e4ssiges Werkzeug f\u00fcr mittelgro\u00dfe Hecken. Der um 145\u00b0 [&hellip;]\" \/>\n<meta property=\"og:url\" content=\"https:\/\/www.kress.com\/de-lu\/60-v-teleskop-heckenschere-fuer-den-gewerblichen-einsatz-kc240-9\/\" \/>\n<meta property=\"og:site_name\" content=\"Kress\" \/>\n<meta property=\"article:modified_time\" content=\"2025-10-17T10:00:22+00:00\" \/>\n<meta property=\"og:image\" content=\"https:\/\/www.kress.com\/wp-content\/uploads\/onpage\/op_image_3c4f31aa39677ca7602d2da6f981ee05e8d2cb4d.1980x.webp\" \/>\n\t<meta property=\"og:image:width\" content=\"1980\" \/>\n\t<meta property=\"og:image:height\" content=\"1980\" \/>\n\t<meta property=\"og:image:type\" content=\"image\/webp\" \/>\n<meta name=\"twitter:card\" content=\"summary_large_image\" \/>\n<meta name=\"twitter:label1\" content=\"Est. reading time\" \/>\n\t<meta name=\"twitter:data1\" content=\"1 minute\" \/>\n<script type=\"application\/ld+json\" class=\"yoast-schema-graph\">{\"@context\":\"https:\/\/schema.org\",\"@graph\":[{\"@type\":\"WebPage\",\"@id\":\"https:\/\/www.kress.com\/de-lu\/60-v-teleskop-heckenschere-fuer-den-gewerblichen-einsatz-kc240-9\/\",\"url\":\"https:\/\/www.kress.com\/de-lu\/60-v-teleskop-heckenschere-fuer-den-gewerblichen-einsatz-kc240-9\/\",\"name\":\"Handels\u00fcbliche 60-V-Stabheckenschere | Kress\",\"isPartOf\":{\"@id\":\"https:\/\/www.kress.com\/de-de\/#website\"},\"primaryImageOfPage\":{\"@id\":\"https:\/\/www.kress.com\/de-lu\/60-v-teleskop-heckenschere-fuer-den-gewerblichen-einsatz-kc240-9\/#primaryimage\"},\"image\":{\"@id\":\"https:\/\/www.kress.com\/de-lu\/60-v-teleskop-heckenschere-fuer-den-gewerblichen-einsatz-kc240-9\/#primaryimage\"},\"thumbnailUrl\":\"https:\/\/www.kress.com\/wp-content\/uploads\/onpage\/op_image_3c4f31aa39677ca7602d2da6f981ee05e8d2cb4d.1980x.webp\",\"datePublished\":\"2024-03-26T08:17:13+00:00\",\"dateModified\":\"2025-10-17T10:00:22+00:00\",\"breadcrumb\":{\"@id\":\"https:\/\/www.kress.com\/de-lu\/60-v-teleskop-heckenschere-fuer-den-gewerblichen-einsatz-kc240-9\/#breadcrumb\"},\"inLanguage\":\"de-LU\",\"potentialAction\":[{\"@type\":\"ReadAction\",\"target\":[\"https:\/\/www.kress.com\/de-lu\/60-v-teleskop-heckenschere-fuer-den-gewerblichen-einsatz-kc240-9\/\"]}]},{\"@type\":\"ImageObject\",\"inLanguage\":\"de-LU\",\"@id\":\"https:\/\/www.kress.com\/de-lu\/60-v-teleskop-heckenschere-fuer-den-gewerblichen-einsatz-kc240-9\/#primaryimage\",\"url\":\"https:\/\/www.kress.com\/wp-content\/uploads\/onpage\/op_image_3c4f31aa39677ca7602d2da6f981ee05e8d2cb4d.1980x.webp\",\"contentUrl\":\"https:\/\/www.kress.com\/wp-content\/uploads\/onpage\/op_image_3c4f31aa39677ca7602d2da6f981ee05e8d2cb4d.1980x.webp\",\"width\":1980,\"height\":1980},{\"@type\":\"BreadcrumbList\",\"@id\":\"https:\/\/www.kress.com\/de-lu\/60-v-teleskop-heckenschere-fuer-den-gewerblichen-einsatz-kc240-9\/#breadcrumb\",\"itemListElement\":[{\"@type\":\"ListItem\",\"position\":1,\"name\":\"Home\",\"item\":\"https:\/\/www.kress.com\/de-lu\/\"},{\"@type\":\"ListItem\",\"position\":2,\"name\":\"Produits\",\"item\":\"https:\/\/www.kress.com\/fr-fr\/shop\/\"},{\"@type\":\"ListItem\",\"position\":3,\"name\":\"60 V Teleskop-Heckenschere f\u00fcr den gewerblichen Einsatz\"}]},{\"@type\":\"WebSite\",\"@id\":\"https:\/\/www.kress.com\/de-de\/#website\",\"url\":\"https:\/\/www.kress.com\/de-de\/\",\"name\":\"Kress\",\"description\":\"\",\"publisher\":{\"@id\":\"https:\/\/www.kress.com\/de-de\/#organization\"},\"potentialAction\":[{\"@type\":\"SearchAction\",\"target\":{\"@type\":\"EntryPoint\",\"urlTemplate\":\"https:\/\/www.kress.com\/de-de\/?s={search_term_string}\"},\"query-input\":{\"@type\":\"PropertyValueSpecification\",\"valueRequired\":true,\"valueName\":\"search_term_string\"}}],\"inLanguage\":\"de-LU\"},{\"@type\":\"Organization\",\"@id\":\"https:\/\/www.kress.com\/de-de\/#organization\",\"name\":\"Kress\",\"url\":\"https:\/\/www.kress.com\/de-de\/\",\"logo\":{\"@type\":\"ImageObject\",\"inLanguage\":\"de-LU\",\"@id\":\"https:\/\/www.kress.com\/de-de\/#\/schema\/logo\/image\/\",\"url\":\"https:\/\/www.kress.com\/wp-content\/uploads\/2024\/02\/logo.png\",\"contentUrl\":\"https:\/\/www.kress.com\/wp-content\/uploads\/2024\/02\/logo.png\",\"width\":696,\"height\":696,\"caption\":\"Kress\"},\"image\":{\"@id\":\"https:\/\/www.kress.com\/de-de\/#\/schema\/logo\/image\/\"}}]}<\/script>\n<!-- \/ Yoast SEO Premium plugin. -->","yoast_head_json":{"title":"Handels\u00fcbliche 60-V-Stabheckenschere | Kress","robots":{"index":"index","follow":"follow","max-snippet":"max-snippet:-1","max-image-preview":"max-image-preview:large","max-video-preview":"max-video-preview:-1"},"og_locale":"de_DE","og_type":"article","og_title":"Handels\u00fcbliche 60-V-Stabheckenschere","og_description":"Die Kress Commercial Kurzschaft-Gelenkheckenschere (145\u00b0) ist ein leichtes Kraftpaket mit einer Leistung von 1 kW, die mit der einer 25-cm\u00b3-Gasschere vergleichbar ist, und wurde f\u00fcr Landschaftsbauunternehmen und Kommunen entwickelt, die nachhaltige Praktiken in ihren Betrieb integrieren m\u00f6chten. Die auf Pr\u00e4zision und Leistung ausgelegte Kress KC240 ist ein zuverl\u00e4ssiges Werkzeug f\u00fcr mittelgro\u00dfe Hecken. Der um 145\u00b0 [&hellip;]","og_url":"https:\/\/www.kress.com\/de-lu\/60-v-teleskop-heckenschere-fuer-den-gewerblichen-einsatz-kc240-9\/","og_site_name":"Kress","article_modified_time":"2025-10-17T10:00:22+00:00","og_image":[{"width":1980,"height":1980,"url":"https:\/\/www.kress.com\/wp-content\/uploads\/onpage\/op_image_3c4f31aa39677ca7602d2da6f981ee05e8d2cb4d.1980x.webp","type":"image\/webp"}],"twitter_card":"summary_large_image","twitter_misc":{"Est. reading time":"1 minute"},"schema":{"@context":"https:\/\/schema.org","@graph":[{"@type":"WebPage","@id":"https:\/\/www.kress.com\/de-lu\/60-v-teleskop-heckenschere-fuer-den-gewerblichen-einsatz-kc240-9\/","url":"https:\/\/www.kress.com\/de-lu\/60-v-teleskop-heckenschere-fuer-den-gewerblichen-einsatz-kc240-9\/","name":"Handels\u00fcbliche 60-V-Stabheckenschere | Kress","isPartOf":{"@id":"https:\/\/www.kress.com\/de-de\/#website"},"primaryImageOfPage":{"@id":"https:\/\/www.kress.com\/de-lu\/60-v-teleskop-heckenschere-fuer-den-gewerblichen-einsatz-kc240-9\/#primaryimage"},"image":{"@id":"https:\/\/www.kress.com\/de-lu\/60-v-teleskop-heckenschere-fuer-den-gewerblichen-einsatz-kc240-9\/#primaryimage"},"thumbnailUrl":"https:\/\/www.kress.com\/wp-content\/uploads\/onpage\/op_image_3c4f31aa39677ca7602d2da6f981ee05e8d2cb4d.1980x.webp","datePublished":"2024-03-26T08:17:13+00:00","dateModified":"2025-10-17T10:00:22+00:00","breadcrumb":{"@id":"https:\/\/www.kress.com\/de-lu\/60-v-teleskop-heckenschere-fuer-den-gewerblichen-einsatz-kc240-9\/#breadcrumb"},"inLanguage":"de-LU","potentialAction":[{"@type":"ReadAction","target":["https:\/\/www.kress.com\/de-lu\/60-v-teleskop-heckenschere-fuer-den-gewerblichen-einsatz-kc240-9\/"]}]},{"@type":"ImageObject","inLanguage":"de-LU","@id":"https:\/\/www.kress.com\/de-lu\/60-v-teleskop-heckenschere-fuer-den-gewerblichen-einsatz-kc240-9\/#primaryimage","url":"https:\/\/www.kress.com\/wp-content\/uploads\/onpage\/op_image_3c4f31aa39677ca7602d2da6f981ee05e8d2cb4d.1980x.webp","contentUrl":"https:\/\/www.kress.com\/wp-content\/uploads\/onpage\/op_image_3c4f31aa39677ca7602d2da6f981ee05e8d2cb4d.1980x.webp","width":1980,"height":1980},{"@type":"BreadcrumbList","@id":"https:\/\/www.kress.com\/de-lu\/60-v-teleskop-heckenschere-fuer-den-gewerblichen-einsatz-kc240-9\/#breadcrumb","itemListElement":[{"@type":"ListItem","position":1,"name":"Home","item":"https:\/\/www.kress.com\/de-lu\/"},{"@type":"ListItem","position":2,"name":"Produits","item":"https:\/\/www.kress.com\/fr-fr\/shop\/"},{"@type":"ListItem","position":3,"name":"60 V Teleskop-Heckenschere f\u00fcr den gewerblichen Einsatz"}]},{"@type":"WebSite","@id":"https:\/\/www.kress.com\/de-de\/#website","url":"https:\/\/www.kress.com\/de-de\/","name":"Kress","description":"","publisher":{"@id":"https:\/\/www.kress.com\/de-de\/#organization"},"potentialAction":[{"@type":"SearchAction","target":{"@type":"EntryPoint","urlTemplate":"https:\/\/www.kress.com\/de-de\/?s={search_term_string}"},"query-input":{"@type":"PropertyValueSpecification","valueRequired":true,"valueName":"search_term_string"}}],"inLanguage":"de-LU"},{"@type":"Organization","@id":"https:\/\/www.kress.com\/de-de\/#organization","name":"Kress","url":"https:\/\/www.kress.com\/de-de\/","logo":{"@type":"ImageObject","inLanguage":"de-LU","@id":"https:\/\/www.kress.com\/de-de\/#\/schema\/logo\/image\/","url":"https:\/\/www.kress.com\/wp-content\/uploads\/2024\/02\/logo.png","contentUrl":"https:\/\/www.kress.com\/wp-content\/uploads\/2024\/02\/logo.png","width":696,"height":696,"caption":"Kress"},"image":{"@id":"https:\/\/www.kress.com\/de-de\/#\/schema\/logo\/image\/"}}]}},"_links":{"self":[{"href":"https:\/\/www.kress.com\/de-lu\/wp-json\/wp\/v2\/product\/42616","targetHints":{"allow":["GET"]}}],"collection":[{"href":"https:\/\/www.kress.com\/de-lu\/wp-json\/wp\/v2\/product"}],"about":[{"href":"https:\/\/www.kress.com\/de-lu\/wp-json\/wp\/v2\/types\/product"}],"wp:featuredmedia":[{"embeddable":true,"href":"https:\/\/www.kress.com\/de-lu\/wp-json\/wp\/v2\/media\/410608"}],"wp:attachment":[{"href":"https:\/\/www.kress.com\/de-lu\/wp-json\/wp\/v2\/media?parent=42616"}],"wp:term":[{"taxonomy":"product_brand","embeddable":true,"href":"https:\/\/www.kress.com\/de-lu\/wp-json\/wp\/v2\/product_brand?post=42616"},{"taxonomy":"product_cat","embeddable":true,"href":"https:\/\/www.kress.com\/de-lu\/wp-json\/wp\/v2\/product_cat?post=42616"},{"taxonomy":"product_tag","embeddable":true,"href":"https:\/\/www.kress.com\/de-lu\/wp-json\/wp\/v2\/product_tag?post=42616"}],"curies":[{"name":"wp","href":"https:\/\/api.w.org\/{rel}","templated":true}]}}