{"id":41860,"date":"2024-03-26T08:17:09","date_gmt":"2024-03-26T08:17:09","guid":{"rendered":""},"modified":"2025-10-17T10:00:22","modified_gmt":"2025-10-17T10:00:22","slug":"bequemer-gurt-kac132","status":"publish","type":"product","link":"https:\/\/www.kress.com\/de-lu\/bequemer-gurt-kac132\/","title":{"rendered":"Bequemer Gurt"},"content":{"rendered":"<p>Kompatibel mit: KC170<\/p>\n<p>Er bietet eine bessere Gewichtsverteilung, was sowohl den Komfort als auch die Sicherheit erh\u00f6ht. Sein Design ist f\u00fcr Menschen aller Gr\u00f6\u00dfen geeignet und sorgt f\u00fcr ein universell komfortables und sicheres Erlebnis.<\/p>\n","protected":false},"excerpt":{"rendered":"<p>Kompatibel mit: KC170 Er bietet eine bessere Gewichtsverteilung, was sowohl den Komfort als auch die Sicherheit erh\u00f6ht. Sein Design ist f\u00fcr Menschen aller Gr\u00f6\u00dfen geeignet und sorgt f\u00fcr ein universell komfortables und sicheres Erlebnis.<\/p>\n","protected":false},"featured_media":410488,"template":"","meta":{"_acf_changed":false},"product_brand":[],"product_cat":[],"product_tag":[],"class_list":{"0":"post-41860","1":"product","2":"type-product","3":"status-publish","4":"has-post-thumbnail","7":"first","8":"instock","9":"shipping-taxable","10":"purchasable","11":"product-type-simple"},"acf":[],"yoast_head":"<!-- This site is optimized with the Yoast SEO Premium plugin v26.5 (Yoast SEO v27.0) - https:\/\/yoast.com\/product\/yoast-seo-premium-wordpress\/ -->\n<title>Bequemer Gurt | Kress<\/title>\n<meta name=\"robots\" content=\"index, follow, max-snippet:-1, max-image-preview:large, max-video-preview:-1\" \/>\n<meta property=\"og:locale\" content=\"de_DE\" \/>\n<meta property=\"og:type\" content=\"article\" \/>\n<meta property=\"og:title\" content=\"Bequemer Gurt\" \/>\n<meta property=\"og:description\" content=\"Kompatibel mit: KC170 Er bietet eine bessere Gewichtsverteilung, was sowohl den Komfort als auch die Sicherheit erh\u00f6ht. Sein Design ist f\u00fcr Menschen aller Gr\u00f6\u00dfen geeignet und sorgt f\u00fcr ein universell komfortables und sicheres Erlebnis.\" \/>\n<meta property=\"og:url\" content=\"https:\/\/www.kress.com\/de-lu\/bequemer-gurt-kac132\/\" \/>\n<meta property=\"og:site_name\" content=\"Kress\" \/>\n<meta property=\"article:modified_time\" content=\"2025-10-17T10:00:22+00:00\" \/>\n<meta property=\"og:image\" content=\"https:\/\/www.kress.com\/wp-content\/uploads\/onpage\/op_image_dabf50a1f05eeb2f191f06809521373060a6ff1e.1980x.webp\" \/>\n\t<meta property=\"og:image:width\" content=\"1980\" \/>\n\t<meta property=\"og:image:height\" content=\"1980\" \/>\n\t<meta property=\"og:image:type\" content=\"image\/webp\" \/>\n<meta name=\"twitter:card\" content=\"summary_large_image\" \/>\n<script type=\"application\/ld+json\" class=\"yoast-schema-graph\">{\"@context\":\"https:\/\/schema.org\",\"@graph\":[{\"@type\":\"WebPage\",\"@id\":\"https:\/\/www.kress.com\/de-lu\/bequemer-gurt-kac132\/\",\"url\":\"https:\/\/www.kress.com\/de-lu\/bequemer-gurt-kac132\/\",\"name\":\"Bequemer Gurt | Kress\",\"isPartOf\":{\"@id\":\"https:\/\/www.kress.com\/de-de\/#website\"},\"primaryImageOfPage\":{\"@id\":\"https:\/\/www.kress.com\/de-lu\/bequemer-gurt-kac132\/#primaryimage\"},\"image\":{\"@id\":\"https:\/\/www.kress.com\/de-lu\/bequemer-gurt-kac132\/#primaryimage\"},\"thumbnailUrl\":\"https:\/\/www.kress.com\/wp-content\/uploads\/onpage\/op_image_dabf50a1f05eeb2f191f06809521373060a6ff1e.1980x.webp\",\"datePublished\":\"2024-03-26T08:17:09+00:00\",\"dateModified\":\"2025-10-17T10:00:22+00:00\",\"breadcrumb\":{\"@id\":\"https:\/\/www.kress.com\/de-lu\/bequemer-gurt-kac132\/#breadcrumb\"},\"inLanguage\":\"de-LU\",\"potentialAction\":[{\"@type\":\"ReadAction\",\"target\":[\"https:\/\/www.kress.com\/de-lu\/bequemer-gurt-kac132\/\"]}]},{\"@type\":\"ImageObject\",\"inLanguage\":\"de-LU\",\"@id\":\"https:\/\/www.kress.com\/de-lu\/bequemer-gurt-kac132\/#primaryimage\",\"url\":\"https:\/\/www.kress.com\/wp-content\/uploads\/onpage\/op_image_dabf50a1f05eeb2f191f06809521373060a6ff1e.1980x.webp\",\"contentUrl\":\"https:\/\/www.kress.com\/wp-content\/uploads\/onpage\/op_image_dabf50a1f05eeb2f191f06809521373060a6ff1e.1980x.webp\",\"width\":1980,\"height\":1980},{\"@type\":\"BreadcrumbList\",\"@id\":\"https:\/\/www.kress.com\/de-lu\/bequemer-gurt-kac132\/#breadcrumb\",\"itemListElement\":[{\"@type\":\"ListItem\",\"position\":1,\"name\":\"Home\",\"item\":\"https:\/\/www.kress.com\/de-lu\/\"},{\"@type\":\"ListItem\",\"position\":2,\"name\":\"Produits\",\"item\":\"https:\/\/www.kress.com\/fr-fr\/shop\/\"},{\"@type\":\"ListItem\",\"position\":3,\"name\":\"Bequemer Gurt\"}]},{\"@type\":\"WebSite\",\"@id\":\"https:\/\/www.kress.com\/de-de\/#website\",\"url\":\"https:\/\/www.kress.com\/de-de\/\",\"name\":\"Kress\",\"description\":\"\",\"publisher\":{\"@id\":\"https:\/\/www.kress.com\/de-de\/#organization\"},\"potentialAction\":[{\"@type\":\"SearchAction\",\"target\":{\"@type\":\"EntryPoint\",\"urlTemplate\":\"https:\/\/www.kress.com\/de-de\/?s={search_term_string}\"},\"query-input\":{\"@type\":\"PropertyValueSpecification\",\"valueRequired\":true,\"valueName\":\"search_term_string\"}}],\"inLanguage\":\"de-LU\"},{\"@type\":\"Organization\",\"@id\":\"https:\/\/www.kress.com\/de-de\/#organization\",\"name\":\"Kress\",\"url\":\"https:\/\/www.kress.com\/de-de\/\",\"logo\":{\"@type\":\"ImageObject\",\"inLanguage\":\"de-LU\",\"@id\":\"https:\/\/www.kress.com\/de-de\/#\/schema\/logo\/image\/\",\"url\":\"https:\/\/www.kress.com\/wp-content\/uploads\/2024\/02\/logo.png\",\"contentUrl\":\"https:\/\/www.kress.com\/wp-content\/uploads\/2024\/02\/logo.png\",\"width\":696,\"height\":696,\"caption\":\"Kress\"},\"image\":{\"@id\":\"https:\/\/www.kress.com\/de-de\/#\/schema\/logo\/image\/\"}}]}<\/script>\n<!-- \/ Yoast SEO Premium plugin. -->","yoast_head_json":{"title":"Bequemer Gurt | Kress","robots":{"index":"index","follow":"follow","max-snippet":"max-snippet:-1","max-image-preview":"max-image-preview:large","max-video-preview":"max-video-preview:-1"},"og_locale":"de_DE","og_type":"article","og_title":"Bequemer Gurt","og_description":"Kompatibel mit: KC170 Er bietet eine bessere Gewichtsverteilung, was sowohl den Komfort als auch die Sicherheit erh\u00f6ht. Sein Design ist f\u00fcr Menschen aller Gr\u00f6\u00dfen geeignet und sorgt f\u00fcr ein universell komfortables und sicheres Erlebnis.","og_url":"https:\/\/www.kress.com\/de-lu\/bequemer-gurt-kac132\/","og_site_name":"Kress","article_modified_time":"2025-10-17T10:00:22+00:00","og_image":[{"width":1980,"height":1980,"url":"https:\/\/www.kress.com\/wp-content\/uploads\/onpage\/op_image_dabf50a1f05eeb2f191f06809521373060a6ff1e.1980x.webp","type":"image\/webp"}],"twitter_card":"summary_large_image","schema":{"@context":"https:\/\/schema.org","@graph":[{"@type":"WebPage","@id":"https:\/\/www.kress.com\/de-lu\/bequemer-gurt-kac132\/","url":"https:\/\/www.kress.com\/de-lu\/bequemer-gurt-kac132\/","name":"Bequemer Gurt | Kress","isPartOf":{"@id":"https:\/\/www.kress.com\/de-de\/#website"},"primaryImageOfPage":{"@id":"https:\/\/www.kress.com\/de-lu\/bequemer-gurt-kac132\/#primaryimage"},"image":{"@id":"https:\/\/www.kress.com\/de-lu\/bequemer-gurt-kac132\/#primaryimage"},"thumbnailUrl":"https:\/\/www.kress.com\/wp-content\/uploads\/onpage\/op_image_dabf50a1f05eeb2f191f06809521373060a6ff1e.1980x.webp","datePublished":"2024-03-26T08:17:09+00:00","dateModified":"2025-10-17T10:00:22+00:00","breadcrumb":{"@id":"https:\/\/www.kress.com\/de-lu\/bequemer-gurt-kac132\/#breadcrumb"},"inLanguage":"de-LU","potentialAction":[{"@type":"ReadAction","target":["https:\/\/www.kress.com\/de-lu\/bequemer-gurt-kac132\/"]}]},{"@type":"ImageObject","inLanguage":"de-LU","@id":"https:\/\/www.kress.com\/de-lu\/bequemer-gurt-kac132\/#primaryimage","url":"https:\/\/www.kress.com\/wp-content\/uploads\/onpage\/op_image_dabf50a1f05eeb2f191f06809521373060a6ff1e.1980x.webp","contentUrl":"https:\/\/www.kress.com\/wp-content\/uploads\/onpage\/op_image_dabf50a1f05eeb2f191f06809521373060a6ff1e.1980x.webp","width":1980,"height":1980},{"@type":"BreadcrumbList","@id":"https:\/\/www.kress.com\/de-lu\/bequemer-gurt-kac132\/#breadcrumb","itemListElement":[{"@type":"ListItem","position":1,"name":"Home","item":"https:\/\/www.kress.com\/de-lu\/"},{"@type":"ListItem","position":2,"name":"Produits","item":"https:\/\/www.kress.com\/fr-fr\/shop\/"},{"@type":"ListItem","position":3,"name":"Bequemer Gurt"}]},{"@type":"WebSite","@id":"https:\/\/www.kress.com\/de-de\/#website","url":"https:\/\/www.kress.com\/de-de\/","name":"Kress","description":"","publisher":{"@id":"https:\/\/www.kress.com\/de-de\/#organization"},"potentialAction":[{"@type":"SearchAction","target":{"@type":"EntryPoint","urlTemplate":"https:\/\/www.kress.com\/de-de\/?s={search_term_string}"},"query-input":{"@type":"PropertyValueSpecification","valueRequired":true,"valueName":"search_term_string"}}],"inLanguage":"de-LU"},{"@type":"Organization","@id":"https:\/\/www.kress.com\/de-de\/#organization","name":"Kress","url":"https:\/\/www.kress.com\/de-de\/","logo":{"@type":"ImageObject","inLanguage":"de-LU","@id":"https:\/\/www.kress.com\/de-de\/#\/schema\/logo\/image\/","url":"https:\/\/www.kress.com\/wp-content\/uploads\/2024\/02\/logo.png","contentUrl":"https:\/\/www.kress.com\/wp-content\/uploads\/2024\/02\/logo.png","width":696,"height":696,"caption":"Kress"},"image":{"@id":"https:\/\/www.kress.com\/de-de\/#\/schema\/logo\/image\/"}}]}},"_links":{"self":[{"href":"https:\/\/www.kress.com\/de-lu\/wp-json\/wp\/v2\/product\/41860","targetHints":{"allow":["GET"]}}],"collection":[{"href":"https:\/\/www.kress.com\/de-lu\/wp-json\/wp\/v2\/product"}],"about":[{"href":"https:\/\/www.kress.com\/de-lu\/wp-json\/wp\/v2\/types\/product"}],"wp:featuredmedia":[{"embeddable":true,"href":"https:\/\/www.kress.com\/de-lu\/wp-json\/wp\/v2\/media\/410488"}],"wp:attachment":[{"href":"https:\/\/www.kress.com\/de-lu\/wp-json\/wp\/v2\/media?parent=41860"}],"wp:term":[{"taxonomy":"product_brand","embeddable":true,"href":"https:\/\/www.kress.com\/de-lu\/wp-json\/wp\/v2\/product_brand?post=41860"},{"taxonomy":"product_cat","embeddable":true,"href":"https:\/\/www.kress.com\/de-lu\/wp-json\/wp\/v2\/product_cat?post=41860"},{"taxonomy":"product_tag","embeddable":true,"href":"https:\/\/www.kress.com\/de-lu\/wp-json\/wp\/v2\/product_tag?post=41860"}],"curies":[{"name":"wp","href":"https:\/\/api.w.org\/{rel}","templated":true}]}}