{"id":34636,"date":"2024-03-26T08:16:35","date_gmt":"2024-03-26T07:16:35","guid":{"rendered":""},"modified":"2025-10-17T10:00:22","modified_gmt":"2025-10-17T10:00:22","slug":"60-v-rasenmaeher-fuer-den-gewerblichen-einsatz-kc711-9","status":"publish","type":"product","link":"https:\/\/www.kress.com\/de-lu\/60-v-rasenmaeher-fuer-den-gewerblichen-einsatz-kc711-9\/","title":{"rendered":"Gewerblicher 60-V-Rasenm\u00e4her"},"content":{"rendered":"<p>Der selbstfahrende Rasenm\u00e4her Kress Commercial 60 V 51 cm wurde f\u00fcr Landschaftsg\u00e4rtner und Kommunen entwickelt, die nachhaltige Praktiken in ihren Betrieb integrieren wollen, und bietet eine \u00fcberlegene Leistung von 3 kW. Sein drehmomentstarker, b\u00fcrstenloser Motor dringt m\u00fchelos durch dichtes Gras, w\u00e4hrend das 51 cm lange M\u00e4hdeck die Effizienz auf gro\u00dfen Grundst\u00fccken maximiert. Die SmartCut\u2122-Technologie passt die Messerdrehzahl f\u00fcr optimale Leistung und Laufzeit an und sorgt f\u00fcr saubere, gleichm\u00e4\u00dfige Schnitte. Als Teil des Kress Commercial CyberSystem bietet er Spitzenleistung mit dem Vorteil geringerer Betriebskosten im Vergleich zu Gas- und anderen Batteriesystemen.<\/p>\n","protected":false},"excerpt":{"rendered":"<p>Der selbstfahrende Rasenm\u00e4her Kress Commercial 60 V 51 cm wurde f\u00fcr Landschaftsg\u00e4rtner und Kommunen entwickelt, die nachhaltige Praktiken in ihren Betrieb integrieren wollen, und bietet eine \u00fcberlegene Leistung von 3 kW. Sein drehmomentstarker, b\u00fcrstenloser Motor dringt m\u00fchelos durch dichtes Gras, w\u00e4hrend das 51 cm lange M\u00e4hdeck die Effizienz auf gro\u00dfen Grundst\u00fccken maximiert. Die SmartCut\u2122-Technologie passt [&hellip;]<\/p>\n","protected":false},"featured_media":408856,"template":"","meta":{"_acf_changed":false},"product_brand":[],"product_cat":[],"product_tag":[],"class_list":{"0":"post-34636","1":"product","2":"type-product","3":"status-publish","4":"has-post-thumbnail","7":"first","8":"instock","9":"shipping-taxable","10":"purchasable","11":"product-type-simple"},"acf":[],"yoast_head":"<!-- This site is optimized with the Yoast SEO Premium plugin v26.5 (Yoast SEO v27.0) - https:\/\/yoast.com\/product\/yoast-seo-premium-wordpress\/ -->\n<title>Gewerblicher 60-V-Rasenm\u00e4her | Kress<\/title>\n<meta name=\"robots\" content=\"index, follow, max-snippet:-1, max-image-preview:large, max-video-preview:-1\" \/>\n<meta property=\"og:locale\" content=\"de_DE\" \/>\n<meta property=\"og:type\" content=\"article\" \/>\n<meta property=\"og:title\" content=\"Gewerblicher 60-V-Rasenm\u00e4her\" \/>\n<meta property=\"og:description\" content=\"Der selbstfahrende Rasenm\u00e4her Kress Commercial 60 V 51 cm wurde f\u00fcr Landschaftsg\u00e4rtner und Kommunen entwickelt, die nachhaltige Praktiken in ihren Betrieb integrieren wollen, und bietet eine \u00fcberlegene Leistung von 3 kW. Sein drehmomentstarker, b\u00fcrstenloser Motor dringt m\u00fchelos durch dichtes Gras, w\u00e4hrend das 51 cm lange M\u00e4hdeck die Effizienz auf gro\u00dfen Grundst\u00fccken maximiert. Die SmartCut\u2122-Technologie passt [&hellip;]\" \/>\n<meta property=\"og:url\" content=\"https:\/\/www.kress.com\/de-lu\/60-v-rasenmaeher-fuer-den-gewerblichen-einsatz-kc711-9\/\" \/>\n<meta property=\"og:site_name\" content=\"Kress\" \/>\n<meta property=\"article:modified_time\" content=\"2025-10-17T10:00:22+00:00\" \/>\n<meta property=\"og:image\" content=\"https:\/\/www.kress.com\/wp-content\/uploads\/onpage\/op_image_f4724f8eeddc961c6251c4f1c981796f9b644fd5.1980x.webp\" \/>\n\t<meta property=\"og:image:width\" content=\"1980\" \/>\n\t<meta property=\"og:image:height\" content=\"1980\" \/>\n\t<meta property=\"og:image:type\" content=\"image\/webp\" \/>\n<meta name=\"twitter:card\" content=\"summary_large_image\" \/>\n<script type=\"application\/ld+json\" class=\"yoast-schema-graph\">{\"@context\":\"https:\/\/schema.org\",\"@graph\":[{\"@type\":\"WebPage\",\"@id\":\"https:\/\/www.kress.com\/de-lu\/60-v-rasenmaeher-fuer-den-gewerblichen-einsatz-kc711-9\/\",\"url\":\"https:\/\/www.kress.com\/de-lu\/60-v-rasenmaeher-fuer-den-gewerblichen-einsatz-kc711-9\/\",\"name\":\"Gewerblicher 60-V-Rasenm\u00e4her | Kress\",\"isPartOf\":{\"@id\":\"https:\/\/www.kress.com\/de-de\/#website\"},\"primaryImageOfPage\":{\"@id\":\"https:\/\/www.kress.com\/de-lu\/60-v-rasenmaeher-fuer-den-gewerblichen-einsatz-kc711-9\/#primaryimage\"},\"image\":{\"@id\":\"https:\/\/www.kress.com\/de-lu\/60-v-rasenmaeher-fuer-den-gewerblichen-einsatz-kc711-9\/#primaryimage\"},\"thumbnailUrl\":\"https:\/\/www.kress.com\/wp-content\/uploads\/onpage\/op_image_f4724f8eeddc961c6251c4f1c981796f9b644fd5.1980x.webp\",\"datePublished\":\"2024-03-26T07:16:35+00:00\",\"dateModified\":\"2025-10-17T10:00:22+00:00\",\"breadcrumb\":{\"@id\":\"https:\/\/www.kress.com\/de-lu\/60-v-rasenmaeher-fuer-den-gewerblichen-einsatz-kc711-9\/#breadcrumb\"},\"inLanguage\":\"de-LU\",\"potentialAction\":[{\"@type\":\"ReadAction\",\"target\":[\"https:\/\/www.kress.com\/de-lu\/60-v-rasenmaeher-fuer-den-gewerblichen-einsatz-kc711-9\/\"]}]},{\"@type\":\"ImageObject\",\"inLanguage\":\"de-LU\",\"@id\":\"https:\/\/www.kress.com\/de-lu\/60-v-rasenmaeher-fuer-den-gewerblichen-einsatz-kc711-9\/#primaryimage\",\"url\":\"https:\/\/www.kress.com\/wp-content\/uploads\/onpage\/op_image_f4724f8eeddc961c6251c4f1c981796f9b644fd5.1980x.webp\",\"contentUrl\":\"https:\/\/www.kress.com\/wp-content\/uploads\/onpage\/op_image_f4724f8eeddc961c6251c4f1c981796f9b644fd5.1980x.webp\",\"width\":1980,\"height\":1980},{\"@type\":\"BreadcrumbList\",\"@id\":\"https:\/\/www.kress.com\/de-lu\/60-v-rasenmaeher-fuer-den-gewerblichen-einsatz-kc711-9\/#breadcrumb\",\"itemListElement\":[{\"@type\":\"ListItem\",\"position\":1,\"name\":\"Home\",\"item\":\"https:\/\/www.kress.com\/de-lu\/\"},{\"@type\":\"ListItem\",\"position\":2,\"name\":\"Produits\",\"item\":\"https:\/\/www.kress.com\/fr-fr\/shop\/\"},{\"@type\":\"ListItem\",\"position\":3,\"name\":\"60 V Rasenm\u00e4her f\u00fcr den gewerblichen Einsatz\"}]},{\"@type\":\"WebSite\",\"@id\":\"https:\/\/www.kress.com\/de-de\/#website\",\"url\":\"https:\/\/www.kress.com\/de-de\/\",\"name\":\"Kress\",\"description\":\"\",\"publisher\":{\"@id\":\"https:\/\/www.kress.com\/de-de\/#organization\"},\"potentialAction\":[{\"@type\":\"SearchAction\",\"target\":{\"@type\":\"EntryPoint\",\"urlTemplate\":\"https:\/\/www.kress.com\/de-de\/?s={search_term_string}\"},\"query-input\":{\"@type\":\"PropertyValueSpecification\",\"valueRequired\":true,\"valueName\":\"search_term_string\"}}],\"inLanguage\":\"de-LU\"},{\"@type\":\"Organization\",\"@id\":\"https:\/\/www.kress.com\/de-de\/#organization\",\"name\":\"Kress\",\"url\":\"https:\/\/www.kress.com\/de-de\/\",\"logo\":{\"@type\":\"ImageObject\",\"inLanguage\":\"de-LU\",\"@id\":\"https:\/\/www.kress.com\/de-de\/#\/schema\/logo\/image\/\",\"url\":\"https:\/\/www.kress.com\/wp-content\/uploads\/2024\/02\/logo.png\",\"contentUrl\":\"https:\/\/www.kress.com\/wp-content\/uploads\/2024\/02\/logo.png\",\"width\":696,\"height\":696,\"caption\":\"Kress\"},\"image\":{\"@id\":\"https:\/\/www.kress.com\/de-de\/#\/schema\/logo\/image\/\"}}]}<\/script>\n<!-- \/ Yoast SEO Premium plugin. -->","yoast_head_json":{"title":"Gewerblicher 60-V-Rasenm\u00e4her | Kress","robots":{"index":"index","follow":"follow","max-snippet":"max-snippet:-1","max-image-preview":"max-image-preview:large","max-video-preview":"max-video-preview:-1"},"og_locale":"de_DE","og_type":"article","og_title":"Gewerblicher 60-V-Rasenm\u00e4her","og_description":"Der selbstfahrende Rasenm\u00e4her Kress Commercial 60 V 51 cm wurde f\u00fcr Landschaftsg\u00e4rtner und Kommunen entwickelt, die nachhaltige Praktiken in ihren Betrieb integrieren wollen, und bietet eine \u00fcberlegene Leistung von 3 kW. Sein drehmomentstarker, b\u00fcrstenloser Motor dringt m\u00fchelos durch dichtes Gras, w\u00e4hrend das 51 cm lange M\u00e4hdeck die Effizienz auf gro\u00dfen Grundst\u00fccken maximiert. Die SmartCut\u2122-Technologie passt [&hellip;]","og_url":"https:\/\/www.kress.com\/de-lu\/60-v-rasenmaeher-fuer-den-gewerblichen-einsatz-kc711-9\/","og_site_name":"Kress","article_modified_time":"2025-10-17T10:00:22+00:00","og_image":[{"width":1980,"height":1980,"url":"https:\/\/www.kress.com\/wp-content\/uploads\/onpage\/op_image_f4724f8eeddc961c6251c4f1c981796f9b644fd5.1980x.webp","type":"image\/webp"}],"twitter_card":"summary_large_image","schema":{"@context":"https:\/\/schema.org","@graph":[{"@type":"WebPage","@id":"https:\/\/www.kress.com\/de-lu\/60-v-rasenmaeher-fuer-den-gewerblichen-einsatz-kc711-9\/","url":"https:\/\/www.kress.com\/de-lu\/60-v-rasenmaeher-fuer-den-gewerblichen-einsatz-kc711-9\/","name":"Gewerblicher 60-V-Rasenm\u00e4her | Kress","isPartOf":{"@id":"https:\/\/www.kress.com\/de-de\/#website"},"primaryImageOfPage":{"@id":"https:\/\/www.kress.com\/de-lu\/60-v-rasenmaeher-fuer-den-gewerblichen-einsatz-kc711-9\/#primaryimage"},"image":{"@id":"https:\/\/www.kress.com\/de-lu\/60-v-rasenmaeher-fuer-den-gewerblichen-einsatz-kc711-9\/#primaryimage"},"thumbnailUrl":"https:\/\/www.kress.com\/wp-content\/uploads\/onpage\/op_image_f4724f8eeddc961c6251c4f1c981796f9b644fd5.1980x.webp","datePublished":"2024-03-26T07:16:35+00:00","dateModified":"2025-10-17T10:00:22+00:00","breadcrumb":{"@id":"https:\/\/www.kress.com\/de-lu\/60-v-rasenmaeher-fuer-den-gewerblichen-einsatz-kc711-9\/#breadcrumb"},"inLanguage":"de-LU","potentialAction":[{"@type":"ReadAction","target":["https:\/\/www.kress.com\/de-lu\/60-v-rasenmaeher-fuer-den-gewerblichen-einsatz-kc711-9\/"]}]},{"@type":"ImageObject","inLanguage":"de-LU","@id":"https:\/\/www.kress.com\/de-lu\/60-v-rasenmaeher-fuer-den-gewerblichen-einsatz-kc711-9\/#primaryimage","url":"https:\/\/www.kress.com\/wp-content\/uploads\/onpage\/op_image_f4724f8eeddc961c6251c4f1c981796f9b644fd5.1980x.webp","contentUrl":"https:\/\/www.kress.com\/wp-content\/uploads\/onpage\/op_image_f4724f8eeddc961c6251c4f1c981796f9b644fd5.1980x.webp","width":1980,"height":1980},{"@type":"BreadcrumbList","@id":"https:\/\/www.kress.com\/de-lu\/60-v-rasenmaeher-fuer-den-gewerblichen-einsatz-kc711-9\/#breadcrumb","itemListElement":[{"@type":"ListItem","position":1,"name":"Home","item":"https:\/\/www.kress.com\/de-lu\/"},{"@type":"ListItem","position":2,"name":"Produits","item":"https:\/\/www.kress.com\/fr-fr\/shop\/"},{"@type":"ListItem","position":3,"name":"60 V Rasenm\u00e4her f\u00fcr den gewerblichen Einsatz"}]},{"@type":"WebSite","@id":"https:\/\/www.kress.com\/de-de\/#website","url":"https:\/\/www.kress.com\/de-de\/","name":"Kress","description":"","publisher":{"@id":"https:\/\/www.kress.com\/de-de\/#organization"},"potentialAction":[{"@type":"SearchAction","target":{"@type":"EntryPoint","urlTemplate":"https:\/\/www.kress.com\/de-de\/?s={search_term_string}"},"query-input":{"@type":"PropertyValueSpecification","valueRequired":true,"valueName":"search_term_string"}}],"inLanguage":"de-LU"},{"@type":"Organization","@id":"https:\/\/www.kress.com\/de-de\/#organization","name":"Kress","url":"https:\/\/www.kress.com\/de-de\/","logo":{"@type":"ImageObject","inLanguage":"de-LU","@id":"https:\/\/www.kress.com\/de-de\/#\/schema\/logo\/image\/","url":"https:\/\/www.kress.com\/wp-content\/uploads\/2024\/02\/logo.png","contentUrl":"https:\/\/www.kress.com\/wp-content\/uploads\/2024\/02\/logo.png","width":696,"height":696,"caption":"Kress"},"image":{"@id":"https:\/\/www.kress.com\/de-de\/#\/schema\/logo\/image\/"}}]}},"_links":{"self":[{"href":"https:\/\/www.kress.com\/de-lu\/wp-json\/wp\/v2\/product\/34636","targetHints":{"allow":["GET"]}}],"collection":[{"href":"https:\/\/www.kress.com\/de-lu\/wp-json\/wp\/v2\/product"}],"about":[{"href":"https:\/\/www.kress.com\/de-lu\/wp-json\/wp\/v2\/types\/product"}],"wp:featuredmedia":[{"embeddable":true,"href":"https:\/\/www.kress.com\/de-lu\/wp-json\/wp\/v2\/media\/408856"}],"wp:attachment":[{"href":"https:\/\/www.kress.com\/de-lu\/wp-json\/wp\/v2\/media?parent=34636"}],"wp:term":[{"taxonomy":"product_brand","embeddable":true,"href":"https:\/\/www.kress.com\/de-lu\/wp-json\/wp\/v2\/product_brand?post=34636"},{"taxonomy":"product_cat","embeddable":true,"href":"https:\/\/www.kress.com\/de-lu\/wp-json\/wp\/v2\/product_cat?post=34636"},{"taxonomy":"product_tag","embeddable":true,"href":"https:\/\/www.kress.com\/de-lu\/wp-json\/wp\/v2\/product_tag?post=34636"}],"curies":[{"name":"wp","href":"https:\/\/api.w.org\/{rel}","templated":true}]}}