{"id":33320,"date":"2024-03-26T08:16:28","date_gmt":"2024-03-26T08:16:28","guid":{"rendered":""},"modified":"2025-10-17T10:00:22","modified_gmt":"2025-10-17T10:00:22","slug":"60-v-rasenmaeher-kg756e-9","status":"publish","type":"product","link":"https:\/\/www.kress.com\/de-lu\/60-v-rasenmaeher-kg756e-9\/","title":{"rendered":"Professioneller 60-V-Rasenm\u00e4her"},"content":{"rendered":"<p>Der Kress KG756E.9 ist f\u00fcr Profis gebaut, die Leistung und Haltbarkeit verlangen. Mit einem Drehmoment von 8 Nm bew\u00e4ltigt er schwierige Aufgaben mit verstopfungsfreier Pr\u00e4zision. Ein 55-Liter-Fangsack reduziert die Reinigungszeit, w\u00e4hrend die Schnellwechsel-Modi f\u00fcr Mulchen, Absacken oder Seitenauswurf die Effizienz steigern. Er ist f\u00fcr Rasenfl\u00e4chen bis zu 800 m\u00b2 ausgelegt und bietet die Vielseitigkeit und Leistung, um jeden Schnitt sauber und professionell zu gestalten.<\/p>\n","protected":false},"excerpt":{"rendered":"<p>Der Kress KG756E.9 ist f\u00fcr Profis gebaut, die Leistung und Haltbarkeit verlangen. Mit einem Drehmoment von 8 Nm bew\u00e4ltigt er schwierige Aufgaben mit verstopfungsfreier Pr\u00e4zision. Ein 55-Liter-Fangsack reduziert die Reinigungszeit, w\u00e4hrend die Schnellwechsel-Modi f\u00fcr Mulchen, Absacken oder Seitenauswurf die Effizienz steigern. Er ist f\u00fcr Rasenfl\u00e4chen bis zu 800 m\u00b2 ausgelegt und bietet die Vielseitigkeit und [&hellip;]<\/p>\n","protected":false},"featured_media":407968,"template":"","meta":{"_acf_changed":false},"product_brand":[],"product_cat":[],"product_tag":[],"class_list":{"0":"post-33320","1":"product","2":"type-product","3":"status-publish","4":"has-post-thumbnail","7":"first","8":"instock","9":"shipping-taxable","10":"purchasable","11":"product-type-simple"},"acf":[],"yoast_head":"<!-- This site is optimized with the Yoast SEO Premium plugin v26.5 (Yoast SEO v27.0) - https:\/\/yoast.com\/product\/yoast-seo-premium-wordpress\/ -->\n<title>Professioneller 60-V-Rasenm\u00e4her | Kress<\/title>\n<meta name=\"robots\" content=\"index, follow, max-snippet:-1, max-image-preview:large, max-video-preview:-1\" \/>\n<meta property=\"og:locale\" content=\"de_DE\" \/>\n<meta property=\"og:type\" content=\"article\" \/>\n<meta property=\"og:title\" content=\"Professioneller 60-V-Rasenm\u00e4her\" \/>\n<meta property=\"og:description\" content=\"Der Kress KG756E.9 ist f\u00fcr Profis gebaut, die Leistung und Haltbarkeit verlangen. Mit einem Drehmoment von 8 Nm bew\u00e4ltigt er schwierige Aufgaben mit verstopfungsfreier Pr\u00e4zision. Ein 55-Liter-Fangsack reduziert die Reinigungszeit, w\u00e4hrend die Schnellwechsel-Modi f\u00fcr Mulchen, Absacken oder Seitenauswurf die Effizienz steigern. Er ist f\u00fcr Rasenfl\u00e4chen bis zu 800 m\u00b2 ausgelegt und bietet die Vielseitigkeit und [&hellip;]\" \/>\n<meta property=\"og:url\" content=\"https:\/\/www.kress.com\/de-lu\/60-v-rasenmaeher-kg756e-9\/\" \/>\n<meta property=\"og:site_name\" content=\"Kress\" \/>\n<meta property=\"article:modified_time\" content=\"2025-10-17T10:00:22+00:00\" \/>\n<meta property=\"og:image\" content=\"https:\/\/www.kress.com\/wp-content\/uploads\/onpage\/op_image_7961d1f7f0fb16868bdf492d6a6c76f0b4b67ee3.1980x.webp\" \/>\n\t<meta property=\"og:image:width\" content=\"1980\" \/>\n\t<meta property=\"og:image:height\" content=\"1980\" \/>\n\t<meta property=\"og:image:type\" content=\"image\/webp\" \/>\n<meta name=\"twitter:card\" content=\"summary_large_image\" \/>\n<script type=\"application\/ld+json\" class=\"yoast-schema-graph\">{\"@context\":\"https:\/\/schema.org\",\"@graph\":[{\"@type\":\"WebPage\",\"@id\":\"https:\/\/www.kress.com\/de-lu\/60-v-rasenmaeher-kg756e-9\/\",\"url\":\"https:\/\/www.kress.com\/de-lu\/60-v-rasenmaeher-kg756e-9\/\",\"name\":\"Professioneller 60-V-Rasenm\u00e4her | Kress\",\"isPartOf\":{\"@id\":\"https:\/\/www.kress.com\/de-de\/#website\"},\"primaryImageOfPage\":{\"@id\":\"https:\/\/www.kress.com\/de-lu\/60-v-rasenmaeher-kg756e-9\/#primaryimage\"},\"image\":{\"@id\":\"https:\/\/www.kress.com\/de-lu\/60-v-rasenmaeher-kg756e-9\/#primaryimage\"},\"thumbnailUrl\":\"https:\/\/www.kress.com\/wp-content\/uploads\/onpage\/op_image_7961d1f7f0fb16868bdf492d6a6c76f0b4b67ee3.1980x.webp\",\"datePublished\":\"2024-03-26T08:16:28+00:00\",\"dateModified\":\"2025-10-17T10:00:22+00:00\",\"breadcrumb\":{\"@id\":\"https:\/\/www.kress.com\/de-lu\/60-v-rasenmaeher-kg756e-9\/#breadcrumb\"},\"inLanguage\":\"de-LU\",\"potentialAction\":[{\"@type\":\"ReadAction\",\"target\":[\"https:\/\/www.kress.com\/de-lu\/60-v-rasenmaeher-kg756e-9\/\"]}]},{\"@type\":\"ImageObject\",\"inLanguage\":\"de-LU\",\"@id\":\"https:\/\/www.kress.com\/de-lu\/60-v-rasenmaeher-kg756e-9\/#primaryimage\",\"url\":\"https:\/\/www.kress.com\/wp-content\/uploads\/onpage\/op_image_7961d1f7f0fb16868bdf492d6a6c76f0b4b67ee3.1980x.webp\",\"contentUrl\":\"https:\/\/www.kress.com\/wp-content\/uploads\/onpage\/op_image_7961d1f7f0fb16868bdf492d6a6c76f0b4b67ee3.1980x.webp\",\"width\":1980,\"height\":1980},{\"@type\":\"BreadcrumbList\",\"@id\":\"https:\/\/www.kress.com\/de-lu\/60-v-rasenmaeher-kg756e-9\/#breadcrumb\",\"itemListElement\":[{\"@type\":\"ListItem\",\"position\":1,\"name\":\"Home\",\"item\":\"https:\/\/www.kress.com\/de-lu\/\"},{\"@type\":\"ListItem\",\"position\":2,\"name\":\"Produits\",\"item\":\"https:\/\/www.kress.com\/fr-fr\/shop\/\"},{\"@type\":\"ListItem\",\"position\":3,\"name\":\"60-V-Rasenm\u00e4her\"}]},{\"@type\":\"WebSite\",\"@id\":\"https:\/\/www.kress.com\/de-de\/#website\",\"url\":\"https:\/\/www.kress.com\/de-de\/\",\"name\":\"Kress\",\"description\":\"\",\"publisher\":{\"@id\":\"https:\/\/www.kress.com\/de-de\/#organization\"},\"potentialAction\":[{\"@type\":\"SearchAction\",\"target\":{\"@type\":\"EntryPoint\",\"urlTemplate\":\"https:\/\/www.kress.com\/de-de\/?s={search_term_string}\"},\"query-input\":{\"@type\":\"PropertyValueSpecification\",\"valueRequired\":true,\"valueName\":\"search_term_string\"}}],\"inLanguage\":\"de-LU\"},{\"@type\":\"Organization\",\"@id\":\"https:\/\/www.kress.com\/de-de\/#organization\",\"name\":\"Kress\",\"url\":\"https:\/\/www.kress.com\/de-de\/\",\"logo\":{\"@type\":\"ImageObject\",\"inLanguage\":\"de-LU\",\"@id\":\"https:\/\/www.kress.com\/de-de\/#\/schema\/logo\/image\/\",\"url\":\"https:\/\/www.kress.com\/wp-content\/uploads\/2024\/02\/logo.png\",\"contentUrl\":\"https:\/\/www.kress.com\/wp-content\/uploads\/2024\/02\/logo.png\",\"width\":696,\"height\":696,\"caption\":\"Kress\"},\"image\":{\"@id\":\"https:\/\/www.kress.com\/de-de\/#\/schema\/logo\/image\/\"}}]}<\/script>\n<!-- \/ Yoast SEO Premium plugin. -->","yoast_head_json":{"title":"Professioneller 60-V-Rasenm\u00e4her | Kress","robots":{"index":"index","follow":"follow","max-snippet":"max-snippet:-1","max-image-preview":"max-image-preview:large","max-video-preview":"max-video-preview:-1"},"og_locale":"de_DE","og_type":"article","og_title":"Professioneller 60-V-Rasenm\u00e4her","og_description":"Der Kress KG756E.9 ist f\u00fcr Profis gebaut, die Leistung und Haltbarkeit verlangen. Mit einem Drehmoment von 8 Nm bew\u00e4ltigt er schwierige Aufgaben mit verstopfungsfreier Pr\u00e4zision. Ein 55-Liter-Fangsack reduziert die Reinigungszeit, w\u00e4hrend die Schnellwechsel-Modi f\u00fcr Mulchen, Absacken oder Seitenauswurf die Effizienz steigern. Er ist f\u00fcr Rasenfl\u00e4chen bis zu 800 m\u00b2 ausgelegt und bietet die Vielseitigkeit und [&hellip;]","og_url":"https:\/\/www.kress.com\/de-lu\/60-v-rasenmaeher-kg756e-9\/","og_site_name":"Kress","article_modified_time":"2025-10-17T10:00:22+00:00","og_image":[{"width":1980,"height":1980,"url":"https:\/\/www.kress.com\/wp-content\/uploads\/onpage\/op_image_7961d1f7f0fb16868bdf492d6a6c76f0b4b67ee3.1980x.webp","type":"image\/webp"}],"twitter_card":"summary_large_image","schema":{"@context":"https:\/\/schema.org","@graph":[{"@type":"WebPage","@id":"https:\/\/www.kress.com\/de-lu\/60-v-rasenmaeher-kg756e-9\/","url":"https:\/\/www.kress.com\/de-lu\/60-v-rasenmaeher-kg756e-9\/","name":"Professioneller 60-V-Rasenm\u00e4her | Kress","isPartOf":{"@id":"https:\/\/www.kress.com\/de-de\/#website"},"primaryImageOfPage":{"@id":"https:\/\/www.kress.com\/de-lu\/60-v-rasenmaeher-kg756e-9\/#primaryimage"},"image":{"@id":"https:\/\/www.kress.com\/de-lu\/60-v-rasenmaeher-kg756e-9\/#primaryimage"},"thumbnailUrl":"https:\/\/www.kress.com\/wp-content\/uploads\/onpage\/op_image_7961d1f7f0fb16868bdf492d6a6c76f0b4b67ee3.1980x.webp","datePublished":"2024-03-26T08:16:28+00:00","dateModified":"2025-10-17T10:00:22+00:00","breadcrumb":{"@id":"https:\/\/www.kress.com\/de-lu\/60-v-rasenmaeher-kg756e-9\/#breadcrumb"},"inLanguage":"de-LU","potentialAction":[{"@type":"ReadAction","target":["https:\/\/www.kress.com\/de-lu\/60-v-rasenmaeher-kg756e-9\/"]}]},{"@type":"ImageObject","inLanguage":"de-LU","@id":"https:\/\/www.kress.com\/de-lu\/60-v-rasenmaeher-kg756e-9\/#primaryimage","url":"https:\/\/www.kress.com\/wp-content\/uploads\/onpage\/op_image_7961d1f7f0fb16868bdf492d6a6c76f0b4b67ee3.1980x.webp","contentUrl":"https:\/\/www.kress.com\/wp-content\/uploads\/onpage\/op_image_7961d1f7f0fb16868bdf492d6a6c76f0b4b67ee3.1980x.webp","width":1980,"height":1980},{"@type":"BreadcrumbList","@id":"https:\/\/www.kress.com\/de-lu\/60-v-rasenmaeher-kg756e-9\/#breadcrumb","itemListElement":[{"@type":"ListItem","position":1,"name":"Home","item":"https:\/\/www.kress.com\/de-lu\/"},{"@type":"ListItem","position":2,"name":"Produits","item":"https:\/\/www.kress.com\/fr-fr\/shop\/"},{"@type":"ListItem","position":3,"name":"60-V-Rasenm\u00e4her"}]},{"@type":"WebSite","@id":"https:\/\/www.kress.com\/de-de\/#website","url":"https:\/\/www.kress.com\/de-de\/","name":"Kress","description":"","publisher":{"@id":"https:\/\/www.kress.com\/de-de\/#organization"},"potentialAction":[{"@type":"SearchAction","target":{"@type":"EntryPoint","urlTemplate":"https:\/\/www.kress.com\/de-de\/?s={search_term_string}"},"query-input":{"@type":"PropertyValueSpecification","valueRequired":true,"valueName":"search_term_string"}}],"inLanguage":"de-LU"},{"@type":"Organization","@id":"https:\/\/www.kress.com\/de-de\/#organization","name":"Kress","url":"https:\/\/www.kress.com\/de-de\/","logo":{"@type":"ImageObject","inLanguage":"de-LU","@id":"https:\/\/www.kress.com\/de-de\/#\/schema\/logo\/image\/","url":"https:\/\/www.kress.com\/wp-content\/uploads\/2024\/02\/logo.png","contentUrl":"https:\/\/www.kress.com\/wp-content\/uploads\/2024\/02\/logo.png","width":696,"height":696,"caption":"Kress"},"image":{"@id":"https:\/\/www.kress.com\/de-de\/#\/schema\/logo\/image\/"}}]}},"_links":{"self":[{"href":"https:\/\/www.kress.com\/de-lu\/wp-json\/wp\/v2\/product\/33320","targetHints":{"allow":["GET"]}}],"collection":[{"href":"https:\/\/www.kress.com\/de-lu\/wp-json\/wp\/v2\/product"}],"about":[{"href":"https:\/\/www.kress.com\/de-lu\/wp-json\/wp\/v2\/types\/product"}],"wp:featuredmedia":[{"embeddable":true,"href":"https:\/\/www.kress.com\/de-lu\/wp-json\/wp\/v2\/media\/407968"}],"wp:attachment":[{"href":"https:\/\/www.kress.com\/de-lu\/wp-json\/wp\/v2\/media?parent=33320"}],"wp:term":[{"taxonomy":"product_brand","embeddable":true,"href":"https:\/\/www.kress.com\/de-lu\/wp-json\/wp\/v2\/product_brand?post=33320"},{"taxonomy":"product_cat","embeddable":true,"href":"https:\/\/www.kress.com\/de-lu\/wp-json\/wp\/v2\/product_cat?post=33320"},{"taxonomy":"product_tag","embeddable":true,"href":"https:\/\/www.kress.com\/de-lu\/wp-json\/wp\/v2\/product_tag?post=33320"}],"curies":[{"name":"wp","href":"https:\/\/api.w.org\/{rel}","templated":true}]}}