{"id":42739,"date":"2024-03-26T08:17:14","date_gmt":"2024-03-26T07:17:14","guid":{"rendered":""},"modified":"2025-10-17T10:00:22","modified_gmt":"2025-10-17T10:00:22","slug":"60-v-cybercapsule-akku-fuer-den-gewerblichen-einsatz-kac815","status":"publish","type":"product","link":"https:\/\/www.kress.com\/de-de\/60-v-cybercapsule-akku-fuer-den-gewerblichen-einsatz-kac815\/","title":{"rendered":"Handels\u00fcbliche 60 V CyberCapsule-Akku"},"content":{"rendered":"<p>Die Kress CyberCapsule ist ein kompaktes und flexibles 1,5 kWh-Energiespeichermodul zum Aufladen von Batterien, wenn keine Steckdosen zug\u00e4nglich sind. Dieses Modul bietet Landschaftsg\u00e4rtnern die Flexibilit\u00e4t, ihre Energiekapazit\u00e4t je nach Tagesbedarf anzupassen, indem sie zus\u00e4tzliche CyberCapsules mitf\u00fchren. Es kann auch als Rucksackbatterie fungieren und Werkzeuge direkt mit Strom versorgen.<\/p>\n","protected":false},"excerpt":{"rendered":"<p>Die Kress CyberCapsule ist ein kompaktes und flexibles 1,5 kWh-Energiespeichermodul zum Aufladen von Batterien, wenn keine Steckdosen zug\u00e4nglich sind. Dieses Modul bietet Landschaftsg\u00e4rtnern die Flexibilit\u00e4t, ihre Energiekapazit\u00e4t je nach Tagesbedarf anzupassen, indem sie zus\u00e4tzliche CyberCapsules mitf\u00fchren. Es kann auch als Rucksackbatterie fungieren und Werkzeuge direkt mit Strom versorgen.<\/p>\n","protected":false},"featured_media":434583,"template":"","meta":{"_acf_changed":false},"product_brand":[],"product_cat":[],"product_tag":[],"class_list":{"0":"post-42739","1":"product","2":"type-product","3":"status-publish","4":"has-post-thumbnail","7":"first","8":"instock","9":"shipping-taxable","10":"purchasable","11":"product-type-simple"},"acf":[],"yoast_head":"<!-- This site is optimized with the Yoast SEO Premium plugin v26.5 (Yoast SEO v27.0) - https:\/\/yoast.com\/product\/yoast-seo-premium-wordpress\/ -->\n<title>Handels\u00fcbliche 60 V CyberCapsule-Akku | Kress<\/title>\n<meta name=\"robots\" content=\"index, follow, max-snippet:-1, max-image-preview:large, max-video-preview:-1\" \/>\n<meta property=\"og:locale\" content=\"de_DE\" \/>\n<meta property=\"og:type\" content=\"article\" \/>\n<meta property=\"og:title\" content=\"Handels\u00fcbliche 60 V CyberCapsule-Akku\" \/>\n<meta property=\"og:description\" content=\"Die Kress CyberCapsule ist ein kompaktes und flexibles 1,5 kWh-Energiespeichermodul zum Aufladen von Batterien, wenn keine Steckdosen zug\u00e4nglich sind. Dieses Modul bietet Landschaftsg\u00e4rtnern die Flexibilit\u00e4t, ihre Energiekapazit\u00e4t je nach Tagesbedarf anzupassen, indem sie zus\u00e4tzliche CyberCapsules mitf\u00fchren. Es kann auch als Rucksackbatterie fungieren und Werkzeuge direkt mit Strom versorgen.\" \/>\n<meta property=\"og:url\" content=\"https:\/\/www.kress.com\/de-de\/60-v-cybercapsule-akku-fuer-den-gewerblichen-einsatz-kac815\/\" \/>\n<meta property=\"og:site_name\" content=\"Kress\" \/>\n<meta property=\"article:modified_time\" content=\"2025-10-17T10:00:22+00:00\" \/>\n<meta property=\"og:image\" content=\"https:\/\/www.kress.com\/wp-content\/uploads\/onpage\/op_image_dc8d590dfb79c897b7b5c6ed8271dea3d90b8690.1980x.webp\" \/>\n\t<meta property=\"og:image:width\" content=\"1980\" \/>\n\t<meta property=\"og:image:height\" content=\"1980\" \/>\n\t<meta property=\"og:image:type\" content=\"image\/webp\" \/>\n<meta name=\"twitter:card\" content=\"summary_large_image\" \/>\n<script type=\"application\/ld+json\" class=\"yoast-schema-graph\">{\"@context\":\"https:\/\/schema.org\",\"@graph\":[{\"@type\":\"WebPage\",\"@id\":\"https:\/\/www.kress.com\/de-de\/60-v-cybercapsule-akku-fuer-den-gewerblichen-einsatz-kac815\/\",\"url\":\"https:\/\/www.kress.com\/de-de\/60-v-cybercapsule-akku-fuer-den-gewerblichen-einsatz-kac815\/\",\"name\":\"Handels\u00fcbliche 60 V CyberCapsule-Akku | Kress\",\"isPartOf\":{\"@id\":\"https:\/\/www.kress.com\/de-de\/#website\"},\"primaryImageOfPage\":{\"@id\":\"https:\/\/www.kress.com\/de-de\/60-v-cybercapsule-akku-fuer-den-gewerblichen-einsatz-kac815\/#primaryimage\"},\"image\":{\"@id\":\"https:\/\/www.kress.com\/de-de\/60-v-cybercapsule-akku-fuer-den-gewerblichen-einsatz-kac815\/#primaryimage\"},\"thumbnailUrl\":\"https:\/\/www.kress.com\/wp-content\/uploads\/onpage\/op_image_dc8d590dfb79c897b7b5c6ed8271dea3d90b8690.1980x.webp\",\"datePublished\":\"2024-03-26T07:17:14+00:00\",\"dateModified\":\"2025-10-17T10:00:22+00:00\",\"breadcrumb\":{\"@id\":\"https:\/\/www.kress.com\/de-de\/60-v-cybercapsule-akku-fuer-den-gewerblichen-einsatz-kac815\/#breadcrumb\"},\"inLanguage\":\"de\",\"potentialAction\":[{\"@type\":\"ReadAction\",\"target\":[\"https:\/\/www.kress.com\/de-de\/60-v-cybercapsule-akku-fuer-den-gewerblichen-einsatz-kac815\/\"]}]},{\"@type\":\"ImageObject\",\"inLanguage\":\"de\",\"@id\":\"https:\/\/www.kress.com\/de-de\/60-v-cybercapsule-akku-fuer-den-gewerblichen-einsatz-kac815\/#primaryimage\",\"url\":\"https:\/\/www.kress.com\/wp-content\/uploads\/onpage\/op_image_dc8d590dfb79c897b7b5c6ed8271dea3d90b8690.1980x.webp\",\"contentUrl\":\"https:\/\/www.kress.com\/wp-content\/uploads\/onpage\/op_image_dc8d590dfb79c897b7b5c6ed8271dea3d90b8690.1980x.webp\",\"width\":1980,\"height\":1980},{\"@type\":\"BreadcrumbList\",\"@id\":\"https:\/\/www.kress.com\/de-de\/60-v-cybercapsule-akku-fuer-den-gewerblichen-einsatz-kac815\/#breadcrumb\",\"itemListElement\":[{\"@type\":\"ListItem\",\"position\":1,\"name\":\"Home\",\"item\":\"https:\/\/www.kress.com\/de-de\/\"},{\"@type\":\"ListItem\",\"position\":2,\"name\":\"Produits\",\"item\":\"https:\/\/www.kress.com\/fr-fr\/shop\/\"},{\"@type\":\"ListItem\",\"position\":3,\"name\":\"60 V CyberCapsule Akku f\u00fcr den gewerblichen Einsatz\"}]},{\"@type\":\"WebSite\",\"@id\":\"https:\/\/www.kress.com\/de-de\/#website\",\"url\":\"https:\/\/www.kress.com\/de-de\/\",\"name\":\"Kress\",\"description\":\"\",\"publisher\":{\"@id\":\"https:\/\/www.kress.com\/de-de\/#organization\"},\"potentialAction\":[{\"@type\":\"SearchAction\",\"target\":{\"@type\":\"EntryPoint\",\"urlTemplate\":\"https:\/\/www.kress.com\/de-de\/?s={search_term_string}\"},\"query-input\":{\"@type\":\"PropertyValueSpecification\",\"valueRequired\":true,\"valueName\":\"search_term_string\"}}],\"inLanguage\":\"de\"},{\"@type\":\"Organization\",\"@id\":\"https:\/\/www.kress.com\/de-de\/#organization\",\"name\":\"Kress\",\"url\":\"https:\/\/www.kress.com\/de-de\/\",\"logo\":{\"@type\":\"ImageObject\",\"inLanguage\":\"de\",\"@id\":\"https:\/\/www.kress.com\/de-de\/#\/schema\/logo\/image\/\",\"url\":\"https:\/\/www.kress.com\/wp-content\/uploads\/2024\/02\/logo.png\",\"contentUrl\":\"https:\/\/www.kress.com\/wp-content\/uploads\/2024\/02\/logo.png\",\"width\":696,\"height\":696,\"caption\":\"Kress\"},\"image\":{\"@id\":\"https:\/\/www.kress.com\/de-de\/#\/schema\/logo\/image\/\"}}]}<\/script>\n<!-- \/ Yoast SEO Premium plugin. -->","yoast_head_json":{"title":"Handels\u00fcbliche 60 V CyberCapsule-Akku | Kress","robots":{"index":"index","follow":"follow","max-snippet":"max-snippet:-1","max-image-preview":"max-image-preview:large","max-video-preview":"max-video-preview:-1"},"og_locale":"de_DE","og_type":"article","og_title":"Handels\u00fcbliche 60 V CyberCapsule-Akku","og_description":"Die Kress CyberCapsule ist ein kompaktes und flexibles 1,5 kWh-Energiespeichermodul zum Aufladen von Batterien, wenn keine Steckdosen zug\u00e4nglich sind. Dieses Modul bietet Landschaftsg\u00e4rtnern die Flexibilit\u00e4t, ihre Energiekapazit\u00e4t je nach Tagesbedarf anzupassen, indem sie zus\u00e4tzliche CyberCapsules mitf\u00fchren. Es kann auch als Rucksackbatterie fungieren und Werkzeuge direkt mit Strom versorgen.","og_url":"https:\/\/www.kress.com\/de-de\/60-v-cybercapsule-akku-fuer-den-gewerblichen-einsatz-kac815\/","og_site_name":"Kress","article_modified_time":"2025-10-17T10:00:22+00:00","og_image":[{"width":1980,"height":1980,"url":"https:\/\/www.kress.com\/wp-content\/uploads\/onpage\/op_image_dc8d590dfb79c897b7b5c6ed8271dea3d90b8690.1980x.webp","type":"image\/webp"}],"twitter_card":"summary_large_image","schema":{"@context":"https:\/\/schema.org","@graph":[{"@type":"WebPage","@id":"https:\/\/www.kress.com\/de-de\/60-v-cybercapsule-akku-fuer-den-gewerblichen-einsatz-kac815\/","url":"https:\/\/www.kress.com\/de-de\/60-v-cybercapsule-akku-fuer-den-gewerblichen-einsatz-kac815\/","name":"Handels\u00fcbliche 60 V CyberCapsule-Akku | Kress","isPartOf":{"@id":"https:\/\/www.kress.com\/de-de\/#website"},"primaryImageOfPage":{"@id":"https:\/\/www.kress.com\/de-de\/60-v-cybercapsule-akku-fuer-den-gewerblichen-einsatz-kac815\/#primaryimage"},"image":{"@id":"https:\/\/www.kress.com\/de-de\/60-v-cybercapsule-akku-fuer-den-gewerblichen-einsatz-kac815\/#primaryimage"},"thumbnailUrl":"https:\/\/www.kress.com\/wp-content\/uploads\/onpage\/op_image_dc8d590dfb79c897b7b5c6ed8271dea3d90b8690.1980x.webp","datePublished":"2024-03-26T07:17:14+00:00","dateModified":"2025-10-17T10:00:22+00:00","breadcrumb":{"@id":"https:\/\/www.kress.com\/de-de\/60-v-cybercapsule-akku-fuer-den-gewerblichen-einsatz-kac815\/#breadcrumb"},"inLanguage":"de","potentialAction":[{"@type":"ReadAction","target":["https:\/\/www.kress.com\/de-de\/60-v-cybercapsule-akku-fuer-den-gewerblichen-einsatz-kac815\/"]}]},{"@type":"ImageObject","inLanguage":"de","@id":"https:\/\/www.kress.com\/de-de\/60-v-cybercapsule-akku-fuer-den-gewerblichen-einsatz-kac815\/#primaryimage","url":"https:\/\/www.kress.com\/wp-content\/uploads\/onpage\/op_image_dc8d590dfb79c897b7b5c6ed8271dea3d90b8690.1980x.webp","contentUrl":"https:\/\/www.kress.com\/wp-content\/uploads\/onpage\/op_image_dc8d590dfb79c897b7b5c6ed8271dea3d90b8690.1980x.webp","width":1980,"height":1980},{"@type":"BreadcrumbList","@id":"https:\/\/www.kress.com\/de-de\/60-v-cybercapsule-akku-fuer-den-gewerblichen-einsatz-kac815\/#breadcrumb","itemListElement":[{"@type":"ListItem","position":1,"name":"Home","item":"https:\/\/www.kress.com\/de-de\/"},{"@type":"ListItem","position":2,"name":"Produits","item":"https:\/\/www.kress.com\/fr-fr\/shop\/"},{"@type":"ListItem","position":3,"name":"60 V CyberCapsule Akku f\u00fcr den gewerblichen Einsatz"}]},{"@type":"WebSite","@id":"https:\/\/www.kress.com\/de-de\/#website","url":"https:\/\/www.kress.com\/de-de\/","name":"Kress","description":"","publisher":{"@id":"https:\/\/www.kress.com\/de-de\/#organization"},"potentialAction":[{"@type":"SearchAction","target":{"@type":"EntryPoint","urlTemplate":"https:\/\/www.kress.com\/de-de\/?s={search_term_string}"},"query-input":{"@type":"PropertyValueSpecification","valueRequired":true,"valueName":"search_term_string"}}],"inLanguage":"de"},{"@type":"Organization","@id":"https:\/\/www.kress.com\/de-de\/#organization","name":"Kress","url":"https:\/\/www.kress.com\/de-de\/","logo":{"@type":"ImageObject","inLanguage":"de","@id":"https:\/\/www.kress.com\/de-de\/#\/schema\/logo\/image\/","url":"https:\/\/www.kress.com\/wp-content\/uploads\/2024\/02\/logo.png","contentUrl":"https:\/\/www.kress.com\/wp-content\/uploads\/2024\/02\/logo.png","width":696,"height":696,"caption":"Kress"},"image":{"@id":"https:\/\/www.kress.com\/de-de\/#\/schema\/logo\/image\/"}}]}},"_links":{"self":[{"href":"https:\/\/www.kress.com\/de-de\/wp-json\/wp\/v2\/product\/42739","targetHints":{"allow":["GET"]}}],"collection":[{"href":"https:\/\/www.kress.com\/de-de\/wp-json\/wp\/v2\/product"}],"about":[{"href":"https:\/\/www.kress.com\/de-de\/wp-json\/wp\/v2\/types\/product"}],"wp:featuredmedia":[{"embeddable":true,"href":"https:\/\/www.kress.com\/de-de\/wp-json\/wp\/v2\/media\/434583"}],"wp:attachment":[{"href":"https:\/\/www.kress.com\/de-de\/wp-json\/wp\/v2\/media?parent=42739"}],"wp:term":[{"taxonomy":"product_brand","embeddable":true,"href":"https:\/\/www.kress.com\/de-de\/wp-json\/wp\/v2\/product_brand?post=42739"},{"taxonomy":"product_cat","embeddable":true,"href":"https:\/\/www.kress.com\/de-de\/wp-json\/wp\/v2\/product_cat?post=42739"},{"taxonomy":"product_tag","embeddable":true,"href":"https:\/\/www.kress.com\/de-de\/wp-json\/wp\/v2\/product_tag?post=42739"}],"curies":[{"name":"wp","href":"https:\/\/api.w.org\/{rel}","templated":true}]}}