{"id":42459,"date":"2024-03-26T08:17:13","date_gmt":"2024-03-26T08:17:13","guid":{"rendered":""},"modified":"2025-10-17T10:00:22","modified_gmt":"2025-10-17T10:00:22","slug":"60-v-rasentrimmer-fuer-den-gewerblichen-einsatz-kc110-9","status":"publish","type":"product","link":"https:\/\/www.kress.com\/de-de\/60-v-rasentrimmer-fuer-den-gewerblichen-einsatz-kc110-9\/","title":{"rendered":"Gewerblicher 60-V-Grasschneider"},"content":{"rendered":"<p>Der Kress KC110 Fadentrimmer wurde f\u00fcr Landschaftsbauunternehmen und Kommunen entwickelt, die nachhaltige Praktiken in ihren Betrieb integrieren m\u00f6chten. Er zeichnet sich durch seinen strategisch platzierten Frontmotor aus, der das Gleichgewicht und die Man\u00f6vrierf\u00e4higkeit bei Pr\u00e4zisionsarbeiten im Landschaftsbau verbessert. Mit einer Leistung von 0,9 kW, die mit der eines 31-cm\u00b3-Benzinmotors konkurriert, ist der Kress-Fadentrimmer mit einem Gewicht von nur 3 kg leicht zu handhaben und erm\u00fcdet nicht. Als Teil des Kress Commercial CyberSystems bietet er High-End-Leistung mit dem Vorteil geringerer Betriebskosten im Vergleich zu Gas- und anderen Akkusystemen.<\/p>\n","protected":false},"excerpt":{"rendered":"<p>Der Kress KC110 Fadentrimmer wurde f\u00fcr Landschaftsbauunternehmen und Kommunen entwickelt, die nachhaltige Praktiken in ihren Betrieb integrieren m\u00f6chten. Er zeichnet sich durch seinen strategisch platzierten Frontmotor aus, der das Gleichgewicht und die Man\u00f6vrierf\u00e4higkeit bei Pr\u00e4zisionsarbeiten im Landschaftsbau verbessert. Mit einer Leistung von 0,9 kW, die mit der eines 31-cm\u00b3-Benzinmotors konkurriert, ist der Kress-Fadentrimmer mit einem [&hellip;]<\/p>\n","protected":false},"featured_media":410512,"template":"","meta":{"_acf_changed":false},"product_brand":[],"product_cat":[],"product_tag":[],"class_list":{"0":"post-42459","1":"product","2":"type-product","3":"status-publish","4":"has-post-thumbnail","7":"first","8":"instock","9":"shipping-taxable","10":"purchasable","11":"product-type-simple"},"acf":[],"yoast_head":"<!-- This site is optimized with the Yoast SEO Premium plugin v26.5 (Yoast SEO v27.0) - https:\/\/yoast.com\/product\/yoast-seo-premium-wordpress\/ -->\n<title>Gewerblicher 60-V-Grasschneider | Kress<\/title>\n<meta name=\"robots\" content=\"index, follow, max-snippet:-1, max-image-preview:large, max-video-preview:-1\" \/>\n<meta property=\"og:locale\" content=\"de_DE\" \/>\n<meta property=\"og:type\" content=\"article\" \/>\n<meta property=\"og:title\" content=\"Gewerblicher 60-V-Grasschneider\" \/>\n<meta property=\"og:description\" content=\"Der Kress KC110 Fadentrimmer wurde f\u00fcr Landschaftsbauunternehmen und Kommunen entwickelt, die nachhaltige Praktiken in ihren Betrieb integrieren m\u00f6chten. Er zeichnet sich durch seinen strategisch platzierten Frontmotor aus, der das Gleichgewicht und die Man\u00f6vrierf\u00e4higkeit bei Pr\u00e4zisionsarbeiten im Landschaftsbau verbessert. Mit einer Leistung von 0,9 kW, die mit der eines 31-cm\u00b3-Benzinmotors konkurriert, ist der Kress-Fadentrimmer mit einem [&hellip;]\" \/>\n<meta property=\"og:url\" content=\"https:\/\/www.kress.com\/de-de\/60-v-rasentrimmer-fuer-den-gewerblichen-einsatz-kc110-9\/\" \/>\n<meta property=\"og:site_name\" content=\"Kress\" \/>\n<meta property=\"article:modified_time\" content=\"2025-10-17T10:00:22+00:00\" \/>\n<meta property=\"og:image\" content=\"https:\/\/www.kress.com\/wp-content\/uploads\/2024\/02\/logo_long.png\" \/>\n\t<meta property=\"og:image:width\" content=\"1200\" \/>\n\t<meta property=\"og:image:height\" content=\"675\" \/>\n\t<meta property=\"og:image:type\" content=\"image\/png\" \/>\n<meta name=\"twitter:card\" content=\"summary_large_image\" \/>\n<script type=\"application\/ld+json\" class=\"yoast-schema-graph\">{\"@context\":\"https:\/\/schema.org\",\"@graph\":[{\"@type\":\"WebPage\",\"@id\":\"https:\/\/www.kress.com\/de-de\/60-v-rasentrimmer-fuer-den-gewerblichen-einsatz-kc110-9\/\",\"url\":\"https:\/\/www.kress.com\/de-de\/60-v-rasentrimmer-fuer-den-gewerblichen-einsatz-kc110-9\/\",\"name\":\"Gewerblicher 60-V-Grasschneider | Kress\",\"isPartOf\":{\"@id\":\"https:\/\/www.kress.com\/de-de\/#website\"},\"primaryImageOfPage\":{\"@id\":\"https:\/\/www.kress.com\/de-de\/60-v-rasentrimmer-fuer-den-gewerblichen-einsatz-kc110-9\/#primaryimage\"},\"image\":{\"@id\":\"https:\/\/www.kress.com\/de-de\/60-v-rasentrimmer-fuer-den-gewerblichen-einsatz-kc110-9\/#primaryimage\"},\"thumbnailUrl\":\"https:\/\/www.kress.com\/wp-content\/uploads\/onpage\/op_image_c87435c3828216f8ad999f73a61aca02a9f968c6.1980x.webp\",\"datePublished\":\"2024-03-26T08:17:13+00:00\",\"dateModified\":\"2025-10-17T10:00:22+00:00\",\"breadcrumb\":{\"@id\":\"https:\/\/www.kress.com\/de-de\/60-v-rasentrimmer-fuer-den-gewerblichen-einsatz-kc110-9\/#breadcrumb\"},\"inLanguage\":\"de\",\"potentialAction\":[{\"@type\":\"ReadAction\",\"target\":[\"https:\/\/www.kress.com\/de-de\/60-v-rasentrimmer-fuer-den-gewerblichen-einsatz-kc110-9\/\"]}]},{\"@type\":\"ImageObject\",\"inLanguage\":\"de\",\"@id\":\"https:\/\/www.kress.com\/de-de\/60-v-rasentrimmer-fuer-den-gewerblichen-einsatz-kc110-9\/#primaryimage\",\"url\":\"https:\/\/www.kress.com\/wp-content\/uploads\/onpage\/op_image_c87435c3828216f8ad999f73a61aca02a9f968c6.1980x.webp\",\"contentUrl\":\"https:\/\/www.kress.com\/wp-content\/uploads\/onpage\/op_image_c87435c3828216f8ad999f73a61aca02a9f968c6.1980x.webp\",\"width\":1980,\"height\":1980},{\"@type\":\"BreadcrumbList\",\"@id\":\"https:\/\/www.kress.com\/de-de\/60-v-rasentrimmer-fuer-den-gewerblichen-einsatz-kc110-9\/#breadcrumb\",\"itemListElement\":[{\"@type\":\"ListItem\",\"position\":1,\"name\":\"Home\",\"item\":\"https:\/\/www.kress.com\/de-de\/\"},{\"@type\":\"ListItem\",\"position\":2,\"name\":\"Produits\",\"item\":\"https:\/\/www.kress.com\/fr-fr\/shop\/\"},{\"@type\":\"ListItem\",\"position\":3,\"name\":\"60 V Rasentrimmer f\u00fcr den gewerblichen Einsatz\"}]},{\"@type\":\"WebSite\",\"@id\":\"https:\/\/www.kress.com\/de-de\/#website\",\"url\":\"https:\/\/www.kress.com\/de-de\/\",\"name\":\"Kress\",\"description\":\"\",\"publisher\":{\"@id\":\"https:\/\/www.kress.com\/de-de\/#organization\"},\"potentialAction\":[{\"@type\":\"SearchAction\",\"target\":{\"@type\":\"EntryPoint\",\"urlTemplate\":\"https:\/\/www.kress.com\/de-de\/?s={search_term_string}\"},\"query-input\":{\"@type\":\"PropertyValueSpecification\",\"valueRequired\":true,\"valueName\":\"search_term_string\"}}],\"inLanguage\":\"de\"},{\"@type\":\"Organization\",\"@id\":\"https:\/\/www.kress.com\/de-de\/#organization\",\"name\":\"Kress\",\"url\":\"https:\/\/www.kress.com\/de-de\/\",\"logo\":{\"@type\":\"ImageObject\",\"inLanguage\":\"de\",\"@id\":\"https:\/\/www.kress.com\/de-de\/#\/schema\/logo\/image\/\",\"url\":\"https:\/\/www.kress.com\/wp-content\/uploads\/2024\/02\/logo.png\",\"contentUrl\":\"https:\/\/www.kress.com\/wp-content\/uploads\/2024\/02\/logo.png\",\"width\":696,\"height\":696,\"caption\":\"Kress\"},\"image\":{\"@id\":\"https:\/\/www.kress.com\/de-de\/#\/schema\/logo\/image\/\"}}]}<\/script>\n<!-- \/ Yoast SEO Premium plugin. -->","yoast_head_json":{"title":"Gewerblicher 60-V-Grasschneider | Kress","robots":{"index":"index","follow":"follow","max-snippet":"max-snippet:-1","max-image-preview":"max-image-preview:large","max-video-preview":"max-video-preview:-1"},"og_locale":"de_DE","og_type":"article","og_title":"Gewerblicher 60-V-Grasschneider","og_description":"Der Kress KC110 Fadentrimmer wurde f\u00fcr Landschaftsbauunternehmen und Kommunen entwickelt, die nachhaltige Praktiken in ihren Betrieb integrieren m\u00f6chten. Er zeichnet sich durch seinen strategisch platzierten Frontmotor aus, der das Gleichgewicht und die Man\u00f6vrierf\u00e4higkeit bei Pr\u00e4zisionsarbeiten im Landschaftsbau verbessert. Mit einer Leistung von 0,9 kW, die mit der eines 31-cm\u00b3-Benzinmotors konkurriert, ist der Kress-Fadentrimmer mit einem [&hellip;]","og_url":"https:\/\/www.kress.com\/de-de\/60-v-rasentrimmer-fuer-den-gewerblichen-einsatz-kc110-9\/","og_site_name":"Kress","article_modified_time":"2025-10-17T10:00:22+00:00","og_image":[{"width":1200,"height":675,"url":"https:\/\/www.kress.com\/wp-content\/uploads\/2024\/02\/logo_long.png","type":"image\/png"}],"twitter_card":"summary_large_image","schema":{"@context":"https:\/\/schema.org","@graph":[{"@type":"WebPage","@id":"https:\/\/www.kress.com\/de-de\/60-v-rasentrimmer-fuer-den-gewerblichen-einsatz-kc110-9\/","url":"https:\/\/www.kress.com\/de-de\/60-v-rasentrimmer-fuer-den-gewerblichen-einsatz-kc110-9\/","name":"Gewerblicher 60-V-Grasschneider | Kress","isPartOf":{"@id":"https:\/\/www.kress.com\/de-de\/#website"},"primaryImageOfPage":{"@id":"https:\/\/www.kress.com\/de-de\/60-v-rasentrimmer-fuer-den-gewerblichen-einsatz-kc110-9\/#primaryimage"},"image":{"@id":"https:\/\/www.kress.com\/de-de\/60-v-rasentrimmer-fuer-den-gewerblichen-einsatz-kc110-9\/#primaryimage"},"thumbnailUrl":"https:\/\/www.kress.com\/wp-content\/uploads\/onpage\/op_image_c87435c3828216f8ad999f73a61aca02a9f968c6.1980x.webp","datePublished":"2024-03-26T08:17:13+00:00","dateModified":"2025-10-17T10:00:22+00:00","breadcrumb":{"@id":"https:\/\/www.kress.com\/de-de\/60-v-rasentrimmer-fuer-den-gewerblichen-einsatz-kc110-9\/#breadcrumb"},"inLanguage":"de","potentialAction":[{"@type":"ReadAction","target":["https:\/\/www.kress.com\/de-de\/60-v-rasentrimmer-fuer-den-gewerblichen-einsatz-kc110-9\/"]}]},{"@type":"ImageObject","inLanguage":"de","@id":"https:\/\/www.kress.com\/de-de\/60-v-rasentrimmer-fuer-den-gewerblichen-einsatz-kc110-9\/#primaryimage","url":"https:\/\/www.kress.com\/wp-content\/uploads\/onpage\/op_image_c87435c3828216f8ad999f73a61aca02a9f968c6.1980x.webp","contentUrl":"https:\/\/www.kress.com\/wp-content\/uploads\/onpage\/op_image_c87435c3828216f8ad999f73a61aca02a9f968c6.1980x.webp","width":1980,"height":1980},{"@type":"BreadcrumbList","@id":"https:\/\/www.kress.com\/de-de\/60-v-rasentrimmer-fuer-den-gewerblichen-einsatz-kc110-9\/#breadcrumb","itemListElement":[{"@type":"ListItem","position":1,"name":"Home","item":"https:\/\/www.kress.com\/de-de\/"},{"@type":"ListItem","position":2,"name":"Produits","item":"https:\/\/www.kress.com\/fr-fr\/shop\/"},{"@type":"ListItem","position":3,"name":"60 V Rasentrimmer f\u00fcr den gewerblichen Einsatz"}]},{"@type":"WebSite","@id":"https:\/\/www.kress.com\/de-de\/#website","url":"https:\/\/www.kress.com\/de-de\/","name":"Kress","description":"","publisher":{"@id":"https:\/\/www.kress.com\/de-de\/#organization"},"potentialAction":[{"@type":"SearchAction","target":{"@type":"EntryPoint","urlTemplate":"https:\/\/www.kress.com\/de-de\/?s={search_term_string}"},"query-input":{"@type":"PropertyValueSpecification","valueRequired":true,"valueName":"search_term_string"}}],"inLanguage":"de"},{"@type":"Organization","@id":"https:\/\/www.kress.com\/de-de\/#organization","name":"Kress","url":"https:\/\/www.kress.com\/de-de\/","logo":{"@type":"ImageObject","inLanguage":"de","@id":"https:\/\/www.kress.com\/de-de\/#\/schema\/logo\/image\/","url":"https:\/\/www.kress.com\/wp-content\/uploads\/2024\/02\/logo.png","contentUrl":"https:\/\/www.kress.com\/wp-content\/uploads\/2024\/02\/logo.png","width":696,"height":696,"caption":"Kress"},"image":{"@id":"https:\/\/www.kress.com\/de-de\/#\/schema\/logo\/image\/"}}]}},"_links":{"self":[{"href":"https:\/\/www.kress.com\/de-de\/wp-json\/wp\/v2\/product\/42459","targetHints":{"allow":["GET"]}}],"collection":[{"href":"https:\/\/www.kress.com\/de-de\/wp-json\/wp\/v2\/product"}],"about":[{"href":"https:\/\/www.kress.com\/de-de\/wp-json\/wp\/v2\/types\/product"}],"wp:featuredmedia":[{"embeddable":true,"href":"https:\/\/www.kress.com\/de-de\/wp-json\/wp\/v2\/media\/410512"}],"wp:attachment":[{"href":"https:\/\/www.kress.com\/de-de\/wp-json\/wp\/v2\/media?parent=42459"}],"wp:term":[{"taxonomy":"product_brand","embeddable":true,"href":"https:\/\/www.kress.com\/de-de\/wp-json\/wp\/v2\/product_brand?post=42459"},{"taxonomy":"product_cat","embeddable":true,"href":"https:\/\/www.kress.com\/de-de\/wp-json\/wp\/v2\/product_cat?post=42459"},{"taxonomy":"product_tag","embeddable":true,"href":"https:\/\/www.kress.com\/de-de\/wp-json\/wp\/v2\/product_tag?post=42459"}],"curies":[{"name":"wp","href":"https:\/\/api.w.org\/{rel}","templated":true}]}}