{"id":38287,"date":"2024-03-26T08:16:54","date_gmt":"2024-03-26T08:16:54","guid":{"rendered":""},"modified":"2025-10-17T10:00:22","modified_gmt":"2025-10-17T10:00:22","slug":"60-v-heckenschere-kg262-9","status":"publish","type":"product","link":"https:\/\/www.kress.com\/de-de\/60-v-heckenschere-kg262-9\/","title":{"rendered":"Professionelle 60-V-Heckenschere"},"content":{"rendered":"<p>Die akkubetriebene Heckenschere Kress Professional 60 V bietet professionelle Leistung bei geringem Ger\u00e4uschpegel und ohne Emissionen mit einer beeindruckenden Leistung von 600 W und 3400 SPM, f\u00fcr fl\u00fcssige, schnelle Schnitte von \u00c4sten bis zu 2,5 cm, die lasergeschnittenen Klingen minimieren die Besch\u00e4digung von Pflanzen, w\u00e4hrend der D-Grip-Griff optimalen Komfort und Kontrolle bietet. Der b\u00fcrstenlose Kress-Motor sorgt f\u00fcr maximale Leistung und Laufzeit, und das gummierte, ausbalancierte Design reduziert die Erm\u00fcdung bei l\u00e4ngerem Gebrauch.<\/p>\n","protected":false},"excerpt":{"rendered":"<p>Die akkubetriebene Heckenschere Kress Professional 60 V bietet professionelle Leistung bei geringem Ger\u00e4uschpegel und ohne Emissionen mit einer beeindruckenden Leistung von 600 W und 3400 SPM, f\u00fcr fl\u00fcssige, schnelle Schnitte von \u00c4sten bis zu 2,5 cm, die lasergeschnittenen Klingen minimieren die Besch\u00e4digung von Pflanzen, w\u00e4hrend der D-Grip-Griff optimalen Komfort und Kontrolle bietet. Der b\u00fcrstenlose Kress-Motor [&hellip;]<\/p>\n","protected":false},"featured_media":409456,"template":"","meta":{"_acf_changed":false},"product_brand":[],"product_cat":[],"product_tag":[],"class_list":{"0":"post-38287","1":"product","2":"type-product","3":"status-publish","4":"has-post-thumbnail","7":"first","8":"instock","9":"shipping-taxable","10":"purchasable","11":"product-type-simple"},"acf":[],"yoast_head":"<!-- This site is optimized with the Yoast SEO Premium plugin v26.5 (Yoast SEO v27.0) - https:\/\/yoast.com\/product\/yoast-seo-premium-wordpress\/ -->\n<title>Professionelle 60-V-Heckenschere | Kress<\/title>\n<meta name=\"robots\" content=\"index, follow, max-snippet:-1, max-image-preview:large, max-video-preview:-1\" \/>\n<meta property=\"og:locale\" content=\"de_DE\" \/>\n<meta property=\"og:type\" content=\"article\" \/>\n<meta property=\"og:title\" content=\"Professionelle 60-V-Heckenschere\" \/>\n<meta property=\"og:description\" content=\"Die akkubetriebene Heckenschere Kress Professional 60 V bietet professionelle Leistung bei geringem Ger\u00e4uschpegel und ohne Emissionen mit einer beeindruckenden Leistung von 600 W und 3400 SPM, f\u00fcr fl\u00fcssige, schnelle Schnitte von \u00c4sten bis zu 2,5 cm, die lasergeschnittenen Klingen minimieren die Besch\u00e4digung von Pflanzen, w\u00e4hrend der D-Grip-Griff optimalen Komfort und Kontrolle bietet. Der b\u00fcrstenlose Kress-Motor [&hellip;]\" \/>\n<meta property=\"og:url\" content=\"https:\/\/www.kress.com\/de-de\/60-v-heckenschere-kg262-9\/\" \/>\n<meta property=\"og:site_name\" content=\"Kress\" \/>\n<meta property=\"article:modified_time\" content=\"2025-10-17T10:00:22+00:00\" \/>\n<meta property=\"og:image\" content=\"https:\/\/www.kress.com\/wp-content\/uploads\/onpage\/op_image_8d4bbf02531b25bfe56c01a86327cafddcf9342e.1980x.webp\" \/>\n\t<meta property=\"og:image:width\" content=\"1980\" \/>\n\t<meta property=\"og:image:height\" content=\"1980\" \/>\n\t<meta property=\"og:image:type\" content=\"image\/webp\" \/>\n<meta name=\"twitter:card\" content=\"summary_large_image\" \/>\n<script type=\"application\/ld+json\" class=\"yoast-schema-graph\">{\"@context\":\"https:\/\/schema.org\",\"@graph\":[{\"@type\":\"WebPage\",\"@id\":\"https:\/\/www.kress.com\/de-de\/60-v-heckenschere-kg262-9\/\",\"url\":\"https:\/\/www.kress.com\/de-de\/60-v-heckenschere-kg262-9\/\",\"name\":\"Professionelle 60-V-Heckenschere | Kress\",\"isPartOf\":{\"@id\":\"https:\/\/www.kress.com\/de-de\/#website\"},\"primaryImageOfPage\":{\"@id\":\"https:\/\/www.kress.com\/de-de\/60-v-heckenschere-kg262-9\/#primaryimage\"},\"image\":{\"@id\":\"https:\/\/www.kress.com\/de-de\/60-v-heckenschere-kg262-9\/#primaryimage\"},\"thumbnailUrl\":\"https:\/\/www.kress.com\/wp-content\/uploads\/onpage\/op_image_8d4bbf02531b25bfe56c01a86327cafddcf9342e.1980x.webp\",\"datePublished\":\"2024-03-26T08:16:54+00:00\",\"dateModified\":\"2025-10-17T10:00:22+00:00\",\"breadcrumb\":{\"@id\":\"https:\/\/www.kress.com\/de-de\/60-v-heckenschere-kg262-9\/#breadcrumb\"},\"inLanguage\":\"de\",\"potentialAction\":[{\"@type\":\"ReadAction\",\"target\":[\"https:\/\/www.kress.com\/de-de\/60-v-heckenschere-kg262-9\/\"]}]},{\"@type\":\"ImageObject\",\"inLanguage\":\"de\",\"@id\":\"https:\/\/www.kress.com\/de-de\/60-v-heckenschere-kg262-9\/#primaryimage\",\"url\":\"https:\/\/www.kress.com\/wp-content\/uploads\/onpage\/op_image_8d4bbf02531b25bfe56c01a86327cafddcf9342e.1980x.webp\",\"contentUrl\":\"https:\/\/www.kress.com\/wp-content\/uploads\/onpage\/op_image_8d4bbf02531b25bfe56c01a86327cafddcf9342e.1980x.webp\",\"width\":1980,\"height\":1980},{\"@type\":\"BreadcrumbList\",\"@id\":\"https:\/\/www.kress.com\/de-de\/60-v-heckenschere-kg262-9\/#breadcrumb\",\"itemListElement\":[{\"@type\":\"ListItem\",\"position\":1,\"name\":\"Home\",\"item\":\"https:\/\/www.kress.com\/de-de\/\"},{\"@type\":\"ListItem\",\"position\":2,\"name\":\"Produits\",\"item\":\"https:\/\/www.kress.com\/fr-fr\/shop\/\"},{\"@type\":\"ListItem\",\"position\":3,\"name\":\"60-V-Heckenschere\"}]},{\"@type\":\"WebSite\",\"@id\":\"https:\/\/www.kress.com\/de-de\/#website\",\"url\":\"https:\/\/www.kress.com\/de-de\/\",\"name\":\"Kress\",\"description\":\"\",\"publisher\":{\"@id\":\"https:\/\/www.kress.com\/de-de\/#organization\"},\"potentialAction\":[{\"@type\":\"SearchAction\",\"target\":{\"@type\":\"EntryPoint\",\"urlTemplate\":\"https:\/\/www.kress.com\/de-de\/?s={search_term_string}\"},\"query-input\":{\"@type\":\"PropertyValueSpecification\",\"valueRequired\":true,\"valueName\":\"search_term_string\"}}],\"inLanguage\":\"de\"},{\"@type\":\"Organization\",\"@id\":\"https:\/\/www.kress.com\/de-de\/#organization\",\"name\":\"Kress\",\"url\":\"https:\/\/www.kress.com\/de-de\/\",\"logo\":{\"@type\":\"ImageObject\",\"inLanguage\":\"de\",\"@id\":\"https:\/\/www.kress.com\/de-de\/#\/schema\/logo\/image\/\",\"url\":\"https:\/\/www.kress.com\/wp-content\/uploads\/2024\/02\/logo.png\",\"contentUrl\":\"https:\/\/www.kress.com\/wp-content\/uploads\/2024\/02\/logo.png\",\"width\":696,\"height\":696,\"caption\":\"Kress\"},\"image\":{\"@id\":\"https:\/\/www.kress.com\/de-de\/#\/schema\/logo\/image\/\"}}]}<\/script>\n<!-- \/ Yoast SEO Premium plugin. -->","yoast_head_json":{"title":"Professionelle 60-V-Heckenschere | Kress","robots":{"index":"index","follow":"follow","max-snippet":"max-snippet:-1","max-image-preview":"max-image-preview:large","max-video-preview":"max-video-preview:-1"},"og_locale":"de_DE","og_type":"article","og_title":"Professionelle 60-V-Heckenschere","og_description":"Die akkubetriebene Heckenschere Kress Professional 60 V bietet professionelle Leistung bei geringem Ger\u00e4uschpegel und ohne Emissionen mit einer beeindruckenden Leistung von 600 W und 3400 SPM, f\u00fcr fl\u00fcssige, schnelle Schnitte von \u00c4sten bis zu 2,5 cm, die lasergeschnittenen Klingen minimieren die Besch\u00e4digung von Pflanzen, w\u00e4hrend der D-Grip-Griff optimalen Komfort und Kontrolle bietet. Der b\u00fcrstenlose Kress-Motor [&hellip;]","og_url":"https:\/\/www.kress.com\/de-de\/60-v-heckenschere-kg262-9\/","og_site_name":"Kress","article_modified_time":"2025-10-17T10:00:22+00:00","og_image":[{"width":1980,"height":1980,"url":"https:\/\/www.kress.com\/wp-content\/uploads\/onpage\/op_image_8d4bbf02531b25bfe56c01a86327cafddcf9342e.1980x.webp","type":"image\/webp"}],"twitter_card":"summary_large_image","schema":{"@context":"https:\/\/schema.org","@graph":[{"@type":"WebPage","@id":"https:\/\/www.kress.com\/de-de\/60-v-heckenschere-kg262-9\/","url":"https:\/\/www.kress.com\/de-de\/60-v-heckenschere-kg262-9\/","name":"Professionelle 60-V-Heckenschere | Kress","isPartOf":{"@id":"https:\/\/www.kress.com\/de-de\/#website"},"primaryImageOfPage":{"@id":"https:\/\/www.kress.com\/de-de\/60-v-heckenschere-kg262-9\/#primaryimage"},"image":{"@id":"https:\/\/www.kress.com\/de-de\/60-v-heckenschere-kg262-9\/#primaryimage"},"thumbnailUrl":"https:\/\/www.kress.com\/wp-content\/uploads\/onpage\/op_image_8d4bbf02531b25bfe56c01a86327cafddcf9342e.1980x.webp","datePublished":"2024-03-26T08:16:54+00:00","dateModified":"2025-10-17T10:00:22+00:00","breadcrumb":{"@id":"https:\/\/www.kress.com\/de-de\/60-v-heckenschere-kg262-9\/#breadcrumb"},"inLanguage":"de","potentialAction":[{"@type":"ReadAction","target":["https:\/\/www.kress.com\/de-de\/60-v-heckenschere-kg262-9\/"]}]},{"@type":"ImageObject","inLanguage":"de","@id":"https:\/\/www.kress.com\/de-de\/60-v-heckenschere-kg262-9\/#primaryimage","url":"https:\/\/www.kress.com\/wp-content\/uploads\/onpage\/op_image_8d4bbf02531b25bfe56c01a86327cafddcf9342e.1980x.webp","contentUrl":"https:\/\/www.kress.com\/wp-content\/uploads\/onpage\/op_image_8d4bbf02531b25bfe56c01a86327cafddcf9342e.1980x.webp","width":1980,"height":1980},{"@type":"BreadcrumbList","@id":"https:\/\/www.kress.com\/de-de\/60-v-heckenschere-kg262-9\/#breadcrumb","itemListElement":[{"@type":"ListItem","position":1,"name":"Home","item":"https:\/\/www.kress.com\/de-de\/"},{"@type":"ListItem","position":2,"name":"Produits","item":"https:\/\/www.kress.com\/fr-fr\/shop\/"},{"@type":"ListItem","position":3,"name":"60-V-Heckenschere"}]},{"@type":"WebSite","@id":"https:\/\/www.kress.com\/de-de\/#website","url":"https:\/\/www.kress.com\/de-de\/","name":"Kress","description":"","publisher":{"@id":"https:\/\/www.kress.com\/de-de\/#organization"},"potentialAction":[{"@type":"SearchAction","target":{"@type":"EntryPoint","urlTemplate":"https:\/\/www.kress.com\/de-de\/?s={search_term_string}"},"query-input":{"@type":"PropertyValueSpecification","valueRequired":true,"valueName":"search_term_string"}}],"inLanguage":"de"},{"@type":"Organization","@id":"https:\/\/www.kress.com\/de-de\/#organization","name":"Kress","url":"https:\/\/www.kress.com\/de-de\/","logo":{"@type":"ImageObject","inLanguage":"de","@id":"https:\/\/www.kress.com\/de-de\/#\/schema\/logo\/image\/","url":"https:\/\/www.kress.com\/wp-content\/uploads\/2024\/02\/logo.png","contentUrl":"https:\/\/www.kress.com\/wp-content\/uploads\/2024\/02\/logo.png","width":696,"height":696,"caption":"Kress"},"image":{"@id":"https:\/\/www.kress.com\/de-de\/#\/schema\/logo\/image\/"}}]}},"_links":{"self":[{"href":"https:\/\/www.kress.com\/de-de\/wp-json\/wp\/v2\/product\/38287","targetHints":{"allow":["GET"]}}],"collection":[{"href":"https:\/\/www.kress.com\/de-de\/wp-json\/wp\/v2\/product"}],"about":[{"href":"https:\/\/www.kress.com\/de-de\/wp-json\/wp\/v2\/types\/product"}],"wp:featuredmedia":[{"embeddable":true,"href":"https:\/\/www.kress.com\/de-de\/wp-json\/wp\/v2\/media\/409456"}],"wp:attachment":[{"href":"https:\/\/www.kress.com\/de-de\/wp-json\/wp\/v2\/media?parent=38287"}],"wp:term":[{"taxonomy":"product_brand","embeddable":true,"href":"https:\/\/www.kress.com\/de-de\/wp-json\/wp\/v2\/product_brand?post=38287"},{"taxonomy":"product_cat","embeddable":true,"href":"https:\/\/www.kress.com\/de-de\/wp-json\/wp\/v2\/product_cat?post=38287"},{"taxonomy":"product_tag","embeddable":true,"href":"https:\/\/www.kress.com\/de-de\/wp-json\/wp\/v2\/product_tag?post=38287"}],"curies":[{"name":"wp","href":"https:\/\/api.w.org\/{rel}","templated":true}]}}