{"id":38119,"date":"2024-03-26T08:16:52","date_gmt":"2024-03-26T08:16:52","guid":{"rendered":""},"modified":"2025-10-17T10:00:22","modified_gmt":"2025-10-17T10:00:22","slug":"kress-professional-heckenscherenaufsatz-ka0420","status":"publish","type":"product","link":"https:\/\/www.kress.com\/de-de\/kress-professional-heckenscherenaufsatz-ka0420\/","title":{"rendered":"Kress Professional Heckenscherenaufsatz"},"content":{"rendered":"<p>Kompatibel mit KG163.9. Dieser Heckenscherenaufsatz wurde entwickelt, um schwierige Hecken und Str\u00e4ucher mit Leichtigkeit zu bew\u00e4ltigen. Er bietet professionelle Leistung und Flexibilit\u00e4t und sorgt daf\u00fcr, dass Ihre Hecken, B\u00e4ume und Str\u00e4ucher tadellos gepflegt aussehen.<\/p>\n","protected":false},"excerpt":{"rendered":"<p>Kompatibel mit KG163.9. Dieser Heckenscherenaufsatz wurde entwickelt, um schwierige Hecken und Str\u00e4ucher mit Leichtigkeit zu bew\u00e4ltigen. Er bietet professionelle Leistung und Flexibilit\u00e4t und sorgt daf\u00fcr, dass Ihre Hecken, B\u00e4ume und Str\u00e4ucher tadellos gepflegt aussehen.<\/p>\n","protected":false},"featured_media":409312,"template":"","meta":{"_acf_changed":false},"product_brand":[],"product_cat":[],"product_tag":[],"class_list":{"0":"post-38119","1":"product","2":"type-product","3":"status-publish","4":"has-post-thumbnail","7":"first","8":"instock","9":"shipping-taxable","10":"purchasable","11":"product-type-simple"},"acf":[],"yoast_head":"<!-- This site is optimized with the Yoast SEO Premium plugin v26.5 (Yoast SEO v27.0) - https:\/\/yoast.com\/product\/yoast-seo-premium-wordpress\/ -->\n<title>Kress Professional Heckenscherenaufsatz | Kress<\/title>\n<meta name=\"robots\" content=\"index, follow, max-snippet:-1, max-image-preview:large, max-video-preview:-1\" \/>\n<meta property=\"og:locale\" content=\"de_DE\" \/>\n<meta property=\"og:type\" content=\"article\" \/>\n<meta property=\"og:title\" content=\"Kress Professional Heckenscherenaufsatz\" \/>\n<meta property=\"og:description\" content=\"Kompatibel mit KG163.9. Dieser Heckenscherenaufsatz wurde entwickelt, um schwierige Hecken und Str\u00e4ucher mit Leichtigkeit zu bew\u00e4ltigen. Er bietet professionelle Leistung und Flexibilit\u00e4t und sorgt daf\u00fcr, dass Ihre Hecken, B\u00e4ume und Str\u00e4ucher tadellos gepflegt aussehen.\" \/>\n<meta property=\"og:url\" content=\"https:\/\/www.kress.com\/de-de\/kress-professional-heckenscherenaufsatz-ka0420\/\" \/>\n<meta property=\"og:site_name\" content=\"Kress\" \/>\n<meta property=\"article:modified_time\" content=\"2025-10-17T10:00:22+00:00\" \/>\n<meta property=\"og:image\" content=\"https:\/\/www.kress.com\/wp-content\/uploads\/2024\/02\/logo_long.png\" \/>\n\t<meta property=\"og:image:width\" content=\"1200\" \/>\n\t<meta property=\"og:image:height\" content=\"675\" \/>\n\t<meta property=\"og:image:type\" content=\"image\/png\" \/>\n<meta name=\"twitter:card\" content=\"summary_large_image\" \/>\n<script type=\"application\/ld+json\" class=\"yoast-schema-graph\">{\"@context\":\"https:\/\/schema.org\",\"@graph\":[{\"@type\":\"WebPage\",\"@id\":\"https:\/\/www.kress.com\/de-de\/kress-professional-heckenscherenaufsatz-ka0420\/\",\"url\":\"https:\/\/www.kress.com\/de-de\/kress-professional-heckenscherenaufsatz-ka0420\/\",\"name\":\"Kress Professional Heckenscherenaufsatz | Kress\",\"isPartOf\":{\"@id\":\"https:\/\/www.kress.com\/de-de\/#website\"},\"primaryImageOfPage\":{\"@id\":\"https:\/\/www.kress.com\/de-de\/kress-professional-heckenscherenaufsatz-ka0420\/#primaryimage\"},\"image\":{\"@id\":\"https:\/\/www.kress.com\/de-de\/kress-professional-heckenscherenaufsatz-ka0420\/#primaryimage\"},\"thumbnailUrl\":\"https:\/\/www.kress.com\/wp-content\/uploads\/onpage\/op_image_993cfa9fca9b8f757f866b4249e3b82bf64c1f91.1980x.webp\",\"datePublished\":\"2024-03-26T08:16:52+00:00\",\"dateModified\":\"2025-10-17T10:00:22+00:00\",\"breadcrumb\":{\"@id\":\"https:\/\/www.kress.com\/de-de\/kress-professional-heckenscherenaufsatz-ka0420\/#breadcrumb\"},\"inLanguage\":\"de\",\"potentialAction\":[{\"@type\":\"ReadAction\",\"target\":[\"https:\/\/www.kress.com\/de-de\/kress-professional-heckenscherenaufsatz-ka0420\/\"]}]},{\"@type\":\"ImageObject\",\"inLanguage\":\"de\",\"@id\":\"https:\/\/www.kress.com\/de-de\/kress-professional-heckenscherenaufsatz-ka0420\/#primaryimage\",\"url\":\"https:\/\/www.kress.com\/wp-content\/uploads\/onpage\/op_image_993cfa9fca9b8f757f866b4249e3b82bf64c1f91.1980x.webp\",\"contentUrl\":\"https:\/\/www.kress.com\/wp-content\/uploads\/onpage\/op_image_993cfa9fca9b8f757f866b4249e3b82bf64c1f91.1980x.webp\",\"width\":1980,\"height\":1980},{\"@type\":\"BreadcrumbList\",\"@id\":\"https:\/\/www.kress.com\/de-de\/kress-professional-heckenscherenaufsatz-ka0420\/#breadcrumb\",\"itemListElement\":[{\"@type\":\"ListItem\",\"position\":1,\"name\":\"Home\",\"item\":\"https:\/\/www.kress.com\/de-de\/\"},{\"@type\":\"ListItem\",\"position\":2,\"name\":\"Produits\",\"item\":\"https:\/\/www.kress.com\/fr-fr\/shop\/\"},{\"@type\":\"ListItem\",\"position\":3,\"name\":\"Kress Professional Heckenscherenaufsatz\"}]},{\"@type\":\"WebSite\",\"@id\":\"https:\/\/www.kress.com\/de-de\/#website\",\"url\":\"https:\/\/www.kress.com\/de-de\/\",\"name\":\"Kress\",\"description\":\"\",\"publisher\":{\"@id\":\"https:\/\/www.kress.com\/de-de\/#organization\"},\"potentialAction\":[{\"@type\":\"SearchAction\",\"target\":{\"@type\":\"EntryPoint\",\"urlTemplate\":\"https:\/\/www.kress.com\/de-de\/?s={search_term_string}\"},\"query-input\":{\"@type\":\"PropertyValueSpecification\",\"valueRequired\":true,\"valueName\":\"search_term_string\"}}],\"inLanguage\":\"de\"},{\"@type\":\"Organization\",\"@id\":\"https:\/\/www.kress.com\/de-de\/#organization\",\"name\":\"Kress\",\"url\":\"https:\/\/www.kress.com\/de-de\/\",\"logo\":{\"@type\":\"ImageObject\",\"inLanguage\":\"de\",\"@id\":\"https:\/\/www.kress.com\/de-de\/#\/schema\/logo\/image\/\",\"url\":\"https:\/\/www.kress.com\/wp-content\/uploads\/2024\/02\/logo.png\",\"contentUrl\":\"https:\/\/www.kress.com\/wp-content\/uploads\/2024\/02\/logo.png\",\"width\":696,\"height\":696,\"caption\":\"Kress\"},\"image\":{\"@id\":\"https:\/\/www.kress.com\/de-de\/#\/schema\/logo\/image\/\"}}]}<\/script>\n<!-- \/ Yoast SEO Premium plugin. -->","yoast_head_json":{"title":"Kress Professional Heckenscherenaufsatz | Kress","robots":{"index":"index","follow":"follow","max-snippet":"max-snippet:-1","max-image-preview":"max-image-preview:large","max-video-preview":"max-video-preview:-1"},"og_locale":"de_DE","og_type":"article","og_title":"Kress Professional Heckenscherenaufsatz","og_description":"Kompatibel mit KG163.9. Dieser Heckenscherenaufsatz wurde entwickelt, um schwierige Hecken und Str\u00e4ucher mit Leichtigkeit zu bew\u00e4ltigen. Er bietet professionelle Leistung und Flexibilit\u00e4t und sorgt daf\u00fcr, dass Ihre Hecken, B\u00e4ume und Str\u00e4ucher tadellos gepflegt aussehen.","og_url":"https:\/\/www.kress.com\/de-de\/kress-professional-heckenscherenaufsatz-ka0420\/","og_site_name":"Kress","article_modified_time":"2025-10-17T10:00:22+00:00","og_image":[{"width":1200,"height":675,"url":"https:\/\/www.kress.com\/wp-content\/uploads\/2024\/02\/logo_long.png","type":"image\/png"}],"twitter_card":"summary_large_image","schema":{"@context":"https:\/\/schema.org","@graph":[{"@type":"WebPage","@id":"https:\/\/www.kress.com\/de-de\/kress-professional-heckenscherenaufsatz-ka0420\/","url":"https:\/\/www.kress.com\/de-de\/kress-professional-heckenscherenaufsatz-ka0420\/","name":"Kress Professional Heckenscherenaufsatz | Kress","isPartOf":{"@id":"https:\/\/www.kress.com\/de-de\/#website"},"primaryImageOfPage":{"@id":"https:\/\/www.kress.com\/de-de\/kress-professional-heckenscherenaufsatz-ka0420\/#primaryimage"},"image":{"@id":"https:\/\/www.kress.com\/de-de\/kress-professional-heckenscherenaufsatz-ka0420\/#primaryimage"},"thumbnailUrl":"https:\/\/www.kress.com\/wp-content\/uploads\/onpage\/op_image_993cfa9fca9b8f757f866b4249e3b82bf64c1f91.1980x.webp","datePublished":"2024-03-26T08:16:52+00:00","dateModified":"2025-10-17T10:00:22+00:00","breadcrumb":{"@id":"https:\/\/www.kress.com\/de-de\/kress-professional-heckenscherenaufsatz-ka0420\/#breadcrumb"},"inLanguage":"de","potentialAction":[{"@type":"ReadAction","target":["https:\/\/www.kress.com\/de-de\/kress-professional-heckenscherenaufsatz-ka0420\/"]}]},{"@type":"ImageObject","inLanguage":"de","@id":"https:\/\/www.kress.com\/de-de\/kress-professional-heckenscherenaufsatz-ka0420\/#primaryimage","url":"https:\/\/www.kress.com\/wp-content\/uploads\/onpage\/op_image_993cfa9fca9b8f757f866b4249e3b82bf64c1f91.1980x.webp","contentUrl":"https:\/\/www.kress.com\/wp-content\/uploads\/onpage\/op_image_993cfa9fca9b8f757f866b4249e3b82bf64c1f91.1980x.webp","width":1980,"height":1980},{"@type":"BreadcrumbList","@id":"https:\/\/www.kress.com\/de-de\/kress-professional-heckenscherenaufsatz-ka0420\/#breadcrumb","itemListElement":[{"@type":"ListItem","position":1,"name":"Home","item":"https:\/\/www.kress.com\/de-de\/"},{"@type":"ListItem","position":2,"name":"Produits","item":"https:\/\/www.kress.com\/fr-fr\/shop\/"},{"@type":"ListItem","position":3,"name":"Kress Professional Heckenscherenaufsatz"}]},{"@type":"WebSite","@id":"https:\/\/www.kress.com\/de-de\/#website","url":"https:\/\/www.kress.com\/de-de\/","name":"Kress","description":"","publisher":{"@id":"https:\/\/www.kress.com\/de-de\/#organization"},"potentialAction":[{"@type":"SearchAction","target":{"@type":"EntryPoint","urlTemplate":"https:\/\/www.kress.com\/de-de\/?s={search_term_string}"},"query-input":{"@type":"PropertyValueSpecification","valueRequired":true,"valueName":"search_term_string"}}],"inLanguage":"de"},{"@type":"Organization","@id":"https:\/\/www.kress.com\/de-de\/#organization","name":"Kress","url":"https:\/\/www.kress.com\/de-de\/","logo":{"@type":"ImageObject","inLanguage":"de","@id":"https:\/\/www.kress.com\/de-de\/#\/schema\/logo\/image\/","url":"https:\/\/www.kress.com\/wp-content\/uploads\/2024\/02\/logo.png","contentUrl":"https:\/\/www.kress.com\/wp-content\/uploads\/2024\/02\/logo.png","width":696,"height":696,"caption":"Kress"},"image":{"@id":"https:\/\/www.kress.com\/de-de\/#\/schema\/logo\/image\/"}}]}},"_links":{"self":[{"href":"https:\/\/www.kress.com\/de-de\/wp-json\/wp\/v2\/product\/38119","targetHints":{"allow":["GET"]}}],"collection":[{"href":"https:\/\/www.kress.com\/de-de\/wp-json\/wp\/v2\/product"}],"about":[{"href":"https:\/\/www.kress.com\/de-de\/wp-json\/wp\/v2\/types\/product"}],"wp:featuredmedia":[{"embeddable":true,"href":"https:\/\/www.kress.com\/de-de\/wp-json\/wp\/v2\/media\/409312"}],"wp:attachment":[{"href":"https:\/\/www.kress.com\/de-de\/wp-json\/wp\/v2\/media?parent=38119"}],"wp:term":[{"taxonomy":"product_brand","embeddable":true,"href":"https:\/\/www.kress.com\/de-de\/wp-json\/wp\/v2\/product_brand?post=38119"},{"taxonomy":"product_cat","embeddable":true,"href":"https:\/\/www.kress.com\/de-de\/wp-json\/wp\/v2\/product_cat?post=38119"},{"taxonomy":"product_tag","embeddable":true,"href":"https:\/\/www.kress.com\/de-de\/wp-json\/wp\/v2\/product_tag?post=38119"}],"curies":[{"name":"wp","href":"https:\/\/api.w.org\/{rel}","templated":true}]}}