{"id":35767,"date":"2024-03-26T08:16:41","date_gmt":"2024-03-26T08:16:41","guid":{"rendered":""},"modified":"2025-10-17T10:00:22","modified_gmt":"2025-10-17T10:00:22","slug":"kress-20-v-max-cordless-brushless-60-nm-2-gang-bohrschrauber-13-mm-skin-kua71-91","status":"publish","type":"product","link":"https:\/\/www.kress.com\/de-de\/kress-20-v-max-cordless-brushless-60-nm-2-gang-bohrschrauber-13-mm-skin-kua71-91\/","title":{"rendered":"Kress 20 V Max Cordless Brushless 60 Nm 2-Gang-Bohrschrauber 13 mm Skin"},"content":{"rendered":"<p>Der Kress KUA71 20 V 60 Nm 13 mm Bohrschrauber ist mit innovativer b\u00fcrstenloser Technologie ausgestattet, die eine kompaktere Bauweise, eine bis zu 10-fach l\u00e4ngere Motorlebensdauer und eine um 50 % l\u00e4ngere Laufzeit erm\u00f6glicht. Er ist f\u00fcr hohe Effizienz und Pr\u00e4zision ausgelegt. Er verf\u00fcgt \u00fcber ein robustes 13-mm-Metallbohrfutter, eine variable 2-Gang-Einstellung, ein maximales Drehmoment von 60 Nm und 18+1 Kupplungspositionen. Mit einer kompakten L\u00e4nge von 165 mm ist der KUA71 ideal f\u00fcr den Zugang zu engen Ecken und verf\u00fcgt \u00fcber ein LED-Licht f\u00fcr schlecht beleuchtete Bereiche. Er eignet sich f\u00fcr Bohrungen in Holz, Metall, Kunststoff und andere Schraubarbeiten und bietet durch sein ergonomisches Design eine bessere Kontrolle. Verpackt in einem robusten, stapelbaren Koffer f\u00fcr einfachen Transport und Lagerung.<\/p>\n","protected":false},"excerpt":{"rendered":"<p>Der Kress KUA71 20 V 60 Nm 13 mm Bohrschrauber ist mit innovativer b\u00fcrstenloser Technologie ausgestattet, die eine kompaktere Bauweise, eine bis zu 10-fach l\u00e4ngere Motorlebensdauer und eine um 50 % l\u00e4ngere Laufzeit erm\u00f6glicht. Er ist f\u00fcr hohe Effizienz und Pr\u00e4zision ausgelegt. Er verf\u00fcgt \u00fcber ein robustes 13-mm-Metallbohrfutter, eine variable 2-Gang-Einstellung, ein maximales Drehmoment von [&hellip;]<\/p>\n","protected":false},"featured_media":0,"template":"","meta":{"_acf_changed":false},"product_brand":[],"product_cat":[],"product_tag":[],"class_list":{"0":"post-35767","1":"product","2":"type-product","3":"status-publish","6":"first","7":"instock","8":"shipping-taxable","9":"product-type-simple"},"acf":[],"yoast_head":"<!-- This site is optimized with the Yoast SEO Premium plugin v26.5 (Yoast SEO v27.0) - https:\/\/yoast.com\/product\/yoast-seo-premium-wordpress\/ -->\n<title>Kress 20 V Max Cordless Brushless 60 Nm 2-Gang-Bohrschrauber 13 mm Skin | Kress<\/title>\n<meta name=\"robots\" content=\"index, follow, max-snippet:-1, max-image-preview:large, max-video-preview:-1\" \/>\n<meta property=\"og:locale\" content=\"de_DE\" \/>\n<meta property=\"og:type\" content=\"article\" \/>\n<meta property=\"og:title\" content=\"Kress 20 V Max Cordless Brushless 60 Nm 2-Gang-Bohrschrauber 13 mm Skin\" \/>\n<meta property=\"og:description\" content=\"Der Kress KUA71 20 V 60 Nm 13 mm Bohrschrauber ist mit innovativer b\u00fcrstenloser Technologie ausgestattet, die eine kompaktere Bauweise, eine bis zu 10-fach l\u00e4ngere Motorlebensdauer und eine um 50 % l\u00e4ngere Laufzeit erm\u00f6glicht. Er ist f\u00fcr hohe Effizienz und Pr\u00e4zision ausgelegt. Er verf\u00fcgt \u00fcber ein robustes 13-mm-Metallbohrfutter, eine variable 2-Gang-Einstellung, ein maximales Drehmoment von [&hellip;]\" \/>\n<meta property=\"og:url\" content=\"https:\/\/www.kress.com\/de-de\/kress-20-v-max-cordless-brushless-60-nm-2-gang-bohrschrauber-13-mm-skin-kua71-91\/\" \/>\n<meta property=\"og:site_name\" content=\"Kress\" \/>\n<meta property=\"article:modified_time\" content=\"2025-10-17T10:00:22+00:00\" \/>\n<meta property=\"og:image\" content=\"https:\/\/www.kress.com\/wp-content\/uploads\/2024\/02\/logo_long.png\" \/>\n\t<meta property=\"og:image:width\" content=\"1200\" \/>\n\t<meta property=\"og:image:height\" content=\"675\" \/>\n\t<meta property=\"og:image:type\" content=\"image\/png\" \/>\n<meta name=\"twitter:card\" content=\"summary_large_image\" \/>\n<meta name=\"twitter:label1\" content=\"Gesch\u00e4tzte Lesezeit\" \/>\n\t<meta name=\"twitter:data1\" content=\"1\u00a0Minute\" \/>\n<script type=\"application\/ld+json\" class=\"yoast-schema-graph\">{\"@context\":\"https:\/\/schema.org\",\"@graph\":[{\"@type\":\"WebPage\",\"@id\":\"https:\/\/www.kress.com\/de-de\/kress-20-v-max-cordless-brushless-60-nm-2-gang-bohrschrauber-13-mm-skin-kua71-91\/\",\"url\":\"https:\/\/www.kress.com\/de-de\/kress-20-v-max-cordless-brushless-60-nm-2-gang-bohrschrauber-13-mm-skin-kua71-91\/\",\"name\":\"Kress 20 V Max Cordless Brushless 60 Nm 2-Gang-Bohrschrauber 13 mm Skin | Kress\",\"isPartOf\":{\"@id\":\"https:\/\/www.kress.com\/de-de\/#website\"},\"datePublished\":\"2024-03-26T08:16:41+00:00\",\"dateModified\":\"2025-10-17T10:00:22+00:00\",\"breadcrumb\":{\"@id\":\"https:\/\/www.kress.com\/de-de\/kress-20-v-max-cordless-brushless-60-nm-2-gang-bohrschrauber-13-mm-skin-kua71-91\/#breadcrumb\"},\"inLanguage\":\"de\",\"potentialAction\":[{\"@type\":\"ReadAction\",\"target\":[\"https:\/\/www.kress.com\/de-de\/kress-20-v-max-cordless-brushless-60-nm-2-gang-bohrschrauber-13-mm-skin-kua71-91\/\"]}]},{\"@type\":\"BreadcrumbList\",\"@id\":\"https:\/\/www.kress.com\/de-de\/kress-20-v-max-cordless-brushless-60-nm-2-gang-bohrschrauber-13-mm-skin-kua71-91\/#breadcrumb\",\"itemListElement\":[{\"@type\":\"ListItem\",\"position\":1,\"name\":\"Home\",\"item\":\"https:\/\/www.kress.com\/de-de\/\"},{\"@type\":\"ListItem\",\"position\":2,\"name\":\"Produits\",\"item\":\"https:\/\/www.kress.com\/fr-fr\/shop\/\"},{\"@type\":\"ListItem\",\"position\":3,\"name\":\"Kress 20 V Max Cordless Brushless 60 Nm 2-Gang-Bohrschrauber 13 mm Skin\"}]},{\"@type\":\"WebSite\",\"@id\":\"https:\/\/www.kress.com\/de-de\/#website\",\"url\":\"https:\/\/www.kress.com\/de-de\/\",\"name\":\"Kress\",\"description\":\"\",\"publisher\":{\"@id\":\"https:\/\/www.kress.com\/de-de\/#organization\"},\"potentialAction\":[{\"@type\":\"SearchAction\",\"target\":{\"@type\":\"EntryPoint\",\"urlTemplate\":\"https:\/\/www.kress.com\/de-de\/?s={search_term_string}\"},\"query-input\":{\"@type\":\"PropertyValueSpecification\",\"valueRequired\":true,\"valueName\":\"search_term_string\"}}],\"inLanguage\":\"de\"},{\"@type\":\"Organization\",\"@id\":\"https:\/\/www.kress.com\/de-de\/#organization\",\"name\":\"Kress\",\"url\":\"https:\/\/www.kress.com\/de-de\/\",\"logo\":{\"@type\":\"ImageObject\",\"inLanguage\":\"de\",\"@id\":\"https:\/\/www.kress.com\/de-de\/#\/schema\/logo\/image\/\",\"url\":\"https:\/\/www.kress.com\/wp-content\/uploads\/2024\/02\/logo.png\",\"contentUrl\":\"https:\/\/www.kress.com\/wp-content\/uploads\/2024\/02\/logo.png\",\"width\":696,\"height\":696,\"caption\":\"Kress\"},\"image\":{\"@id\":\"https:\/\/www.kress.com\/de-de\/#\/schema\/logo\/image\/\"}}]}<\/script>\n<!-- \/ Yoast SEO Premium plugin. -->","yoast_head_json":{"title":"Kress 20 V Max Cordless Brushless 60 Nm 2-Gang-Bohrschrauber 13 mm Skin | Kress","robots":{"index":"index","follow":"follow","max-snippet":"max-snippet:-1","max-image-preview":"max-image-preview:large","max-video-preview":"max-video-preview:-1"},"og_locale":"de_DE","og_type":"article","og_title":"Kress 20 V Max Cordless Brushless 60 Nm 2-Gang-Bohrschrauber 13 mm Skin","og_description":"Der Kress KUA71 20 V 60 Nm 13 mm Bohrschrauber ist mit innovativer b\u00fcrstenloser Technologie ausgestattet, die eine kompaktere Bauweise, eine bis zu 10-fach l\u00e4ngere Motorlebensdauer und eine um 50 % l\u00e4ngere Laufzeit erm\u00f6glicht. Er ist f\u00fcr hohe Effizienz und Pr\u00e4zision ausgelegt. Er verf\u00fcgt \u00fcber ein robustes 13-mm-Metallbohrfutter, eine variable 2-Gang-Einstellung, ein maximales Drehmoment von [&hellip;]","og_url":"https:\/\/www.kress.com\/de-de\/kress-20-v-max-cordless-brushless-60-nm-2-gang-bohrschrauber-13-mm-skin-kua71-91\/","og_site_name":"Kress","article_modified_time":"2025-10-17T10:00:22+00:00","og_image":[{"width":1200,"height":675,"url":"https:\/\/www.kress.com\/wp-content\/uploads\/2024\/02\/logo_long.png","type":"image\/png"}],"twitter_card":"summary_large_image","twitter_misc":{"Gesch\u00e4tzte Lesezeit":"1\u00a0Minute"},"schema":{"@context":"https:\/\/schema.org","@graph":[{"@type":"WebPage","@id":"https:\/\/www.kress.com\/de-de\/kress-20-v-max-cordless-brushless-60-nm-2-gang-bohrschrauber-13-mm-skin-kua71-91\/","url":"https:\/\/www.kress.com\/de-de\/kress-20-v-max-cordless-brushless-60-nm-2-gang-bohrschrauber-13-mm-skin-kua71-91\/","name":"Kress 20 V Max Cordless Brushless 60 Nm 2-Gang-Bohrschrauber 13 mm Skin | Kress","isPartOf":{"@id":"https:\/\/www.kress.com\/de-de\/#website"},"datePublished":"2024-03-26T08:16:41+00:00","dateModified":"2025-10-17T10:00:22+00:00","breadcrumb":{"@id":"https:\/\/www.kress.com\/de-de\/kress-20-v-max-cordless-brushless-60-nm-2-gang-bohrschrauber-13-mm-skin-kua71-91\/#breadcrumb"},"inLanguage":"de","potentialAction":[{"@type":"ReadAction","target":["https:\/\/www.kress.com\/de-de\/kress-20-v-max-cordless-brushless-60-nm-2-gang-bohrschrauber-13-mm-skin-kua71-91\/"]}]},{"@type":"BreadcrumbList","@id":"https:\/\/www.kress.com\/de-de\/kress-20-v-max-cordless-brushless-60-nm-2-gang-bohrschrauber-13-mm-skin-kua71-91\/#breadcrumb","itemListElement":[{"@type":"ListItem","position":1,"name":"Home","item":"https:\/\/www.kress.com\/de-de\/"},{"@type":"ListItem","position":2,"name":"Produits","item":"https:\/\/www.kress.com\/fr-fr\/shop\/"},{"@type":"ListItem","position":3,"name":"Kress 20 V Max Cordless Brushless 60 Nm 2-Gang-Bohrschrauber 13 mm Skin"}]},{"@type":"WebSite","@id":"https:\/\/www.kress.com\/de-de\/#website","url":"https:\/\/www.kress.com\/de-de\/","name":"Kress","description":"","publisher":{"@id":"https:\/\/www.kress.com\/de-de\/#organization"},"potentialAction":[{"@type":"SearchAction","target":{"@type":"EntryPoint","urlTemplate":"https:\/\/www.kress.com\/de-de\/?s={search_term_string}"},"query-input":{"@type":"PropertyValueSpecification","valueRequired":true,"valueName":"search_term_string"}}],"inLanguage":"de"},{"@type":"Organization","@id":"https:\/\/www.kress.com\/de-de\/#organization","name":"Kress","url":"https:\/\/www.kress.com\/de-de\/","logo":{"@type":"ImageObject","inLanguage":"de","@id":"https:\/\/www.kress.com\/de-de\/#\/schema\/logo\/image\/","url":"https:\/\/www.kress.com\/wp-content\/uploads\/2024\/02\/logo.png","contentUrl":"https:\/\/www.kress.com\/wp-content\/uploads\/2024\/02\/logo.png","width":696,"height":696,"caption":"Kress"},"image":{"@id":"https:\/\/www.kress.com\/de-de\/#\/schema\/logo\/image\/"}}]}},"_links":{"self":[{"href":"https:\/\/www.kress.com\/de-de\/wp-json\/wp\/v2\/product\/35767","targetHints":{"allow":["GET"]}}],"collection":[{"href":"https:\/\/www.kress.com\/de-de\/wp-json\/wp\/v2\/product"}],"about":[{"href":"https:\/\/www.kress.com\/de-de\/wp-json\/wp\/v2\/types\/product"}],"wp:attachment":[{"href":"https:\/\/www.kress.com\/de-de\/wp-json\/wp\/v2\/media?parent=35767"}],"wp:term":[{"taxonomy":"product_brand","embeddable":true,"href":"https:\/\/www.kress.com\/de-de\/wp-json\/wp\/v2\/product_brand?post=35767"},{"taxonomy":"product_cat","embeddable":true,"href":"https:\/\/www.kress.com\/de-de\/wp-json\/wp\/v2\/product_cat?post=35767"},{"taxonomy":"product_tag","embeddable":true,"href":"https:\/\/www.kress.com\/de-de\/wp-json\/wp\/v2\/product_tag?post=35767"}],"curies":[{"name":"wp","href":"https:\/\/api.w.org\/{rel}","templated":true}]}}